{"id":33422,"date":"2026-04-22T17:07:44","date_gmt":"2026-04-22T23:07:44","guid":{"rendered":"https:\/\/mivoot.com\/gt\/?post_type=product&#038;p=33422"},"modified":"2026-04-22T17:07:44","modified_gmt":"2026-04-22T23:07:44","slug":"bobina-de-cable-de-upt-cat6-interior-305m-gris-nextstar","status":"publish","type":"product","link":"https:\/\/mivoot.com\/gt\/producto\/bobina-de-cable-de-upt-cat6-interior-305m-gris-nextstar\/","title":{"rendered":"Bobina de Cable de UPT CAT6 Interior 305m Gris NextStar"},"content":{"rendered":"<h1 style=\"text-align: center;\">Bobina de Cable de UPT CAT6 Interior 305m Gris NextStar<\/h1>\n<p>La Bobina de Cable de Red NextStar CAT6 est\u00e1 dise\u00f1ada para ofrecer un rendimiento superior en redes de alta velocidad. Con capacidad para soportar velocidades de hasta 1 Gbps y frecuencias de 250 MHz, este cable UTP es ideal para entornos de oficina, empresas y hogares que requieren conexiones estables y confiables. Su construcci\u00f3n de alta calidad garantiza una transmisi\u00f3n de datos eficiente, libre de interferencias, y su longitud generosa te permite una instalaci\u00f3n flexible en grandes distancias. Perfecto para redes LAN, sistemas de videovigilancia y m\u00e1s.<\/p>\n","protected":false},"excerpt":{"rendered":"<p>&#8211; Bobina de Cable UTP CAT6<br \/>\n&#8211; 4 pares trenzados de cobre s\u00f3lido<br \/>\n&#8211; 305m Longitud del Cable<br \/>\n&#8211; 23 AWG Calibre del Cable<br \/>\n&#8211; Uso interior<br \/>\n&#8211; Pulido: 23AWG<br \/>\n&#8211; Chaqueta de PVC<br \/>\n&#8211; Aislamiento de poli\u00e9ster 0.9mm<br \/>\n&#8211; Conductor Revestido en Aluminio de Cobre<br \/>\n&#8211; Cable Revestido en Pl\u00e1stico PVC<\/p>\n","protected":false},"featured_media":33424,"comment_status":"open","ping_status":"closed","template":"","meta":{"jetpack_publicize_message":"","jetpack_publicize_feature_enabled":true,"jetpack_social_post_already_shared":true,"jetpack_social_options":{"image_generator_settings":{"template":"highway","default_image_id":0,"font":"","enabled":false},"version":2}},"pwb-brand":[680],"product_brand":[],"product_cat":[644],"product_tag":[],"class_list":{"0":"post-33422","1":"product","2":"type-product","3":"status-publish","4":"has-post-thumbnail","6":"pwb-brand-nextstar","7":"product_cat-cables-para-red-y-conexiones","9":"first","10":"instock","11":"taxable","12":"shipping-taxable","13":"product-type-simple"},"yoast_head":"<!-- This site is optimized with the Yoast SEO Premium plugin v25.7.1 (Yoast SEO v26.8) - https:\/\/yoast.com\/product\/yoast-seo-premium-wordpress\/ -->\n<title>Bobina de Cable de UPT CAT6 Interior 305m Gris NextStar - Mivoot<\/title>\n<meta name=\"robots\" content=\"index, follow, max-snippet:-1, max-image-preview:large, max-video-preview:-1\" \/>\n<link rel=\"canonical\" href=\"https:\/\/mivoot.com\/gt\/producto\/bobina-de-cable-de-upt-cat6-interior-305m-gris-nextstar\/\" \/>\n<meta property=\"og:locale\" content=\"es_ES\" \/>\n<meta property=\"og:type\" content=\"article\" \/>\n<meta property=\"og:title\" content=\"Bobina de Cable de UPT CAT6 Interior 305m Gris NextStar\" \/>\n<meta property=\"og:description\" content=\"- Bobina de Cable UTP CAT6 - 4 pares trenzados de cobre s\u00f3lido - 305m Longitud del Cable - 23 AWG Calibre del Cable - Uso interior - Pulido: 23AWG - Chaqueta de PVC - Aislamiento de poli\u00e9ster 0.9mm  - Conductor Revestido en Aluminio de Cobre - Cable Revestido en Pl\u00e1stico PVC\" \/>\n<meta property=\"og:url\" content=\"https:\/\/mivoot.com\/gt\/producto\/bobina-de-cable-de-upt-cat6-interior-305m-gris-nextstar\/\" \/>\n<meta property=\"og:site_name\" content=\"Mivoot\" \/>\n<meta property=\"article:publisher\" content=\"https:\/\/www.facebook.com\/mivootgt\" \/>\n<meta property=\"og:image\" content=\"https:\/\/mivoot.com\/gt\/wp-content\/uploads\/2026\/04\/71R007-0.jpg\" \/>\n\t<meta property=\"og:image:width\" content=\"800\" \/>\n\t<meta property=\"og:image:height\" content=\"800\" \/>\n\t<meta property=\"og:image:type\" content=\"image\/jpeg\" \/>\n<meta name=\"twitter:card\" content=\"summary_large_image\" \/>\n<meta name=\"twitter:label1\" content=\"Est. reading time\" \/>\n\t<meta name=\"twitter:data1\" content=\"1 minuto\" \/>\n<script type=\"application\/ld+json\" class=\"yoast-schema-graph\">{\"@context\":\"https:\/\/schema.org\",\"@graph\":[{\"@type\":\"WebPage\",\"@id\":\"https:\/\/mivoot.com\/gt\/producto\/bobina-de-cable-de-upt-cat6-interior-305m-gris-nextstar\/\",\"url\":\"https:\/\/mivoot.com\/gt\/producto\/bobina-de-cable-de-upt-cat6-interior-305m-gris-nextstar\/\",\"name\":\"Bobina de Cable de UPT CAT6 Interior 305m Gris NextStar - Mivoot\",\"isPartOf\":{\"@id\":\"https:\/\/mivoot.com\/gt\/#website\"},\"primaryImageOfPage\":{\"@id\":\"https:\/\/mivoot.com\/gt\/producto\/bobina-de-cable-de-upt-cat6-interior-305m-gris-nextstar\/#primaryimage\"},\"image\":{\"@id\":\"https:\/\/mivoot.com\/gt\/producto\/bobina-de-cable-de-upt-cat6-interior-305m-gris-nextstar\/#primaryimage\"},\"thumbnailUrl\":\"https:\/\/mivoot.com\/gt\/wp-content\/uploads\/2026\/04\/71R007-0.jpg\",\"datePublished\":\"2026-04-22T23:07:44+00:00\",\"breadcrumb\":{\"@id\":\"https:\/\/mivoot.com\/gt\/producto\/bobina-de-cable-de-upt-cat6-interior-305m-gris-nextstar\/#breadcrumb\"},\"inLanguage\":\"es\",\"potentialAction\":[{\"@type\":\"ReadAction\",\"target\":[\"https:\/\/mivoot.com\/gt\/producto\/bobina-de-cable-de-upt-cat6-interior-305m-gris-nextstar\/\"]}]},{\"@type\":\"ImageObject\",\"inLanguage\":\"es\",\"@id\":\"https:\/\/mivoot.com\/gt\/producto\/bobina-de-cable-de-upt-cat6-interior-305m-gris-nextstar\/#primaryimage\",\"url\":\"https:\/\/mivoot.com\/gt\/wp-content\/uploads\/2026\/04\/71R007-0.jpg\",\"contentUrl\":\"https:\/\/mivoot.com\/gt\/wp-content\/uploads\/2026\/04\/71R007-0.jpg\",\"width\":800,\"height\":800},{\"@type\":\"BreadcrumbList\",\"@id\":\"https:\/\/mivoot.com\/gt\/producto\/bobina-de-cable-de-upt-cat6-interior-305m-gris-nextstar\/#breadcrumb\",\"itemListElement\":[{\"@type\":\"ListItem\",\"position\":1,\"name\":\"Inicio\",\"item\":\"https:\/\/mivoot.com\/gt\/\"},{\"@type\":\"ListItem\",\"position\":2,\"name\":\"Productos\",\"item\":\"https:\/\/mivoot.com\/gt\/producto\/\"},{\"@type\":\"ListItem\",\"position\":3,\"name\":\"NextStar\",\"item\":\"https:\/\/mivoot.com\/gt\/marca\/nextstar\/\"},{\"@type\":\"ListItem\",\"position\":4,\"name\":\"Bobina de Cable de UPT CAT6 Interior 305m Gris NextStar\"}]},{\"@type\":\"WebSite\",\"@id\":\"https:\/\/mivoot.com\/gt\/#website\",\"url\":\"https:\/\/mivoot.com\/gt\/\",\"name\":\"Mivoot\",\"description\":\"Mivoot Guatemala | Tienda Online\",\"publisher\":{\"@id\":\"https:\/\/mivoot.com\/gt\/#organization\"},\"alternateName\":\"mivoot\",\"potentialAction\":[{\"@type\":\"SearchAction\",\"target\":{\"@type\":\"EntryPoint\",\"urlTemplate\":\"https:\/\/mivoot.com\/gt\/?s={search_term_string}\"},\"query-input\":{\"@type\":\"PropertyValueSpecification\",\"valueRequired\":true,\"valueName\":\"search_term_string\"}}],\"inLanguage\":\"es\"},{\"@type\":\"Organization\",\"@id\":\"https:\/\/mivoot.com\/gt\/#organization\",\"name\":\"Mivoot Guatemala\",\"alternateName\":\"mivoot.com\",\"url\":\"https:\/\/mivoot.com\/gt\/\",\"logo\":{\"@type\":\"ImageObject\",\"inLanguage\":\"es\",\"@id\":\"https:\/\/mivoot.com\/gt\/#\/schema\/logo\/image\/\",\"url\":\"https:\/\/mivoot.com\/gt\/wp-content\/uploads\/2023\/03\/cropped-icon.png\",\"contentUrl\":\"https:\/\/mivoot.com\/gt\/wp-content\/uploads\/2023\/03\/cropped-icon.png\",\"width\":512,\"height\":512,\"caption\":\"Mivoot Guatemala\"},\"image\":{\"@id\":\"https:\/\/mivoot.com\/gt\/#\/schema\/logo\/image\/\"},\"sameAs\":[\"https:\/\/www.facebook.com\/mivootgt\",\"https:\/\/instagram.com\/mivoot\"]}]}<\/script>\n<!-- \/ Yoast SEO Premium plugin. -->","yoast_head_json":{"title":"Bobina de Cable de UPT CAT6 Interior 305m Gris NextStar - Mivoot","robots":{"index":"index","follow":"follow","max-snippet":"max-snippet:-1","max-image-preview":"max-image-preview:large","max-video-preview":"max-video-preview:-1"},"canonical":"https:\/\/mivoot.com\/gt\/producto\/bobina-de-cable-de-upt-cat6-interior-305m-gris-nextstar\/","og_locale":"es_ES","og_type":"article","og_title":"Bobina de Cable de UPT CAT6 Interior 305m Gris NextStar","og_description":"- Bobina de Cable UTP CAT6 - 4 pares trenzados de cobre s\u00f3lido - 305m Longitud del Cable - 23 AWG Calibre del Cable - Uso interior - Pulido: 23AWG - Chaqueta de PVC - Aislamiento de poli\u00e9ster 0.9mm  - Conductor Revestido en Aluminio de Cobre - Cable Revestido en Pl\u00e1stico PVC","og_url":"https:\/\/mivoot.com\/gt\/producto\/bobina-de-cable-de-upt-cat6-interior-305m-gris-nextstar\/","og_site_name":"Mivoot","article_publisher":"https:\/\/www.facebook.com\/mivootgt","og_image":[{"width":800,"height":800,"url":"https:\/\/mivoot.com\/gt\/wp-content\/uploads\/2026\/04\/71R007-0.jpg","type":"image\/jpeg"}],"twitter_card":"summary_large_image","twitter_misc":{"Est. reading time":"1 minuto"},"schema":{"@context":"https:\/\/schema.org","@graph":[{"@type":"WebPage","@id":"https:\/\/mivoot.com\/gt\/producto\/bobina-de-cable-de-upt-cat6-interior-305m-gris-nextstar\/","url":"https:\/\/mivoot.com\/gt\/producto\/bobina-de-cable-de-upt-cat6-interior-305m-gris-nextstar\/","name":"Bobina de Cable de UPT CAT6 Interior 305m Gris NextStar - Mivoot","isPartOf":{"@id":"https:\/\/mivoot.com\/gt\/#website"},"primaryImageOfPage":{"@id":"https:\/\/mivoot.com\/gt\/producto\/bobina-de-cable-de-upt-cat6-interior-305m-gris-nextstar\/#primaryimage"},"image":{"@id":"https:\/\/mivoot.com\/gt\/producto\/bobina-de-cable-de-upt-cat6-interior-305m-gris-nextstar\/#primaryimage"},"thumbnailUrl":"https:\/\/mivoot.com\/gt\/wp-content\/uploads\/2026\/04\/71R007-0.jpg","datePublished":"2026-04-22T23:07:44+00:00","breadcrumb":{"@id":"https:\/\/mivoot.com\/gt\/producto\/bobina-de-cable-de-upt-cat6-interior-305m-gris-nextstar\/#breadcrumb"},"inLanguage":"es","potentialAction":[{"@type":"ReadAction","target":["https:\/\/mivoot.com\/gt\/producto\/bobina-de-cable-de-upt-cat6-interior-305m-gris-nextstar\/"]}]},{"@type":"ImageObject","inLanguage":"es","@id":"https:\/\/mivoot.com\/gt\/producto\/bobina-de-cable-de-upt-cat6-interior-305m-gris-nextstar\/#primaryimage","url":"https:\/\/mivoot.com\/gt\/wp-content\/uploads\/2026\/04\/71R007-0.jpg","contentUrl":"https:\/\/mivoot.com\/gt\/wp-content\/uploads\/2026\/04\/71R007-0.jpg","width":800,"height":800},{"@type":"BreadcrumbList","@id":"https:\/\/mivoot.com\/gt\/producto\/bobina-de-cable-de-upt-cat6-interior-305m-gris-nextstar\/#breadcrumb","itemListElement":[{"@type":"ListItem","position":1,"name":"Inicio","item":"https:\/\/mivoot.com\/gt\/"},{"@type":"ListItem","position":2,"name":"Productos","item":"https:\/\/mivoot.com\/gt\/producto\/"},{"@type":"ListItem","position":3,"name":"NextStar","item":"https:\/\/mivoot.com\/gt\/marca\/nextstar\/"},{"@type":"ListItem","position":4,"name":"Bobina de Cable de UPT CAT6 Interior 305m Gris NextStar"}]},{"@type":"WebSite","@id":"https:\/\/mivoot.com\/gt\/#website","url":"https:\/\/mivoot.com\/gt\/","name":"Mivoot","description":"Mivoot Guatemala | Tienda Online","publisher":{"@id":"https:\/\/mivoot.com\/gt\/#organization"},"alternateName":"mivoot","potentialAction":[{"@type":"SearchAction","target":{"@type":"EntryPoint","urlTemplate":"https:\/\/mivoot.com\/gt\/?s={search_term_string}"},"query-input":{"@type":"PropertyValueSpecification","valueRequired":true,"valueName":"search_term_string"}}],"inLanguage":"es"},{"@type":"Organization","@id":"https:\/\/mivoot.com\/gt\/#organization","name":"Mivoot Guatemala","alternateName":"mivoot.com","url":"https:\/\/mivoot.com\/gt\/","logo":{"@type":"ImageObject","inLanguage":"es","@id":"https:\/\/mivoot.com\/gt\/#\/schema\/logo\/image\/","url":"https:\/\/mivoot.com\/gt\/wp-content\/uploads\/2023\/03\/cropped-icon.png","contentUrl":"https:\/\/mivoot.com\/gt\/wp-content\/uploads\/2023\/03\/cropped-icon.png","width":512,"height":512,"caption":"Mivoot Guatemala"},"image":{"@id":"https:\/\/mivoot.com\/gt\/#\/schema\/logo\/image\/"},"sameAs":["https:\/\/www.facebook.com\/mivootgt","https:\/\/instagram.com\/mivoot"]}]}},"jetpack_publicize_connections":[],"jetpack_sharing_enabled":true,"brands":[{"id":680,"name":"NextStar","slug":"nextstar"}],"_links":{"self":[{"href":"https:\/\/mivoot.com\/gt\/wp-json\/wp\/v2\/product\/33422","targetHints":{"allow":["GET"]}}],"collection":[{"href":"https:\/\/mivoot.com\/gt\/wp-json\/wp\/v2\/product"}],"about":[{"href":"https:\/\/mivoot.com\/gt\/wp-json\/wp\/v2\/types\/product"}],"replies":[{"embeddable":true,"href":"https:\/\/mivoot.com\/gt\/wp-json\/wp\/v2\/comments?post=33422"}],"version-history":[{"count":1,"href":"https:\/\/mivoot.com\/gt\/wp-json\/wp\/v2\/product\/33422\/revisions"}],"predecessor-version":[{"id":33426,"href":"https:\/\/mivoot.com\/gt\/wp-json\/wp\/v2\/product\/33422\/revisions\/33426"}],"wp:featuredmedia":[{"embeddable":true,"href":"https:\/\/mivoot.com\/gt\/wp-json\/wp\/v2\/media\/33424"}],"wp:attachment":[{"href":"https:\/\/mivoot.com\/gt\/wp-json\/wp\/v2\/media?parent=33422"}],"wp:term":[{"taxonomy":"pwb-brand","embeddable":true,"href":"https:\/\/mivoot.com\/gt\/wp-json\/wp\/v2\/pwb-brand?post=33422"},{"taxonomy":"product_brand","embeddable":true,"href":"https:\/\/mivoot.com\/gt\/wp-json\/wp\/v2\/product_brand?post=33422"},{"taxonomy":"product_cat","embeddable":true,"href":"https:\/\/mivoot.com\/gt\/wp-json\/wp\/v2\/product_cat?post=33422"},{"taxonomy":"product_tag","embeddable":true,"href":"https:\/\/mivoot.com\/gt\/wp-json\/wp\/v2\/product_tag?post=33422"}],"curies":[{"name":"wp","href":"https:\/\/api.w.org\/{rel}","templated":true}]}}