{"id":33435,"date":"2026-04-22T17:30:20","date_gmt":"2026-04-22T23:30:20","guid":{"rendered":"https:\/\/mivoot.com\/gt\/?post_type=product&#038;p=33435"},"modified":"2026-04-22T17:31:08","modified_gmt":"2026-04-22T23:31:08","slug":"ups-3000va-2400w-rack-con-kit-de-rieles-apc","status":"publish","type":"product","link":"https:\/\/mivoot.com\/gt\/producto\/ups-3000va-2400w-rack-con-kit-de-rieles-apc\/","title":{"rendered":"UPS 3000VA 2400W Rack con Kit de Rieles APC"},"content":{"rendered":"<h1 style=\"text-align: center\"><span style=\"color: #003366\"><strong>UPS 3000VA 2400W Rack con Kit de Rieles APC<\/strong><\/span><\/h1>\n<p>&nbsp;<\/p>\n<p style=\"text-align: center\">El No Break APC SRV3KRARK se presenta como una soluci\u00f3n fiable para mantener la continuidad el\u00e9ctrica en entornos cr\u00edticos, ofreciendo una potencia de\u00a0<strong>2400 W<\/strong>\u00a0y una capacidad de\u00a0<strong>3000 VA<\/strong>. Este sistema, dise\u00f1ado con doble conversi\u00f3n en l\u00ednea, proporciona estabilidad y protecci\u00f3n ante fluctuaciones en el suministro el\u00e9ctrico, garantizando un funcionamiento ininterrumpido.<\/p>\n<p>&nbsp;<\/p>\n<h3><span style=\"color: #003366\"><strong>Especificaciones T\u00e9cnicas:<\/strong><\/span><\/h3>\n<ul>\n<li>Topolog\u00eda UPS:\u00a0Doble conversi\u00f3n (en l\u00ednea)<\/li>\n<li>Capacidad de potencia de salida (VA):\u00a03 kVA<\/li>\n<li>Potencia de salida:\u00a02400 W<\/li>\n<li>Forma de onda:\u00a0Seno<\/li>\n<li>Voltaje de entrada de operaci\u00f3n (min):\u00a082 V<\/li>\n<li>Voltaje de entrada de operaci\u00f3n (max):\u00a0143 V<\/li>\n<li>Frecuencia de entrada:\u00a040\/70 Hz<\/li>\n<li>Voltaje de operaci\u00f3n de salida (min):\u00a0110 V<\/li>\n<li>Voltaje de operaci\u00f3n de salida (max):\u00a0115 V<\/li>\n<li>Frecuencia de salida:\u00a050\/60 Hz<\/li>\n<li>\u00cdndice de aumento de energ\u00eda:\u00a0600 J<\/li>\n<li>Eficiencia:\u00a088%<\/li>\n<li>Factor de cima:\u00a03:1<\/li>\n<li>Nivel de ruido:\u00a050 dB<\/li>\n<li>Alarmas audibles:\u00a0Si<img decoding=\"async\" src=\"https:\/\/icecat.biz\/static\/images\/spacer.png\" alt=\"Yes\" \/><\/li>\n<li>Tiempo de recarga de la bater\u00eda:\u00a04 Horas<\/li>\n<\/ul>\n<p><span style=\"color: #003366\"><strong>Puertos e Interfaces<\/strong><\/span><\/p>\n<ul>\n<li>Tipo de salida AC:\u00a0NEMA 5\u201320R, NEMA L5-30R<\/li>\n<li>Conector:\u00a0NEMA L5-30P<\/li>\n<li>Cantidad de salidas AC:\u00a07 salidas AC<\/li>\n<li>Puerto USB:\u00a0Si<img decoding=\"async\" src=\"https:\/\/icecat.biz\/static\/images\/spacer.png\" alt=\"Yes\" \/><\/li>\n<li>Cantidad de puertos USB 2.0:\u00a01<\/li>\n<li>Puerto RS-232:\u00a01<\/li>\n<li>SmartSlot:\u00a0Si<img decoding=\"async\" src=\"https:\/\/icecat.biz\/static\/images\/spacer.png\" alt=\"Yes\" \/><\/li>\n<\/ul>\n<h4><span style=\"color: #003366\"><strong>Dise\u00f1o<\/strong><\/span><\/h4>\n<ul>\n<li>Factor de forma:\u00a0Montaje en rack o Montaje en bastidor<\/li>\n<li>Capacidad del rack:\u00a02U<\/li>\n<li>Longitud de cable:\u00a01,5 m<\/li>\n<li>Tipo de enfriamiento:\u00a0Activo<\/li>\n<li>Ventilador integrado:\u00a0Si<img decoding=\"async\" src=\"https:\/\/icecat.biz\/static\/images\/spacer.png\" alt=\"Yes\" \/><\/li>\n<li>Color del producto:\u00a0Negro<\/li>\n<li>Tipo de visualizador:\u00a0LCD<\/li>\n<li>C\u00f3digo IP (International Protection):\u00a0IP20<\/li>\n<\/ul>\n","protected":false},"excerpt":{"rendered":"<p>&#8211; Potencia de salida: 2400 W<br \/>\n&#8211; Cantidad de salidas AC: 7 salidas AC<br \/>\n&#8211; Voltaje de entrada de operaci\u00f3n (m\u00edn): 82 V<br \/>\n&#8211; Voltaje de entrada de operaci\u00f3n (m\u00e1x): 143 V<br \/>\n&#8211; Voltaje de operaci\u00f3n de salida (m\u00edn): 110 V<br \/>\n&#8211; Voltaje de operaci\u00f3n de salida (m\u00e1x): 115 V<\/p>\n","protected":false},"featured_media":33437,"comment_status":"open","ping_status":"closed","template":"","meta":{"jetpack_publicize_message":"","jetpack_publicize_feature_enabled":true,"jetpack_social_post_already_shared":true,"jetpack_social_options":{"image_generator_settings":{"template":"highway","default_image_id":0,"font":"","enabled":false},"version":2}},"pwb-brand":[104],"product_brand":[],"product_cat":[20,178],"product_tag":[],"class_list":{"0":"post-33435","1":"product","2":"type-product","3":"status-publish","4":"has-post-thumbnail","6":"pwb-brand-apc","7":"product_cat-reguladores-y-ups","8":"product_cat-ups","10":"first","11":"instock","12":"taxable","13":"shipping-taxable","14":"purchasable","15":"product-type-simple"},"yoast_head":"<!-- This site is optimized with the Yoast SEO Premium plugin v25.7.1 (Yoast SEO v26.8) - https:\/\/yoast.com\/product\/yoast-seo-premium-wordpress\/ -->\n<title>UPS 3000VA 2400W Rack con Kit de Rieles APC - Mivoot<\/title>\n<meta name=\"robots\" content=\"index, follow, max-snippet:-1, max-image-preview:large, max-video-preview:-1\" \/>\n<link rel=\"canonical\" href=\"https:\/\/mivoot.com\/gt\/producto\/ups-3000va-2400w-rack-con-kit-de-rieles-apc\/\" \/>\n<meta property=\"og:locale\" content=\"es_ES\" \/>\n<meta property=\"og:type\" content=\"article\" \/>\n<meta property=\"og:title\" content=\"UPS 3000VA 2400W Rack con Kit de Rieles APC\" \/>\n<meta property=\"og:description\" content=\"- Potencia de salida: 2400 W - Cantidad de salidas AC: 7 salidas AC - Voltaje de entrada de operaci\u00f3n (m\u00edn): 82 V - Voltaje de entrada de operaci\u00f3n (m\u00e1x): 143 V - Voltaje de operaci\u00f3n de salida (m\u00edn): 110 V - Voltaje de operaci\u00f3n de salida (m\u00e1x): 115 V\" \/>\n<meta property=\"og:url\" content=\"https:\/\/mivoot.com\/gt\/producto\/ups-3000va-2400w-rack-con-kit-de-rieles-apc\/\" \/>\n<meta property=\"og:site_name\" content=\"Mivoot\" \/>\n<meta property=\"article:publisher\" content=\"https:\/\/www.facebook.com\/mivootgt\" \/>\n<meta property=\"article:modified_time\" content=\"2026-04-22T23:31:08+00:00\" \/>\n<meta property=\"og:image\" content=\"https:\/\/mivoot.com\/gt\/wp-content\/uploads\/2026\/04\/SRV3KRARK-APC-1200x1200-1-1-768x768.-700x700-1.jpg\" \/>\n\t<meta property=\"og:image:width\" content=\"700\" \/>\n\t<meta property=\"og:image:height\" content=\"700\" \/>\n\t<meta property=\"og:image:type\" content=\"image\/jpeg\" \/>\n<meta name=\"twitter:card\" content=\"summary_large_image\" \/>\n<meta name=\"twitter:label1\" content=\"Est. reading time\" \/>\n\t<meta name=\"twitter:data1\" content=\"3 minutos\" \/>\n<script type=\"application\/ld+json\" class=\"yoast-schema-graph\">{\"@context\":\"https:\/\/schema.org\",\"@graph\":[{\"@type\":\"WebPage\",\"@id\":\"https:\/\/mivoot.com\/gt\/producto\/ups-3000va-2400w-rack-con-kit-de-rieles-apc\/\",\"url\":\"https:\/\/mivoot.com\/gt\/producto\/ups-3000va-2400w-rack-con-kit-de-rieles-apc\/\",\"name\":\"UPS 3000VA 2400W Rack con Kit de Rieles APC - Mivoot\",\"isPartOf\":{\"@id\":\"https:\/\/mivoot.com\/gt\/#website\"},\"primaryImageOfPage\":{\"@id\":\"https:\/\/mivoot.com\/gt\/producto\/ups-3000va-2400w-rack-con-kit-de-rieles-apc\/#primaryimage\"},\"image\":{\"@id\":\"https:\/\/mivoot.com\/gt\/producto\/ups-3000va-2400w-rack-con-kit-de-rieles-apc\/#primaryimage\"},\"thumbnailUrl\":\"https:\/\/mivoot.com\/gt\/wp-content\/uploads\/2026\/04\/SRV3KRARK-APC-1200x1200-1-1-768x768.-700x700-1.jpg\",\"datePublished\":\"2026-04-22T23:30:20+00:00\",\"dateModified\":\"2026-04-22T23:31:08+00:00\",\"breadcrumb\":{\"@id\":\"https:\/\/mivoot.com\/gt\/producto\/ups-3000va-2400w-rack-con-kit-de-rieles-apc\/#breadcrumb\"},\"inLanguage\":\"es\",\"potentialAction\":[{\"@type\":\"ReadAction\",\"target\":[\"https:\/\/mivoot.com\/gt\/producto\/ups-3000va-2400w-rack-con-kit-de-rieles-apc\/\"]}]},{\"@type\":\"ImageObject\",\"inLanguage\":\"es\",\"@id\":\"https:\/\/mivoot.com\/gt\/producto\/ups-3000va-2400w-rack-con-kit-de-rieles-apc\/#primaryimage\",\"url\":\"https:\/\/mivoot.com\/gt\/wp-content\/uploads\/2026\/04\/SRV3KRARK-APC-1200x1200-1-1-768x768.-700x700-1.jpg\",\"contentUrl\":\"https:\/\/mivoot.com\/gt\/wp-content\/uploads\/2026\/04\/SRV3KRARK-APC-1200x1200-1-1-768x768.-700x700-1.jpg\",\"width\":700,\"height\":700},{\"@type\":\"BreadcrumbList\",\"@id\":\"https:\/\/mivoot.com\/gt\/producto\/ups-3000va-2400w-rack-con-kit-de-rieles-apc\/#breadcrumb\",\"itemListElement\":[{\"@type\":\"ListItem\",\"position\":1,\"name\":\"Inicio\",\"item\":\"https:\/\/mivoot.com\/gt\/\"},{\"@type\":\"ListItem\",\"position\":2,\"name\":\"Productos\",\"item\":\"https:\/\/mivoot.com\/gt\/producto\/\"},{\"@type\":\"ListItem\",\"position\":3,\"name\":\"APC\",\"item\":\"https:\/\/mivoot.com\/gt\/marca\/apc\/\"},{\"@type\":\"ListItem\",\"position\":4,\"name\":\"UPS 3000VA 2400W Rack con Kit de Rieles APC\"}]},{\"@type\":\"WebSite\",\"@id\":\"https:\/\/mivoot.com\/gt\/#website\",\"url\":\"https:\/\/mivoot.com\/gt\/\",\"name\":\"Mivoot\",\"description\":\"Mivoot Guatemala | Tienda Online\",\"publisher\":{\"@id\":\"https:\/\/mivoot.com\/gt\/#organization\"},\"alternateName\":\"mivoot\",\"potentialAction\":[{\"@type\":\"SearchAction\",\"target\":{\"@type\":\"EntryPoint\",\"urlTemplate\":\"https:\/\/mivoot.com\/gt\/?s={search_term_string}\"},\"query-input\":{\"@type\":\"PropertyValueSpecification\",\"valueRequired\":true,\"valueName\":\"search_term_string\"}}],\"inLanguage\":\"es\"},{\"@type\":\"Organization\",\"@id\":\"https:\/\/mivoot.com\/gt\/#organization\",\"name\":\"Mivoot Guatemala\",\"alternateName\":\"mivoot.com\",\"url\":\"https:\/\/mivoot.com\/gt\/\",\"logo\":{\"@type\":\"ImageObject\",\"inLanguage\":\"es\",\"@id\":\"https:\/\/mivoot.com\/gt\/#\/schema\/logo\/image\/\",\"url\":\"https:\/\/mivoot.com\/gt\/wp-content\/uploads\/2023\/03\/cropped-icon.png\",\"contentUrl\":\"https:\/\/mivoot.com\/gt\/wp-content\/uploads\/2023\/03\/cropped-icon.png\",\"width\":512,\"height\":512,\"caption\":\"Mivoot Guatemala\"},\"image\":{\"@id\":\"https:\/\/mivoot.com\/gt\/#\/schema\/logo\/image\/\"},\"sameAs\":[\"https:\/\/www.facebook.com\/mivootgt\",\"https:\/\/instagram.com\/mivoot\"]}]}<\/script>\n<!-- \/ Yoast SEO Premium plugin. -->","yoast_head_json":{"title":"UPS 3000VA 2400W Rack con Kit de Rieles APC - Mivoot","robots":{"index":"index","follow":"follow","max-snippet":"max-snippet:-1","max-image-preview":"max-image-preview:large","max-video-preview":"max-video-preview:-1"},"canonical":"https:\/\/mivoot.com\/gt\/producto\/ups-3000va-2400w-rack-con-kit-de-rieles-apc\/","og_locale":"es_ES","og_type":"article","og_title":"UPS 3000VA 2400W Rack con Kit de Rieles APC","og_description":"- Potencia de salida: 2400 W - Cantidad de salidas AC: 7 salidas AC - Voltaje de entrada de operaci\u00f3n (m\u00edn): 82 V - Voltaje de entrada de operaci\u00f3n (m\u00e1x): 143 V - Voltaje de operaci\u00f3n de salida (m\u00edn): 110 V - Voltaje de operaci\u00f3n de salida (m\u00e1x): 115 V","og_url":"https:\/\/mivoot.com\/gt\/producto\/ups-3000va-2400w-rack-con-kit-de-rieles-apc\/","og_site_name":"Mivoot","article_publisher":"https:\/\/www.facebook.com\/mivootgt","article_modified_time":"2026-04-22T23:31:08+00:00","og_image":[{"width":700,"height":700,"url":"https:\/\/mivoot.com\/gt\/wp-content\/uploads\/2026\/04\/SRV3KRARK-APC-1200x1200-1-1-768x768.-700x700-1.jpg","type":"image\/jpeg"}],"twitter_card":"summary_large_image","twitter_misc":{"Est. reading time":"3 minutos"},"schema":{"@context":"https:\/\/schema.org","@graph":[{"@type":"WebPage","@id":"https:\/\/mivoot.com\/gt\/producto\/ups-3000va-2400w-rack-con-kit-de-rieles-apc\/","url":"https:\/\/mivoot.com\/gt\/producto\/ups-3000va-2400w-rack-con-kit-de-rieles-apc\/","name":"UPS 3000VA 2400W Rack con Kit de Rieles APC - Mivoot","isPartOf":{"@id":"https:\/\/mivoot.com\/gt\/#website"},"primaryImageOfPage":{"@id":"https:\/\/mivoot.com\/gt\/producto\/ups-3000va-2400w-rack-con-kit-de-rieles-apc\/#primaryimage"},"image":{"@id":"https:\/\/mivoot.com\/gt\/producto\/ups-3000va-2400w-rack-con-kit-de-rieles-apc\/#primaryimage"},"thumbnailUrl":"https:\/\/mivoot.com\/gt\/wp-content\/uploads\/2026\/04\/SRV3KRARK-APC-1200x1200-1-1-768x768.-700x700-1.jpg","datePublished":"2026-04-22T23:30:20+00:00","dateModified":"2026-04-22T23:31:08+00:00","breadcrumb":{"@id":"https:\/\/mivoot.com\/gt\/producto\/ups-3000va-2400w-rack-con-kit-de-rieles-apc\/#breadcrumb"},"inLanguage":"es","potentialAction":[{"@type":"ReadAction","target":["https:\/\/mivoot.com\/gt\/producto\/ups-3000va-2400w-rack-con-kit-de-rieles-apc\/"]}]},{"@type":"ImageObject","inLanguage":"es","@id":"https:\/\/mivoot.com\/gt\/producto\/ups-3000va-2400w-rack-con-kit-de-rieles-apc\/#primaryimage","url":"https:\/\/mivoot.com\/gt\/wp-content\/uploads\/2026\/04\/SRV3KRARK-APC-1200x1200-1-1-768x768.-700x700-1.jpg","contentUrl":"https:\/\/mivoot.com\/gt\/wp-content\/uploads\/2026\/04\/SRV3KRARK-APC-1200x1200-1-1-768x768.-700x700-1.jpg","width":700,"height":700},{"@type":"BreadcrumbList","@id":"https:\/\/mivoot.com\/gt\/producto\/ups-3000va-2400w-rack-con-kit-de-rieles-apc\/#breadcrumb","itemListElement":[{"@type":"ListItem","position":1,"name":"Inicio","item":"https:\/\/mivoot.com\/gt\/"},{"@type":"ListItem","position":2,"name":"Productos","item":"https:\/\/mivoot.com\/gt\/producto\/"},{"@type":"ListItem","position":3,"name":"APC","item":"https:\/\/mivoot.com\/gt\/marca\/apc\/"},{"@type":"ListItem","position":4,"name":"UPS 3000VA 2400W Rack con Kit de Rieles APC"}]},{"@type":"WebSite","@id":"https:\/\/mivoot.com\/gt\/#website","url":"https:\/\/mivoot.com\/gt\/","name":"Mivoot","description":"Mivoot Guatemala | Tienda Online","publisher":{"@id":"https:\/\/mivoot.com\/gt\/#organization"},"alternateName":"mivoot","potentialAction":[{"@type":"SearchAction","target":{"@type":"EntryPoint","urlTemplate":"https:\/\/mivoot.com\/gt\/?s={search_term_string}"},"query-input":{"@type":"PropertyValueSpecification","valueRequired":true,"valueName":"search_term_string"}}],"inLanguage":"es"},{"@type":"Organization","@id":"https:\/\/mivoot.com\/gt\/#organization","name":"Mivoot Guatemala","alternateName":"mivoot.com","url":"https:\/\/mivoot.com\/gt\/","logo":{"@type":"ImageObject","inLanguage":"es","@id":"https:\/\/mivoot.com\/gt\/#\/schema\/logo\/image\/","url":"https:\/\/mivoot.com\/gt\/wp-content\/uploads\/2023\/03\/cropped-icon.png","contentUrl":"https:\/\/mivoot.com\/gt\/wp-content\/uploads\/2023\/03\/cropped-icon.png","width":512,"height":512,"caption":"Mivoot Guatemala"},"image":{"@id":"https:\/\/mivoot.com\/gt\/#\/schema\/logo\/image\/"},"sameAs":["https:\/\/www.facebook.com\/mivootgt","https:\/\/instagram.com\/mivoot"]}]}},"jetpack_publicize_connections":[],"jetpack_sharing_enabled":true,"brands":[{"id":104,"name":"APC","slug":"apc"}],"_links":{"self":[{"href":"https:\/\/mivoot.com\/gt\/wp-json\/wp\/v2\/product\/33435","targetHints":{"allow":["GET"]}}],"collection":[{"href":"https:\/\/mivoot.com\/gt\/wp-json\/wp\/v2\/product"}],"about":[{"href":"https:\/\/mivoot.com\/gt\/wp-json\/wp\/v2\/types\/product"}],"replies":[{"embeddable":true,"href":"https:\/\/mivoot.com\/gt\/wp-json\/wp\/v2\/comments?post=33435"}],"version-history":[{"count":1,"href":"https:\/\/mivoot.com\/gt\/wp-json\/wp\/v2\/product\/33435\/revisions"}],"predecessor-version":[{"id":33441,"href":"https:\/\/mivoot.com\/gt\/wp-json\/wp\/v2\/product\/33435\/revisions\/33441"}],"wp:featuredmedia":[{"embeddable":true,"href":"https:\/\/mivoot.com\/gt\/wp-json\/wp\/v2\/media\/33437"}],"wp:attachment":[{"href":"https:\/\/mivoot.com\/gt\/wp-json\/wp\/v2\/media?parent=33435"}],"wp:term":[{"taxonomy":"pwb-brand","embeddable":true,"href":"https:\/\/mivoot.com\/gt\/wp-json\/wp\/v2\/pwb-brand?post=33435"},{"taxonomy":"product_brand","embeddable":true,"href":"https:\/\/mivoot.com\/gt\/wp-json\/wp\/v2\/product_brand?post=33435"},{"taxonomy":"product_cat","embeddable":true,"href":"https:\/\/mivoot.com\/gt\/wp-json\/wp\/v2\/product_cat?post=33435"},{"taxonomy":"product_tag","embeddable":true,"href":"https:\/\/mivoot.com\/gt\/wp-json\/wp\/v2\/product_tag?post=33435"}],"curies":[{"name":"wp","href":"https:\/\/api.w.org\/{rel}","templated":true}]}}