{"id":33442,"date":"2026-04-22T17:39:43","date_gmt":"2026-04-22T23:39:43","guid":{"rendered":"https:\/\/mivoot.com\/gt\/?post_type=product&#038;p=33442"},"modified":"2026-04-22T17:40:34","modified_gmt":"2026-04-22T23:40:34","slug":"ups-1500va-1350w-doble-conversion-apc","status":"publish","type":"product","link":"https:\/\/mivoot.com\/gt\/producto\/ups-1500va-1350w-doble-conversion-apc\/","title":{"rendered":"UPS 1500VA 1350W Doble Conversion APC"},"content":{"rendered":"<h1 style=\"text-align: center\"><span style=\"color: #003366\"><strong>UPS 1500VA 1350W Doble Conversion APC<\/strong><\/span><\/h1>\n<h3 id=\"protecci\u00f3n-de-energ\u00eda-estable-y-confiable-para-equipos-cr\u00edticos\"><\/h3>\n<p>El No Break APC SRT1500XLA se presenta como una soluci\u00f3n integral para salvaguardar equipos electr\u00f3nicos sensibles en entornos dom\u00e9sticos y profesionales. Con 1,350W de potencia de salida, este sistema de alimentaci\u00f3n ininterrumpida (SAI) asegura un rendimiento \u00f3ptimo y protecci\u00f3n ante cortes de energ\u00eda.<\/p>\n<h4 id=\"potencia-y-estabilidad-en-la-alimentaci\u00f3n-el\u00e9ctrica\">Potencia y estabilidad en la alimentaci\u00f3n el\u00e9ctrica<\/h4>\n<p>Con una capacidad de\u00a0<strong>potencia de salida<\/strong>\u00a0de 1,350 W, el APC SRT1500XLA ofrece un suministro estable y continuo. Este sistema de doble conversi\u00f3n garantiza una conversi\u00f3n en l\u00ednea de la energ\u00eda, asegurando que las fluctuaciones de tensi\u00f3n no afecten el rendimiento de los dispositivos conectados..<\/p>\n<p>&nbsp;<\/p>\n<h3><span style=\"color: #003366\"><strong>Especificaciones T\u00e9cnicas:<\/strong><\/span><\/h3>\n<p><span style=\"color: #003366\"><strong>Salida<\/strong><\/span><\/p>\n<ul>\n<li>Potencia m\u00e1x. configurable (vatios): 1.35Kilovatios \/ 1.5kVA<\/li>\n<li>Distorsi\u00f3n de Voltaje de Salida: Inferior al 2%<\/li>\n<li>Frecuencia de salida (sincronizada con la red el\u00e9ctrica): 50\/60 Hz +\/- 3 Hz Sincronizado para principales<\/li>\n<li>Factor de carga pico: 3:1<\/li>\n<li>Topolog\u00eda: Online de doble conversi\u00f3n<\/li>\n<li>Tipo de forma de onda: Onda senoidal<\/li>\n<li>Derivaci\u00f3n: Built-in bypass<\/li>\n<\/ul>\n<p><span style=\"color: #003366\"><strong>Entrada<\/strong><\/span><\/p>\n<ul>\n<li>Frecuencia de entrada: 40 &#8211; 70 Hz Auto-sensing ((*))<\/li>\n<li>Rango de voltaje de entrada en operaciones principales: 108 &#8211; 150, 50 &#8211; 150 40% loadV<\/li>\n<li>N\u00famero de cables de alimentaci\u00f3n: 1<\/li>\n<\/ul>\n<p><span style=\"color: #003366\"><strong>Bater\u00edas y tiempo de autonom\u00eda<\/strong><\/span><\/p>\n<ul>\n<li>Tipo de bater\u00eda: Bater\u00eda de plomo y \u00e1cido<\/li>\n<li>M\u00f3dulos de bater\u00edas incluidos: 1<\/li>\n<li>Tiempo t\u00edpico de recarga: 3hour(s)<\/li>\n<li>Voltaje Nominal de la Bater\u00eda: 48 V<\/li>\n<li>Sustituci\u00f3n de la bater\u00eda: APCRBC155<\/li>\n<li>Cantidad de RBC\u2122: 1<\/li>\n<li>Suministro de carga de bater\u00edas (vatios): 91 Vatios<\/li>\n<\/ul>\n<p><span style=\"color: #003366\"><strong>Descripci\u00f3n f\u00edsica<\/strong><\/span><\/p>\n<ul>\n<li>Altura m\u00e1xima: 432mm, 43.2cm<\/li>\n<li>Anchura m\u00e1xima: 85mm, 8.5cm<\/li>\n<li>Profundidad m\u00e1xima: 508mm, 50.8cm<\/li>\n<li>Peso neto: 22.0kg<\/li>\n<li>Peso de env\u00edo: 29.6kg<\/li>\n<li>Altura bruta: 246mm, 24.6cm<\/li>\n<li>Anchura bruta: 594mm, 59.4cm<\/li>\n<li>Profundidad bruta: 749mm, 74.9cm<\/li>\n<\/ul>\n","protected":false},"excerpt":{"rendered":"<p>&#8211; Potencia de salida: 1350 W<br \/>\n&#8211; Cantidad de salidas AC: 6 salidas AC<br \/>\n&#8211; Voltaje de entrada de operaci\u00f3n (min): 50 V<br \/>\n&#8211; Voltaje de entrada de operaci\u00f3n (max): 150 V<br \/>\n&#8211; Voltaje de operaci\u00f3n de salida: 120 V<\/p>\n","protected":false},"featured_media":33447,"comment_status":"open","ping_status":"closed","template":"","meta":{"jetpack_publicize_message":"","jetpack_publicize_feature_enabled":true,"jetpack_social_post_already_shared":true,"jetpack_social_options":{"image_generator_settings":{"template":"highway","default_image_id":0,"font":"","enabled":false},"version":2}},"pwb-brand":[104],"product_brand":[],"product_cat":[20,178],"product_tag":[],"class_list":{"0":"post-33442","1":"product","2":"type-product","3":"status-publish","4":"has-post-thumbnail","6":"pwb-brand-apc","7":"product_cat-reguladores-y-ups","8":"product_cat-ups","10":"first","11":"instock","12":"taxable","13":"shipping-taxable","14":"purchasable","15":"product-type-simple"},"yoast_head":"<!-- This site is optimized with the Yoast SEO Premium plugin v25.7.1 (Yoast SEO v26.8) - https:\/\/yoast.com\/product\/yoast-seo-premium-wordpress\/ -->\n<title>UPS 1500VA 1350W Doble Conversion APC - Mivoot<\/title>\n<meta name=\"robots\" content=\"index, follow, max-snippet:-1, max-image-preview:large, max-video-preview:-1\" \/>\n<link rel=\"canonical\" href=\"https:\/\/mivoot.com\/gt\/producto\/ups-1500va-1350w-doble-conversion-apc\/\" \/>\n<meta property=\"og:locale\" content=\"es_ES\" \/>\n<meta property=\"og:type\" content=\"article\" \/>\n<meta property=\"og:title\" content=\"UPS 1500VA 1350W Doble Conversion APC\" \/>\n<meta property=\"og:description\" content=\"- Potencia de salida: 1350 W - Cantidad de salidas AC: 6 salidas AC - Voltaje de entrada de operaci\u00f3n (min): 50 V - Voltaje de entrada de operaci\u00f3n (max): 150 V - Voltaje de operaci\u00f3n de salida: 120 V\" \/>\n<meta property=\"og:url\" content=\"https:\/\/mivoot.com\/gt\/producto\/ups-1500va-1350w-doble-conversion-apc\/\" \/>\n<meta property=\"og:site_name\" content=\"Mivoot\" \/>\n<meta property=\"article:publisher\" content=\"https:\/\/www.facebook.com\/mivootgt\" \/>\n<meta property=\"article:modified_time\" content=\"2026-04-22T23:40:34+00:00\" \/>\n<meta property=\"og:image\" content=\"https:\/\/mivoot.com\/gt\/wp-content\/uploads\/2026\/04\/SRT1500XLA-1000X1000-4-768x768.-700x700-1.jpg\" \/>\n\t<meta property=\"og:image:width\" content=\"700\" \/>\n\t<meta property=\"og:image:height\" content=\"700\" \/>\n\t<meta property=\"og:image:type\" content=\"image\/jpeg\" \/>\n<meta name=\"twitter:card\" content=\"summary_large_image\" \/>\n<meta name=\"twitter:label1\" content=\"Est. reading time\" \/>\n\t<meta name=\"twitter:data1\" content=\"2 minutos\" \/>\n<script type=\"application\/ld+json\" class=\"yoast-schema-graph\">{\"@context\":\"https:\/\/schema.org\",\"@graph\":[{\"@type\":\"WebPage\",\"@id\":\"https:\/\/mivoot.com\/gt\/producto\/ups-1500va-1350w-doble-conversion-apc\/\",\"url\":\"https:\/\/mivoot.com\/gt\/producto\/ups-1500va-1350w-doble-conversion-apc\/\",\"name\":\"UPS 1500VA 1350W Doble Conversion APC - Mivoot\",\"isPartOf\":{\"@id\":\"https:\/\/mivoot.com\/gt\/#website\"},\"primaryImageOfPage\":{\"@id\":\"https:\/\/mivoot.com\/gt\/producto\/ups-1500va-1350w-doble-conversion-apc\/#primaryimage\"},\"image\":{\"@id\":\"https:\/\/mivoot.com\/gt\/producto\/ups-1500va-1350w-doble-conversion-apc\/#primaryimage\"},\"thumbnailUrl\":\"https:\/\/mivoot.com\/gt\/wp-content\/uploads\/2026\/04\/SRT1500XLA-1000X1000-4-768x768.-700x700-1.jpg\",\"datePublished\":\"2026-04-22T23:39:43+00:00\",\"dateModified\":\"2026-04-22T23:40:34+00:00\",\"breadcrumb\":{\"@id\":\"https:\/\/mivoot.com\/gt\/producto\/ups-1500va-1350w-doble-conversion-apc\/#breadcrumb\"},\"inLanguage\":\"es\",\"potentialAction\":[{\"@type\":\"ReadAction\",\"target\":[\"https:\/\/mivoot.com\/gt\/producto\/ups-1500va-1350w-doble-conversion-apc\/\"]}]},{\"@type\":\"ImageObject\",\"inLanguage\":\"es\",\"@id\":\"https:\/\/mivoot.com\/gt\/producto\/ups-1500va-1350w-doble-conversion-apc\/#primaryimage\",\"url\":\"https:\/\/mivoot.com\/gt\/wp-content\/uploads\/2026\/04\/SRT1500XLA-1000X1000-4-768x768.-700x700-1.jpg\",\"contentUrl\":\"https:\/\/mivoot.com\/gt\/wp-content\/uploads\/2026\/04\/SRT1500XLA-1000X1000-4-768x768.-700x700-1.jpg\",\"width\":700,\"height\":700},{\"@type\":\"BreadcrumbList\",\"@id\":\"https:\/\/mivoot.com\/gt\/producto\/ups-1500va-1350w-doble-conversion-apc\/#breadcrumb\",\"itemListElement\":[{\"@type\":\"ListItem\",\"position\":1,\"name\":\"Inicio\",\"item\":\"https:\/\/mivoot.com\/gt\/\"},{\"@type\":\"ListItem\",\"position\":2,\"name\":\"Productos\",\"item\":\"https:\/\/mivoot.com\/gt\/producto\/\"},{\"@type\":\"ListItem\",\"position\":3,\"name\":\"APC\",\"item\":\"https:\/\/mivoot.com\/gt\/marca\/apc\/\"},{\"@type\":\"ListItem\",\"position\":4,\"name\":\"UPS 1500VA 1350W Doble Conversion APC\"}]},{\"@type\":\"WebSite\",\"@id\":\"https:\/\/mivoot.com\/gt\/#website\",\"url\":\"https:\/\/mivoot.com\/gt\/\",\"name\":\"Mivoot\",\"description\":\"Mivoot Guatemala | Tienda Online\",\"publisher\":{\"@id\":\"https:\/\/mivoot.com\/gt\/#organization\"},\"alternateName\":\"mivoot\",\"potentialAction\":[{\"@type\":\"SearchAction\",\"target\":{\"@type\":\"EntryPoint\",\"urlTemplate\":\"https:\/\/mivoot.com\/gt\/?s={search_term_string}\"},\"query-input\":{\"@type\":\"PropertyValueSpecification\",\"valueRequired\":true,\"valueName\":\"search_term_string\"}}],\"inLanguage\":\"es\"},{\"@type\":\"Organization\",\"@id\":\"https:\/\/mivoot.com\/gt\/#organization\",\"name\":\"Mivoot Guatemala\",\"alternateName\":\"mivoot.com\",\"url\":\"https:\/\/mivoot.com\/gt\/\",\"logo\":{\"@type\":\"ImageObject\",\"inLanguage\":\"es\",\"@id\":\"https:\/\/mivoot.com\/gt\/#\/schema\/logo\/image\/\",\"url\":\"https:\/\/mivoot.com\/gt\/wp-content\/uploads\/2023\/03\/cropped-icon.png\",\"contentUrl\":\"https:\/\/mivoot.com\/gt\/wp-content\/uploads\/2023\/03\/cropped-icon.png\",\"width\":512,\"height\":512,\"caption\":\"Mivoot Guatemala\"},\"image\":{\"@id\":\"https:\/\/mivoot.com\/gt\/#\/schema\/logo\/image\/\"},\"sameAs\":[\"https:\/\/www.facebook.com\/mivootgt\",\"https:\/\/instagram.com\/mivoot\"]}]}<\/script>\n<!-- \/ Yoast SEO Premium plugin. -->","yoast_head_json":{"title":"UPS 1500VA 1350W Doble Conversion APC - Mivoot","robots":{"index":"index","follow":"follow","max-snippet":"max-snippet:-1","max-image-preview":"max-image-preview:large","max-video-preview":"max-video-preview:-1"},"canonical":"https:\/\/mivoot.com\/gt\/producto\/ups-1500va-1350w-doble-conversion-apc\/","og_locale":"es_ES","og_type":"article","og_title":"UPS 1500VA 1350W Doble Conversion APC","og_description":"- Potencia de salida: 1350 W - Cantidad de salidas AC: 6 salidas AC - Voltaje de entrada de operaci\u00f3n (min): 50 V - Voltaje de entrada de operaci\u00f3n (max): 150 V - Voltaje de operaci\u00f3n de salida: 120 V","og_url":"https:\/\/mivoot.com\/gt\/producto\/ups-1500va-1350w-doble-conversion-apc\/","og_site_name":"Mivoot","article_publisher":"https:\/\/www.facebook.com\/mivootgt","article_modified_time":"2026-04-22T23:40:34+00:00","og_image":[{"width":700,"height":700,"url":"https:\/\/mivoot.com\/gt\/wp-content\/uploads\/2026\/04\/SRT1500XLA-1000X1000-4-768x768.-700x700-1.jpg","type":"image\/jpeg"}],"twitter_card":"summary_large_image","twitter_misc":{"Est. reading time":"2 minutos"},"schema":{"@context":"https:\/\/schema.org","@graph":[{"@type":"WebPage","@id":"https:\/\/mivoot.com\/gt\/producto\/ups-1500va-1350w-doble-conversion-apc\/","url":"https:\/\/mivoot.com\/gt\/producto\/ups-1500va-1350w-doble-conversion-apc\/","name":"UPS 1500VA 1350W Doble Conversion APC - Mivoot","isPartOf":{"@id":"https:\/\/mivoot.com\/gt\/#website"},"primaryImageOfPage":{"@id":"https:\/\/mivoot.com\/gt\/producto\/ups-1500va-1350w-doble-conversion-apc\/#primaryimage"},"image":{"@id":"https:\/\/mivoot.com\/gt\/producto\/ups-1500va-1350w-doble-conversion-apc\/#primaryimage"},"thumbnailUrl":"https:\/\/mivoot.com\/gt\/wp-content\/uploads\/2026\/04\/SRT1500XLA-1000X1000-4-768x768.-700x700-1.jpg","datePublished":"2026-04-22T23:39:43+00:00","dateModified":"2026-04-22T23:40:34+00:00","breadcrumb":{"@id":"https:\/\/mivoot.com\/gt\/producto\/ups-1500va-1350w-doble-conversion-apc\/#breadcrumb"},"inLanguage":"es","potentialAction":[{"@type":"ReadAction","target":["https:\/\/mivoot.com\/gt\/producto\/ups-1500va-1350w-doble-conversion-apc\/"]}]},{"@type":"ImageObject","inLanguage":"es","@id":"https:\/\/mivoot.com\/gt\/producto\/ups-1500va-1350w-doble-conversion-apc\/#primaryimage","url":"https:\/\/mivoot.com\/gt\/wp-content\/uploads\/2026\/04\/SRT1500XLA-1000X1000-4-768x768.-700x700-1.jpg","contentUrl":"https:\/\/mivoot.com\/gt\/wp-content\/uploads\/2026\/04\/SRT1500XLA-1000X1000-4-768x768.-700x700-1.jpg","width":700,"height":700},{"@type":"BreadcrumbList","@id":"https:\/\/mivoot.com\/gt\/producto\/ups-1500va-1350w-doble-conversion-apc\/#breadcrumb","itemListElement":[{"@type":"ListItem","position":1,"name":"Inicio","item":"https:\/\/mivoot.com\/gt\/"},{"@type":"ListItem","position":2,"name":"Productos","item":"https:\/\/mivoot.com\/gt\/producto\/"},{"@type":"ListItem","position":3,"name":"APC","item":"https:\/\/mivoot.com\/gt\/marca\/apc\/"},{"@type":"ListItem","position":4,"name":"UPS 1500VA 1350W Doble Conversion APC"}]},{"@type":"WebSite","@id":"https:\/\/mivoot.com\/gt\/#website","url":"https:\/\/mivoot.com\/gt\/","name":"Mivoot","description":"Mivoot Guatemala | Tienda Online","publisher":{"@id":"https:\/\/mivoot.com\/gt\/#organization"},"alternateName":"mivoot","potentialAction":[{"@type":"SearchAction","target":{"@type":"EntryPoint","urlTemplate":"https:\/\/mivoot.com\/gt\/?s={search_term_string}"},"query-input":{"@type":"PropertyValueSpecification","valueRequired":true,"valueName":"search_term_string"}}],"inLanguage":"es"},{"@type":"Organization","@id":"https:\/\/mivoot.com\/gt\/#organization","name":"Mivoot Guatemala","alternateName":"mivoot.com","url":"https:\/\/mivoot.com\/gt\/","logo":{"@type":"ImageObject","inLanguage":"es","@id":"https:\/\/mivoot.com\/gt\/#\/schema\/logo\/image\/","url":"https:\/\/mivoot.com\/gt\/wp-content\/uploads\/2023\/03\/cropped-icon.png","contentUrl":"https:\/\/mivoot.com\/gt\/wp-content\/uploads\/2023\/03\/cropped-icon.png","width":512,"height":512,"caption":"Mivoot Guatemala"},"image":{"@id":"https:\/\/mivoot.com\/gt\/#\/schema\/logo\/image\/"},"sameAs":["https:\/\/www.facebook.com\/mivootgt","https:\/\/instagram.com\/mivoot"]}]}},"jetpack_publicize_connections":[],"jetpack_sharing_enabled":true,"brands":[{"id":104,"name":"APC","slug":"apc"}],"_links":{"self":[{"href":"https:\/\/mivoot.com\/gt\/wp-json\/wp\/v2\/product\/33442","targetHints":{"allow":["GET"]}}],"collection":[{"href":"https:\/\/mivoot.com\/gt\/wp-json\/wp\/v2\/product"}],"about":[{"href":"https:\/\/mivoot.com\/gt\/wp-json\/wp\/v2\/types\/product"}],"replies":[{"embeddable":true,"href":"https:\/\/mivoot.com\/gt\/wp-json\/wp\/v2\/comments?post=33442"}],"version-history":[{"count":1,"href":"https:\/\/mivoot.com\/gt\/wp-json\/wp\/v2\/product\/33442\/revisions"}],"predecessor-version":[{"id":33448,"href":"https:\/\/mivoot.com\/gt\/wp-json\/wp\/v2\/product\/33442\/revisions\/33448"}],"wp:featuredmedia":[{"embeddable":true,"href":"https:\/\/mivoot.com\/gt\/wp-json\/wp\/v2\/media\/33447"}],"wp:attachment":[{"href":"https:\/\/mivoot.com\/gt\/wp-json\/wp\/v2\/media?parent=33442"}],"wp:term":[{"taxonomy":"pwb-brand","embeddable":true,"href":"https:\/\/mivoot.com\/gt\/wp-json\/wp\/v2\/pwb-brand?post=33442"},{"taxonomy":"product_brand","embeddable":true,"href":"https:\/\/mivoot.com\/gt\/wp-json\/wp\/v2\/product_brand?post=33442"},{"taxonomy":"product_cat","embeddable":true,"href":"https:\/\/mivoot.com\/gt\/wp-json\/wp\/v2\/product_cat?post=33442"},{"taxonomy":"product_tag","embeddable":true,"href":"https:\/\/mivoot.com\/gt\/wp-json\/wp\/v2\/product_tag?post=33442"}],"curies":[{"name":"wp","href":"https:\/\/api.w.org\/{rel}","templated":true}]}}