{"id":33459,"date":"2026-04-23T18:06:04","date_gmt":"2026-04-24T00:06:04","guid":{"rendered":"https:\/\/mivoot.com\/gt\/?post_type=product&#038;p=33459"},"modified":"2026-04-23T18:09:52","modified_gmt":"2026-04-24T00:09:52","slug":"casco-de-seguridad-certificado-con-visera-correas-para-la-barbilla-reflectantes-y-abs-aolamegs","status":"publish","type":"product","link":"https:\/\/mivoot.com\/gt\/producto\/casco-de-seguridad-certificado-con-visera-correas-para-la-barbilla-reflectantes-y-abs-aolamegs\/","title":{"rendered":"Casco de Seguridad Certificado con Visera Correas para la Barbilla Reflectantes y ABS Aolamegs"},"content":{"rendered":"<h1 style=\"text-align: center;\">Casco de Seguridad Certificado con Visera Correas para la Barbilla Reflectantes y ABS Aolamegs<\/h1>\n<h1 style=\"text-align: center;\">Certificado por la OSHA<\/h1>\n<p><span class=\"a-list-item\">Ajuste ajustable y c\u00f3modo: sistema de suspensi\u00f3n ajustable de 6 puntos para una mejor absorci\u00f3n de impactos y comodidad general. Correa de barbilla c\u00f3moda y conveniente de estilo taza suave para mayor seguridad y estabilidad, se quita libremente. Equipado con un paquete de adhesivos reflectantes para casco, proporciona una protecci\u00f3n segura en trabajos al aire libre en la oscuridad. Visera de humo f\u00e1cil de levantar que proporciona protecci\u00f3n para los ojos en la luz solar intensa y protecci\u00f3n contra escombros<\/span><\/p>\n<ul>\n<li>Cascos duros con visera para ayudar a completar sistemas de seguridad completos por encima del cuello.<\/li>\n<li>Equipado con calcoman\u00edas reflectantes para casco duro, proporciona una protecci\u00f3n en el trabajo al aire libre y en el trabajo al aire libre.<\/li>\n<li>La visera f\u00e1cil abatible proporciona protecci\u00f3n ocular bajo la luz solar fuerte y protecci\u00f3n contra los desechos.<\/li>\n<li>Los orificios de ventilaci\u00f3n deslizantes permiten una f\u00e1cil apertura y cierre en funci\u00f3n de las condiciones clim\u00e1ticas.<\/li>\n<li>El casco de seguridad tiene un dise\u00f1o de alta visibilidad adecuado para trabajos oscuros.<\/li>\n<\/ul>\n<p>El casco de seguridad AOLAMEGS est\u00e1 hecho de materiales ABS resistentes a la penetraci\u00f3n de alto impacto, ligero, fuerte y c\u00f3modo. Una buena opci\u00f3n para proteger las cabezas contra objetos que caen, impactos, golpes y rasgu\u00f1os. Los cascos de seguridad AOLAMEGS cumplen con las normas ANSI Z89.1-2014 Tipo I Clase C, las viseras cumplen con las normas ANSI Z87.1-2015<\/p>\n<p><img decoding=\"async\" class=\"aligncenter\" src=\"https:\/\/m.media-amazon.com\/images\/S\/aplus-media-library-service-media\/d69540c5-c9de-4676-82d9-66f6a988bf38.__CR0,0,970,600_PT0_SX970_V1___.jpg\" alt=\"Casco de seguridad con agujero de ventilaci\u00f3n ajustable con visera para construcci\u00f3n, color amarillo\" \/><\/p>\n<p><img decoding=\"async\" src=\"https:\/\/m.media-amazon.com\/images\/S\/aplus-media-library-service-media\/d0c59513-4ba2-4e49-bb61-4cd6679171c1.__CR0,0,1660,1820_PT0_SX166_V1___.jpg\" alt=\"Casco aprobado por ANSI Z89.1\" \/><img decoding=\"async\" src=\"https:\/\/m.media-amazon.com\/images\/S\/aplus-media-library-service-media\/192e6c1a-c81f-4f5b-a904-57c7c7621dae.__CR0,0,1660,1820_PT0_SX166_V1___.jpg\" alt=\"Hardhat para hombre y mujer\" \/><img decoding=\"async\" src=\"https:\/\/m.media-amazon.com\/images\/S\/aplus-media-library-service-media\/c3979e4a-171c-49ba-8cd4-461de082c68c.__CR292,0,1279,1600_PT0_SX362_V1___.jpg\" \/><img decoding=\"async\" src=\"https:\/\/m.media-amazon.com\/images\/S\/aplus-media-library-service-media\/d5c7b4c2-9070-4b23-977d-90f586d941ea.__CR0,0,1660,1820_PT0_SX166_V1___.jpg\" alt=\"ABS Hard Hat\" \/><img decoding=\"async\" src=\"https:\/\/m.media-amazon.com\/images\/S\/aplus-media-library-service-media\/d5c7b4c2-9070-4b23-977d-90f586d941ea.__CR0,0,1660,1820_PT0_SX166_V1___.jpg\" alt=\"ABS Hard Hat\" \/><\/p>\n<p><img decoding=\"async\" class=\"aligncenter\" src=\"https:\/\/m.media-amazon.com\/images\/S\/aplus-media-library-service-media\/840e1f64-e152-47ec-b960-88ba35477ac0.__CR0,0,970,600_PT0_SX970_V1___.jpg\" alt=\"AOLAMEGS - Sombreros de seguridad con ventilaci\u00f3n ajustable con visera\" \/><img decoding=\"async\" class=\"aligncenter\" src=\"https:\/\/m.media-amazon.com\/images\/S\/aplus-media-library-service-media\/1d320804-97ce-4918-94f5-bddbf3e2e823.__CR0,0,970,600_PT0_SX970_V1___.jpg\" alt=\"Dise\u00f1o de ranura de sombrero duro: puntos de fijaci\u00f3n para visera de faros\" \/><img decoding=\"async\" class=\"aligncenter\" src=\"https:\/\/m.media-amazon.com\/images\/S\/aplus-media-library-service-media\/a6e308ac-58fa-4a21-a110-e0014871fa3f.__CR0,0,970,600_PT0_SX970_V1___.jpg\" alt=\"Casco de construcci\u00f3n: sistema de suspensi\u00f3n para mayor protecci\u00f3n contra impactos superior\" \/><\/p>\n<div class=\"celwidget aplus-module 3p-module-b aplus-standard\" data-csa-c-id=\"pf0wzx-bvesds-e5agc0-nb46q3\" data-cel-widget=\"aplus-3p-module-b\">\n<div class=\"aplus-module-wrapper aplus-3p-fixed-width\">\n<h3 class=\"a-spacing-mini\">Caracter\u00edsticas de los sombreros duros de seguridad AOLAMEGS<\/h3>\n<p class=\"a-spacing-base\">El sistema de ventilaci\u00f3n deslizante y transpirable en la parte superior del casco proporciona la m\u00e1xima adaptabilidad. Puntos de fijaci\u00f3n para faros, visera y orejeras. Braga de barbilla con copa para mayor seguridad. Sistema de suspensi\u00f3n para protecci\u00f3n adicional contra impactos superiores. Banda de sudor c\u00f3moda desarrollada espec\u00edficamente para aplicaciones de construcci\u00f3n. Ajuste lateral de la correa de la barbilla. Tama\u00f1o universal<\/p>\n<\/div>\n<\/div>\n<div class=\"celwidget aplus-module 3p-module-b aplus-standard\" data-csa-c-id=\"hygibk-quewbs-ow3rtg-q1cwbv\" data-cel-widget=\"aplus-3p-module-b\">\n<div class=\"aplus-module-wrapper aplus-3p-fixed-width\"><img decoding=\"async\" class=\"a-spacing-base aligncenter\" src=\"https:\/\/m.media-amazon.com\/images\/S\/aplus-media-library-service-media\/55d97318-105d-4107-b9f7-7314461581e3.__CR0,0,970,600_PT0_SX970_V1___.jpg\" alt=\"Ocasi\u00f3n aplicable: trabajo industrial de construcci\u00f3n de rescate\" data-src=\"https:\/\/m.media-amazon.com\/images\/S\/aplus-media-library-service-media\/55d97318-105d-4107-b9f7-7314461581e3.__CR0,0,970,600_PT0_SX970_V1___.jpg\" \/><img decoding=\"async\" src=\"https:\/\/m.media-amazon.com\/images\/I\/71iNx1+xBxL._AC_SL1500_.jpg\" \/><img decoding=\"async\" src=\"https:\/\/m.media-amazon.com\/images\/I\/81A5WZ3ZAbL._AC_SL1500_.jpg\" \/><img decoding=\"async\" src=\"https:\/\/m.media-amazon.com\/images\/I\/71LskCZa5GL._AC_SL1500_.jpg\" \/><\/div>\n<\/div>\n<p>&nbsp;<\/p>\n<p>&nbsp;<\/p>\n<p>&nbsp;<\/p>\n","protected":false},"excerpt":{"rendered":"<p>&#8211; Materiales ABS de alto impacto<br \/>\n&#8211; Color Sombrero duro blanco con visera transparente<br \/>\n&#8211; 10 rejillas de ventilaci\u00f3n ajustables para circulaci\u00f3n de aire<br \/>\n&#8211; Visera transparente antiara\u00f1azos<br \/>\n&#8211; Dise\u00f1o para montar faros, protectores faciales, orejeras, kits forestales<br \/>\n&#8211; Suspensi\u00f3n de trinquete Sombrero duro de seguridad con suspensi\u00f3n de trinquete de 6 puntos con correa de barbilla<br \/>\n&#8211; Ajuste Talla cabezales de 6 1\/2 a 8 pulgadas<br \/>\n&#8211; Ideal para Construcci\u00f3n, trabajo en altura, trabajo general, escalada de \u00e1rboles, casco arborista, seguridad y rescate<br \/>\n&#8211; Certificaci\u00f3n ANSI Z89.1, tipo 1, clase C construcci\u00f3n de sombreros duros aprobados por Osha<\/p>\n","protected":false},"featured_media":33466,"comment_status":"open","ping_status":"closed","template":"","meta":{"jetpack_publicize_message":"","jetpack_publicize_feature_enabled":true,"jetpack_social_post_already_shared":true,"jetpack_social_options":{"image_generator_settings":{"template":"highway","default_image_id":0,"font":"","enabled":false},"version":2}},"pwb-brand":[],"product_brand":[],"product_cat":[15],"product_tag":[],"class_list":{"0":"post-33459","1":"product","2":"type-product","3":"status-publish","4":"has-post-thumbnail","6":"product_cat-uncategorized","8":"first","9":"instock","10":"taxable","11":"shipping-taxable","12":"purchasable","13":"product-type-simple"},"yoast_head":"<!-- This site is optimized with the Yoast SEO Premium plugin v25.7.1 (Yoast SEO v26.8) - https:\/\/yoast.com\/product\/yoast-seo-premium-wordpress\/ -->\n<title>Casco de Seguridad Certificado con Visera Correas para la Barbilla Reflectantes y ABS Aolamegs - Mivoot<\/title>\n<meta name=\"robots\" content=\"index, follow, max-snippet:-1, max-image-preview:large, max-video-preview:-1\" \/>\n<link rel=\"canonical\" href=\"https:\/\/mivoot.com\/gt\/producto\/casco-de-seguridad-certificado-con-visera-correas-para-la-barbilla-reflectantes-y-abs-aolamegs\/\" \/>\n<meta property=\"og:locale\" content=\"es_ES\" \/>\n<meta property=\"og:type\" content=\"article\" \/>\n<meta property=\"og:title\" content=\"Casco de Seguridad Certificado con Visera Correas para la Barbilla Reflectantes y ABS Aolamegs\" \/>\n<meta property=\"og:description\" content=\"- Materiales ABS de alto impacto - Color Sombrero duro blanco con visera transparente - 10 rejillas de ventilaci\u00f3n ajustables para circulaci\u00f3n de aire - Visera transparente antiara\u00f1azos - Dise\u00f1o para montar faros, protectores faciales, orejeras, kits forestales - Suspensi\u00f3n de trinquete Sombrero duro de seguridad con suspensi\u00f3n de trinquete de 6 puntos con correa de barbilla - Ajuste Talla cabezales de 6 1\/2 a 8 pulgadas - Ideal para Construcci\u00f3n, trabajo en altura, trabajo general, escalada de \u00e1rboles, casco arborista, seguridad y rescate - Certificaci\u00f3n ANSI Z89.1, tipo 1, clase C construcci\u00f3n de sombreros duros aprobados por Osha\" \/>\n<meta property=\"og:url\" content=\"https:\/\/mivoot.com\/gt\/producto\/casco-de-seguridad-certificado-con-visera-correas-para-la-barbilla-reflectantes-y-abs-aolamegs\/\" \/>\n<meta property=\"og:site_name\" content=\"Mivoot\" \/>\n<meta property=\"article:publisher\" content=\"https:\/\/www.facebook.com\/mivootgt\" \/>\n<meta property=\"article:modified_time\" content=\"2026-04-24T00:09:52+00:00\" \/>\n<meta property=\"og:image\" content=\"https:\/\/mivoot.com\/gt\/wp-content\/uploads\/2026\/04\/casco-white-06.jpg\" \/>\n\t<meta property=\"og:image:width\" content=\"1500\" \/>\n\t<meta property=\"og:image:height\" content=\"1500\" \/>\n\t<meta property=\"og:image:type\" content=\"image\/jpeg\" \/>\n<meta name=\"twitter:card\" content=\"summary_large_image\" \/>\n<meta name=\"twitter:label1\" content=\"Est. reading time\" \/>\n\t<meta name=\"twitter:data1\" content=\"5 minutos\" \/>\n<script type=\"application\/ld+json\" class=\"yoast-schema-graph\">{\"@context\":\"https:\/\/schema.org\",\"@graph\":[{\"@type\":\"WebPage\",\"@id\":\"https:\/\/mivoot.com\/gt\/producto\/casco-de-seguridad-certificado-con-visera-correas-para-la-barbilla-reflectantes-y-abs-aolamegs\/\",\"url\":\"https:\/\/mivoot.com\/gt\/producto\/casco-de-seguridad-certificado-con-visera-correas-para-la-barbilla-reflectantes-y-abs-aolamegs\/\",\"name\":\"Casco de Seguridad Certificado con Visera Correas para la Barbilla Reflectantes y ABS Aolamegs - Mivoot\",\"isPartOf\":{\"@id\":\"https:\/\/mivoot.com\/gt\/#website\"},\"primaryImageOfPage\":{\"@id\":\"https:\/\/mivoot.com\/gt\/producto\/casco-de-seguridad-certificado-con-visera-correas-para-la-barbilla-reflectantes-y-abs-aolamegs\/#primaryimage\"},\"image\":{\"@id\":\"https:\/\/mivoot.com\/gt\/producto\/casco-de-seguridad-certificado-con-visera-correas-para-la-barbilla-reflectantes-y-abs-aolamegs\/#primaryimage\"},\"thumbnailUrl\":\"https:\/\/mivoot.com\/gt\/wp-content\/uploads\/2026\/04\/casco-white-06.jpg\",\"datePublished\":\"2026-04-24T00:06:04+00:00\",\"dateModified\":\"2026-04-24T00:09:52+00:00\",\"breadcrumb\":{\"@id\":\"https:\/\/mivoot.com\/gt\/producto\/casco-de-seguridad-certificado-con-visera-correas-para-la-barbilla-reflectantes-y-abs-aolamegs\/#breadcrumb\"},\"inLanguage\":\"es\",\"potentialAction\":[{\"@type\":\"ReadAction\",\"target\":[\"https:\/\/mivoot.com\/gt\/producto\/casco-de-seguridad-certificado-con-visera-correas-para-la-barbilla-reflectantes-y-abs-aolamegs\/\"]}]},{\"@type\":\"ImageObject\",\"inLanguage\":\"es\",\"@id\":\"https:\/\/mivoot.com\/gt\/producto\/casco-de-seguridad-certificado-con-visera-correas-para-la-barbilla-reflectantes-y-abs-aolamegs\/#primaryimage\",\"url\":\"https:\/\/mivoot.com\/gt\/wp-content\/uploads\/2026\/04\/casco-white-06.jpg\",\"contentUrl\":\"https:\/\/mivoot.com\/gt\/wp-content\/uploads\/2026\/04\/casco-white-06.jpg\",\"width\":1500,\"height\":1500},{\"@type\":\"BreadcrumbList\",\"@id\":\"https:\/\/mivoot.com\/gt\/producto\/casco-de-seguridad-certificado-con-visera-correas-para-la-barbilla-reflectantes-y-abs-aolamegs\/#breadcrumb\",\"itemListElement\":[{\"@type\":\"ListItem\",\"position\":1,\"name\":\"Inicio\",\"item\":\"https:\/\/mivoot.com\/gt\/\"},{\"@type\":\"ListItem\",\"position\":2,\"name\":\"Productos\",\"item\":\"https:\/\/mivoot.com\/gt\/producto\/\"},{\"@type\":\"ListItem\",\"position\":3,\"name\":\"Casco de Seguridad Certificado con Visera Correas para la Barbilla Reflectantes y ABS Aolamegs\"}]},{\"@type\":\"WebSite\",\"@id\":\"https:\/\/mivoot.com\/gt\/#website\",\"url\":\"https:\/\/mivoot.com\/gt\/\",\"name\":\"Mivoot\",\"description\":\"Mivoot Guatemala | Tienda Online\",\"publisher\":{\"@id\":\"https:\/\/mivoot.com\/gt\/#organization\"},\"alternateName\":\"mivoot\",\"potentialAction\":[{\"@type\":\"SearchAction\",\"target\":{\"@type\":\"EntryPoint\",\"urlTemplate\":\"https:\/\/mivoot.com\/gt\/?s={search_term_string}\"},\"query-input\":{\"@type\":\"PropertyValueSpecification\",\"valueRequired\":true,\"valueName\":\"search_term_string\"}}],\"inLanguage\":\"es\"},{\"@type\":\"Organization\",\"@id\":\"https:\/\/mivoot.com\/gt\/#organization\",\"name\":\"Mivoot Guatemala\",\"alternateName\":\"mivoot.com\",\"url\":\"https:\/\/mivoot.com\/gt\/\",\"logo\":{\"@type\":\"ImageObject\",\"inLanguage\":\"es\",\"@id\":\"https:\/\/mivoot.com\/gt\/#\/schema\/logo\/image\/\",\"url\":\"https:\/\/mivoot.com\/gt\/wp-content\/uploads\/2023\/03\/cropped-icon.png\",\"contentUrl\":\"https:\/\/mivoot.com\/gt\/wp-content\/uploads\/2023\/03\/cropped-icon.png\",\"width\":512,\"height\":512,\"caption\":\"Mivoot Guatemala\"},\"image\":{\"@id\":\"https:\/\/mivoot.com\/gt\/#\/schema\/logo\/image\/\"},\"sameAs\":[\"https:\/\/www.facebook.com\/mivootgt\",\"https:\/\/instagram.com\/mivoot\"]}]}<\/script>\n<!-- \/ Yoast SEO Premium plugin. -->","yoast_head_json":{"title":"Casco de Seguridad Certificado con Visera Correas para la Barbilla Reflectantes y ABS Aolamegs - Mivoot","robots":{"index":"index","follow":"follow","max-snippet":"max-snippet:-1","max-image-preview":"max-image-preview:large","max-video-preview":"max-video-preview:-1"},"canonical":"https:\/\/mivoot.com\/gt\/producto\/casco-de-seguridad-certificado-con-visera-correas-para-la-barbilla-reflectantes-y-abs-aolamegs\/","og_locale":"es_ES","og_type":"article","og_title":"Casco de Seguridad Certificado con Visera Correas para la Barbilla Reflectantes y ABS Aolamegs","og_description":"- Materiales ABS de alto impacto - Color Sombrero duro blanco con visera transparente - 10 rejillas de ventilaci\u00f3n ajustables para circulaci\u00f3n de aire - Visera transparente antiara\u00f1azos - Dise\u00f1o para montar faros, protectores faciales, orejeras, kits forestales - Suspensi\u00f3n de trinquete Sombrero duro de seguridad con suspensi\u00f3n de trinquete de 6 puntos con correa de barbilla - Ajuste Talla cabezales de 6 1\/2 a 8 pulgadas - Ideal para Construcci\u00f3n, trabajo en altura, trabajo general, escalada de \u00e1rboles, casco arborista, seguridad y rescate - Certificaci\u00f3n ANSI Z89.1, tipo 1, clase C construcci\u00f3n de sombreros duros aprobados por Osha","og_url":"https:\/\/mivoot.com\/gt\/producto\/casco-de-seguridad-certificado-con-visera-correas-para-la-barbilla-reflectantes-y-abs-aolamegs\/","og_site_name":"Mivoot","article_publisher":"https:\/\/www.facebook.com\/mivootgt","article_modified_time":"2026-04-24T00:09:52+00:00","og_image":[{"width":1500,"height":1500,"url":"https:\/\/mivoot.com\/gt\/wp-content\/uploads\/2026\/04\/casco-white-06.jpg","type":"image\/jpeg"}],"twitter_card":"summary_large_image","twitter_misc":{"Est. reading time":"5 minutos"},"schema":{"@context":"https:\/\/schema.org","@graph":[{"@type":"WebPage","@id":"https:\/\/mivoot.com\/gt\/producto\/casco-de-seguridad-certificado-con-visera-correas-para-la-barbilla-reflectantes-y-abs-aolamegs\/","url":"https:\/\/mivoot.com\/gt\/producto\/casco-de-seguridad-certificado-con-visera-correas-para-la-barbilla-reflectantes-y-abs-aolamegs\/","name":"Casco de Seguridad Certificado con Visera Correas para la Barbilla Reflectantes y ABS Aolamegs - Mivoot","isPartOf":{"@id":"https:\/\/mivoot.com\/gt\/#website"},"primaryImageOfPage":{"@id":"https:\/\/mivoot.com\/gt\/producto\/casco-de-seguridad-certificado-con-visera-correas-para-la-barbilla-reflectantes-y-abs-aolamegs\/#primaryimage"},"image":{"@id":"https:\/\/mivoot.com\/gt\/producto\/casco-de-seguridad-certificado-con-visera-correas-para-la-barbilla-reflectantes-y-abs-aolamegs\/#primaryimage"},"thumbnailUrl":"https:\/\/mivoot.com\/gt\/wp-content\/uploads\/2026\/04\/casco-white-06.jpg","datePublished":"2026-04-24T00:06:04+00:00","dateModified":"2026-04-24T00:09:52+00:00","breadcrumb":{"@id":"https:\/\/mivoot.com\/gt\/producto\/casco-de-seguridad-certificado-con-visera-correas-para-la-barbilla-reflectantes-y-abs-aolamegs\/#breadcrumb"},"inLanguage":"es","potentialAction":[{"@type":"ReadAction","target":["https:\/\/mivoot.com\/gt\/producto\/casco-de-seguridad-certificado-con-visera-correas-para-la-barbilla-reflectantes-y-abs-aolamegs\/"]}]},{"@type":"ImageObject","inLanguage":"es","@id":"https:\/\/mivoot.com\/gt\/producto\/casco-de-seguridad-certificado-con-visera-correas-para-la-barbilla-reflectantes-y-abs-aolamegs\/#primaryimage","url":"https:\/\/mivoot.com\/gt\/wp-content\/uploads\/2026\/04\/casco-white-06.jpg","contentUrl":"https:\/\/mivoot.com\/gt\/wp-content\/uploads\/2026\/04\/casco-white-06.jpg","width":1500,"height":1500},{"@type":"BreadcrumbList","@id":"https:\/\/mivoot.com\/gt\/producto\/casco-de-seguridad-certificado-con-visera-correas-para-la-barbilla-reflectantes-y-abs-aolamegs\/#breadcrumb","itemListElement":[{"@type":"ListItem","position":1,"name":"Inicio","item":"https:\/\/mivoot.com\/gt\/"},{"@type":"ListItem","position":2,"name":"Productos","item":"https:\/\/mivoot.com\/gt\/producto\/"},{"@type":"ListItem","position":3,"name":"Casco de Seguridad Certificado con Visera Correas para la Barbilla Reflectantes y ABS Aolamegs"}]},{"@type":"WebSite","@id":"https:\/\/mivoot.com\/gt\/#website","url":"https:\/\/mivoot.com\/gt\/","name":"Mivoot","description":"Mivoot Guatemala | Tienda Online","publisher":{"@id":"https:\/\/mivoot.com\/gt\/#organization"},"alternateName":"mivoot","potentialAction":[{"@type":"SearchAction","target":{"@type":"EntryPoint","urlTemplate":"https:\/\/mivoot.com\/gt\/?s={search_term_string}"},"query-input":{"@type":"PropertyValueSpecification","valueRequired":true,"valueName":"search_term_string"}}],"inLanguage":"es"},{"@type":"Organization","@id":"https:\/\/mivoot.com\/gt\/#organization","name":"Mivoot Guatemala","alternateName":"mivoot.com","url":"https:\/\/mivoot.com\/gt\/","logo":{"@type":"ImageObject","inLanguage":"es","@id":"https:\/\/mivoot.com\/gt\/#\/schema\/logo\/image\/","url":"https:\/\/mivoot.com\/gt\/wp-content\/uploads\/2023\/03\/cropped-icon.png","contentUrl":"https:\/\/mivoot.com\/gt\/wp-content\/uploads\/2023\/03\/cropped-icon.png","width":512,"height":512,"caption":"Mivoot Guatemala"},"image":{"@id":"https:\/\/mivoot.com\/gt\/#\/schema\/logo\/image\/"},"sameAs":["https:\/\/www.facebook.com\/mivootgt","https:\/\/instagram.com\/mivoot"]}]}},"jetpack_publicize_connections":[],"jetpack_sharing_enabled":true,"brands":[],"_links":{"self":[{"href":"https:\/\/mivoot.com\/gt\/wp-json\/wp\/v2\/product\/33459","targetHints":{"allow":["GET"]}}],"collection":[{"href":"https:\/\/mivoot.com\/gt\/wp-json\/wp\/v2\/product"}],"about":[{"href":"https:\/\/mivoot.com\/gt\/wp-json\/wp\/v2\/types\/product"}],"replies":[{"embeddable":true,"href":"https:\/\/mivoot.com\/gt\/wp-json\/wp\/v2\/comments?post=33459"}],"version-history":[{"count":1,"href":"https:\/\/mivoot.com\/gt\/wp-json\/wp\/v2\/product\/33459\/revisions"}],"predecessor-version":[{"id":33467,"href":"https:\/\/mivoot.com\/gt\/wp-json\/wp\/v2\/product\/33459\/revisions\/33467"}],"wp:featuredmedia":[{"embeddable":true,"href":"https:\/\/mivoot.com\/gt\/wp-json\/wp\/v2\/media\/33466"}],"wp:attachment":[{"href":"https:\/\/mivoot.com\/gt\/wp-json\/wp\/v2\/media?parent=33459"}],"wp:term":[{"taxonomy":"pwb-brand","embeddable":true,"href":"https:\/\/mivoot.com\/gt\/wp-json\/wp\/v2\/pwb-brand?post=33459"},{"taxonomy":"product_brand","embeddable":true,"href":"https:\/\/mivoot.com\/gt\/wp-json\/wp\/v2\/product_brand?post=33459"},{"taxonomy":"product_cat","embeddable":true,"href":"https:\/\/mivoot.com\/gt\/wp-json\/wp\/v2\/product_cat?post=33459"},{"taxonomy":"product_tag","embeddable":true,"href":"https:\/\/mivoot.com\/gt\/wp-json\/wp\/v2\/product_tag?post=33459"}],"curies":[{"name":"wp","href":"https:\/\/api.w.org\/{rel}","templated":true}]}}