{"id":33613,"date":"2026-05-05T13:39:07","date_gmt":"2026-05-05T19:39:07","guid":{"rendered":"https:\/\/mivoot.com\/gt\/?post_type=product&#038;p=33613"},"modified":"2026-05-05T13:39:08","modified_gmt":"2026-05-05T19:39:08","slug":"monitor-touch-pc-all-in-one-15-8gb-ram-240ssd-p415-3nstar","status":"publish","type":"product","link":"https:\/\/mivoot.com\/gt\/producto\/monitor-touch-pc-all-in-one-15-8gb-ram-240ssd-p415-3nstar\/","title":{"rendered":"Monitor Touch PC All-In-One 15&#8243; 8GB Ram 240SSD P415 3nstar"},"content":{"rendered":"<h1 style=\"text-align: center;\">Monitor Touch PC All-In-One 15&#8243; 8GB Ram 240SSD Win 11 Intel N95\/N97 P415 3nstar<\/h1>\n<p>El 3nStar P4 es una soluci\u00f3n POS todo en uno elegante, compacta y potente dise\u00f1ada para empresas que exigen estilo y rendimiento. Construido con una carcasa de aluminio fundido a presi\u00f3n para mayor durabilidad, el P4 combina una est\u00e9tica moderna con tecnolog\u00eda confiable.<\/p>\n<p>Disponible con procesadores Intel\u00ae N95, N97 o Core\u2122 i5 de 12.\u00aa generaci\u00f3n, se adapta a diferentes necesidades de rendimiento manteniendo un tama\u00f1o reducido. Con memoria expandible, almacenamiento SSD de alta velocidad y opciones de conectividad flexibles, el P4 ofrece una experiencia de compra perfecta para el comercio minorista, la hosteler\u00eda y m\u00e1s.<\/p>\n<p>F\u00e1cil actualizaci\u00f3n y mantenimiento con acceso directo a memoria, disco y Wi-Fi<\/p>\n<ul>\n<li>\u2022 Pantalla t\u00e1ctil multit\u00e1ctil capacitiva de 15&#8243;: Proporciona una imagen m\u00e1s brillante y un tacto m\u00e1s sensible.<\/li>\n<li>Placa base industrial sin ventilador con Intel N95, N97 o Core i5: eficiente, estable y confiable.<\/li>\n<li>8 GB de RAM ampliable a 32 GB<\/li>\n<li>Disco duro en estado s\u00f3lido de 240 GB ampliable a 1 TB<\/li>\n<li>\u00a0Doble banda opcional 802.11ac, a\/b\/g, n WiFi y BT<\/li>\n<li>\u00a0Amplia conectividad de puertos<\/li>\n<li>Pantalla del cliente opcional LCD de 10,1&#8243; para una mejor interacci\u00f3n con el cliente<\/li>\n<li>Admite PXE (entorno de ejecuci\u00f3n previo al arranque) que permite ser configurado y arrancado de forma remota por unadministrador<\/li>\n<li>Compatible con la mayor\u00eda de las versiones de Windows y Linux<\/li>\n<\/ul>\n<p><img decoding=\"async\" src=\"https:\/\/3nstar.com\/wp-content\/uploads\/2025\/11\/P4_-Carrusel-06-1.jpg\" alt=\"P4_-Carrusel-06\" \/><img decoding=\"async\" class=\"aligncenter\" src=\"https:\/\/3nstar.com\/wp-content\/uploads\/2025\/11\/gale1-e1765057748631.jpg\" \/><img decoding=\"async\" class=\"aligncenter\" src=\"https:\/\/3nstar.com\/wp-content\/uploads\/2025\/11\/gale2-e1765057822515.jpg\" \/><img decoding=\"async\" class=\"aligncenter\" src=\"https:\/\/3nstar.com\/wp-content\/uploads\/2025\/11\/gale4-e1765057902211.jpg\" \/><img decoding=\"async\" class=\"aligncenter\" src=\"https:\/\/3nstar.com\/wp-content\/uploads\/2025\/11\/gale3.jpg\" \/><\/p>\n<p>&nbsp;<\/p>\n","protected":false},"excerpt":{"rendered":"<p>&#8211; Sistema Operativo Windows 11<br \/>\n&#8211; Procesador Intel\u00ae N95 or N97<br \/>\n&#8211; Memoria RAM DDR4 de 8 GB ampliable a 32 GB<br \/>\n&#8211; Almacenamiento SSD m.2 PCIe de 4.\u00aa generaci\u00f3n de 240 GB ampliable a 1 TB<br \/>\n&#8211; Ethernet 10\/100\/1000M RJ45<br \/>\n&#8211; USB 2 USB 3.0, 1 USB 2.0, 4 USB 2.0 en HUB<br \/>\n&#8211; Serial RS232 2 puertos RJ50<br \/>\n&#8211; Tecnolog\u00eda Capacitivo 10 puntos.<br \/>\n&#8211; Resoluci\u00f3n LCD TFT de 1024 x 768<br \/>\n&#8211; Salida del Adaptador CC 12 V, 5 A<br \/>\n&#8211; Entrada del Adaptador Adaptador de CA 100-240 V, 50-60 HZ<br \/>\n&#8211; Peso 4.2 kg.<br \/>\n&#8211; Dimensiones 382 mm\u00d7209 mm\u00d7329 mm<\/p>\n","protected":false},"featured_media":33617,"comment_status":"open","ping_status":"closed","template":"","meta":{"jetpack_publicize_message":"","jetpack_publicize_feature_enabled":true,"jetpack_social_post_already_shared":true,"jetpack_social_options":{"image_generator_settings":{"template":"highway","default_image_id":0,"font":"","enabled":false},"version":2}},"pwb-brand":[312],"product_brand":[],"product_cat":[309],"product_tag":[],"class_list":{"0":"post-33613","1":"product","2":"type-product","3":"status-publish","4":"has-post-thumbnail","6":"pwb-brand-3nstar","7":"product_cat-monitoresallinone","9":"first","10":"instock","11":"taxable","12":"shipping-taxable","13":"product-type-simple"},"yoast_head":"<!-- This site is optimized with the Yoast SEO Premium plugin v25.7.1 (Yoast SEO v26.8) - https:\/\/yoast.com\/product\/yoast-seo-premium-wordpress\/ -->\n<title>Monitor Touch PC All-In-One 15&quot; 8GB Ram 240SSD P415 3nstar - Mivoot<\/title>\n<meta name=\"robots\" content=\"index, follow, max-snippet:-1, max-image-preview:large, max-video-preview:-1\" \/>\n<link rel=\"canonical\" href=\"https:\/\/mivoot.com\/gt\/producto\/monitor-touch-pc-all-in-one-15-8gb-ram-240ssd-p415-3nstar\/\" \/>\n<meta property=\"og:locale\" content=\"es_ES\" \/>\n<meta property=\"og:type\" content=\"article\" \/>\n<meta property=\"og:title\" content=\"Monitor Touch PC All-In-One 15&quot; 8GB Ram 240SSD P415 3nstar\" \/>\n<meta property=\"og:description\" content=\"- Sistema Operativo Windows 11 - Procesador Intel\u00ae N95 or N97 - Memoria RAM DDR4 de 8 GB ampliable a 32 GB - Almacenamiento SSD m.2 PCIe de 4.\u00aa generaci\u00f3n de 240 GB ampliable a 1 TB - Ethernet 10\/100\/1000M RJ45 - USB 2 USB 3.0, 1 USB 2.0, 4 USB 2.0 en HUB - Serial RS232 2 puertos RJ50  - Tecnolog\u00eda Capacitivo 10 puntos. - Resoluci\u00f3n LCD TFT de 1024 x 768 - Salida del Adaptador CC 12 V, 5 A - Entrada del Adaptador Adaptador de CA 100-240 V, 50-60 HZ - Peso 4.2 kg. - Dimensiones 382 mm\u00d7209 mm\u00d7329 mm\" \/>\n<meta property=\"og:url\" content=\"https:\/\/mivoot.com\/gt\/producto\/monitor-touch-pc-all-in-one-15-8gb-ram-240ssd-p415-3nstar\/\" \/>\n<meta property=\"og:site_name\" content=\"Mivoot\" \/>\n<meta property=\"article:publisher\" content=\"https:\/\/www.facebook.com\/mivootgt\" \/>\n<meta property=\"article:modified_time\" content=\"2026-05-05T19:39:08+00:00\" \/>\n<meta property=\"og:image\" content=\"https:\/\/mivoot.com\/gt\/wp-content\/uploads\/2026\/05\/P4-N95N97-02.jpg\" \/>\n\t<meta property=\"og:image:width\" content=\"600\" \/>\n\t<meta property=\"og:image:height\" content=\"600\" \/>\n\t<meta property=\"og:image:type\" content=\"image\/jpeg\" \/>\n<meta name=\"twitter:card\" content=\"summary_large_image\" \/>\n<meta name=\"twitter:label1\" content=\"Est. reading time\" \/>\n\t<meta name=\"twitter:data1\" content=\"3 minutos\" \/>\n<script type=\"application\/ld+json\" class=\"yoast-schema-graph\">{\"@context\":\"https:\/\/schema.org\",\"@graph\":[{\"@type\":\"WebPage\",\"@id\":\"https:\/\/mivoot.com\/gt\/producto\/monitor-touch-pc-all-in-one-15-8gb-ram-240ssd-p415-3nstar\/\",\"url\":\"https:\/\/mivoot.com\/gt\/producto\/monitor-touch-pc-all-in-one-15-8gb-ram-240ssd-p415-3nstar\/\",\"name\":\"Monitor Touch PC All-In-One 15\\\" 8GB Ram 240SSD P415 3nstar - Mivoot\",\"isPartOf\":{\"@id\":\"https:\/\/mivoot.com\/gt\/#website\"},\"primaryImageOfPage\":{\"@id\":\"https:\/\/mivoot.com\/gt\/producto\/monitor-touch-pc-all-in-one-15-8gb-ram-240ssd-p415-3nstar\/#primaryimage\"},\"image\":{\"@id\":\"https:\/\/mivoot.com\/gt\/producto\/monitor-touch-pc-all-in-one-15-8gb-ram-240ssd-p415-3nstar\/#primaryimage\"},\"thumbnailUrl\":\"https:\/\/mivoot.com\/gt\/wp-content\/uploads\/2026\/05\/P4-N95N97-02.jpg\",\"datePublished\":\"2026-05-05T19:39:07+00:00\",\"dateModified\":\"2026-05-05T19:39:08+00:00\",\"breadcrumb\":{\"@id\":\"https:\/\/mivoot.com\/gt\/producto\/monitor-touch-pc-all-in-one-15-8gb-ram-240ssd-p415-3nstar\/#breadcrumb\"},\"inLanguage\":\"es\",\"potentialAction\":[{\"@type\":\"ReadAction\",\"target\":[\"https:\/\/mivoot.com\/gt\/producto\/monitor-touch-pc-all-in-one-15-8gb-ram-240ssd-p415-3nstar\/\"]}]},{\"@type\":\"ImageObject\",\"inLanguage\":\"es\",\"@id\":\"https:\/\/mivoot.com\/gt\/producto\/monitor-touch-pc-all-in-one-15-8gb-ram-240ssd-p415-3nstar\/#primaryimage\",\"url\":\"https:\/\/mivoot.com\/gt\/wp-content\/uploads\/2026\/05\/P4-N95N97-02.jpg\",\"contentUrl\":\"https:\/\/mivoot.com\/gt\/wp-content\/uploads\/2026\/05\/P4-N95N97-02.jpg\",\"width\":600,\"height\":600},{\"@type\":\"BreadcrumbList\",\"@id\":\"https:\/\/mivoot.com\/gt\/producto\/monitor-touch-pc-all-in-one-15-8gb-ram-240ssd-p415-3nstar\/#breadcrumb\",\"itemListElement\":[{\"@type\":\"ListItem\",\"position\":1,\"name\":\"Inicio\",\"item\":\"https:\/\/mivoot.com\/gt\/\"},{\"@type\":\"ListItem\",\"position\":2,\"name\":\"Productos\",\"item\":\"https:\/\/mivoot.com\/gt\/producto\/\"},{\"@type\":\"ListItem\",\"position\":3,\"name\":\"3nStar\",\"item\":\"https:\/\/mivoot.com\/gt\/marca\/3nstar\/\"},{\"@type\":\"ListItem\",\"position\":4,\"name\":\"Monitor Touch PC All-In-One 15&#8243; 8GB Ram 240SSD P415 3nstar\"}]},{\"@type\":\"WebSite\",\"@id\":\"https:\/\/mivoot.com\/gt\/#website\",\"url\":\"https:\/\/mivoot.com\/gt\/\",\"name\":\"Mivoot\",\"description\":\"Mivoot Guatemala | Tienda Online\",\"publisher\":{\"@id\":\"https:\/\/mivoot.com\/gt\/#organization\"},\"alternateName\":\"mivoot\",\"potentialAction\":[{\"@type\":\"SearchAction\",\"target\":{\"@type\":\"EntryPoint\",\"urlTemplate\":\"https:\/\/mivoot.com\/gt\/?s={search_term_string}\"},\"query-input\":{\"@type\":\"PropertyValueSpecification\",\"valueRequired\":true,\"valueName\":\"search_term_string\"}}],\"inLanguage\":\"es\"},{\"@type\":\"Organization\",\"@id\":\"https:\/\/mivoot.com\/gt\/#organization\",\"name\":\"Mivoot Guatemala\",\"alternateName\":\"mivoot.com\",\"url\":\"https:\/\/mivoot.com\/gt\/\",\"logo\":{\"@type\":\"ImageObject\",\"inLanguage\":\"es\",\"@id\":\"https:\/\/mivoot.com\/gt\/#\/schema\/logo\/image\/\",\"url\":\"https:\/\/mivoot.com\/gt\/wp-content\/uploads\/2023\/03\/cropped-icon.png\",\"contentUrl\":\"https:\/\/mivoot.com\/gt\/wp-content\/uploads\/2023\/03\/cropped-icon.png\",\"width\":512,\"height\":512,\"caption\":\"Mivoot Guatemala\"},\"image\":{\"@id\":\"https:\/\/mivoot.com\/gt\/#\/schema\/logo\/image\/\"},\"sameAs\":[\"https:\/\/www.facebook.com\/mivootgt\",\"https:\/\/instagram.com\/mivoot\"]}]}<\/script>\n<!-- \/ Yoast SEO Premium plugin. -->","yoast_head_json":{"title":"Monitor Touch PC All-In-One 15\" 8GB Ram 240SSD P415 3nstar - Mivoot","robots":{"index":"index","follow":"follow","max-snippet":"max-snippet:-1","max-image-preview":"max-image-preview:large","max-video-preview":"max-video-preview:-1"},"canonical":"https:\/\/mivoot.com\/gt\/producto\/monitor-touch-pc-all-in-one-15-8gb-ram-240ssd-p415-3nstar\/","og_locale":"es_ES","og_type":"article","og_title":"Monitor Touch PC All-In-One 15\" 8GB Ram 240SSD P415 3nstar","og_description":"- Sistema Operativo Windows 11 - Procesador Intel\u00ae N95 or N97 - Memoria RAM DDR4 de 8 GB ampliable a 32 GB - Almacenamiento SSD m.2 PCIe de 4.\u00aa generaci\u00f3n de 240 GB ampliable a 1 TB - Ethernet 10\/100\/1000M RJ45 - USB 2 USB 3.0, 1 USB 2.0, 4 USB 2.0 en HUB - Serial RS232 2 puertos RJ50  - Tecnolog\u00eda Capacitivo 10 puntos. - Resoluci\u00f3n LCD TFT de 1024 x 768 - Salida del Adaptador CC 12 V, 5 A - Entrada del Adaptador Adaptador de CA 100-240 V, 50-60 HZ - Peso 4.2 kg. - Dimensiones 382 mm\u00d7209 mm\u00d7329 mm","og_url":"https:\/\/mivoot.com\/gt\/producto\/monitor-touch-pc-all-in-one-15-8gb-ram-240ssd-p415-3nstar\/","og_site_name":"Mivoot","article_publisher":"https:\/\/www.facebook.com\/mivootgt","article_modified_time":"2026-05-05T19:39:08+00:00","og_image":[{"width":600,"height":600,"url":"https:\/\/mivoot.com\/gt\/wp-content\/uploads\/2026\/05\/P4-N95N97-02.jpg","type":"image\/jpeg"}],"twitter_card":"summary_large_image","twitter_misc":{"Est. reading time":"3 minutos"},"schema":{"@context":"https:\/\/schema.org","@graph":[{"@type":"WebPage","@id":"https:\/\/mivoot.com\/gt\/producto\/monitor-touch-pc-all-in-one-15-8gb-ram-240ssd-p415-3nstar\/","url":"https:\/\/mivoot.com\/gt\/producto\/monitor-touch-pc-all-in-one-15-8gb-ram-240ssd-p415-3nstar\/","name":"Monitor Touch PC All-In-One 15\" 8GB Ram 240SSD P415 3nstar - Mivoot","isPartOf":{"@id":"https:\/\/mivoot.com\/gt\/#website"},"primaryImageOfPage":{"@id":"https:\/\/mivoot.com\/gt\/producto\/monitor-touch-pc-all-in-one-15-8gb-ram-240ssd-p415-3nstar\/#primaryimage"},"image":{"@id":"https:\/\/mivoot.com\/gt\/producto\/monitor-touch-pc-all-in-one-15-8gb-ram-240ssd-p415-3nstar\/#primaryimage"},"thumbnailUrl":"https:\/\/mivoot.com\/gt\/wp-content\/uploads\/2026\/05\/P4-N95N97-02.jpg","datePublished":"2026-05-05T19:39:07+00:00","dateModified":"2026-05-05T19:39:08+00:00","breadcrumb":{"@id":"https:\/\/mivoot.com\/gt\/producto\/monitor-touch-pc-all-in-one-15-8gb-ram-240ssd-p415-3nstar\/#breadcrumb"},"inLanguage":"es","potentialAction":[{"@type":"ReadAction","target":["https:\/\/mivoot.com\/gt\/producto\/monitor-touch-pc-all-in-one-15-8gb-ram-240ssd-p415-3nstar\/"]}]},{"@type":"ImageObject","inLanguage":"es","@id":"https:\/\/mivoot.com\/gt\/producto\/monitor-touch-pc-all-in-one-15-8gb-ram-240ssd-p415-3nstar\/#primaryimage","url":"https:\/\/mivoot.com\/gt\/wp-content\/uploads\/2026\/05\/P4-N95N97-02.jpg","contentUrl":"https:\/\/mivoot.com\/gt\/wp-content\/uploads\/2026\/05\/P4-N95N97-02.jpg","width":600,"height":600},{"@type":"BreadcrumbList","@id":"https:\/\/mivoot.com\/gt\/producto\/monitor-touch-pc-all-in-one-15-8gb-ram-240ssd-p415-3nstar\/#breadcrumb","itemListElement":[{"@type":"ListItem","position":1,"name":"Inicio","item":"https:\/\/mivoot.com\/gt\/"},{"@type":"ListItem","position":2,"name":"Productos","item":"https:\/\/mivoot.com\/gt\/producto\/"},{"@type":"ListItem","position":3,"name":"3nStar","item":"https:\/\/mivoot.com\/gt\/marca\/3nstar\/"},{"@type":"ListItem","position":4,"name":"Monitor Touch PC All-In-One 15&#8243; 8GB Ram 240SSD P415 3nstar"}]},{"@type":"WebSite","@id":"https:\/\/mivoot.com\/gt\/#website","url":"https:\/\/mivoot.com\/gt\/","name":"Mivoot","description":"Mivoot Guatemala | Tienda Online","publisher":{"@id":"https:\/\/mivoot.com\/gt\/#organization"},"alternateName":"mivoot","potentialAction":[{"@type":"SearchAction","target":{"@type":"EntryPoint","urlTemplate":"https:\/\/mivoot.com\/gt\/?s={search_term_string}"},"query-input":{"@type":"PropertyValueSpecification","valueRequired":true,"valueName":"search_term_string"}}],"inLanguage":"es"},{"@type":"Organization","@id":"https:\/\/mivoot.com\/gt\/#organization","name":"Mivoot Guatemala","alternateName":"mivoot.com","url":"https:\/\/mivoot.com\/gt\/","logo":{"@type":"ImageObject","inLanguage":"es","@id":"https:\/\/mivoot.com\/gt\/#\/schema\/logo\/image\/","url":"https:\/\/mivoot.com\/gt\/wp-content\/uploads\/2023\/03\/cropped-icon.png","contentUrl":"https:\/\/mivoot.com\/gt\/wp-content\/uploads\/2023\/03\/cropped-icon.png","width":512,"height":512,"caption":"Mivoot Guatemala"},"image":{"@id":"https:\/\/mivoot.com\/gt\/#\/schema\/logo\/image\/"},"sameAs":["https:\/\/www.facebook.com\/mivootgt","https:\/\/instagram.com\/mivoot"]}]}},"jetpack_publicize_connections":[],"jetpack_sharing_enabled":true,"brands":[{"id":312,"name":"3nStar","slug":"3nstar"}],"_links":{"self":[{"href":"https:\/\/mivoot.com\/gt\/wp-json\/wp\/v2\/product\/33613","targetHints":{"allow":["GET"]}}],"collection":[{"href":"https:\/\/mivoot.com\/gt\/wp-json\/wp\/v2\/product"}],"about":[{"href":"https:\/\/mivoot.com\/gt\/wp-json\/wp\/v2\/types\/product"}],"replies":[{"embeddable":true,"href":"https:\/\/mivoot.com\/gt\/wp-json\/wp\/v2\/comments?post=33613"}],"version-history":[{"count":1,"href":"https:\/\/mivoot.com\/gt\/wp-json\/wp\/v2\/product\/33613\/revisions"}],"predecessor-version":[{"id":33620,"href":"https:\/\/mivoot.com\/gt\/wp-json\/wp\/v2\/product\/33613\/revisions\/33620"}],"wp:featuredmedia":[{"embeddable":true,"href":"https:\/\/mivoot.com\/gt\/wp-json\/wp\/v2\/media\/33617"}],"wp:attachment":[{"href":"https:\/\/mivoot.com\/gt\/wp-json\/wp\/v2\/media?parent=33613"}],"wp:term":[{"taxonomy":"pwb-brand","embeddable":true,"href":"https:\/\/mivoot.com\/gt\/wp-json\/wp\/v2\/pwb-brand?post=33613"},{"taxonomy":"product_brand","embeddable":true,"href":"https:\/\/mivoot.com\/gt\/wp-json\/wp\/v2\/product_brand?post=33613"},{"taxonomy":"product_cat","embeddable":true,"href":"https:\/\/mivoot.com\/gt\/wp-json\/wp\/v2\/product_cat?post=33613"},{"taxonomy":"product_tag","embeddable":true,"href":"https:\/\/mivoot.com\/gt\/wp-json\/wp\/v2\/product_tag?post=33613"}],"curies":[{"name":"wp","href":"https:\/\/api.w.org\/{rel}","templated":true}]}}