{"id":33621,"date":"2026-05-05T17:26:13","date_gmt":"2026-05-05T23:26:13","guid":{"rendered":"https:\/\/mivoot.com\/gt\/?post_type=product&#038;p=33621"},"modified":"2026-05-05T17:43:03","modified_gmt":"2026-05-05T23:43:03","slug":"monitor-pantalla-para-cocina-kds-15-6-audry-a5-parther","status":"publish","type":"product","link":"https:\/\/mivoot.com\/gt\/producto\/monitor-pantalla-para-cocina-kds-15-6-audry-a5-parther\/","title":{"rendered":"Monitor Pantalla para Cocina KDS 15.6&#8243; Celeron J6412 8GB RAM 256 SSD Win10 AUDRY A5 Parther"},"content":{"rendered":"<h1 style=\"text-align: center;\">Monitor Pantalla para Cocina KDS 15.6&#8243; Celeron J6412 8GB RAM 256 SSD Win10 AUDRY A5 Parther<\/h1>\n<p><span dir=\"auto\">D\u00edgale adi\u00f3s a las impresoras obsoletas y a los sistemas de pedidos en papel. Este sistema de visualizaci\u00f3n para cocina (KDS) elimina la necesidad de consumibles de impresora, reduciendo los costos y el desorden. Y lo que es m\u00e1s importante, mejora la comunicaci\u00f3n entre el personal de sala y el de cocina con actualizaciones digitales en tiempo real.<\/span><\/p>\n<p><span dir=\"auto\">El KDS A5II es un ordenador robusto con pantalla t\u00e1ctil Full HD de 15,6 pulgadas, dise\u00f1ado espec\u00edficamente para entornos de cocina exigentes. Al integrarse con su software de pedidos, el KDS A5II optimiza las operaciones de la cocina con actualizaciones de pedidos en tiempo real, lo que ayuda a reducir errores, mejorar los tiempos de respuesta y aumentar la eficiencia general.<\/span><\/p>\n<p style=\"text-align: center;\">El sistema de visualizaci\u00f3n de cocina reemplaza la operaci\u00f3n basada en impresora y papel para mejorar la productividad con menos errores y un tiempo de respuesta r\u00e1pido.<br \/>\nEquipada con la revolucionaria tecnolog\u00eda \u00aba prueba de vapor\u00bb, Audrey KDS est\u00e1 dise\u00f1ada y construida espec\u00edficamente para soportar entornos de cocina comercial dif\u00edciles.<br \/>\nLa conexi\u00f3n es posible entre el pedido de POS, en l\u00ednea, tableta y KIOSK interactivo. El Audrey KDS tambi\u00e9n admite una segunda extensi\u00f3n de pantalla.<\/p>\n<p>&nbsp;<\/p>\n<ul class=\"arrowList\">\n<li><span dir=\"auto\">Pantalla t\u00e1ctil de 15,6 pulgadas<\/span><\/li>\n<li><span dir=\"auto\">Disponible para Microsoft Windows 10\/11, Android o Linux Ubuntu.<\/span><\/li>\n<li><span dir=\"auto\">Procesador Intel de alto rendimiento y dise\u00f1o sin ventilador.<\/span><\/li>\n<li><span dir=\"auto\">El dispositivo completo tiene clasificaci\u00f3n IP54, mientras que\u00a0<\/span><span dir=\"auto\">el panel frontal tiene clasificaci\u00f3n IP65.<\/span><\/li>\n<li><span dir=\"auto\">Cubierta de E\/S a prueba de vapor y tubo protector para cables.<\/span><\/li>\n<li><span dir=\"auto\">Compatible con VESA para montaje en techo, poste y pared.<\/span><\/li>\n<li><span dir=\"auto\">Caja Ethernet PoE (opcional)<\/span><\/li>\n<\/ul>\n<p><strong><span dir=\"auto\">Hardware de calidad profesional y resistente al vapor.<\/span><\/strong><\/p>\n<p><span dir=\"auto\">A diferencia de las tabletas de consumo, la KDS A5II cuenta con certificaci\u00f3n IP54 (el panel frontal tiene certificaci\u00f3n IP65) y es resistente al vapor para una m\u00e1xima fiabilidad y durabilidad en entornos de cocina con alto volumen de trabajo, altas temperaturas y mucha grasa.<\/span><span dir=\"auto\">\u00a0Todos los conectores est\u00e1n protegidos por cubiertas resistentes al vapor.<\/span><\/p>\n<div class=\"btnBox pt20\"><img decoding=\"async\" class=\"aligncenter\" src=\"https:\/\/www.partnertechcorp.com\/upload\/catalog_b\/ALL_catalog_25E14_bOgJavr0pW.jpg\" \/><\/div>\n<h3 class=\"h3Title pb20\"><span dir=\"auto\">F\u00e1cil instalaci\u00f3n con soporte para PoE<\/span><\/h3>\n<div class=\"paragraph\"><span dir=\"auto\">El espacio en la cocina suele ser limitado, pero el KDS es compacto y est\u00e1 dise\u00f1ado para ofrecer la m\u00e1xima flexibilidad. Compatible con VESA, se puede montar f\u00e1cilmente en un poste, pared o incluso suspender del techo, integr\u00e1ndose a la perfecci\u00f3n en diversas configuraciones de cocina.<\/span><span dir=\"auto\">Como soluci\u00f3n todo en uno con PC y pantalla integrados, el KDS reduce el desorden de cables y simplifica la instalaci\u00f3n. Adem\u00e1s, admite hasta tres pantallas, lo que agiliza la configuraci\u00f3n y reduce los costes totales del sistema. Para una mayor eficiencia,\u00a0<a href=\"https:\/\/www.partnertechcorp.com\/us\/products-detail\/PoE-Box\/\">la caja Power over Ethernet (PoE)<\/a><\/span><\/p>\n<p><span dir=\"auto\">opcional de Partner Tech\u00a0permite alimentar el KDS A5II a trav\u00e9s de la conexi\u00f3n Ethernet, eliminando la necesidad de una toma de corriente cercana.<\/span><\/p>\n<\/div>\n<div class=\"btnBox pt20\"><\/div>\n<p>&nbsp;<\/p>\n<p>&nbsp;<\/p>\n","protected":false},"excerpt":{"rendered":"<p>&#8211; Tama\u00f1o de pantalla 15.6&#8243; y 21.5&#8243; PCAP touch<br \/>\n&#8211; Procesador Intel Celeron. Intel\u00ae Core&#8217; i3-7100U (KABYLAKE-U)<br \/>\n&#8211; Memoria RAM 4GB, 8GB. 16GB<br \/>\n&#8211; Capacidad de disco duro M.2 PCie 128G \/ 2566<br \/>\n&#8211; Sistema Operativo Windows 10 loT Enterprise (64- bit )\/ Linux (Ubuntu]\n&#8211; Cubierta de E\/S a prueba de vapor y tubo protector para cables.<br \/>\n&#8211; Compatible con VESA para montaje en techo, poste y pared.<br \/>\n&#8211; Caja Ethernet PoE (opcional)<\/p>\n","protected":false},"featured_media":33632,"comment_status":"open","ping_status":"closed","template":"","meta":{"jetpack_publicize_message":"","jetpack_publicize_feature_enabled":true,"jetpack_social_post_already_shared":true,"jetpack_social_options":{"image_generator_settings":{"template":"highway","default_image_id":0,"font":"","enabled":false},"version":2}},"pwb-brand":[330],"product_brand":[],"product_cat":[309],"product_tag":[],"class_list":{"0":"post-33621","1":"product","2":"type-product","3":"status-publish","4":"has-post-thumbnail","6":"pwb-brand-partner","7":"product_cat-monitoresallinone","9":"first","10":"instock","11":"taxable","12":"shipping-taxable","13":"purchasable","14":"product-type-simple"},"yoast_head":"<!-- This site is optimized with the Yoast SEO Premium plugin v25.7.1 (Yoast SEO v26.8) - https:\/\/yoast.com\/product\/yoast-seo-premium-wordpress\/ -->\n<title>Monitor Pantalla para Cocina KDS 15.6&quot; Celeron J6412 8GB RAM 256 SSD Win10 AUDRY A5 Parther - Mivoot<\/title>\n<meta name=\"robots\" content=\"index, follow, max-snippet:-1, max-image-preview:large, max-video-preview:-1\" \/>\n<link rel=\"canonical\" href=\"https:\/\/mivoot.com\/gt\/producto\/monitor-pantalla-para-cocina-kds-15-6-audry-a5-parther\/\" \/>\n<meta property=\"og:locale\" content=\"es_ES\" \/>\n<meta property=\"og:type\" content=\"article\" \/>\n<meta property=\"og:title\" content=\"Monitor Pantalla para Cocina KDS 15.6&quot; Celeron J6412 8GB RAM 256 SSD Win10 AUDRY A5 Parther\" \/>\n<meta property=\"og:description\" content=\"- Tama\u00f1o de pantalla 15.6&quot; y 21.5&quot; PCAP touch - Procesador Intel Celeron. Intel\u00ae Core&#039; i3-7100U (KABYLAKE-U) - Memoria RAM 4GB, 8GB. 16GB - Capacidad de disco duro M.2 PCie 128G \/ 2566 - Sistema Operativo Windows 10 loT Enterprise (64- bit )\/ Linux (Ubuntu] - Cubierta de E\/S a prueba de vapor y tubo protector para cables. - Compatible con VESA para montaje en techo, poste y pared. - Caja Ethernet PoE (opcional)\" \/>\n<meta property=\"og:url\" content=\"https:\/\/mivoot.com\/gt\/producto\/monitor-pantalla-para-cocina-kds-15-6-audry-a5-parther\/\" \/>\n<meta property=\"og:site_name\" content=\"Mivoot\" \/>\n<meta property=\"article:publisher\" content=\"https:\/\/www.facebook.com\/mivootgt\" \/>\n<meta property=\"article:modified_time\" content=\"2026-05-05T23:43:03+00:00\" \/>\n<meta property=\"og:image\" content=\"https:\/\/mivoot.com\/gt\/wp-content\/uploads\/2026\/05\/A5-KDS-6.jpg\" \/>\n\t<meta property=\"og:image:width\" content=\"1200\" \/>\n\t<meta property=\"og:image:height\" content=\"900\" \/>\n\t<meta property=\"og:image:type\" content=\"image\/jpeg\" \/>\n<meta name=\"twitter:card\" content=\"summary_large_image\" \/>\n<meta name=\"twitter:label1\" content=\"Est. reading time\" \/>\n\t<meta name=\"twitter:data1\" content=\"3 minutos\" \/>\n<script type=\"application\/ld+json\" class=\"yoast-schema-graph\">{\"@context\":\"https:\/\/schema.org\",\"@graph\":[{\"@type\":\"WebPage\",\"@id\":\"https:\/\/mivoot.com\/gt\/producto\/monitor-pantalla-para-cocina-kds-15-6-audry-a5-parther\/\",\"url\":\"https:\/\/mivoot.com\/gt\/producto\/monitor-pantalla-para-cocina-kds-15-6-audry-a5-parther\/\",\"name\":\"Monitor Pantalla para Cocina KDS 15.6\\\" Celeron J6412 8GB RAM 256 SSD Win10 AUDRY A5 Parther - Mivoot\",\"isPartOf\":{\"@id\":\"https:\/\/mivoot.com\/gt\/#website\"},\"primaryImageOfPage\":{\"@id\":\"https:\/\/mivoot.com\/gt\/producto\/monitor-pantalla-para-cocina-kds-15-6-audry-a5-parther\/#primaryimage\"},\"image\":{\"@id\":\"https:\/\/mivoot.com\/gt\/producto\/monitor-pantalla-para-cocina-kds-15-6-audry-a5-parther\/#primaryimage\"},\"thumbnailUrl\":\"https:\/\/mivoot.com\/gt\/wp-content\/uploads\/2026\/05\/A5-KDS-6.jpg\",\"datePublished\":\"2026-05-05T23:26:13+00:00\",\"dateModified\":\"2026-05-05T23:43:03+00:00\",\"breadcrumb\":{\"@id\":\"https:\/\/mivoot.com\/gt\/producto\/monitor-pantalla-para-cocina-kds-15-6-audry-a5-parther\/#breadcrumb\"},\"inLanguage\":\"es\",\"potentialAction\":[{\"@type\":\"ReadAction\",\"target\":[\"https:\/\/mivoot.com\/gt\/producto\/monitor-pantalla-para-cocina-kds-15-6-audry-a5-parther\/\"]}]},{\"@type\":\"ImageObject\",\"inLanguage\":\"es\",\"@id\":\"https:\/\/mivoot.com\/gt\/producto\/monitor-pantalla-para-cocina-kds-15-6-audry-a5-parther\/#primaryimage\",\"url\":\"https:\/\/mivoot.com\/gt\/wp-content\/uploads\/2026\/05\/A5-KDS-6.jpg\",\"contentUrl\":\"https:\/\/mivoot.com\/gt\/wp-content\/uploads\/2026\/05\/A5-KDS-6.jpg\",\"width\":1200,\"height\":900},{\"@type\":\"BreadcrumbList\",\"@id\":\"https:\/\/mivoot.com\/gt\/producto\/monitor-pantalla-para-cocina-kds-15-6-audry-a5-parther\/#breadcrumb\",\"itemListElement\":[{\"@type\":\"ListItem\",\"position\":1,\"name\":\"Inicio\",\"item\":\"https:\/\/mivoot.com\/gt\/\"},{\"@type\":\"ListItem\",\"position\":2,\"name\":\"Productos\",\"item\":\"https:\/\/mivoot.com\/gt\/producto\/\"},{\"@type\":\"ListItem\",\"position\":3,\"name\":\"Partner\",\"item\":\"https:\/\/mivoot.com\/gt\/marca\/partner\/\"},{\"@type\":\"ListItem\",\"position\":4,\"name\":\"Monitor Pantalla para Cocina KDS 15.6&#8243; Celeron J6412 8GB RAM 256 SSD Win10 AUDRY A5 Parther\"}]},{\"@type\":\"WebSite\",\"@id\":\"https:\/\/mivoot.com\/gt\/#website\",\"url\":\"https:\/\/mivoot.com\/gt\/\",\"name\":\"Mivoot\",\"description\":\"Mivoot Guatemala | Tienda Online\",\"publisher\":{\"@id\":\"https:\/\/mivoot.com\/gt\/#organization\"},\"alternateName\":\"mivoot\",\"potentialAction\":[{\"@type\":\"SearchAction\",\"target\":{\"@type\":\"EntryPoint\",\"urlTemplate\":\"https:\/\/mivoot.com\/gt\/?s={search_term_string}\"},\"query-input\":{\"@type\":\"PropertyValueSpecification\",\"valueRequired\":true,\"valueName\":\"search_term_string\"}}],\"inLanguage\":\"es\"},{\"@type\":\"Organization\",\"@id\":\"https:\/\/mivoot.com\/gt\/#organization\",\"name\":\"Mivoot Guatemala\",\"alternateName\":\"mivoot.com\",\"url\":\"https:\/\/mivoot.com\/gt\/\",\"logo\":{\"@type\":\"ImageObject\",\"inLanguage\":\"es\",\"@id\":\"https:\/\/mivoot.com\/gt\/#\/schema\/logo\/image\/\",\"url\":\"https:\/\/mivoot.com\/gt\/wp-content\/uploads\/2023\/03\/cropped-icon.png\",\"contentUrl\":\"https:\/\/mivoot.com\/gt\/wp-content\/uploads\/2023\/03\/cropped-icon.png\",\"width\":512,\"height\":512,\"caption\":\"Mivoot Guatemala\"},\"image\":{\"@id\":\"https:\/\/mivoot.com\/gt\/#\/schema\/logo\/image\/\"},\"sameAs\":[\"https:\/\/www.facebook.com\/mivootgt\",\"https:\/\/instagram.com\/mivoot\"]}]}<\/script>\n<!-- \/ Yoast SEO Premium plugin. -->","yoast_head_json":{"title":"Monitor Pantalla para Cocina KDS 15.6\" Celeron J6412 8GB RAM 256 SSD Win10 AUDRY A5 Parther - Mivoot","robots":{"index":"index","follow":"follow","max-snippet":"max-snippet:-1","max-image-preview":"max-image-preview:large","max-video-preview":"max-video-preview:-1"},"canonical":"https:\/\/mivoot.com\/gt\/producto\/monitor-pantalla-para-cocina-kds-15-6-audry-a5-parther\/","og_locale":"es_ES","og_type":"article","og_title":"Monitor Pantalla para Cocina KDS 15.6\" Celeron J6412 8GB RAM 256 SSD Win10 AUDRY A5 Parther","og_description":"- Tama\u00f1o de pantalla 15.6\" y 21.5\" PCAP touch - Procesador Intel Celeron. Intel\u00ae Core' i3-7100U (KABYLAKE-U) - Memoria RAM 4GB, 8GB. 16GB - Capacidad de disco duro M.2 PCie 128G \/ 2566 - Sistema Operativo Windows 10 loT Enterprise (64- bit )\/ Linux (Ubuntu] - Cubierta de E\/S a prueba de vapor y tubo protector para cables. - Compatible con VESA para montaje en techo, poste y pared. - Caja Ethernet PoE (opcional)","og_url":"https:\/\/mivoot.com\/gt\/producto\/monitor-pantalla-para-cocina-kds-15-6-audry-a5-parther\/","og_site_name":"Mivoot","article_publisher":"https:\/\/www.facebook.com\/mivootgt","article_modified_time":"2026-05-05T23:43:03+00:00","og_image":[{"width":1200,"height":900,"url":"https:\/\/mivoot.com\/gt\/wp-content\/uploads\/2026\/05\/A5-KDS-6.jpg","type":"image\/jpeg"}],"twitter_card":"summary_large_image","twitter_misc":{"Est. reading time":"3 minutos"},"schema":{"@context":"https:\/\/schema.org","@graph":[{"@type":"WebPage","@id":"https:\/\/mivoot.com\/gt\/producto\/monitor-pantalla-para-cocina-kds-15-6-audry-a5-parther\/","url":"https:\/\/mivoot.com\/gt\/producto\/monitor-pantalla-para-cocina-kds-15-6-audry-a5-parther\/","name":"Monitor Pantalla para Cocina KDS 15.6\" Celeron J6412 8GB RAM 256 SSD Win10 AUDRY A5 Parther - Mivoot","isPartOf":{"@id":"https:\/\/mivoot.com\/gt\/#website"},"primaryImageOfPage":{"@id":"https:\/\/mivoot.com\/gt\/producto\/monitor-pantalla-para-cocina-kds-15-6-audry-a5-parther\/#primaryimage"},"image":{"@id":"https:\/\/mivoot.com\/gt\/producto\/monitor-pantalla-para-cocina-kds-15-6-audry-a5-parther\/#primaryimage"},"thumbnailUrl":"https:\/\/mivoot.com\/gt\/wp-content\/uploads\/2026\/05\/A5-KDS-6.jpg","datePublished":"2026-05-05T23:26:13+00:00","dateModified":"2026-05-05T23:43:03+00:00","breadcrumb":{"@id":"https:\/\/mivoot.com\/gt\/producto\/monitor-pantalla-para-cocina-kds-15-6-audry-a5-parther\/#breadcrumb"},"inLanguage":"es","potentialAction":[{"@type":"ReadAction","target":["https:\/\/mivoot.com\/gt\/producto\/monitor-pantalla-para-cocina-kds-15-6-audry-a5-parther\/"]}]},{"@type":"ImageObject","inLanguage":"es","@id":"https:\/\/mivoot.com\/gt\/producto\/monitor-pantalla-para-cocina-kds-15-6-audry-a5-parther\/#primaryimage","url":"https:\/\/mivoot.com\/gt\/wp-content\/uploads\/2026\/05\/A5-KDS-6.jpg","contentUrl":"https:\/\/mivoot.com\/gt\/wp-content\/uploads\/2026\/05\/A5-KDS-6.jpg","width":1200,"height":900},{"@type":"BreadcrumbList","@id":"https:\/\/mivoot.com\/gt\/producto\/monitor-pantalla-para-cocina-kds-15-6-audry-a5-parther\/#breadcrumb","itemListElement":[{"@type":"ListItem","position":1,"name":"Inicio","item":"https:\/\/mivoot.com\/gt\/"},{"@type":"ListItem","position":2,"name":"Productos","item":"https:\/\/mivoot.com\/gt\/producto\/"},{"@type":"ListItem","position":3,"name":"Partner","item":"https:\/\/mivoot.com\/gt\/marca\/partner\/"},{"@type":"ListItem","position":4,"name":"Monitor Pantalla para Cocina KDS 15.6&#8243; Celeron J6412 8GB RAM 256 SSD Win10 AUDRY A5 Parther"}]},{"@type":"WebSite","@id":"https:\/\/mivoot.com\/gt\/#website","url":"https:\/\/mivoot.com\/gt\/","name":"Mivoot","description":"Mivoot Guatemala | Tienda Online","publisher":{"@id":"https:\/\/mivoot.com\/gt\/#organization"},"alternateName":"mivoot","potentialAction":[{"@type":"SearchAction","target":{"@type":"EntryPoint","urlTemplate":"https:\/\/mivoot.com\/gt\/?s={search_term_string}"},"query-input":{"@type":"PropertyValueSpecification","valueRequired":true,"valueName":"search_term_string"}}],"inLanguage":"es"},{"@type":"Organization","@id":"https:\/\/mivoot.com\/gt\/#organization","name":"Mivoot Guatemala","alternateName":"mivoot.com","url":"https:\/\/mivoot.com\/gt\/","logo":{"@type":"ImageObject","inLanguage":"es","@id":"https:\/\/mivoot.com\/gt\/#\/schema\/logo\/image\/","url":"https:\/\/mivoot.com\/gt\/wp-content\/uploads\/2023\/03\/cropped-icon.png","contentUrl":"https:\/\/mivoot.com\/gt\/wp-content\/uploads\/2023\/03\/cropped-icon.png","width":512,"height":512,"caption":"Mivoot Guatemala"},"image":{"@id":"https:\/\/mivoot.com\/gt\/#\/schema\/logo\/image\/"},"sameAs":["https:\/\/www.facebook.com\/mivootgt","https:\/\/instagram.com\/mivoot"]}]}},"jetpack_publicize_connections":[],"jetpack_sharing_enabled":true,"brands":[{"id":330,"name":"Partner","slug":"partner"}],"_links":{"self":[{"href":"https:\/\/mivoot.com\/gt\/wp-json\/wp\/v2\/product\/33621","targetHints":{"allow":["GET"]}}],"collection":[{"href":"https:\/\/mivoot.com\/gt\/wp-json\/wp\/v2\/product"}],"about":[{"href":"https:\/\/mivoot.com\/gt\/wp-json\/wp\/v2\/types\/product"}],"replies":[{"embeddable":true,"href":"https:\/\/mivoot.com\/gt\/wp-json\/wp\/v2\/comments?post=33621"}],"version-history":[{"count":2,"href":"https:\/\/mivoot.com\/gt\/wp-json\/wp\/v2\/product\/33621\/revisions"}],"predecessor-version":[{"id":33634,"href":"https:\/\/mivoot.com\/gt\/wp-json\/wp\/v2\/product\/33621\/revisions\/33634"}],"wp:featuredmedia":[{"embeddable":true,"href":"https:\/\/mivoot.com\/gt\/wp-json\/wp\/v2\/media\/33632"}],"wp:attachment":[{"href":"https:\/\/mivoot.com\/gt\/wp-json\/wp\/v2\/media?parent=33621"}],"wp:term":[{"taxonomy":"pwb-brand","embeddable":true,"href":"https:\/\/mivoot.com\/gt\/wp-json\/wp\/v2\/pwb-brand?post=33621"},{"taxonomy":"product_brand","embeddable":true,"href":"https:\/\/mivoot.com\/gt\/wp-json\/wp\/v2\/product_brand?post=33621"},{"taxonomy":"product_cat","embeddable":true,"href":"https:\/\/mivoot.com\/gt\/wp-json\/wp\/v2\/product_cat?post=33621"},{"taxonomy":"product_tag","embeddable":true,"href":"https:\/\/mivoot.com\/gt\/wp-json\/wp\/v2\/product_tag?post=33621"}],"curies":[{"name":"wp","href":"https:\/\/api.w.org\/{rel}","templated":true}]}}