{"id":33635,"date":"2026-05-05T18:55:03","date_gmt":"2026-05-06T00:55:03","guid":{"rendered":"https:\/\/mivoot.com\/gt\/?post_type=product&#038;p=33635"},"modified":"2026-05-05T18:55:05","modified_gmt":"2026-05-06T00:55:05","slug":"bocina-altavoz-smart-con-reloj-despertador-azul-echo-spot-alexa","status":"publish","type":"product","link":"https:\/\/mivoot.com\/gt\/producto\/bocina-altavoz-smart-con-reloj-despertador-azul-echo-spot-alexa\/","title":{"rendered":"Bocina Altavoz Smart con Reloj Despertador Azul Echo Spot Alexa"},"content":{"rendered":"<h2 style=\"text-align: center;\">Bocina Altavoz Smart con Reloj Despertador Azul Echo Spot Alexa<\/h2>\n<p><img decoding=\"async\" src=\"https:\/\/m.media-amazon.com\/images\/G\/01\/kindle\/journeys\/Zzz21dwC10mWhI5eUdMogIP2G2BXbRNlLnL7B9IqlUVU3D\/YzU4MjZlNzQt._CB569423122_.png\" alt=\"El Echo Spot, un parlante inteligente semiesf\u00e9rico con pantalla t\u00e1ctil de 2.8 pulgadas y parlante de malla en la parte inferior, est\u00e1 sobre una mesita de noche. La pantalla muestra la hora, la fecha, el clima y un \u00edcono de clima soleado.\" \/><\/p>\n<h2 class=\"ql-align-center\"><strong>M\u00e1s que un reloj<\/strong><\/h2>\n<p class=\"ql-align-center\">Consulta recordatorios, el clima y t\u00edtulos de canciones de un vistazo. Usa la voz para establecer timers o controlar tus alarmas.<\/p>\n<h2 class=\"ql-align-center\"><strong>Tu reloj a tu gusto<\/strong><\/h2>\n<p class=\"ql-align-center\">Personaliza tu Echo Spot eligiendo tu fondo de reloj y color de pantalla favoritos.<\/p>\n<h2 class=\"ql-align-center\"><strong>Alexa, empieza mi d\u00eda<\/strong><\/h2>\n<p class=\"ql-align-center\">Empieza el d\u00eda con una rutina matutina personalizada que te despierte con tu m\u00fasica favorita y muestre los recordatorios del d\u00eda.<\/p>\n<h2 class=\"ql-align-center\"><strong>Gran sonido, mayor diversi\u00f3n<\/strong><\/h2>\n<p class=\"ql-align-center\">Llena tu dormitorio con m\u00fasica o conecta un Echo Spot (modelo de 2024) adicional para crear un sonido est\u00e9reo y disfrutar de un mejor sonido.<\/p>\n<h2 class=\"ql-align-center\"><strong>\u201cAlexa, pon las canciones m\u00e1s escuchadas.\u201d<\/strong><\/h2>\n<p class=\"ql-align-center\">Disfruta de tu contenido favorito de m\u00fasica, p\u00f3dcast y audiolibros con voces claras, graves intensos y sonido vibrante.<\/p>\n<p><img decoding=\"async\" src=\"https:\/\/m.media-amazon.com\/images\/G\/01\/kindle\/journeys\/Zzz21dwC10mWhI5eUdMogIP2G2BXbRNlLnL7B9IqlUVU3D\/MmE4NzAzYmIt._CB569423122_.jpg\" alt=\"El Echo Spot est\u00e1 en una mesa de entrada al lado de una foto enmarcada y un conjunto de libros. La pantalla de 2.8 pulgadas muestra la hora y la portada del libro Supercomunicators en Audible.\" \/><img decoding=\"async\" src=\"https:\/\/m.media-amazon.com\/images\/G\/01\/kindle\/journeys\/Zzz21dwC10mWhI5eUdMogIP2G2BXbRNlLnL7B9IqlUVU3D\/YTg5YzdiY2Mt._CB569423122_.jpg\" alt=\"El Echo Spot est\u00e1 en un escritorio. La pantalla de 2.8 pulgadas muestra el termostato de la oficina en casa y el clima. El \u00edcono de termostato incluye el texto \u201cBajando a 65 grados\u201d.\" \/><\/p>\n","protected":false},"excerpt":{"rendered":"<p>&#8211; Pantalla t\u00e1ctil de 2.83\u201d<br \/>\n&#8211; Panel frontal de tela perdurable<br \/>\n&#8211; Wi-Fi 802.11b\/g\/n\/ac (2.4 y 5 GHz)<br \/>\n&#8211; Bluetooth A2DP<br \/>\n&#8211; Procesador MT8519<br \/>\n&#8211; Adaptador de corriente blanco (15 W)<br \/>\n&#8211; Controlador Amazon Matter<br \/>\n&#8211; Compatible con Fire OS, Android y iOS<br \/>\n&#8211; Incluye Asistente Virtual Alexa<br \/>\n&#8211; Manos libres con Alexa<br \/>\n&#8211; Detecci\u00f3n de movimiento<br \/>\n&#8211; Idioma Ingl\u00e9s y Espa\u00f1ol<\/p>\n","protected":false},"featured_media":0,"comment_status":"open","ping_status":"closed","template":"","meta":{"jetpack_publicize_message":"","jetpack_publicize_feature_enabled":true,"jetpack_social_post_already_shared":true,"jetpack_social_options":{"image_generator_settings":{"template":"highway","default_image_id":0,"font":"","enabled":false},"version":2}},"pwb-brand":[],"product_brand":[],"product_cat":[15],"product_tag":[],"class_list":{"0":"post-33635","1":"product","2":"type-product","3":"status-publish","5":"product_cat-uncategorized","7":"first","8":"instock","9":"taxable","10":"shipping-taxable","11":"product-type-simple"},"yoast_head":"<!-- This site is optimized with the Yoast SEO Premium plugin v25.7.1 (Yoast SEO v26.8) - https:\/\/yoast.com\/product\/yoast-seo-premium-wordpress\/ -->\n<title>Bocina Altavoz Smart con Reloj Despertador Azul Echo Spot Alexa - Mivoot<\/title>\n<meta name=\"robots\" content=\"index, follow, max-snippet:-1, max-image-preview:large, max-video-preview:-1\" \/>\n<link rel=\"canonical\" href=\"https:\/\/mivoot.com\/gt\/producto\/bocina-altavoz-smart-con-reloj-despertador-azul-echo-spot-alexa\/\" \/>\n<meta property=\"og:locale\" content=\"es_ES\" \/>\n<meta property=\"og:type\" content=\"article\" \/>\n<meta property=\"og:title\" content=\"Bocina Altavoz Smart con Reloj Despertador Azul Echo Spot Alexa\" \/>\n<meta property=\"og:description\" content=\"- Pantalla t\u00e1ctil de 2.83\u201d - Panel frontal de tela perdurable - Wi-Fi 802.11b\/g\/n\/ac (2.4 y 5 GHz) - Bluetooth A2DP - Procesador MT8519 - Adaptador de corriente blanco (15 W) - Controlador Amazon Matter - Compatible con Fire OS, Android y iOS - Incluye Asistente Virtual Alexa - Manos libres con Alexa - Detecci\u00f3n de movimiento - Idioma Ingl\u00e9s y Espa\u00f1ol\" \/>\n<meta property=\"og:url\" content=\"https:\/\/mivoot.com\/gt\/producto\/bocina-altavoz-smart-con-reloj-despertador-azul-echo-spot-alexa\/\" \/>\n<meta property=\"og:site_name\" content=\"Mivoot\" \/>\n<meta property=\"article:publisher\" content=\"https:\/\/www.facebook.com\/mivootgt\" \/>\n<meta property=\"article:modified_time\" content=\"2026-05-06T00:55:05+00:00\" \/>\n<meta property=\"og:image\" content=\"https:\/\/m.media-amazon.com\/images\/G\/01\/kindle\/journeys\/Zzz21dwC10mWhI5eUdMogIP2G2BXbRNlLnL7B9IqlUVU3D\/YzU4MjZlNzQt._CB569423122_.png\" \/>\n<meta name=\"twitter:card\" content=\"summary_large_image\" \/>\n<meta name=\"twitter:label1\" content=\"Est. reading time\" \/>\n\t<meta name=\"twitter:data1\" content=\"2 minutos\" \/>\n<script type=\"application\/ld+json\" class=\"yoast-schema-graph\">{\"@context\":\"https:\/\/schema.org\",\"@graph\":[{\"@type\":\"WebPage\",\"@id\":\"https:\/\/mivoot.com\/gt\/producto\/bocina-altavoz-smart-con-reloj-despertador-azul-echo-spot-alexa\/\",\"url\":\"https:\/\/mivoot.com\/gt\/producto\/bocina-altavoz-smart-con-reloj-despertador-azul-echo-spot-alexa\/\",\"name\":\"Bocina Altavoz Smart con Reloj Despertador Azul Echo Spot Alexa - Mivoot\",\"isPartOf\":{\"@id\":\"https:\/\/mivoot.com\/gt\/#website\"},\"primaryImageOfPage\":{\"@id\":\"https:\/\/mivoot.com\/gt\/producto\/bocina-altavoz-smart-con-reloj-despertador-azul-echo-spot-alexa\/#primaryimage\"},\"image\":{\"@id\":\"https:\/\/mivoot.com\/gt\/producto\/bocina-altavoz-smart-con-reloj-despertador-azul-echo-spot-alexa\/#primaryimage\"},\"thumbnailUrl\":\"https:\/\/m.media-amazon.com\/images\/G\/01\/kindle\/journeys\/Zzz21dwC10mWhI5eUdMogIP2G2BXbRNlLnL7B9IqlUVU3D\/YzU4MjZlNzQt._CB569423122_.png\",\"datePublished\":\"2026-05-06T00:55:03+00:00\",\"dateModified\":\"2026-05-06T00:55:05+00:00\",\"breadcrumb\":{\"@id\":\"https:\/\/mivoot.com\/gt\/producto\/bocina-altavoz-smart-con-reloj-despertador-azul-echo-spot-alexa\/#breadcrumb\"},\"inLanguage\":\"es\",\"potentialAction\":[{\"@type\":\"ReadAction\",\"target\":[\"https:\/\/mivoot.com\/gt\/producto\/bocina-altavoz-smart-con-reloj-despertador-azul-echo-spot-alexa\/\"]}]},{\"@type\":\"ImageObject\",\"inLanguage\":\"es\",\"@id\":\"https:\/\/mivoot.com\/gt\/producto\/bocina-altavoz-smart-con-reloj-despertador-azul-echo-spot-alexa\/#primaryimage\",\"url\":\"https:\/\/m.media-amazon.com\/images\/G\/01\/kindle\/journeys\/Zzz21dwC10mWhI5eUdMogIP2G2BXbRNlLnL7B9IqlUVU3D\/YzU4MjZlNzQt._CB569423122_.png\",\"contentUrl\":\"https:\/\/m.media-amazon.com\/images\/G\/01\/kindle\/journeys\/Zzz21dwC10mWhI5eUdMogIP2G2BXbRNlLnL7B9IqlUVU3D\/YzU4MjZlNzQt._CB569423122_.png\"},{\"@type\":\"BreadcrumbList\",\"@id\":\"https:\/\/mivoot.com\/gt\/producto\/bocina-altavoz-smart-con-reloj-despertador-azul-echo-spot-alexa\/#breadcrumb\",\"itemListElement\":[{\"@type\":\"ListItem\",\"position\":1,\"name\":\"Inicio\",\"item\":\"https:\/\/mivoot.com\/gt\/\"},{\"@type\":\"ListItem\",\"position\":2,\"name\":\"Productos\",\"item\":\"https:\/\/mivoot.com\/gt\/producto\/\"},{\"@type\":\"ListItem\",\"position\":3,\"name\":\"Bocina Altavoz Smart con Reloj Despertador Azul Echo Spot Alexa\"}]},{\"@type\":\"WebSite\",\"@id\":\"https:\/\/mivoot.com\/gt\/#website\",\"url\":\"https:\/\/mivoot.com\/gt\/\",\"name\":\"Mivoot\",\"description\":\"Mivoot Guatemala | Tienda Online\",\"publisher\":{\"@id\":\"https:\/\/mivoot.com\/gt\/#organization\"},\"alternateName\":\"mivoot\",\"potentialAction\":[{\"@type\":\"SearchAction\",\"target\":{\"@type\":\"EntryPoint\",\"urlTemplate\":\"https:\/\/mivoot.com\/gt\/?s={search_term_string}\"},\"query-input\":{\"@type\":\"PropertyValueSpecification\",\"valueRequired\":true,\"valueName\":\"search_term_string\"}}],\"inLanguage\":\"es\"},{\"@type\":\"Organization\",\"@id\":\"https:\/\/mivoot.com\/gt\/#organization\",\"name\":\"Mivoot Guatemala\",\"alternateName\":\"mivoot.com\",\"url\":\"https:\/\/mivoot.com\/gt\/\",\"logo\":{\"@type\":\"ImageObject\",\"inLanguage\":\"es\",\"@id\":\"https:\/\/mivoot.com\/gt\/#\/schema\/logo\/image\/\",\"url\":\"https:\/\/mivoot.com\/gt\/wp-content\/uploads\/2023\/03\/cropped-icon.png\",\"contentUrl\":\"https:\/\/mivoot.com\/gt\/wp-content\/uploads\/2023\/03\/cropped-icon.png\",\"width\":512,\"height\":512,\"caption\":\"Mivoot Guatemala\"},\"image\":{\"@id\":\"https:\/\/mivoot.com\/gt\/#\/schema\/logo\/image\/\"},\"sameAs\":[\"https:\/\/www.facebook.com\/mivootgt\",\"https:\/\/instagram.com\/mivoot\"]}]}<\/script>\n<!-- \/ Yoast SEO Premium plugin. -->","yoast_head_json":{"title":"Bocina Altavoz Smart con Reloj Despertador Azul Echo Spot Alexa - Mivoot","robots":{"index":"index","follow":"follow","max-snippet":"max-snippet:-1","max-image-preview":"max-image-preview:large","max-video-preview":"max-video-preview:-1"},"canonical":"https:\/\/mivoot.com\/gt\/producto\/bocina-altavoz-smart-con-reloj-despertador-azul-echo-spot-alexa\/","og_locale":"es_ES","og_type":"article","og_title":"Bocina Altavoz Smart con Reloj Despertador Azul Echo Spot Alexa","og_description":"- Pantalla t\u00e1ctil de 2.83\u201d - Panel frontal de tela perdurable - Wi-Fi 802.11b\/g\/n\/ac (2.4 y 5 GHz) - Bluetooth A2DP - Procesador MT8519 - Adaptador de corriente blanco (15 W) - Controlador Amazon Matter - Compatible con Fire OS, Android y iOS - Incluye Asistente Virtual Alexa - Manos libres con Alexa - Detecci\u00f3n de movimiento - Idioma Ingl\u00e9s y Espa\u00f1ol","og_url":"https:\/\/mivoot.com\/gt\/producto\/bocina-altavoz-smart-con-reloj-despertador-azul-echo-spot-alexa\/","og_site_name":"Mivoot","article_publisher":"https:\/\/www.facebook.com\/mivootgt","article_modified_time":"2026-05-06T00:55:05+00:00","og_image":[{"url":"https:\/\/m.media-amazon.com\/images\/G\/01\/kindle\/journeys\/Zzz21dwC10mWhI5eUdMogIP2G2BXbRNlLnL7B9IqlUVU3D\/YzU4MjZlNzQt._CB569423122_.png","type":"","width":"","height":""}],"twitter_card":"summary_large_image","twitter_misc":{"Est. reading time":"2 minutos"},"schema":{"@context":"https:\/\/schema.org","@graph":[{"@type":"WebPage","@id":"https:\/\/mivoot.com\/gt\/producto\/bocina-altavoz-smart-con-reloj-despertador-azul-echo-spot-alexa\/","url":"https:\/\/mivoot.com\/gt\/producto\/bocina-altavoz-smart-con-reloj-despertador-azul-echo-spot-alexa\/","name":"Bocina Altavoz Smart con Reloj Despertador Azul Echo Spot Alexa - Mivoot","isPartOf":{"@id":"https:\/\/mivoot.com\/gt\/#website"},"primaryImageOfPage":{"@id":"https:\/\/mivoot.com\/gt\/producto\/bocina-altavoz-smart-con-reloj-despertador-azul-echo-spot-alexa\/#primaryimage"},"image":{"@id":"https:\/\/mivoot.com\/gt\/producto\/bocina-altavoz-smart-con-reloj-despertador-azul-echo-spot-alexa\/#primaryimage"},"thumbnailUrl":"https:\/\/m.media-amazon.com\/images\/G\/01\/kindle\/journeys\/Zzz21dwC10mWhI5eUdMogIP2G2BXbRNlLnL7B9IqlUVU3D\/YzU4MjZlNzQt._CB569423122_.png","datePublished":"2026-05-06T00:55:03+00:00","dateModified":"2026-05-06T00:55:05+00:00","breadcrumb":{"@id":"https:\/\/mivoot.com\/gt\/producto\/bocina-altavoz-smart-con-reloj-despertador-azul-echo-spot-alexa\/#breadcrumb"},"inLanguage":"es","potentialAction":[{"@type":"ReadAction","target":["https:\/\/mivoot.com\/gt\/producto\/bocina-altavoz-smart-con-reloj-despertador-azul-echo-spot-alexa\/"]}]},{"@type":"ImageObject","inLanguage":"es","@id":"https:\/\/mivoot.com\/gt\/producto\/bocina-altavoz-smart-con-reloj-despertador-azul-echo-spot-alexa\/#primaryimage","url":"https:\/\/m.media-amazon.com\/images\/G\/01\/kindle\/journeys\/Zzz21dwC10mWhI5eUdMogIP2G2BXbRNlLnL7B9IqlUVU3D\/YzU4MjZlNzQt._CB569423122_.png","contentUrl":"https:\/\/m.media-amazon.com\/images\/G\/01\/kindle\/journeys\/Zzz21dwC10mWhI5eUdMogIP2G2BXbRNlLnL7B9IqlUVU3D\/YzU4MjZlNzQt._CB569423122_.png"},{"@type":"BreadcrumbList","@id":"https:\/\/mivoot.com\/gt\/producto\/bocina-altavoz-smart-con-reloj-despertador-azul-echo-spot-alexa\/#breadcrumb","itemListElement":[{"@type":"ListItem","position":1,"name":"Inicio","item":"https:\/\/mivoot.com\/gt\/"},{"@type":"ListItem","position":2,"name":"Productos","item":"https:\/\/mivoot.com\/gt\/producto\/"},{"@type":"ListItem","position":3,"name":"Bocina Altavoz Smart con Reloj Despertador Azul Echo Spot Alexa"}]},{"@type":"WebSite","@id":"https:\/\/mivoot.com\/gt\/#website","url":"https:\/\/mivoot.com\/gt\/","name":"Mivoot","description":"Mivoot Guatemala | Tienda Online","publisher":{"@id":"https:\/\/mivoot.com\/gt\/#organization"},"alternateName":"mivoot","potentialAction":[{"@type":"SearchAction","target":{"@type":"EntryPoint","urlTemplate":"https:\/\/mivoot.com\/gt\/?s={search_term_string}"},"query-input":{"@type":"PropertyValueSpecification","valueRequired":true,"valueName":"search_term_string"}}],"inLanguage":"es"},{"@type":"Organization","@id":"https:\/\/mivoot.com\/gt\/#organization","name":"Mivoot Guatemala","alternateName":"mivoot.com","url":"https:\/\/mivoot.com\/gt\/","logo":{"@type":"ImageObject","inLanguage":"es","@id":"https:\/\/mivoot.com\/gt\/#\/schema\/logo\/image\/","url":"https:\/\/mivoot.com\/gt\/wp-content\/uploads\/2023\/03\/cropped-icon.png","contentUrl":"https:\/\/mivoot.com\/gt\/wp-content\/uploads\/2023\/03\/cropped-icon.png","width":512,"height":512,"caption":"Mivoot Guatemala"},"image":{"@id":"https:\/\/mivoot.com\/gt\/#\/schema\/logo\/image\/"},"sameAs":["https:\/\/www.facebook.com\/mivootgt","https:\/\/instagram.com\/mivoot"]}]}},"jetpack_publicize_connections":[],"jetpack_sharing_enabled":true,"brands":[],"_links":{"self":[{"href":"https:\/\/mivoot.com\/gt\/wp-json\/wp\/v2\/product\/33635","targetHints":{"allow":["GET"]}}],"collection":[{"href":"https:\/\/mivoot.com\/gt\/wp-json\/wp\/v2\/product"}],"about":[{"href":"https:\/\/mivoot.com\/gt\/wp-json\/wp\/v2\/types\/product"}],"replies":[{"embeddable":true,"href":"https:\/\/mivoot.com\/gt\/wp-json\/wp\/v2\/comments?post=33635"}],"version-history":[{"count":1,"href":"https:\/\/mivoot.com\/gt\/wp-json\/wp\/v2\/product\/33635\/revisions"}],"predecessor-version":[{"id":33637,"href":"https:\/\/mivoot.com\/gt\/wp-json\/wp\/v2\/product\/33635\/revisions\/33637"}],"wp:attachment":[{"href":"https:\/\/mivoot.com\/gt\/wp-json\/wp\/v2\/media?parent=33635"}],"wp:term":[{"taxonomy":"pwb-brand","embeddable":true,"href":"https:\/\/mivoot.com\/gt\/wp-json\/wp\/v2\/pwb-brand?post=33635"},{"taxonomy":"product_brand","embeddable":true,"href":"https:\/\/mivoot.com\/gt\/wp-json\/wp\/v2\/product_brand?post=33635"},{"taxonomy":"product_cat","embeddable":true,"href":"https:\/\/mivoot.com\/gt\/wp-json\/wp\/v2\/product_cat?post=33635"},{"taxonomy":"product_tag","embeddable":true,"href":"https:\/\/mivoot.com\/gt\/wp-json\/wp\/v2\/product_tag?post=33635"}],"curies":[{"name":"wp","href":"https:\/\/api.w.org\/{rel}","templated":true}]}}