{"id":33643,"date":"2026-05-06T11:23:06","date_gmt":"2026-05-06T17:23:06","guid":{"rendered":"https:\/\/mivoot.com\/gt\/?post_type=product&#038;p=33643"},"modified":"2026-05-06T11:58:18","modified_gmt":"2026-05-06T17:58:18","slug":"mesa-plegable-1-80-mtrs-gris-vicenzi","status":"publish","type":"product","link":"https:\/\/mivoot.com\/gt\/producto\/mesa-plegable-1-80-mtrs-gris-vicenzi\/","title":{"rendered":"Mesa Plegable 1.80 mtrs Gris Vicenzi"},"content":{"rendered":"<h1 style=\"text-align: center;\">Mesa Plegable 1.80 mtrs Gris Vicenzi<\/h1>\n<p>Mesa Plegable 1.80m, es perfecta para momento con la familia y amigos.<\/p>\n<p>Su dise\u00f1o practico, c\u00f3modo y port\u00e1til es ideal para llevarla y traerla a cualquier parte Superficie r\u00edgida F\u00e1cil de armar, su instalaci\u00f3n requiere pocos segundos. Mesa plegable para facilitar su transporte y resguardo.<\/p>\n<ul>\n<li>MATERIALES RESISTENTES, ideal para interior o exterior. \u00a1DISE\u00d1O MODERNO! ideal para usar en interiores o exteriores, por su color blanco combina con cualquier tipo de decoraci\u00f3n.<\/li>\n<li>\u00a1F\u00c1CIL armado! cuenta con un dise\u00f1o PLEGABLE por la mitad, s\u00f3lo desdoble y asegure los frenos, en pocos minutos estar\u00e1 lista la superficie para colocar comida, botanas o refrescos. \u00a1PORT\u00c1TIL!<\/li>\n<\/ul>\n<p>Una de las caracter\u00edsticas m\u00e1s destacadas de esta mesa es su capacidad de plegarse, lo que permite un almacenamiento sencillo y eficiente cuando no est\u00e1 en uso. Adem\u00e1s, no requiere ensamblado, lo que significa que estar\u00e1 lista para usar en cuesti\u00f3n de minutos. Aunque no cuenta con un agujero para sombrilla, su dise\u00f1o elegante y funcional se adapta a cualquier entorno, ya sea en el jard\u00edn, en la playa o en un camping. La Mesa Plegable 1.80m Portafolio es la elecci\u00f3n perfecta para quienes valoran la practicidad sin renunciar al estilo.<\/p>\n<p><img decoding=\"async\" class=\"aligncenter\" src=\"https:\/\/http2.mlstatic.com\/D_Q_NP_698283-MLA85938036155_062025-F.webp\" alt=\"Imagen 1 de 6 de Mesa Plegable Pl\u00e1stico Tipo Portafolio 1.80m Port\u00e1til Jard\u00edn Color Gris\" \/><\/p>\n<p><img decoding=\"async\" class=\"aligncenter\" src=\"https:\/\/http2.mlstatic.com\/D_NQ_NP_2X_725966-MLA84852719259_052025-F.webp\" \/><\/p>\n","protected":false},"excerpt":{"rendered":"<p>&#8211; Mesa plegable (tipo portafolio)<br \/>\n&#8211; Mesa en polietileno de alta densidad.<br \/>\n&#8211; Estructura met\u00e1lica de acero esmaltado.<br \/>\n&#8211; Superficie texturizada de resina de espesor de 4.5 cm, espesor de patas 25x1mm<br \/>\n&#8211; Material Pl\u00e1stico Reforzado<br \/>\n&#8211; Acero cubierto con pintura anticorrosiva<br \/>\n&#8211; Color Gris<br \/>\n&#8211; Bloqueo de apertura.<br \/>\n&#8211; Seguros en las patas que evitan que se pliegue.<br \/>\n&#8211; Cerrado, tipo portafolio, a presi\u00f3n.<br \/>\n&#8211; Incluye asa para transportarla.<br \/>\n&#8211; Largo 1.80 Ancho 0.7 Alto 0.74 (mtrs)<\/p>\n","protected":false},"featured_media":33649,"comment_status":"open","ping_status":"closed","template":"","meta":{"jetpack_publicize_message":"","jetpack_publicize_feature_enabled":true,"jetpack_social_post_already_shared":true,"jetpack_social_options":{"image_generator_settings":{"template":"highway","default_image_id":0,"font":"","enabled":false},"version":2}},"pwb-brand":[598],"product_brand":[],"product_cat":[573],"product_tag":[],"class_list":{"0":"post-33643","1":"product","2":"type-product","3":"status-publish","4":"has-post-thumbnail","6":"pwb-brand-vicenzi","7":"product_cat-mesas","9":"first","10":"instock","11":"taxable","12":"shipping-taxable","13":"purchasable","14":"product-type-simple"},"yoast_head":"<!-- This site is optimized with the Yoast SEO Premium plugin v25.7.1 (Yoast SEO v26.8) - https:\/\/yoast.com\/product\/yoast-seo-premium-wordpress\/ -->\n<title>Mesa Plegable 1.80 mtrs Gris Vicenzi - Mivoot<\/title>\n<meta name=\"robots\" content=\"index, follow, max-snippet:-1, max-image-preview:large, max-video-preview:-1\" \/>\n<link rel=\"canonical\" href=\"https:\/\/mivoot.com\/gt\/producto\/mesa-plegable-1-80-mtrs-gris-vicenzi\/\" \/>\n<meta property=\"og:locale\" content=\"es_ES\" \/>\n<meta property=\"og:type\" content=\"article\" \/>\n<meta property=\"og:title\" content=\"Mesa Plegable 1.80 mtrs Gris Vicenzi\" \/>\n<meta property=\"og:description\" content=\"- Mesa plegable (tipo portafolio) - Mesa en polietileno de alta densidad. - Estructura met\u00e1lica de acero esmaltado. - Superficie texturizada de resina de espesor de 4.5 cm, espesor de patas 25x1mm - Material Pl\u00e1stico Reforzado  - Acero cubierto con pintura anticorrosiva - Color Gris - Bloqueo de apertura. - Seguros en las patas que evitan que se pliegue. - Cerrado, tipo portafolio, a presi\u00f3n. - Incluye asa para transportarla. - Largo 1.80 Ancho 0.7 Alto 0.74 (mtrs)\" \/>\n<meta property=\"og:url\" content=\"https:\/\/mivoot.com\/gt\/producto\/mesa-plegable-1-80-mtrs-gris-vicenzi\/\" \/>\n<meta property=\"og:site_name\" content=\"Mivoot\" \/>\n<meta property=\"article:publisher\" content=\"https:\/\/www.facebook.com\/mivootgt\" \/>\n<meta property=\"article:modified_time\" content=\"2026-05-06T17:58:18+00:00\" \/>\n<meta property=\"og:image\" content=\"https:\/\/mivoot.com\/gt\/wp-content\/uploads\/2026\/05\/Sin-titulo-1.png\" \/>\n\t<meta property=\"og:image:width\" content=\"1200\" \/>\n\t<meta property=\"og:image:height\" content=\"1053\" \/>\n\t<meta property=\"og:image:type\" content=\"image\/png\" \/>\n<meta name=\"twitter:card\" content=\"summary_large_image\" \/>\n<meta name=\"twitter:label1\" content=\"Est. reading time\" \/>\n\t<meta name=\"twitter:data1\" content=\"2 minutos\" \/>\n<script type=\"application\/ld+json\" class=\"yoast-schema-graph\">{\"@context\":\"https:\/\/schema.org\",\"@graph\":[{\"@type\":\"WebPage\",\"@id\":\"https:\/\/mivoot.com\/gt\/producto\/mesa-plegable-1-80-mtrs-gris-vicenzi\/\",\"url\":\"https:\/\/mivoot.com\/gt\/producto\/mesa-plegable-1-80-mtrs-gris-vicenzi\/\",\"name\":\"Mesa Plegable 1.80 mtrs Gris Vicenzi - Mivoot\",\"isPartOf\":{\"@id\":\"https:\/\/mivoot.com\/gt\/#website\"},\"primaryImageOfPage\":{\"@id\":\"https:\/\/mivoot.com\/gt\/producto\/mesa-plegable-1-80-mtrs-gris-vicenzi\/#primaryimage\"},\"image\":{\"@id\":\"https:\/\/mivoot.com\/gt\/producto\/mesa-plegable-1-80-mtrs-gris-vicenzi\/#primaryimage\"},\"thumbnailUrl\":\"https:\/\/mivoot.com\/gt\/wp-content\/uploads\/2026\/05\/Sin-titulo-1.png\",\"datePublished\":\"2026-05-06T17:23:06+00:00\",\"dateModified\":\"2026-05-06T17:58:18+00:00\",\"breadcrumb\":{\"@id\":\"https:\/\/mivoot.com\/gt\/producto\/mesa-plegable-1-80-mtrs-gris-vicenzi\/#breadcrumb\"},\"inLanguage\":\"es\",\"potentialAction\":[{\"@type\":\"ReadAction\",\"target\":[\"https:\/\/mivoot.com\/gt\/producto\/mesa-plegable-1-80-mtrs-gris-vicenzi\/\"]}]},{\"@type\":\"ImageObject\",\"inLanguage\":\"es\",\"@id\":\"https:\/\/mivoot.com\/gt\/producto\/mesa-plegable-1-80-mtrs-gris-vicenzi\/#primaryimage\",\"url\":\"https:\/\/mivoot.com\/gt\/wp-content\/uploads\/2026\/05\/Sin-titulo-1.png\",\"contentUrl\":\"https:\/\/mivoot.com\/gt\/wp-content\/uploads\/2026\/05\/Sin-titulo-1.png\",\"width\":1200,\"height\":1053},{\"@type\":\"BreadcrumbList\",\"@id\":\"https:\/\/mivoot.com\/gt\/producto\/mesa-plegable-1-80-mtrs-gris-vicenzi\/#breadcrumb\",\"itemListElement\":[{\"@type\":\"ListItem\",\"position\":1,\"name\":\"Inicio\",\"item\":\"https:\/\/mivoot.com\/gt\/\"},{\"@type\":\"ListItem\",\"position\":2,\"name\":\"Productos\",\"item\":\"https:\/\/mivoot.com\/gt\/producto\/\"},{\"@type\":\"ListItem\",\"position\":3,\"name\":\"Vicenzi\",\"item\":\"https:\/\/mivoot.com\/gt\/marca\/vicenzi\/\"},{\"@type\":\"ListItem\",\"position\":4,\"name\":\"Mesa Plegable 1.80 mtrs Gris Vicenzi\"}]},{\"@type\":\"WebSite\",\"@id\":\"https:\/\/mivoot.com\/gt\/#website\",\"url\":\"https:\/\/mivoot.com\/gt\/\",\"name\":\"Mivoot\",\"description\":\"Mivoot Guatemala | Tienda Online\",\"publisher\":{\"@id\":\"https:\/\/mivoot.com\/gt\/#organization\"},\"alternateName\":\"mivoot\",\"potentialAction\":[{\"@type\":\"SearchAction\",\"target\":{\"@type\":\"EntryPoint\",\"urlTemplate\":\"https:\/\/mivoot.com\/gt\/?s={search_term_string}\"},\"query-input\":{\"@type\":\"PropertyValueSpecification\",\"valueRequired\":true,\"valueName\":\"search_term_string\"}}],\"inLanguage\":\"es\"},{\"@type\":\"Organization\",\"@id\":\"https:\/\/mivoot.com\/gt\/#organization\",\"name\":\"Mivoot Guatemala\",\"alternateName\":\"mivoot.com\",\"url\":\"https:\/\/mivoot.com\/gt\/\",\"logo\":{\"@type\":\"ImageObject\",\"inLanguage\":\"es\",\"@id\":\"https:\/\/mivoot.com\/gt\/#\/schema\/logo\/image\/\",\"url\":\"https:\/\/mivoot.com\/gt\/wp-content\/uploads\/2023\/03\/cropped-icon.png\",\"contentUrl\":\"https:\/\/mivoot.com\/gt\/wp-content\/uploads\/2023\/03\/cropped-icon.png\",\"width\":512,\"height\":512,\"caption\":\"Mivoot Guatemala\"},\"image\":{\"@id\":\"https:\/\/mivoot.com\/gt\/#\/schema\/logo\/image\/\"},\"sameAs\":[\"https:\/\/www.facebook.com\/mivootgt\",\"https:\/\/instagram.com\/mivoot\"]}]}<\/script>\n<!-- \/ Yoast SEO Premium plugin. -->","yoast_head_json":{"title":"Mesa Plegable 1.80 mtrs Gris Vicenzi - Mivoot","robots":{"index":"index","follow":"follow","max-snippet":"max-snippet:-1","max-image-preview":"max-image-preview:large","max-video-preview":"max-video-preview:-1"},"canonical":"https:\/\/mivoot.com\/gt\/producto\/mesa-plegable-1-80-mtrs-gris-vicenzi\/","og_locale":"es_ES","og_type":"article","og_title":"Mesa Plegable 1.80 mtrs Gris Vicenzi","og_description":"- Mesa plegable (tipo portafolio) - Mesa en polietileno de alta densidad. - Estructura met\u00e1lica de acero esmaltado. - Superficie texturizada de resina de espesor de 4.5 cm, espesor de patas 25x1mm - Material Pl\u00e1stico Reforzado  - Acero cubierto con pintura anticorrosiva - Color Gris - Bloqueo de apertura. - Seguros en las patas que evitan que se pliegue. - Cerrado, tipo portafolio, a presi\u00f3n. - Incluye asa para transportarla. - Largo 1.80 Ancho 0.7 Alto 0.74 (mtrs)","og_url":"https:\/\/mivoot.com\/gt\/producto\/mesa-plegable-1-80-mtrs-gris-vicenzi\/","og_site_name":"Mivoot","article_publisher":"https:\/\/www.facebook.com\/mivootgt","article_modified_time":"2026-05-06T17:58:18+00:00","og_image":[{"width":1200,"height":1053,"url":"https:\/\/mivoot.com\/gt\/wp-content\/uploads\/2026\/05\/Sin-titulo-1.png","type":"image\/png"}],"twitter_card":"summary_large_image","twitter_misc":{"Est. reading time":"2 minutos"},"schema":{"@context":"https:\/\/schema.org","@graph":[{"@type":"WebPage","@id":"https:\/\/mivoot.com\/gt\/producto\/mesa-plegable-1-80-mtrs-gris-vicenzi\/","url":"https:\/\/mivoot.com\/gt\/producto\/mesa-plegable-1-80-mtrs-gris-vicenzi\/","name":"Mesa Plegable 1.80 mtrs Gris Vicenzi - Mivoot","isPartOf":{"@id":"https:\/\/mivoot.com\/gt\/#website"},"primaryImageOfPage":{"@id":"https:\/\/mivoot.com\/gt\/producto\/mesa-plegable-1-80-mtrs-gris-vicenzi\/#primaryimage"},"image":{"@id":"https:\/\/mivoot.com\/gt\/producto\/mesa-plegable-1-80-mtrs-gris-vicenzi\/#primaryimage"},"thumbnailUrl":"https:\/\/mivoot.com\/gt\/wp-content\/uploads\/2026\/05\/Sin-titulo-1.png","datePublished":"2026-05-06T17:23:06+00:00","dateModified":"2026-05-06T17:58:18+00:00","breadcrumb":{"@id":"https:\/\/mivoot.com\/gt\/producto\/mesa-plegable-1-80-mtrs-gris-vicenzi\/#breadcrumb"},"inLanguage":"es","potentialAction":[{"@type":"ReadAction","target":["https:\/\/mivoot.com\/gt\/producto\/mesa-plegable-1-80-mtrs-gris-vicenzi\/"]}]},{"@type":"ImageObject","inLanguage":"es","@id":"https:\/\/mivoot.com\/gt\/producto\/mesa-plegable-1-80-mtrs-gris-vicenzi\/#primaryimage","url":"https:\/\/mivoot.com\/gt\/wp-content\/uploads\/2026\/05\/Sin-titulo-1.png","contentUrl":"https:\/\/mivoot.com\/gt\/wp-content\/uploads\/2026\/05\/Sin-titulo-1.png","width":1200,"height":1053},{"@type":"BreadcrumbList","@id":"https:\/\/mivoot.com\/gt\/producto\/mesa-plegable-1-80-mtrs-gris-vicenzi\/#breadcrumb","itemListElement":[{"@type":"ListItem","position":1,"name":"Inicio","item":"https:\/\/mivoot.com\/gt\/"},{"@type":"ListItem","position":2,"name":"Productos","item":"https:\/\/mivoot.com\/gt\/producto\/"},{"@type":"ListItem","position":3,"name":"Vicenzi","item":"https:\/\/mivoot.com\/gt\/marca\/vicenzi\/"},{"@type":"ListItem","position":4,"name":"Mesa Plegable 1.80 mtrs Gris Vicenzi"}]},{"@type":"WebSite","@id":"https:\/\/mivoot.com\/gt\/#website","url":"https:\/\/mivoot.com\/gt\/","name":"Mivoot","description":"Mivoot Guatemala | Tienda Online","publisher":{"@id":"https:\/\/mivoot.com\/gt\/#organization"},"alternateName":"mivoot","potentialAction":[{"@type":"SearchAction","target":{"@type":"EntryPoint","urlTemplate":"https:\/\/mivoot.com\/gt\/?s={search_term_string}"},"query-input":{"@type":"PropertyValueSpecification","valueRequired":true,"valueName":"search_term_string"}}],"inLanguage":"es"},{"@type":"Organization","@id":"https:\/\/mivoot.com\/gt\/#organization","name":"Mivoot Guatemala","alternateName":"mivoot.com","url":"https:\/\/mivoot.com\/gt\/","logo":{"@type":"ImageObject","inLanguage":"es","@id":"https:\/\/mivoot.com\/gt\/#\/schema\/logo\/image\/","url":"https:\/\/mivoot.com\/gt\/wp-content\/uploads\/2023\/03\/cropped-icon.png","contentUrl":"https:\/\/mivoot.com\/gt\/wp-content\/uploads\/2023\/03\/cropped-icon.png","width":512,"height":512,"caption":"Mivoot Guatemala"},"image":{"@id":"https:\/\/mivoot.com\/gt\/#\/schema\/logo\/image\/"},"sameAs":["https:\/\/www.facebook.com\/mivootgt","https:\/\/instagram.com\/mivoot"]}]}},"jetpack_publicize_connections":[],"jetpack_sharing_enabled":true,"brands":[{"id":598,"name":"Vicenzi","slug":"vicenzi"}],"_links":{"self":[{"href":"https:\/\/mivoot.com\/gt\/wp-json\/wp\/v2\/product\/33643","targetHints":{"allow":["GET"]}}],"collection":[{"href":"https:\/\/mivoot.com\/gt\/wp-json\/wp\/v2\/product"}],"about":[{"href":"https:\/\/mivoot.com\/gt\/wp-json\/wp\/v2\/types\/product"}],"replies":[{"embeddable":true,"href":"https:\/\/mivoot.com\/gt\/wp-json\/wp\/v2\/comments?post=33643"}],"version-history":[{"count":1,"href":"https:\/\/mivoot.com\/gt\/wp-json\/wp\/v2\/product\/33643\/revisions"}],"predecessor-version":[{"id":33650,"href":"https:\/\/mivoot.com\/gt\/wp-json\/wp\/v2\/product\/33643\/revisions\/33650"}],"wp:featuredmedia":[{"embeddable":true,"href":"https:\/\/mivoot.com\/gt\/wp-json\/wp\/v2\/media\/33649"}],"wp:attachment":[{"href":"https:\/\/mivoot.com\/gt\/wp-json\/wp\/v2\/media?parent=33643"}],"wp:term":[{"taxonomy":"pwb-brand","embeddable":true,"href":"https:\/\/mivoot.com\/gt\/wp-json\/wp\/v2\/pwb-brand?post=33643"},{"taxonomy":"product_brand","embeddable":true,"href":"https:\/\/mivoot.com\/gt\/wp-json\/wp\/v2\/product_brand?post=33643"},{"taxonomy":"product_cat","embeddable":true,"href":"https:\/\/mivoot.com\/gt\/wp-json\/wp\/v2\/product_cat?post=33643"},{"taxonomy":"product_tag","embeddable":true,"href":"https:\/\/mivoot.com\/gt\/wp-json\/wp\/v2\/product_tag?post=33643"}],"curies":[{"name":"wp","href":"https:\/\/api.w.org\/{rel}","templated":true}]}}