{"id":33651,"date":"2026-05-06T11:36:28","date_gmt":"2026-05-06T17:36:28","guid":{"rendered":"https:\/\/mivoot.com\/gt\/?post_type=product&#038;p=33651"},"modified":"2026-05-06T11:58:28","modified_gmt":"2026-05-06T17:58:28","slug":"mesa-redonda-plegable-1-52mts-vicenzi","status":"publish","type":"product","link":"https:\/\/mivoot.com\/gt\/producto\/mesa-redonda-plegable-1-52mts-vicenzi\/","title":{"rendered":"Mesa Redonda Plegable 1.52mts Vicenzi"},"content":{"rendered":"<h1 style=\"text-align: center;\">Mesa Redonda Plegable 1.52mts Vicenzi<\/h1>\n<ul class=\"a-unordered-list a-vertical a-spacing-mini\">\n<li class=\"a-spacing-mini\"><span class=\"a-list-item\">PORTABILIDAD. La mesa plegable tipo portafolio cuenta con una forma redonda, dise\u00f1ada para brindar versatilidad y estilo a cualquier ocasi\u00f3n. Su dise\u00f1o port\u00e1til facilita su transporte y almacenamiento, convirti\u00e9ndola en la opci\u00f3n ideal para eventos y celebraciones.<\/span><\/li>\n<li class=\"a-spacing-mini\"><span class=\"a-list-item\">F\u00c1CIL TRANSPORTE. La comodidad est\u00e1 a tu alcance con la mesa multiusos, equipada con una resistente manija de nylon, esta caracter\u00edstica innovadora no solo facilita el transporte, sino que tambi\u00e9n resalta la practicidad de nuestra mesa en cualquier entorno. La funcionalidad y la est\u00e9tica se unen para ofrecerte una soluci\u00f3n excepcionalmente conveniente.<\/span><\/li>\n<li class=\"a-spacing-mini\"><span class=\"a-list-item\">MATERIALES RESISTENTES. La durabilidad se encuentra en cada detalle y a su estructura de acero que garantiza una base s\u00f3lida, mientras que la cubierta de pl\u00e1stico HDPE ofrece una superficie f\u00e1cil de limpiar con un ancho de pl\u00e1stico de 4.8 cm, asegura estabilidad para satisfacer tus necesidades en cualquier entorno.<\/span><\/li>\n<\/ul>\n","protected":false},"excerpt":{"rendered":"<p>&#8211; Mesa Redonda Plegable por la mitad<br \/>\n&#8211; Di\u00e1metro 1.52mtrs<br \/>\n&#8211; Capacidad 8 a 10 personas<br \/>\n&#8211; Medidas (abierta) 152 cm \u00d7 152 cm x Altura 74 cm<br \/>\n&#8211; Medidas (plegada) 153 cm x 10 cm de espesor.<br \/>\n&#8211; Peso 18 Kg.<\/p>\n","protected":false},"featured_media":33654,"comment_status":"open","ping_status":"closed","template":"","meta":{"jetpack_publicize_message":"","jetpack_publicize_feature_enabled":true,"jetpack_social_post_already_shared":true,"jetpack_social_options":{"image_generator_settings":{"template":"highway","default_image_id":0,"font":"","enabled":false},"version":2}},"pwb-brand":[598],"product_brand":[],"product_cat":[573],"product_tag":[],"class_list":{"0":"post-33651","1":"product","2":"type-product","3":"status-publish","4":"has-post-thumbnail","6":"pwb-brand-vicenzi","7":"product_cat-mesas","9":"first","10":"instock","11":"taxable","12":"shipping-taxable","13":"purchasable","14":"product-type-simple"},"yoast_head":"<!-- This site is optimized with the Yoast SEO Premium plugin v25.7.1 (Yoast SEO v26.8) - https:\/\/yoast.com\/product\/yoast-seo-premium-wordpress\/ -->\n<title>Mesa Redonda Plegable 1.52mts Vicenzi - Mivoot<\/title>\n<meta name=\"robots\" content=\"index, follow, max-snippet:-1, max-image-preview:large, max-video-preview:-1\" \/>\n<link rel=\"canonical\" href=\"https:\/\/mivoot.com\/gt\/producto\/mesa-redonda-plegable-1-52mts-vicenzi\/\" \/>\n<meta property=\"og:locale\" content=\"es_ES\" \/>\n<meta property=\"og:type\" content=\"article\" \/>\n<meta property=\"og:title\" content=\"Mesa Redonda Plegable 1.52mts Vicenzi\" \/>\n<meta property=\"og:description\" content=\"- Mesa Redonda Plegable por la mitad - Di\u00e1metro 1.52mtrs - Capacidad 8 a 10 personas - Medidas (abierta) 152 cm \u00d7 152 cm x Altura 74 cm - Medidas (plegada) 153 cm x 10 cm de espesor. - Peso 18 Kg.\" \/>\n<meta property=\"og:url\" content=\"https:\/\/mivoot.com\/gt\/producto\/mesa-redonda-plegable-1-52mts-vicenzi\/\" \/>\n<meta property=\"og:site_name\" content=\"Mivoot\" \/>\n<meta property=\"article:publisher\" content=\"https:\/\/www.facebook.com\/mivootgt\" \/>\n<meta property=\"article:modified_time\" content=\"2026-05-06T17:58:28+00:00\" \/>\n<meta property=\"og:image\" content=\"https:\/\/mivoot.com\/gt\/wp-content\/uploads\/2026\/05\/mesa-redon-2.jpg\" \/>\n\t<meta property=\"og:image:width\" content=\"1500\" \/>\n\t<meta property=\"og:image:height\" content=\"1227\" \/>\n\t<meta property=\"og:image:type\" content=\"image\/jpeg\" \/>\n<meta name=\"twitter:card\" content=\"summary_large_image\" \/>\n<meta name=\"twitter:label1\" content=\"Est. reading time\" \/>\n\t<meta name=\"twitter:data1\" content=\"1 minuto\" \/>\n<script type=\"application\/ld+json\" class=\"yoast-schema-graph\">{\"@context\":\"https:\/\/schema.org\",\"@graph\":[{\"@type\":\"WebPage\",\"@id\":\"https:\/\/mivoot.com\/gt\/producto\/mesa-redonda-plegable-1-52mts-vicenzi\/\",\"url\":\"https:\/\/mivoot.com\/gt\/producto\/mesa-redonda-plegable-1-52mts-vicenzi\/\",\"name\":\"Mesa Redonda Plegable 1.52mts Vicenzi - Mivoot\",\"isPartOf\":{\"@id\":\"https:\/\/mivoot.com\/gt\/#website\"},\"primaryImageOfPage\":{\"@id\":\"https:\/\/mivoot.com\/gt\/producto\/mesa-redonda-plegable-1-52mts-vicenzi\/#primaryimage\"},\"image\":{\"@id\":\"https:\/\/mivoot.com\/gt\/producto\/mesa-redonda-plegable-1-52mts-vicenzi\/#primaryimage\"},\"thumbnailUrl\":\"https:\/\/mivoot.com\/gt\/wp-content\/uploads\/2026\/05\/mesa-redon-2.jpg\",\"datePublished\":\"2026-05-06T17:36:28+00:00\",\"dateModified\":\"2026-05-06T17:58:28+00:00\",\"breadcrumb\":{\"@id\":\"https:\/\/mivoot.com\/gt\/producto\/mesa-redonda-plegable-1-52mts-vicenzi\/#breadcrumb\"},\"inLanguage\":\"es\",\"potentialAction\":[{\"@type\":\"ReadAction\",\"target\":[\"https:\/\/mivoot.com\/gt\/producto\/mesa-redonda-plegable-1-52mts-vicenzi\/\"]}]},{\"@type\":\"ImageObject\",\"inLanguage\":\"es\",\"@id\":\"https:\/\/mivoot.com\/gt\/producto\/mesa-redonda-plegable-1-52mts-vicenzi\/#primaryimage\",\"url\":\"https:\/\/mivoot.com\/gt\/wp-content\/uploads\/2026\/05\/mesa-redon-2.jpg\",\"contentUrl\":\"https:\/\/mivoot.com\/gt\/wp-content\/uploads\/2026\/05\/mesa-redon-2.jpg\",\"width\":1500,\"height\":1227},{\"@type\":\"BreadcrumbList\",\"@id\":\"https:\/\/mivoot.com\/gt\/producto\/mesa-redonda-plegable-1-52mts-vicenzi\/#breadcrumb\",\"itemListElement\":[{\"@type\":\"ListItem\",\"position\":1,\"name\":\"Inicio\",\"item\":\"https:\/\/mivoot.com\/gt\/\"},{\"@type\":\"ListItem\",\"position\":2,\"name\":\"Productos\",\"item\":\"https:\/\/mivoot.com\/gt\/producto\/\"},{\"@type\":\"ListItem\",\"position\":3,\"name\":\"Vicenzi\",\"item\":\"https:\/\/mivoot.com\/gt\/marca\/vicenzi\/\"},{\"@type\":\"ListItem\",\"position\":4,\"name\":\"Mesa Redonda Plegable 1.52mts Vicenzi\"}]},{\"@type\":\"WebSite\",\"@id\":\"https:\/\/mivoot.com\/gt\/#website\",\"url\":\"https:\/\/mivoot.com\/gt\/\",\"name\":\"Mivoot\",\"description\":\"Mivoot Guatemala | Tienda Online\",\"publisher\":{\"@id\":\"https:\/\/mivoot.com\/gt\/#organization\"},\"alternateName\":\"mivoot\",\"potentialAction\":[{\"@type\":\"SearchAction\",\"target\":{\"@type\":\"EntryPoint\",\"urlTemplate\":\"https:\/\/mivoot.com\/gt\/?s={search_term_string}\"},\"query-input\":{\"@type\":\"PropertyValueSpecification\",\"valueRequired\":true,\"valueName\":\"search_term_string\"}}],\"inLanguage\":\"es\"},{\"@type\":\"Organization\",\"@id\":\"https:\/\/mivoot.com\/gt\/#organization\",\"name\":\"Mivoot Guatemala\",\"alternateName\":\"mivoot.com\",\"url\":\"https:\/\/mivoot.com\/gt\/\",\"logo\":{\"@type\":\"ImageObject\",\"inLanguage\":\"es\",\"@id\":\"https:\/\/mivoot.com\/gt\/#\/schema\/logo\/image\/\",\"url\":\"https:\/\/mivoot.com\/gt\/wp-content\/uploads\/2023\/03\/cropped-icon.png\",\"contentUrl\":\"https:\/\/mivoot.com\/gt\/wp-content\/uploads\/2023\/03\/cropped-icon.png\",\"width\":512,\"height\":512,\"caption\":\"Mivoot Guatemala\"},\"image\":{\"@id\":\"https:\/\/mivoot.com\/gt\/#\/schema\/logo\/image\/\"},\"sameAs\":[\"https:\/\/www.facebook.com\/mivootgt\",\"https:\/\/instagram.com\/mivoot\"]}]}<\/script>\n<!-- \/ Yoast SEO Premium plugin. -->","yoast_head_json":{"title":"Mesa Redonda Plegable 1.52mts Vicenzi - Mivoot","robots":{"index":"index","follow":"follow","max-snippet":"max-snippet:-1","max-image-preview":"max-image-preview:large","max-video-preview":"max-video-preview:-1"},"canonical":"https:\/\/mivoot.com\/gt\/producto\/mesa-redonda-plegable-1-52mts-vicenzi\/","og_locale":"es_ES","og_type":"article","og_title":"Mesa Redonda Plegable 1.52mts Vicenzi","og_description":"- Mesa Redonda Plegable por la mitad - Di\u00e1metro 1.52mtrs - Capacidad 8 a 10 personas - Medidas (abierta) 152 cm \u00d7 152 cm x Altura 74 cm - Medidas (plegada) 153 cm x 10 cm de espesor. - Peso 18 Kg.","og_url":"https:\/\/mivoot.com\/gt\/producto\/mesa-redonda-plegable-1-52mts-vicenzi\/","og_site_name":"Mivoot","article_publisher":"https:\/\/www.facebook.com\/mivootgt","article_modified_time":"2026-05-06T17:58:28+00:00","og_image":[{"width":1500,"height":1227,"url":"https:\/\/mivoot.com\/gt\/wp-content\/uploads\/2026\/05\/mesa-redon-2.jpg","type":"image\/jpeg"}],"twitter_card":"summary_large_image","twitter_misc":{"Est. reading time":"1 minuto"},"schema":{"@context":"https:\/\/schema.org","@graph":[{"@type":"WebPage","@id":"https:\/\/mivoot.com\/gt\/producto\/mesa-redonda-plegable-1-52mts-vicenzi\/","url":"https:\/\/mivoot.com\/gt\/producto\/mesa-redonda-plegable-1-52mts-vicenzi\/","name":"Mesa Redonda Plegable 1.52mts Vicenzi - Mivoot","isPartOf":{"@id":"https:\/\/mivoot.com\/gt\/#website"},"primaryImageOfPage":{"@id":"https:\/\/mivoot.com\/gt\/producto\/mesa-redonda-plegable-1-52mts-vicenzi\/#primaryimage"},"image":{"@id":"https:\/\/mivoot.com\/gt\/producto\/mesa-redonda-plegable-1-52mts-vicenzi\/#primaryimage"},"thumbnailUrl":"https:\/\/mivoot.com\/gt\/wp-content\/uploads\/2026\/05\/mesa-redon-2.jpg","datePublished":"2026-05-06T17:36:28+00:00","dateModified":"2026-05-06T17:58:28+00:00","breadcrumb":{"@id":"https:\/\/mivoot.com\/gt\/producto\/mesa-redonda-plegable-1-52mts-vicenzi\/#breadcrumb"},"inLanguage":"es","potentialAction":[{"@type":"ReadAction","target":["https:\/\/mivoot.com\/gt\/producto\/mesa-redonda-plegable-1-52mts-vicenzi\/"]}]},{"@type":"ImageObject","inLanguage":"es","@id":"https:\/\/mivoot.com\/gt\/producto\/mesa-redonda-plegable-1-52mts-vicenzi\/#primaryimage","url":"https:\/\/mivoot.com\/gt\/wp-content\/uploads\/2026\/05\/mesa-redon-2.jpg","contentUrl":"https:\/\/mivoot.com\/gt\/wp-content\/uploads\/2026\/05\/mesa-redon-2.jpg","width":1500,"height":1227},{"@type":"BreadcrumbList","@id":"https:\/\/mivoot.com\/gt\/producto\/mesa-redonda-plegable-1-52mts-vicenzi\/#breadcrumb","itemListElement":[{"@type":"ListItem","position":1,"name":"Inicio","item":"https:\/\/mivoot.com\/gt\/"},{"@type":"ListItem","position":2,"name":"Productos","item":"https:\/\/mivoot.com\/gt\/producto\/"},{"@type":"ListItem","position":3,"name":"Vicenzi","item":"https:\/\/mivoot.com\/gt\/marca\/vicenzi\/"},{"@type":"ListItem","position":4,"name":"Mesa Redonda Plegable 1.52mts Vicenzi"}]},{"@type":"WebSite","@id":"https:\/\/mivoot.com\/gt\/#website","url":"https:\/\/mivoot.com\/gt\/","name":"Mivoot","description":"Mivoot Guatemala | Tienda Online","publisher":{"@id":"https:\/\/mivoot.com\/gt\/#organization"},"alternateName":"mivoot","potentialAction":[{"@type":"SearchAction","target":{"@type":"EntryPoint","urlTemplate":"https:\/\/mivoot.com\/gt\/?s={search_term_string}"},"query-input":{"@type":"PropertyValueSpecification","valueRequired":true,"valueName":"search_term_string"}}],"inLanguage":"es"},{"@type":"Organization","@id":"https:\/\/mivoot.com\/gt\/#organization","name":"Mivoot Guatemala","alternateName":"mivoot.com","url":"https:\/\/mivoot.com\/gt\/","logo":{"@type":"ImageObject","inLanguage":"es","@id":"https:\/\/mivoot.com\/gt\/#\/schema\/logo\/image\/","url":"https:\/\/mivoot.com\/gt\/wp-content\/uploads\/2023\/03\/cropped-icon.png","contentUrl":"https:\/\/mivoot.com\/gt\/wp-content\/uploads\/2023\/03\/cropped-icon.png","width":512,"height":512,"caption":"Mivoot Guatemala"},"image":{"@id":"https:\/\/mivoot.com\/gt\/#\/schema\/logo\/image\/"},"sameAs":["https:\/\/www.facebook.com\/mivootgt","https:\/\/instagram.com\/mivoot"]}]}},"jetpack_publicize_connections":[],"jetpack_sharing_enabled":true,"brands":[{"id":598,"name":"Vicenzi","slug":"vicenzi"}],"_links":{"self":[{"href":"https:\/\/mivoot.com\/gt\/wp-json\/wp\/v2\/product\/33651","targetHints":{"allow":["GET"]}}],"collection":[{"href":"https:\/\/mivoot.com\/gt\/wp-json\/wp\/v2\/product"}],"about":[{"href":"https:\/\/mivoot.com\/gt\/wp-json\/wp\/v2\/types\/product"}],"replies":[{"embeddable":true,"href":"https:\/\/mivoot.com\/gt\/wp-json\/wp\/v2\/comments?post=33651"}],"version-history":[{"count":1,"href":"https:\/\/mivoot.com\/gt\/wp-json\/wp\/v2\/product\/33651\/revisions"}],"predecessor-version":[{"id":33661,"href":"https:\/\/mivoot.com\/gt\/wp-json\/wp\/v2\/product\/33651\/revisions\/33661"}],"wp:featuredmedia":[{"embeddable":true,"href":"https:\/\/mivoot.com\/gt\/wp-json\/wp\/v2\/media\/33654"}],"wp:attachment":[{"href":"https:\/\/mivoot.com\/gt\/wp-json\/wp\/v2\/media?parent=33651"}],"wp:term":[{"taxonomy":"pwb-brand","embeddable":true,"href":"https:\/\/mivoot.com\/gt\/wp-json\/wp\/v2\/pwb-brand?post=33651"},{"taxonomy":"product_brand","embeddable":true,"href":"https:\/\/mivoot.com\/gt\/wp-json\/wp\/v2\/product_brand?post=33651"},{"taxonomy":"product_cat","embeddable":true,"href":"https:\/\/mivoot.com\/gt\/wp-json\/wp\/v2\/product_cat?post=33651"},{"taxonomy":"product_tag","embeddable":true,"href":"https:\/\/mivoot.com\/gt\/wp-json\/wp\/v2\/product_tag?post=33651"}],"curies":[{"name":"wp","href":"https:\/\/api.w.org\/{rel}","templated":true}]}}