{"id":33655,"date":"2026-05-06T12:18:21","date_gmt":"2026-05-06T18:18:21","guid":{"rendered":"https:\/\/mivoot.com\/gt\/?post_type=product&#038;p=33655"},"modified":"2026-05-06T12:21:01","modified_gmt":"2026-05-06T18:21:01","slug":"ups-srt-10000va-208-120v-apc","status":"publish","type":"product","link":"https:\/\/mivoot.com\/gt\/producto\/ups-srt-10000va-208-120v-apc\/","title":{"rendered":"UPS SRT 10000VA 208-120V APC"},"content":{"rendered":"<h1 style=\"text-align: center\"><span style=\"color: #003366\"><strong>UPS SRT 10000VA 208-120V APC<\/strong><\/span><\/h1>\n<p style=\"text-align: center\">\n<p style=\"text-align: center\">Un SAI vers\u00e1til desarrollado para las condiciones de alimentaci\u00f3n m\u00e1s adversas del mundo. Smart-UPS On-Line proporciona protecci\u00f3n de alimentaci\u00f3n en l\u00ednea de doble conversi\u00f3n real y alta densidad para servidores, redes de voz\/datos, laboratorios m\u00e9dicos y aplicaciones industriales ligeras. Capaz de soportar cargas de 1 a 20 kVA en formato convertible para rack\/torre, Smart-UPS On-Line est\u00e1 disponible en formatos de 2U a 12U. Las recientes ampliaciones de la familia a 10 y 20 kVA permiten dar soporte a servidores blade de alto consumo energ\u00e9tico o equipos con cargas elevadas.<\/p>\n<p>&nbsp;<\/p>\n<p>&nbsp;<\/p>\n<table class=\"table table-striped\">\n<thead>\n<tr>\n<th class=\"text-white\" colspan=\"2\">Caracter\u00edsticas<\/th>\n<\/tr>\n<\/thead>\n<tbody>\n<tr>\n<td class=\"w-50\">Topolog\u00eda UPS<\/td>\n<td class=\"w-50\">Doble conversi\u00f3n (en l\u00ednea)<\/td>\n<\/tr>\n<tr>\n<td class=\"w-50\">Capacidad de potencia de salida (VA)<\/td>\n<td class=\"w-50\">10 kVA<\/td>\n<\/tr>\n<tr>\n<td class=\"w-50\">Potencia de salida<\/td>\n<td class=\"w-50\">10000 W<\/td>\n<\/tr>\n<tr>\n<td class=\"w-50\">Forma de onda<\/td>\n<td class=\"w-50\">Seno<\/td>\n<\/tr>\n<tr>\n<td class=\"w-50\">Voltaje de entrada de operaci\u00f3n (min)<\/td>\n<td class=\"w-50\">160 V<\/td>\n<\/tr>\n<tr>\n<td class=\"w-50\">Voltaje de entrada de operaci\u00f3n (m\u00e1x.)<\/td>\n<td class=\"w-50\">275 V<\/td>\n<\/tr>\n<tr>\n<td class=\"w-50\">Frecuencia de entrada<\/td>\n<td class=\"w-50\">40 &#8211; 70 Hz<\/td>\n<\/tr>\n<tr>\n<td class=\"w-50\">Voltaje de operaci\u00f3n de salida (min)<\/td>\n<td class=\"w-50\">208 V<\/td>\n<\/tr>\n<tr>\n<td class=\"w-50\">Voltaje de operaci\u00f3n de salida (m\u00e1x.)<\/td>\n<td class=\"w-50\">240 V<\/td>\n<\/tr>\n<tr>\n<td class=\"w-50\">Frecuencia de salida<\/td>\n<td class=\"w-50\">60 Hz<\/td>\n<\/tr>\n<tr>\n<td class=\"w-50\">\u00cdndice de aumento de energ\u00eda<\/td>\n<td class=\"w-50\">480 J<\/td>\n<\/tr>\n<tr>\n<td class=\"w-50\">Factor de cima<\/td>\n<td class=\"w-50\">3:1<\/td>\n<\/tr>\n<tr>\n<td class=\"w-50\">Apagado de emergencia<\/td>\n<td class=\"w-50\">Si<\/td>\n<\/tr>\n<tr>\n<td class=\"w-50\">Salida de voltaje Distorsi\u00f3n Arm\u00f3nica Total<\/td>\n<td class=\"w-50\">2%<\/td>\n<\/tr>\n<tr>\n<td class=\"w-50\">Protecci\u00f3n de sobrecarga<\/td>\n<td class=\"w-50\">Si<\/td>\n<\/tr>\n<tr>\n<td class=\"w-50\">Alarma(s) audibles<\/td>\n<td class=\"w-50\">Si<\/td>\n<\/tr>\n<tr>\n<td class=\"w-50\">Administraci\u00f3n basada en web<\/td>\n<td class=\"w-50\">Si<\/td>\n<\/tr>\n<tr>\n<td class=\"w-50\">Auto-re arranque<\/td>\n<td class=\"w-50\">Si<\/td>\n<\/tr>\n<\/tbody>\n<\/table>\n<table class=\"table table-striped\">\n<thead>\n<tr>\n<th class=\"text-white\" colspan=\"2\">Puertos e Interfaces<\/th>\n<\/tr>\n<\/thead>\n<tbody>\n<tr>\n<td class=\"w-50\">Tipo de salida AC<\/td>\n<td class=\"w-50\">NEMA 6\u201320R, NEMA 6\u201330R<\/td>\n<\/tr>\n<tr>\n<td class=\"w-50\">Cantidad de salidas AC<\/td>\n<td class=\"w-50\">7 salidas AC<\/td>\n<\/tr>\n<tr>\n<td class=\"w-50\">Puerto USB<\/td>\n<td class=\"w-50\">Si<\/td>\n<\/tr>\n<tr>\n<td class=\"w-50\">Interfaz en serie<\/td>\n<td class=\"w-50\">Si<\/td>\n<\/tr>\n<tr>\n<td class=\"w-50\">Tipo de serie de interfaz<\/td>\n<td class=\"w-50\">RJ-45<\/td>\n<\/tr>\n<tr>\n<td class=\"w-50\">Cantidad de puerto serial<\/td>\n<td class=\"w-50\">1<\/td>\n<\/tr>\n<tr>\n<td class=\"w-50\">Puertos Ethernet LAN (RJ-45)<\/td>\n<td class=\"w-50\">2<\/td>\n<\/tr>\n<tr>\n<td class=\"w-50\">Tecnolog\u00eda de cableado<\/td>\n<td class=\"w-50\">10\/100Base-T<\/td>\n<\/tr>\n<tr>\n<td class=\"w-50\">SmartSlot<\/td>\n<td class=\"w-50\">Si<\/td>\n<\/tr>\n<\/tbody>\n<\/table>\n<table class=\"table table-striped\">\n<thead>\n<tr>\n<th class=\"text-white\" colspan=\"2\">Bater\u00eda<\/th>\n<\/tr>\n<\/thead>\n<tbody>\n<tr>\n<td class=\"w-50\">Tecnolog\u00eda de bater\u00eda<\/td>\n<td class=\"w-50\">Sealed Lead Acid (VRLA)<\/td>\n<\/tr>\n<tr>\n<td class=\"w-50\">Capacidad de la bater\u00eda<\/td>\n<td class=\"w-50\">1799 VAh<\/td>\n<\/tr>\n<tr>\n<td class=\"w-50\">Duraci\u00f3n de la bater\u00eda (m\u00e1x)<\/td>\n<td class=\"w-50\">5 A\u00f1o(s)<\/td>\n<\/tr>\n<tr>\n<td class=\"w-50\">Tiempo de recarga de la bater\u00eda<\/td>\n<td class=\"w-50\">1.5 h<\/td>\n<\/tr>\n<tr>\n<td class=\"w-50\">Bater\u00eda hot-swap<\/td>\n<td class=\"w-50\">Si<\/td>\n<\/tr>\n<tr>\n<td class=\"w-50\">Prueba de bater\u00edas autom\u00e1tica<\/td>\n<td class=\"w-50\">Si<\/td>\n<\/tr>\n<tr>\n<td class=\"w-50\">Arranque en fr\u00edo<\/td>\n<td class=\"w-50\">Si<\/td>\n<\/tr>\n<tr>\n<td class=\"w-50\">Cartucho para bater\u00eda de repuesto<\/td>\n<td class=\"w-50\">APCRBC140<\/td>\n<\/tr>\n<\/tbody>\n<\/table>\n<table class=\"table table-striped\">\n<thead>\n<tr>\n<th class=\"text-white\" colspan=\"2\">Dise\u00f1o<\/th>\n<\/tr>\n<\/thead>\n<tbody>\n<tr>\n<td class=\"w-50\">Factor de forma<\/td>\n<td class=\"w-50\">Montaje en rack\/Torre o Montaje en bastidor\/Torre<\/td>\n<\/tr>\n<tr>\n<td class=\"w-50\">Capacidad del rack<\/td>\n<td class=\"w-50\">6U<\/td>\n<\/tr>\n<tr>\n<td class=\"w-50\">Color del producto<\/td>\n<td class=\"w-50\">Negro<\/td>\n<\/tr>\n<tr>\n<td class=\"w-50\">Tipo de visualizador<\/td>\n<td class=\"w-50\">LCD<\/td>\n<\/tr>\n<tr>\n<td class=\"w-50\">Indicadores LED<\/td>\n<td class=\"w-50\">alarma, Estado<\/td>\n<\/tr>\n<tr>\n<td class=\"w-50\">C\u00f3digo IP (International Protection)<\/td>\n<td class=\"w-50\">IP20<\/td>\n<\/tr>\n<\/tbody>\n<\/table>\n<table class=\"table table-striped\">\n<thead>\n<tr>\n<th class=\"text-white\" colspan=\"2\">Condiciones ambientales<\/th>\n<\/tr>\n<\/thead>\n<tbody>\n<tr>\n<td class=\"w-50\">Intervalo de temperatura operativa (T-T)<\/td>\n<td class=\"w-50\">0 &#8211; 40 \u00b0C<\/td>\n<\/tr>\n<tr>\n<td class=\"w-50\">Intervalo de temperatura de almacenaje<\/td>\n<td class=\"w-50\">-15 &#8211; 45 \u00b0C<\/td>\n<\/tr>\n<tr>\n<td class=\"w-50\">Intervalo de humedad relativa para funcionamiento<\/td>\n<td class=\"w-50\">0 &#8211; 95%<\/td>\n<\/tr>\n<tr>\n<td class=\"w-50\">Intervalo de humedad relativa durante almacenaje<\/td>\n<td class=\"w-50\">0 &#8211; 95%<\/td>\n<\/tr>\n<tr>\n<td class=\"w-50\">Altitud de funcionamiento<\/td>\n<td class=\"w-50\">0 &#8211; 3000 m<\/td>\n<\/tr>\n<\/tbody>\n<\/table>\n<table class=\"table table-striped\">\n<thead>\n<tr>\n<th class=\"text-white\" colspan=\"2\">Certificados<\/th>\n<\/tr>\n<\/thead>\n<tbody>\n<tr>\n<td class=\"w-50\">Certificados de cumplimiento<\/td>\n<td class=\"w-50\">RoHS<\/td>\n<\/tr>\n<\/tbody>\n<\/table>\n<table class=\"table table-striped\">\n<thead>\n<tr>\n<th class=\"text-white\" colspan=\"2\">Contenido del empaque<\/th>\n<\/tr>\n<\/thead>\n<tbody>\n<tr>\n<td class=\"w-50\">Estante de montaje<\/td>\n<td class=\"w-50\">Si<\/td>\n<\/tr>\n<tr>\n<td class=\"w-50\">Cables incluidos<\/td>\n<td class=\"w-50\">Cable USB<\/td>\n<\/tr>\n<tr>\n<td class=\"w-50\">Gu\u00eda de instalaci\u00f3n r\u00e1pida<\/td>\n<td class=\"w-50\">Si<\/td>\n<\/tr>\n<\/tbody>\n<\/table>\n<table class=\"table table-striped\">\n<thead>\n<tr>\n<th class=\"text-white\" colspan=\"2\">Sustentabilidad<\/th>\n<\/tr>\n<\/thead>\n<tbody>\n<tr>\n<td class=\"w-50\">Certificados de sustentabilidad<\/td>\n<td class=\"w-50\">ENERGY STAR<\/td>\n<\/tr>\n<\/tbody>\n<\/table>\n<table class=\"table table-striped\">\n<thead>\n<tr>\n<th class=\"text-white\" colspan=\"2\">Peso y dimensiones<\/th>\n<\/tr>\n<\/thead>\n<tbody>\n<tr>\n<td class=\"w-50\">Ancho<\/td>\n<td class=\"w-50\">432 mm<\/td>\n<\/tr>\n<tr>\n<td class=\"w-50\">Profundidad<\/td>\n<td class=\"w-50\">715 mm<\/td>\n<\/tr>\n<tr>\n<td class=\"w-50\">Altura<\/td>\n<td class=\"w-50\">263 mm<\/td>\n<\/tr>\n<tr>\n<td class=\"w-50\">Peso<\/td>\n<td class=\"w-50\">111.6 kg<\/td>\n<\/tr>\n<\/tbody>\n<\/table>\n<p>&nbsp;<\/p>\n","protected":false},"excerpt":{"rendered":"<p>&#8211; Topolog\u00eda UPS: Doble conversi\u00f3n (en l\u00ednea)<br \/>\n&#8211; Capacidad de potencia de salida (VA): 10 kVA<br \/>\n&#8211; Potencia de salida: 10000 W<br \/>\n&#8211; Forma de onda: Seno<br \/>\n&#8211; Voltaje de entrada de operaci\u00f3n (min): 160 V<br \/>\n&#8211; Voltaje de entrada de operaci\u00f3n (m\u00e1x.): 275 V<br \/>\n&#8211; Frecuencia de entrada: 40 &#8211; 70 Hz<br \/>\n&#8211; Voltaje de operaci\u00f3n de salida (min): 208 V<br \/>\n&#8211; Voltaje de operaci\u00f3n de salida (m\u00e1x.): 240 V<br \/>\n&#8211; Frecuencia de salida: 60 Hz<br \/>\n&#8211; \u00cdndice de aumento de energ\u00eda: 480 J<\/p>\n","protected":false},"featured_media":33673,"comment_status":"open","ping_status":"closed","template":"","meta":{"jetpack_publicize_message":"","jetpack_publicize_feature_enabled":true,"jetpack_social_post_already_shared":true,"jetpack_social_options":{"image_generator_settings":{"template":"highway","default_image_id":0,"font":"","enabled":false},"version":2}},"pwb-brand":[104],"product_brand":[],"product_cat":[20,178],"product_tag":[],"class_list":{"0":"post-33655","1":"product","2":"type-product","3":"status-publish","4":"has-post-thumbnail","6":"pwb-brand-apc","7":"product_cat-reguladores-y-ups","8":"product_cat-ups","10":"first","11":"instock","12":"taxable","13":"shipping-taxable","14":"purchasable","15":"product-type-simple"},"yoast_head":"<!-- This site is optimized with the Yoast SEO Premium plugin v25.7.1 (Yoast SEO v26.8) - https:\/\/yoast.com\/product\/yoast-seo-premium-wordpress\/ -->\n<title>UPS SRT 10000VA 208-120V APC - Mivoot<\/title>\n<meta name=\"robots\" content=\"index, follow, max-snippet:-1, max-image-preview:large, max-video-preview:-1\" \/>\n<link rel=\"canonical\" href=\"https:\/\/mivoot.com\/gt\/producto\/ups-srt-10000va-208-120v-apc\/\" \/>\n<meta property=\"og:locale\" content=\"es_ES\" \/>\n<meta property=\"og:type\" content=\"article\" \/>\n<meta property=\"og:title\" content=\"UPS SRT 10000VA 208-120V APC\" \/>\n<meta property=\"og:description\" content=\"- Topolog\u00eda UPS: Doble conversi\u00f3n (en l\u00ednea) - Capacidad de potencia de salida (VA): 10 kVA - Potencia de salida: 10000 W - Forma de onda: Seno - Voltaje de entrada de operaci\u00f3n (min): 160 V - Voltaje de entrada de operaci\u00f3n (m\u00e1x.): 275 V - Frecuencia de entrada: 40 - 70 Hz - Voltaje de operaci\u00f3n de salida (min): 208 V - Voltaje de operaci\u00f3n de salida (m\u00e1x.): 240 V - Frecuencia de salida: 60 Hz - \u00cdndice de aumento de energ\u00eda: 480 J\" \/>\n<meta property=\"og:url\" content=\"https:\/\/mivoot.com\/gt\/producto\/ups-srt-10000va-208-120v-apc\/\" \/>\n<meta property=\"og:site_name\" content=\"Mivoot\" \/>\n<meta property=\"article:publisher\" content=\"https:\/\/www.facebook.com\/mivootgt\" \/>\n<meta property=\"article:modified_time\" content=\"2026-05-06T18:21:01+00:00\" \/>\n<meta property=\"og:image\" content=\"https:\/\/mivoot.com\/gt\/wp-content\/uploads\/2026\/05\/Electronica-No-Breaks-y-UPS-APC-SRT10KRMXLT-457038-BDAziAuf8ClhwSpi-1.jpg\" \/>\n\t<meta property=\"og:image:width\" content=\"600\" \/>\n\t<meta property=\"og:image:height\" content=\"450\" \/>\n\t<meta property=\"og:image:type\" content=\"image\/jpeg\" \/>\n<meta name=\"twitter:card\" content=\"summary_large_image\" \/>\n<meta name=\"twitter:label1\" content=\"Est. reading time\" \/>\n\t<meta name=\"twitter:data1\" content=\"3 minutos\" \/>\n<script type=\"application\/ld+json\" class=\"yoast-schema-graph\">{\"@context\":\"https:\/\/schema.org\",\"@graph\":[{\"@type\":\"WebPage\",\"@id\":\"https:\/\/mivoot.com\/gt\/producto\/ups-srt-10000va-208-120v-apc\/\",\"url\":\"https:\/\/mivoot.com\/gt\/producto\/ups-srt-10000va-208-120v-apc\/\",\"name\":\"UPS SRT 10000VA 208-120V APC - Mivoot\",\"isPartOf\":{\"@id\":\"https:\/\/mivoot.com\/gt\/#website\"},\"primaryImageOfPage\":{\"@id\":\"https:\/\/mivoot.com\/gt\/producto\/ups-srt-10000va-208-120v-apc\/#primaryimage\"},\"image\":{\"@id\":\"https:\/\/mivoot.com\/gt\/producto\/ups-srt-10000va-208-120v-apc\/#primaryimage\"},\"thumbnailUrl\":\"https:\/\/mivoot.com\/gt\/wp-content\/uploads\/2026\/05\/Electronica-No-Breaks-y-UPS-APC-SRT10KRMXLT-457038-BDAziAuf8ClhwSpi-1.jpg\",\"datePublished\":\"2026-05-06T18:18:21+00:00\",\"dateModified\":\"2026-05-06T18:21:01+00:00\",\"breadcrumb\":{\"@id\":\"https:\/\/mivoot.com\/gt\/producto\/ups-srt-10000va-208-120v-apc\/#breadcrumb\"},\"inLanguage\":\"es\",\"potentialAction\":[{\"@type\":\"ReadAction\",\"target\":[\"https:\/\/mivoot.com\/gt\/producto\/ups-srt-10000va-208-120v-apc\/\"]}]},{\"@type\":\"ImageObject\",\"inLanguage\":\"es\",\"@id\":\"https:\/\/mivoot.com\/gt\/producto\/ups-srt-10000va-208-120v-apc\/#primaryimage\",\"url\":\"https:\/\/mivoot.com\/gt\/wp-content\/uploads\/2026\/05\/Electronica-No-Breaks-y-UPS-APC-SRT10KRMXLT-457038-BDAziAuf8ClhwSpi-1.jpg\",\"contentUrl\":\"https:\/\/mivoot.com\/gt\/wp-content\/uploads\/2026\/05\/Electronica-No-Breaks-y-UPS-APC-SRT10KRMXLT-457038-BDAziAuf8ClhwSpi-1.jpg\",\"width\":600,\"height\":450},{\"@type\":\"BreadcrumbList\",\"@id\":\"https:\/\/mivoot.com\/gt\/producto\/ups-srt-10000va-208-120v-apc\/#breadcrumb\",\"itemListElement\":[{\"@type\":\"ListItem\",\"position\":1,\"name\":\"Inicio\",\"item\":\"https:\/\/mivoot.com\/gt\/\"},{\"@type\":\"ListItem\",\"position\":2,\"name\":\"Productos\",\"item\":\"https:\/\/mivoot.com\/gt\/producto\/\"},{\"@type\":\"ListItem\",\"position\":3,\"name\":\"APC\",\"item\":\"https:\/\/mivoot.com\/gt\/marca\/apc\/\"},{\"@type\":\"ListItem\",\"position\":4,\"name\":\"UPS SRT 10000VA 208-120V APC\"}]},{\"@type\":\"WebSite\",\"@id\":\"https:\/\/mivoot.com\/gt\/#website\",\"url\":\"https:\/\/mivoot.com\/gt\/\",\"name\":\"Mivoot\",\"description\":\"Mivoot Guatemala | Tienda Online\",\"publisher\":{\"@id\":\"https:\/\/mivoot.com\/gt\/#organization\"},\"alternateName\":\"mivoot\",\"potentialAction\":[{\"@type\":\"SearchAction\",\"target\":{\"@type\":\"EntryPoint\",\"urlTemplate\":\"https:\/\/mivoot.com\/gt\/?s={search_term_string}\"},\"query-input\":{\"@type\":\"PropertyValueSpecification\",\"valueRequired\":true,\"valueName\":\"search_term_string\"}}],\"inLanguage\":\"es\"},{\"@type\":\"Organization\",\"@id\":\"https:\/\/mivoot.com\/gt\/#organization\",\"name\":\"Mivoot Guatemala\",\"alternateName\":\"mivoot.com\",\"url\":\"https:\/\/mivoot.com\/gt\/\",\"logo\":{\"@type\":\"ImageObject\",\"inLanguage\":\"es\",\"@id\":\"https:\/\/mivoot.com\/gt\/#\/schema\/logo\/image\/\",\"url\":\"https:\/\/mivoot.com\/gt\/wp-content\/uploads\/2023\/03\/cropped-icon.png\",\"contentUrl\":\"https:\/\/mivoot.com\/gt\/wp-content\/uploads\/2023\/03\/cropped-icon.png\",\"width\":512,\"height\":512,\"caption\":\"Mivoot Guatemala\"},\"image\":{\"@id\":\"https:\/\/mivoot.com\/gt\/#\/schema\/logo\/image\/\"},\"sameAs\":[\"https:\/\/www.facebook.com\/mivootgt\",\"https:\/\/instagram.com\/mivoot\"]}]}<\/script>\n<!-- \/ Yoast SEO Premium plugin. -->","yoast_head_json":{"title":"UPS SRT 10000VA 208-120V APC - Mivoot","robots":{"index":"index","follow":"follow","max-snippet":"max-snippet:-1","max-image-preview":"max-image-preview:large","max-video-preview":"max-video-preview:-1"},"canonical":"https:\/\/mivoot.com\/gt\/producto\/ups-srt-10000va-208-120v-apc\/","og_locale":"es_ES","og_type":"article","og_title":"UPS SRT 10000VA 208-120V APC","og_description":"- Topolog\u00eda UPS: Doble conversi\u00f3n (en l\u00ednea) - Capacidad de potencia de salida (VA): 10 kVA - Potencia de salida: 10000 W - Forma de onda: Seno - Voltaje de entrada de operaci\u00f3n (min): 160 V - Voltaje de entrada de operaci\u00f3n (m\u00e1x.): 275 V - Frecuencia de entrada: 40 - 70 Hz - Voltaje de operaci\u00f3n de salida (min): 208 V - Voltaje de operaci\u00f3n de salida (m\u00e1x.): 240 V - Frecuencia de salida: 60 Hz - \u00cdndice de aumento de energ\u00eda: 480 J","og_url":"https:\/\/mivoot.com\/gt\/producto\/ups-srt-10000va-208-120v-apc\/","og_site_name":"Mivoot","article_publisher":"https:\/\/www.facebook.com\/mivootgt","article_modified_time":"2026-05-06T18:21:01+00:00","og_image":[{"width":600,"height":450,"url":"https:\/\/mivoot.com\/gt\/wp-content\/uploads\/2026\/05\/Electronica-No-Breaks-y-UPS-APC-SRT10KRMXLT-457038-BDAziAuf8ClhwSpi-1.jpg","type":"image\/jpeg"}],"twitter_card":"summary_large_image","twitter_misc":{"Est. reading time":"3 minutos"},"schema":{"@context":"https:\/\/schema.org","@graph":[{"@type":"WebPage","@id":"https:\/\/mivoot.com\/gt\/producto\/ups-srt-10000va-208-120v-apc\/","url":"https:\/\/mivoot.com\/gt\/producto\/ups-srt-10000va-208-120v-apc\/","name":"UPS SRT 10000VA 208-120V APC - Mivoot","isPartOf":{"@id":"https:\/\/mivoot.com\/gt\/#website"},"primaryImageOfPage":{"@id":"https:\/\/mivoot.com\/gt\/producto\/ups-srt-10000va-208-120v-apc\/#primaryimage"},"image":{"@id":"https:\/\/mivoot.com\/gt\/producto\/ups-srt-10000va-208-120v-apc\/#primaryimage"},"thumbnailUrl":"https:\/\/mivoot.com\/gt\/wp-content\/uploads\/2026\/05\/Electronica-No-Breaks-y-UPS-APC-SRT10KRMXLT-457038-BDAziAuf8ClhwSpi-1.jpg","datePublished":"2026-05-06T18:18:21+00:00","dateModified":"2026-05-06T18:21:01+00:00","breadcrumb":{"@id":"https:\/\/mivoot.com\/gt\/producto\/ups-srt-10000va-208-120v-apc\/#breadcrumb"},"inLanguage":"es","potentialAction":[{"@type":"ReadAction","target":["https:\/\/mivoot.com\/gt\/producto\/ups-srt-10000va-208-120v-apc\/"]}]},{"@type":"ImageObject","inLanguage":"es","@id":"https:\/\/mivoot.com\/gt\/producto\/ups-srt-10000va-208-120v-apc\/#primaryimage","url":"https:\/\/mivoot.com\/gt\/wp-content\/uploads\/2026\/05\/Electronica-No-Breaks-y-UPS-APC-SRT10KRMXLT-457038-BDAziAuf8ClhwSpi-1.jpg","contentUrl":"https:\/\/mivoot.com\/gt\/wp-content\/uploads\/2026\/05\/Electronica-No-Breaks-y-UPS-APC-SRT10KRMXLT-457038-BDAziAuf8ClhwSpi-1.jpg","width":600,"height":450},{"@type":"BreadcrumbList","@id":"https:\/\/mivoot.com\/gt\/producto\/ups-srt-10000va-208-120v-apc\/#breadcrumb","itemListElement":[{"@type":"ListItem","position":1,"name":"Inicio","item":"https:\/\/mivoot.com\/gt\/"},{"@type":"ListItem","position":2,"name":"Productos","item":"https:\/\/mivoot.com\/gt\/producto\/"},{"@type":"ListItem","position":3,"name":"APC","item":"https:\/\/mivoot.com\/gt\/marca\/apc\/"},{"@type":"ListItem","position":4,"name":"UPS SRT 10000VA 208-120V APC"}]},{"@type":"WebSite","@id":"https:\/\/mivoot.com\/gt\/#website","url":"https:\/\/mivoot.com\/gt\/","name":"Mivoot","description":"Mivoot Guatemala | Tienda Online","publisher":{"@id":"https:\/\/mivoot.com\/gt\/#organization"},"alternateName":"mivoot","potentialAction":[{"@type":"SearchAction","target":{"@type":"EntryPoint","urlTemplate":"https:\/\/mivoot.com\/gt\/?s={search_term_string}"},"query-input":{"@type":"PropertyValueSpecification","valueRequired":true,"valueName":"search_term_string"}}],"inLanguage":"es"},{"@type":"Organization","@id":"https:\/\/mivoot.com\/gt\/#organization","name":"Mivoot Guatemala","alternateName":"mivoot.com","url":"https:\/\/mivoot.com\/gt\/","logo":{"@type":"ImageObject","inLanguage":"es","@id":"https:\/\/mivoot.com\/gt\/#\/schema\/logo\/image\/","url":"https:\/\/mivoot.com\/gt\/wp-content\/uploads\/2023\/03\/cropped-icon.png","contentUrl":"https:\/\/mivoot.com\/gt\/wp-content\/uploads\/2023\/03\/cropped-icon.png","width":512,"height":512,"caption":"Mivoot Guatemala"},"image":{"@id":"https:\/\/mivoot.com\/gt\/#\/schema\/logo\/image\/"},"sameAs":["https:\/\/www.facebook.com\/mivootgt","https:\/\/instagram.com\/mivoot"]}]}},"jetpack_publicize_connections":[],"jetpack_sharing_enabled":true,"brands":[{"id":104,"name":"APC","slug":"apc"}],"_links":{"self":[{"href":"https:\/\/mivoot.com\/gt\/wp-json\/wp\/v2\/product\/33655","targetHints":{"allow":["GET"]}}],"collection":[{"href":"https:\/\/mivoot.com\/gt\/wp-json\/wp\/v2\/product"}],"about":[{"href":"https:\/\/mivoot.com\/gt\/wp-json\/wp\/v2\/types\/product"}],"replies":[{"embeddable":true,"href":"https:\/\/mivoot.com\/gt\/wp-json\/wp\/v2\/comments?post=33655"}],"version-history":[{"count":1,"href":"https:\/\/mivoot.com\/gt\/wp-json\/wp\/v2\/product\/33655\/revisions"}],"predecessor-version":[{"id":33674,"href":"https:\/\/mivoot.com\/gt\/wp-json\/wp\/v2\/product\/33655\/revisions\/33674"}],"wp:featuredmedia":[{"embeddable":true,"href":"https:\/\/mivoot.com\/gt\/wp-json\/wp\/v2\/media\/33673"}],"wp:attachment":[{"href":"https:\/\/mivoot.com\/gt\/wp-json\/wp\/v2\/media?parent=33655"}],"wp:term":[{"taxonomy":"pwb-brand","embeddable":true,"href":"https:\/\/mivoot.com\/gt\/wp-json\/wp\/v2\/pwb-brand?post=33655"},{"taxonomy":"product_brand","embeddable":true,"href":"https:\/\/mivoot.com\/gt\/wp-json\/wp\/v2\/product_brand?post=33655"},{"taxonomy":"product_cat","embeddable":true,"href":"https:\/\/mivoot.com\/gt\/wp-json\/wp\/v2\/product_cat?post=33655"},{"taxonomy":"product_tag","embeddable":true,"href":"https:\/\/mivoot.com\/gt\/wp-json\/wp\/v2\/product_tag?post=33655"}],"curies":[{"name":"wp","href":"https:\/\/api.w.org\/{rel}","templated":true}]}}