{"id":33666,"date":"2026-05-06T11:51:41","date_gmt":"2026-05-06T17:51:41","guid":{"rendered":"https:\/\/mivoot.com\/gt\/?post_type=product&#038;p=33666"},"modified":"2026-05-06T11:58:00","modified_gmt":"2026-05-06T17:58:00","slug":"mesa-coctelera-80cm-vincenzi","status":"publish","type":"product","link":"https:\/\/mivoot.com\/gt\/producto\/mesa-coctelera-80cm-vincenzi\/","title":{"rendered":"Mesa Coctelera 80cm Vincenzi"},"content":{"rendered":"<h1 style=\"text-align: center;\">Mesa Coctelera Vincenzi<\/h1>\n<ul class=\"a-unordered-list a-vertical a-spacing-mini\">\n<li class=\"a-spacing-mini\"><span class=\"a-list-item\">Eleva tus reuniones: configura f\u00e1cilmente nuestra mesa de c\u00f3ctel de altura de barra para cualquier evento. Combina perfectamente con todos los tipos de lino, dando un toque de elegancia.<\/span><\/li>\n<li class=\"a-spacing-mini\"><span class=\"a-list-item\">Vers\u00e1til y duradera: mesa de grado comercial adecuada para uso en interiores o exteriores. Agua, resistente a las manchas y sin esfuerzo de limpiar, asegurando que siempre est\u00e9 listo para eventos.<\/span><\/li>\n<li class=\"a-spacing-mini\"><span class=\"a-list-item\">Construcci\u00f3n robusta: cuenta con una mesa blanca de granito de 1.75 pulgadas de grosor y un marco de acero recubierto de polvo gris, que soporta hasta 165 libras.<\/span><\/li>\n<li class=\"a-spacing-mini\"><span class=\"a-list-item\"> Equipado con deslizadores que no da\u00f1an para proteger los pisos.<\/span><\/li>\n<li class=\"a-spacing-mini\"><span class=\"a-list-item\">Bloqueo de marco \u00fanico: Evite pliegues inesperados, especialmente con\u00a0<\/span><\/li>\n<\/ul>\n<p class=\"apm-text-center\"><img decoding=\"async\" class=\"a-spacing-mini aligncenter\" src=\"https:\/\/m.media-amazon.com\/images\/S\/aplus-media\/sc\/e1ee84e9-a4a7-4523-bc60-f04ade6c82aa.__CR0,0,2999,2999_PT0_SX300_V1___.jpg\" alt=\"mesa de c\u00f3ctel de pl\u00e1stico plegable\" data-src=\"https:\/\/m.media-amazon.com\/images\/S\/aplus-media\/sc\/e1ee84e9-a4a7-4523-bc60-f04ade6c82aa.__CR0,0,2999,2999_PT0_SX300_V1___.jpg\" \/><\/p>\n<h4 class=\"a-spacing-mini\">Perfecto para uso en interiores o exteriores<\/h4>\n<p>Organiza tus propias fiestas y eventos y hazlo a\u00fan mejor con nuestra mesa plegable de pl\u00e1stico de altura de barra. Las mesas plegables son una forma vers\u00e1til y rentable de dar vida a cualquier reuni\u00f3n.<\/p>\n<p>Perfecta para cuando necesitas una peque\u00f1a mesa plegable, nuestra mesa de altura de barra es un complemento esencial para cualquier negocio de alquiler de fiestas, lugares o eventos.<\/p>\n","protected":false},"excerpt":{"rendered":"<p>&#8211; Mesa de 1.1m x 80cm<br \/>\n&#8211; Plegable<br \/>\n&#8211; Altura 1.1mtrs<\/p>\n","protected":false},"featured_media":33670,"comment_status":"open","ping_status":"closed","template":"","meta":{"jetpack_publicize_message":"","jetpack_publicize_feature_enabled":true,"jetpack_social_post_already_shared":true,"jetpack_social_options":{"image_generator_settings":{"template":"highway","default_image_id":0,"font":"","enabled":false},"version":2}},"pwb-brand":[598],"product_brand":[],"product_cat":[573],"product_tag":[],"class_list":{"0":"post-33666","1":"product","2":"type-product","3":"status-publish","4":"has-post-thumbnail","6":"pwb-brand-vicenzi","7":"product_cat-mesas","9":"first","10":"instock","11":"taxable","12":"shipping-taxable","13":"purchasable","14":"product-type-simple"},"yoast_head":"<!-- This site is optimized with the Yoast SEO Premium plugin v25.7.1 (Yoast SEO v26.8) - https:\/\/yoast.com\/product\/yoast-seo-premium-wordpress\/ -->\n<title>Mesa Coctelera 80cm Vincenzi - Mivoot<\/title>\n<meta name=\"robots\" content=\"index, follow, max-snippet:-1, max-image-preview:large, max-video-preview:-1\" \/>\n<link rel=\"canonical\" href=\"https:\/\/mivoot.com\/gt\/producto\/mesa-coctelera-80cm-vincenzi\/\" \/>\n<meta property=\"og:locale\" content=\"es_ES\" \/>\n<meta property=\"og:type\" content=\"article\" \/>\n<meta property=\"og:title\" content=\"Mesa Coctelera 80cm Vincenzi\" \/>\n<meta property=\"og:description\" content=\"- Mesa de 1.1m x 80cm - Plegable - Altura 1.1mtrs\" \/>\n<meta property=\"og:url\" content=\"https:\/\/mivoot.com\/gt\/producto\/mesa-coctelera-80cm-vincenzi\/\" \/>\n<meta property=\"og:site_name\" content=\"Mivoot\" \/>\n<meta property=\"article:publisher\" content=\"https:\/\/www.facebook.com\/mivootgt\" \/>\n<meta property=\"article:modified_time\" content=\"2026-05-06T17:58:00+00:00\" \/>\n<meta property=\"og:image\" content=\"https:\/\/mivoot.com\/gt\/wp-content\/uploads\/2026\/05\/mesa-coct-010.jpg\" \/>\n\t<meta property=\"og:image:width\" content=\"1500\" \/>\n\t<meta property=\"og:image:height\" content=\"1500\" \/>\n\t<meta property=\"og:image:type\" content=\"image\/jpeg\" \/>\n<meta name=\"twitter:card\" content=\"summary_large_image\" \/>\n<meta name=\"twitter:label1\" content=\"Est. reading time\" \/>\n\t<meta name=\"twitter:data1\" content=\"2 minutos\" \/>\n<script type=\"application\/ld+json\" class=\"yoast-schema-graph\">{\"@context\":\"https:\/\/schema.org\",\"@graph\":[{\"@type\":\"WebPage\",\"@id\":\"https:\/\/mivoot.com\/gt\/producto\/mesa-coctelera-80cm-vincenzi\/\",\"url\":\"https:\/\/mivoot.com\/gt\/producto\/mesa-coctelera-80cm-vincenzi\/\",\"name\":\"Mesa Coctelera 80cm Vincenzi - Mivoot\",\"isPartOf\":{\"@id\":\"https:\/\/mivoot.com\/gt\/#website\"},\"primaryImageOfPage\":{\"@id\":\"https:\/\/mivoot.com\/gt\/producto\/mesa-coctelera-80cm-vincenzi\/#primaryimage\"},\"image\":{\"@id\":\"https:\/\/mivoot.com\/gt\/producto\/mesa-coctelera-80cm-vincenzi\/#primaryimage\"},\"thumbnailUrl\":\"https:\/\/mivoot.com\/gt\/wp-content\/uploads\/2026\/05\/mesa-coct-010.jpg\",\"datePublished\":\"2026-05-06T17:51:41+00:00\",\"dateModified\":\"2026-05-06T17:58:00+00:00\",\"breadcrumb\":{\"@id\":\"https:\/\/mivoot.com\/gt\/producto\/mesa-coctelera-80cm-vincenzi\/#breadcrumb\"},\"inLanguage\":\"es\",\"potentialAction\":[{\"@type\":\"ReadAction\",\"target\":[\"https:\/\/mivoot.com\/gt\/producto\/mesa-coctelera-80cm-vincenzi\/\"]}]},{\"@type\":\"ImageObject\",\"inLanguage\":\"es\",\"@id\":\"https:\/\/mivoot.com\/gt\/producto\/mesa-coctelera-80cm-vincenzi\/#primaryimage\",\"url\":\"https:\/\/mivoot.com\/gt\/wp-content\/uploads\/2026\/05\/mesa-coct-010.jpg\",\"contentUrl\":\"https:\/\/mivoot.com\/gt\/wp-content\/uploads\/2026\/05\/mesa-coct-010.jpg\",\"width\":1500,\"height\":1500},{\"@type\":\"BreadcrumbList\",\"@id\":\"https:\/\/mivoot.com\/gt\/producto\/mesa-coctelera-80cm-vincenzi\/#breadcrumb\",\"itemListElement\":[{\"@type\":\"ListItem\",\"position\":1,\"name\":\"Inicio\",\"item\":\"https:\/\/mivoot.com\/gt\/\"},{\"@type\":\"ListItem\",\"position\":2,\"name\":\"Productos\",\"item\":\"https:\/\/mivoot.com\/gt\/producto\/\"},{\"@type\":\"ListItem\",\"position\":3,\"name\":\"Vicenzi\",\"item\":\"https:\/\/mivoot.com\/gt\/marca\/vicenzi\/\"},{\"@type\":\"ListItem\",\"position\":4,\"name\":\"Mesa Coctelera 80cm Vincenzi\"}]},{\"@type\":\"WebSite\",\"@id\":\"https:\/\/mivoot.com\/gt\/#website\",\"url\":\"https:\/\/mivoot.com\/gt\/\",\"name\":\"Mivoot\",\"description\":\"Mivoot Guatemala | Tienda Online\",\"publisher\":{\"@id\":\"https:\/\/mivoot.com\/gt\/#organization\"},\"alternateName\":\"mivoot\",\"potentialAction\":[{\"@type\":\"SearchAction\",\"target\":{\"@type\":\"EntryPoint\",\"urlTemplate\":\"https:\/\/mivoot.com\/gt\/?s={search_term_string}\"},\"query-input\":{\"@type\":\"PropertyValueSpecification\",\"valueRequired\":true,\"valueName\":\"search_term_string\"}}],\"inLanguage\":\"es\"},{\"@type\":\"Organization\",\"@id\":\"https:\/\/mivoot.com\/gt\/#organization\",\"name\":\"Mivoot Guatemala\",\"alternateName\":\"mivoot.com\",\"url\":\"https:\/\/mivoot.com\/gt\/\",\"logo\":{\"@type\":\"ImageObject\",\"inLanguage\":\"es\",\"@id\":\"https:\/\/mivoot.com\/gt\/#\/schema\/logo\/image\/\",\"url\":\"https:\/\/mivoot.com\/gt\/wp-content\/uploads\/2023\/03\/cropped-icon.png\",\"contentUrl\":\"https:\/\/mivoot.com\/gt\/wp-content\/uploads\/2023\/03\/cropped-icon.png\",\"width\":512,\"height\":512,\"caption\":\"Mivoot Guatemala\"},\"image\":{\"@id\":\"https:\/\/mivoot.com\/gt\/#\/schema\/logo\/image\/\"},\"sameAs\":[\"https:\/\/www.facebook.com\/mivootgt\",\"https:\/\/instagram.com\/mivoot\"]}]}<\/script>\n<!-- \/ Yoast SEO Premium plugin. -->","yoast_head_json":{"title":"Mesa Coctelera 80cm Vincenzi - Mivoot","robots":{"index":"index","follow":"follow","max-snippet":"max-snippet:-1","max-image-preview":"max-image-preview:large","max-video-preview":"max-video-preview:-1"},"canonical":"https:\/\/mivoot.com\/gt\/producto\/mesa-coctelera-80cm-vincenzi\/","og_locale":"es_ES","og_type":"article","og_title":"Mesa Coctelera 80cm Vincenzi","og_description":"- Mesa de 1.1m x 80cm - Plegable - Altura 1.1mtrs","og_url":"https:\/\/mivoot.com\/gt\/producto\/mesa-coctelera-80cm-vincenzi\/","og_site_name":"Mivoot","article_publisher":"https:\/\/www.facebook.com\/mivootgt","article_modified_time":"2026-05-06T17:58:00+00:00","og_image":[{"width":1500,"height":1500,"url":"https:\/\/mivoot.com\/gt\/wp-content\/uploads\/2026\/05\/mesa-coct-010.jpg","type":"image\/jpeg"}],"twitter_card":"summary_large_image","twitter_misc":{"Est. reading time":"2 minutos"},"schema":{"@context":"https:\/\/schema.org","@graph":[{"@type":"WebPage","@id":"https:\/\/mivoot.com\/gt\/producto\/mesa-coctelera-80cm-vincenzi\/","url":"https:\/\/mivoot.com\/gt\/producto\/mesa-coctelera-80cm-vincenzi\/","name":"Mesa Coctelera 80cm Vincenzi - Mivoot","isPartOf":{"@id":"https:\/\/mivoot.com\/gt\/#website"},"primaryImageOfPage":{"@id":"https:\/\/mivoot.com\/gt\/producto\/mesa-coctelera-80cm-vincenzi\/#primaryimage"},"image":{"@id":"https:\/\/mivoot.com\/gt\/producto\/mesa-coctelera-80cm-vincenzi\/#primaryimage"},"thumbnailUrl":"https:\/\/mivoot.com\/gt\/wp-content\/uploads\/2026\/05\/mesa-coct-010.jpg","datePublished":"2026-05-06T17:51:41+00:00","dateModified":"2026-05-06T17:58:00+00:00","breadcrumb":{"@id":"https:\/\/mivoot.com\/gt\/producto\/mesa-coctelera-80cm-vincenzi\/#breadcrumb"},"inLanguage":"es","potentialAction":[{"@type":"ReadAction","target":["https:\/\/mivoot.com\/gt\/producto\/mesa-coctelera-80cm-vincenzi\/"]}]},{"@type":"ImageObject","inLanguage":"es","@id":"https:\/\/mivoot.com\/gt\/producto\/mesa-coctelera-80cm-vincenzi\/#primaryimage","url":"https:\/\/mivoot.com\/gt\/wp-content\/uploads\/2026\/05\/mesa-coct-010.jpg","contentUrl":"https:\/\/mivoot.com\/gt\/wp-content\/uploads\/2026\/05\/mesa-coct-010.jpg","width":1500,"height":1500},{"@type":"BreadcrumbList","@id":"https:\/\/mivoot.com\/gt\/producto\/mesa-coctelera-80cm-vincenzi\/#breadcrumb","itemListElement":[{"@type":"ListItem","position":1,"name":"Inicio","item":"https:\/\/mivoot.com\/gt\/"},{"@type":"ListItem","position":2,"name":"Productos","item":"https:\/\/mivoot.com\/gt\/producto\/"},{"@type":"ListItem","position":3,"name":"Vicenzi","item":"https:\/\/mivoot.com\/gt\/marca\/vicenzi\/"},{"@type":"ListItem","position":4,"name":"Mesa Coctelera 80cm Vincenzi"}]},{"@type":"WebSite","@id":"https:\/\/mivoot.com\/gt\/#website","url":"https:\/\/mivoot.com\/gt\/","name":"Mivoot","description":"Mivoot Guatemala | Tienda Online","publisher":{"@id":"https:\/\/mivoot.com\/gt\/#organization"},"alternateName":"mivoot","potentialAction":[{"@type":"SearchAction","target":{"@type":"EntryPoint","urlTemplate":"https:\/\/mivoot.com\/gt\/?s={search_term_string}"},"query-input":{"@type":"PropertyValueSpecification","valueRequired":true,"valueName":"search_term_string"}}],"inLanguage":"es"},{"@type":"Organization","@id":"https:\/\/mivoot.com\/gt\/#organization","name":"Mivoot Guatemala","alternateName":"mivoot.com","url":"https:\/\/mivoot.com\/gt\/","logo":{"@type":"ImageObject","inLanguage":"es","@id":"https:\/\/mivoot.com\/gt\/#\/schema\/logo\/image\/","url":"https:\/\/mivoot.com\/gt\/wp-content\/uploads\/2023\/03\/cropped-icon.png","contentUrl":"https:\/\/mivoot.com\/gt\/wp-content\/uploads\/2023\/03\/cropped-icon.png","width":512,"height":512,"caption":"Mivoot Guatemala"},"image":{"@id":"https:\/\/mivoot.com\/gt\/#\/schema\/logo\/image\/"},"sameAs":["https:\/\/www.facebook.com\/mivootgt","https:\/\/instagram.com\/mivoot"]}]}},"jetpack_publicize_connections":[],"jetpack_sharing_enabled":true,"brands":[{"id":598,"name":"Vicenzi","slug":"vicenzi"}],"_links":{"self":[{"href":"https:\/\/mivoot.com\/gt\/wp-json\/wp\/v2\/product\/33666","targetHints":{"allow":["GET"]}}],"collection":[{"href":"https:\/\/mivoot.com\/gt\/wp-json\/wp\/v2\/product"}],"about":[{"href":"https:\/\/mivoot.com\/gt\/wp-json\/wp\/v2\/types\/product"}],"replies":[{"embeddable":true,"href":"https:\/\/mivoot.com\/gt\/wp-json\/wp\/v2\/comments?post=33666"}],"version-history":[{"count":1,"href":"https:\/\/mivoot.com\/gt\/wp-json\/wp\/v2\/product\/33666\/revisions"}],"predecessor-version":[{"id":33671,"href":"https:\/\/mivoot.com\/gt\/wp-json\/wp\/v2\/product\/33666\/revisions\/33671"}],"wp:featuredmedia":[{"embeddable":true,"href":"https:\/\/mivoot.com\/gt\/wp-json\/wp\/v2\/media\/33670"}],"wp:attachment":[{"href":"https:\/\/mivoot.com\/gt\/wp-json\/wp\/v2\/media?parent=33666"}],"wp:term":[{"taxonomy":"pwb-brand","embeddable":true,"href":"https:\/\/mivoot.com\/gt\/wp-json\/wp\/v2\/pwb-brand?post=33666"},{"taxonomy":"product_brand","embeddable":true,"href":"https:\/\/mivoot.com\/gt\/wp-json\/wp\/v2\/product_brand?post=33666"},{"taxonomy":"product_cat","embeddable":true,"href":"https:\/\/mivoot.com\/gt\/wp-json\/wp\/v2\/product_cat?post=33666"},{"taxonomy":"product_tag","embeddable":true,"href":"https:\/\/mivoot.com\/gt\/wp-json\/wp\/v2\/product_tag?post=33666"}],"curies":[{"name":"wp","href":"https:\/\/api.w.org\/{rel}","templated":true}]}}