{"id":33698,"date":"2026-05-07T20:39:50","date_gmt":"2026-05-08T02:39:50","guid":{"rendered":"https:\/\/mivoot.com\/gt\/?post_type=product&#038;p=33698"},"modified":"2026-05-07T20:42:05","modified_gmt":"2026-05-08T02:42:05","slug":"dron-lito-x1-fly-more-combo-rc-n3-dji","status":"publish","type":"product","link":"https:\/\/mivoot.com\/gt\/producto\/dron-lito-x1-fly-more-combo-rc-n3-dji\/","title":{"rendered":"Dron Lito X1 Fly More Combo RC-N3 DJI"},"content":{"rendered":"<h1 style=\"text-align: center;\">Dron Lito X1 Fly More Combo DJI<\/h1>\n<p>DJI Lito X1, un dron con c\u00e1mara pr\u00e9mium para principiantes. El sensor de 1\/1.3\u2033 captura detalles realistas, mientras que la detecci\u00f3n de obst\u00e1culos omnidireccional te ayuda a volar con mayor seguridad. Con ActiveTrack y movimientos de c\u00e1mara inteligentes, la creaci\u00f3n de contenido a\u00e9reo ahora es intuitiva. Olv\u00eddate de la pronunciada curva de aprendizaje. Solo despega y crea como un profesional desde el primer d\u00eda.<\/p>\n<p>Detecci\u00f3n de obst\u00e1culos omnidireccional con LiDAR orientado hacia delante, vuelo sin miedo<\/p>\n<ul>\n<li>ActiveTrack consigue f\u00e1cilmente tomas de calidad cinematogr\u00e1fica.<\/li>\n<li>Sensor de 1\/1.3 pulgadas, im\u00e1genes impresionantes de nivel profesional.<\/li>\n<li>Menos de 249 g ligero y port\u00e1til.<\/li>\n<li>Amplio tiempo de vuelo para la creaci\u00f3n continua.<\/li>\n<li>Transmisi\u00f3n estable y fluida de v\u00eddeo hasta 15 km.<\/li>\n<li>Fotos de alta resoluci\u00f3n, llenas de detalles.<\/li>\n<li>V\u00eddeos de alta calidad para grandes momentos.<\/li>\n<li>V\u00eddeo en c\u00e1mara lenta en 4K\/100 fps.<\/li>\n<li>Grabaci\u00f3n vertical en 2.7K.<\/li>\n<\/ul>\n<p><img fetchpriority=\"high\" decoding=\"async\" class=\"size-full wp-image-33701 aligncenter\" src=\"https:\/\/mivoot.com\/gt\/wp-content\/uploads\/2026\/05\/DJI-Lito-X1-Fly-More-Combo-RC-N3-8.webp\" alt=\"\" width=\"1280\" height=\"1280\" srcset=\"https:\/\/mivoot.com\/gt\/wp-content\/uploads\/2026\/05\/DJI-Lito-X1-Fly-More-Combo-RC-N3-8.webp 1280w, https:\/\/mivoot.com\/gt\/wp-content\/uploads\/2026\/05\/DJI-Lito-X1-Fly-More-Combo-RC-N3-8-300x300.webp 300w, https:\/\/mivoot.com\/gt\/wp-content\/uploads\/2026\/05\/DJI-Lito-X1-Fly-More-Combo-RC-N3-8-150x150.webp 150w, https:\/\/mivoot.com\/gt\/wp-content\/uploads\/2026\/05\/DJI-Lito-X1-Fly-More-Combo-RC-N3-8-768x768.webp 768w, https:\/\/mivoot.com\/gt\/wp-content\/uploads\/2026\/05\/DJI-Lito-X1-Fly-More-Combo-RC-N3-8-12x12.webp 12w, https:\/\/mivoot.com\/gt\/wp-content\/uploads\/2026\/05\/DJI-Lito-X1-Fly-More-Combo-RC-N3-8-600x600.webp 600w, https:\/\/mivoot.com\/gt\/wp-content\/uploads\/2026\/05\/DJI-Lito-X1-Fly-More-Combo-RC-N3-8-250x250.webp 250w, https:\/\/mivoot.com\/gt\/wp-content\/uploads\/2026\/05\/DJI-Lito-X1-Fly-More-Combo-RC-N3-8-410x410.webp 410w, https:\/\/mivoot.com\/gt\/wp-content\/uploads\/2026\/05\/DJI-Lito-X1-Fly-More-Combo-RC-N3-8-100x100.webp 100w, https:\/\/mivoot.com\/gt\/wp-content\/uploads\/2026\/05\/DJI-Lito-X1-Fly-More-Combo-RC-N3-8-50x50.webp 50w, https:\/\/mivoot.com\/gt\/wp-content\/uploads\/2026\/05\/DJI-Lito-X1-Fly-More-Combo-RC-N3-8-64x64.webp 64w\" sizes=\"(max-width: 1280px) 100vw, 1280px\" \/><\/p>\n<h2><b><span dir=\"auto\">Im\u00e1genes filtradas de alta definici\u00f3n del DJI Lito 1 y Lito X1.<\/span><\/b><\/h2>\n<p><span dir=\"auto\">Gracias a Igor, ahora tenemos una imagen muy clara de los pr\u00f3ximos drones DJI Lito 1 y DJI Lito X1. Parecen ser unidades finales listas para la producci\u00f3n, en lugar de simples renders.<\/span><\/p>\n<p><b><span dir=\"auto\">Aspectos visuales clave:<\/span><\/b><\/p>\n<ul>\n<li aria-level=\"1\"><span dir=\"auto\">Nuevo y elegante dise\u00f1o plegable en blanco\/gris (notablemente m\u00e1s compacto que la serie Mini actual).<\/span><\/li>\n<li aria-level=\"1\"><span dir=\"auto\">H\u00e9lices distintivas con puntas naranjas<\/span><\/li>\n<li aria-level=\"1\"><span dir=\"auto\">C\u00e1mara con card\u00e1n de tres ejes de gran prestigio<\/span><\/li>\n<li aria-level=\"1\"><span dir=\"auto\">Dise\u00f1o refinado con compartimento de bater\u00eda y controles actualizados.<\/span><\/li>\n<\/ul>\n<ul class=\"index__list___oIsDn\">\n<li class=\"index__item___ghRdR index__col-12___FyENw\" data-test-locator=\"sectionSellingPointItem\">\n<div class=\"index__info___DkMXq index__bg___4xV-E\">\n<div class=\"index__desc___YCsc0\">\n<h4><span dir=\"auto\">Im\u00e1genes impactantes en cada toma.<\/span><\/h4>\n<p><span dir=\"auto\">Equipada con un sensor CMOS de 1\/1,3 pulgadas y una apertura de f\/1,7, la Lito X1 captura detalles n\u00edtidos durante el d\u00eda y escenas nocturnas definidas.<\/span><\/p>\n<\/div>\n<div class=\"index__info___DkMXq\">\n<div class=\"index__desc___YCsc0\">\n<h4><span dir=\"auto\">Viaja ligero y vuela con facilidad.<\/span><\/h4>\n<p><span dir=\"auto\">Plegable para caber en la palma de la mano, el Lito X1 cabe f\u00e1cilmente en la mochila. Con un peso inferior a 249 g, te exime del requisito de someterte a formaci\u00f3n o pruebas en la mayor\u00eda de los pa\u00edses y regiones\u00a0<\/span><sup><span dir=\"auto\">[3]<\/span><\/sup><span dir=\"auto\">\u00a0.<\/span><\/p>\n<\/div>\n<\/div>\n<div class=\"index__info___DkMXq\">\n<div class=\"index__desc___YCsc0\">\n<h4><span dir=\"auto\">V\u00eddeos de alta calidad para los grandes momentos.<\/span><\/h4>\n<p><span dir=\"auto\">Graba v\u00eddeo HDR 4K\/60fps\u00a0<\/span><sup><span dir=\"auto\">[6]<\/span><\/sup><span dir=\"auto\">\u00a0con 14 pasos de rango din\u00e1mico\u00a0<\/span><sup><span dir=\"auto\">[7]<\/span><\/sup><span dir=\"auto\">\u00a0y v\u00eddeo a c\u00e1mara lenta 4K\/100fps\u00a0<\/span><sup><span dir=\"auto\">[6]<\/span><\/sup><span dir=\"auto\">\u00a0. El D-Log M de 10 bits simplifica la postproducci\u00f3n.<\/span><\/p>\n<\/div>\n<\/div>\n<div class=\"index__info___DkMXq\">\n<div class=\"index__desc___YCsc0\">\n<h4><span dir=\"auto\">Detecci\u00f3n de obst\u00e1culos\u00a0<\/span><sup><span dir=\"auto\">[1]<\/span><\/sup><span dir=\"auto\">\u00a0, vuelo seguro<\/span><\/h4>\n<p><span dir=\"auto\">El sistema de visi\u00f3n omnidireccional y el LiDAR frontal evitan obst\u00e1culos como acantilados y \u00e1rboles\u00a0<\/span><sup><span dir=\"auto\">[1]<\/span><\/sup><span dir=\"auto\">\u00a0, lo que permite a los principiantes volar con confianza.<\/span><\/p>\n<\/div>\n<\/div>\n<div class=\"index__info___DkMXq\">\n<div class=\"index__desc___YCsc0\">\n<h4><span dir=\"auto\">Despegue r\u00e1pido y funci\u00f3n RTH inteligente<\/span><\/h4>\n<p><span dir=\"auto\">Permite un despegue r\u00e1pido. Al memorizar las trayectorias de vuelo en entornos bien iluminados\u00a0<\/span><sup><span dir=\"auto\">[8]<\/span><\/sup><span dir=\"auto\">\u00a0, garantiza un regreso seguro al punto de origen incluso sin se\u00f1ales de sat\u00e9lite.<\/span><\/p>\n<\/div>\n<\/div>\n<p><span class=\"lazyload-wrapper\"><iframe title=\"\" src=\"https:\/\/cdn.djivideos.com\/watch\/d1cc8db6-e13e-4340-a6d2-d37c557a652f?autoplay=1&amp;muted=1&amp;disctrl=true&amp;loop=true&amp;definition=2\" width=\"100%\" height=\"100%\" data-mce-fragment=\"1\"><\/iframe><\/span><\/p>\n<div class=\"index__info___DkMXq index__bg___4xV-E\">\n<div class=\"index__desc___YCsc0\">\n<h4><span dir=\"auto\">La creaci\u00f3n se simplifica gracias a los modos inteligentes.<\/span><\/h4>\n<p><span dir=\"auto\">Ofrece varios modos de v\u00eddeo inteligentes que gestionan autom\u00e1ticamente los movimientos complejos de la c\u00e1mara, lo que facilita la creaci\u00f3n y hace que tu trabajo sea impresionante.<\/span><\/p>\n<\/div>\n<\/div>\n<div class=\"index__info___DkMXq\">\n<div class=\"index__desc___YCsc0\">\n<h4><span dir=\"auto\">Transmisi\u00f3n O4, vistas despejadas<\/span><\/h4>\n<p><span dir=\"auto\">Gracias a la transmisi\u00f3n de v\u00eddeo O4 de DJI, el dron transmite v\u00eddeo en 1080p a 60 fps en un rango m\u00e1ximo de 15 km\u00a0<\/span><sup><span dir=\"auto\">[5]<\/span><\/sup><span dir=\"auto\">\u00a0, ofreciendo una imagen clara y detallada.<\/span><\/p>\n<\/div>\n<\/div>\n<div class=\"index__info___DkMXq\">\n<div class=\"index__desc___YCsc0\">\n<h4><span dir=\"auto\">M\u00e1s potencia para vuelos m\u00e1s largos<\/span><\/h4>\n<p><span dir=\"auto\">Vuela hasta 36 minutos co<\/span><\/p>\n<\/div>\n<\/div>\n<\/div>\n<\/li>\n<\/ul>\n<p>&nbsp;<\/p>\n","protected":false},"excerpt":{"rendered":"<p>Dron Lito X1 Fly More Combo DJI DJI Lito X1, un dron con c\u00e1mara pr\u00e9mium para principiantes. El sensor de 1\/1.3\u2033 captura detalles realistas, mientras que la detecci\u00f3n de obst\u00e1culos omnidireccional te ayuda a volar con mayor seguridad. Con ActiveTrack y movimientos de c\u00e1mara inteligentes, la creaci\u00f3n de contenido a\u00e9reo ahora es intuitiva. Olv\u00eddate de [&#8230;]\n","protected":false},"featured_media":33707,"comment_status":"open","ping_status":"closed","template":"","meta":{"jetpack_publicize_message":"","jetpack_publicize_feature_enabled":true,"jetpack_social_post_already_shared":true,"jetpack_social_options":{"image_generator_settings":{"template":"highway","default_image_id":0,"font":"","enabled":false},"version":2}},"pwb-brand":[476],"product_brand":[],"product_cat":[475],"product_tag":[],"class_list":{"0":"post-33698","1":"product","2":"type-product","3":"status-publish","4":"has-post-thumbnail","6":"pwb-brand-dji","7":"product_cat-drones","9":"first","10":"instock","11":"taxable","12":"shipping-taxable","13":"purchasable","14":"product-type-simple"},"yoast_head":"<!-- This site is optimized with the Yoast SEO Premium plugin v25.7.1 (Yoast SEO v26.8) - https:\/\/yoast.com\/product\/yoast-seo-premium-wordpress\/ -->\n<title>Dron Lito X1 Fly More Combo RC-N3 DJI - Mivoot<\/title>\n<meta name=\"robots\" content=\"index, follow, max-snippet:-1, max-image-preview:large, max-video-preview:-1\" \/>\n<link rel=\"canonical\" href=\"https:\/\/mivoot.com\/gt\/producto\/dron-lito-x1-fly-more-combo-rc-n3-dji\/\" \/>\n<meta property=\"og:locale\" content=\"es_ES\" \/>\n<meta property=\"og:type\" content=\"article\" \/>\n<meta property=\"og:title\" content=\"Dron Lito X1 Fly More Combo RC-N3 DJI\" \/>\n<meta property=\"og:description\" content=\"Dron Lito X1 Fly More Combo DJI DJI Lito X1, un dron con c\u00e1mara pr\u00e9mium para principiantes. El sensor de 1\/1.3\u2033 captura detalles realistas, mientras que la detecci\u00f3n de obst\u00e1culos omnidireccional te ayuda a volar con mayor seguridad. Con ActiveTrack y movimientos de c\u00e1mara inteligentes, la creaci\u00f3n de contenido a\u00e9reo ahora es intuitiva. Olv\u00eddate de [...]\" \/>\n<meta property=\"og:url\" content=\"https:\/\/mivoot.com\/gt\/producto\/dron-lito-x1-fly-more-combo-rc-n3-dji\/\" \/>\n<meta property=\"og:site_name\" content=\"Mivoot\" \/>\n<meta property=\"article:publisher\" content=\"https:\/\/www.facebook.com\/mivootgt\" \/>\n<meta property=\"article:modified_time\" content=\"2026-05-08T02:42:05+00:00\" \/>\n<meta property=\"og:image\" content=\"https:\/\/mivoot.com\/gt\/wp-content\/uploads\/2026\/05\/DJI-LITO.png\" \/>\n\t<meta property=\"og:image:width\" content=\"1200\" \/>\n\t<meta property=\"og:image:height\" content=\"1200\" \/>\n\t<meta property=\"og:image:type\" content=\"image\/png\" \/>\n<meta name=\"twitter:card\" content=\"summary_large_image\" \/>\n<meta name=\"twitter:label1\" content=\"Est. reading time\" \/>\n\t<meta name=\"twitter:data1\" content=\"3 minutos\" \/>\n<script type=\"application\/ld+json\" class=\"yoast-schema-graph\">{\"@context\":\"https:\/\/schema.org\",\"@graph\":[{\"@type\":\"WebPage\",\"@id\":\"https:\/\/mivoot.com\/gt\/producto\/dron-lito-x1-fly-more-combo-rc-n3-dji\/\",\"url\":\"https:\/\/mivoot.com\/gt\/producto\/dron-lito-x1-fly-more-combo-rc-n3-dji\/\",\"name\":\"Dron Lito X1 Fly More Combo RC-N3 DJI - Mivoot\",\"isPartOf\":{\"@id\":\"https:\/\/mivoot.com\/gt\/#website\"},\"primaryImageOfPage\":{\"@id\":\"https:\/\/mivoot.com\/gt\/producto\/dron-lito-x1-fly-more-combo-rc-n3-dji\/#primaryimage\"},\"image\":{\"@id\":\"https:\/\/mivoot.com\/gt\/producto\/dron-lito-x1-fly-more-combo-rc-n3-dji\/#primaryimage\"},\"thumbnailUrl\":\"https:\/\/mivoot.com\/gt\/wp-content\/uploads\/2026\/05\/DJI-LITO.png\",\"datePublished\":\"2026-05-08T02:39:50+00:00\",\"dateModified\":\"2026-05-08T02:42:05+00:00\",\"breadcrumb\":{\"@id\":\"https:\/\/mivoot.com\/gt\/producto\/dron-lito-x1-fly-more-combo-rc-n3-dji\/#breadcrumb\"},\"inLanguage\":\"es\",\"potentialAction\":[{\"@type\":\"ReadAction\",\"target\":[\"https:\/\/mivoot.com\/gt\/producto\/dron-lito-x1-fly-more-combo-rc-n3-dji\/\"]}]},{\"@type\":\"ImageObject\",\"inLanguage\":\"es\",\"@id\":\"https:\/\/mivoot.com\/gt\/producto\/dron-lito-x1-fly-more-combo-rc-n3-dji\/#primaryimage\",\"url\":\"https:\/\/mivoot.com\/gt\/wp-content\/uploads\/2026\/05\/DJI-LITO.png\",\"contentUrl\":\"https:\/\/mivoot.com\/gt\/wp-content\/uploads\/2026\/05\/DJI-LITO.png\",\"width\":1200,\"height\":1200},{\"@type\":\"BreadcrumbList\",\"@id\":\"https:\/\/mivoot.com\/gt\/producto\/dron-lito-x1-fly-more-combo-rc-n3-dji\/#breadcrumb\",\"itemListElement\":[{\"@type\":\"ListItem\",\"position\":1,\"name\":\"Inicio\",\"item\":\"https:\/\/mivoot.com\/gt\/\"},{\"@type\":\"ListItem\",\"position\":2,\"name\":\"Productos\",\"item\":\"https:\/\/mivoot.com\/gt\/producto\/\"},{\"@type\":\"ListItem\",\"position\":3,\"name\":\"DJI\",\"item\":\"https:\/\/mivoot.com\/gt\/marca\/dji\/\"},{\"@type\":\"ListItem\",\"position\":4,\"name\":\"Dron Lito X1 Fly More Combo RC-N3 DJI\"}]},{\"@type\":\"WebSite\",\"@id\":\"https:\/\/mivoot.com\/gt\/#website\",\"url\":\"https:\/\/mivoot.com\/gt\/\",\"name\":\"Mivoot\",\"description\":\"Mivoot Guatemala | Tienda Online\",\"publisher\":{\"@id\":\"https:\/\/mivoot.com\/gt\/#organization\"},\"alternateName\":\"mivoot\",\"potentialAction\":[{\"@type\":\"SearchAction\",\"target\":{\"@type\":\"EntryPoint\",\"urlTemplate\":\"https:\/\/mivoot.com\/gt\/?s={search_term_string}\"},\"query-input\":{\"@type\":\"PropertyValueSpecification\",\"valueRequired\":true,\"valueName\":\"search_term_string\"}}],\"inLanguage\":\"es\"},{\"@type\":\"Organization\",\"@id\":\"https:\/\/mivoot.com\/gt\/#organization\",\"name\":\"Mivoot Guatemala\",\"alternateName\":\"mivoot.com\",\"url\":\"https:\/\/mivoot.com\/gt\/\",\"logo\":{\"@type\":\"ImageObject\",\"inLanguage\":\"es\",\"@id\":\"https:\/\/mivoot.com\/gt\/#\/schema\/logo\/image\/\",\"url\":\"https:\/\/mivoot.com\/gt\/wp-content\/uploads\/2023\/03\/cropped-icon.png\",\"contentUrl\":\"https:\/\/mivoot.com\/gt\/wp-content\/uploads\/2023\/03\/cropped-icon.png\",\"width\":512,\"height\":512,\"caption\":\"Mivoot Guatemala\"},\"image\":{\"@id\":\"https:\/\/mivoot.com\/gt\/#\/schema\/logo\/image\/\"},\"sameAs\":[\"https:\/\/www.facebook.com\/mivootgt\",\"https:\/\/instagram.com\/mivoot\"]}]}<\/script>\n<!-- \/ Yoast SEO Premium plugin. -->","yoast_head_json":{"title":"Dron Lito X1 Fly More Combo RC-N3 DJI - Mivoot","robots":{"index":"index","follow":"follow","max-snippet":"max-snippet:-1","max-image-preview":"max-image-preview:large","max-video-preview":"max-video-preview:-1"},"canonical":"https:\/\/mivoot.com\/gt\/producto\/dron-lito-x1-fly-more-combo-rc-n3-dji\/","og_locale":"es_ES","og_type":"article","og_title":"Dron Lito X1 Fly More Combo RC-N3 DJI","og_description":"Dron Lito X1 Fly More Combo DJI DJI Lito X1, un dron con c\u00e1mara pr\u00e9mium para principiantes. El sensor de 1\/1.3\u2033 captura detalles realistas, mientras que la detecci\u00f3n de obst\u00e1culos omnidireccional te ayuda a volar con mayor seguridad. Con ActiveTrack y movimientos de c\u00e1mara inteligentes, la creaci\u00f3n de contenido a\u00e9reo ahora es intuitiva. Olv\u00eddate de [...]","og_url":"https:\/\/mivoot.com\/gt\/producto\/dron-lito-x1-fly-more-combo-rc-n3-dji\/","og_site_name":"Mivoot","article_publisher":"https:\/\/www.facebook.com\/mivootgt","article_modified_time":"2026-05-08T02:42:05+00:00","og_image":[{"width":1200,"height":1200,"url":"https:\/\/mivoot.com\/gt\/wp-content\/uploads\/2026\/05\/DJI-LITO.png","type":"image\/png"}],"twitter_card":"summary_large_image","twitter_misc":{"Est. reading time":"3 minutos"},"schema":{"@context":"https:\/\/schema.org","@graph":[{"@type":"WebPage","@id":"https:\/\/mivoot.com\/gt\/producto\/dron-lito-x1-fly-more-combo-rc-n3-dji\/","url":"https:\/\/mivoot.com\/gt\/producto\/dron-lito-x1-fly-more-combo-rc-n3-dji\/","name":"Dron Lito X1 Fly More Combo RC-N3 DJI - Mivoot","isPartOf":{"@id":"https:\/\/mivoot.com\/gt\/#website"},"primaryImageOfPage":{"@id":"https:\/\/mivoot.com\/gt\/producto\/dron-lito-x1-fly-more-combo-rc-n3-dji\/#primaryimage"},"image":{"@id":"https:\/\/mivoot.com\/gt\/producto\/dron-lito-x1-fly-more-combo-rc-n3-dji\/#primaryimage"},"thumbnailUrl":"https:\/\/mivoot.com\/gt\/wp-content\/uploads\/2026\/05\/DJI-LITO.png","datePublished":"2026-05-08T02:39:50+00:00","dateModified":"2026-05-08T02:42:05+00:00","breadcrumb":{"@id":"https:\/\/mivoot.com\/gt\/producto\/dron-lito-x1-fly-more-combo-rc-n3-dji\/#breadcrumb"},"inLanguage":"es","potentialAction":[{"@type":"ReadAction","target":["https:\/\/mivoot.com\/gt\/producto\/dron-lito-x1-fly-more-combo-rc-n3-dji\/"]}]},{"@type":"ImageObject","inLanguage":"es","@id":"https:\/\/mivoot.com\/gt\/producto\/dron-lito-x1-fly-more-combo-rc-n3-dji\/#primaryimage","url":"https:\/\/mivoot.com\/gt\/wp-content\/uploads\/2026\/05\/DJI-LITO.png","contentUrl":"https:\/\/mivoot.com\/gt\/wp-content\/uploads\/2026\/05\/DJI-LITO.png","width":1200,"height":1200},{"@type":"BreadcrumbList","@id":"https:\/\/mivoot.com\/gt\/producto\/dron-lito-x1-fly-more-combo-rc-n3-dji\/#breadcrumb","itemListElement":[{"@type":"ListItem","position":1,"name":"Inicio","item":"https:\/\/mivoot.com\/gt\/"},{"@type":"ListItem","position":2,"name":"Productos","item":"https:\/\/mivoot.com\/gt\/producto\/"},{"@type":"ListItem","position":3,"name":"DJI","item":"https:\/\/mivoot.com\/gt\/marca\/dji\/"},{"@type":"ListItem","position":4,"name":"Dron Lito X1 Fly More Combo RC-N3 DJI"}]},{"@type":"WebSite","@id":"https:\/\/mivoot.com\/gt\/#website","url":"https:\/\/mivoot.com\/gt\/","name":"Mivoot","description":"Mivoot Guatemala | Tienda Online","publisher":{"@id":"https:\/\/mivoot.com\/gt\/#organization"},"alternateName":"mivoot","potentialAction":[{"@type":"SearchAction","target":{"@type":"EntryPoint","urlTemplate":"https:\/\/mivoot.com\/gt\/?s={search_term_string}"},"query-input":{"@type":"PropertyValueSpecification","valueRequired":true,"valueName":"search_term_string"}}],"inLanguage":"es"},{"@type":"Organization","@id":"https:\/\/mivoot.com\/gt\/#organization","name":"Mivoot Guatemala","alternateName":"mivoot.com","url":"https:\/\/mivoot.com\/gt\/","logo":{"@type":"ImageObject","inLanguage":"es","@id":"https:\/\/mivoot.com\/gt\/#\/schema\/logo\/image\/","url":"https:\/\/mivoot.com\/gt\/wp-content\/uploads\/2023\/03\/cropped-icon.png","contentUrl":"https:\/\/mivoot.com\/gt\/wp-content\/uploads\/2023\/03\/cropped-icon.png","width":512,"height":512,"caption":"Mivoot Guatemala"},"image":{"@id":"https:\/\/mivoot.com\/gt\/#\/schema\/logo\/image\/"},"sameAs":["https:\/\/www.facebook.com\/mivootgt","https:\/\/instagram.com\/mivoot"]}]}},"jetpack_publicize_connections":[],"jetpack_sharing_enabled":true,"brands":[{"id":476,"name":"DJI","slug":"dji"}],"_links":{"self":[{"href":"https:\/\/mivoot.com\/gt\/wp-json\/wp\/v2\/product\/33698","targetHints":{"allow":["GET"]}}],"collection":[{"href":"https:\/\/mivoot.com\/gt\/wp-json\/wp\/v2\/product"}],"about":[{"href":"https:\/\/mivoot.com\/gt\/wp-json\/wp\/v2\/types\/product"}],"replies":[{"embeddable":true,"href":"https:\/\/mivoot.com\/gt\/wp-json\/wp\/v2\/comments?post=33698"}],"version-history":[{"count":1,"href":"https:\/\/mivoot.com\/gt\/wp-json\/wp\/v2\/product\/33698\/revisions"}],"predecessor-version":[{"id":33708,"href":"https:\/\/mivoot.com\/gt\/wp-json\/wp\/v2\/product\/33698\/revisions\/33708"}],"wp:featuredmedia":[{"embeddable":true,"href":"https:\/\/mivoot.com\/gt\/wp-json\/wp\/v2\/media\/33707"}],"wp:attachment":[{"href":"https:\/\/mivoot.com\/gt\/wp-json\/wp\/v2\/media?parent=33698"}],"wp:term":[{"taxonomy":"pwb-brand","embeddable":true,"href":"https:\/\/mivoot.com\/gt\/wp-json\/wp\/v2\/pwb-brand?post=33698"},{"taxonomy":"product_brand","embeddable":true,"href":"https:\/\/mivoot.com\/gt\/wp-json\/wp\/v2\/product_brand?post=33698"},{"taxonomy":"product_cat","embeddable":true,"href":"https:\/\/mivoot.com\/gt\/wp-json\/wp\/v2\/product_cat?post=33698"},{"taxonomy":"product_tag","embeddable":true,"href":"https:\/\/mivoot.com\/gt\/wp-json\/wp\/v2\/product_tag?post=33698"}],"curies":[{"name":"wp","href":"https:\/\/api.w.org\/{rel}","templated":true}]}}