{"id":33762,"date":"2026-05-09T14:39:49","date_gmt":"2026-05-09T20:39:49","guid":{"rendered":"https:\/\/mivoot.com\/gt\/?post_type=product&#038;p=33762"},"modified":"2026-05-09T15:57:03","modified_gmt":"2026-05-09T21:57:03","slug":"bocina-bluetooth-50w-bassup-2-0-para-exteriores-boom-3i-anker-soundcore","status":"publish","type":"product","link":"https:\/\/mivoot.com\/gt\/producto\/bocina-bluetooth-50w-bassup-2-0-para-exteriores-boom-3i-anker-soundcore\/","title":{"rendered":"Bocina Bluetooth 50W BassUp 2.0 para Exteriores Boom 3i Anker Soundcore"},"content":{"rendered":"<div class=\"row\">\n<div class=\"padding-top-lg padding-bottom-lg row\">\n<div class=\"col-md-11\">\n<div class=\"margin-top-sm\">\n<h1 style=\"text-align: center;\">Bocina 50W Bluetooth BassUp 2.0 para Exteriores Rugged Outdoor Boom 3i Anker Soundcore<\/h1>\n<p><img decoding=\"async\" src=\"https:\/\/m.media-amazon.com\/images\/S\/aplus-media-library-service-media\/3f333e28-2632-4088-b827-e1dcfa5b6a54.__CR0,0,2928,1200_PT0_SX1464_V1___.jpg\" alt=\"aplus content image\" \/><\/p>\n<p><span dir=\"auto\">Sistema de altavoces port\u00e1tiles Bluetooth Soundcore Boom 3i &#8211; 50 W RMS &#8211; Negro aventurero &#8211; 56 Hz a 20 kHz &#8211; Bater\u00eda recargable<\/span><\/p>\n<h3><b><span dir=\"auto\">Nada detiene la aventura.<\/span><\/b><\/h3>\n<ul>\n<li><span dir=\"auto\">Kayak con m\u00fasica<\/span><\/li>\n<li><span dir=\"auto\">Pesca y ambiente<\/span><\/li>\n<li><span dir=\"auto\">Campamento y ritmo<\/span><\/li>\n<\/ul>\n<h3><b><span dir=\"auto\">Reproducci\u00f3n flotante, pionera en la industria<\/span><\/b><\/h3>\n<p><span dir=\"auto\">Mientras que otros altavoces se inclinan o amortiguan el sonido, el Boom 3i se autocorrige para mantenerse erguido y dirigir el sonido hacia adelante, incluso a trav\u00e9s de las olas.<\/span><\/p>\n<h3><b><span dir=\"auto\">Doble bajo<\/span><\/b><\/h3>\n<p><span dir=\"auto\">La exclusiva tecnolog\u00eda BassUp 2.0 amplifica cada ritmo, ofreciendo unos graves profundos de 56 Hz para una experiencia auditiva realmente potente.<\/span><\/p>\n<\/div>\n<\/div>\n<\/div>\n<\/div>\n<div class=\"row\">\n<h3 class=\"col-md-12\"><span class=\"guides-documents\"><span dir=\"auto\">Caracter\u00edsticas<\/span><\/span><\/h3>\n<div class=\"col-md-12\">\n<div class=\"padding-top-lg padding-bottom-lg row\">\n<ul>\n<li><span dir=\"auto\">Reproducci\u00f3n flotante pionera en la industria: se mantiene erguido y con un sonido n\u00edtido, incluso con oleaje. Sin distorsi\u00f3n ni hundimiento: solo audio potente y claro para kayak, fiestas en la piscina y cualquier aventura acu\u00e1tica.<\/span><\/li>\n<li><span dir=\"auto\">Resistencia al agua y al polvo IP68: Dise\u00f1ado para soportar las inclemencias del tiempo, este altavoz Bluetooth es totalmente impermeable y resistente al polvo. El altavoz ideal para exteriores.<\/span><\/li>\n<li><span dir=\"auto\">5 veces m\u00e1s resistente al agua salada y ultraduradero: Dise\u00f1ado para condiciones extremas, es 5 veces m\u00e1s resistente al agua salada, al sudor y a las salpicaduras. Ha soportado ca\u00eddas desde 1 metro (3,28 pies). Perfecto para d\u00edas de playa y paseos en barco, sin \u00f3xido ni corrosi\u00f3n. M\u00e1s resistente que la mayor\u00eda de los altavoces para exteriores.<\/span><\/li>\n<li><span dir=\"auto\">Duplica los graves con BassUp 2.0: Ofrece 50 W de sonido potente con graves de hasta 56 Hz. BassUp 2.0 y la tecnolog\u00eda DSP brindan graves contundentes y agudos n\u00edtidos. Un rendimiento de audio excepcional en un altavoz port\u00e1til compacto.<\/span><\/li>\n<li><span dir=\"auto\">Funciones inteligentes y 16 horas de reproducci\u00f3n: Disfruta de 16 horas de reproducci\u00f3n ininterrumpida y control total mediante la aplicaci\u00f3n. Incluye amplificador de voz, alarma de emergencia, funci\u00f3n de limpieza de zumbidos y una correa desmontable para usarlo con manos libres: todo lo que necesitas en unos altavoces de exterior fiables.<\/span><\/li>\n<li><span dir=\"auto\">Tama\u00f1o compacto similar al de una botella de agua para mayor portabilidad: Con un tama\u00f1o parecido al de una botella de agua, la Boom 3i cabe en tu mochila, se engancha a tu equipo y se ajusta c\u00f3modamente a una mano para aventuras r\u00e1pidas y sencillas.<\/span><\/li>\n<\/ul>\n<p><img decoding=\"async\" src=\"https:\/\/m.media-amazon.com\/images\/S\/aplus-media-library-service-media\/a72a6341-3f86-4e35-af83-2e41de392e6f.__CR0,0,1464,600_PT0_SX1464_V1___.png\" alt=\"aplus content image\" \/><img decoding=\"async\" src=\"https:\/\/m.media-amazon.com\/images\/S\/aplus-media-library-service-media\/a9f0eaab-9890-4aed-8538-009ae6cebf4c.__CR0,0,2928,1200_PT0_SX1464_V1___.jpg\" alt=\"aplus content image\" \/><img decoding=\"async\" src=\"https:\/\/m.media-amazon.com\/images\/S\/aplus-media-library-service-media\/36f8aa18-6d90-4174-9c21-69067c0e9f42.__CR0,0,2928,1200_PT0_SX1464_V1___.jpg\" alt=\"aplus content image\" \/><img decoding=\"async\" src=\"https:\/\/m.media-amazon.com\/images\/S\/aplus-media-library-service-media\/e2eec3f9-e929-456b-96aa-08b00999bf94.__CR0,0,2928,1200_PT0_SX1464_V1___.jpg\" alt=\"aplus content image\" \/><img decoding=\"async\" src=\"https:\/\/m.media-amazon.com\/images\/S\/aplus-media-library-service-media\/e6d82d6d-ee10-483b-b89d-577f6f99fce7.__CR0,0,2928,1200_PT0_SX1464_V1___.jpg\" alt=\"aplus content image\" \/><img decoding=\"async\" src=\"https:\/\/m.media-amazon.com\/images\/S\/aplus-media-library-service-media\/15c8260f-971a-4bad-a9c8-9cc0cd99433f.__CR0,0,2928,1200_PT0_SX1464_V1___.jpg\" alt=\"aplus content image\" \/><img decoding=\"async\" src=\"https:\/\/m.media-amazon.com\/images\/S\/aplus-media-library-service-media\/25b61c0c-809e-45cc-a83e-7185a1ed71ec.__CR0,0,2928,1200_PT0_SX1464_V1___.jpg\" alt=\"aplus content image\" \/><img decoding=\"async\" src=\"https:\/\/m.media-amazon.com\/images\/S\/aplus-media-library-service-media\/ae2b0848-157a-4bb9-93bc-060aa8cfadcc.__CR0,0,2928,1200_PT0_SX1464_V1___.jpg\" alt=\"aplus content image\" \/><img decoding=\"async\" src=\"https:\/\/m.media-amazon.com\/images\/S\/aplus-media-library-service-media\/55f48d8d-80e1-4b17-a0f4-743e8ea5e519.__CR0,0,1464,600_PT0_SX1464_V1___.jpg\" alt=\"El texto dice \u00abDimensiones\u00bb. Comparaci\u00f3n de productos que muestra tres elementos: un altavoz port\u00e1til gris, una bater\u00eda externa delgada y una botella de agua con medidas de tama\u00f1o relativo.\" \/><\/p>\n<\/div>\n<\/div>\n<\/div>\n","protected":false},"excerpt":{"rendered":"<p>&#8211; 50W<br \/>\n&#8211; 16 horas<br \/>\n&#8211; Sonido de graves ultra profundos<br \/>\n&#8211; Resistente al agua (IP68)<br \/>\n&#8211; Barco Playa Camping Picnic<br \/>\n&#8211; Altavoces m\u00faltiples tws<br \/>\n&#8211; Alarma de emergencia, amplificador de voz, limpieza de zumbidos<\/p>\n","protected":false},"featured_media":33774,"comment_status":"open","ping_status":"closed","template":"","meta":{"jetpack_publicize_message":"","jetpack_publicize_feature_enabled":true,"jetpack_social_post_already_shared":true,"jetpack_social_options":{"image_generator_settings":{"template":"highway","default_image_id":0,"font":"","enabled":false},"version":2}},"pwb-brand":[647,646],"product_brand":[],"product_cat":[26],"product_tag":[],"class_list":{"0":"post-33762","1":"product","2":"type-product","3":"status-publish","4":"has-post-thumbnail","6":"pwb-brand-anker","7":"pwb-brand-soundcore","8":"product_cat-bocinas","10":"first","11":"instock","12":"taxable","13":"shipping-taxable","14":"product-type-simple"},"yoast_head":"<!-- This site is optimized with the Yoast SEO Premium plugin v25.7.1 (Yoast SEO v26.8) - https:\/\/yoast.com\/product\/yoast-seo-premium-wordpress\/ -->\n<title>Bocina Bluetooth 50W BassUp 2.0 para Exteriores Boom 3i Anker Soundcore - Mivoot<\/title>\n<meta name=\"robots\" content=\"index, follow, max-snippet:-1, max-image-preview:large, max-video-preview:-1\" \/>\n<link rel=\"canonical\" href=\"https:\/\/mivoot.com\/gt\/producto\/bocina-bluetooth-50w-bassup-2-0-para-exteriores-boom-3i-anker-soundcore\/\" \/>\n<meta property=\"og:locale\" content=\"es_ES\" \/>\n<meta property=\"og:type\" content=\"article\" \/>\n<meta property=\"og:title\" content=\"Bocina Bluetooth 50W BassUp 2.0 para Exteriores Boom 3i Anker Soundcore\" \/>\n<meta property=\"og:description\" content=\"- 50W - 16 horas - Sonido de graves ultra profundos - Resistente al agua (IP68) - Barco Playa Camping Picnic - Altavoces m\u00faltiples tws - Alarma de emergencia, amplificador de voz, limpieza de zumbidos\" \/>\n<meta property=\"og:url\" content=\"https:\/\/mivoot.com\/gt\/producto\/bocina-bluetooth-50w-bassup-2-0-para-exteriores-boom-3i-anker-soundcore\/\" \/>\n<meta property=\"og:site_name\" content=\"Mivoot\" \/>\n<meta property=\"article:publisher\" content=\"https:\/\/www.facebook.com\/mivootgt\" \/>\n<meta property=\"article:modified_time\" content=\"2026-05-09T21:57:03+00:00\" \/>\n<meta property=\"og:image\" content=\"https:\/\/mivoot.com\/gt\/wp-content\/uploads\/2026\/05\/Boom-3i-000.webp\" \/>\n\t<meta property=\"og:image:width\" content=\"2560\" \/>\n\t<meta property=\"og:image:height\" content=\"2560\" \/>\n\t<meta property=\"og:image:type\" content=\"image\/webp\" \/>\n<meta name=\"twitter:card\" content=\"summary_large_image\" \/>\n<meta name=\"twitter:label1\" content=\"Est. reading time\" \/>\n\t<meta name=\"twitter:data1\" content=\"4 minutos\" \/>\n<script type=\"application\/ld+json\" class=\"yoast-schema-graph\">{\"@context\":\"https:\/\/schema.org\",\"@graph\":[{\"@type\":\"WebPage\",\"@id\":\"https:\/\/mivoot.com\/gt\/producto\/bocina-bluetooth-50w-bassup-2-0-para-exteriores-boom-3i-anker-soundcore\/\",\"url\":\"https:\/\/mivoot.com\/gt\/producto\/bocina-bluetooth-50w-bassup-2-0-para-exteriores-boom-3i-anker-soundcore\/\",\"name\":\"Bocina Bluetooth 50W BassUp 2.0 para Exteriores Boom 3i Anker Soundcore - Mivoot\",\"isPartOf\":{\"@id\":\"https:\/\/mivoot.com\/gt\/#website\"},\"primaryImageOfPage\":{\"@id\":\"https:\/\/mivoot.com\/gt\/producto\/bocina-bluetooth-50w-bassup-2-0-para-exteriores-boom-3i-anker-soundcore\/#primaryimage\"},\"image\":{\"@id\":\"https:\/\/mivoot.com\/gt\/producto\/bocina-bluetooth-50w-bassup-2-0-para-exteriores-boom-3i-anker-soundcore\/#primaryimage\"},\"thumbnailUrl\":\"https:\/\/mivoot.com\/gt\/wp-content\/uploads\/2026\/05\/Boom-3i-000.webp\",\"datePublished\":\"2026-05-09T20:39:49+00:00\",\"dateModified\":\"2026-05-09T21:57:03+00:00\",\"breadcrumb\":{\"@id\":\"https:\/\/mivoot.com\/gt\/producto\/bocina-bluetooth-50w-bassup-2-0-para-exteriores-boom-3i-anker-soundcore\/#breadcrumb\"},\"inLanguage\":\"es\",\"potentialAction\":[{\"@type\":\"ReadAction\",\"target\":[\"https:\/\/mivoot.com\/gt\/producto\/bocina-bluetooth-50w-bassup-2-0-para-exteriores-boom-3i-anker-soundcore\/\"]}]},{\"@type\":\"ImageObject\",\"inLanguage\":\"es\",\"@id\":\"https:\/\/mivoot.com\/gt\/producto\/bocina-bluetooth-50w-bassup-2-0-para-exteriores-boom-3i-anker-soundcore\/#primaryimage\",\"url\":\"https:\/\/mivoot.com\/gt\/wp-content\/uploads\/2026\/05\/Boom-3i-000.webp\",\"contentUrl\":\"https:\/\/mivoot.com\/gt\/wp-content\/uploads\/2026\/05\/Boom-3i-000.webp\",\"width\":2560,\"height\":2560},{\"@type\":\"BreadcrumbList\",\"@id\":\"https:\/\/mivoot.com\/gt\/producto\/bocina-bluetooth-50w-bassup-2-0-para-exteriores-boom-3i-anker-soundcore\/#breadcrumb\",\"itemListElement\":[{\"@type\":\"ListItem\",\"position\":1,\"name\":\"Inicio\",\"item\":\"https:\/\/mivoot.com\/gt\/\"},{\"@type\":\"ListItem\",\"position\":2,\"name\":\"Productos\",\"item\":\"https:\/\/mivoot.com\/gt\/producto\/\"},{\"@type\":\"ListItem\",\"position\":3,\"name\":\"Anker\",\"item\":\"https:\/\/mivoot.com\/gt\/marca\/anker\/\"},{\"@type\":\"ListItem\",\"position\":4,\"name\":\"Bocina Bluetooth 50W BassUp 2.0 para Exteriores Boom 3i Anker Soundcore\"}]},{\"@type\":\"WebSite\",\"@id\":\"https:\/\/mivoot.com\/gt\/#website\",\"url\":\"https:\/\/mivoot.com\/gt\/\",\"name\":\"Mivoot\",\"description\":\"Mivoot Guatemala | Tienda Online\",\"publisher\":{\"@id\":\"https:\/\/mivoot.com\/gt\/#organization\"},\"alternateName\":\"mivoot\",\"potentialAction\":[{\"@type\":\"SearchAction\",\"target\":{\"@type\":\"EntryPoint\",\"urlTemplate\":\"https:\/\/mivoot.com\/gt\/?s={search_term_string}\"},\"query-input\":{\"@type\":\"PropertyValueSpecification\",\"valueRequired\":true,\"valueName\":\"search_term_string\"}}],\"inLanguage\":\"es\"},{\"@type\":\"Organization\",\"@id\":\"https:\/\/mivoot.com\/gt\/#organization\",\"name\":\"Mivoot Guatemala\",\"alternateName\":\"mivoot.com\",\"url\":\"https:\/\/mivoot.com\/gt\/\",\"logo\":{\"@type\":\"ImageObject\",\"inLanguage\":\"es\",\"@id\":\"https:\/\/mivoot.com\/gt\/#\/schema\/logo\/image\/\",\"url\":\"https:\/\/mivoot.com\/gt\/wp-content\/uploads\/2023\/03\/cropped-icon.png\",\"contentUrl\":\"https:\/\/mivoot.com\/gt\/wp-content\/uploads\/2023\/03\/cropped-icon.png\",\"width\":512,\"height\":512,\"caption\":\"Mivoot Guatemala\"},\"image\":{\"@id\":\"https:\/\/mivoot.com\/gt\/#\/schema\/logo\/image\/\"},\"sameAs\":[\"https:\/\/www.facebook.com\/mivootgt\",\"https:\/\/instagram.com\/mivoot\"]}]}<\/script>\n<!-- \/ Yoast SEO Premium plugin. -->","yoast_head_json":{"title":"Bocina Bluetooth 50W BassUp 2.0 para Exteriores Boom 3i Anker Soundcore - Mivoot","robots":{"index":"index","follow":"follow","max-snippet":"max-snippet:-1","max-image-preview":"max-image-preview:large","max-video-preview":"max-video-preview:-1"},"canonical":"https:\/\/mivoot.com\/gt\/producto\/bocina-bluetooth-50w-bassup-2-0-para-exteriores-boom-3i-anker-soundcore\/","og_locale":"es_ES","og_type":"article","og_title":"Bocina Bluetooth 50W BassUp 2.0 para Exteriores Boom 3i Anker Soundcore","og_description":"- 50W - 16 horas - Sonido de graves ultra profundos - Resistente al agua (IP68) - Barco Playa Camping Picnic - Altavoces m\u00faltiples tws - Alarma de emergencia, amplificador de voz, limpieza de zumbidos","og_url":"https:\/\/mivoot.com\/gt\/producto\/bocina-bluetooth-50w-bassup-2-0-para-exteriores-boom-3i-anker-soundcore\/","og_site_name":"Mivoot","article_publisher":"https:\/\/www.facebook.com\/mivootgt","article_modified_time":"2026-05-09T21:57:03+00:00","og_image":[{"width":2560,"height":2560,"url":"https:\/\/mivoot.com\/gt\/wp-content\/uploads\/2026\/05\/Boom-3i-000.webp","type":"image\/webp"}],"twitter_card":"summary_large_image","twitter_misc":{"Est. reading time":"4 minutos"},"schema":{"@context":"https:\/\/schema.org","@graph":[{"@type":"WebPage","@id":"https:\/\/mivoot.com\/gt\/producto\/bocina-bluetooth-50w-bassup-2-0-para-exteriores-boom-3i-anker-soundcore\/","url":"https:\/\/mivoot.com\/gt\/producto\/bocina-bluetooth-50w-bassup-2-0-para-exteriores-boom-3i-anker-soundcore\/","name":"Bocina Bluetooth 50W BassUp 2.0 para Exteriores Boom 3i Anker Soundcore - Mivoot","isPartOf":{"@id":"https:\/\/mivoot.com\/gt\/#website"},"primaryImageOfPage":{"@id":"https:\/\/mivoot.com\/gt\/producto\/bocina-bluetooth-50w-bassup-2-0-para-exteriores-boom-3i-anker-soundcore\/#primaryimage"},"image":{"@id":"https:\/\/mivoot.com\/gt\/producto\/bocina-bluetooth-50w-bassup-2-0-para-exteriores-boom-3i-anker-soundcore\/#primaryimage"},"thumbnailUrl":"https:\/\/mivoot.com\/gt\/wp-content\/uploads\/2026\/05\/Boom-3i-000.webp","datePublished":"2026-05-09T20:39:49+00:00","dateModified":"2026-05-09T21:57:03+00:00","breadcrumb":{"@id":"https:\/\/mivoot.com\/gt\/producto\/bocina-bluetooth-50w-bassup-2-0-para-exteriores-boom-3i-anker-soundcore\/#breadcrumb"},"inLanguage":"es","potentialAction":[{"@type":"ReadAction","target":["https:\/\/mivoot.com\/gt\/producto\/bocina-bluetooth-50w-bassup-2-0-para-exteriores-boom-3i-anker-soundcore\/"]}]},{"@type":"ImageObject","inLanguage":"es","@id":"https:\/\/mivoot.com\/gt\/producto\/bocina-bluetooth-50w-bassup-2-0-para-exteriores-boom-3i-anker-soundcore\/#primaryimage","url":"https:\/\/mivoot.com\/gt\/wp-content\/uploads\/2026\/05\/Boom-3i-000.webp","contentUrl":"https:\/\/mivoot.com\/gt\/wp-content\/uploads\/2026\/05\/Boom-3i-000.webp","width":2560,"height":2560},{"@type":"BreadcrumbList","@id":"https:\/\/mivoot.com\/gt\/producto\/bocina-bluetooth-50w-bassup-2-0-para-exteriores-boom-3i-anker-soundcore\/#breadcrumb","itemListElement":[{"@type":"ListItem","position":1,"name":"Inicio","item":"https:\/\/mivoot.com\/gt\/"},{"@type":"ListItem","position":2,"name":"Productos","item":"https:\/\/mivoot.com\/gt\/producto\/"},{"@type":"ListItem","position":3,"name":"Anker","item":"https:\/\/mivoot.com\/gt\/marca\/anker\/"},{"@type":"ListItem","position":4,"name":"Bocina Bluetooth 50W BassUp 2.0 para Exteriores Boom 3i Anker Soundcore"}]},{"@type":"WebSite","@id":"https:\/\/mivoot.com\/gt\/#website","url":"https:\/\/mivoot.com\/gt\/","name":"Mivoot","description":"Mivoot Guatemala | Tienda Online","publisher":{"@id":"https:\/\/mivoot.com\/gt\/#organization"},"alternateName":"mivoot","potentialAction":[{"@type":"SearchAction","target":{"@type":"EntryPoint","urlTemplate":"https:\/\/mivoot.com\/gt\/?s={search_term_string}"},"query-input":{"@type":"PropertyValueSpecification","valueRequired":true,"valueName":"search_term_string"}}],"inLanguage":"es"},{"@type":"Organization","@id":"https:\/\/mivoot.com\/gt\/#organization","name":"Mivoot Guatemala","alternateName":"mivoot.com","url":"https:\/\/mivoot.com\/gt\/","logo":{"@type":"ImageObject","inLanguage":"es","@id":"https:\/\/mivoot.com\/gt\/#\/schema\/logo\/image\/","url":"https:\/\/mivoot.com\/gt\/wp-content\/uploads\/2023\/03\/cropped-icon.png","contentUrl":"https:\/\/mivoot.com\/gt\/wp-content\/uploads\/2023\/03\/cropped-icon.png","width":512,"height":512,"caption":"Mivoot Guatemala"},"image":{"@id":"https:\/\/mivoot.com\/gt\/#\/schema\/logo\/image\/"},"sameAs":["https:\/\/www.facebook.com\/mivootgt","https:\/\/instagram.com\/mivoot"]}]}},"jetpack_publicize_connections":[],"jetpack_sharing_enabled":true,"brands":[{"id":647,"name":"Anker","slug":"anker"},{"id":646,"name":"Soundcore","slug":"soundcore"}],"_links":{"self":[{"href":"https:\/\/mivoot.com\/gt\/wp-json\/wp\/v2\/product\/33762","targetHints":{"allow":["GET"]}}],"collection":[{"href":"https:\/\/mivoot.com\/gt\/wp-json\/wp\/v2\/product"}],"about":[{"href":"https:\/\/mivoot.com\/gt\/wp-json\/wp\/v2\/types\/product"}],"replies":[{"embeddable":true,"href":"https:\/\/mivoot.com\/gt\/wp-json\/wp\/v2\/comments?post=33762"}],"version-history":[{"count":1,"href":"https:\/\/mivoot.com\/gt\/wp-json\/wp\/v2\/product\/33762\/revisions"}],"predecessor-version":[{"id":33775,"href":"https:\/\/mivoot.com\/gt\/wp-json\/wp\/v2\/product\/33762\/revisions\/33775"}],"wp:featuredmedia":[{"embeddable":true,"href":"https:\/\/mivoot.com\/gt\/wp-json\/wp\/v2\/media\/33774"}],"wp:attachment":[{"href":"https:\/\/mivoot.com\/gt\/wp-json\/wp\/v2\/media?parent=33762"}],"wp:term":[{"taxonomy":"pwb-brand","embeddable":true,"href":"https:\/\/mivoot.com\/gt\/wp-json\/wp\/v2\/pwb-brand?post=33762"},{"taxonomy":"product_brand","embeddable":true,"href":"https:\/\/mivoot.com\/gt\/wp-json\/wp\/v2\/product_brand?post=33762"},{"taxonomy":"product_cat","embeddable":true,"href":"https:\/\/mivoot.com\/gt\/wp-json\/wp\/v2\/product_cat?post=33762"},{"taxonomy":"product_tag","embeddable":true,"href":"https:\/\/mivoot.com\/gt\/wp-json\/wp\/v2\/product_tag?post=33762"}],"curies":[{"name":"wp","href":"https:\/\/api.w.org\/{rel}","templated":true}]}}