{"id":33789,"date":"2026-05-09T14:59:36","date_gmt":"2026-05-09T20:59:36","guid":{"rendered":"https:\/\/mivoot.com\/gt\/?post_type=product&#038;p=33789"},"modified":"2026-05-09T15:12:01","modified_gmt":"2026-05-09T21:12:01","slug":"audifonos-bluetooth-p40i-azul-anker-soundcore","status":"publish","type":"product","link":"https:\/\/mivoot.com\/gt\/producto\/audifonos-bluetooth-p40i-azul-anker-soundcore\/","title":{"rendered":"Aud\u00edfonos Bluetooth P40i Azul Anker Soundcore"},"content":{"rendered":"<h1 style=\"text-align: center;\">Aud\u00edfonos Bluetooth P40i Azul Anker Soundcore<\/h1>\n<p><img decoding=\"async\" src=\"https:\/\/m.media-amazon.com\/images\/S\/aplus-media\/sc\/82682747-bf6f-4f54-8fa9-0664f3c12aa0.__CR0,0,1464,600_PT0_SX1464_V1___.jpg\" alt=\"cover_image\" \/><img decoding=\"async\" src=\"https:\/\/m.media-amazon.com\/images\/S\/aplus-media-library-service-media\/390e8dea-08a4-4aff-b018-920361b6a3ff.__CR0,0,1464,600_PT0_SX1464_V1___.jpg\" alt=\"3955\" \/><\/p>\n<ul class=\"a-unordered-list a-vertical a-spacing-mini\">\n<li class=\"a-spacing-mini\"><span class=\"a-list-item\">Cancelaci\u00f3n de ruido adaptativa: los aud\u00edfonos soundcore P40i est\u00e1n dise\u00f1ados con tecnolog\u00eda ANC adaptativa que se ajusta al ruido del entorno para brindarte una experiencia de escucha m\u00e1s c\u00f3moda<\/span><\/li>\n<li class=\"a-spacing-mini\"><span class=\"a-list-item\">Bater\u00eda de larga duraci\u00f3n y gran potencia: disfruta de 12 horas de autonom\u00eda con una sola carga y un estuche que la extiende hasta 60 horas, suficiente para durar semanas, incluso un mes entero<\/span><\/li>\n<li class=\"a-spacing-mini\"><span class=\"a-list-item\">Bajos potentes: los aud\u00edfonos inal\u00e1mbricos soundcore P40i cuentan con controladores compuestos de 11 mm para una experiencia de audio intensa, potenciada con la tecnolog\u00eda BassUp para bajos profundos en tiempo real<\/span><\/li>\n<\/ul>\n<div class=\"feature_UbV5SNP5Eo\">\n<div class=\"featureHeader_UbV5SNP5Eo\">\n<h3 class=\"text_TAw0W35QK_ comfy_TAw0W35QK_ sizeTitle2_TAw0W35QK_ weightNormal_TAw0W35QK_ primary_i3MsQsqoe0\"><span dir=\"auto\">Cancelaci\u00f3n de ruido inteligente<\/span><\/h3>\n<\/div>\n<div>\n<div class=\"js-injected-html text_UbV5SNP5Eo\"><span dir=\"auto\">La tecnolog\u00eda inteligente de cancelaci\u00f3n de ruido adaptativa de los P40i detecta el ruido exterior y selecciona autom\u00e1ticamente el nivel de cancelaci\u00f3n de ruido adecuado para tu entorno. La combinaci\u00f3n de la c\u00e1mara de aislamiento ac\u00fastico y los sensores de sonido reduce el ruido hasta en 45 dB. Con la aplicaci\u00f3n soundcore, puedes personalizar la cancelaci\u00f3n de ruido con cinco niveles y tres modos para un control de sonido a tu medida.<\/span><\/div>\n<\/div>\n<\/div>\n<div><\/div>\n<div><img fetchpriority=\"high\" decoding=\"async\" class=\"\" src=\"https:\/\/static.bhphoto.com\/images\/multiple_images\/images500x500\/1732195497_IMG_2377243.jpg\" width=\"436\" height=\"436\" \/><img decoding=\"async\" class=\"\" src=\"https:\/\/static.bhphoto.com\/images\/multiple_images\/images500x500\/1732195497_IMG_2377244.jpg\" width=\"438\" height=\"438\" \/><\/div>\n<div class=\"feature_UbV5SNP5Eo\">\n<div class=\"featureHeader_UbV5SNP5Eo\"><\/div>\n<\/div>\n<div class=\"feature_UbV5SNP5Eo\">\n<div>\n<div class=\"js-injected-html text_UbV5SNP5Eo\"><\/div>\n<\/div>\n<\/div>\n<p><img decoding=\"async\" src=\"https:\/\/m.media-amazon.com\/images\/S\/aplus-media-library-service-media\/6d421602-f961-4fd8-add4-7e4c6542c887.__CR0,0,1464,600_PT0_SX1464_V1___.jpg\" alt=\"3955\" \/><img decoding=\"async\" src=\"https:\/\/m.media-amazon.com\/images\/S\/aplus-media-library-service-media\/98963654-b843-4658-9190-f598e6367233.__CR0,0,1464,600_PT0_SX1464_V1___.jpg\" alt=\"3955\" \/><img decoding=\"async\" src=\"https:\/\/m.media-amazon.com\/images\/S\/aplus-media-library-service-media\/d890cc1a-7e77-4ab8-8133-9abf52c5a220.__CR0,0,1464,600_PT0_SX1464_V1___.png\" alt=\"A3955\" \/><\/p>\n","protected":false},"excerpt":{"rendered":"<p>&#8211; Cancelaci\u00f3n activa de ruido: ANC adaptativa<br \/>\n&#8211; Sonido: Bajo grande<br \/>\n&#8211; Tiempo de juego (individual\/con estuche): 12 horas \/ 60 horas<br \/>\n&#8211; Carga r\u00e1pida: 10 minutos = 5 horas de uso<br \/>\n&#8211; Carga inal\u00e1mbrica: Si<br \/>\n&#8211; Resistencia al agua: IPX5<br \/>\n&#8211; Micr\u00f3fonos para llamadas: 6 micr\u00f3fonos con IA<br \/>\n&#8211; Dise\u00f1o: En la oreja<br \/>\n&#8211; Ecualizador personalizado: HearID (en ingl\u00e9s)<br \/>\n&#8211; Control: T\u00e1ctil<br \/>\n&#8211; Conexi\u00f3n multipunto: Si<\/p>\n","protected":false},"featured_media":33793,"comment_status":"open","ping_status":"closed","template":"","meta":{"jetpack_publicize_message":"","jetpack_publicize_feature_enabled":true,"jetpack_social_post_already_shared":true,"jetpack_social_options":{"image_generator_settings":{"template":"highway","default_image_id":0,"font":"","enabled":false},"version":2}},"pwb-brand":[647,646],"product_brand":[],"product_cat":[23],"product_tag":[],"class_list":{"0":"post-33789","1":"product","2":"type-product","3":"status-publish","4":"has-post-thumbnail","6":"pwb-brand-anker","7":"pwb-brand-soundcore","8":"product_cat-audifonos-bluetooth","10":"first","11":"instock","12":"taxable","13":"shipping-taxable","14":"product-type-simple"},"yoast_head":"<!-- This site is optimized with the Yoast SEO Premium plugin v25.7.1 (Yoast SEO v26.8) - https:\/\/yoast.com\/product\/yoast-seo-premium-wordpress\/ -->\n<title>Aud\u00edfonos Bluetooth P40i Azul Anker Soundcore - Mivoot<\/title>\n<meta name=\"robots\" content=\"index, follow, max-snippet:-1, max-image-preview:large, max-video-preview:-1\" \/>\n<link rel=\"canonical\" href=\"https:\/\/mivoot.com\/gt\/producto\/audifonos-bluetooth-p40i-azul-anker-soundcore\/\" \/>\n<meta property=\"og:locale\" content=\"es_ES\" \/>\n<meta property=\"og:type\" content=\"article\" \/>\n<meta property=\"og:title\" content=\"Aud\u00edfonos Bluetooth P40i Azul Anker Soundcore\" \/>\n<meta property=\"og:description\" content=\"- Cancelaci\u00f3n activa de ruido: ANC adaptativa - Sonido: Bajo grande - Tiempo de juego (individual\/con estuche): 12 horas \/ 60 horas - Carga r\u00e1pida: 10 minutos = 5 horas de uso - Carga inal\u00e1mbrica: Si - Resistencia al agua: IPX5 - Micr\u00f3fonos para llamadas: 6 micr\u00f3fonos con IA - Dise\u00f1o: En la oreja - Ecualizador personalizado: HearID (en ingl\u00e9s) - Control: T\u00e1ctil - Conexi\u00f3n multipunto: Si\" \/>\n<meta property=\"og:url\" content=\"https:\/\/mivoot.com\/gt\/producto\/audifonos-bluetooth-p40i-azul-anker-soundcore\/\" \/>\n<meta property=\"og:site_name\" content=\"Mivoot\" \/>\n<meta property=\"article:publisher\" content=\"https:\/\/www.facebook.com\/mivootgt\" \/>\n<meta property=\"article:modified_time\" content=\"2026-05-09T21:12:01+00:00\" \/>\n<meta property=\"og:image\" content=\"https:\/\/mivoot.com\/gt\/wp-content\/uploads\/2026\/05\/p40i-azul-01.jpg\" \/>\n\t<meta property=\"og:image:width\" content=\"450\" \/>\n\t<meta property=\"og:image:height\" content=\"450\" \/>\n\t<meta property=\"og:image:type\" content=\"image\/jpeg\" \/>\n<meta name=\"twitter:card\" content=\"summary_large_image\" \/>\n<meta name=\"twitter:label1\" content=\"Est. reading time\" \/>\n\t<meta name=\"twitter:data1\" content=\"3 minutos\" \/>\n<script type=\"application\/ld+json\" class=\"yoast-schema-graph\">{\"@context\":\"https:\/\/schema.org\",\"@graph\":[{\"@type\":\"WebPage\",\"@id\":\"https:\/\/mivoot.com\/gt\/producto\/audifonos-bluetooth-p40i-azul-anker-soundcore\/\",\"url\":\"https:\/\/mivoot.com\/gt\/producto\/audifonos-bluetooth-p40i-azul-anker-soundcore\/\",\"name\":\"Aud\u00edfonos Bluetooth P40i Azul Anker Soundcore - Mivoot\",\"isPartOf\":{\"@id\":\"https:\/\/mivoot.com\/gt\/#website\"},\"primaryImageOfPage\":{\"@id\":\"https:\/\/mivoot.com\/gt\/producto\/audifonos-bluetooth-p40i-azul-anker-soundcore\/#primaryimage\"},\"image\":{\"@id\":\"https:\/\/mivoot.com\/gt\/producto\/audifonos-bluetooth-p40i-azul-anker-soundcore\/#primaryimage\"},\"thumbnailUrl\":\"https:\/\/mivoot.com\/gt\/wp-content\/uploads\/2026\/05\/p40i-azul-01.jpg\",\"datePublished\":\"2026-05-09T20:59:36+00:00\",\"dateModified\":\"2026-05-09T21:12:01+00:00\",\"breadcrumb\":{\"@id\":\"https:\/\/mivoot.com\/gt\/producto\/audifonos-bluetooth-p40i-azul-anker-soundcore\/#breadcrumb\"},\"inLanguage\":\"es\",\"potentialAction\":[{\"@type\":\"ReadAction\",\"target\":[\"https:\/\/mivoot.com\/gt\/producto\/audifonos-bluetooth-p40i-azul-anker-soundcore\/\"]}]},{\"@type\":\"ImageObject\",\"inLanguage\":\"es\",\"@id\":\"https:\/\/mivoot.com\/gt\/producto\/audifonos-bluetooth-p40i-azul-anker-soundcore\/#primaryimage\",\"url\":\"https:\/\/mivoot.com\/gt\/wp-content\/uploads\/2026\/05\/p40i-azul-01.jpg\",\"contentUrl\":\"https:\/\/mivoot.com\/gt\/wp-content\/uploads\/2026\/05\/p40i-azul-01.jpg\",\"width\":450,\"height\":450},{\"@type\":\"BreadcrumbList\",\"@id\":\"https:\/\/mivoot.com\/gt\/producto\/audifonos-bluetooth-p40i-azul-anker-soundcore\/#breadcrumb\",\"itemListElement\":[{\"@type\":\"ListItem\",\"position\":1,\"name\":\"Inicio\",\"item\":\"https:\/\/mivoot.com\/gt\/\"},{\"@type\":\"ListItem\",\"position\":2,\"name\":\"Productos\",\"item\":\"https:\/\/mivoot.com\/gt\/producto\/\"},{\"@type\":\"ListItem\",\"position\":3,\"name\":\"Anker\",\"item\":\"https:\/\/mivoot.com\/gt\/marca\/anker\/\"},{\"@type\":\"ListItem\",\"position\":4,\"name\":\"Aud\u00edfonos Bluetooth P40i Azul Anker Soundcore\"}]},{\"@type\":\"WebSite\",\"@id\":\"https:\/\/mivoot.com\/gt\/#website\",\"url\":\"https:\/\/mivoot.com\/gt\/\",\"name\":\"Mivoot\",\"description\":\"Mivoot Guatemala | Tienda Online\",\"publisher\":{\"@id\":\"https:\/\/mivoot.com\/gt\/#organization\"},\"alternateName\":\"mivoot\",\"potentialAction\":[{\"@type\":\"SearchAction\",\"target\":{\"@type\":\"EntryPoint\",\"urlTemplate\":\"https:\/\/mivoot.com\/gt\/?s={search_term_string}\"},\"query-input\":{\"@type\":\"PropertyValueSpecification\",\"valueRequired\":true,\"valueName\":\"search_term_string\"}}],\"inLanguage\":\"es\"},{\"@type\":\"Organization\",\"@id\":\"https:\/\/mivoot.com\/gt\/#organization\",\"name\":\"Mivoot Guatemala\",\"alternateName\":\"mivoot.com\",\"url\":\"https:\/\/mivoot.com\/gt\/\",\"logo\":{\"@type\":\"ImageObject\",\"inLanguage\":\"es\",\"@id\":\"https:\/\/mivoot.com\/gt\/#\/schema\/logo\/image\/\",\"url\":\"https:\/\/mivoot.com\/gt\/wp-content\/uploads\/2023\/03\/cropped-icon.png\",\"contentUrl\":\"https:\/\/mivoot.com\/gt\/wp-content\/uploads\/2023\/03\/cropped-icon.png\",\"width\":512,\"height\":512,\"caption\":\"Mivoot Guatemala\"},\"image\":{\"@id\":\"https:\/\/mivoot.com\/gt\/#\/schema\/logo\/image\/\"},\"sameAs\":[\"https:\/\/www.facebook.com\/mivootgt\",\"https:\/\/instagram.com\/mivoot\"]}]}<\/script>\n<!-- \/ Yoast SEO Premium plugin. -->","yoast_head_json":{"title":"Aud\u00edfonos Bluetooth P40i Azul Anker Soundcore - Mivoot","robots":{"index":"index","follow":"follow","max-snippet":"max-snippet:-1","max-image-preview":"max-image-preview:large","max-video-preview":"max-video-preview:-1"},"canonical":"https:\/\/mivoot.com\/gt\/producto\/audifonos-bluetooth-p40i-azul-anker-soundcore\/","og_locale":"es_ES","og_type":"article","og_title":"Aud\u00edfonos Bluetooth P40i Azul Anker Soundcore","og_description":"- Cancelaci\u00f3n activa de ruido: ANC adaptativa - Sonido: Bajo grande - Tiempo de juego (individual\/con estuche): 12 horas \/ 60 horas - Carga r\u00e1pida: 10 minutos = 5 horas de uso - Carga inal\u00e1mbrica: Si - Resistencia al agua: IPX5 - Micr\u00f3fonos para llamadas: 6 micr\u00f3fonos con IA - Dise\u00f1o: En la oreja - Ecualizador personalizado: HearID (en ingl\u00e9s) - Control: T\u00e1ctil - Conexi\u00f3n multipunto: Si","og_url":"https:\/\/mivoot.com\/gt\/producto\/audifonos-bluetooth-p40i-azul-anker-soundcore\/","og_site_name":"Mivoot","article_publisher":"https:\/\/www.facebook.com\/mivootgt","article_modified_time":"2026-05-09T21:12:01+00:00","og_image":[{"width":450,"height":450,"url":"https:\/\/mivoot.com\/gt\/wp-content\/uploads\/2026\/05\/p40i-azul-01.jpg","type":"image\/jpeg"}],"twitter_card":"summary_large_image","twitter_misc":{"Est. reading time":"3 minutos"},"schema":{"@context":"https:\/\/schema.org","@graph":[{"@type":"WebPage","@id":"https:\/\/mivoot.com\/gt\/producto\/audifonos-bluetooth-p40i-azul-anker-soundcore\/","url":"https:\/\/mivoot.com\/gt\/producto\/audifonos-bluetooth-p40i-azul-anker-soundcore\/","name":"Aud\u00edfonos Bluetooth P40i Azul Anker Soundcore - Mivoot","isPartOf":{"@id":"https:\/\/mivoot.com\/gt\/#website"},"primaryImageOfPage":{"@id":"https:\/\/mivoot.com\/gt\/producto\/audifonos-bluetooth-p40i-azul-anker-soundcore\/#primaryimage"},"image":{"@id":"https:\/\/mivoot.com\/gt\/producto\/audifonos-bluetooth-p40i-azul-anker-soundcore\/#primaryimage"},"thumbnailUrl":"https:\/\/mivoot.com\/gt\/wp-content\/uploads\/2026\/05\/p40i-azul-01.jpg","datePublished":"2026-05-09T20:59:36+00:00","dateModified":"2026-05-09T21:12:01+00:00","breadcrumb":{"@id":"https:\/\/mivoot.com\/gt\/producto\/audifonos-bluetooth-p40i-azul-anker-soundcore\/#breadcrumb"},"inLanguage":"es","potentialAction":[{"@type":"ReadAction","target":["https:\/\/mivoot.com\/gt\/producto\/audifonos-bluetooth-p40i-azul-anker-soundcore\/"]}]},{"@type":"ImageObject","inLanguage":"es","@id":"https:\/\/mivoot.com\/gt\/producto\/audifonos-bluetooth-p40i-azul-anker-soundcore\/#primaryimage","url":"https:\/\/mivoot.com\/gt\/wp-content\/uploads\/2026\/05\/p40i-azul-01.jpg","contentUrl":"https:\/\/mivoot.com\/gt\/wp-content\/uploads\/2026\/05\/p40i-azul-01.jpg","width":450,"height":450},{"@type":"BreadcrumbList","@id":"https:\/\/mivoot.com\/gt\/producto\/audifonos-bluetooth-p40i-azul-anker-soundcore\/#breadcrumb","itemListElement":[{"@type":"ListItem","position":1,"name":"Inicio","item":"https:\/\/mivoot.com\/gt\/"},{"@type":"ListItem","position":2,"name":"Productos","item":"https:\/\/mivoot.com\/gt\/producto\/"},{"@type":"ListItem","position":3,"name":"Anker","item":"https:\/\/mivoot.com\/gt\/marca\/anker\/"},{"@type":"ListItem","position":4,"name":"Aud\u00edfonos Bluetooth P40i Azul Anker Soundcore"}]},{"@type":"WebSite","@id":"https:\/\/mivoot.com\/gt\/#website","url":"https:\/\/mivoot.com\/gt\/","name":"Mivoot","description":"Mivoot Guatemala | Tienda Online","publisher":{"@id":"https:\/\/mivoot.com\/gt\/#organization"},"alternateName":"mivoot","potentialAction":[{"@type":"SearchAction","target":{"@type":"EntryPoint","urlTemplate":"https:\/\/mivoot.com\/gt\/?s={search_term_string}"},"query-input":{"@type":"PropertyValueSpecification","valueRequired":true,"valueName":"search_term_string"}}],"inLanguage":"es"},{"@type":"Organization","@id":"https:\/\/mivoot.com\/gt\/#organization","name":"Mivoot Guatemala","alternateName":"mivoot.com","url":"https:\/\/mivoot.com\/gt\/","logo":{"@type":"ImageObject","inLanguage":"es","@id":"https:\/\/mivoot.com\/gt\/#\/schema\/logo\/image\/","url":"https:\/\/mivoot.com\/gt\/wp-content\/uploads\/2023\/03\/cropped-icon.png","contentUrl":"https:\/\/mivoot.com\/gt\/wp-content\/uploads\/2023\/03\/cropped-icon.png","width":512,"height":512,"caption":"Mivoot Guatemala"},"image":{"@id":"https:\/\/mivoot.com\/gt\/#\/schema\/logo\/image\/"},"sameAs":["https:\/\/www.facebook.com\/mivootgt","https:\/\/instagram.com\/mivoot"]}]}},"jetpack_publicize_connections":[],"jetpack_sharing_enabled":true,"brands":[{"id":647,"name":"Anker","slug":"anker"},{"id":646,"name":"Soundcore","slug":"soundcore"}],"_links":{"self":[{"href":"https:\/\/mivoot.com\/gt\/wp-json\/wp\/v2\/product\/33789","targetHints":{"allow":["GET"]}}],"collection":[{"href":"https:\/\/mivoot.com\/gt\/wp-json\/wp\/v2\/product"}],"about":[{"href":"https:\/\/mivoot.com\/gt\/wp-json\/wp\/v2\/types\/product"}],"replies":[{"embeddable":true,"href":"https:\/\/mivoot.com\/gt\/wp-json\/wp\/v2\/comments?post=33789"}],"version-history":[{"count":1,"href":"https:\/\/mivoot.com\/gt\/wp-json\/wp\/v2\/product\/33789\/revisions"}],"predecessor-version":[{"id":33794,"href":"https:\/\/mivoot.com\/gt\/wp-json\/wp\/v2\/product\/33789\/revisions\/33794"}],"wp:featuredmedia":[{"embeddable":true,"href":"https:\/\/mivoot.com\/gt\/wp-json\/wp\/v2\/media\/33793"}],"wp:attachment":[{"href":"https:\/\/mivoot.com\/gt\/wp-json\/wp\/v2\/media?parent=33789"}],"wp:term":[{"taxonomy":"pwb-brand","embeddable":true,"href":"https:\/\/mivoot.com\/gt\/wp-json\/wp\/v2\/pwb-brand?post=33789"},{"taxonomy":"product_brand","embeddable":true,"href":"https:\/\/mivoot.com\/gt\/wp-json\/wp\/v2\/product_brand?post=33789"},{"taxonomy":"product_cat","embeddable":true,"href":"https:\/\/mivoot.com\/gt\/wp-json\/wp\/v2\/product_cat?post=33789"},{"taxonomy":"product_tag","embeddable":true,"href":"https:\/\/mivoot.com\/gt\/wp-json\/wp\/v2\/product_tag?post=33789"}],"curies":[{"name":"wp","href":"https:\/\/api.w.org\/{rel}","templated":true}]}}