{"id":33807,"date":"2026-05-09T15:25:05","date_gmt":"2026-05-09T21:25:05","guid":{"rendered":"https:\/\/mivoot.com\/gt\/?post_type=product&#038;p=33807"},"modified":"2026-05-09T15:30:35","modified_gmt":"2026-05-09T21:30:35","slug":"audifonos-bluetooth-anc-life-q30-negro-anker-soundcore","status":"publish","type":"product","link":"https:\/\/mivoot.com\/gt\/producto\/audifonos-bluetooth-anc-life-q30-negro-anker-soundcore\/","title":{"rendered":"Aud\u00edfonos Bluetooth ANC Life Q30 Negro Anker Soundcore"},"content":{"rendered":"<h1 style=\"text-align: center;\">Aud\u00edfonos Bluetooth ANC Life Q30 Negro Anker Soundcore<\/h1>\n<p><img decoding=\"async\" src=\"https:\/\/m.media-amazon.com\/images\/S\/aplus-media-library-service-media\/53848aa2-7b57-4229-8d2d-43e7c2a95917.__CR0,0,1464,600_PT0_SX1464_V1___.jpg\" alt=\"aplus content image\" \/><\/p>\n<ul class=\"a-unordered-list a-vertical a-spacing-mini\">\n<li class=\"a-spacing-mini\"><span class=\"a-list-item\">Tecnolog\u00eda de cancelaci\u00f3n de ruido avanzada: los cascos inal\u00e1mbricos bluetooth soundcore Q30 te ayudan a mantener la concentraci\u00f3n. los dos micr\u00f3fonos con detecci\u00f3n de ruido captan y filtran hasta el 95 % del sonido ambiental de baja frecuencia para que nada te distraiga de tu m\u00fasica.<\/span><\/li>\n<li class=\"a-spacing-mini\"><span class=\"a-list-item\">Experiencia de cancelaci\u00f3n de ruido \u00f3ptima: disfruta de una cancelaci\u00f3n de ruido personalizada con los 3 modos de los auriculares soundcore Q30. El modo Transporte minimiza el ruido de los motores del avi\u00f3n, el modo Exteriores reduce los ruidos del tr\u00e1fico y el viento y el modo Interiores amortigua los sonidos de las oficinas ajetreadas y las conversaciones de fondo.<\/span><\/li>\n<li class=\"a-spacing-mini\"><span class=\"a-list-item\">Nitidez mejorada en las llamadas: los cascos inal\u00e1mbricos bluetooth soundcore Q30 combinan 2 micr\u00f3fonos con un algoritmo de reducci\u00f3n de ruido para captar y mejorar tu voz de manera precisa, al tiempo que suprime otros ruidos para que disfrutes de llamadas m\u00e1s n\u00edtidas.<\/span><\/li>\n<\/ul>\n<p><img decoding=\"async\" src=\"https:\/\/m.media-amazon.com\/images\/S\/aplus-media-library-service-media\/8f8d7534-5002-45e4-b92f-8e5d53004135.__CR0,0,1464,600_PT0_SX1464_V1___.jpg\" alt=\"aplus content image\" \/><img decoding=\"async\" src=\"https:\/\/m.media-amazon.com\/images\/S\/aplus-media-library-service-media\/11f95052-b987-4846-b681-85fa81ea4cc4.__CR0,0,1464,600_PT0_SX1464_V1___.jpg\" alt=\"El texto dice \u00abApp para tu emprendimiento\u00bb en la parte inferior. Maqueta de la interfaz de la aplicaci\u00f3n m\u00f3vil que muestra la p\u00e1gina del producto de los auriculares con una combinaci\u00f3n de colores p\u00farpura y blanco.\" \/><img decoding=\"async\" src=\"https:\/\/m.media-amazon.com\/images\/S\/aplus-media-library-service-media\/638aaecb-36e5-46ac-9a14-7a26d7d9c9ba.__CR0,0,1464,600_PT0_SX1464_V1___.jpg\" alt=\"aplus content image\" \/><img decoding=\"async\" src=\"https:\/\/m.media-amazon.com\/images\/S\/aplus-media-library-service-media\/e0b7c24c-6419-4c22-9cba-aa5d6dc10334.__CR0,0,1464,600_PT0_SX1464_V1___.jpg\" alt=\"El texto dice \u00abMayor claridad en las llamadas\u00bb. Muestra a una persona con auriculares usando el tel\u00e9fono al aire libre con el fondo de la ciudad.\" \/><img decoding=\"async\" src=\"https:\/\/m.media-amazon.com\/images\/S\/aplus-media-library-service-media\/1a2f437f-3cfd-4bad-8b89-275528dfc3e3.__CR0,0,1464,600_PT0_SX1464_V1___.jpg\" alt=\"aplus content image\" \/><img decoding=\"async\" src=\"https:\/\/m.media-amazon.com\/images\/S\/aplus-media-library-service-media\/9fd6cb7e-ef7a-4b3a-81ba-79ed13ca5043.__CR0,0,1464,600_PT0_SX1464_V1___.jpg\" alt=\"El texto dice \u00abEeschuu solo mouse\u00bb. La ilustraci\u00f3n del producto muestra un dispositivo inal\u00e1mbrico negro con gr\u00e1ficos de ondas azules que indican el sonido o la conectividad.\" \/><img decoding=\"async\" src=\"https:\/\/m.media-amazon.com\/images\/S\/aplus-media-library-service-media\/416da4d5-889e-4b5f-94ef-a16ddea1b45e.__CR0,0,1464,600_PT0_SX1464_V1___.jpg\" alt=\"El texto dice \u00abImagen 2\u00bb. Los auriculares inal\u00e1mbricos negros se muestran con el texto num\u00e9rico \u00ab80\u00bb de color azul brillante y la \u00abH\u00bb al lado superpuesta en la imagen.\" \/><img decoding=\"async\" src=\"https:\/\/m.media-amazon.com\/images\/S\/aplus-media-library-service-media\/553aefa3-e55a-4dc5-8c8e-d01e7ae346f1.__CR0,0,1464,600_PT0_SX1464_V1___.jpg\" alt=\"Collage de productos que muestra los componentes de las c\u00e1maras de seguridad. El texto dice: \u00abResistencia a la corrosi\u00f3n\u00bb, \u00abTransmisi\u00f3n por cable estable\u00bb, \u00abDisipaci\u00f3n eficiente del calor\u00bb, \u00abResistente al agua y duradero\u00bb, \u00abIP67\u00bb, \u00abmediante cable Ethernet\u00bb, \u00abcarcasa met\u00e1lica blindada\u00bb.\" \/><img decoding=\"async\" src=\"https:\/\/m.media-amazon.com\/images\/S\/aplus-media-library-service-media\/7bf944fe-0a7b-4244-957a-5dfe23070e8a.__CR0,0,1464,600_PT0_SX1464_V1___.jpg\" alt=\"El texto muestra \u00abHola\u00bb en varios idiomas. Los auriculares inal\u00e1mbricos supraaurales negros se muestran sobre un fondo blanco con texto superpuesto en azul.\" \/><img decoding=\"async\" src=\"https:\/\/m.media-amazon.com\/images\/S\/aplus-media-library-service-media\/60122442-d99a-46d9-ba93-ffcd189b2151.__CR0,0,1464,600_PT0_SX1464_V1___.jpg\" alt=\"El texto dice \u00abQue hay en la caja\u00bb. La pantalla del producto muestra unos auriculares negros con funda de transporte y accesorios sobre un fondo blanco.\" \/><\/p>\n","protected":false},"excerpt":{"rendered":"<p>&#8211; Marca Soundcore (by Anker)<br \/>\n&#8211; Cancelaci\u00f3n de ruido H\u00edbrida, hasta 95% de reducci\u00f3n de ruido<br \/>\n&#8211; Microfono IA mejorada para llamadas claras<br \/>\n&#8211; Controladores Din\u00e1micos de 40 mm con tecnolog\u00eda BassUp<br \/>\n&#8211; Bateria Hasta 70 horas en modo normal<br \/>\n&#8211; Conectividad Bluetooth 5.3<br \/>\n&#8211; Controles T\u00e1ctiles con activaci\u00f3n\/desactivaci\u00f3n y avisos por voz<br \/>\n&#8211; Compatibilidad Dispositivos con Bluetooth<br \/>\n&#8211; Funciones desde la app Apagado autom\u00e1tico, avisos por voz, control de gestos t\u00e1ctiles<\/p>\n","protected":false},"featured_media":33809,"comment_status":"open","ping_status":"closed","template":"","meta":{"jetpack_publicize_message":"","jetpack_publicize_feature_enabled":true,"jetpack_social_post_already_shared":true,"jetpack_social_options":{"image_generator_settings":{"template":"highway","default_image_id":0,"font":"","enabled":false},"version":2}},"pwb-brand":[646],"product_brand":[],"product_cat":[23],"product_tag":[],"class_list":{"0":"post-33807","1":"product","2":"type-product","3":"status-publish","4":"has-post-thumbnail","6":"pwb-brand-soundcore","7":"product_cat-audifonos-bluetooth","9":"first","10":"instock","11":"taxable","12":"shipping-taxable","13":"product-type-simple"},"yoast_head":"<!-- This site is optimized with the Yoast SEO Premium plugin v25.7.1 (Yoast SEO v26.8) - https:\/\/yoast.com\/product\/yoast-seo-premium-wordpress\/ -->\n<title>Aud\u00edfonos Bluetooth ANC Life Q30 Negro Anker Soundcore - Mivoot<\/title>\n<meta name=\"robots\" content=\"index, follow, max-snippet:-1, max-image-preview:large, max-video-preview:-1\" \/>\n<link rel=\"canonical\" href=\"https:\/\/mivoot.com\/gt\/producto\/audifonos-bluetooth-anc-life-q30-negro-anker-soundcore\/\" \/>\n<meta property=\"og:locale\" content=\"es_ES\" \/>\n<meta property=\"og:type\" content=\"article\" \/>\n<meta property=\"og:title\" content=\"Aud\u00edfonos Bluetooth ANC Life Q30 Negro Anker Soundcore\" \/>\n<meta property=\"og:description\" content=\"- Marca Soundcore (by Anker) - Cancelaci\u00f3n de ruido H\u00edbrida, hasta 95% de reducci\u00f3n de ruido - Microfono IA mejorada para llamadas claras - Controladores Din\u00e1micos de 40 mm con tecnolog\u00eda BassUp - Bateria Hasta 70 horas en modo normal - Conectividad Bluetooth 5.3 - Controles T\u00e1ctiles con activaci\u00f3n\/desactivaci\u00f3n y avisos por voz - Compatibilidad Dispositivos con Bluetooth - Funciones desde la app Apagado autom\u00e1tico, avisos por voz, control de gestos t\u00e1ctiles\" \/>\n<meta property=\"og:url\" content=\"https:\/\/mivoot.com\/gt\/producto\/audifonos-bluetooth-anc-life-q30-negro-anker-soundcore\/\" \/>\n<meta property=\"og:site_name\" content=\"Mivoot\" \/>\n<meta property=\"article:publisher\" content=\"https:\/\/www.facebook.com\/mivootgt\" \/>\n<meta property=\"article:modified_time\" content=\"2026-05-09T21:30:35+00:00\" \/>\n<meta property=\"og:image\" content=\"https:\/\/mivoot.com\/gt\/wp-content\/uploads\/2026\/05\/1028931-main.jpg\" \/>\n\t<meta property=\"og:image:width\" content=\"1000\" \/>\n\t<meta property=\"og:image:height\" content=\"1000\" \/>\n\t<meta property=\"og:image:type\" content=\"image\/jpeg\" \/>\n<meta name=\"twitter:card\" content=\"summary_large_image\" \/>\n<meta name=\"twitter:label1\" content=\"Est. reading time\" \/>\n\t<meta name=\"twitter:data1\" content=\"4 minutos\" \/>\n<script type=\"application\/ld+json\" class=\"yoast-schema-graph\">{\"@context\":\"https:\/\/schema.org\",\"@graph\":[{\"@type\":\"WebPage\",\"@id\":\"https:\/\/mivoot.com\/gt\/producto\/audifonos-bluetooth-anc-life-q30-negro-anker-soundcore\/\",\"url\":\"https:\/\/mivoot.com\/gt\/producto\/audifonos-bluetooth-anc-life-q30-negro-anker-soundcore\/\",\"name\":\"Aud\u00edfonos Bluetooth ANC Life Q30 Negro Anker Soundcore - Mivoot\",\"isPartOf\":{\"@id\":\"https:\/\/mivoot.com\/gt\/#website\"},\"primaryImageOfPage\":{\"@id\":\"https:\/\/mivoot.com\/gt\/producto\/audifonos-bluetooth-anc-life-q30-negro-anker-soundcore\/#primaryimage\"},\"image\":{\"@id\":\"https:\/\/mivoot.com\/gt\/producto\/audifonos-bluetooth-anc-life-q30-negro-anker-soundcore\/#primaryimage\"},\"thumbnailUrl\":\"https:\/\/mivoot.com\/gt\/wp-content\/uploads\/2026\/05\/1028931-main.jpg\",\"datePublished\":\"2026-05-09T21:25:05+00:00\",\"dateModified\":\"2026-05-09T21:30:35+00:00\",\"breadcrumb\":{\"@id\":\"https:\/\/mivoot.com\/gt\/producto\/audifonos-bluetooth-anc-life-q30-negro-anker-soundcore\/#breadcrumb\"},\"inLanguage\":\"es\",\"potentialAction\":[{\"@type\":\"ReadAction\",\"target\":[\"https:\/\/mivoot.com\/gt\/producto\/audifonos-bluetooth-anc-life-q30-negro-anker-soundcore\/\"]}]},{\"@type\":\"ImageObject\",\"inLanguage\":\"es\",\"@id\":\"https:\/\/mivoot.com\/gt\/producto\/audifonos-bluetooth-anc-life-q30-negro-anker-soundcore\/#primaryimage\",\"url\":\"https:\/\/mivoot.com\/gt\/wp-content\/uploads\/2026\/05\/1028931-main.jpg\",\"contentUrl\":\"https:\/\/mivoot.com\/gt\/wp-content\/uploads\/2026\/05\/1028931-main.jpg\",\"width\":1000,\"height\":1000},{\"@type\":\"BreadcrumbList\",\"@id\":\"https:\/\/mivoot.com\/gt\/producto\/audifonos-bluetooth-anc-life-q30-negro-anker-soundcore\/#breadcrumb\",\"itemListElement\":[{\"@type\":\"ListItem\",\"position\":1,\"name\":\"Inicio\",\"item\":\"https:\/\/mivoot.com\/gt\/\"},{\"@type\":\"ListItem\",\"position\":2,\"name\":\"Productos\",\"item\":\"https:\/\/mivoot.com\/gt\/producto\/\"},{\"@type\":\"ListItem\",\"position\":3,\"name\":\"Soundcore\",\"item\":\"https:\/\/mivoot.com\/gt\/marca\/soundcore\/\"},{\"@type\":\"ListItem\",\"position\":4,\"name\":\"Aud\u00edfonos Bluetooth ANC Life Q30 Negro Anker Soundcore\"}]},{\"@type\":\"WebSite\",\"@id\":\"https:\/\/mivoot.com\/gt\/#website\",\"url\":\"https:\/\/mivoot.com\/gt\/\",\"name\":\"Mivoot\",\"description\":\"Mivoot Guatemala | Tienda Online\",\"publisher\":{\"@id\":\"https:\/\/mivoot.com\/gt\/#organization\"},\"alternateName\":\"mivoot\",\"potentialAction\":[{\"@type\":\"SearchAction\",\"target\":{\"@type\":\"EntryPoint\",\"urlTemplate\":\"https:\/\/mivoot.com\/gt\/?s={search_term_string}\"},\"query-input\":{\"@type\":\"PropertyValueSpecification\",\"valueRequired\":true,\"valueName\":\"search_term_string\"}}],\"inLanguage\":\"es\"},{\"@type\":\"Organization\",\"@id\":\"https:\/\/mivoot.com\/gt\/#organization\",\"name\":\"Mivoot Guatemala\",\"alternateName\":\"mivoot.com\",\"url\":\"https:\/\/mivoot.com\/gt\/\",\"logo\":{\"@type\":\"ImageObject\",\"inLanguage\":\"es\",\"@id\":\"https:\/\/mivoot.com\/gt\/#\/schema\/logo\/image\/\",\"url\":\"https:\/\/mivoot.com\/gt\/wp-content\/uploads\/2023\/03\/cropped-icon.png\",\"contentUrl\":\"https:\/\/mivoot.com\/gt\/wp-content\/uploads\/2023\/03\/cropped-icon.png\",\"width\":512,\"height\":512,\"caption\":\"Mivoot Guatemala\"},\"image\":{\"@id\":\"https:\/\/mivoot.com\/gt\/#\/schema\/logo\/image\/\"},\"sameAs\":[\"https:\/\/www.facebook.com\/mivootgt\",\"https:\/\/instagram.com\/mivoot\"]}]}<\/script>\n<!-- \/ Yoast SEO Premium plugin. -->","yoast_head_json":{"title":"Aud\u00edfonos Bluetooth ANC Life Q30 Negro Anker Soundcore - Mivoot","robots":{"index":"index","follow":"follow","max-snippet":"max-snippet:-1","max-image-preview":"max-image-preview:large","max-video-preview":"max-video-preview:-1"},"canonical":"https:\/\/mivoot.com\/gt\/producto\/audifonos-bluetooth-anc-life-q30-negro-anker-soundcore\/","og_locale":"es_ES","og_type":"article","og_title":"Aud\u00edfonos Bluetooth ANC Life Q30 Negro Anker Soundcore","og_description":"- Marca Soundcore (by Anker) - Cancelaci\u00f3n de ruido H\u00edbrida, hasta 95% de reducci\u00f3n de ruido - Microfono IA mejorada para llamadas claras - Controladores Din\u00e1micos de 40 mm con tecnolog\u00eda BassUp - Bateria Hasta 70 horas en modo normal - Conectividad Bluetooth 5.3 - Controles T\u00e1ctiles con activaci\u00f3n\/desactivaci\u00f3n y avisos por voz - Compatibilidad Dispositivos con Bluetooth - Funciones desde la app Apagado autom\u00e1tico, avisos por voz, control de gestos t\u00e1ctiles","og_url":"https:\/\/mivoot.com\/gt\/producto\/audifonos-bluetooth-anc-life-q30-negro-anker-soundcore\/","og_site_name":"Mivoot","article_publisher":"https:\/\/www.facebook.com\/mivootgt","article_modified_time":"2026-05-09T21:30:35+00:00","og_image":[{"width":1000,"height":1000,"url":"https:\/\/mivoot.com\/gt\/wp-content\/uploads\/2026\/05\/1028931-main.jpg","type":"image\/jpeg"}],"twitter_card":"summary_large_image","twitter_misc":{"Est. reading time":"4 minutos"},"schema":{"@context":"https:\/\/schema.org","@graph":[{"@type":"WebPage","@id":"https:\/\/mivoot.com\/gt\/producto\/audifonos-bluetooth-anc-life-q30-negro-anker-soundcore\/","url":"https:\/\/mivoot.com\/gt\/producto\/audifonos-bluetooth-anc-life-q30-negro-anker-soundcore\/","name":"Aud\u00edfonos Bluetooth ANC Life Q30 Negro Anker Soundcore - Mivoot","isPartOf":{"@id":"https:\/\/mivoot.com\/gt\/#website"},"primaryImageOfPage":{"@id":"https:\/\/mivoot.com\/gt\/producto\/audifonos-bluetooth-anc-life-q30-negro-anker-soundcore\/#primaryimage"},"image":{"@id":"https:\/\/mivoot.com\/gt\/producto\/audifonos-bluetooth-anc-life-q30-negro-anker-soundcore\/#primaryimage"},"thumbnailUrl":"https:\/\/mivoot.com\/gt\/wp-content\/uploads\/2026\/05\/1028931-main.jpg","datePublished":"2026-05-09T21:25:05+00:00","dateModified":"2026-05-09T21:30:35+00:00","breadcrumb":{"@id":"https:\/\/mivoot.com\/gt\/producto\/audifonos-bluetooth-anc-life-q30-negro-anker-soundcore\/#breadcrumb"},"inLanguage":"es","potentialAction":[{"@type":"ReadAction","target":["https:\/\/mivoot.com\/gt\/producto\/audifonos-bluetooth-anc-life-q30-negro-anker-soundcore\/"]}]},{"@type":"ImageObject","inLanguage":"es","@id":"https:\/\/mivoot.com\/gt\/producto\/audifonos-bluetooth-anc-life-q30-negro-anker-soundcore\/#primaryimage","url":"https:\/\/mivoot.com\/gt\/wp-content\/uploads\/2026\/05\/1028931-main.jpg","contentUrl":"https:\/\/mivoot.com\/gt\/wp-content\/uploads\/2026\/05\/1028931-main.jpg","width":1000,"height":1000},{"@type":"BreadcrumbList","@id":"https:\/\/mivoot.com\/gt\/producto\/audifonos-bluetooth-anc-life-q30-negro-anker-soundcore\/#breadcrumb","itemListElement":[{"@type":"ListItem","position":1,"name":"Inicio","item":"https:\/\/mivoot.com\/gt\/"},{"@type":"ListItem","position":2,"name":"Productos","item":"https:\/\/mivoot.com\/gt\/producto\/"},{"@type":"ListItem","position":3,"name":"Soundcore","item":"https:\/\/mivoot.com\/gt\/marca\/soundcore\/"},{"@type":"ListItem","position":4,"name":"Aud\u00edfonos Bluetooth ANC Life Q30 Negro Anker Soundcore"}]},{"@type":"WebSite","@id":"https:\/\/mivoot.com\/gt\/#website","url":"https:\/\/mivoot.com\/gt\/","name":"Mivoot","description":"Mivoot Guatemala | Tienda Online","publisher":{"@id":"https:\/\/mivoot.com\/gt\/#organization"},"alternateName":"mivoot","potentialAction":[{"@type":"SearchAction","target":{"@type":"EntryPoint","urlTemplate":"https:\/\/mivoot.com\/gt\/?s={search_term_string}"},"query-input":{"@type":"PropertyValueSpecification","valueRequired":true,"valueName":"search_term_string"}}],"inLanguage":"es"},{"@type":"Organization","@id":"https:\/\/mivoot.com\/gt\/#organization","name":"Mivoot Guatemala","alternateName":"mivoot.com","url":"https:\/\/mivoot.com\/gt\/","logo":{"@type":"ImageObject","inLanguage":"es","@id":"https:\/\/mivoot.com\/gt\/#\/schema\/logo\/image\/","url":"https:\/\/mivoot.com\/gt\/wp-content\/uploads\/2023\/03\/cropped-icon.png","contentUrl":"https:\/\/mivoot.com\/gt\/wp-content\/uploads\/2023\/03\/cropped-icon.png","width":512,"height":512,"caption":"Mivoot Guatemala"},"image":{"@id":"https:\/\/mivoot.com\/gt\/#\/schema\/logo\/image\/"},"sameAs":["https:\/\/www.facebook.com\/mivootgt","https:\/\/instagram.com\/mivoot"]}]}},"jetpack_publicize_connections":[],"jetpack_sharing_enabled":true,"brands":[{"id":646,"name":"Soundcore","slug":"soundcore"}],"_links":{"self":[{"href":"https:\/\/mivoot.com\/gt\/wp-json\/wp\/v2\/product\/33807","targetHints":{"allow":["GET"]}}],"collection":[{"href":"https:\/\/mivoot.com\/gt\/wp-json\/wp\/v2\/product"}],"about":[{"href":"https:\/\/mivoot.com\/gt\/wp-json\/wp\/v2\/types\/product"}],"replies":[{"embeddable":true,"href":"https:\/\/mivoot.com\/gt\/wp-json\/wp\/v2\/comments?post=33807"}],"version-history":[{"count":1,"href":"https:\/\/mivoot.com\/gt\/wp-json\/wp\/v2\/product\/33807\/revisions"}],"predecessor-version":[{"id":33812,"href":"https:\/\/mivoot.com\/gt\/wp-json\/wp\/v2\/product\/33807\/revisions\/33812"}],"wp:featuredmedia":[{"embeddable":true,"href":"https:\/\/mivoot.com\/gt\/wp-json\/wp\/v2\/media\/33809"}],"wp:attachment":[{"href":"https:\/\/mivoot.com\/gt\/wp-json\/wp\/v2\/media?parent=33807"}],"wp:term":[{"taxonomy":"pwb-brand","embeddable":true,"href":"https:\/\/mivoot.com\/gt\/wp-json\/wp\/v2\/pwb-brand?post=33807"},{"taxonomy":"product_brand","embeddable":true,"href":"https:\/\/mivoot.com\/gt\/wp-json\/wp\/v2\/product_brand?post=33807"},{"taxonomy":"product_cat","embeddable":true,"href":"https:\/\/mivoot.com\/gt\/wp-json\/wp\/v2\/product_cat?post=33807"},{"taxonomy":"product_tag","embeddable":true,"href":"https:\/\/mivoot.com\/gt\/wp-json\/wp\/v2\/product_tag?post=33807"}],"curies":[{"name":"wp","href":"https:\/\/api.w.org\/{rel}","templated":true}]}}