{"id":33813,"date":"2026-05-09T15:43:52","date_gmt":"2026-05-09T21:43:52","guid":{"rendered":"https:\/\/mivoot.com\/gt\/?post_type=product&#038;p=33813"},"modified":"2026-05-09T15:43:52","modified_gmt":"2026-05-09T21:43:52","slug":"audifonos-deportivos-bluetooth-ai-assistant-aerofit-2-anker-soundcore","status":"publish","type":"product","link":"https:\/\/mivoot.com\/gt\/producto\/audifonos-deportivos-bluetooth-ai-assistant-aerofit-2-anker-soundcore\/","title":{"rendered":"Aud\u00edfonos Deportivos Bluetooth AI Assistant AeroFit 2 Anker Soundcore"},"content":{"rendered":"<h1 style=\"text-align: center;\">Aud\u00edfonos Deportivos Bluetooth AI Assistant AeroFit 2 Anker Soundcore<\/h1>\n<ul class=\"a-unordered-list a-vertical a-spacing-mini\">\n<li class=\"a-spacing-mini\"><span class=\"a-list-item\">Ajusta los ganchos para las orejas y accede f\u00e1cilmente a los modos Open-Ear y cancelaci\u00f3n activa del ruido. Tanto si lo utilizas para hacer ejercicio como para ir al trabajo, AeroFit 2 Pro se adapta perfectamente a cada momento del d\u00eda.<\/span><\/li>\n<li class=\"a-spacing-mini\"><span class=\"a-list-item\">Mant\u00e9n la comodidad durante todo el d\u00eda gracias al dise\u00f1o abierto que permite que tus o\u00eddos respiren. Los ganchos para las orejas de silicona l\u00edquida, agradables para la piel, garantizan un ajuste suave y sin presi\u00f3n.<\/span><\/li>\n<li class=\"a-spacing-mini\"><span class=\"a-list-item\">Se oye bien en entornos ruidosos. Estos auriculares reducen eficazmente el ruido de fondo para que puedas disfrutar de una escucha clara y privada, tanto si est\u00e1s en una calle concurrida como en una estaci\u00f3n de metro ruidosa.<\/span><\/li>\n<li class=\"a-spacing-mini\"><span class=\"a-list-item\">Sum\u00e9rgete en un sonido con calidad de estudio gracias a los controladores compuestos de 11,8 mm, el audio de alta resoluci\u00f3n y la tecnolog\u00eda LDAC. Con el seguimiento din\u00e1mico de la cabeza, el sonido se mueve a tu alrededor, lo que te ofrece una experiencia v\u00edvida, similar a la de un cine.<\/span><\/li>\n<\/ul>\n<p><img decoding=\"async\" src=\"https:\/\/m.media-amazon.com\/images\/S\/aplus-media-library-service-media\/a1d87d09-1670-4cb9-beba-7b50bb7e1ada.__CR0,0,1464,600_PT0_SX1464_V1___.png\" alt=\"aplus content image\" \/><\/p>\n<h4 class=\"h5 mb-tight\"><span dir=\"auto\">Informaci\u00f3n del producto:<\/span><\/h4>\n<ul>\n<li><span dir=\"auto\">Auriculares 100% inal\u00e1mbricos con dise\u00f1o &#8220;abierto&#8221;.<\/span><\/li>\n<li><span dir=\"auto\">El asistente de voz con inteligencia artificial incluye traducci\u00f3n en tiempo real.<\/span>\n<ul>\n<li><span dir=\"auto\">Requiere la aplicaci\u00f3n Soundcore, descarga gratuita para dispositivos Apple\u00ae y Android\u2122.<\/span><\/li>\n<li><span dir=\"auto\">Traducci\u00f3n bidireccional compatible con 100 idiomas.<\/span><\/li>\n<li><span dir=\"auto\">Di &#8220;Hola Anka&#8221; para iniciar el comando de voz y activar el asistente.<\/span><\/li>\n<\/ul>\n<\/li>\n<li><span dir=\"auto\">Bluetooth 5.4 para escuchar m\u00fasica de forma inal\u00e1mbrica y realizar llamadas telef\u00f3nicas.<\/span>\n<ul>\n<li><span dir=\"auto\">La decodificaci\u00f3n LDAC y AAC proporciona transmisi\u00f3n de m\u00fasica de alta calidad desde dispositivos compatibles.<\/span><\/li>\n<li><span dir=\"auto\">Conexi\u00f3n multipunto para emparejar dos dispositivos a la vez.<\/span><\/li>\n<\/ul>\n<\/li>\n<li><span dir=\"auto\">Drivers din\u00e1micos de 20 mm x 11,5 mm para un sonido claro y con baja distorsi\u00f3n.<\/span>\n<ul>\n<li><span dir=\"auto\">Conductor de &#8220;coche de carreras&#8221; rectangular dise\u00f1ado para funcionar dentro de una carcasa al aire libre<\/span><\/li>\n<\/ul>\n<\/li>\n<li><span dir=\"auto\">La c\u00e1mara ac\u00fastica &#8220;BassTurbo&#8221; con forma de reloj de arena ayuda a reforzar los graves.<\/span><\/li>\n<\/ul>\n<h5><span dir=\"auto\">Dise\u00f1ado para uso activo:<\/span><\/h5>\n<ul>\n<li><span dir=\"auto\">Los ganchos para las orejas, suaves y flexibles, mantienen los auriculares seguros durante el ejercicio.<\/span>\n<ul>\n<li><span dir=\"auto\">Dise\u00f1o ajustable para un ajuste personalizado con alivio de presi\u00f3n.<\/span><\/li>\n<\/ul>\n<\/li>\n<li><span dir=\"auto\">Dise\u00f1o de &#8220;orejas abiertas&#8221; para una mejor percepci\u00f3n del entorno.<\/span>\n<ul>\n<li><span dir=\"auto\">Los auriculares se colocan fuera de la oreja para una mejor percepci\u00f3n del entorno.<\/span><\/li>\n<li><span dir=\"auto\">agradable superficie de &#8220;doble curvatura&#8221; donde los auriculares entran en contacto con la piel<\/span><\/li>\n<\/ul>\n<\/li>\n<li><span dir=\"auto\">Dise\u00f1o resistente al agua con clasificaci\u00f3n IPX55<\/span><\/li>\n<\/ul>\n<p><img decoding=\"async\" src=\"https:\/\/m.media-amazon.com\/images\/S\/aplus-media-library-service-media\/d941a6a3-6887-49ad-b5d1-75d7450a25a8.__CR0,0,1464,600_PT0_SX1464_V1___.png\" alt=\"aplus content image\" \/><img decoding=\"async\" src=\"https:\/\/m.media-amazon.com\/images\/S\/aplus-media-library-service-media\/a6a5b34b-dfa1-4082-81b4-61604bca195f.__CR0,0,1464,600_PT0_SX1464_V1___.png\" alt=\"aplus content image\" \/><img decoding=\"async\" src=\"https:\/\/m.media-amazon.com\/images\/S\/aplus-media-library-service-media\/1f9d4274-adb8-4ae9-b726-88b9d81c1ec8.__CR0,0,1464,600_PT0_SX1464_V1___.png\" alt=\"El texto dice \u00abf\u00e1cil cambio entre dos modos\u00bb. Los auriculares supraaurales negros se muestran desde un \u00e1ngulo lateral con indicadores de modo circular que muestran diferentes ajustes o funciones.\" \/><img decoding=\"async\" src=\"https:\/\/m.media-amazon.com\/images\/S\/aplus-media-library-service-media\/8c1b8ac0-784e-45c2-9d07-93f204167aeb.__CR0,0,1464,600_PT0_SX1464_V1___.jpg\" alt=\"Fotos del producto que muestran auriculares inal\u00e1mbricos negros desde varios \u00e1ngulos, mostrando los detalles del dise\u00f1o de los auriculares y la diadema.\" \/><img decoding=\"async\" src=\"https:\/\/m.media-amazon.com\/images\/S\/aplus-media-library-service-media\/5901224a-1d77-4004-a1ac-4205d836e1f0.__CR0,0,1464,600_PT0_SX1464_V1___.png\" alt=\"aplus content image\" \/><img decoding=\"async\" src=\"https:\/\/m.media-amazon.com\/images\/S\/aplus-media-library-service-media\/8acd0727-fce6-4abb-8a98-83886ff68534.__CR0,0,1464,600_PT0_SX1464_V1___.png\" alt=\"aplus content image\" \/><img decoding=\"async\" src=\"https:\/\/m.media-amazon.com\/images\/S\/aplus-media-library-service-media\/ae11a8f0-cf8e-4733-acf4-cdab353e2cea.__CR0,0,1464,600_PT0_SX1464_V1___.png\" alt=\"aplus content image\" \/><img decoding=\"async\" src=\"https:\/\/m.media-amazon.com\/images\/S\/aplus-media-library-service-media\/03b4ff81-b5f4-405a-ae98-b90f0522d021.__CR0,0,1464,600_PT0_SX1464_V1___.png\" alt=\"aplus content image\" \/><img decoding=\"async\" src=\"https:\/\/m.media-amazon.com\/images\/S\/aplus-media-library-service-media\/771c36ca-ada5-4ec0-bb85-62beced1c7db.__CR0,0,1464,600_PT0_SX1464_V1___.png\" alt=\"El texto dice \u00abImpossibles todo el sonido a tu favor\u00bb. Los calcetines negros se muestran con un patr\u00f3n de punto texturizado y detalles de forma curva.\" \/><img decoding=\"async\" src=\"https:\/\/m.media-amazon.com\/images\/S\/aplus-media-library-service-media\/1dcdb12d-cc0f-41f8-80ec-f5b6ef8e4e80.__CR0,0,1464,600_PT0_SX1464_V1___.png\" alt=\"aplus content image\" \/><img decoding=\"async\" src=\"https:\/\/m.media-amazon.com\/images\/S\/aplus-media-library-service-media\/0f8c43d8-ece5-4487-bcfa-4bcf82157bd8.__CR0,0,1464,600_PT0_SX1464_V1___.png\" alt=\"El texto dice \u00abCancelaci\u00f3n de ruido inteligente\u00bb. Auriculares\/auriculares inal\u00e1mbricos negros con dise\u00f1o de banda para el cuello que se muestran sobre un fondo gris claro. Dispositivo de audio con funci\u00f3n de cancelaci\u00f3n inteligente de ruido.\" \/><img decoding=\"async\" src=\"https:\/\/m.media-amazon.com\/images\/S\/aplus-media-library-service-media\/0d9e8ee2-6ab2-4dec-b825-0f5604f05739.__CR0,0,1464,600_PT0_SX1464_V1___.png\" alt=\"aplus content image\" \/><img decoding=\"async\" src=\"https:\/\/m.media-amazon.com\/images\/S\/aplus-media-library-service-media\/95c53b30-66b5-4bcb-b2f9-b8eaddfbb3be.__CR0,0,1464,600_PT0_SX1464_V1___.png\" alt=\"aplus content image\" \/><img decoding=\"async\" src=\"https:\/\/m.media-amazon.com\/images\/S\/aplus-media-library-service-media\/1b3495a4-0e36-4924-ad49-1739bc10638b.__CR0,0,1464,600_PT0_SX1464_V1___.png\" alt=\"aplus content image\" \/><img decoding=\"async\" src=\"https:\/\/m.media-amazon.com\/images\/S\/aplus-media-library-service-media\/582d77b7-851a-49df-bc52-6313447808e2.__CR0,0,1464,600_PT0_SX1464_V1___.png\" alt=\"aplus content image\" \/><img decoding=\"async\" src=\"https:\/\/m.media-amazon.com\/images\/S\/aplus-media-library-service-media\/24d56f7f-88ad-4f6f-b197-17e8229af5e3.__CR0,0,1464,600_PT0_SX1464_V1___.jpg\" alt=\"aplus content image\" \/><\/p>\n","protected":false},"excerpt":{"rendered":"<p>Aud\u00edfonos Deportivos Bluetooth AI Assistant AeroFit 2 Anker Soundcore Ajusta los ganchos para las orejas y accede f\u00e1cilmente a los modos Open-Ear y cancelaci\u00f3n activa del ruido. Tanto si lo utilizas para hacer ejercicio como para ir al trabajo, AeroFit 2 Pro se adapta perfectamente a cada momento del d\u00eda. Mant\u00e9n la comodidad durante todo [&#8230;]\n","protected":false},"featured_media":33815,"comment_status":"open","ping_status":"closed","template":"","meta":{"jetpack_publicize_message":"","jetpack_publicize_feature_enabled":true,"jetpack_social_post_already_shared":true,"jetpack_social_options":{"image_generator_settings":{"template":"highway","default_image_id":0,"font":"","enabled":false},"version":2}},"pwb-brand":[647,646],"product_brand":[],"product_cat":[23],"product_tag":[],"class_list":{"0":"post-33813","1":"product","2":"type-product","3":"status-publish","4":"has-post-thumbnail","6":"pwb-brand-anker","7":"pwb-brand-soundcore","8":"product_cat-audifonos-bluetooth","10":"first","11":"instock","12":"taxable","13":"shipping-taxable","14":"product-type-simple"},"yoast_head":"<!-- This site is optimized with the Yoast SEO Premium plugin v25.7.1 (Yoast SEO v26.8) - https:\/\/yoast.com\/product\/yoast-seo-premium-wordpress\/ -->\n<title>Aud\u00edfonos Deportivos Bluetooth AI Assistant AeroFit 2 Anker Soundcore - Mivoot<\/title>\n<meta name=\"robots\" content=\"index, follow, max-snippet:-1, max-image-preview:large, max-video-preview:-1\" \/>\n<link rel=\"canonical\" href=\"https:\/\/mivoot.com\/gt\/producto\/audifonos-deportivos-bluetooth-ai-assistant-aerofit-2-anker-soundcore\/\" \/>\n<meta property=\"og:locale\" content=\"es_ES\" \/>\n<meta property=\"og:type\" content=\"article\" \/>\n<meta property=\"og:title\" content=\"Aud\u00edfonos Deportivos Bluetooth AI Assistant AeroFit 2 Anker Soundcore\" \/>\n<meta property=\"og:description\" content=\"Aud\u00edfonos Deportivos Bluetooth AI Assistant AeroFit 2 Anker Soundcore Ajusta los ganchos para las orejas y accede f\u00e1cilmente a los modos Open-Ear y cancelaci\u00f3n activa del ruido. Tanto si lo utilizas para hacer ejercicio como para ir al trabajo, AeroFit 2 Pro se adapta perfectamente a cada momento del d\u00eda. Mant\u00e9n la comodidad durante todo [...]\" \/>\n<meta property=\"og:url\" content=\"https:\/\/mivoot.com\/gt\/producto\/audifonos-deportivos-bluetooth-ai-assistant-aerofit-2-anker-soundcore\/\" \/>\n<meta property=\"og:site_name\" content=\"Mivoot\" \/>\n<meta property=\"article:publisher\" content=\"https:\/\/www.facebook.com\/mivootgt\" \/>\n<meta property=\"og:image\" content=\"https:\/\/mivoot.com\/gt\/wp-content\/uploads\/2026\/05\/aerofit2.jpg\" \/>\n\t<meta property=\"og:image:width\" content=\"225\" \/>\n\t<meta property=\"og:image:height\" content=\"225\" \/>\n\t<meta property=\"og:image:type\" content=\"image\/jpeg\" \/>\n<meta name=\"twitter:card\" content=\"summary_large_image\" \/>\n<meta name=\"twitter:label1\" content=\"Est. reading time\" \/>\n\t<meta name=\"twitter:data1\" content=\"6 minutos\" \/>\n<script type=\"application\/ld+json\" class=\"yoast-schema-graph\">{\"@context\":\"https:\/\/schema.org\",\"@graph\":[{\"@type\":\"WebPage\",\"@id\":\"https:\/\/mivoot.com\/gt\/producto\/audifonos-deportivos-bluetooth-ai-assistant-aerofit-2-anker-soundcore\/\",\"url\":\"https:\/\/mivoot.com\/gt\/producto\/audifonos-deportivos-bluetooth-ai-assistant-aerofit-2-anker-soundcore\/\",\"name\":\"Aud\u00edfonos Deportivos Bluetooth AI Assistant AeroFit 2 Anker Soundcore - Mivoot\",\"isPartOf\":{\"@id\":\"https:\/\/mivoot.com\/gt\/#website\"},\"primaryImageOfPage\":{\"@id\":\"https:\/\/mivoot.com\/gt\/producto\/audifonos-deportivos-bluetooth-ai-assistant-aerofit-2-anker-soundcore\/#primaryimage\"},\"image\":{\"@id\":\"https:\/\/mivoot.com\/gt\/producto\/audifonos-deportivos-bluetooth-ai-assistant-aerofit-2-anker-soundcore\/#primaryimage\"},\"thumbnailUrl\":\"https:\/\/mivoot.com\/gt\/wp-content\/uploads\/2026\/05\/aerofit2.jpg\",\"datePublished\":\"2026-05-09T21:43:52+00:00\",\"breadcrumb\":{\"@id\":\"https:\/\/mivoot.com\/gt\/producto\/audifonos-deportivos-bluetooth-ai-assistant-aerofit-2-anker-soundcore\/#breadcrumb\"},\"inLanguage\":\"es\",\"potentialAction\":[{\"@type\":\"ReadAction\",\"target\":[\"https:\/\/mivoot.com\/gt\/producto\/audifonos-deportivos-bluetooth-ai-assistant-aerofit-2-anker-soundcore\/\"]}]},{\"@type\":\"ImageObject\",\"inLanguage\":\"es\",\"@id\":\"https:\/\/mivoot.com\/gt\/producto\/audifonos-deportivos-bluetooth-ai-assistant-aerofit-2-anker-soundcore\/#primaryimage\",\"url\":\"https:\/\/mivoot.com\/gt\/wp-content\/uploads\/2026\/05\/aerofit2.jpg\",\"contentUrl\":\"https:\/\/mivoot.com\/gt\/wp-content\/uploads\/2026\/05\/aerofit2.jpg\",\"width\":225,\"height\":225},{\"@type\":\"BreadcrumbList\",\"@id\":\"https:\/\/mivoot.com\/gt\/producto\/audifonos-deportivos-bluetooth-ai-assistant-aerofit-2-anker-soundcore\/#breadcrumb\",\"itemListElement\":[{\"@type\":\"ListItem\",\"position\":1,\"name\":\"Inicio\",\"item\":\"https:\/\/mivoot.com\/gt\/\"},{\"@type\":\"ListItem\",\"position\":2,\"name\":\"Productos\",\"item\":\"https:\/\/mivoot.com\/gt\/producto\/\"},{\"@type\":\"ListItem\",\"position\":3,\"name\":\"Soundcore\",\"item\":\"https:\/\/mivoot.com\/gt\/marca\/soundcore\/\"},{\"@type\":\"ListItem\",\"position\":4,\"name\":\"Aud\u00edfonos Deportivos Bluetooth AI Assistant AeroFit 2 Anker Soundcore\"}]},{\"@type\":\"WebSite\",\"@id\":\"https:\/\/mivoot.com\/gt\/#website\",\"url\":\"https:\/\/mivoot.com\/gt\/\",\"name\":\"Mivoot\",\"description\":\"Mivoot Guatemala | Tienda Online\",\"publisher\":{\"@id\":\"https:\/\/mivoot.com\/gt\/#organization\"},\"alternateName\":\"mivoot\",\"potentialAction\":[{\"@type\":\"SearchAction\",\"target\":{\"@type\":\"EntryPoint\",\"urlTemplate\":\"https:\/\/mivoot.com\/gt\/?s={search_term_string}\"},\"query-input\":{\"@type\":\"PropertyValueSpecification\",\"valueRequired\":true,\"valueName\":\"search_term_string\"}}],\"inLanguage\":\"es\"},{\"@type\":\"Organization\",\"@id\":\"https:\/\/mivoot.com\/gt\/#organization\",\"name\":\"Mivoot Guatemala\",\"alternateName\":\"mivoot.com\",\"url\":\"https:\/\/mivoot.com\/gt\/\",\"logo\":{\"@type\":\"ImageObject\",\"inLanguage\":\"es\",\"@id\":\"https:\/\/mivoot.com\/gt\/#\/schema\/logo\/image\/\",\"url\":\"https:\/\/mivoot.com\/gt\/wp-content\/uploads\/2023\/03\/cropped-icon.png\",\"contentUrl\":\"https:\/\/mivoot.com\/gt\/wp-content\/uploads\/2023\/03\/cropped-icon.png\",\"width\":512,\"height\":512,\"caption\":\"Mivoot Guatemala\"},\"image\":{\"@id\":\"https:\/\/mivoot.com\/gt\/#\/schema\/logo\/image\/\"},\"sameAs\":[\"https:\/\/www.facebook.com\/mivootgt\",\"https:\/\/instagram.com\/mivoot\"]}]}<\/script>\n<!-- \/ Yoast SEO Premium plugin. -->","yoast_head_json":{"title":"Aud\u00edfonos Deportivos Bluetooth AI Assistant AeroFit 2 Anker Soundcore - Mivoot","robots":{"index":"index","follow":"follow","max-snippet":"max-snippet:-1","max-image-preview":"max-image-preview:large","max-video-preview":"max-video-preview:-1"},"canonical":"https:\/\/mivoot.com\/gt\/producto\/audifonos-deportivos-bluetooth-ai-assistant-aerofit-2-anker-soundcore\/","og_locale":"es_ES","og_type":"article","og_title":"Aud\u00edfonos Deportivos Bluetooth AI Assistant AeroFit 2 Anker Soundcore","og_description":"Aud\u00edfonos Deportivos Bluetooth AI Assistant AeroFit 2 Anker Soundcore Ajusta los ganchos para las orejas y accede f\u00e1cilmente a los modos Open-Ear y cancelaci\u00f3n activa del ruido. Tanto si lo utilizas para hacer ejercicio como para ir al trabajo, AeroFit 2 Pro se adapta perfectamente a cada momento del d\u00eda. Mant\u00e9n la comodidad durante todo [...]","og_url":"https:\/\/mivoot.com\/gt\/producto\/audifonos-deportivos-bluetooth-ai-assistant-aerofit-2-anker-soundcore\/","og_site_name":"Mivoot","article_publisher":"https:\/\/www.facebook.com\/mivootgt","og_image":[{"width":225,"height":225,"url":"https:\/\/mivoot.com\/gt\/wp-content\/uploads\/2026\/05\/aerofit2.jpg","type":"image\/jpeg"}],"twitter_card":"summary_large_image","twitter_misc":{"Est. reading time":"6 minutos"},"schema":{"@context":"https:\/\/schema.org","@graph":[{"@type":"WebPage","@id":"https:\/\/mivoot.com\/gt\/producto\/audifonos-deportivos-bluetooth-ai-assistant-aerofit-2-anker-soundcore\/","url":"https:\/\/mivoot.com\/gt\/producto\/audifonos-deportivos-bluetooth-ai-assistant-aerofit-2-anker-soundcore\/","name":"Aud\u00edfonos Deportivos Bluetooth AI Assistant AeroFit 2 Anker Soundcore - Mivoot","isPartOf":{"@id":"https:\/\/mivoot.com\/gt\/#website"},"primaryImageOfPage":{"@id":"https:\/\/mivoot.com\/gt\/producto\/audifonos-deportivos-bluetooth-ai-assistant-aerofit-2-anker-soundcore\/#primaryimage"},"image":{"@id":"https:\/\/mivoot.com\/gt\/producto\/audifonos-deportivos-bluetooth-ai-assistant-aerofit-2-anker-soundcore\/#primaryimage"},"thumbnailUrl":"https:\/\/mivoot.com\/gt\/wp-content\/uploads\/2026\/05\/aerofit2.jpg","datePublished":"2026-05-09T21:43:52+00:00","breadcrumb":{"@id":"https:\/\/mivoot.com\/gt\/producto\/audifonos-deportivos-bluetooth-ai-assistant-aerofit-2-anker-soundcore\/#breadcrumb"},"inLanguage":"es","potentialAction":[{"@type":"ReadAction","target":["https:\/\/mivoot.com\/gt\/producto\/audifonos-deportivos-bluetooth-ai-assistant-aerofit-2-anker-soundcore\/"]}]},{"@type":"ImageObject","inLanguage":"es","@id":"https:\/\/mivoot.com\/gt\/producto\/audifonos-deportivos-bluetooth-ai-assistant-aerofit-2-anker-soundcore\/#primaryimage","url":"https:\/\/mivoot.com\/gt\/wp-content\/uploads\/2026\/05\/aerofit2.jpg","contentUrl":"https:\/\/mivoot.com\/gt\/wp-content\/uploads\/2026\/05\/aerofit2.jpg","width":225,"height":225},{"@type":"BreadcrumbList","@id":"https:\/\/mivoot.com\/gt\/producto\/audifonos-deportivos-bluetooth-ai-assistant-aerofit-2-anker-soundcore\/#breadcrumb","itemListElement":[{"@type":"ListItem","position":1,"name":"Inicio","item":"https:\/\/mivoot.com\/gt\/"},{"@type":"ListItem","position":2,"name":"Productos","item":"https:\/\/mivoot.com\/gt\/producto\/"},{"@type":"ListItem","position":3,"name":"Soundcore","item":"https:\/\/mivoot.com\/gt\/marca\/soundcore\/"},{"@type":"ListItem","position":4,"name":"Aud\u00edfonos Deportivos Bluetooth AI Assistant AeroFit 2 Anker Soundcore"}]},{"@type":"WebSite","@id":"https:\/\/mivoot.com\/gt\/#website","url":"https:\/\/mivoot.com\/gt\/","name":"Mivoot","description":"Mivoot Guatemala | Tienda Online","publisher":{"@id":"https:\/\/mivoot.com\/gt\/#organization"},"alternateName":"mivoot","potentialAction":[{"@type":"SearchAction","target":{"@type":"EntryPoint","urlTemplate":"https:\/\/mivoot.com\/gt\/?s={search_term_string}"},"query-input":{"@type":"PropertyValueSpecification","valueRequired":true,"valueName":"search_term_string"}}],"inLanguage":"es"},{"@type":"Organization","@id":"https:\/\/mivoot.com\/gt\/#organization","name":"Mivoot Guatemala","alternateName":"mivoot.com","url":"https:\/\/mivoot.com\/gt\/","logo":{"@type":"ImageObject","inLanguage":"es","@id":"https:\/\/mivoot.com\/gt\/#\/schema\/logo\/image\/","url":"https:\/\/mivoot.com\/gt\/wp-content\/uploads\/2023\/03\/cropped-icon.png","contentUrl":"https:\/\/mivoot.com\/gt\/wp-content\/uploads\/2023\/03\/cropped-icon.png","width":512,"height":512,"caption":"Mivoot Guatemala"},"image":{"@id":"https:\/\/mivoot.com\/gt\/#\/schema\/logo\/image\/"},"sameAs":["https:\/\/www.facebook.com\/mivootgt","https:\/\/instagram.com\/mivoot"]}]}},"jetpack_publicize_connections":[],"jetpack_sharing_enabled":true,"brands":[{"id":647,"name":"Anker","slug":"anker"},{"id":646,"name":"Soundcore","slug":"soundcore"}],"_links":{"self":[{"href":"https:\/\/mivoot.com\/gt\/wp-json\/wp\/v2\/product\/33813","targetHints":{"allow":["GET"]}}],"collection":[{"href":"https:\/\/mivoot.com\/gt\/wp-json\/wp\/v2\/product"}],"about":[{"href":"https:\/\/mivoot.com\/gt\/wp-json\/wp\/v2\/types\/product"}],"replies":[{"embeddable":true,"href":"https:\/\/mivoot.com\/gt\/wp-json\/wp\/v2\/comments?post=33813"}],"version-history":[{"count":1,"href":"https:\/\/mivoot.com\/gt\/wp-json\/wp\/v2\/product\/33813\/revisions"}],"predecessor-version":[{"id":33820,"href":"https:\/\/mivoot.com\/gt\/wp-json\/wp\/v2\/product\/33813\/revisions\/33820"}],"wp:featuredmedia":[{"embeddable":true,"href":"https:\/\/mivoot.com\/gt\/wp-json\/wp\/v2\/media\/33815"}],"wp:attachment":[{"href":"https:\/\/mivoot.com\/gt\/wp-json\/wp\/v2\/media?parent=33813"}],"wp:term":[{"taxonomy":"pwb-brand","embeddable":true,"href":"https:\/\/mivoot.com\/gt\/wp-json\/wp\/v2\/pwb-brand?post=33813"},{"taxonomy":"product_brand","embeddable":true,"href":"https:\/\/mivoot.com\/gt\/wp-json\/wp\/v2\/product_brand?post=33813"},{"taxonomy":"product_cat","embeddable":true,"href":"https:\/\/mivoot.com\/gt\/wp-json\/wp\/v2\/product_cat?post=33813"},{"taxonomy":"product_tag","embeddable":true,"href":"https:\/\/mivoot.com\/gt\/wp-json\/wp\/v2\/product_tag?post=33813"}],"curies":[{"name":"wp","href":"https:\/\/api.w.org\/{rel}","templated":true}]}}