{"id":33821,"date":"2026-05-09T15:55:39","date_gmt":"2026-05-09T21:55:39","guid":{"rendered":"https:\/\/mivoot.com\/gt\/?post_type=product&#038;p=33821"},"modified":"2026-05-09T15:55:40","modified_gmt":"2026-05-09T21:55:40","slug":"bocina-bluetooth-50w-bassup-2-0-para-exteriores-boom-3i-azul-anker-soundcore","status":"publish","type":"product","link":"https:\/\/mivoot.com\/gt\/producto\/bocina-bluetooth-50w-bassup-2-0-para-exteriores-boom-3i-azul-anker-soundcore\/","title":{"rendered":"Bocina Bluetooth 50W BassUp 2.0 para Exteriores Boom 3i Azul Anker Soundcore"},"content":{"rendered":"<div class=\"row\">\n<div class=\"padding-top-lg padding-bottom-lg row\">\n<div class=\"col-md-11\">\n<div class=\"margin-top-sm\">\n<h1 style=\"text-align: center;\">Bocina Bluetooth 50W BassUp 2.0 para Exteriores Boom 3i Azul Anker Soundcore<\/h1>\n<p><img decoding=\"async\" src=\"https:\/\/m.media-amazon.com\/images\/S\/aplus-media-library-service-media\/1eaf39b8-7c80-43fe-8b3d-c3362517265a.__CR0,0,1464,600_PT0_SX1464_V1___.png\" alt=\"aplus content image\" \/><\/p>\n<p><span dir=\"auto\">Sistema de altavoces port\u00e1tiles Bluetooth Soundcore Boom 3i \u2013 50 W RMS \u2013 Negro aventurero \u2013 56 Hz a 20 kHz \u2013 Bater\u00eda recargable<\/span><\/p>\n<h3><b><span dir=\"auto\">Nada detiene la aventura.<\/span><\/b><\/h3>\n<ul>\n<li><span dir=\"auto\">Kayak con m\u00fasica<\/span><\/li>\n<li><span dir=\"auto\">Pesca y ambiente<\/span><\/li>\n<li><span dir=\"auto\">Campamento y ritmo<\/span><\/li>\n<\/ul>\n<h3><b><span dir=\"auto\">Reproducci\u00f3n flotante, pionera en la industria<\/span><\/b><\/h3>\n<p><span dir=\"auto\">Mientras que otros altavoces se inclinan o amortiguan el sonido, el Boom 3i se autocorrige para mantenerse erguido y dirigir el sonido hacia adelante, incluso a trav\u00e9s de las olas.<\/span><\/p>\n<h3><b><span dir=\"auto\">Doble bajo<\/span><\/b><\/h3>\n<p><span dir=\"auto\">La exclusiva tecnolog\u00eda BassUp 2.0 amplifica cada ritmo, ofreciendo unos graves profundos de 56 Hz para una experiencia auditiva realmente potente.<\/span><\/p>\n<\/div>\n<\/div>\n<\/div>\n<\/div>\n<div class=\"row\">\n<h3 class=\"col-md-12\"><span class=\"guides-documents\"><span dir=\"auto\">Caracter\u00edsticas<\/span><\/span><\/h3>\n<div class=\"col-md-12\">\n<div class=\"padding-top-lg padding-bottom-lg row\">\n<ul>\n<li><span dir=\"auto\">Reproducci\u00f3n flotante pionera en la industria: se mantiene erguido y con un sonido n\u00edtido, incluso con oleaje. Sin distorsi\u00f3n ni hundimiento: solo audio potente y claro para kayak, fiestas en la piscina y cualquier aventura acu\u00e1tica.<\/span><\/li>\n<li><span dir=\"auto\">Resistencia al agua y al polvo IP68: Dise\u00f1ado para soportar las inclemencias del tiempo, este altavoz Bluetooth es totalmente impermeable y resistente al polvo. El altavoz ideal para exteriores.<\/span><\/li>\n<li><span dir=\"auto\">5 veces m\u00e1s resistente al agua salada y ultraduradero: Dise\u00f1ado para condiciones extremas, es 5 veces m\u00e1s resistente al agua salada, al sudor y a las salpicaduras. Ha soportado ca\u00eddas desde 1 metro (3,28 pies). Perfecto para d\u00edas de playa y paseos en barco, sin \u00f3xido ni corrosi\u00f3n. M\u00e1s resistente que la mayor\u00eda de los altavoces para exteriores.<\/span><\/li>\n<li><span dir=\"auto\">Duplica los graves con BassUp 2.0: Ofrece 50 W de sonido potente con graves de hasta 56 Hz. BassUp 2.0 y la tecnolog\u00eda DSP brindan graves contundentes y agudos n\u00edtidos. Un rendimiento de audio excepcional en un altavoz port\u00e1til compacto.<\/span><\/li>\n<li><span dir=\"auto\">Funciones inteligentes y 16 horas de reproducci\u00f3n: Disfruta de 16 horas de reproducci\u00f3n ininterrumpida y control total mediante la aplicaci\u00f3n. Incluye amplificador de voz, alarma de emergencia, funci\u00f3n de limpieza de zumbidos y una correa desmontable para usarlo con manos libres: todo lo que necesitas en unos altavoces de exterior fiables.<\/span><\/li>\n<li><span dir=\"auto\">Tama\u00f1o compacto similar al de una botella de agua para mayor portabilidad: Con un tama\u00f1o parecido al de una botella de agua, la Boom 3i cabe en tu mochila, se engancha a tu equipo y se ajusta c\u00f3modamente a una mano para aventuras r\u00e1pidas y sencillas.<\/span><\/li>\n<\/ul>\n<p><img decoding=\"async\" src=\"https:\/\/m.media-amazon.com\/images\/S\/aplus-media-library-service-media\/d6d9ca12-29d9-4671-bf14-845c74afe0e1.__CR0,0,1464,600_PT0_SX1464_V1___.png\" alt=\"aplus content image\" \/><\/p>\n<p><img decoding=\"async\" class=\"lazy-load-active\" src=\"https:\/\/m.media-amazon.com\/images\/S\/aplus-media-library-service-media\/a72a6341-3f86-4e35-af83-2e41de392e6f.__CR0,0,1464,600_PT0_SX1464_V1___.png\" alt=\"aplus content image\" data-src=\"https:\/\/m.media-amazon.com\/images\/S\/aplus-media-library-service-media\/a72a6341-3f86-4e35-af83-2e41de392e6f.__CR0,0,1464,600_PT0_SX1464_V1___.png\" \/><img decoding=\"async\" src=\"https:\/\/m.media-amazon.com\/images\/S\/aplus-media-library-service-media\/2ac477aa-cf44-4b3e-980b-048e97517461.__CR0,0,1464,600_PT0_SX1464_V1___.png\" alt=\"aplus content image\" \/><img decoding=\"async\" src=\"https:\/\/m.media-amazon.com\/images\/S\/aplus-media-library-service-media\/6717ba29-caa5-4bfa-8388-f7db31e7a2b0.__CR0,0,1464,600_PT0_SX1464_V1___.png\" alt=\"aplus content image\" \/><img decoding=\"async\" src=\"https:\/\/m.media-amazon.com\/images\/S\/aplus-media-library-service-media\/6c257944-91d7-4d35-aecb-78f54102bdfa.__CR0,0,1464,600_PT0_SX1464_V1___.png\" alt=\"aplus content image\" \/><img decoding=\"async\" src=\"https:\/\/m.media-amazon.com\/images\/S\/aplus-media-library-service-media\/7bc7bd90-3f8f-4934-923a-40cd94361da3.__CR0,0,1464,600_PT0_SX1464_V1___.png\" alt=\"aplus content image\" \/><img decoding=\"async\" src=\"https:\/\/m.media-amazon.com\/images\/S\/aplus-media-library-service-media\/2e8c594b-0971-4ab0-b8e9-99c5a945b64e.__CR0,0,1464,600_PT0_SX1464_V1___.png\" alt=\"aplus content image\" \/><img decoding=\"async\" src=\"https:\/\/m.media-amazon.com\/images\/S\/aplus-media-library-service-media\/1cd49e32-594a-4501-8e00-d758bad9e47c.__CR0,0,1464,600_PT0_SX1464_V1___.png\" alt=\"aplus content image\" \/><img decoding=\"async\" src=\"https:\/\/m.media-amazon.com\/images\/S\/aplus-media-library-service-media\/52b39cf3-6e66-4d30-8923-bf1273af3fe4.__CR1,0,1464,600_PT0_SX1464_V1___.png\" alt=\"aplus content image\" \/><img decoding=\"async\" class=\"lazy-load-active\" src=\"https:\/\/m.media-amazon.com\/images\/S\/aplus-media-library-service-media\/ae2b0848-157a-4bb9-93bc-060aa8cfadcc.__CR0,0,2928,1200_PT0_SX1464_V1___.jpg\" alt=\"aplus content image\" data-src=\"https:\/\/m.media-amazon.com\/images\/S\/aplus-media-library-service-media\/ae2b0848-157a-4bb9-93bc-060aa8cfadcc.__CR0,0,2928,1200_PT0_SX1464_V1___.jpg\" \/><img decoding=\"async\" src=\"https:\/\/m.media-amazon.com\/images\/S\/aplus-media-library-service-media\/f1f8bf11-9db0-4093-afd3-0d7aecf54c58.__CR0,0,1464,600_PT0_SX1464_V1___.png\" alt=\"aplus content image\" \/><img decoding=\"async\" src=\"https:\/\/m.media-amazon.com\/images\/S\/aplus-media-library-service-media\/8bc25c48-ce8b-42d1-a17e-cb477d5e26db.__CR0,0,1464,600_PT0_SX1464_V1___.jpg\" alt=\"Tabla comparativa que muestra cinco bolsas de lona o bolsas deportivas negras diferentes con las especificaciones enumeradas en las filas debajo de cada imagen del producto.\" \/><\/p>\n<\/div>\n<\/div>\n<\/div>\n","protected":false},"excerpt":{"rendered":"<p>\u2013 Capacidad 50W<br \/>\n\u2013 Preproducci\u00f3n 16 horas<br \/>\n\u2013 Sonido de graves ultra profundos<br \/>\n\u2013 Resistente al agua (IP68)<br \/>\n\u2013 Barco Playa Camping Picnic<br \/>\n\u2013 Altavoces m\u00faltiples tws<br \/>\n\u2013 Alarma de emergencia, amplificador de voz, limpieza de zumbidos<\/p>\n","protected":false},"featured_media":33823,"comment_status":"open","ping_status":"closed","template":"","meta":{"jetpack_publicize_message":"","jetpack_publicize_feature_enabled":true,"jetpack_social_post_already_shared":true,"jetpack_social_options":{"image_generator_settings":{"template":"highway","default_image_id":0,"font":"","enabled":false},"version":2}},"pwb-brand":[647,646],"product_brand":[],"product_cat":[26],"product_tag":[],"class_list":{"0":"post-33821","1":"product","2":"type-product","3":"status-publish","4":"has-post-thumbnail","6":"pwb-brand-anker","7":"pwb-brand-soundcore","8":"product_cat-bocinas","10":"first","11":"instock","12":"taxable","13":"shipping-taxable","14":"product-type-simple"},"yoast_head":"<!-- This site is optimized with the Yoast SEO Premium plugin v25.7.1 (Yoast SEO v26.8) - https:\/\/yoast.com\/product\/yoast-seo-premium-wordpress\/ -->\n<title>Bocina Bluetooth 50W BassUp 2.0 para Exteriores Boom 3i Azul Anker Soundcore - Mivoot<\/title>\n<meta name=\"robots\" content=\"index, follow, max-snippet:-1, max-image-preview:large, max-video-preview:-1\" \/>\n<link rel=\"canonical\" href=\"https:\/\/mivoot.com\/gt\/producto\/bocina-bluetooth-50w-bassup-2-0-para-exteriores-boom-3i-azul-anker-soundcore\/\" \/>\n<meta property=\"og:locale\" content=\"es_ES\" \/>\n<meta property=\"og:type\" content=\"article\" \/>\n<meta property=\"og:title\" content=\"Bocina Bluetooth 50W BassUp 2.0 para Exteriores Boom 3i Azul Anker Soundcore\" \/>\n<meta property=\"og:description\" content=\"\u2013 Capacidad 50W \u2013 Preproducci\u00f3n 16 horas \u2013 Sonido de graves ultra profundos \u2013 Resistente al agua (IP68) \u2013 Barco Playa Camping Picnic \u2013 Altavoces m\u00faltiples tws \u2013 Alarma de emergencia, amplificador de voz, limpieza de zumbidos\" \/>\n<meta property=\"og:url\" content=\"https:\/\/mivoot.com\/gt\/producto\/bocina-bluetooth-50w-bassup-2-0-para-exteriores-boom-3i-azul-anker-soundcore\/\" \/>\n<meta property=\"og:site_name\" content=\"Mivoot\" \/>\n<meta property=\"article:publisher\" content=\"https:\/\/www.facebook.com\/mivootgt\" \/>\n<meta property=\"article:modified_time\" content=\"2026-05-09T21:55:40+00:00\" \/>\n<meta property=\"og:image\" content=\"https:\/\/mivoot.com\/gt\/wp-content\/uploads\/2026\/05\/D5100030.png\" \/>\n\t<meta property=\"og:image:width\" content=\"700\" \/>\n\t<meta property=\"og:image:height\" content=\"800\" \/>\n\t<meta property=\"og:image:type\" content=\"image\/png\" \/>\n<meta name=\"twitter:card\" content=\"summary_large_image\" \/>\n<meta name=\"twitter:label1\" content=\"Est. reading time\" \/>\n\t<meta name=\"twitter:data1\" content=\"5 minutos\" \/>\n<script type=\"application\/ld+json\" class=\"yoast-schema-graph\">{\"@context\":\"https:\/\/schema.org\",\"@graph\":[{\"@type\":\"WebPage\",\"@id\":\"https:\/\/mivoot.com\/gt\/producto\/bocina-bluetooth-50w-bassup-2-0-para-exteriores-boom-3i-azul-anker-soundcore\/\",\"url\":\"https:\/\/mivoot.com\/gt\/producto\/bocina-bluetooth-50w-bassup-2-0-para-exteriores-boom-3i-azul-anker-soundcore\/\",\"name\":\"Bocina Bluetooth 50W BassUp 2.0 para Exteriores Boom 3i Azul Anker Soundcore - Mivoot\",\"isPartOf\":{\"@id\":\"https:\/\/mivoot.com\/gt\/#website\"},\"primaryImageOfPage\":{\"@id\":\"https:\/\/mivoot.com\/gt\/producto\/bocina-bluetooth-50w-bassup-2-0-para-exteriores-boom-3i-azul-anker-soundcore\/#primaryimage\"},\"image\":{\"@id\":\"https:\/\/mivoot.com\/gt\/producto\/bocina-bluetooth-50w-bassup-2-0-para-exteriores-boom-3i-azul-anker-soundcore\/#primaryimage\"},\"thumbnailUrl\":\"https:\/\/mivoot.com\/gt\/wp-content\/uploads\/2026\/05\/D5100030.png\",\"datePublished\":\"2026-05-09T21:55:39+00:00\",\"dateModified\":\"2026-05-09T21:55:40+00:00\",\"breadcrumb\":{\"@id\":\"https:\/\/mivoot.com\/gt\/producto\/bocina-bluetooth-50w-bassup-2-0-para-exteriores-boom-3i-azul-anker-soundcore\/#breadcrumb\"},\"inLanguage\":\"es\",\"potentialAction\":[{\"@type\":\"ReadAction\",\"target\":[\"https:\/\/mivoot.com\/gt\/producto\/bocina-bluetooth-50w-bassup-2-0-para-exteriores-boom-3i-azul-anker-soundcore\/\"]}]},{\"@type\":\"ImageObject\",\"inLanguage\":\"es\",\"@id\":\"https:\/\/mivoot.com\/gt\/producto\/bocina-bluetooth-50w-bassup-2-0-para-exteriores-boom-3i-azul-anker-soundcore\/#primaryimage\",\"url\":\"https:\/\/mivoot.com\/gt\/wp-content\/uploads\/2026\/05\/D5100030.png\",\"contentUrl\":\"https:\/\/mivoot.com\/gt\/wp-content\/uploads\/2026\/05\/D5100030.png\",\"width\":700,\"height\":800},{\"@type\":\"BreadcrumbList\",\"@id\":\"https:\/\/mivoot.com\/gt\/producto\/bocina-bluetooth-50w-bassup-2-0-para-exteriores-boom-3i-azul-anker-soundcore\/#breadcrumb\",\"itemListElement\":[{\"@type\":\"ListItem\",\"position\":1,\"name\":\"Inicio\",\"item\":\"https:\/\/mivoot.com\/gt\/\"},{\"@type\":\"ListItem\",\"position\":2,\"name\":\"Productos\",\"item\":\"https:\/\/mivoot.com\/gt\/producto\/\"},{\"@type\":\"ListItem\",\"position\":3,\"name\":\"Anker\",\"item\":\"https:\/\/mivoot.com\/gt\/marca\/anker\/\"},{\"@type\":\"ListItem\",\"position\":4,\"name\":\"Bocina Bluetooth 50W BassUp 2.0 para Exteriores Boom 3i Azul Anker Soundcore\"}]},{\"@type\":\"WebSite\",\"@id\":\"https:\/\/mivoot.com\/gt\/#website\",\"url\":\"https:\/\/mivoot.com\/gt\/\",\"name\":\"Mivoot\",\"description\":\"Mivoot Guatemala | Tienda Online\",\"publisher\":{\"@id\":\"https:\/\/mivoot.com\/gt\/#organization\"},\"alternateName\":\"mivoot\",\"potentialAction\":[{\"@type\":\"SearchAction\",\"target\":{\"@type\":\"EntryPoint\",\"urlTemplate\":\"https:\/\/mivoot.com\/gt\/?s={search_term_string}\"},\"query-input\":{\"@type\":\"PropertyValueSpecification\",\"valueRequired\":true,\"valueName\":\"search_term_string\"}}],\"inLanguage\":\"es\"},{\"@type\":\"Organization\",\"@id\":\"https:\/\/mivoot.com\/gt\/#organization\",\"name\":\"Mivoot Guatemala\",\"alternateName\":\"mivoot.com\",\"url\":\"https:\/\/mivoot.com\/gt\/\",\"logo\":{\"@type\":\"ImageObject\",\"inLanguage\":\"es\",\"@id\":\"https:\/\/mivoot.com\/gt\/#\/schema\/logo\/image\/\",\"url\":\"https:\/\/mivoot.com\/gt\/wp-content\/uploads\/2023\/03\/cropped-icon.png\",\"contentUrl\":\"https:\/\/mivoot.com\/gt\/wp-content\/uploads\/2023\/03\/cropped-icon.png\",\"width\":512,\"height\":512,\"caption\":\"Mivoot Guatemala\"},\"image\":{\"@id\":\"https:\/\/mivoot.com\/gt\/#\/schema\/logo\/image\/\"},\"sameAs\":[\"https:\/\/www.facebook.com\/mivootgt\",\"https:\/\/instagram.com\/mivoot\"]}]}<\/script>\n<!-- \/ Yoast SEO Premium plugin. -->","yoast_head_json":{"title":"Bocina Bluetooth 50W BassUp 2.0 para Exteriores Boom 3i Azul Anker Soundcore - Mivoot","robots":{"index":"index","follow":"follow","max-snippet":"max-snippet:-1","max-image-preview":"max-image-preview:large","max-video-preview":"max-video-preview:-1"},"canonical":"https:\/\/mivoot.com\/gt\/producto\/bocina-bluetooth-50w-bassup-2-0-para-exteriores-boom-3i-azul-anker-soundcore\/","og_locale":"es_ES","og_type":"article","og_title":"Bocina Bluetooth 50W BassUp 2.0 para Exteriores Boom 3i Azul Anker Soundcore","og_description":"\u2013 Capacidad 50W \u2013 Preproducci\u00f3n 16 horas \u2013 Sonido de graves ultra profundos \u2013 Resistente al agua (IP68) \u2013 Barco Playa Camping Picnic \u2013 Altavoces m\u00faltiples tws \u2013 Alarma de emergencia, amplificador de voz, limpieza de zumbidos","og_url":"https:\/\/mivoot.com\/gt\/producto\/bocina-bluetooth-50w-bassup-2-0-para-exteriores-boom-3i-azul-anker-soundcore\/","og_site_name":"Mivoot","article_publisher":"https:\/\/www.facebook.com\/mivootgt","article_modified_time":"2026-05-09T21:55:40+00:00","og_image":[{"width":700,"height":800,"url":"https:\/\/mivoot.com\/gt\/wp-content\/uploads\/2026\/05\/D5100030.png","type":"image\/png"}],"twitter_card":"summary_large_image","twitter_misc":{"Est. reading time":"5 minutos"},"schema":{"@context":"https:\/\/schema.org","@graph":[{"@type":"WebPage","@id":"https:\/\/mivoot.com\/gt\/producto\/bocina-bluetooth-50w-bassup-2-0-para-exteriores-boom-3i-azul-anker-soundcore\/","url":"https:\/\/mivoot.com\/gt\/producto\/bocina-bluetooth-50w-bassup-2-0-para-exteriores-boom-3i-azul-anker-soundcore\/","name":"Bocina Bluetooth 50W BassUp 2.0 para Exteriores Boom 3i Azul Anker Soundcore - Mivoot","isPartOf":{"@id":"https:\/\/mivoot.com\/gt\/#website"},"primaryImageOfPage":{"@id":"https:\/\/mivoot.com\/gt\/producto\/bocina-bluetooth-50w-bassup-2-0-para-exteriores-boom-3i-azul-anker-soundcore\/#primaryimage"},"image":{"@id":"https:\/\/mivoot.com\/gt\/producto\/bocina-bluetooth-50w-bassup-2-0-para-exteriores-boom-3i-azul-anker-soundcore\/#primaryimage"},"thumbnailUrl":"https:\/\/mivoot.com\/gt\/wp-content\/uploads\/2026\/05\/D5100030.png","datePublished":"2026-05-09T21:55:39+00:00","dateModified":"2026-05-09T21:55:40+00:00","breadcrumb":{"@id":"https:\/\/mivoot.com\/gt\/producto\/bocina-bluetooth-50w-bassup-2-0-para-exteriores-boom-3i-azul-anker-soundcore\/#breadcrumb"},"inLanguage":"es","potentialAction":[{"@type":"ReadAction","target":["https:\/\/mivoot.com\/gt\/producto\/bocina-bluetooth-50w-bassup-2-0-para-exteriores-boom-3i-azul-anker-soundcore\/"]}]},{"@type":"ImageObject","inLanguage":"es","@id":"https:\/\/mivoot.com\/gt\/producto\/bocina-bluetooth-50w-bassup-2-0-para-exteriores-boom-3i-azul-anker-soundcore\/#primaryimage","url":"https:\/\/mivoot.com\/gt\/wp-content\/uploads\/2026\/05\/D5100030.png","contentUrl":"https:\/\/mivoot.com\/gt\/wp-content\/uploads\/2026\/05\/D5100030.png","width":700,"height":800},{"@type":"BreadcrumbList","@id":"https:\/\/mivoot.com\/gt\/producto\/bocina-bluetooth-50w-bassup-2-0-para-exteriores-boom-3i-azul-anker-soundcore\/#breadcrumb","itemListElement":[{"@type":"ListItem","position":1,"name":"Inicio","item":"https:\/\/mivoot.com\/gt\/"},{"@type":"ListItem","position":2,"name":"Productos","item":"https:\/\/mivoot.com\/gt\/producto\/"},{"@type":"ListItem","position":3,"name":"Anker","item":"https:\/\/mivoot.com\/gt\/marca\/anker\/"},{"@type":"ListItem","position":4,"name":"Bocina Bluetooth 50W BassUp 2.0 para Exteriores Boom 3i Azul Anker Soundcore"}]},{"@type":"WebSite","@id":"https:\/\/mivoot.com\/gt\/#website","url":"https:\/\/mivoot.com\/gt\/","name":"Mivoot","description":"Mivoot Guatemala | Tienda Online","publisher":{"@id":"https:\/\/mivoot.com\/gt\/#organization"},"alternateName":"mivoot","potentialAction":[{"@type":"SearchAction","target":{"@type":"EntryPoint","urlTemplate":"https:\/\/mivoot.com\/gt\/?s={search_term_string}"},"query-input":{"@type":"PropertyValueSpecification","valueRequired":true,"valueName":"search_term_string"}}],"inLanguage":"es"},{"@type":"Organization","@id":"https:\/\/mivoot.com\/gt\/#organization","name":"Mivoot Guatemala","alternateName":"mivoot.com","url":"https:\/\/mivoot.com\/gt\/","logo":{"@type":"ImageObject","inLanguage":"es","@id":"https:\/\/mivoot.com\/gt\/#\/schema\/logo\/image\/","url":"https:\/\/mivoot.com\/gt\/wp-content\/uploads\/2023\/03\/cropped-icon.png","contentUrl":"https:\/\/mivoot.com\/gt\/wp-content\/uploads\/2023\/03\/cropped-icon.png","width":512,"height":512,"caption":"Mivoot Guatemala"},"image":{"@id":"https:\/\/mivoot.com\/gt\/#\/schema\/logo\/image\/"},"sameAs":["https:\/\/www.facebook.com\/mivootgt","https:\/\/instagram.com\/mivoot"]}]}},"jetpack_publicize_connections":[],"jetpack_sharing_enabled":true,"brands":[{"id":647,"name":"Anker","slug":"anker"},{"id":646,"name":"Soundcore","slug":"soundcore"}],"_links":{"self":[{"href":"https:\/\/mivoot.com\/gt\/wp-json\/wp\/v2\/product\/33821","targetHints":{"allow":["GET"]}}],"collection":[{"href":"https:\/\/mivoot.com\/gt\/wp-json\/wp\/v2\/product"}],"about":[{"href":"https:\/\/mivoot.com\/gt\/wp-json\/wp\/v2\/types\/product"}],"replies":[{"embeddable":true,"href":"https:\/\/mivoot.com\/gt\/wp-json\/wp\/v2\/comments?post=33821"}],"version-history":[{"count":1,"href":"https:\/\/mivoot.com\/gt\/wp-json\/wp\/v2\/product\/33821\/revisions"}],"predecessor-version":[{"id":33828,"href":"https:\/\/mivoot.com\/gt\/wp-json\/wp\/v2\/product\/33821\/revisions\/33828"}],"wp:featuredmedia":[{"embeddable":true,"href":"https:\/\/mivoot.com\/gt\/wp-json\/wp\/v2\/media\/33823"}],"wp:attachment":[{"href":"https:\/\/mivoot.com\/gt\/wp-json\/wp\/v2\/media?parent=33821"}],"wp:term":[{"taxonomy":"pwb-brand","embeddable":true,"href":"https:\/\/mivoot.com\/gt\/wp-json\/wp\/v2\/pwb-brand?post=33821"},{"taxonomy":"product_brand","embeddable":true,"href":"https:\/\/mivoot.com\/gt\/wp-json\/wp\/v2\/product_brand?post=33821"},{"taxonomy":"product_cat","embeddable":true,"href":"https:\/\/mivoot.com\/gt\/wp-json\/wp\/v2\/product_cat?post=33821"},{"taxonomy":"product_tag","embeddable":true,"href":"https:\/\/mivoot.com\/gt\/wp-json\/wp\/v2\/product_tag?post=33821"}],"curies":[{"name":"wp","href":"https:\/\/api.w.org\/{rel}","templated":true}]}}