{"id":33850,"date":"2026-05-11T11:23:09","date_gmt":"2026-05-11T17:23:09","guid":{"rendered":"https:\/\/mivoot.com\/gt\/?post_type=product&#038;p=33850"},"modified":"2026-05-11T11:23:10","modified_gmt":"2026-05-11T17:23:10","slug":"ups-3000va-1800w-zkteco","status":"publish","type":"product","link":"https:\/\/mivoot.com\/gt\/producto\/ups-3000va-1800w-zkteco\/","title":{"rendered":"UPS 3000VA 1800W ZKTeco"},"content":{"rendered":"<h1 style=\"text-align: center;\">UPS 3000VA 1800W ZKTeco<\/h1>\n<p>El\u00a0<strong data-end=\"103\" data-start=\"84\">ZKUPS-1800W-LCD<\/strong>\u00a0es una UPS de 3000VA\/1800W dise\u00f1ada para proporcionar un respaldo eficiente ante cortes de energ\u00eda. Opera con un rango de entrada de 110-120VAC o 220-240VAC y entrega una salida estable en los mismos voltajes. Su pantalla LCD permite monitorear el estado del equipo, y cuenta con cuatro bater\u00edas de 12V\/9AH, asegurando una autonom\u00eda confiable. Adem\u00e1s, su tiempo de transferencia de 4 a 6 ms garantiza una transici\u00f3n sin interrupciones.<\/p>\n<h3>Funciones<\/h3>\n<ul>\n<li>&#8211; Control inteligente de la CPU<\/li>\n<li>Reinicio autom\u00e1tico mientras se recupera el aire acondicionado<\/li>\n<li>Regulador autom\u00e1tico de voltaje (AVR) con funciones de aumento y reducci\u00f3n de voltaje para la estabilizaci\u00f3n de la tensi\u00f3n.<\/li>\n<li>\u00a0Funci\u00f3n de arranque en fr\u00edo y funci\u00f3n de carga en modo apagado<\/li>\n<li>\u00a0Ofrecemos paneles LCD para elegir, panel multicolor<\/li>\n<\/ul>\n","protected":false},"excerpt":{"rendered":"<p>&#8211; Protecci\u00f3n contra descargas, cortocircuitos y sobrecargas.<br \/>\n&#8211; Voltaje 110 V\/120 V CA o 220\/230\/240 V CA<br \/>\n&#8211; Rango de voltaje De 81 a 145 VCA o de 145 a 275 VCA<br \/>\n&#8211; Factor de potencia \u2265 0,99 a 100 % de carga<br \/>\n&#8211; Frecuencia 60\/50 Hz (detecci\u00f3n autom\u00e1tica)<br \/>\n&#8211; Rango de frecuencia (modo bater\u00eda) 60\/50 \u00b1 1 Hz<br \/>\n&#8211; Forma de onda (modo bater\u00eda) Onda sinusoidal simulada<br \/>\n&#8211; Pantalla LCD Modo CA, Modo bater\u00eda, Nivel de carga, Nivel de bater\u00eda, Voltaje de entrada, Voltaje de salida, Sobrecarga y bater\u00eda baja<br \/>\n&#8211; Alarma Modo bater\u00eda Suena cada 4 segundos<br \/>\n&#8211; Bater\u00eda baja Sonando cada segundo<br \/>\n&#8211; Sobrecarga Sonando cada segundo<br \/>\n&#8211; Falla Sonido continuo<br \/>\n&#8211; Dimensiones 395 \u00d7 145 \u00d7 210 (mm)<\/p>\n","protected":false},"featured_media":33852,"comment_status":"open","ping_status":"closed","template":"","meta":{"jetpack_publicize_message":"","jetpack_publicize_feature_enabled":true,"jetpack_social_post_already_shared":true,"jetpack_social_options":{"image_generator_settings":{"template":"highway","default_image_id":0,"font":"","enabled":false},"version":2}},"pwb-brand":[101],"product_brand":[],"product_cat":[178],"product_tag":[],"class_list":{"0":"post-33850","1":"product","2":"type-product","3":"status-publish","4":"has-post-thumbnail","6":"pwb-brand-zkteco-guatemala","7":"product_cat-ups","9":"first","10":"instock","11":"taxable","12":"shipping-taxable","13":"product-type-simple"},"yoast_head":"<!-- This site is optimized with the Yoast SEO Premium plugin v25.7.1 (Yoast SEO v26.8) - https:\/\/yoast.com\/product\/yoast-seo-premium-wordpress\/ -->\n<title>UPS 3000VA 1800W ZKTeco - Mivoot<\/title>\n<meta name=\"robots\" content=\"index, follow, max-snippet:-1, max-image-preview:large, max-video-preview:-1\" \/>\n<link rel=\"canonical\" href=\"https:\/\/mivoot.com\/gt\/producto\/ups-3000va-1800w-zkteco\/\" \/>\n<meta property=\"og:locale\" content=\"es_ES\" \/>\n<meta property=\"og:type\" content=\"article\" \/>\n<meta property=\"og:title\" content=\"UPS 3000VA 1800W ZKTeco\" \/>\n<meta property=\"og:description\" content=\"- Protecci\u00f3n contra descargas, cortocircuitos y sobrecargas. - Voltaje 110 V\/120 V CA o 220\/230\/240 V CA - Rango de voltaje De 81 a 145 VCA o de 145 a 275 VCA - Factor de potencia \u2265 0,99 a 100 % de carga - Frecuencia 60\/50 Hz (detecci\u00f3n autom\u00e1tica) - Rango de frecuencia (modo bater\u00eda) 60\/50 \u00b1 1 Hz - Forma de onda (modo bater\u00eda) Onda sinusoidal simulada - Pantalla LCD Modo CA, Modo bater\u00eda, Nivel de carga, Nivel de bater\u00eda, Voltaje de entrada, Voltaje de salida, Sobrecarga y bater\u00eda baja - Alarma Modo bater\u00eda Suena cada 4 segundos - Bater\u00eda baja Sonando cada segundo - Sobrecarga Sonando cada segundo - Falla Sonido continuo - Dimensiones 395 \u00d7 145 \u00d7 210 (mm)\" \/>\n<meta property=\"og:url\" content=\"https:\/\/mivoot.com\/gt\/producto\/ups-3000va-1800w-zkteco\/\" \/>\n<meta property=\"og:site_name\" content=\"Mivoot\" \/>\n<meta property=\"article:publisher\" content=\"https:\/\/www.facebook.com\/mivootgt\" \/>\n<meta property=\"article:modified_time\" content=\"2026-05-11T17:23:10+00:00\" \/>\n<meta property=\"og:image\" content=\"https:\/\/mivoot.com\/gt\/wp-content\/uploads\/2026\/05\/ZKUPS-1800W-LCD.jpg\" \/>\n\t<meta property=\"og:image:width\" content=\"500\" \/>\n\t<meta property=\"og:image:height\" content=\"500\" \/>\n\t<meta property=\"og:image:type\" content=\"image\/jpeg\" \/>\n<meta name=\"twitter:card\" content=\"summary_large_image\" \/>\n<meta name=\"twitter:label1\" content=\"Est. reading time\" \/>\n\t<meta name=\"twitter:data1\" content=\"1 minuto\" \/>\n<script type=\"application\/ld+json\" class=\"yoast-schema-graph\">{\"@context\":\"https:\/\/schema.org\",\"@graph\":[{\"@type\":\"WebPage\",\"@id\":\"https:\/\/mivoot.com\/gt\/producto\/ups-3000va-1800w-zkteco\/\",\"url\":\"https:\/\/mivoot.com\/gt\/producto\/ups-3000va-1800w-zkteco\/\",\"name\":\"UPS 3000VA 1800W ZKTeco - Mivoot\",\"isPartOf\":{\"@id\":\"https:\/\/mivoot.com\/gt\/#website\"},\"primaryImageOfPage\":{\"@id\":\"https:\/\/mivoot.com\/gt\/producto\/ups-3000va-1800w-zkteco\/#primaryimage\"},\"image\":{\"@id\":\"https:\/\/mivoot.com\/gt\/producto\/ups-3000va-1800w-zkteco\/#primaryimage\"},\"thumbnailUrl\":\"https:\/\/mivoot.com\/gt\/wp-content\/uploads\/2026\/05\/ZKUPS-1800W-LCD.jpg\",\"datePublished\":\"2026-05-11T17:23:09+00:00\",\"dateModified\":\"2026-05-11T17:23:10+00:00\",\"breadcrumb\":{\"@id\":\"https:\/\/mivoot.com\/gt\/producto\/ups-3000va-1800w-zkteco\/#breadcrumb\"},\"inLanguage\":\"es\",\"potentialAction\":[{\"@type\":\"ReadAction\",\"target\":[\"https:\/\/mivoot.com\/gt\/producto\/ups-3000va-1800w-zkteco\/\"]}]},{\"@type\":\"ImageObject\",\"inLanguage\":\"es\",\"@id\":\"https:\/\/mivoot.com\/gt\/producto\/ups-3000va-1800w-zkteco\/#primaryimage\",\"url\":\"https:\/\/mivoot.com\/gt\/wp-content\/uploads\/2026\/05\/ZKUPS-1800W-LCD.jpg\",\"contentUrl\":\"https:\/\/mivoot.com\/gt\/wp-content\/uploads\/2026\/05\/ZKUPS-1800W-LCD.jpg\",\"width\":500,\"height\":500},{\"@type\":\"BreadcrumbList\",\"@id\":\"https:\/\/mivoot.com\/gt\/producto\/ups-3000va-1800w-zkteco\/#breadcrumb\",\"itemListElement\":[{\"@type\":\"ListItem\",\"position\":1,\"name\":\"Inicio\",\"item\":\"https:\/\/mivoot.com\/gt\/\"},{\"@type\":\"ListItem\",\"position\":2,\"name\":\"Productos\",\"item\":\"https:\/\/mivoot.com\/gt\/producto\/\"},{\"@type\":\"ListItem\",\"position\":3,\"name\":\"ZKTeco\",\"item\":\"https:\/\/mivoot.com\/gt\/marca\/zkteco-guatemala\/\"},{\"@type\":\"ListItem\",\"position\":4,\"name\":\"UPS 3000VA 1800W ZKTeco\"}]},{\"@type\":\"WebSite\",\"@id\":\"https:\/\/mivoot.com\/gt\/#website\",\"url\":\"https:\/\/mivoot.com\/gt\/\",\"name\":\"Mivoot\",\"description\":\"Mivoot Guatemala | Tienda Online\",\"publisher\":{\"@id\":\"https:\/\/mivoot.com\/gt\/#organization\"},\"alternateName\":\"mivoot\",\"potentialAction\":[{\"@type\":\"SearchAction\",\"target\":{\"@type\":\"EntryPoint\",\"urlTemplate\":\"https:\/\/mivoot.com\/gt\/?s={search_term_string}\"},\"query-input\":{\"@type\":\"PropertyValueSpecification\",\"valueRequired\":true,\"valueName\":\"search_term_string\"}}],\"inLanguage\":\"es\"},{\"@type\":\"Organization\",\"@id\":\"https:\/\/mivoot.com\/gt\/#organization\",\"name\":\"Mivoot Guatemala\",\"alternateName\":\"mivoot.com\",\"url\":\"https:\/\/mivoot.com\/gt\/\",\"logo\":{\"@type\":\"ImageObject\",\"inLanguage\":\"es\",\"@id\":\"https:\/\/mivoot.com\/gt\/#\/schema\/logo\/image\/\",\"url\":\"https:\/\/mivoot.com\/gt\/wp-content\/uploads\/2023\/03\/cropped-icon.png\",\"contentUrl\":\"https:\/\/mivoot.com\/gt\/wp-content\/uploads\/2023\/03\/cropped-icon.png\",\"width\":512,\"height\":512,\"caption\":\"Mivoot Guatemala\"},\"image\":{\"@id\":\"https:\/\/mivoot.com\/gt\/#\/schema\/logo\/image\/\"},\"sameAs\":[\"https:\/\/www.facebook.com\/mivootgt\",\"https:\/\/instagram.com\/mivoot\"]}]}<\/script>\n<!-- \/ Yoast SEO Premium plugin. -->","yoast_head_json":{"title":"UPS 3000VA 1800W ZKTeco - Mivoot","robots":{"index":"index","follow":"follow","max-snippet":"max-snippet:-1","max-image-preview":"max-image-preview:large","max-video-preview":"max-video-preview:-1"},"canonical":"https:\/\/mivoot.com\/gt\/producto\/ups-3000va-1800w-zkteco\/","og_locale":"es_ES","og_type":"article","og_title":"UPS 3000VA 1800W ZKTeco","og_description":"- Protecci\u00f3n contra descargas, cortocircuitos y sobrecargas. - Voltaje 110 V\/120 V CA o 220\/230\/240 V CA - Rango de voltaje De 81 a 145 VCA o de 145 a 275 VCA - Factor de potencia \u2265 0,99 a 100 % de carga - Frecuencia 60\/50 Hz (detecci\u00f3n autom\u00e1tica) - Rango de frecuencia (modo bater\u00eda) 60\/50 \u00b1 1 Hz - Forma de onda (modo bater\u00eda) Onda sinusoidal simulada - Pantalla LCD Modo CA, Modo bater\u00eda, Nivel de carga, Nivel de bater\u00eda, Voltaje de entrada, Voltaje de salida, Sobrecarga y bater\u00eda baja - Alarma Modo bater\u00eda Suena cada 4 segundos - Bater\u00eda baja Sonando cada segundo - Sobrecarga Sonando cada segundo - Falla Sonido continuo - Dimensiones 395 \u00d7 145 \u00d7 210 (mm)","og_url":"https:\/\/mivoot.com\/gt\/producto\/ups-3000va-1800w-zkteco\/","og_site_name":"Mivoot","article_publisher":"https:\/\/www.facebook.com\/mivootgt","article_modified_time":"2026-05-11T17:23:10+00:00","og_image":[{"width":500,"height":500,"url":"https:\/\/mivoot.com\/gt\/wp-content\/uploads\/2026\/05\/ZKUPS-1800W-LCD.jpg","type":"image\/jpeg"}],"twitter_card":"summary_large_image","twitter_misc":{"Est. reading time":"1 minuto"},"schema":{"@context":"https:\/\/schema.org","@graph":[{"@type":"WebPage","@id":"https:\/\/mivoot.com\/gt\/producto\/ups-3000va-1800w-zkteco\/","url":"https:\/\/mivoot.com\/gt\/producto\/ups-3000va-1800w-zkteco\/","name":"UPS 3000VA 1800W ZKTeco - Mivoot","isPartOf":{"@id":"https:\/\/mivoot.com\/gt\/#website"},"primaryImageOfPage":{"@id":"https:\/\/mivoot.com\/gt\/producto\/ups-3000va-1800w-zkteco\/#primaryimage"},"image":{"@id":"https:\/\/mivoot.com\/gt\/producto\/ups-3000va-1800w-zkteco\/#primaryimage"},"thumbnailUrl":"https:\/\/mivoot.com\/gt\/wp-content\/uploads\/2026\/05\/ZKUPS-1800W-LCD.jpg","datePublished":"2026-05-11T17:23:09+00:00","dateModified":"2026-05-11T17:23:10+00:00","breadcrumb":{"@id":"https:\/\/mivoot.com\/gt\/producto\/ups-3000va-1800w-zkteco\/#breadcrumb"},"inLanguage":"es","potentialAction":[{"@type":"ReadAction","target":["https:\/\/mivoot.com\/gt\/producto\/ups-3000va-1800w-zkteco\/"]}]},{"@type":"ImageObject","inLanguage":"es","@id":"https:\/\/mivoot.com\/gt\/producto\/ups-3000va-1800w-zkteco\/#primaryimage","url":"https:\/\/mivoot.com\/gt\/wp-content\/uploads\/2026\/05\/ZKUPS-1800W-LCD.jpg","contentUrl":"https:\/\/mivoot.com\/gt\/wp-content\/uploads\/2026\/05\/ZKUPS-1800W-LCD.jpg","width":500,"height":500},{"@type":"BreadcrumbList","@id":"https:\/\/mivoot.com\/gt\/producto\/ups-3000va-1800w-zkteco\/#breadcrumb","itemListElement":[{"@type":"ListItem","position":1,"name":"Inicio","item":"https:\/\/mivoot.com\/gt\/"},{"@type":"ListItem","position":2,"name":"Productos","item":"https:\/\/mivoot.com\/gt\/producto\/"},{"@type":"ListItem","position":3,"name":"ZKTeco","item":"https:\/\/mivoot.com\/gt\/marca\/zkteco-guatemala\/"},{"@type":"ListItem","position":4,"name":"UPS 3000VA 1800W ZKTeco"}]},{"@type":"WebSite","@id":"https:\/\/mivoot.com\/gt\/#website","url":"https:\/\/mivoot.com\/gt\/","name":"Mivoot","description":"Mivoot Guatemala | Tienda Online","publisher":{"@id":"https:\/\/mivoot.com\/gt\/#organization"},"alternateName":"mivoot","potentialAction":[{"@type":"SearchAction","target":{"@type":"EntryPoint","urlTemplate":"https:\/\/mivoot.com\/gt\/?s={search_term_string}"},"query-input":{"@type":"PropertyValueSpecification","valueRequired":true,"valueName":"search_term_string"}}],"inLanguage":"es"},{"@type":"Organization","@id":"https:\/\/mivoot.com\/gt\/#organization","name":"Mivoot Guatemala","alternateName":"mivoot.com","url":"https:\/\/mivoot.com\/gt\/","logo":{"@type":"ImageObject","inLanguage":"es","@id":"https:\/\/mivoot.com\/gt\/#\/schema\/logo\/image\/","url":"https:\/\/mivoot.com\/gt\/wp-content\/uploads\/2023\/03\/cropped-icon.png","contentUrl":"https:\/\/mivoot.com\/gt\/wp-content\/uploads\/2023\/03\/cropped-icon.png","width":512,"height":512,"caption":"Mivoot Guatemala"},"image":{"@id":"https:\/\/mivoot.com\/gt\/#\/schema\/logo\/image\/"},"sameAs":["https:\/\/www.facebook.com\/mivootgt","https:\/\/instagram.com\/mivoot"]}]}},"jetpack_publicize_connections":[],"jetpack_sharing_enabled":true,"brands":[{"id":101,"name":"ZKTeco","slug":"zkteco-guatemala"}],"_links":{"self":[{"href":"https:\/\/mivoot.com\/gt\/wp-json\/wp\/v2\/product\/33850","targetHints":{"allow":["GET"]}}],"collection":[{"href":"https:\/\/mivoot.com\/gt\/wp-json\/wp\/v2\/product"}],"about":[{"href":"https:\/\/mivoot.com\/gt\/wp-json\/wp\/v2\/types\/product"}],"replies":[{"embeddable":true,"href":"https:\/\/mivoot.com\/gt\/wp-json\/wp\/v2\/comments?post=33850"}],"version-history":[{"count":1,"href":"https:\/\/mivoot.com\/gt\/wp-json\/wp\/v2\/product\/33850\/revisions"}],"predecessor-version":[{"id":33853,"href":"https:\/\/mivoot.com\/gt\/wp-json\/wp\/v2\/product\/33850\/revisions\/33853"}],"wp:featuredmedia":[{"embeddable":true,"href":"https:\/\/mivoot.com\/gt\/wp-json\/wp\/v2\/media\/33852"}],"wp:attachment":[{"href":"https:\/\/mivoot.com\/gt\/wp-json\/wp\/v2\/media?parent=33850"}],"wp:term":[{"taxonomy":"pwb-brand","embeddable":true,"href":"https:\/\/mivoot.com\/gt\/wp-json\/wp\/v2\/pwb-brand?post=33850"},{"taxonomy":"product_brand","embeddable":true,"href":"https:\/\/mivoot.com\/gt\/wp-json\/wp\/v2\/product_brand?post=33850"},{"taxonomy":"product_cat","embeddable":true,"href":"https:\/\/mivoot.com\/gt\/wp-json\/wp\/v2\/product_cat?post=33850"},{"taxonomy":"product_tag","embeddable":true,"href":"https:\/\/mivoot.com\/gt\/wp-json\/wp\/v2\/product_tag?post=33850"}],"curies":[{"name":"wp","href":"https:\/\/api.w.org\/{rel}","templated":true}]}}