{"id":33887,"date":"2026-05-11T17:16:28","date_gmt":"2026-05-11T23:16:28","guid":{"rendered":"https:\/\/mivoot.com\/gt\/?post_type=product&#038;p=33887"},"modified":"2026-05-11T17:18:17","modified_gmt":"2026-05-11T23:18:17","slug":"impresora-termica-para-recibos-usb-ethernet-t20iv-l-epson","status":"publish","type":"product","link":"https:\/\/mivoot.com\/gt\/producto\/impresora-termica-para-recibos-usb-ethernet-t20iv-l-epson\/","title":{"rendered":"Impresora T\u00e9rmica para Recibos USB Ethernet T20IV-L Epson"},"content":{"rendered":"<h1 style=\"text-align: center;\">Impresora T\u00e9rmica para Recibos USB Ethernet T20IV-L Epson<\/h1>\n<div class=\"ccs-cc-inline-section ccs-cc-inline-features\" data-elementid=\"inline-content-features[eps]\" data-context=\"{&quot;labels&quot;:[&quot;SD&quot;],&quot;mobile&quot;:false}\" data-ccs-cc-inline-jumplink=\"Funciones\" data-display-mode=\"noheader\">\n<div class=\"ccs-cc-inline-features-block ccs-cc-inline-single-feature\">\n<div class=\"ccs-cc-inline-feature\" data-type=\"text media\" data-pos=\"right\">\n<div class=\"ccs-cc-inline-feature-content ccs-cc-inline-feature-description\">La impresora t\u00e9rmica de recibos Epson TM-T20IV-L combina eficiencia y accesibilidad en un dise\u00f1o compacto y optimizado. Con impresi\u00f3n r\u00e1pida, conectividad flexible y opciones para reducir el consumo de papel, es la soluci\u00f3n ideal para comercios y puntos de venta que buscan un rendimiento confiable sin exceder su presupuesto.<\/div>\n<\/div>\n<\/div>\n<\/div>\n<div id=\"media-f44ea2\" class=\"ccs-cc-inline-section ccs-cc-inline-media\" data-elementid=\"inline-content-gallery[eps]\" data-context=\"{&quot;labels&quot;:[&quot;SD&quot;],&quot;mobile&quot;:false}\" data-ccs-cc-inline-jumplink=\"Galer\u00eda multimedia\" data-display-mode=\"withheader\">\n<div class=\"ccs-cc-ig ccs-cc-ig-cloud\">\n<div class=\"ccs-cc-ig-cloud-viewport first-slide\">\n<p style=\"text-align: center;\"><strong>SKU:\u00a0<\/strong>C31CL45001 USB+Serial<br \/>\n<strong>SKU:<\/strong>\u00a0C31CL45002 USB+Ethernet<\/p>\n<ul>\n<li>\u00d3ptima relaci\u00f3n costo-beneficio<\/li>\n<li>Impresi\u00f3n r\u00e1pida y eficiente<\/li>\n<li>Menos desperdicio, m\u00e1s ahorro<\/li>\n<li>Conectividad vers\u00e1til<\/li>\n<\/ul>\n<\/div>\n<div class=\"ccs-slick-initialized ccs-slick-slider\">\n<div class=\"ccs-slick-list\">\n<div class=\"ccs-slick-track\">\n<div class=\"ccs-slick-slide ccs-slick-current ccs-slick-active ccs-ig-cloud-active\" tabindex=\"-1\" data-media-type=\"image\" data-image-url=\"https:\/\/cdn.cs.1worldsync.com\/syndication\/mediaserverredirect\/77c6b2afac90db4c6a45315205b255f1\/original.png\" data-caption=\"\" data-ccs-fancybox=\"media-f44ea2\" data-src=\"https:\/\/cdn.cs.1worldsync.com\/syndication\/mediaserverredirect\/77c6b2afac90db4c6a45315205b255f1\/original.png\" data-slick-index=\"0\" aria-hidden=\"false\"><\/div>\n<div class=\"ccs-slick-slide ccs-slick-active\" tabindex=\"-1\" data-media-type=\"image\" data-image-url=\"https:\/\/cdn.cs.1worldsync.com\/syndication\/mediaserverredirect\/76625a59c3eb76c237eafbb00ae1c1bb\/original.png\" data-caption=\"\" data-ccs-fancybox=\"media-f44ea2\" data-src=\"https:\/\/cdn.cs.1worldsync.com\/syndication\/mediaserverredirect\/76625a59c3eb76c237eafbb00ae1c1bb\/original.png\" data-slick-index=\"1\" aria-hidden=\"false\"><\/div>\n<div class=\"ccs-slick-slide ccs-slick-active\" tabindex=\"-1\" data-media-type=\"image\" data-image-url=\"https:\/\/cdn.cs.1worldsync.com\/syndication\/mediaserverredirect\/dd4259a74792700f957f7143b24d20cd\/original.png\" data-caption=\"\" data-ccs-fancybox=\"media-f44ea2\" data-src=\"https:\/\/cdn.cs.1worldsync.com\/syndication\/mediaserverredirect\/dd4259a74792700f957f7143b24d20cd\/original.png\" data-slick-index=\"2\" aria-hidden=\"false\"><img decoding=\"async\" class=\"aligncenter\" src=\"https:\/\/cdn.cs.1worldsync.com\/syndication\/mediaserverredirect\/e34afa49ed760edab883f4258a868f6a\/original.png\" alt=\"Imagen del producto\" \/><\/div>\n<\/div>\n<\/div>\n<\/div>\n<\/div>\n<\/div>\n<div tabindex=\"-1\" data-media-type=\"image\" data-image-url=\"https:\/\/cdn.cs.1worldsync.com\/syndication\/mediaserverredirect\/dd4259a74792700f957f7143b24d20cd\/original.png\" data-caption=\"\" data-ccs-fancybox=\"media-f44ea2\" data-src=\"https:\/\/cdn.cs.1worldsync.com\/syndication\/mediaserverredirect\/dd4259a74792700f957f7143b24d20cd\/original.png\" data-slick-index=\"2\" aria-hidden=\"false\"><\/div>\n<div tabindex=\"-1\" data-media-type=\"image\" data-image-url=\"https:\/\/cdn.cs.1worldsync.com\/syndication\/mediaserverredirect\/dd4259a74792700f957f7143b24d20cd\/original.png\" data-caption=\"\" data-ccs-fancybox=\"media-f44ea2\" data-src=\"https:\/\/cdn.cs.1worldsync.com\/syndication\/mediaserverredirect\/dd4259a74792700f957f7143b24d20cd\/original.png\" data-slick-index=\"2\" aria-hidden=\"false\"><\/div>\n<h3 tabindex=\"-1\" data-media-type=\"image\" data-image-url=\"https:\/\/cdn.cs.1worldsync.com\/syndication\/mediaserverredirect\/dd4259a74792700f957f7143b24d20cd\/original.png\" data-ccs-fancybox=\"media-f44ea2\" data-src=\"https:\/\/cdn.cs.1worldsync.com\/syndication\/mediaserverredirect\/dd4259a74792700f957f7143b24d20cd\/original.png\" data-slick-index=\"2\" aria-hidden=\"false\"><a class=\"ccs-cc-inline-acc-header\" title=\"Especificaciones\" data-ccs-cc-inline-acc-id=\"specification-f44ea2\" data-ccs-cc-inline-acc-state=\"collapsed\" aria-expanded=\"false\" aria-label=\"Especificaciones shows more content\">Especificaciones<\/a><\/h3>\n<div tabindex=\"-1\" data-media-type=\"image\" data-image-url=\"https:\/\/cdn.cs.1worldsync.com\/syndication\/mediaserverredirect\/dd4259a74792700f957f7143b24d20cd\/original.png\" data-caption=\"\" data-ccs-fancybox=\"media-f44ea2\" data-src=\"https:\/\/cdn.cs.1worldsync.com\/syndication\/mediaserverredirect\/dd4259a74792700f957f7143b24d20cd\/original.png\" data-slick-index=\"2\" aria-hidden=\"false\">\n<table>\n<tbody>\n<tr>\n<th class=\"ccs-cc-inline-specs-group\" colspan=\"2\" scope=\"colgroup\">Imprimir:<\/th>\n<\/tr>\n<tr class=\"ccs-cc-inline-specs-row\">\n<th class=\"ccs-cc-inline-specification-attribute\" scope=\"row\">Tecnolog\u00eda de Impresi\u00f3n:<\/th>\n<td>\n<div>Impresi\u00f3n t\u00e9rmica directa<\/div>\n<div id=\"gtx-trans\">\n<div class=\"gtx-trans-icon\"><\/div>\n<\/div>\n<\/td>\n<\/tr>\n<tr class=\"ccs-cc-inline-specs-row\">\n<th class=\"ccs-cc-inline-specification-attribute\" scope=\"row\">Velocidad de Impresi\u00f3n:<\/th>\n<td>\n<div>M\u00e1x. 250 mm\/seg<\/div>\n<\/td>\n<\/tr>\n<tr>\n<th class=\"ccs-cc-inline-specs-group\" colspan=\"2\" scope=\"colgroup\">General:<\/th>\n<\/tr>\n<tr class=\"ccs-cc-inline-specs-row\">\n<th class=\"ccs-cc-inline-specification-attribute\" scope=\"row\">Sistemas de Operaci\u00f3n:<\/th>\n<td>\u2013 Windows\u00ae 7\/8\/8.1\/10\/11, Windows Server\u00ae 2008\/2008 R2\/ 2012\/2012 R2\/2016\/2019\/2022, Windows\u00ae Embedded Standard 7\/ POSReady 7\/8.1 Industry \u2013 Linux\u00ae Ubuntu 18.04, CentOS 7 1810, openSUSE 13.1 \u2013 Mac\u00ae OS X 10.10.5\/10.11, macOS\u00ae 10.12\/10.13\/10.14\/10.15\/11\/12\/13\/14<\/td>\n<\/tr>\n<tr class=\"ccs-cc-inline-specs-row\">\n<th class=\"ccs-cc-inline-specification-attribute\" scope=\"row\">Dimensiones:<\/th>\n<td>\n<div>140 mm 192 mm 137 mm\u00a0(An x Pr x Al)<\/div>\n<\/td>\n<\/tr>\n<tr class=\"ccs-cc-inline-specs-row\">\n<th class=\"ccs-cc-inline-specification-attribute\" scope=\"row\">Peso:<\/th>\n<td>\n<div>1.5 kg (3.31 lb) (sin rollo de papel)<\/div>\n<\/td>\n<\/tr>\n<tr class=\"ccs-cc-inline-specs-row\">\n<th class=\"ccs-cc-inline-specification-attribute\" scope=\"row\">Normas de Seguridad:<\/th>\n<td>\n<div>UL62368-1, CAN\/CSA C22.2 No.62368-1<\/div>\n<\/td>\n<\/tr>\n<tr class=\"ccs-cc-inline-specs-row\">\n<th class=\"ccs-cc-inline-specification-attribute\" scope=\"row\">Color de la Carcasa:<\/th>\n<td>\n<div>Negro Epson (EBCK)<\/div>\n<\/td>\n<\/tr>\n<tr>\n<th class=\"ccs-cc-inline-specs-group\" colspan=\"2\" scope=\"colgroup\">Fuentes de Impresi\u00f3n:<\/th>\n<\/tr>\n<tr class=\"ccs-cc-inline-specs-row\">\n<th class=\"ccs-cc-inline-specification-attribute\" scope=\"row\">Fuentes de impresi\u00f3n:<\/th>\n<td>\n<div>Fuente A (predeterminada): 12 x 24 (incluido el espaciado horizontal de 2 puntos) Fuente B: 9 x 17 (incluido espaciado horizontal de 2 puntos)<\/div>\n<\/td>\n<\/tr>\n<tr class=\"ccs-cc-inline-specs-row\">\n<th class=\"ccs-cc-inline-specification-attribute\" scope=\"row\">Capacidad de la columna:<\/th>\n<td>\n<div>Est\u00e1ndar: modelo de ancho de papel de 80 mm, 48\/64 columnas Modo de 42 columnas: ancho de papel 80 mm, 42\/60 columnas<\/div>\n<\/td>\n<\/tr>\n<tr class=\"ccs-cc-inline-specs-row\">\n<th class=\"ccs-cc-inline-specification-attribute\" scope=\"row\">Tama\u00f1o del car\u00e1cter:<\/th>\n<td>\n<div>Fuente A: 1,25 x 3 mm<\/div>\n<div>Fuente B: 0,88 x 2,13 mm<\/div>\n<div>95 alfanum\u00e9ricos, 43 p\u00e1ginas de gr\u00e1ficos extendidos (128&#215;43), 18 juegos de caracteres internacionales<\/div>\n<\/td>\n<\/tr>\n<tr class=\"ccs-cc-inline-specs-row\">\n<th class=\"ccs-cc-inline-specification-attribute\" scope=\"row\">C\u00f3digo de Barras:<\/th>\n<td>UPC-A\/E, JAN8 (EAN8), JAN13 (EAN13), ITF, CODABAR (NW-7), CODE 39\/93\/128\/128 auto, GS1-128, GS1 DataBar Omnidirectional\/Truncated\/Stacked\/Stacked Omnidirectional\/Limited\/Expanded\/Expanded Stacked, PDF417, QR Code, MaxiCode, Composite Symbology<\/td>\n<\/tr>\n<tr>\n<th class=\"ccs-cc-inline-specs-group\" colspan=\"2\" scope=\"colgroup\">Manejo de Sustratos:<\/th>\n<\/tr>\n<tr class=\"ccs-cc-inline-specs-row\">\n<th class=\"ccs-cc-inline-specification-attribute\" scope=\"row\">Grosor:<\/th>\n<td>53 &#8211; 75 \u03bcm<\/td>\n<\/tr>\n<tr class=\"ccs-cc-inline-specs-row\">\n<th class=\"ccs-cc-inline-specification-attribute\" scope=\"row\">Di\u00e1metro del rollo:<\/th>\n<td>80 mm: 79,5 \u00b1 0,5 mm 3,27&#8243; (di\u00e1metro exterior m\u00e1ximo)<\/td>\n<\/tr>\n<tr>\n<th class=\"ccs-cc-inline-specs-group\" colspan=\"2\" scope=\"colgroup\">Conectividad:<\/th>\n<\/tr>\n<tr class=\"ccs-cc-inline-specs-row\">\n<th class=\"ccs-cc-inline-specification-attribute\" scope=\"row\">Interfaz<\/th>\n<td>\n<div>Modelo serial: USB + Serial (RS-232)<\/div>\n<div>Modelo ethernet: USB + Ethernet<\/div>\n<\/td>\n<\/tr>\n<tr class=\"ccs-cc-inline-specs-row\">\n<th class=\"ccs-cc-inline-specification-attribute\" scope=\"row\">Tecnolog\u00eda de impresi\u00f3n Epson ePOS<\/th>\n<td>Admite ePOS SDK para impresi\u00f3n directa desde dispositivos m\u00f3viles iOSTM y AndroidTM (Utilizando el kit de desarrollo Epson ePOS SDK)<\/td>\n<\/tr>\n<tr>\n<th class=\"ccs-cc-inline-specs-group\" colspan=\"2\" scope=\"colgroup\">Detalles del POS:<\/th>\n<\/tr>\n<tr class=\"ccs-cc-inline-specs-row\">\n<th class=\"ccs-cc-inline-specification-attribute\" scope=\"row\">Confiabilidad:<\/th>\n<td>\n<div>MTBF: 360.000 horas<\/div>\n<div>MCBF: 60.000.000 l\u00edneas<\/div>\n<div>Cortador autom\u00e1tico: 1.5 millones de cortes<sup>3<\/sup><\/div>\n<\/td>\n<\/tr>\n<tr>\n<th class=\"ccs-cc-inline-specs-group\" colspan=\"2\" scope=\"colgroup\">Energ\u00eda:<\/th>\n<\/tr>\n<tr class=\"ccs-cc-inline-specs-row\">\n<th class=\"ccs-cc-inline-specification-attribute\" scope=\"row\">Fuente de alimentaci\u00f3n:<\/th>\n<td>\n<div>100 a 240 VCA, 50\/60 Hz, incorporada (cable de CA incluido)<\/div>\n<\/td>\n<\/tr>\n<tr class=\"ccs-cc-inline-specs-row\">\n<th class=\"ccs-cc-inline-specification-attribute\" scope=\"row\">Consumo de Energ\u00eda:<\/th>\n<td>\n<div>En funcionamiento: Aprox. 31.3 W<\/div>\n<div>En espera: Aprox. 0.96 W<\/div>\n<\/td>\n<\/tr>\n<\/tbody>\n<\/table>\n<\/div>\n<div id=\"media-f44ea2\" class=\"ccs-cc-inline-section ccs-cc-inline-media\" data-elementid=\"inline-content-gallery[eps]\" data-context=\"{&quot;labels&quot;:[&quot;SD&quot;],&quot;mobile&quot;:false}\" data-ccs-cc-inline-jumplink=\"Galer\u00eda multimedia\" data-display-mode=\"withheader\">\n<div class=\"ccs-cc-ig ccs-cc-ig-cloud\">\n<div class=\"ccs-slick-initialized ccs-slick-slider\">\n<div class=\"ccs-slick-list\">\n<div class=\"ccs-slick-track\">\n<div tabindex=\"-1\" data-media-type=\"image\" data-image-url=\"https:\/\/cdn.cs.1worldsync.com\/syndication\/mediaserverredirect\/dd4259a74792700f957f7143b24d20cd\/original.png\" data-caption=\"\" data-ccs-fancybox=\"media-f44ea2\" data-src=\"https:\/\/cdn.cs.1worldsync.com\/syndication\/mediaserverredirect\/dd4259a74792700f957f7143b24d20cd\/original.png\" data-slick-index=\"2\" aria-hidden=\"false\"><\/div>\n<\/div>\n<\/div>\n<\/div>\n<\/div>\n<\/div>\n<div class=\"ccs-cc-inline-section ccs-cc-inline-features\" data-elementid=\"inline-content-features[eps]\" data-context=\"{&quot;labels&quot;:[&quot;SD&quot;],&quot;mobile&quot;:false}\" data-ccs-cc-inline-jumplink=\"Funciones\" data-display-mode=\"noheader\">\n<div class=\"ccs-cc-inline-features-block ccs-cc-inline-single-feature\">\n<div class=\"ccs-cc-inline-feature\" data-type=\"media\">\n<div class=\"ccs-cc-inline-feature-content ccs-cc-inline-thumbnail\"><\/div>\n<\/div>\n<\/div>\n<\/div>\n","protected":false},"excerpt":{"rendered":"<p>&#8211; Tecnolog\u00eda de Impresi\u00f3n:\u00a0Impresi\u00f3n t\u00e9rmica directa<br \/>\n&#8211; Modelo ethernet: USB + Ethernet<br \/>\n&#8211; Velocidad de Impresi\u00f3n: M\u00e1x. 250 mm\/seg<br \/>\n&#8211; Grosor papel:\u00a053 &#8211; 75 \u03bcm<br \/>\n&#8211; Di\u00e1metro del rollo:\u00a080 mm: 79,5 \u00b1 0,5 mm 3,27&#8243; (di\u00e1metro exterior m\u00e1ximo)<br \/>\n&#8211; Corte de papel: Autom\u00e1tico (auto-cutter)<br \/>\n&#8211; Dimensiones:\u00a0140 mm 192 mm 137 mm\u00a0(An x Pr x Al)<br \/>\n&#8211; Peso:\u00a01.5 kg (3.31 lb) (sin rollo de papel)<br \/>\n&#8211; Admite ePOS SDK para impresi\u00f3n directa desde dispositivos m\u00f3viles iOSTM y AndroidTM (Utilizando el kit de desarrollo Epson ePOS SDK)<\/p>\n","protected":false},"featured_media":33884,"comment_status":"open","ping_status":"closed","template":"","meta":{"jetpack_publicize_message":"","jetpack_publicize_feature_enabled":true,"jetpack_social_post_already_shared":true,"jetpack_social_options":{"image_generator_settings":{"template":"highway","default_image_id":0,"font":"","enabled":false},"version":2}},"pwb-brand":[188],"product_brand":[],"product_cat":[174,305],"product_tag":[],"class_list":{"0":"post-33887","1":"product","2":"type-product","3":"status-publish","4":"has-post-thumbnail","6":"pwb-brand-epson","7":"product_cat-imptermica","8":"product_cat-impresoratermicarecibos","10":"first","11":"instock","12":"taxable","13":"shipping-taxable","14":"product-type-simple"},"yoast_head":"<!-- This site is optimized with the Yoast SEO Premium plugin v25.7.1 (Yoast SEO v26.8) - https:\/\/yoast.com\/product\/yoast-seo-premium-wordpress\/ -->\n<title>Impresora T\u00e9rmica para Recibos USB Ethernet T20IV-L Epson - Mivoot<\/title>\n<meta name=\"robots\" content=\"index, follow, max-snippet:-1, max-image-preview:large, max-video-preview:-1\" \/>\n<link rel=\"canonical\" href=\"https:\/\/mivoot.com\/gt\/producto\/impresora-termica-para-recibos-usb-ethernet-t20iv-l-epson\/\" \/>\n<meta property=\"og:locale\" content=\"es_ES\" \/>\n<meta property=\"og:type\" content=\"article\" \/>\n<meta property=\"og:title\" content=\"Impresora T\u00e9rmica para Recibos USB Ethernet T20IV-L Epson\" \/>\n<meta property=\"og:description\" content=\"- Tecnolog\u00eda de Impresi\u00f3n:\u00a0Impresi\u00f3n t\u00e9rmica directa - Modelo ethernet: USB + Ethernet - Velocidad de Impresi\u00f3n: M\u00e1x. 250 mm\/seg - Grosor papel:\u00a053 - 75 \u03bcm - Di\u00e1metro del rollo:\u00a080 mm: 79,5 \u00b1 0,5 mm 3,27&quot; (di\u00e1metro exterior m\u00e1ximo) - Corte de papel: Autom\u00e1tico (auto-cutter) - Dimensiones:\u00a0140 mm 192 mm 137 mm\u00a0(An x Pr x Al) - Peso:\u00a01.5 kg (3.31 lb) (sin rollo de papel) - Admite ePOS SDK para impresi\u00f3n directa desde dispositivos m\u00f3viles iOSTM y AndroidTM (Utilizando el kit de desarrollo Epson ePOS SDK)\" \/>\n<meta property=\"og:url\" content=\"https:\/\/mivoot.com\/gt\/producto\/impresora-termica-para-recibos-usb-ethernet-t20iv-l-epson\/\" \/>\n<meta property=\"og:site_name\" content=\"Mivoot\" \/>\n<meta property=\"article:publisher\" content=\"https:\/\/www.facebook.com\/mivootgt\" \/>\n<meta property=\"article:modified_time\" content=\"2026-05-11T23:18:17+00:00\" \/>\n<meta property=\"og:image\" content=\"https:\/\/mivoot.com\/gt\/wp-content\/uploads\/2026\/05\/T20IV-2.jpg\" \/>\n\t<meta property=\"og:image:width\" content=\"1200\" \/>\n\t<meta property=\"og:image:height\" content=\"900\" \/>\n\t<meta property=\"og:image:type\" content=\"image\/jpeg\" \/>\n<meta name=\"twitter:card\" content=\"summary_large_image\" \/>\n<meta name=\"twitter:label1\" content=\"Est. reading time\" \/>\n\t<meta name=\"twitter:data1\" content=\"3 minutos\" \/>\n<script type=\"application\/ld+json\" class=\"yoast-schema-graph\">{\"@context\":\"https:\/\/schema.org\",\"@graph\":[{\"@type\":\"WebPage\",\"@id\":\"https:\/\/mivoot.com\/gt\/producto\/impresora-termica-para-recibos-usb-ethernet-t20iv-l-epson\/\",\"url\":\"https:\/\/mivoot.com\/gt\/producto\/impresora-termica-para-recibos-usb-ethernet-t20iv-l-epson\/\",\"name\":\"Impresora T\u00e9rmica para Recibos USB Ethernet T20IV-L Epson - Mivoot\",\"isPartOf\":{\"@id\":\"https:\/\/mivoot.com\/gt\/#website\"},\"primaryImageOfPage\":{\"@id\":\"https:\/\/mivoot.com\/gt\/producto\/impresora-termica-para-recibos-usb-ethernet-t20iv-l-epson\/#primaryimage\"},\"image\":{\"@id\":\"https:\/\/mivoot.com\/gt\/producto\/impresora-termica-para-recibos-usb-ethernet-t20iv-l-epson\/#primaryimage\"},\"thumbnailUrl\":\"https:\/\/mivoot.com\/gt\/wp-content\/uploads\/2026\/05\/T20IV-2.jpg\",\"datePublished\":\"2026-05-11T23:16:28+00:00\",\"dateModified\":\"2026-05-11T23:18:17+00:00\",\"breadcrumb\":{\"@id\":\"https:\/\/mivoot.com\/gt\/producto\/impresora-termica-para-recibos-usb-ethernet-t20iv-l-epson\/#breadcrumb\"},\"inLanguage\":\"es\",\"potentialAction\":[{\"@type\":\"ReadAction\",\"target\":[\"https:\/\/mivoot.com\/gt\/producto\/impresora-termica-para-recibos-usb-ethernet-t20iv-l-epson\/\"]}]},{\"@type\":\"ImageObject\",\"inLanguage\":\"es\",\"@id\":\"https:\/\/mivoot.com\/gt\/producto\/impresora-termica-para-recibos-usb-ethernet-t20iv-l-epson\/#primaryimage\",\"url\":\"https:\/\/mivoot.com\/gt\/wp-content\/uploads\/2026\/05\/T20IV-2.jpg\",\"contentUrl\":\"https:\/\/mivoot.com\/gt\/wp-content\/uploads\/2026\/05\/T20IV-2.jpg\",\"width\":1200,\"height\":900},{\"@type\":\"BreadcrumbList\",\"@id\":\"https:\/\/mivoot.com\/gt\/producto\/impresora-termica-para-recibos-usb-ethernet-t20iv-l-epson\/#breadcrumb\",\"itemListElement\":[{\"@type\":\"ListItem\",\"position\":1,\"name\":\"Inicio\",\"item\":\"https:\/\/mivoot.com\/gt\/\"},{\"@type\":\"ListItem\",\"position\":2,\"name\":\"Productos\",\"item\":\"https:\/\/mivoot.com\/gt\/producto\/\"},{\"@type\":\"ListItem\",\"position\":3,\"name\":\"Epson\",\"item\":\"https:\/\/mivoot.com\/gt\/marca\/epson\/\"},{\"@type\":\"ListItem\",\"position\":4,\"name\":\"Impresora T\u00e9rmica para Recibos USB Ethernet T20IV-L Epson\"}]},{\"@type\":\"WebSite\",\"@id\":\"https:\/\/mivoot.com\/gt\/#website\",\"url\":\"https:\/\/mivoot.com\/gt\/\",\"name\":\"Mivoot\",\"description\":\"Mivoot Guatemala | Tienda Online\",\"publisher\":{\"@id\":\"https:\/\/mivoot.com\/gt\/#organization\"},\"alternateName\":\"mivoot\",\"potentialAction\":[{\"@type\":\"SearchAction\",\"target\":{\"@type\":\"EntryPoint\",\"urlTemplate\":\"https:\/\/mivoot.com\/gt\/?s={search_term_string}\"},\"query-input\":{\"@type\":\"PropertyValueSpecification\",\"valueRequired\":true,\"valueName\":\"search_term_string\"}}],\"inLanguage\":\"es\"},{\"@type\":\"Organization\",\"@id\":\"https:\/\/mivoot.com\/gt\/#organization\",\"name\":\"Mivoot Guatemala\",\"alternateName\":\"mivoot.com\",\"url\":\"https:\/\/mivoot.com\/gt\/\",\"logo\":{\"@type\":\"ImageObject\",\"inLanguage\":\"es\",\"@id\":\"https:\/\/mivoot.com\/gt\/#\/schema\/logo\/image\/\",\"url\":\"https:\/\/mivoot.com\/gt\/wp-content\/uploads\/2023\/03\/cropped-icon.png\",\"contentUrl\":\"https:\/\/mivoot.com\/gt\/wp-content\/uploads\/2023\/03\/cropped-icon.png\",\"width\":512,\"height\":512,\"caption\":\"Mivoot Guatemala\"},\"image\":{\"@id\":\"https:\/\/mivoot.com\/gt\/#\/schema\/logo\/image\/\"},\"sameAs\":[\"https:\/\/www.facebook.com\/mivootgt\",\"https:\/\/instagram.com\/mivoot\"]}]}<\/script>\n<!-- \/ Yoast SEO Premium plugin. -->","yoast_head_json":{"title":"Impresora T\u00e9rmica para Recibos USB Ethernet T20IV-L Epson - Mivoot","robots":{"index":"index","follow":"follow","max-snippet":"max-snippet:-1","max-image-preview":"max-image-preview:large","max-video-preview":"max-video-preview:-1"},"canonical":"https:\/\/mivoot.com\/gt\/producto\/impresora-termica-para-recibos-usb-ethernet-t20iv-l-epson\/","og_locale":"es_ES","og_type":"article","og_title":"Impresora T\u00e9rmica para Recibos USB Ethernet T20IV-L Epson","og_description":"- Tecnolog\u00eda de Impresi\u00f3n:\u00a0Impresi\u00f3n t\u00e9rmica directa - Modelo ethernet: USB + Ethernet - Velocidad de Impresi\u00f3n: M\u00e1x. 250 mm\/seg - Grosor papel:\u00a053 - 75 \u03bcm - Di\u00e1metro del rollo:\u00a080 mm: 79,5 \u00b1 0,5 mm 3,27\" (di\u00e1metro exterior m\u00e1ximo) - Corte de papel: Autom\u00e1tico (auto-cutter) - Dimensiones:\u00a0140 mm 192 mm 137 mm\u00a0(An x Pr x Al) - Peso:\u00a01.5 kg (3.31 lb) (sin rollo de papel) - Admite ePOS SDK para impresi\u00f3n directa desde dispositivos m\u00f3viles iOSTM y AndroidTM (Utilizando el kit de desarrollo Epson ePOS SDK)","og_url":"https:\/\/mivoot.com\/gt\/producto\/impresora-termica-para-recibos-usb-ethernet-t20iv-l-epson\/","og_site_name":"Mivoot","article_publisher":"https:\/\/www.facebook.com\/mivootgt","article_modified_time":"2026-05-11T23:18:17+00:00","og_image":[{"width":1200,"height":900,"url":"https:\/\/mivoot.com\/gt\/wp-content\/uploads\/2026\/05\/T20IV-2.jpg","type":"image\/jpeg"}],"twitter_card":"summary_large_image","twitter_misc":{"Est. reading time":"3 minutos"},"schema":{"@context":"https:\/\/schema.org","@graph":[{"@type":"WebPage","@id":"https:\/\/mivoot.com\/gt\/producto\/impresora-termica-para-recibos-usb-ethernet-t20iv-l-epson\/","url":"https:\/\/mivoot.com\/gt\/producto\/impresora-termica-para-recibos-usb-ethernet-t20iv-l-epson\/","name":"Impresora T\u00e9rmica para Recibos USB Ethernet T20IV-L Epson - Mivoot","isPartOf":{"@id":"https:\/\/mivoot.com\/gt\/#website"},"primaryImageOfPage":{"@id":"https:\/\/mivoot.com\/gt\/producto\/impresora-termica-para-recibos-usb-ethernet-t20iv-l-epson\/#primaryimage"},"image":{"@id":"https:\/\/mivoot.com\/gt\/producto\/impresora-termica-para-recibos-usb-ethernet-t20iv-l-epson\/#primaryimage"},"thumbnailUrl":"https:\/\/mivoot.com\/gt\/wp-content\/uploads\/2026\/05\/T20IV-2.jpg","datePublished":"2026-05-11T23:16:28+00:00","dateModified":"2026-05-11T23:18:17+00:00","breadcrumb":{"@id":"https:\/\/mivoot.com\/gt\/producto\/impresora-termica-para-recibos-usb-ethernet-t20iv-l-epson\/#breadcrumb"},"inLanguage":"es","potentialAction":[{"@type":"ReadAction","target":["https:\/\/mivoot.com\/gt\/producto\/impresora-termica-para-recibos-usb-ethernet-t20iv-l-epson\/"]}]},{"@type":"ImageObject","inLanguage":"es","@id":"https:\/\/mivoot.com\/gt\/producto\/impresora-termica-para-recibos-usb-ethernet-t20iv-l-epson\/#primaryimage","url":"https:\/\/mivoot.com\/gt\/wp-content\/uploads\/2026\/05\/T20IV-2.jpg","contentUrl":"https:\/\/mivoot.com\/gt\/wp-content\/uploads\/2026\/05\/T20IV-2.jpg","width":1200,"height":900},{"@type":"BreadcrumbList","@id":"https:\/\/mivoot.com\/gt\/producto\/impresora-termica-para-recibos-usb-ethernet-t20iv-l-epson\/#breadcrumb","itemListElement":[{"@type":"ListItem","position":1,"name":"Inicio","item":"https:\/\/mivoot.com\/gt\/"},{"@type":"ListItem","position":2,"name":"Productos","item":"https:\/\/mivoot.com\/gt\/producto\/"},{"@type":"ListItem","position":3,"name":"Epson","item":"https:\/\/mivoot.com\/gt\/marca\/epson\/"},{"@type":"ListItem","position":4,"name":"Impresora T\u00e9rmica para Recibos USB Ethernet T20IV-L Epson"}]},{"@type":"WebSite","@id":"https:\/\/mivoot.com\/gt\/#website","url":"https:\/\/mivoot.com\/gt\/","name":"Mivoot","description":"Mivoot Guatemala | Tienda Online","publisher":{"@id":"https:\/\/mivoot.com\/gt\/#organization"},"alternateName":"mivoot","potentialAction":[{"@type":"SearchAction","target":{"@type":"EntryPoint","urlTemplate":"https:\/\/mivoot.com\/gt\/?s={search_term_string}"},"query-input":{"@type":"PropertyValueSpecification","valueRequired":true,"valueName":"search_term_string"}}],"inLanguage":"es"},{"@type":"Organization","@id":"https:\/\/mivoot.com\/gt\/#organization","name":"Mivoot Guatemala","alternateName":"mivoot.com","url":"https:\/\/mivoot.com\/gt\/","logo":{"@type":"ImageObject","inLanguage":"es","@id":"https:\/\/mivoot.com\/gt\/#\/schema\/logo\/image\/","url":"https:\/\/mivoot.com\/gt\/wp-content\/uploads\/2023\/03\/cropped-icon.png","contentUrl":"https:\/\/mivoot.com\/gt\/wp-content\/uploads\/2023\/03\/cropped-icon.png","width":512,"height":512,"caption":"Mivoot Guatemala"},"image":{"@id":"https:\/\/mivoot.com\/gt\/#\/schema\/logo\/image\/"},"sameAs":["https:\/\/www.facebook.com\/mivootgt","https:\/\/instagram.com\/mivoot"]}]}},"jetpack_publicize_connections":[],"jetpack_sharing_enabled":true,"brands":[{"id":188,"name":"Epson","slug":"epson"}],"_links":{"self":[{"href":"https:\/\/mivoot.com\/gt\/wp-json\/wp\/v2\/product\/33887","targetHints":{"allow":["GET"]}}],"collection":[{"href":"https:\/\/mivoot.com\/gt\/wp-json\/wp\/v2\/product"}],"about":[{"href":"https:\/\/mivoot.com\/gt\/wp-json\/wp\/v2\/types\/product"}],"replies":[{"embeddable":true,"href":"https:\/\/mivoot.com\/gt\/wp-json\/wp\/v2\/comments?post=33887"}],"version-history":[{"count":1,"href":"https:\/\/mivoot.com\/gt\/wp-json\/wp\/v2\/product\/33887\/revisions"}],"predecessor-version":[{"id":33888,"href":"https:\/\/mivoot.com\/gt\/wp-json\/wp\/v2\/product\/33887\/revisions\/33888"}],"wp:featuredmedia":[{"embeddable":true,"href":"https:\/\/mivoot.com\/gt\/wp-json\/wp\/v2\/media\/33884"}],"wp:attachment":[{"href":"https:\/\/mivoot.com\/gt\/wp-json\/wp\/v2\/media?parent=33887"}],"wp:term":[{"taxonomy":"pwb-brand","embeddable":true,"href":"https:\/\/mivoot.com\/gt\/wp-json\/wp\/v2\/pwb-brand?post=33887"},{"taxonomy":"product_brand","embeddable":true,"href":"https:\/\/mivoot.com\/gt\/wp-json\/wp\/v2\/product_brand?post=33887"},{"taxonomy":"product_cat","embeddable":true,"href":"https:\/\/mivoot.com\/gt\/wp-json\/wp\/v2\/product_cat?post=33887"},{"taxonomy":"product_tag","embeddable":true,"href":"https:\/\/mivoot.com\/gt\/wp-json\/wp\/v2\/product_tag?post=33887"}],"curies":[{"name":"wp","href":"https:\/\/api.w.org\/{rel}","templated":true}]}}