{"id":33889,"date":"2026-05-11T17:31:50","date_gmt":"2026-05-11T23:31:50","guid":{"rendered":"https:\/\/mivoot.com\/gt\/?post_type=product&#038;p=33889"},"modified":"2026-05-11T17:32:48","modified_gmt":"2026-05-11T23:32:48","slug":"impresora-termica-para-recibos-usb-serial-y-ethernet-tm-t20iv-sp","status":"publish","type":"product","link":"https:\/\/mivoot.com\/gt\/producto\/impresora-termica-para-recibos-usb-serial-y-ethernet-tm-t20iv-sp\/","title":{"rendered":"Impresora T\u00e9rmica para Recibos USB Serial y Ethernet TM-T20IV-SP Epson"},"content":{"rendered":"<h1 style=\"text-align: center;\">Impresora T\u00e9rmica para Recibos USB Serial y Ethernet TM-T20IV-SP Epson<\/h1>\n<h4>Con un dise\u00f1o equilibrado entre velocidad, confiabilidad y asequibilidad en un paquete compacto, la termoimpresora de recibos TM-T20IV est\u00e1 pensada para satisfacer las exigentes necesidades de los puntos de venta actuales. Esta vers\u00e1til impresora es compatible con los sistemas trad. PC-POS y mPOS y tiene 2 opciones de conectividad para brindar flexibilidad y productividad excepcionales<\/h4>\n<h4>La TM-T20IV est\u00e1 pensada para la productividad. Por su velocidad de impresi\u00f3n m\u00e1x. de 250 mm\/s, LED de estado intuitivo y ahorro de papel m\u00e1x. del 30%<sup>1<\/sup>\u00a0es la soluci\u00f3n ideal para que el flujo de trabajo en el punto de venta sea r\u00e1pido y eficiente.<\/h4>\n<h4 class=\"name\">Triple conectividad, velocidad y eficiencia para el punto de venta<\/h4>\n<div class=\"description\">\n<p>La impresora de recibos TM-T20IV-SP se destaca por su triple conectividad, con interfaces USB, Serial y Ethernet que permiten una integraci\u00f3n flexible en entornos PC-POS y mPOS.<\/p>\n<p>Con una velocidad de impresi\u00f3n de hasta 310 mm\/s, agiliza la atenci\u00f3n al cliente y optimiza los flujos de trabajo. Su dise\u00f1o compacto y moderno equilibra funcionalidad y eficiencia, e incorpora funciones que contribuyen al ahorro de papel de hasta un 30%\u00b9 por cada ticket.<\/p>\n<ul>\n<li>Triple conectividad: USB, Serial y Ethernet<\/li>\n<li>Dise\u00f1o compacto y moderno<\/li>\n<li>Compatible con sistemas PC-POS y mPOS<\/li>\n<li>Funciones para optimizaci\u00f3n del uso de papel<\/li>\n<li>Integraci\u00f3n sencilla y confiable<\/li>\n<\/ul>\n<\/div>\n<p><img fetchpriority=\"high\" decoding=\"async\" class=\"aligncenter\" src=\"https:\/\/cdn.cs.1worldsync.com\/syndication\/mediaserverredirect\/c1148e3b90a42f034c9f8e29578b88a5\/original.png\" alt=\"Imagen del producto\" width=\"1016\" height=\"309\" \/><\/p>\n<p style=\"text-align: left;\"><img decoding=\"async\" class=\"alignnone wp-image-33893\" src=\"https:\/\/mivoot.com\/gt\/wp-content\/uploads\/2026\/05\/T20IV-SP-1-scaled.jpg\" alt=\"\" width=\"314\" height=\"418\" srcset=\"https:\/\/mivoot.com\/gt\/wp-content\/uploads\/2026\/05\/T20IV-SP-1-scaled.jpg 1920w, https:\/\/mivoot.com\/gt\/wp-content\/uploads\/2026\/05\/T20IV-SP-1-225x300.jpg 225w, https:\/\/mivoot.com\/gt\/wp-content\/uploads\/2026\/05\/T20IV-SP-1-1518x2024.jpg 1518w, https:\/\/mivoot.com\/gt\/wp-content\/uploads\/2026\/05\/T20IV-SP-1-768x1024.jpg 768w, https:\/\/mivoot.com\/gt\/wp-content\/uploads\/2026\/05\/T20IV-SP-1-1152x1536.jpg 1152w, https:\/\/mivoot.com\/gt\/wp-content\/uploads\/2026\/05\/T20IV-SP-1-1536x2048.jpg 1536w, https:\/\/mivoot.com\/gt\/wp-content\/uploads\/2026\/05\/T20IV-SP-1-9x12.jpg 9w, https:\/\/mivoot.com\/gt\/wp-content\/uploads\/2026\/05\/T20IV-SP-1-450x600.jpg 450w, https:\/\/mivoot.com\/gt\/wp-content\/uploads\/2026\/05\/T20IV-SP-1-410x547.jpg 410w, https:\/\/mivoot.com\/gt\/wp-content\/uploads\/2026\/05\/T20IV-SP-1-64x85.jpg 64w\" sizes=\"(max-width: 314px) 100vw, 314px\" \/>\u00a0 \u00a0 \u00a0 \u00a0 \u00a0 \u00a0 \u00a0 \u00a0 \u00a0 \u00a0 \u00a0 \u00a0 \u00a0<img decoding=\"async\" class=\"wp-image-33892 alignright\" src=\"https:\/\/mivoot.com\/gt\/wp-content\/uploads\/2026\/05\/T20IV-SP-0-scaled.jpg\" alt=\"\" width=\"321\" height=\"428\" srcset=\"https:\/\/mivoot.com\/gt\/wp-content\/uploads\/2026\/05\/T20IV-SP-0-scaled.jpg 1920w, https:\/\/mivoot.com\/gt\/wp-content\/uploads\/2026\/05\/T20IV-SP-0-225x300.jpg 225w, https:\/\/mivoot.com\/gt\/wp-content\/uploads\/2026\/05\/T20IV-SP-0-1518x2024.jpg 1518w, https:\/\/mivoot.com\/gt\/wp-content\/uploads\/2026\/05\/T20IV-SP-0-768x1024.jpg 768w, https:\/\/mivoot.com\/gt\/wp-content\/uploads\/2026\/05\/T20IV-SP-0-1152x1536.jpg 1152w, https:\/\/mivoot.com\/gt\/wp-content\/uploads\/2026\/05\/T20IV-SP-0-1536x2048.jpg 1536w, https:\/\/mivoot.com\/gt\/wp-content\/uploads\/2026\/05\/T20IV-SP-0-9x12.jpg 9w, https:\/\/mivoot.com\/gt\/wp-content\/uploads\/2026\/05\/T20IV-SP-0-450x600.jpg 450w, https:\/\/mivoot.com\/gt\/wp-content\/uploads\/2026\/05\/T20IV-SP-0-410x547.jpg 410w, https:\/\/mivoot.com\/gt\/wp-content\/uploads\/2026\/05\/T20IV-SP-0-64x85.jpg 64w\" sizes=\"(max-width: 321px) 100vw, 321px\" \/><\/p>\n<h3>Especificaciones<\/h3>\n<table>\n<tbody>\n<tr>\n<th class=\"ccs-cc-inline-specs-group\" colspan=\"2\" scope=\"colgroup\">Imprimir:<\/th>\n<\/tr>\n<tr class=\"ccs-cc-inline-specs-row\">\n<th class=\"ccs-cc-inline-specification-attribute\" scope=\"row\">Tecnolog\u00eda de Impresi\u00f3n:<\/th>\n<td>\n<div>Impresi\u00f3n t\u00e9rmica de l\u00edneas<\/div>\n<\/td>\n<\/tr>\n<tr class=\"ccs-cc-inline-specs-row\">\n<th class=\"ccs-cc-inline-specification-attribute\" scope=\"row\">Velocidad de Impresi\u00f3n:<\/th>\n<td>\n<div>M\u00e1x. 310 mm\/seg<\/div>\n<\/td>\n<\/tr>\n<tr>\n<th class=\"ccs-cc-inline-specs-group\" colspan=\"2\" scope=\"colgroup\">General:<\/th>\n<\/tr>\n<tr class=\"ccs-cc-inline-specs-row\">\n<th class=\"ccs-cc-inline-specification-attribute\" scope=\"row\">Sistemas de Operaci\u00f3n:<\/th>\n<td>\n<div>Windows\u00ae 7\/8\/8.1\/10\/11, Windows Server\u00ae 2008\/2008 R2\/ 2012\/2012 R2\/2016\/2019\/2022, Windows\u00ae Embedded Standard 7\/ POSReady 7\/8.1 Industry \u2013 Linux\u00ae Ubuntu 18.04, CentOS 7 1810, openSUSE 13.1 \u2013 Mac\u00ae OS X 10.10.5\/10.11, macOS 10.12\/10.13\/10.14\/10.15\/11\/12\/13\/14\/15<\/div>\n<\/td>\n<\/tr>\n<tr class=\"ccs-cc-inline-specs-row\">\n<th class=\"ccs-cc-inline-specification-attribute\" scope=\"row\">Dimensiones:<\/th>\n<td>\n<div>140 mm 199 mm 146 mm\u00a0(An x Pr x Al)<\/div>\n<\/td>\n<\/tr>\n<tr class=\"ccs-cc-inline-specs-row\">\n<th class=\"ccs-cc-inline-specification-attribute\" scope=\"row\">Peso:<\/th>\n<td>\n<div>1.7 kg (3.75 lb) (sin rollo de papel)<\/div>\n<\/td>\n<\/tr>\n<tr class=\"ccs-cc-inline-specs-row\">\n<th class=\"ccs-cc-inline-specification-attribute\" scope=\"row\">Normas de Seguridad:<\/th>\n<td>\n<div>UL62368-1, CAN\/CSA C22.2 No.62368-1<\/div>\n<\/td>\n<\/tr>\n<tr class=\"ccs-cc-inline-specs-row\">\n<th class=\"ccs-cc-inline-specification-attribute\" scope=\"row\">Color de la Carcasa:<\/th>\n<td>\n<div>Negro Epson (EBCK)<\/div>\n<\/td>\n<\/tr>\n<tr>\n<th class=\"ccs-cc-inline-specs-group\" colspan=\"2\" scope=\"colgroup\">Fuentes de Impresi\u00f3n:<\/th>\n<\/tr>\n<tr class=\"ccs-cc-inline-specs-row\">\n<th class=\"ccs-cc-inline-specification-attribute\" scope=\"row\">Fuentes de impresi\u00f3n:<\/th>\n<td>\n<div>Fuente A 12 x 24 (predeterminado)<\/div>\n<div>Fuente B 9 x 17 puntos\/caracter<\/div>\n<\/td>\n<\/tr>\n<tr class=\"ccs-cc-inline-specs-row\">\n<th class=\"ccs-cc-inline-specification-attribute\" scope=\"row\">Capacidad de la columna:<\/th>\n<td>\n<div>Est\u00e1ndar:<\/div>\n<div>Ancho de papel 80 mm: 48\/64 columnas<\/div>\n<div>Ancho de papel 58 mm: 35\/46 columnas<\/div>\n<div>Modo de 42 columnas:<\/div>\n<div>Ancho de papel 80 mm: 42\/60 columnas<\/div>\n<div>Ancho de papel 58 mm: 42\/31 columnas<\/div>\n<\/td>\n<\/tr>\n<tr class=\"ccs-cc-inline-specs-row\">\n<th class=\"ccs-cc-inline-specification-attribute\" scope=\"row\">Tama\u00f1o del car\u00e1cter:<\/th>\n<td>\n<div>Fuente A 1.25 x 3.00 mm (predeterminado)<\/div>\n<div>Fuente B 0.80 x 2.13 mm<\/div>\n<div>Juego de Caracteres:95 alfanum\u00e9ricos, 18 internacionales, 128 x 43 gr\u00e1ficos<\/div>\n<\/td>\n<\/tr>\n<tr class=\"ccs-cc-inline-specs-row\">\n<th class=\"ccs-cc-inline-specification-attribute\" scope=\"row\">C\u00f3digo de Barras:<\/th>\n<td>UPC-A\/E, JAN 13 (EAN 13), JAN 8 (EAN), C\u00f3digo 39\/93\/128\/128 auto, CODABAR (NW-7), Simbolog\u00eda compuesta, GS1-128, GS1 DataBar, ITF<\/td>\n<\/tr>\n<tr>\n<th class=\"ccs-cc-inline-specs-group\" colspan=\"2\" scope=\"colgroup\">Manejo de Sustratos:<\/th>\n<\/tr>\n<tr class=\"ccs-cc-inline-specs-row\">\n<th class=\"ccs-cc-inline-specification-attribute\" scope=\"row\">Grosor:<\/th>\n<td>53 &#8211; 75 \u03bcm<\/td>\n<\/tr>\n<tr class=\"ccs-cc-inline-specs-row\">\n<th class=\"ccs-cc-inline-specification-attribute\" scope=\"row\">Di\u00e1metro del rollo:<\/th>\n<td>80 mm: 79.5 \u00b1 0.5 x 83 mm (3.13&#8243; \u00b1 0.02&#8243;) (ancho) x 3.27&#8243; (di\u00e1metro del rollo) 58 mm: 57.5 \u00b1 0.5 x 83 mm (2.26&#8243; \u00b1 0.02&#8243;) (ancho) x 3.27&#8243; (di\u00e1metro del rollo) 3,27&#8243; (di\u00e1metro exterior m\u00e1ximo)<\/td>\n<\/tr>\n<tr>\n<th class=\"ccs-cc-inline-specs-group\" colspan=\"2\" scope=\"colgroup\">Conectividad:<\/th>\n<\/tr>\n<tr class=\"ccs-cc-inline-specs-row\">\n<th class=\"ccs-cc-inline-specification-attribute\" scope=\"row\">Interfaz<\/th>\n<td>\n<div>Interfaz (Modelo de Triple Interfaz): USB Tipo-B Serial RS-232 D-Sub 9 pines Ethernet (10\/100Base-T\/TX) USB Tipo-A para dispositivo perif\u00e9rico Wi-Fi\u00ae opcional a trav\u00e9s del adaptador<\/div>\n<\/td>\n<\/tr>\n<tr class=\"ccs-cc-inline-specs-row\">\n<th class=\"ccs-cc-inline-specification-attribute\" scope=\"row\">Impresi\u00f3n desde un dispositivo m\u00f3vil:<\/th>\n<td>Sistemas operativos m\u00f3viles compatibles: iOS Windows\u00ae<\/p>\n<div><\/div>\n<div>Tecnolog\u00eda de impresi\u00f3n Epson ePOS Soporta el servicio ePOS para impresi\u00f3n directa desde dispositivos m\u00f3viles o aplicaciones basadas en la web. (Utilizando el kit de desarrollo Epson ePOS SDK)<\/div>\n<div id=\"gtx-trans\">\n<div class=\"gtx-trans-icon\"><\/div>\n<\/div>\n<\/td>\n<\/tr>\n<tr>\n<th class=\"ccs-cc-inline-specs-group\" colspan=\"2\" scope=\"colgroup\">Detalles del POS:<\/th>\n<\/tr>\n<tr class=\"ccs-cc-inline-specs-row\">\n<th class=\"ccs-cc-inline-specification-attribute\" scope=\"row\">Confiabilidad:<\/th>\n<td>\n<div>MTBF: 360.000 horas<\/div>\n<div>MCBF: 60.000.000 l\u00edneas<\/div>\n<div>Cortador autom\u00e1tico: 2 millones de cortes\u00b2<\/div>\n<\/td>\n<\/tr>\n<tr>\n<th class=\"ccs-cc-inline-specs-group\" colspan=\"2\" scope=\"colgroup\">Energ\u00eda:<\/th>\n<\/tr>\n<tr class=\"ccs-cc-inline-specs-row\">\n<th class=\"ccs-cc-inline-specification-attribute\" scope=\"row\">Voltaje de Fuente de Poder:<\/th>\n<td>\n<div>24 VDC \u00b1 7%<\/div>\n<\/td>\n<\/tr>\n<tr class=\"ccs-cc-inline-specs-row\">\n<th class=\"ccs-cc-inline-specification-attribute\" scope=\"row\">Consumo de Energ\u00eda:<\/th>\n<td>\n<div>En funcionamiento: Aprox. 27.2 W<\/div>\n<div>En espera: Aprox. 0.96 W<\/div>\n<\/td>\n<\/tr>\n<\/tbody>\n<\/table>\n","protected":false},"excerpt":{"rendered":"<p>Impresora T\u00e9rmica para Recibos USB Serial y Ethernet TM-T20IV-SP Epson Con un dise\u00f1o equilibrado entre velocidad, confiabilidad y asequibilidad en un paquete compacto, la termoimpresora de recibos TM-T20IV est\u00e1 pensada para satisfacer las exigentes necesidades de los puntos de venta actuales. Esta vers\u00e1til impresora es compatible con los sistemas trad. PC-POS y mPOS y tiene [&#8230;]\n","protected":false},"featured_media":33884,"comment_status":"open","ping_status":"closed","template":"","meta":{"jetpack_publicize_message":"","jetpack_publicize_feature_enabled":true,"jetpack_social_post_already_shared":true,"jetpack_social_options":{"image_generator_settings":{"template":"highway","default_image_id":0,"font":"","enabled":false},"version":2}},"pwb-brand":[188],"product_brand":[],"product_cat":[174,554],"product_tag":[],"class_list":{"0":"post-33889","1":"product","2":"type-product","3":"status-publish","4":"has-post-thumbnail","6":"pwb-brand-epson","7":"product_cat-imptermica","8":"product_cat-impresora-de-etiquetas","10":"first","11":"instock","12":"taxable","13":"shipping-taxable","14":"product-type-simple"},"yoast_head":"<!-- This site is optimized with the Yoast SEO Premium plugin v25.7.1 (Yoast SEO v26.8) - https:\/\/yoast.com\/product\/yoast-seo-premium-wordpress\/ -->\n<title>Impresora T\u00e9rmica para Recibos USB Serial y Ethernet TM-T20IV-SP Epson - Mivoot<\/title>\n<meta name=\"robots\" content=\"index, follow, max-snippet:-1, max-image-preview:large, max-video-preview:-1\" \/>\n<link rel=\"canonical\" href=\"https:\/\/mivoot.com\/gt\/producto\/impresora-termica-para-recibos-usb-serial-y-ethernet-tm-t20iv-sp\/\" \/>\n<meta property=\"og:locale\" content=\"es_ES\" \/>\n<meta property=\"og:type\" content=\"article\" \/>\n<meta property=\"og:title\" content=\"Impresora T\u00e9rmica para Recibos USB Serial y Ethernet TM-T20IV-SP Epson\" \/>\n<meta property=\"og:description\" content=\"Impresora T\u00e9rmica para Recibos USB Serial y Ethernet TM-T20IV-SP Epson Con un dise\u00f1o equilibrado entre velocidad, confiabilidad y asequibilidad en un paquete compacto, la termoimpresora de recibos TM-T20IV est\u00e1 pensada para satisfacer las exigentes necesidades de los puntos de venta actuales. Esta vers\u00e1til impresora es compatible con los sistemas trad. PC-POS y mPOS y tiene [...]\" \/>\n<meta property=\"og:url\" content=\"https:\/\/mivoot.com\/gt\/producto\/impresora-termica-para-recibos-usb-serial-y-ethernet-tm-t20iv-sp\/\" \/>\n<meta property=\"og:site_name\" content=\"Mivoot\" \/>\n<meta property=\"article:publisher\" content=\"https:\/\/www.facebook.com\/mivootgt\" \/>\n<meta property=\"article:modified_time\" content=\"2026-05-11T23:32:48+00:00\" \/>\n<meta property=\"og:image\" content=\"https:\/\/mivoot.com\/gt\/wp-content\/uploads\/2026\/05\/T20IV-2.jpg\" \/>\n\t<meta property=\"og:image:width\" content=\"1200\" \/>\n\t<meta property=\"og:image:height\" content=\"900\" \/>\n\t<meta property=\"og:image:type\" content=\"image\/jpeg\" \/>\n<meta name=\"twitter:card\" content=\"summary_large_image\" \/>\n<meta name=\"twitter:label1\" content=\"Est. reading time\" \/>\n\t<meta name=\"twitter:data1\" content=\"4 minutos\" \/>\n<script type=\"application\/ld+json\" class=\"yoast-schema-graph\">{\"@context\":\"https:\/\/schema.org\",\"@graph\":[{\"@type\":\"WebPage\",\"@id\":\"https:\/\/mivoot.com\/gt\/producto\/impresora-termica-para-recibos-usb-serial-y-ethernet-tm-t20iv-sp\/\",\"url\":\"https:\/\/mivoot.com\/gt\/producto\/impresora-termica-para-recibos-usb-serial-y-ethernet-tm-t20iv-sp\/\",\"name\":\"Impresora T\u00e9rmica para Recibos USB Serial y Ethernet TM-T20IV-SP Epson - Mivoot\",\"isPartOf\":{\"@id\":\"https:\/\/mivoot.com\/gt\/#website\"},\"primaryImageOfPage\":{\"@id\":\"https:\/\/mivoot.com\/gt\/producto\/impresora-termica-para-recibos-usb-serial-y-ethernet-tm-t20iv-sp\/#primaryimage\"},\"image\":{\"@id\":\"https:\/\/mivoot.com\/gt\/producto\/impresora-termica-para-recibos-usb-serial-y-ethernet-tm-t20iv-sp\/#primaryimage\"},\"thumbnailUrl\":\"https:\/\/mivoot.com\/gt\/wp-content\/uploads\/2026\/05\/T20IV-2.jpg\",\"datePublished\":\"2026-05-11T23:31:50+00:00\",\"dateModified\":\"2026-05-11T23:32:48+00:00\",\"breadcrumb\":{\"@id\":\"https:\/\/mivoot.com\/gt\/producto\/impresora-termica-para-recibos-usb-serial-y-ethernet-tm-t20iv-sp\/#breadcrumb\"},\"inLanguage\":\"es\",\"potentialAction\":[{\"@type\":\"ReadAction\",\"target\":[\"https:\/\/mivoot.com\/gt\/producto\/impresora-termica-para-recibos-usb-serial-y-ethernet-tm-t20iv-sp\/\"]}]},{\"@type\":\"ImageObject\",\"inLanguage\":\"es\",\"@id\":\"https:\/\/mivoot.com\/gt\/producto\/impresora-termica-para-recibos-usb-serial-y-ethernet-tm-t20iv-sp\/#primaryimage\",\"url\":\"https:\/\/mivoot.com\/gt\/wp-content\/uploads\/2026\/05\/T20IV-2.jpg\",\"contentUrl\":\"https:\/\/mivoot.com\/gt\/wp-content\/uploads\/2026\/05\/T20IV-2.jpg\",\"width\":1200,\"height\":900},{\"@type\":\"BreadcrumbList\",\"@id\":\"https:\/\/mivoot.com\/gt\/producto\/impresora-termica-para-recibos-usb-serial-y-ethernet-tm-t20iv-sp\/#breadcrumb\",\"itemListElement\":[{\"@type\":\"ListItem\",\"position\":1,\"name\":\"Inicio\",\"item\":\"https:\/\/mivoot.com\/gt\/\"},{\"@type\":\"ListItem\",\"position\":2,\"name\":\"Productos\",\"item\":\"https:\/\/mivoot.com\/gt\/producto\/\"},{\"@type\":\"ListItem\",\"position\":3,\"name\":\"Epson\",\"item\":\"https:\/\/mivoot.com\/gt\/marca\/epson\/\"},{\"@type\":\"ListItem\",\"position\":4,\"name\":\"Impresora T\u00e9rmica para Recibos USB Serial y Ethernet TM-T20IV-SP Epson\"}]},{\"@type\":\"WebSite\",\"@id\":\"https:\/\/mivoot.com\/gt\/#website\",\"url\":\"https:\/\/mivoot.com\/gt\/\",\"name\":\"Mivoot\",\"description\":\"Mivoot Guatemala | Tienda Online\",\"publisher\":{\"@id\":\"https:\/\/mivoot.com\/gt\/#organization\"},\"alternateName\":\"mivoot\",\"potentialAction\":[{\"@type\":\"SearchAction\",\"target\":{\"@type\":\"EntryPoint\",\"urlTemplate\":\"https:\/\/mivoot.com\/gt\/?s={search_term_string}\"},\"query-input\":{\"@type\":\"PropertyValueSpecification\",\"valueRequired\":true,\"valueName\":\"search_term_string\"}}],\"inLanguage\":\"es\"},{\"@type\":\"Organization\",\"@id\":\"https:\/\/mivoot.com\/gt\/#organization\",\"name\":\"Mivoot Guatemala\",\"alternateName\":\"mivoot.com\",\"url\":\"https:\/\/mivoot.com\/gt\/\",\"logo\":{\"@type\":\"ImageObject\",\"inLanguage\":\"es\",\"@id\":\"https:\/\/mivoot.com\/gt\/#\/schema\/logo\/image\/\",\"url\":\"https:\/\/mivoot.com\/gt\/wp-content\/uploads\/2023\/03\/cropped-icon.png\",\"contentUrl\":\"https:\/\/mivoot.com\/gt\/wp-content\/uploads\/2023\/03\/cropped-icon.png\",\"width\":512,\"height\":512,\"caption\":\"Mivoot Guatemala\"},\"image\":{\"@id\":\"https:\/\/mivoot.com\/gt\/#\/schema\/logo\/image\/\"},\"sameAs\":[\"https:\/\/www.facebook.com\/mivootgt\",\"https:\/\/instagram.com\/mivoot\"]}]}<\/script>\n<!-- \/ Yoast SEO Premium plugin. -->","yoast_head_json":{"title":"Impresora T\u00e9rmica para Recibos USB Serial y Ethernet TM-T20IV-SP Epson - Mivoot","robots":{"index":"index","follow":"follow","max-snippet":"max-snippet:-1","max-image-preview":"max-image-preview:large","max-video-preview":"max-video-preview:-1"},"canonical":"https:\/\/mivoot.com\/gt\/producto\/impresora-termica-para-recibos-usb-serial-y-ethernet-tm-t20iv-sp\/","og_locale":"es_ES","og_type":"article","og_title":"Impresora T\u00e9rmica para Recibos USB Serial y Ethernet TM-T20IV-SP Epson","og_description":"Impresora T\u00e9rmica para Recibos USB Serial y Ethernet TM-T20IV-SP Epson Con un dise\u00f1o equilibrado entre velocidad, confiabilidad y asequibilidad en un paquete compacto, la termoimpresora de recibos TM-T20IV est\u00e1 pensada para satisfacer las exigentes necesidades de los puntos de venta actuales. Esta vers\u00e1til impresora es compatible con los sistemas trad. PC-POS y mPOS y tiene [...]","og_url":"https:\/\/mivoot.com\/gt\/producto\/impresora-termica-para-recibos-usb-serial-y-ethernet-tm-t20iv-sp\/","og_site_name":"Mivoot","article_publisher":"https:\/\/www.facebook.com\/mivootgt","article_modified_time":"2026-05-11T23:32:48+00:00","og_image":[{"width":1200,"height":900,"url":"https:\/\/mivoot.com\/gt\/wp-content\/uploads\/2026\/05\/T20IV-2.jpg","type":"image\/jpeg"}],"twitter_card":"summary_large_image","twitter_misc":{"Est. reading time":"4 minutos"},"schema":{"@context":"https:\/\/schema.org","@graph":[{"@type":"WebPage","@id":"https:\/\/mivoot.com\/gt\/producto\/impresora-termica-para-recibos-usb-serial-y-ethernet-tm-t20iv-sp\/","url":"https:\/\/mivoot.com\/gt\/producto\/impresora-termica-para-recibos-usb-serial-y-ethernet-tm-t20iv-sp\/","name":"Impresora T\u00e9rmica para Recibos USB Serial y Ethernet TM-T20IV-SP Epson - Mivoot","isPartOf":{"@id":"https:\/\/mivoot.com\/gt\/#website"},"primaryImageOfPage":{"@id":"https:\/\/mivoot.com\/gt\/producto\/impresora-termica-para-recibos-usb-serial-y-ethernet-tm-t20iv-sp\/#primaryimage"},"image":{"@id":"https:\/\/mivoot.com\/gt\/producto\/impresora-termica-para-recibos-usb-serial-y-ethernet-tm-t20iv-sp\/#primaryimage"},"thumbnailUrl":"https:\/\/mivoot.com\/gt\/wp-content\/uploads\/2026\/05\/T20IV-2.jpg","datePublished":"2026-05-11T23:31:50+00:00","dateModified":"2026-05-11T23:32:48+00:00","breadcrumb":{"@id":"https:\/\/mivoot.com\/gt\/producto\/impresora-termica-para-recibos-usb-serial-y-ethernet-tm-t20iv-sp\/#breadcrumb"},"inLanguage":"es","potentialAction":[{"@type":"ReadAction","target":["https:\/\/mivoot.com\/gt\/producto\/impresora-termica-para-recibos-usb-serial-y-ethernet-tm-t20iv-sp\/"]}]},{"@type":"ImageObject","inLanguage":"es","@id":"https:\/\/mivoot.com\/gt\/producto\/impresora-termica-para-recibos-usb-serial-y-ethernet-tm-t20iv-sp\/#primaryimage","url":"https:\/\/mivoot.com\/gt\/wp-content\/uploads\/2026\/05\/T20IV-2.jpg","contentUrl":"https:\/\/mivoot.com\/gt\/wp-content\/uploads\/2026\/05\/T20IV-2.jpg","width":1200,"height":900},{"@type":"BreadcrumbList","@id":"https:\/\/mivoot.com\/gt\/producto\/impresora-termica-para-recibos-usb-serial-y-ethernet-tm-t20iv-sp\/#breadcrumb","itemListElement":[{"@type":"ListItem","position":1,"name":"Inicio","item":"https:\/\/mivoot.com\/gt\/"},{"@type":"ListItem","position":2,"name":"Productos","item":"https:\/\/mivoot.com\/gt\/producto\/"},{"@type":"ListItem","position":3,"name":"Epson","item":"https:\/\/mivoot.com\/gt\/marca\/epson\/"},{"@type":"ListItem","position":4,"name":"Impresora T\u00e9rmica para Recibos USB Serial y Ethernet TM-T20IV-SP Epson"}]},{"@type":"WebSite","@id":"https:\/\/mivoot.com\/gt\/#website","url":"https:\/\/mivoot.com\/gt\/","name":"Mivoot","description":"Mivoot Guatemala | Tienda Online","publisher":{"@id":"https:\/\/mivoot.com\/gt\/#organization"},"alternateName":"mivoot","potentialAction":[{"@type":"SearchAction","target":{"@type":"EntryPoint","urlTemplate":"https:\/\/mivoot.com\/gt\/?s={search_term_string}"},"query-input":{"@type":"PropertyValueSpecification","valueRequired":true,"valueName":"search_term_string"}}],"inLanguage":"es"},{"@type":"Organization","@id":"https:\/\/mivoot.com\/gt\/#organization","name":"Mivoot Guatemala","alternateName":"mivoot.com","url":"https:\/\/mivoot.com\/gt\/","logo":{"@type":"ImageObject","inLanguage":"es","@id":"https:\/\/mivoot.com\/gt\/#\/schema\/logo\/image\/","url":"https:\/\/mivoot.com\/gt\/wp-content\/uploads\/2023\/03\/cropped-icon.png","contentUrl":"https:\/\/mivoot.com\/gt\/wp-content\/uploads\/2023\/03\/cropped-icon.png","width":512,"height":512,"caption":"Mivoot Guatemala"},"image":{"@id":"https:\/\/mivoot.com\/gt\/#\/schema\/logo\/image\/"},"sameAs":["https:\/\/www.facebook.com\/mivootgt","https:\/\/instagram.com\/mivoot"]}]}},"jetpack_publicize_connections":[],"jetpack_sharing_enabled":true,"brands":[{"id":188,"name":"Epson","slug":"epson"}],"_links":{"self":[{"href":"https:\/\/mivoot.com\/gt\/wp-json\/wp\/v2\/product\/33889","targetHints":{"allow":["GET"]}}],"collection":[{"href":"https:\/\/mivoot.com\/gt\/wp-json\/wp\/v2\/product"}],"about":[{"href":"https:\/\/mivoot.com\/gt\/wp-json\/wp\/v2\/types\/product"}],"replies":[{"embeddable":true,"href":"https:\/\/mivoot.com\/gt\/wp-json\/wp\/v2\/comments?post=33889"}],"version-history":[{"count":2,"href":"https:\/\/mivoot.com\/gt\/wp-json\/wp\/v2\/product\/33889\/revisions"}],"predecessor-version":[{"id":33895,"href":"https:\/\/mivoot.com\/gt\/wp-json\/wp\/v2\/product\/33889\/revisions\/33895"}],"wp:featuredmedia":[{"embeddable":true,"href":"https:\/\/mivoot.com\/gt\/wp-json\/wp\/v2\/media\/33884"}],"wp:attachment":[{"href":"https:\/\/mivoot.com\/gt\/wp-json\/wp\/v2\/media?parent=33889"}],"wp:term":[{"taxonomy":"pwb-brand","embeddable":true,"href":"https:\/\/mivoot.com\/gt\/wp-json\/wp\/v2\/pwb-brand?post=33889"},{"taxonomy":"product_brand","embeddable":true,"href":"https:\/\/mivoot.com\/gt\/wp-json\/wp\/v2\/product_brand?post=33889"},{"taxonomy":"product_cat","embeddable":true,"href":"https:\/\/mivoot.com\/gt\/wp-json\/wp\/v2\/product_cat?post=33889"},{"taxonomy":"product_tag","embeddable":true,"href":"https:\/\/mivoot.com\/gt\/wp-json\/wp\/v2\/product_tag?post=33889"}],"curies":[{"name":"wp","href":"https:\/\/api.w.org\/{rel}","templated":true}]}}