{"id":33942,"date":"2026-05-14T13:19:13","date_gmt":"2026-05-14T19:19:13","guid":{"rendered":"https:\/\/mivoot.com\/gt\/?post_type=product&#038;p=33942"},"modified":"2026-05-14T13:29:55","modified_gmt":"2026-05-14T19:29:55","slug":"terminal-portatil-movil-6-android-64gb-5g-tc27-zebra","status":"publish","type":"product","link":"https:\/\/mivoot.com\/gt\/producto\/terminal-portatil-movil-6-android-64gb-5g-tc27-zebra\/","title":{"rendered":"Terminal Port\u00e1til M\u00f3vil 6&#8243; Android 64GB 5G TC27 Zebra"},"content":{"rendered":"<h1 style=\"text-align: center;\">Terminal Port\u00e1til M\u00f3vil 6&#8243; Android 64GB 5G TC27 Zebra<\/h1>\n<p>El TC27 m\u00f3vil 5G f\u00e1cil de transportar y de utilizar se ha dise\u00f1ado para durar y es apto para trabajar sobre el terreno en cualquier lugar.<\/p>\n<p>Los transportistas pueden tomar una foto de alta resoluci\u00f3n como prueba de entrega y estado de los art\u00edculos, as\u00ed como para cobrar pagos in situ. Los t\u00e9cnicos de reparaci\u00f3n y mantenimiento pueden escanear piezas mientras las utilizan, realizar una videollamada 5G con un experto remoto para obtener soporte t\u00e9cnico in situ o realizar el pago cuando termina el servicio.<\/p>\n<p>Con la ayuda de carteras digitales, ponga el TC27 a trabajar en cualquier lugar, desde estadios y parques nacionales hasta transporte, para aplicaciones de control de acceso y pago m\u00f3vil.<\/p>\n<h3>El dispositivo con estilo de tel\u00e9fono inteligente hecho para trabajar<\/h3>\n<h4><b>Impulse todas sus aplicaciones simult\u00e1neamente<\/b><\/h4>\n<p>Obtenga un rendimiento superior en todas sus aplicaciones con un procesador de \u00faltima generaci\u00f3n que ofrece el doble de rendimiento que la generaci\u00f3n anterior<sup>1<\/sup>, adem\u00e1s de opciones de almacenamiento de datos y memoria l\u00edderes en su clase.<\/p>\n<h4 id=\"integraci\u00f3n-en-entornos-tecnol\u00f3gicos\">Integraci\u00f3n en entornos tecnol\u00f3gicos<\/h4>\n<p>El TC27 est\u00e1 preparado para integrarse sin esfuerzo en un ecosistema moderno con capacidades de\u00a0<strong>WiFi<\/strong>\u00a0y\u00a0<strong>Bluetooth<\/strong>, permitiendo una comunicaci\u00f3n fluida con otros dispositivos y redes, consolidando su versatilidad en diversos escenarios de uso. Su sistema operativo\u00a0<strong>Android<\/strong>\u00a0proporciona acceso a una amplia gama de aplicaciones, facilitando la personalizaci\u00f3n seg\u00fan las necesidades espec\u00edficas de cada usuario.<\/p>\n<h4 id=\"mejora-en-el-desempe\u00f1o-operativo\">Mejora en el desempe\u00f1o operativo<\/h4>\n<p>La combinaci\u00f3n de un procesador potente y la memoria adecuada asegura un rendimiento eficiente que se traduce en procesos m\u00e1s r\u00e1pidos y efectivos, optimizando la interacci\u00f3n del usuario con el dispositivo. Estos atributos son especialmente valiosos en entornos de almac\u00e9n, log\u00edstica y retail.<\/p>\n<h4 id=\"casos-de-uso-y-p\u00fablico-objetivo\">Casos de uso y p\u00fablico objetivo<\/h4>\n<p>El terminal port\u00e1til Zebra TC27 es perfecto para empresas que requieren movilidad y robustez, como minoristas, gestores de inventario y operadores de log\u00edstica. Su dise\u00f1o ligero y resistente se adapta a usuarios en constante movimiento, asegurando que las tareas se realicen con agilidad y precisi\u00f3n.<\/p>\n<div class=\"text-jumbo text zbr-bg-cmp--pt-24 zbr-bg-cmp--pb-0 aem-GridColumn aem-GridColumn--default--6\">\n<section id=\"ib140699037134a1541ccab21a431ea07bde26f5f95445abe21c7e618fb0e5a32\" class=\"cmp-text-jumbo\">\n<div class=\"text-jumbo text-left text-dark\">\n<div class=\"cmp-text\">\n<p><b><span class=\"spec-sheet-caption\">Caracter\u00edsticas f\u00edsicas<\/span><\/b><\/p>\n<\/div>\n<\/div>\n<\/section>\n<\/div>\n<div class=\"text-jumbo text zbr-bg-cmp--pt-24 zbr-bg-cmp--pb-0 aem-GridColumn aem-GridColumn--default--6\">\n<section id=\"i53fe2d984e79ed3df9bd7c8753becee10da090f8ebd13d191a46c9e60b1cc0c5\" class=\"cmp-text-jumbo\">\n<div class=\"text-jumbo text-left text-dark\">\n<div class=\"cmp-text\">\n<table border=\"1\" width=\"100%\" cellspacing=\"0\" cellpadding=\"1\">\n<tbody>\n<tr>\n<td><b>Dimensiones<\/b><\/td>\n<td>6,5\u00a0in L x 3,0\u00a0in An x 0,49\u00a0in P<br \/>\n165\u00a0mm L x 76,3\u00a0mm An x 12,5\u00a0mm P<\/td>\n<\/tr>\n<tr>\n<td><b>Peso<\/b><\/td>\n<td>8,32 oz\/236 g\u00a0con bater\u00eda TC22 de 3800 mAh<br \/>\n9,24 oz\/262 g con bater\u00eda de 5200 mAh<\/td>\n<\/tr>\n<tr>\n<td><b>Pantalla<\/b><\/td>\n<td>Full HD+ (1080 x 2160) de 6,0\u00a0in a color; retroiluminaci\u00f3n LED; 450\u00a0nits; Corning\u2122 Gorilla\u2122 Glass<\/td>\n<\/tr>\n<tr>\n<td><b>Ventana del lector de im\u00e1genes<\/b><\/td>\n<td>Corning\u2122 Gorilla\u2122 Glass<\/td>\n<\/tr>\n<tr>\n<td><b>Panel t\u00e1ctil<\/b><\/td>\n<td>Panel t\u00e1ctil capacitivo multimodo con el dedo o con guantes finos<\/td>\n<\/tr>\n<tr>\n<td><b>Alimentaci\u00f3n<\/b><\/td>\n<td>Bater\u00eda de ion de litio recargable y extra\u00edble por el usuario PowerPrecision para conocer los datos de la bater\u00eda en tiempo real; capacidad est\u00e1ndar: 3800\u00a0mAh\/14,63\u00a0Wh; capacidad extendida: 5200\u00a0mAh\/20,02\u00a0Wh; bater\u00eda BLE: 3800\u00a0mAh\/14,63\u00a0Wh<\/td>\n<\/tr>\n<tr>\n<td><b>Ranura de expansi\u00f3n<\/b><\/td>\n<td>Tarjeta MicroSD accesible por el usuario que admite hasta 2\u00a0TB<\/td>\n<\/tr>\n<tr>\n<td><b>SIM<\/b><\/td>\n<td>Solo en el modelo TC27: 1 nano SIM y 1 eSIM (excepto en China)<\/td>\n<\/tr>\n<tr>\n<td><b>Conexiones de red<\/b><\/td>\n<td>TC22: WLAN, WPAN; TC27: WWAN, WLAN, WPAN<\/td>\n<\/tr>\n<tr>\n<td><b>Notificaciones<\/b><\/td>\n<td>Tono audible; LED de varios colores; vibraci\u00f3n<\/td>\n<\/tr>\n<tr>\n<td><b>Teclado<\/b><\/td>\n<td>Teclado en pantalla<\/td>\n<\/tr>\n<tr>\n<td><b>Audio<\/b><\/td>\n<td>Micr\u00f3fonos incorporados con cancelaci\u00f3n de ruido y grabaci\u00f3n est\u00e9reo; alerta vibratoria; altavoces duales para volumen; compatibilidad con auricular inal\u00e1mbrico Bluetooth; compatibilidad con auricular PTT (USB-C de Zebra); altavoz estereof\u00f3nico de alta calidad; voz en red celular con conmutaci\u00f3n de circuitos; voz HD; VoLTE EVS; VoIP incluyendo audio de banda superancha (SWB, por sus siglas en ingl\u00e9s)<\/td>\n<\/tr>\n<tr>\n<td><b>Botones<\/b><\/td>\n<td>Botones duales dedicados para escaneo; bot\u00f3n programable para PTT u otro uso; subir\/bajar volumen; encendido<\/td>\n<\/tr>\n<tr>\n<td><b>Puertos de interfaz<\/b><\/td>\n<td>USB 3.1 (inferior tipo C) de alta velocidad (host y cliente); conector trasero de 2 u 8\u00a0pines<\/td>\n<\/tr>\n<\/tbody>\n<\/table>\n<\/div>\n<\/div>\n<\/section>\n<\/div>\n","protected":false},"excerpt":{"rendered":"<p>&#8211; 5,2 cm (6&#8243;) 1080 x 2160 Pixeles Pantalla t\u00e1ctil<br \/>\n&#8211; 6 GB<br \/>\n&#8211; Tarjetas de memoria compatibles: MicroSD (TransFlash)<br \/>\n&#8211; Qualcomm 5430 2,1 GHz<br \/>\n&#8211; GPS (sat\u00e9lite) Android<br \/>\n&#8211; Bluetooth Bluetooth de baja energ\u00eda (BLE, Bluetooth Low Energy) Red de datos: 3G, 4G, 5G, LTE Comunicaci\u00f3n de Campo Cercano (NFC) Wifi<br \/>\n&#8211; C\u00e1mara incorporada 16 MP<br \/>\n&#8211; Micr\u00f3fono incorporado<br \/>\n&#8211; Bater\u00eda 3800 mAh<br \/>\n&#8211; Negro<\/p>\n","protected":false},"featured_media":33944,"comment_status":"open","ping_status":"closed","template":"","meta":{"jetpack_publicize_message":"","jetpack_publicize_feature_enabled":true,"jetpack_social_post_already_shared":true,"jetpack_social_options":{"image_generator_settings":{"template":"highway","default_image_id":0,"font":"","enabled":false},"version":2}},"pwb-brand":[189],"product_brand":[],"product_cat":[306],"product_tag":[],"class_list":{"0":"post-33942","1":"product","2":"type-product","3":"status-publish","4":"has-post-thumbnail","6":"pwb-brand-zebra","7":"product_cat-posmovil","9":"first","10":"instock","11":"taxable","12":"shipping-taxable","13":"purchasable","14":"product-type-simple"},"yoast_head":"<!-- This site is optimized with the Yoast SEO Premium plugin v25.7.1 (Yoast SEO v26.8) - https:\/\/yoast.com\/product\/yoast-seo-premium-wordpress\/ -->\n<title>Terminal Port\u00e1til M\u00f3vil 6&quot; Android 64GB 5G TC27 Zebra - Mivoot<\/title>\n<meta name=\"robots\" content=\"index, follow, max-snippet:-1, max-image-preview:large, max-video-preview:-1\" \/>\n<link rel=\"canonical\" href=\"https:\/\/mivoot.com\/gt\/producto\/terminal-portatil-movil-6-android-64gb-5g-tc27-zebra\/\" \/>\n<meta property=\"og:locale\" content=\"es_ES\" \/>\n<meta property=\"og:type\" content=\"article\" \/>\n<meta property=\"og:title\" content=\"Terminal Port\u00e1til M\u00f3vil 6&quot; Android 64GB 5G TC27 Zebra\" \/>\n<meta property=\"og:description\" content=\"- 5,2 cm (6&quot;) 1080 x 2160 Pixeles Pantalla t\u00e1ctil - 6 GB - Tarjetas de memoria compatibles: MicroSD (TransFlash) - Qualcomm 5430 2,1 GHz - GPS (sat\u00e9lite) Android - Bluetooth Bluetooth de baja energ\u00eda (BLE, Bluetooth Low Energy) Red de datos: 3G, 4G, 5G, LTE Comunicaci\u00f3n de Campo Cercano (NFC) Wifi - C\u00e1mara incorporada 16 MP - Micr\u00f3fono incorporado - Bater\u00eda 3800 mAh - Negro\" \/>\n<meta property=\"og:url\" content=\"https:\/\/mivoot.com\/gt\/producto\/terminal-portatil-movil-6-android-64gb-5g-tc27-zebra\/\" \/>\n<meta property=\"og:site_name\" content=\"Mivoot\" \/>\n<meta property=\"article:publisher\" content=\"https:\/\/www.facebook.com\/mivootgt\" \/>\n<meta property=\"article:modified_time\" content=\"2026-05-14T19:29:55+00:00\" \/>\n<meta property=\"og:image\" content=\"https:\/\/mivoot.com\/gt\/wp-content\/uploads\/2026\/05\/tc27-03.jpg\" \/>\n\t<meta property=\"og:image:width\" content=\"1000\" \/>\n\t<meta property=\"og:image:height\" content=\"666\" \/>\n\t<meta property=\"og:image:type\" content=\"image\/jpeg\" \/>\n<meta name=\"twitter:card\" content=\"summary_large_image\" \/>\n<meta name=\"twitter:label1\" content=\"Est. reading time\" \/>\n\t<meta name=\"twitter:data1\" content=\"3 minutos\" \/>\n<script type=\"application\/ld+json\" class=\"yoast-schema-graph\">{\"@context\":\"https:\/\/schema.org\",\"@graph\":[{\"@type\":\"WebPage\",\"@id\":\"https:\/\/mivoot.com\/gt\/producto\/terminal-portatil-movil-6-android-64gb-5g-tc27-zebra\/\",\"url\":\"https:\/\/mivoot.com\/gt\/producto\/terminal-portatil-movil-6-android-64gb-5g-tc27-zebra\/\",\"name\":\"Terminal Port\u00e1til M\u00f3vil 6\\\" Android 64GB 5G TC27 Zebra - Mivoot\",\"isPartOf\":{\"@id\":\"https:\/\/mivoot.com\/gt\/#website\"},\"primaryImageOfPage\":{\"@id\":\"https:\/\/mivoot.com\/gt\/producto\/terminal-portatil-movil-6-android-64gb-5g-tc27-zebra\/#primaryimage\"},\"image\":{\"@id\":\"https:\/\/mivoot.com\/gt\/producto\/terminal-portatil-movil-6-android-64gb-5g-tc27-zebra\/#primaryimage\"},\"thumbnailUrl\":\"https:\/\/mivoot.com\/gt\/wp-content\/uploads\/2026\/05\/tc27-03.jpg\",\"datePublished\":\"2026-05-14T19:19:13+00:00\",\"dateModified\":\"2026-05-14T19:29:55+00:00\",\"breadcrumb\":{\"@id\":\"https:\/\/mivoot.com\/gt\/producto\/terminal-portatil-movil-6-android-64gb-5g-tc27-zebra\/#breadcrumb\"},\"inLanguage\":\"es\",\"potentialAction\":[{\"@type\":\"ReadAction\",\"target\":[\"https:\/\/mivoot.com\/gt\/producto\/terminal-portatil-movil-6-android-64gb-5g-tc27-zebra\/\"]}]},{\"@type\":\"ImageObject\",\"inLanguage\":\"es\",\"@id\":\"https:\/\/mivoot.com\/gt\/producto\/terminal-portatil-movil-6-android-64gb-5g-tc27-zebra\/#primaryimage\",\"url\":\"https:\/\/mivoot.com\/gt\/wp-content\/uploads\/2026\/05\/tc27-03.jpg\",\"contentUrl\":\"https:\/\/mivoot.com\/gt\/wp-content\/uploads\/2026\/05\/tc27-03.jpg\",\"width\":1000,\"height\":666},{\"@type\":\"BreadcrumbList\",\"@id\":\"https:\/\/mivoot.com\/gt\/producto\/terminal-portatil-movil-6-android-64gb-5g-tc27-zebra\/#breadcrumb\",\"itemListElement\":[{\"@type\":\"ListItem\",\"position\":1,\"name\":\"Inicio\",\"item\":\"https:\/\/mivoot.com\/gt\/\"},{\"@type\":\"ListItem\",\"position\":2,\"name\":\"Productos\",\"item\":\"https:\/\/mivoot.com\/gt\/producto\/\"},{\"@type\":\"ListItem\",\"position\":3,\"name\":\"Zebra\",\"item\":\"https:\/\/mivoot.com\/gt\/marca\/zebra\/\"},{\"@type\":\"ListItem\",\"position\":4,\"name\":\"Terminal Port\u00e1til M\u00f3vil 6&#8243; Android 64GB 5G TC27 Zebra\"}]},{\"@type\":\"WebSite\",\"@id\":\"https:\/\/mivoot.com\/gt\/#website\",\"url\":\"https:\/\/mivoot.com\/gt\/\",\"name\":\"Mivoot\",\"description\":\"Mivoot Guatemala | Tienda Online\",\"publisher\":{\"@id\":\"https:\/\/mivoot.com\/gt\/#organization\"},\"alternateName\":\"mivoot\",\"potentialAction\":[{\"@type\":\"SearchAction\",\"target\":{\"@type\":\"EntryPoint\",\"urlTemplate\":\"https:\/\/mivoot.com\/gt\/?s={search_term_string}\"},\"query-input\":{\"@type\":\"PropertyValueSpecification\",\"valueRequired\":true,\"valueName\":\"search_term_string\"}}],\"inLanguage\":\"es\"},{\"@type\":\"Organization\",\"@id\":\"https:\/\/mivoot.com\/gt\/#organization\",\"name\":\"Mivoot Guatemala\",\"alternateName\":\"mivoot.com\",\"url\":\"https:\/\/mivoot.com\/gt\/\",\"logo\":{\"@type\":\"ImageObject\",\"inLanguage\":\"es\",\"@id\":\"https:\/\/mivoot.com\/gt\/#\/schema\/logo\/image\/\",\"url\":\"https:\/\/mivoot.com\/gt\/wp-content\/uploads\/2023\/03\/cropped-icon.png\",\"contentUrl\":\"https:\/\/mivoot.com\/gt\/wp-content\/uploads\/2023\/03\/cropped-icon.png\",\"width\":512,\"height\":512,\"caption\":\"Mivoot Guatemala\"},\"image\":{\"@id\":\"https:\/\/mivoot.com\/gt\/#\/schema\/logo\/image\/\"},\"sameAs\":[\"https:\/\/www.facebook.com\/mivootgt\",\"https:\/\/instagram.com\/mivoot\"]}]}<\/script>\n<!-- \/ Yoast SEO Premium plugin. -->","yoast_head_json":{"title":"Terminal Port\u00e1til M\u00f3vil 6\" Android 64GB 5G TC27 Zebra - Mivoot","robots":{"index":"index","follow":"follow","max-snippet":"max-snippet:-1","max-image-preview":"max-image-preview:large","max-video-preview":"max-video-preview:-1"},"canonical":"https:\/\/mivoot.com\/gt\/producto\/terminal-portatil-movil-6-android-64gb-5g-tc27-zebra\/","og_locale":"es_ES","og_type":"article","og_title":"Terminal Port\u00e1til M\u00f3vil 6\" Android 64GB 5G TC27 Zebra","og_description":"- 5,2 cm (6\") 1080 x 2160 Pixeles Pantalla t\u00e1ctil - 6 GB - Tarjetas de memoria compatibles: MicroSD (TransFlash) - Qualcomm 5430 2,1 GHz - GPS (sat\u00e9lite) Android - Bluetooth Bluetooth de baja energ\u00eda (BLE, Bluetooth Low Energy) Red de datos: 3G, 4G, 5G, LTE Comunicaci\u00f3n de Campo Cercano (NFC) Wifi - C\u00e1mara incorporada 16 MP - Micr\u00f3fono incorporado - Bater\u00eda 3800 mAh - Negro","og_url":"https:\/\/mivoot.com\/gt\/producto\/terminal-portatil-movil-6-android-64gb-5g-tc27-zebra\/","og_site_name":"Mivoot","article_publisher":"https:\/\/www.facebook.com\/mivootgt","article_modified_time":"2026-05-14T19:29:55+00:00","og_image":[{"width":1000,"height":666,"url":"https:\/\/mivoot.com\/gt\/wp-content\/uploads\/2026\/05\/tc27-03.jpg","type":"image\/jpeg"}],"twitter_card":"summary_large_image","twitter_misc":{"Est. reading time":"3 minutos"},"schema":{"@context":"https:\/\/schema.org","@graph":[{"@type":"WebPage","@id":"https:\/\/mivoot.com\/gt\/producto\/terminal-portatil-movil-6-android-64gb-5g-tc27-zebra\/","url":"https:\/\/mivoot.com\/gt\/producto\/terminal-portatil-movil-6-android-64gb-5g-tc27-zebra\/","name":"Terminal Port\u00e1til M\u00f3vil 6\" Android 64GB 5G TC27 Zebra - Mivoot","isPartOf":{"@id":"https:\/\/mivoot.com\/gt\/#website"},"primaryImageOfPage":{"@id":"https:\/\/mivoot.com\/gt\/producto\/terminal-portatil-movil-6-android-64gb-5g-tc27-zebra\/#primaryimage"},"image":{"@id":"https:\/\/mivoot.com\/gt\/producto\/terminal-portatil-movil-6-android-64gb-5g-tc27-zebra\/#primaryimage"},"thumbnailUrl":"https:\/\/mivoot.com\/gt\/wp-content\/uploads\/2026\/05\/tc27-03.jpg","datePublished":"2026-05-14T19:19:13+00:00","dateModified":"2026-05-14T19:29:55+00:00","breadcrumb":{"@id":"https:\/\/mivoot.com\/gt\/producto\/terminal-portatil-movil-6-android-64gb-5g-tc27-zebra\/#breadcrumb"},"inLanguage":"es","potentialAction":[{"@type":"ReadAction","target":["https:\/\/mivoot.com\/gt\/producto\/terminal-portatil-movil-6-android-64gb-5g-tc27-zebra\/"]}]},{"@type":"ImageObject","inLanguage":"es","@id":"https:\/\/mivoot.com\/gt\/producto\/terminal-portatil-movil-6-android-64gb-5g-tc27-zebra\/#primaryimage","url":"https:\/\/mivoot.com\/gt\/wp-content\/uploads\/2026\/05\/tc27-03.jpg","contentUrl":"https:\/\/mivoot.com\/gt\/wp-content\/uploads\/2026\/05\/tc27-03.jpg","width":1000,"height":666},{"@type":"BreadcrumbList","@id":"https:\/\/mivoot.com\/gt\/producto\/terminal-portatil-movil-6-android-64gb-5g-tc27-zebra\/#breadcrumb","itemListElement":[{"@type":"ListItem","position":1,"name":"Inicio","item":"https:\/\/mivoot.com\/gt\/"},{"@type":"ListItem","position":2,"name":"Productos","item":"https:\/\/mivoot.com\/gt\/producto\/"},{"@type":"ListItem","position":3,"name":"Zebra","item":"https:\/\/mivoot.com\/gt\/marca\/zebra\/"},{"@type":"ListItem","position":4,"name":"Terminal Port\u00e1til M\u00f3vil 6&#8243; Android 64GB 5G TC27 Zebra"}]},{"@type":"WebSite","@id":"https:\/\/mivoot.com\/gt\/#website","url":"https:\/\/mivoot.com\/gt\/","name":"Mivoot","description":"Mivoot Guatemala | Tienda Online","publisher":{"@id":"https:\/\/mivoot.com\/gt\/#organization"},"alternateName":"mivoot","potentialAction":[{"@type":"SearchAction","target":{"@type":"EntryPoint","urlTemplate":"https:\/\/mivoot.com\/gt\/?s={search_term_string}"},"query-input":{"@type":"PropertyValueSpecification","valueRequired":true,"valueName":"search_term_string"}}],"inLanguage":"es"},{"@type":"Organization","@id":"https:\/\/mivoot.com\/gt\/#organization","name":"Mivoot Guatemala","alternateName":"mivoot.com","url":"https:\/\/mivoot.com\/gt\/","logo":{"@type":"ImageObject","inLanguage":"es","@id":"https:\/\/mivoot.com\/gt\/#\/schema\/logo\/image\/","url":"https:\/\/mivoot.com\/gt\/wp-content\/uploads\/2023\/03\/cropped-icon.png","contentUrl":"https:\/\/mivoot.com\/gt\/wp-content\/uploads\/2023\/03\/cropped-icon.png","width":512,"height":512,"caption":"Mivoot Guatemala"},"image":{"@id":"https:\/\/mivoot.com\/gt\/#\/schema\/logo\/image\/"},"sameAs":["https:\/\/www.facebook.com\/mivootgt","https:\/\/instagram.com\/mivoot"]}]}},"jetpack_publicize_connections":[],"jetpack_sharing_enabled":true,"brands":[{"id":189,"name":"Zebra","slug":"zebra"}],"_links":{"self":[{"href":"https:\/\/mivoot.com\/gt\/wp-json\/wp\/v2\/product\/33942","targetHints":{"allow":["GET"]}}],"collection":[{"href":"https:\/\/mivoot.com\/gt\/wp-json\/wp\/v2\/product"}],"about":[{"href":"https:\/\/mivoot.com\/gt\/wp-json\/wp\/v2\/types\/product"}],"replies":[{"embeddable":true,"href":"https:\/\/mivoot.com\/gt\/wp-json\/wp\/v2\/comments?post=33942"}],"version-history":[{"count":1,"href":"https:\/\/mivoot.com\/gt\/wp-json\/wp\/v2\/product\/33942\/revisions"}],"predecessor-version":[{"id":33950,"href":"https:\/\/mivoot.com\/gt\/wp-json\/wp\/v2\/product\/33942\/revisions\/33950"}],"wp:featuredmedia":[{"embeddable":true,"href":"https:\/\/mivoot.com\/gt\/wp-json\/wp\/v2\/media\/33944"}],"wp:attachment":[{"href":"https:\/\/mivoot.com\/gt\/wp-json\/wp\/v2\/media?parent=33942"}],"wp:term":[{"taxonomy":"pwb-brand","embeddable":true,"href":"https:\/\/mivoot.com\/gt\/wp-json\/wp\/v2\/pwb-brand?post=33942"},{"taxonomy":"product_brand","embeddable":true,"href":"https:\/\/mivoot.com\/gt\/wp-json\/wp\/v2\/product_brand?post=33942"},{"taxonomy":"product_cat","embeddable":true,"href":"https:\/\/mivoot.com\/gt\/wp-json\/wp\/v2\/product_cat?post=33942"},{"taxonomy":"product_tag","embeddable":true,"href":"https:\/\/mivoot.com\/gt\/wp-json\/wp\/v2\/product_tag?post=33942"}],"curies":[{"name":"wp","href":"https:\/\/api.w.org\/{rel}","templated":true}]}}