{"id":33951,"date":"2026-05-14T13:34:23","date_gmt":"2026-05-14T19:34:23","guid":{"rendered":"https:\/\/mivoot.com\/gt\/?post_type=product&#038;p=33951"},"modified":"2026-05-14T13:34:24","modified_gmt":"2026-05-14T19:34:24","slug":"bobina-cable-utp-cat6-con-gel-para-exterior-negro-linet","status":"publish","type":"product","link":"https:\/\/mivoot.com\/gt\/producto\/bobina-cable-utp-cat6-con-gel-para-exterior-negro-linet\/","title":{"rendered":"Bobina Cable UTP CAT6 con Gel para Exterior Negro LINET"},"content":{"rendered":"<h1 style=\"text-align: center;\">Bobina Cable UTP CAT6 con Gel para Exterior Negro LINET<\/h1>\n<p>Cable LINET para exteriores de par trenzado, cumple con las normas el\u00e9ctricas y de telecomunicaciones a nivel mundial incluyendo TIA\/EIA 568-B. Cada bobina contiene 1,000 pies (305 metros) de cable.<\/p>\n<h3><strong>Especificaci\u00f3n t\u00e9cnicas:\u00a0<\/strong><\/h3>\n<ul>\n<li>Cable UTP 23AWG Cat. 6 de cobre s\u00f3lido<\/li>\n<li>Con separador en cruz<\/li>\n<li>Chaqueta para exterior<\/li>\n<li>Resistente a los rayos UV<\/li>\n<li>Alto desempe\u00f1o de transmisi\u00f3n<\/li>\n<li>Alta calidad de la seguridad propietaria<\/li>\n<li>Barrido de frecuencia de hasta 400Mhz.<\/li>\n<\/ul>\n<h3><strong>Aplicaci\u00f3n:<\/strong><\/h3>\n<ul>\n<li>Instalaciones de planta externa<\/li>\n<li>Transmisi\u00f3n digital y an\u00e1loga de datos, audio y video.<\/li>\n<\/ul>\n<h3><strong>Transmisi\u00f3n el\u00e9ctrica:<\/strong><\/h3>\n<ul>\n<li>Los voltajes indicados aplican para redes POE<\/li>\n<li>Niveles de voltaje: 2.5V, 2.7V, 5V, 36V, 48V, 57V.<\/li>\n<\/ul>\n","protected":false},"excerpt":{"rendered":"<p>&#8211; Cable UTP 23AWG Cat. 6 de cobre s\u00f3lido<br \/>\n&#8211; Con separador en cruz<br \/>\n&#8211; Chaqueta para exterior<br \/>\n&#8211; Resistente a los rayos UV<br \/>\n&#8211; Alto desempe\u00f1o de transmisi\u00f3n<br \/>\n&#8211; Alta calidad de la seguridad propietaria<br \/>\n&#8211; Barrido de frecuencia de hasta 400Mhz.<\/p>\n","protected":false},"featured_media":33939,"comment_status":"open","ping_status":"closed","template":"","meta":{"jetpack_publicize_message":"","jetpack_publicize_feature_enabled":true,"jetpack_social_post_already_shared":true,"jetpack_social_options":{"image_generator_settings":{"template":"highway","default_image_id":0,"font":"","enabled":false},"version":2}},"pwb-brand":[682],"product_brand":[],"product_cat":[644],"product_tag":[],"class_list":{"0":"post-33951","1":"product","2":"type-product","3":"status-publish","4":"has-post-thumbnail","6":"pwb-brand-linet","7":"product_cat-cables-para-red-y-conexiones","9":"first","10":"instock","11":"taxable","12":"shipping-taxable","13":"product-type-simple"},"yoast_head":"<!-- This site is optimized with the Yoast SEO Premium plugin v25.7.1 (Yoast SEO v26.8) - https:\/\/yoast.com\/product\/yoast-seo-premium-wordpress\/ -->\n<title>Bobina Cable UTP CAT6 con Gel para Exterior Negro LINET - Mivoot<\/title>\n<meta name=\"robots\" content=\"index, follow, max-snippet:-1, max-image-preview:large, max-video-preview:-1\" \/>\n<link rel=\"canonical\" href=\"https:\/\/mivoot.com\/gt\/producto\/bobina-cable-utp-cat6-con-gel-para-exterior-negro-linet\/\" \/>\n<meta property=\"og:locale\" content=\"es_ES\" \/>\n<meta property=\"og:type\" content=\"article\" \/>\n<meta property=\"og:title\" content=\"Bobina Cable UTP CAT6 con Gel para Exterior Negro LINET\" \/>\n<meta property=\"og:description\" content=\"- Cable UTP 23AWG Cat. 6 de cobre s\u00f3lido - Con separador en cruz - Chaqueta para exterior - Resistente a los rayos UV - Alto desempe\u00f1o de transmisi\u00f3n - Alta calidad de la seguridad propietaria - Barrido de frecuencia de hasta 400Mhz.\" \/>\n<meta property=\"og:url\" content=\"https:\/\/mivoot.com\/gt\/producto\/bobina-cable-utp-cat6-con-gel-para-exterior-negro-linet\/\" \/>\n<meta property=\"og:site_name\" content=\"Mivoot\" \/>\n<meta property=\"article:publisher\" content=\"https:\/\/www.facebook.com\/mivootgt\" \/>\n<meta property=\"article:modified_time\" content=\"2026-05-14T19:34:24+00:00\" \/>\n<meta property=\"og:image\" content=\"https:\/\/mivoot.com\/gt\/wp-content\/uploads\/2026\/05\/Linet-utp02.png\" \/>\n\t<meta property=\"og:image:width\" content=\"290\" \/>\n\t<meta property=\"og:image:height\" content=\"290\" \/>\n\t<meta property=\"og:image:type\" content=\"image\/png\" \/>\n<meta name=\"twitter:card\" content=\"summary_large_image\" \/>\n<meta name=\"twitter:label1\" content=\"Est. reading time\" \/>\n\t<meta name=\"twitter:data1\" content=\"1 minuto\" \/>\n<script type=\"application\/ld+json\" class=\"yoast-schema-graph\">{\"@context\":\"https:\/\/schema.org\",\"@graph\":[{\"@type\":\"WebPage\",\"@id\":\"https:\/\/mivoot.com\/gt\/producto\/bobina-cable-utp-cat6-con-gel-para-exterior-negro-linet\/\",\"url\":\"https:\/\/mivoot.com\/gt\/producto\/bobina-cable-utp-cat6-con-gel-para-exterior-negro-linet\/\",\"name\":\"Bobina Cable UTP CAT6 con Gel para Exterior Negro LINET - Mivoot\",\"isPartOf\":{\"@id\":\"https:\/\/mivoot.com\/gt\/#website\"},\"primaryImageOfPage\":{\"@id\":\"https:\/\/mivoot.com\/gt\/producto\/bobina-cable-utp-cat6-con-gel-para-exterior-negro-linet\/#primaryimage\"},\"image\":{\"@id\":\"https:\/\/mivoot.com\/gt\/producto\/bobina-cable-utp-cat6-con-gel-para-exterior-negro-linet\/#primaryimage\"},\"thumbnailUrl\":\"https:\/\/mivoot.com\/gt\/wp-content\/uploads\/2026\/05\/Linet-utp02.png\",\"datePublished\":\"2026-05-14T19:34:23+00:00\",\"dateModified\":\"2026-05-14T19:34:24+00:00\",\"breadcrumb\":{\"@id\":\"https:\/\/mivoot.com\/gt\/producto\/bobina-cable-utp-cat6-con-gel-para-exterior-negro-linet\/#breadcrumb\"},\"inLanguage\":\"es\",\"potentialAction\":[{\"@type\":\"ReadAction\",\"target\":[\"https:\/\/mivoot.com\/gt\/producto\/bobina-cable-utp-cat6-con-gel-para-exterior-negro-linet\/\"]}]},{\"@type\":\"ImageObject\",\"inLanguage\":\"es\",\"@id\":\"https:\/\/mivoot.com\/gt\/producto\/bobina-cable-utp-cat6-con-gel-para-exterior-negro-linet\/#primaryimage\",\"url\":\"https:\/\/mivoot.com\/gt\/wp-content\/uploads\/2026\/05\/Linet-utp02.png\",\"contentUrl\":\"https:\/\/mivoot.com\/gt\/wp-content\/uploads\/2026\/05\/Linet-utp02.png\",\"width\":290,\"height\":290},{\"@type\":\"BreadcrumbList\",\"@id\":\"https:\/\/mivoot.com\/gt\/producto\/bobina-cable-utp-cat6-con-gel-para-exterior-negro-linet\/#breadcrumb\",\"itemListElement\":[{\"@type\":\"ListItem\",\"position\":1,\"name\":\"Inicio\",\"item\":\"https:\/\/mivoot.com\/gt\/\"},{\"@type\":\"ListItem\",\"position\":2,\"name\":\"Productos\",\"item\":\"https:\/\/mivoot.com\/gt\/producto\/\"},{\"@type\":\"ListItem\",\"position\":3,\"name\":\"LINET\",\"item\":\"https:\/\/mivoot.com\/gt\/marca\/linet\/\"},{\"@type\":\"ListItem\",\"position\":4,\"name\":\"Bobina Cable UTP CAT6 con Gel para Exterior Negro LINET\"}]},{\"@type\":\"WebSite\",\"@id\":\"https:\/\/mivoot.com\/gt\/#website\",\"url\":\"https:\/\/mivoot.com\/gt\/\",\"name\":\"Mivoot\",\"description\":\"Mivoot Guatemala | Tienda Online\",\"publisher\":{\"@id\":\"https:\/\/mivoot.com\/gt\/#organization\"},\"alternateName\":\"mivoot\",\"potentialAction\":[{\"@type\":\"SearchAction\",\"target\":{\"@type\":\"EntryPoint\",\"urlTemplate\":\"https:\/\/mivoot.com\/gt\/?s={search_term_string}\"},\"query-input\":{\"@type\":\"PropertyValueSpecification\",\"valueRequired\":true,\"valueName\":\"search_term_string\"}}],\"inLanguage\":\"es\"},{\"@type\":\"Organization\",\"@id\":\"https:\/\/mivoot.com\/gt\/#organization\",\"name\":\"Mivoot Guatemala\",\"alternateName\":\"mivoot.com\",\"url\":\"https:\/\/mivoot.com\/gt\/\",\"logo\":{\"@type\":\"ImageObject\",\"inLanguage\":\"es\",\"@id\":\"https:\/\/mivoot.com\/gt\/#\/schema\/logo\/image\/\",\"url\":\"https:\/\/mivoot.com\/gt\/wp-content\/uploads\/2023\/03\/cropped-icon.png\",\"contentUrl\":\"https:\/\/mivoot.com\/gt\/wp-content\/uploads\/2023\/03\/cropped-icon.png\",\"width\":512,\"height\":512,\"caption\":\"Mivoot Guatemala\"},\"image\":{\"@id\":\"https:\/\/mivoot.com\/gt\/#\/schema\/logo\/image\/\"},\"sameAs\":[\"https:\/\/www.facebook.com\/mivootgt\",\"https:\/\/instagram.com\/mivoot\"]}]}<\/script>\n<!-- \/ Yoast SEO Premium plugin. -->","yoast_head_json":{"title":"Bobina Cable UTP CAT6 con Gel para Exterior Negro LINET - Mivoot","robots":{"index":"index","follow":"follow","max-snippet":"max-snippet:-1","max-image-preview":"max-image-preview:large","max-video-preview":"max-video-preview:-1"},"canonical":"https:\/\/mivoot.com\/gt\/producto\/bobina-cable-utp-cat6-con-gel-para-exterior-negro-linet\/","og_locale":"es_ES","og_type":"article","og_title":"Bobina Cable UTP CAT6 con Gel para Exterior Negro LINET","og_description":"- Cable UTP 23AWG Cat. 6 de cobre s\u00f3lido - Con separador en cruz - Chaqueta para exterior - Resistente a los rayos UV - Alto desempe\u00f1o de transmisi\u00f3n - Alta calidad de la seguridad propietaria - Barrido de frecuencia de hasta 400Mhz.","og_url":"https:\/\/mivoot.com\/gt\/producto\/bobina-cable-utp-cat6-con-gel-para-exterior-negro-linet\/","og_site_name":"Mivoot","article_publisher":"https:\/\/www.facebook.com\/mivootgt","article_modified_time":"2026-05-14T19:34:24+00:00","og_image":[{"width":290,"height":290,"url":"https:\/\/mivoot.com\/gt\/wp-content\/uploads\/2026\/05\/Linet-utp02.png","type":"image\/png"}],"twitter_card":"summary_large_image","twitter_misc":{"Est. reading time":"1 minuto"},"schema":{"@context":"https:\/\/schema.org","@graph":[{"@type":"WebPage","@id":"https:\/\/mivoot.com\/gt\/producto\/bobina-cable-utp-cat6-con-gel-para-exterior-negro-linet\/","url":"https:\/\/mivoot.com\/gt\/producto\/bobina-cable-utp-cat6-con-gel-para-exterior-negro-linet\/","name":"Bobina Cable UTP CAT6 con Gel para Exterior Negro LINET - Mivoot","isPartOf":{"@id":"https:\/\/mivoot.com\/gt\/#website"},"primaryImageOfPage":{"@id":"https:\/\/mivoot.com\/gt\/producto\/bobina-cable-utp-cat6-con-gel-para-exterior-negro-linet\/#primaryimage"},"image":{"@id":"https:\/\/mivoot.com\/gt\/producto\/bobina-cable-utp-cat6-con-gel-para-exterior-negro-linet\/#primaryimage"},"thumbnailUrl":"https:\/\/mivoot.com\/gt\/wp-content\/uploads\/2026\/05\/Linet-utp02.png","datePublished":"2026-05-14T19:34:23+00:00","dateModified":"2026-05-14T19:34:24+00:00","breadcrumb":{"@id":"https:\/\/mivoot.com\/gt\/producto\/bobina-cable-utp-cat6-con-gel-para-exterior-negro-linet\/#breadcrumb"},"inLanguage":"es","potentialAction":[{"@type":"ReadAction","target":["https:\/\/mivoot.com\/gt\/producto\/bobina-cable-utp-cat6-con-gel-para-exterior-negro-linet\/"]}]},{"@type":"ImageObject","inLanguage":"es","@id":"https:\/\/mivoot.com\/gt\/producto\/bobina-cable-utp-cat6-con-gel-para-exterior-negro-linet\/#primaryimage","url":"https:\/\/mivoot.com\/gt\/wp-content\/uploads\/2026\/05\/Linet-utp02.png","contentUrl":"https:\/\/mivoot.com\/gt\/wp-content\/uploads\/2026\/05\/Linet-utp02.png","width":290,"height":290},{"@type":"BreadcrumbList","@id":"https:\/\/mivoot.com\/gt\/producto\/bobina-cable-utp-cat6-con-gel-para-exterior-negro-linet\/#breadcrumb","itemListElement":[{"@type":"ListItem","position":1,"name":"Inicio","item":"https:\/\/mivoot.com\/gt\/"},{"@type":"ListItem","position":2,"name":"Productos","item":"https:\/\/mivoot.com\/gt\/producto\/"},{"@type":"ListItem","position":3,"name":"LINET","item":"https:\/\/mivoot.com\/gt\/marca\/linet\/"},{"@type":"ListItem","position":4,"name":"Bobina Cable UTP CAT6 con Gel para Exterior Negro LINET"}]},{"@type":"WebSite","@id":"https:\/\/mivoot.com\/gt\/#website","url":"https:\/\/mivoot.com\/gt\/","name":"Mivoot","description":"Mivoot Guatemala | Tienda Online","publisher":{"@id":"https:\/\/mivoot.com\/gt\/#organization"},"alternateName":"mivoot","potentialAction":[{"@type":"SearchAction","target":{"@type":"EntryPoint","urlTemplate":"https:\/\/mivoot.com\/gt\/?s={search_term_string}"},"query-input":{"@type":"PropertyValueSpecification","valueRequired":true,"valueName":"search_term_string"}}],"inLanguage":"es"},{"@type":"Organization","@id":"https:\/\/mivoot.com\/gt\/#organization","name":"Mivoot Guatemala","alternateName":"mivoot.com","url":"https:\/\/mivoot.com\/gt\/","logo":{"@type":"ImageObject","inLanguage":"es","@id":"https:\/\/mivoot.com\/gt\/#\/schema\/logo\/image\/","url":"https:\/\/mivoot.com\/gt\/wp-content\/uploads\/2023\/03\/cropped-icon.png","contentUrl":"https:\/\/mivoot.com\/gt\/wp-content\/uploads\/2023\/03\/cropped-icon.png","width":512,"height":512,"caption":"Mivoot Guatemala"},"image":{"@id":"https:\/\/mivoot.com\/gt\/#\/schema\/logo\/image\/"},"sameAs":["https:\/\/www.facebook.com\/mivootgt","https:\/\/instagram.com\/mivoot"]}]}},"jetpack_publicize_connections":[],"jetpack_sharing_enabled":true,"brands":[{"id":682,"name":"LINET","slug":"linet"}],"_links":{"self":[{"href":"https:\/\/mivoot.com\/gt\/wp-json\/wp\/v2\/product\/33951","targetHints":{"allow":["GET"]}}],"collection":[{"href":"https:\/\/mivoot.com\/gt\/wp-json\/wp\/v2\/product"}],"about":[{"href":"https:\/\/mivoot.com\/gt\/wp-json\/wp\/v2\/types\/product"}],"replies":[{"embeddable":true,"href":"https:\/\/mivoot.com\/gt\/wp-json\/wp\/v2\/comments?post=33951"}],"version-history":[{"count":1,"href":"https:\/\/mivoot.com\/gt\/wp-json\/wp\/v2\/product\/33951\/revisions"}],"predecessor-version":[{"id":33954,"href":"https:\/\/mivoot.com\/gt\/wp-json\/wp\/v2\/product\/33951\/revisions\/33954"}],"wp:featuredmedia":[{"embeddable":true,"href":"https:\/\/mivoot.com\/gt\/wp-json\/wp\/v2\/media\/33939"}],"wp:attachment":[{"href":"https:\/\/mivoot.com\/gt\/wp-json\/wp\/v2\/media?parent=33951"}],"wp:term":[{"taxonomy":"pwb-brand","embeddable":true,"href":"https:\/\/mivoot.com\/gt\/wp-json\/wp\/v2\/pwb-brand?post=33951"},{"taxonomy":"product_brand","embeddable":true,"href":"https:\/\/mivoot.com\/gt\/wp-json\/wp\/v2\/product_brand?post=33951"},{"taxonomy":"product_cat","embeddable":true,"href":"https:\/\/mivoot.com\/gt\/wp-json\/wp\/v2\/product_cat?post=33951"},{"taxonomy":"product_tag","embeddable":true,"href":"https:\/\/mivoot.com\/gt\/wp-json\/wp\/v2\/product_tag?post=33951"}],"curies":[{"name":"wp","href":"https:\/\/api.w.org\/{rel}","templated":true}]}}