{"id":3467,"date":"2021-04-08T23:13:59","date_gmt":"2021-04-09T05:13:59","guid":{"rendered":"https:\/\/mivoot.com\/gt\/?post_type=product&#038;p=3467"},"modified":"2026-02-09T09:14:50","modified_gmt":"2026-02-09T15:14:50","slug":"disco-duro-wd-1tb-purple-surveillance","status":"publish","type":"product","link":"https:\/\/mivoot.com\/gt\/producto\/disco-duro-wd-1tb-purple-surveillance\/","title":{"rendered":"Disco Duro WD 1TB Purple Surveillance \u2013 Vigilancia"},"content":{"rendered":"<p>Los discos de almacenamiento para videovigilancia WD Purple incluyen la exclusiva tecnolog\u00eda AllFrame para proporcionar una fiabilidad y una tranquilidad superiores cuando instalas un sistema de seguridad en tu casa o empresa de peque\u00f1o y mediano tama\u00f1o. Los discos de almacenamiento para videovigilancia WD Purple est\u00e1n dise\u00f1ados y fabricados para el funcionamiento fiable de los sistemas de vigilancia y seguridad de alta definici\u00f3n que operan 24\u00d77 y que utilizan hasta ocho discos duros y hasta 32 c\u00e1maras.<\/p>\n<p><strong>Dimensiones y peso<\/strong><\/p>\n<ul>\n<li>Altura: 26.1 mm<\/li>\n<li>Anchura: 101.6 mm<\/li>\n<li>Peso: 450 g<\/li>\n<li>Profundidad: 147 mm<\/li>\n<\/ul>\n<p><strong>Disco duro<\/strong><\/p>\n<ul>\n<li>Capacidad: 1 TB<\/li>\n<li>Errores irreversibles: 1 por 10^14<\/li>\n<li>Factor de forma: 3.5\u2033<\/li>\n<li>Factor de forma (corta) (m\u00e9trico): 8.9 cm<\/li>\n<li>Interfaz: Serial ATA-600<\/li>\n<li>Tama\u00f1o de b\u00fafer: 64 MB<\/li>\n<li>Tasa de datos internos: 110 MBps<\/li>\n<li>Tipo de disco duro: Disco duro interno<\/li>\n<li>Velocidad de transferencia de datos: 600 MBps<\/li>\n<li>Velocidad del eje: 5400 rpm<\/li>\n<\/ul>\n<p><b><span style=\"font-family: Helvetica\">Almacenamiento avanzado Videovigilancia en la que puede confiar.<\/span><\/b><\/p>\n<p><span style=\"font-family: Helvetica\">El almacenamiento para videovigilancia WD Purple le permite obtener un disco dise\u00f1ado para sistemas de videovigilancia que operan ininterrumpidamente a altas temperaturas y, de esta forma, disfrutar de una reproducci\u00f3n de los v\u00eddeos fiable y de calidad, cuando m\u00e1s lo necesita. Tanto si est\u00e1 protegiendo a sus seres queridos como si est\u00e1 supervisando su empresa, WD Purple ofrece un rendimiento en el que puede confiar.<\/span><\/p>\n<p><b><span style=\"font-family: Helvetica\">Tecnolog\u00eda AllFrame 4K exclusiva de WD<\/span><\/b><\/p>\n<p><span style=\"font-family: Helvetica\">Todos los discos WD Purple est\u00e1n equipados con la tecnolog\u00eda AllFrame 4K, que mejora la transmisi\u00f3n ATA para reducir la p\u00e9rdida de fotogramas, mejorar la reproducci\u00f3n de v\u00eddeo en general y aumentar el n\u00famero compartimentos de disco admitidos en un NVR. Prepare su soluci\u00f3n de videovigilancia para el futuro con los discos WD Purple compatibles con c\u00e1maras de ultra alta definici\u00f3n.<\/span><\/p>\n","protected":false},"excerpt":{"rendered":"<div class=\"font-compact-12 items hidden-xs\">\n<ul>\n<li>interno<\/li>\n<li>3.5&#8243;<\/li>\n<li>SATA 6Gb\/s<\/li>\n<li>5400 rpm<\/li>\n<li>b\u00fafer: 64 M<\/li>\n<\/ul>\n<\/div>\n<p>Optimizado para aplicaciones intensivas de escritura, de baja velocidad de bits y de conteo de flujo alto t\u00edpicas de la mayor\u00eda de las aplicaciones de vigilancia.<\/p>\n","protected":false},"featured_media":3470,"comment_status":"open","ping_status":"closed","template":"","meta":{"jetpack_publicize_message":"","jetpack_publicize_feature_enabled":true,"jetpack_social_post_already_shared":false,"jetpack_social_options":{"image_generator_settings":{"template":"highway","default_image_id":0,"font":"","enabled":false},"version":2}},"pwb-brand":[144],"product_brand":[],"product_cat":[146,157],"product_tag":[],"class_list":{"0":"post-3467","1":"product","2":"type-product","3":"status-publish","4":"has-post-thumbnail","6":"pwb-brand-western-digital","7":"product_cat-disco-duro-interno","8":"product_cat-disco-duro-vigilancia","10":"first","11":"instock","12":"taxable","13":"shipping-taxable","14":"purchasable","15":"product-type-simple"},"yoast_head":"<!-- This site is optimized with the Yoast SEO Premium plugin v25.7.1 (Yoast SEO v26.8) - https:\/\/yoast.com\/product\/yoast-seo-premium-wordpress\/ -->\n<title>Disco Duro WD 1TB Purple Surveillance \u2013 Vigilancia - Mivoot<\/title>\n<meta name=\"robots\" content=\"index, follow, max-snippet:-1, max-image-preview:large, max-video-preview:-1\" \/>\n<link rel=\"canonical\" href=\"https:\/\/mivoot.com\/gt\/producto\/disco-duro-wd-1tb-purple-surveillance\/\" \/>\n<meta property=\"og:locale\" content=\"es_ES\" \/>\n<meta property=\"og:type\" content=\"article\" \/>\n<meta property=\"og:title\" content=\"Disco Duro WD 1TB Purple Surveillance \u2013 Vigilancia\" \/>\n<meta property=\"og:description\" content=\"interno  3.5&quot;  SATA 6Gb\/s  5400 rpm  b\u00fafer: 64 M   Optimizado para aplicaciones intensivas de escritura, de baja velocidad de bits y de conteo de flujo alto t\u00edpicas de la mayor\u00eda de las aplicaciones de vigilancia.\" \/>\n<meta property=\"og:url\" content=\"https:\/\/mivoot.com\/gt\/producto\/disco-duro-wd-1tb-purple-surveillance\/\" \/>\n<meta property=\"og:site_name\" content=\"Mivoot\" \/>\n<meta property=\"article:publisher\" content=\"https:\/\/www.facebook.com\/mivootgt\" \/>\n<meta property=\"article:modified_time\" content=\"2026-02-09T15:14:50+00:00\" \/>\n<meta property=\"og:image\" content=\"https:\/\/mivoot.com\/gt\/wp-content\/uploads\/2021\/04\/isw_purple1.jpg\" \/>\n\t<meta property=\"og:image:width\" content=\"638\" \/>\n\t<meta property=\"og:image:height\" content=\"535\" \/>\n\t<meta property=\"og:image:type\" content=\"image\/jpeg\" \/>\n<meta name=\"twitter:card\" content=\"summary_large_image\" \/>\n<meta name=\"twitter:label1\" content=\"Est. reading time\" \/>\n\t<meta name=\"twitter:data1\" content=\"1 minuto\" \/>\n<script type=\"application\/ld+json\" class=\"yoast-schema-graph\">{\"@context\":\"https:\/\/schema.org\",\"@graph\":[{\"@type\":\"WebPage\",\"@id\":\"https:\/\/mivoot.com\/gt\/producto\/disco-duro-wd-1tb-purple-surveillance\/\",\"url\":\"https:\/\/mivoot.com\/gt\/producto\/disco-duro-wd-1tb-purple-surveillance\/\",\"name\":\"Disco Duro WD 1TB Purple Surveillance \u2013 Vigilancia - Mivoot\",\"isPartOf\":{\"@id\":\"https:\/\/mivoot.com\/gt\/#website\"},\"primaryImageOfPage\":{\"@id\":\"https:\/\/mivoot.com\/gt\/producto\/disco-duro-wd-1tb-purple-surveillance\/#primaryimage\"},\"image\":{\"@id\":\"https:\/\/mivoot.com\/gt\/producto\/disco-duro-wd-1tb-purple-surveillance\/#primaryimage\"},\"thumbnailUrl\":\"https:\/\/mivoot.com\/gt\/wp-content\/uploads\/2021\/04\/isw_purple1.jpg\",\"datePublished\":\"2021-04-09T05:13:59+00:00\",\"dateModified\":\"2026-02-09T15:14:50+00:00\",\"breadcrumb\":{\"@id\":\"https:\/\/mivoot.com\/gt\/producto\/disco-duro-wd-1tb-purple-surveillance\/#breadcrumb\"},\"inLanguage\":\"es\",\"potentialAction\":[{\"@type\":\"ReadAction\",\"target\":[\"https:\/\/mivoot.com\/gt\/producto\/disco-duro-wd-1tb-purple-surveillance\/\"]}]},{\"@type\":\"ImageObject\",\"inLanguage\":\"es\",\"@id\":\"https:\/\/mivoot.com\/gt\/producto\/disco-duro-wd-1tb-purple-surveillance\/#primaryimage\",\"url\":\"https:\/\/mivoot.com\/gt\/wp-content\/uploads\/2021\/04\/isw_purple1.jpg\",\"contentUrl\":\"https:\/\/mivoot.com\/gt\/wp-content\/uploads\/2021\/04\/isw_purple1.jpg\",\"width\":638,\"height\":535},{\"@type\":\"BreadcrumbList\",\"@id\":\"https:\/\/mivoot.com\/gt\/producto\/disco-duro-wd-1tb-purple-surveillance\/#breadcrumb\",\"itemListElement\":[{\"@type\":\"ListItem\",\"position\":1,\"name\":\"Inicio\",\"item\":\"https:\/\/mivoot.com\/gt\/\"},{\"@type\":\"ListItem\",\"position\":2,\"name\":\"Productos\",\"item\":\"https:\/\/mivoot.com\/gt\/producto\/\"},{\"@type\":\"ListItem\",\"position\":3,\"name\":\"Western Digital\",\"item\":\"https:\/\/mivoot.com\/gt\/marca\/western-digital\/\"},{\"@type\":\"ListItem\",\"position\":4,\"name\":\"Disco Duro WD 1TB Purple Surveillance \u2013 Vigilancia\"}]},{\"@type\":\"WebSite\",\"@id\":\"https:\/\/mivoot.com\/gt\/#website\",\"url\":\"https:\/\/mivoot.com\/gt\/\",\"name\":\"Mivoot\",\"description\":\"Mivoot Guatemala | Tienda Online\",\"publisher\":{\"@id\":\"https:\/\/mivoot.com\/gt\/#organization\"},\"alternateName\":\"mivoot\",\"potentialAction\":[{\"@type\":\"SearchAction\",\"target\":{\"@type\":\"EntryPoint\",\"urlTemplate\":\"https:\/\/mivoot.com\/gt\/?s={search_term_string}\"},\"query-input\":{\"@type\":\"PropertyValueSpecification\",\"valueRequired\":true,\"valueName\":\"search_term_string\"}}],\"inLanguage\":\"es\"},{\"@type\":\"Organization\",\"@id\":\"https:\/\/mivoot.com\/gt\/#organization\",\"name\":\"Mivoot Guatemala\",\"alternateName\":\"mivoot.com\",\"url\":\"https:\/\/mivoot.com\/gt\/\",\"logo\":{\"@type\":\"ImageObject\",\"inLanguage\":\"es\",\"@id\":\"https:\/\/mivoot.com\/gt\/#\/schema\/logo\/image\/\",\"url\":\"https:\/\/mivoot.com\/gt\/wp-content\/uploads\/2023\/03\/cropped-icon.png\",\"contentUrl\":\"https:\/\/mivoot.com\/gt\/wp-content\/uploads\/2023\/03\/cropped-icon.png\",\"width\":512,\"height\":512,\"caption\":\"Mivoot Guatemala\"},\"image\":{\"@id\":\"https:\/\/mivoot.com\/gt\/#\/schema\/logo\/image\/\"},\"sameAs\":[\"https:\/\/www.facebook.com\/mivootgt\",\"https:\/\/instagram.com\/mivoot\"]}]}<\/script>\n<!-- \/ Yoast SEO Premium plugin. -->","yoast_head_json":{"title":"Disco Duro WD 1TB Purple Surveillance \u2013 Vigilancia - Mivoot","robots":{"index":"index","follow":"follow","max-snippet":"max-snippet:-1","max-image-preview":"max-image-preview:large","max-video-preview":"max-video-preview:-1"},"canonical":"https:\/\/mivoot.com\/gt\/producto\/disco-duro-wd-1tb-purple-surveillance\/","og_locale":"es_ES","og_type":"article","og_title":"Disco Duro WD 1TB Purple Surveillance \u2013 Vigilancia","og_description":"interno  3.5\"  SATA 6Gb\/s  5400 rpm  b\u00fafer: 64 M   Optimizado para aplicaciones intensivas de escritura, de baja velocidad de bits y de conteo de flujo alto t\u00edpicas de la mayor\u00eda de las aplicaciones de vigilancia.","og_url":"https:\/\/mivoot.com\/gt\/producto\/disco-duro-wd-1tb-purple-surveillance\/","og_site_name":"Mivoot","article_publisher":"https:\/\/www.facebook.com\/mivootgt","article_modified_time":"2026-02-09T15:14:50+00:00","og_image":[{"width":638,"height":535,"url":"https:\/\/mivoot.com\/gt\/wp-content\/uploads\/2021\/04\/isw_purple1.jpg","type":"image\/jpeg"}],"twitter_card":"summary_large_image","twitter_misc":{"Est. reading time":"1 minuto"},"schema":{"@context":"https:\/\/schema.org","@graph":[{"@type":"WebPage","@id":"https:\/\/mivoot.com\/gt\/producto\/disco-duro-wd-1tb-purple-surveillance\/","url":"https:\/\/mivoot.com\/gt\/producto\/disco-duro-wd-1tb-purple-surveillance\/","name":"Disco Duro WD 1TB Purple Surveillance \u2013 Vigilancia - Mivoot","isPartOf":{"@id":"https:\/\/mivoot.com\/gt\/#website"},"primaryImageOfPage":{"@id":"https:\/\/mivoot.com\/gt\/producto\/disco-duro-wd-1tb-purple-surveillance\/#primaryimage"},"image":{"@id":"https:\/\/mivoot.com\/gt\/producto\/disco-duro-wd-1tb-purple-surveillance\/#primaryimage"},"thumbnailUrl":"https:\/\/mivoot.com\/gt\/wp-content\/uploads\/2021\/04\/isw_purple1.jpg","datePublished":"2021-04-09T05:13:59+00:00","dateModified":"2026-02-09T15:14:50+00:00","breadcrumb":{"@id":"https:\/\/mivoot.com\/gt\/producto\/disco-duro-wd-1tb-purple-surveillance\/#breadcrumb"},"inLanguage":"es","potentialAction":[{"@type":"ReadAction","target":["https:\/\/mivoot.com\/gt\/producto\/disco-duro-wd-1tb-purple-surveillance\/"]}]},{"@type":"ImageObject","inLanguage":"es","@id":"https:\/\/mivoot.com\/gt\/producto\/disco-duro-wd-1tb-purple-surveillance\/#primaryimage","url":"https:\/\/mivoot.com\/gt\/wp-content\/uploads\/2021\/04\/isw_purple1.jpg","contentUrl":"https:\/\/mivoot.com\/gt\/wp-content\/uploads\/2021\/04\/isw_purple1.jpg","width":638,"height":535},{"@type":"BreadcrumbList","@id":"https:\/\/mivoot.com\/gt\/producto\/disco-duro-wd-1tb-purple-surveillance\/#breadcrumb","itemListElement":[{"@type":"ListItem","position":1,"name":"Inicio","item":"https:\/\/mivoot.com\/gt\/"},{"@type":"ListItem","position":2,"name":"Productos","item":"https:\/\/mivoot.com\/gt\/producto\/"},{"@type":"ListItem","position":3,"name":"Western Digital","item":"https:\/\/mivoot.com\/gt\/marca\/western-digital\/"},{"@type":"ListItem","position":4,"name":"Disco Duro WD 1TB Purple Surveillance \u2013 Vigilancia"}]},{"@type":"WebSite","@id":"https:\/\/mivoot.com\/gt\/#website","url":"https:\/\/mivoot.com\/gt\/","name":"Mivoot","description":"Mivoot Guatemala | Tienda Online","publisher":{"@id":"https:\/\/mivoot.com\/gt\/#organization"},"alternateName":"mivoot","potentialAction":[{"@type":"SearchAction","target":{"@type":"EntryPoint","urlTemplate":"https:\/\/mivoot.com\/gt\/?s={search_term_string}"},"query-input":{"@type":"PropertyValueSpecification","valueRequired":true,"valueName":"search_term_string"}}],"inLanguage":"es"},{"@type":"Organization","@id":"https:\/\/mivoot.com\/gt\/#organization","name":"Mivoot Guatemala","alternateName":"mivoot.com","url":"https:\/\/mivoot.com\/gt\/","logo":{"@type":"ImageObject","inLanguage":"es","@id":"https:\/\/mivoot.com\/gt\/#\/schema\/logo\/image\/","url":"https:\/\/mivoot.com\/gt\/wp-content\/uploads\/2023\/03\/cropped-icon.png","contentUrl":"https:\/\/mivoot.com\/gt\/wp-content\/uploads\/2023\/03\/cropped-icon.png","width":512,"height":512,"caption":"Mivoot Guatemala"},"image":{"@id":"https:\/\/mivoot.com\/gt\/#\/schema\/logo\/image\/"},"sameAs":["https:\/\/www.facebook.com\/mivootgt","https:\/\/instagram.com\/mivoot"]}]}},"jetpack_publicize_connections":[],"jetpack_sharing_enabled":true,"brands":[{"id":144,"name":"Western Digital","slug":"western-digital"}],"_links":{"self":[{"href":"https:\/\/mivoot.com\/gt\/wp-json\/wp\/v2\/product\/3467","targetHints":{"allow":["GET"]}}],"collection":[{"href":"https:\/\/mivoot.com\/gt\/wp-json\/wp\/v2\/product"}],"about":[{"href":"https:\/\/mivoot.com\/gt\/wp-json\/wp\/v2\/types\/product"}],"replies":[{"embeddable":true,"href":"https:\/\/mivoot.com\/gt\/wp-json\/wp\/v2\/comments?post=3467"}],"version-history":[{"count":3,"href":"https:\/\/mivoot.com\/gt\/wp-json\/wp\/v2\/product\/3467\/revisions"}],"predecessor-version":[{"id":32072,"href":"https:\/\/mivoot.com\/gt\/wp-json\/wp\/v2\/product\/3467\/revisions\/32072"}],"wp:featuredmedia":[{"embeddable":true,"href":"https:\/\/mivoot.com\/gt\/wp-json\/wp\/v2\/media\/3470"}],"wp:attachment":[{"href":"https:\/\/mivoot.com\/gt\/wp-json\/wp\/v2\/media?parent=3467"}],"wp:term":[{"taxonomy":"pwb-brand","embeddable":true,"href":"https:\/\/mivoot.com\/gt\/wp-json\/wp\/v2\/pwb-brand?post=3467"},{"taxonomy":"product_brand","embeddable":true,"href":"https:\/\/mivoot.com\/gt\/wp-json\/wp\/v2\/product_brand?post=3467"},{"taxonomy":"product_cat","embeddable":true,"href":"https:\/\/mivoot.com\/gt\/wp-json\/wp\/v2\/product_cat?post=3467"},{"taxonomy":"product_tag","embeddable":true,"href":"https:\/\/mivoot.com\/gt\/wp-json\/wp\/v2\/product_tag?post=3467"}],"curies":[{"name":"wp","href":"https:\/\/api.w.org\/{rel}","templated":true}]}}