{"id":3496,"date":"2021-04-09T18:49:12","date_gmt":"2021-04-10T00:49:12","guid":{"rendered":"https:\/\/mivoot.com\/gt\/?post_type=product&#038;p=3496"},"modified":"2021-04-09T18:49:12","modified_gmt":"2021-04-10T00:49:12","slug":"auriculares-con-diadema-con-micro-en-oreja-bluetooth-plata","status":"publish","type":"product","link":"https:\/\/mivoot.com\/gt\/producto\/auriculares-con-diadema-con-micro-en-oreja-bluetooth-plata\/","title":{"rendered":"Auriculares con diadema con micro &#8211; en oreja &#8211; Bluetooth &#8211; plata"},"content":{"rendered":"","protected":false},"excerpt":{"rendered":"<div>\n<h2>Sonido deslumbrante para inspirar tus sentidos<\/h2>\n<\/div>\n<p>Los aud\u00edfonos KHS-620 con tecnolog\u00eda inal\u00e1mbrica combinan un c\u00f3modo dise\u00f1o con una excelente calidad ac\u00fastica. Se caracterizan por su diadema ergon\u00f3mica y un bot\u00f3n de control integrado en la unidad, para administrar tu m\u00fasica y todas tus llamadas telef\u00f3nicas. El tama\u00f1o compacto de los aud\u00edfonos a la par con un estilo contempor\u00e1neo lo convierten en el compa\u00f1ero ideal para llevarlo contigo al colegio, a la oficina e incluso, de excursi\u00f3n.<\/p>\n<ul>\n<li>Dise\u00f1o liviano y c\u00f3modo que calza c\u00f3modamente sobre los o\u00eddos<\/li>\n<li>Diadema acolchada permite usarlos por per\u00edodos de tiempo prolongados<\/li>\n<li>Plataforma Bluetooth\u00ae, compatible con la mayor\u00eda de los dispositivos m\u00f3viles<\/li>\n<li>Bot\u00f3n multifunci\u00f3n integrado de conexi\u00f3n y tambi\u00e9n para administrar tu m\u00fasica y llamadas telef\u00f3nicas<\/li>\n<li>Micr\u00f3fono omnidireccional<\/li>\n<li>Hasta 9 horas de funcionamiento en modo normal y aproximadamente 30 horas en modo de pausa<\/li>\n<li>Gran movilidad gracias a su dise\u00f1o plegable, compacto y extremadamente liviano<\/li>\n<li>Dotado con un puerto micro-USB para recargar la bater\u00eda<\/li>\n<\/ul>\n<div class=\"col-lg-6\">\n<div><i class=\"interna_icon\"><img decoding=\"async\" class=\"\" title=\"Auricular\" src=\"https:\/\/www.klipxtreme.com\/media\/Icon-Headphone-grupo.png\" alt=\"Icon-Headphone-grupo.png\" width=\"31\" height=\"31\" \/>\u00a0<span class=\"title-specs\">Auricular<\/span><\/i><\/div>\n<div>\n<ul>\n<li>Unidad del parlante: \u03a640mm<\/li>\n<li>Frecuencia: 20Hz-20.000Hz<\/li>\n<li>Color: Negro<\/li>\n<li>Tipo: Supraaural<\/li>\n<li>Impedancia: 32\u03a9 \u00b1 15%<\/li>\n<li>M\u00e1xima potencia de salida (P.M.P.O): 20mW<\/li>\n<li>Sensibilidad: 105dB \u00b1 3dB\/mW (S.P.L a 1KHz)<\/li>\n<\/ul>\n<\/div>\n<\/div>\n<div class=\"col-lg-6\">\n<div><i class=\"interna_icon\"><img decoding=\"async\" class=\"\" title=\"Micr\u00f3fono\" src=\"https:\/\/www.klipxtreme.com\/media\/Icon-Microphone-grupo.png\" alt=\"Icon-Microphone-grupo.png\" width=\"29\" height=\"29\" \/>\u00a0<span class=\"title-specs\">Micr\u00f3fono<\/span><\/i><\/div>\n<div>\n<ul>\n<li>Directividad: Omnidireccional<\/li>\n<li>Frecuencia: 100Hz ~ 18kHz<\/li>\n<li>Tipo: Integrado<\/li>\n<li>Impedancia: 32\u03a9<\/li>\n<li>Sensibilidad: 105dB \u00b1 3dB\/mW (S.P.L a 1KHz)<\/li>\n<\/ul>\n<\/div>\n<\/div>\n<div class=\"col-lg-6\">\n<div><i class=\"interna_icon\"><img decoding=\"async\" class=\"\" title=\"Conectividad\" src=\"https:\/\/www.klipxtreme.com\/media\/Icon-Connectivity-grupo.png\" alt=\"Icon-Connectivity-grupo.png\" width=\"38\" height=\"38\" \/>\u00a0<span class=\"title-specs\">Conectividad<\/span><\/i><\/div>\n<div>\n<ul>\n<li>Tipo de conexi\u00f3n: Compatible con Bluetooth\u00ae<\/li>\n<li>Alcance de la se\u00f1al inal\u00e1mbrica: 10m<\/li>\n<li>Frecuencia inal\u00e1mbrica RF: 2.4GHz<\/li>\n<\/ul>\n<\/div>\n<\/div>\n<div class=\"col-lg-6\">\n<div><i class=\"interna_icon\"><img loading=\"lazy\" decoding=\"async\" class=\"\" title=\"Bater\u00eda\" src=\"https:\/\/www.klipxtreme.com\/media\/Icon-Battery-grupo.png\" alt=\"Icon-Battery-grupo.png\" width=\"62\" height=\"33\" \/>\u00a0<span class=\"title-specs\">Bater\u00eda<\/span><\/i><\/div>\n<div>\n<ul>\n<li>Tipo de bater\u00eda: Bater\u00eda de litio recargable de 300mAh<\/li>\n<li>Tiempo de carga: 1 hora<\/li>\n<li>Tiempo de funcionamiento: Hasta 9 horas regulado en nivel intermedio<\/li>\n<li>Tiempo en modo espera: Hasta 30 horas<\/li>\n<\/ul>\n<\/div>\n<\/div>\n<div class=\"col-lg-6\">\n<div><i class=\"interna_icon\"><img loading=\"lazy\" decoding=\"async\" class=\"\" title=\"Informaci\u00f3n adicional\" src=\"https:\/\/www.klipxtreme.com\/media\/Icon-Additional-information-grupo.png\" alt=\"Icon-Additional-information-grupo.png\" width=\"52\" height=\"53\" \/>\u00a0<span class=\"title-specs\">Informaci\u00f3n adicional<\/span><\/i><\/div>\n<div>\n<ul>\n<li>Longitud del cable: 1,2m<\/li>\n<li>Dimensiones: 17,4&#215;15,8&#215;6,5cm<\/li>\n<li>Garant\u00eda: Limitada por un a\u00f1o<\/li>\n<li>Peso: 147g<\/li>\n<\/ul>\n<\/div>\n<\/div>\n","protected":false},"featured_media":3497,"comment_status":"open","ping_status":"closed","template":"","meta":{"jetpack_publicize_message":"","jetpack_publicize_feature_enabled":true,"jetpack_social_post_already_shared":false,"jetpack_social_options":{"image_generator_settings":{"template":"highway","default_image_id":0,"font":"","enabled":false},"version":2}},"pwb-brand":[79],"product_brand":[],"product_cat":[23],"product_tag":[],"class_list":{"0":"post-3496","1":"product","2":"type-product","3":"status-publish","4":"has-post-thumbnail","6":"pwb-brand-klip-xtreme","7":"product_cat-audifonos-bluetooth","9":"first","10":"instock","11":"taxable","12":"shipping-taxable","13":"purchasable","14":"product-type-simple"},"yoast_head":"<!-- This site is optimized with the Yoast SEO Premium plugin v25.7.1 (Yoast SEO v26.8) - https:\/\/yoast.com\/product\/yoast-seo-premium-wordpress\/ -->\n<title>Auriculares con diadema con micro - en oreja - Bluetooth - plata - Mivoot<\/title>\n<meta name=\"robots\" content=\"index, follow, max-snippet:-1, max-image-preview:large, max-video-preview:-1\" \/>\n<link rel=\"canonical\" href=\"https:\/\/mivoot.com\/gt\/producto\/auriculares-con-diadema-con-micro-en-oreja-bluetooth-plata\/\" \/>\n<meta property=\"og:locale\" content=\"es_ES\" \/>\n<meta property=\"og:type\" content=\"article\" \/>\n<meta property=\"og:title\" content=\"Auriculares con diadema con micro - en oreja - Bluetooth - plata\" \/>\n<meta property=\"og:description\" content=\"Sonido deslumbrante para inspirar tus sentidos  Los aud\u00edfonos KHS-620 con tecnolog\u00eda inal\u00e1mbrica combinan un c\u00f3modo dise\u00f1o con una excelente calidad ac\u00fastica. Se caracterizan por su diadema ergon\u00f3mica y un bot\u00f3n de control integrado en la unidad, para administrar tu m\u00fasica y todas tus llamadas telef\u00f3nicas. El tama\u00f1o compacto de los aud\u00edfonos a la par con un estilo contempor\u00e1neo lo convierten en el compa\u00f1ero ideal para llevarlo contigo al colegio, a la oficina e incluso, de excursi\u00f3n.   Dise\u00f1o liviano y c\u00f3modo que calza c\u00f3modamente sobre los o\u00eddos  Diadema acolchada permite usarlos por per\u00edodos de tiempo prolongados  Plataforma Bluetooth\u00ae, compatible con la mayor\u00eda de los dispositivos m\u00f3viles  Bot\u00f3n multifunci\u00f3n integrado de conexi\u00f3n y tambi\u00e9n para administrar tu m\u00fasica y llamadas telef\u00f3nicas  Micr\u00f3fono omnidireccional  Hasta 9 horas de funcionamiento en modo normal y aproximadamente 30 horas en modo de pausa  Gran movilidad gracias a su dise\u00f1o plegable, compacto y extremadamente liviano  Dotado con un puerto micro-USB para recargar la bater\u00eda   \u00a0Auricular    Unidad del parlante: \u03a640mm  Frecuencia: 20Hz-20.000Hz  Color: Negro  Tipo: Supraaural  Impedancia: 32\u03a9 \u00b1 15%  M\u00e1xima potencia de salida (P.M.P.O): 20mW  Sensibilidad: 105dB \u00b1 3dB\/mW (S.P.L a 1KHz)     \u00a0Micr\u00f3fono    Directividad: Omnidireccional  Frecuencia: 100Hz ~ 18kHz  Tipo: Integrado  Impedancia: 32\u03a9  Sensibilidad: 105dB \u00b1 3dB\/mW (S.P.L a 1KHz)     \u00a0Conectividad    Tipo de conexi\u00f3n: Compatible con Bluetooth\u00ae  Alcance de la se\u00f1al inal\u00e1mbrica: 10m  Frecuencia inal\u00e1mbrica RF: 2.4GHz     \u00a0Bater\u00eda    Tipo de bater\u00eda: Bater\u00eda de litio recargable de 300mAh  Tiempo de carga: 1 hora  Tiempo de funcionamiento: Hasta 9 horas regulado en nivel intermedio  Tiempo en modo espera: Hasta 30 horas     \u00a0Informaci\u00f3n adicional    Longitud del cable: 1,2m  Dimensiones: 17,4x15,8x6,5cm  Garant\u00eda: Limitada por un a\u00f1o  Peso: 147g\" \/>\n<meta property=\"og:url\" content=\"https:\/\/mivoot.com\/gt\/producto\/auriculares-con-diadema-con-micro-en-oreja-bluetooth-plata\/\" \/>\n<meta property=\"og:site_name\" content=\"Mivoot\" \/>\n<meta property=\"article:publisher\" content=\"https:\/\/www.facebook.com\/mivootgt\" \/>\n<meta property=\"og:image\" content=\"https:\/\/mivoot.com\/gt\/wp-content\/uploads\/2021\/04\/KHS-620-DT04_SV.jpg\" \/>\n\t<meta property=\"og:image:width\" content=\"800\" \/>\n\t<meta property=\"og:image:height\" content=\"800\" \/>\n\t<meta property=\"og:image:type\" content=\"image\/jpeg\" \/>\n<meta name=\"twitter:card\" content=\"summary_large_image\" \/>\n<script type=\"application\/ld+json\" class=\"yoast-schema-graph\">{\"@context\":\"https:\/\/schema.org\",\"@graph\":[{\"@type\":\"WebPage\",\"@id\":\"https:\/\/mivoot.com\/gt\/producto\/auriculares-con-diadema-con-micro-en-oreja-bluetooth-plata\/\",\"url\":\"https:\/\/mivoot.com\/gt\/producto\/auriculares-con-diadema-con-micro-en-oreja-bluetooth-plata\/\",\"name\":\"Auriculares con diadema con micro - en oreja - Bluetooth - plata - Mivoot\",\"isPartOf\":{\"@id\":\"https:\/\/mivoot.com\/gt\/#website\"},\"primaryImageOfPage\":{\"@id\":\"https:\/\/mivoot.com\/gt\/producto\/auriculares-con-diadema-con-micro-en-oreja-bluetooth-plata\/#primaryimage\"},\"image\":{\"@id\":\"https:\/\/mivoot.com\/gt\/producto\/auriculares-con-diadema-con-micro-en-oreja-bluetooth-plata\/#primaryimage\"},\"thumbnailUrl\":\"https:\/\/mivoot.com\/gt\/wp-content\/uploads\/2021\/04\/KHS-620-DT04_SV.jpg\",\"datePublished\":\"2021-04-10T00:49:12+00:00\",\"breadcrumb\":{\"@id\":\"https:\/\/mivoot.com\/gt\/producto\/auriculares-con-diadema-con-micro-en-oreja-bluetooth-plata\/#breadcrumb\"},\"inLanguage\":\"es\",\"potentialAction\":[{\"@type\":\"ReadAction\",\"target\":[\"https:\/\/mivoot.com\/gt\/producto\/auriculares-con-diadema-con-micro-en-oreja-bluetooth-plata\/\"]}]},{\"@type\":\"ImageObject\",\"inLanguage\":\"es\",\"@id\":\"https:\/\/mivoot.com\/gt\/producto\/auriculares-con-diadema-con-micro-en-oreja-bluetooth-plata\/#primaryimage\",\"url\":\"https:\/\/mivoot.com\/gt\/wp-content\/uploads\/2021\/04\/KHS-620-DT04_SV.jpg\",\"contentUrl\":\"https:\/\/mivoot.com\/gt\/wp-content\/uploads\/2021\/04\/KHS-620-DT04_SV.jpg\",\"width\":800,\"height\":800},{\"@type\":\"BreadcrumbList\",\"@id\":\"https:\/\/mivoot.com\/gt\/producto\/auriculares-con-diadema-con-micro-en-oreja-bluetooth-plata\/#breadcrumb\",\"itemListElement\":[{\"@type\":\"ListItem\",\"position\":1,\"name\":\"Inicio\",\"item\":\"https:\/\/mivoot.com\/gt\/\"},{\"@type\":\"ListItem\",\"position\":2,\"name\":\"Productos\",\"item\":\"https:\/\/mivoot.com\/gt\/producto\/\"},{\"@type\":\"ListItem\",\"position\":3,\"name\":\"Klip Xtreme\",\"item\":\"https:\/\/mivoot.com\/gt\/marca\/klip-xtreme\/\"},{\"@type\":\"ListItem\",\"position\":4,\"name\":\"Auriculares con diadema con micro &#8211; en oreja &#8211; Bluetooth &#8211; plata\"}]},{\"@type\":\"WebSite\",\"@id\":\"https:\/\/mivoot.com\/gt\/#website\",\"url\":\"https:\/\/mivoot.com\/gt\/\",\"name\":\"Mivoot\",\"description\":\"Mivoot Guatemala | Tienda Online\",\"publisher\":{\"@id\":\"https:\/\/mivoot.com\/gt\/#organization\"},\"alternateName\":\"mivoot\",\"potentialAction\":[{\"@type\":\"SearchAction\",\"target\":{\"@type\":\"EntryPoint\",\"urlTemplate\":\"https:\/\/mivoot.com\/gt\/?s={search_term_string}\"},\"query-input\":{\"@type\":\"PropertyValueSpecification\",\"valueRequired\":true,\"valueName\":\"search_term_string\"}}],\"inLanguage\":\"es\"},{\"@type\":\"Organization\",\"@id\":\"https:\/\/mivoot.com\/gt\/#organization\",\"name\":\"Mivoot Guatemala\",\"alternateName\":\"mivoot.com\",\"url\":\"https:\/\/mivoot.com\/gt\/\",\"logo\":{\"@type\":\"ImageObject\",\"inLanguage\":\"es\",\"@id\":\"https:\/\/mivoot.com\/gt\/#\/schema\/logo\/image\/\",\"url\":\"https:\/\/mivoot.com\/gt\/wp-content\/uploads\/2023\/03\/cropped-icon.png\",\"contentUrl\":\"https:\/\/mivoot.com\/gt\/wp-content\/uploads\/2023\/03\/cropped-icon.png\",\"width\":512,\"height\":512,\"caption\":\"Mivoot Guatemala\"},\"image\":{\"@id\":\"https:\/\/mivoot.com\/gt\/#\/schema\/logo\/image\/\"},\"sameAs\":[\"https:\/\/www.facebook.com\/mivootgt\",\"https:\/\/instagram.com\/mivoot\"]}]}<\/script>\n<!-- \/ Yoast SEO Premium plugin. -->","yoast_head_json":{"title":"Auriculares con diadema con micro - en oreja - Bluetooth - plata - Mivoot","robots":{"index":"index","follow":"follow","max-snippet":"max-snippet:-1","max-image-preview":"max-image-preview:large","max-video-preview":"max-video-preview:-1"},"canonical":"https:\/\/mivoot.com\/gt\/producto\/auriculares-con-diadema-con-micro-en-oreja-bluetooth-plata\/","og_locale":"es_ES","og_type":"article","og_title":"Auriculares con diadema con micro - en oreja - Bluetooth - plata","og_description":"Sonido deslumbrante para inspirar tus sentidos  Los aud\u00edfonos KHS-620 con tecnolog\u00eda inal\u00e1mbrica combinan un c\u00f3modo dise\u00f1o con una excelente calidad ac\u00fastica. Se caracterizan por su diadema ergon\u00f3mica y un bot\u00f3n de control integrado en la unidad, para administrar tu m\u00fasica y todas tus llamadas telef\u00f3nicas. El tama\u00f1o compacto de los aud\u00edfonos a la par con un estilo contempor\u00e1neo lo convierten en el compa\u00f1ero ideal para llevarlo contigo al colegio, a la oficina e incluso, de excursi\u00f3n.   Dise\u00f1o liviano y c\u00f3modo que calza c\u00f3modamente sobre los o\u00eddos  Diadema acolchada permite usarlos por per\u00edodos de tiempo prolongados  Plataforma Bluetooth\u00ae, compatible con la mayor\u00eda de los dispositivos m\u00f3viles  Bot\u00f3n multifunci\u00f3n integrado de conexi\u00f3n y tambi\u00e9n para administrar tu m\u00fasica y llamadas telef\u00f3nicas  Micr\u00f3fono omnidireccional  Hasta 9 horas de funcionamiento en modo normal y aproximadamente 30 horas en modo de pausa  Gran movilidad gracias a su dise\u00f1o plegable, compacto y extremadamente liviano  Dotado con un puerto micro-USB para recargar la bater\u00eda   \u00a0Auricular    Unidad del parlante: \u03a640mm  Frecuencia: 20Hz-20.000Hz  Color: Negro  Tipo: Supraaural  Impedancia: 32\u03a9 \u00b1 15%  M\u00e1xima potencia de salida (P.M.P.O): 20mW  Sensibilidad: 105dB \u00b1 3dB\/mW (S.P.L a 1KHz)     \u00a0Micr\u00f3fono    Directividad: Omnidireccional  Frecuencia: 100Hz ~ 18kHz  Tipo: Integrado  Impedancia: 32\u03a9  Sensibilidad: 105dB \u00b1 3dB\/mW (S.P.L a 1KHz)     \u00a0Conectividad    Tipo de conexi\u00f3n: Compatible con Bluetooth\u00ae  Alcance de la se\u00f1al inal\u00e1mbrica: 10m  Frecuencia inal\u00e1mbrica RF: 2.4GHz     \u00a0Bater\u00eda    Tipo de bater\u00eda: Bater\u00eda de litio recargable de 300mAh  Tiempo de carga: 1 hora  Tiempo de funcionamiento: Hasta 9 horas regulado en nivel intermedio  Tiempo en modo espera: Hasta 30 horas     \u00a0Informaci\u00f3n adicional    Longitud del cable: 1,2m  Dimensiones: 17,4x15,8x6,5cm  Garant\u00eda: Limitada por un a\u00f1o  Peso: 147g","og_url":"https:\/\/mivoot.com\/gt\/producto\/auriculares-con-diadema-con-micro-en-oreja-bluetooth-plata\/","og_site_name":"Mivoot","article_publisher":"https:\/\/www.facebook.com\/mivootgt","og_image":[{"width":800,"height":800,"url":"https:\/\/mivoot.com\/gt\/wp-content\/uploads\/2021\/04\/KHS-620-DT04_SV.jpg","type":"image\/jpeg"}],"twitter_card":"summary_large_image","schema":{"@context":"https:\/\/schema.org","@graph":[{"@type":"WebPage","@id":"https:\/\/mivoot.com\/gt\/producto\/auriculares-con-diadema-con-micro-en-oreja-bluetooth-plata\/","url":"https:\/\/mivoot.com\/gt\/producto\/auriculares-con-diadema-con-micro-en-oreja-bluetooth-plata\/","name":"Auriculares con diadema con micro - en oreja - Bluetooth - plata - Mivoot","isPartOf":{"@id":"https:\/\/mivoot.com\/gt\/#website"},"primaryImageOfPage":{"@id":"https:\/\/mivoot.com\/gt\/producto\/auriculares-con-diadema-con-micro-en-oreja-bluetooth-plata\/#primaryimage"},"image":{"@id":"https:\/\/mivoot.com\/gt\/producto\/auriculares-con-diadema-con-micro-en-oreja-bluetooth-plata\/#primaryimage"},"thumbnailUrl":"https:\/\/mivoot.com\/gt\/wp-content\/uploads\/2021\/04\/KHS-620-DT04_SV.jpg","datePublished":"2021-04-10T00:49:12+00:00","breadcrumb":{"@id":"https:\/\/mivoot.com\/gt\/producto\/auriculares-con-diadema-con-micro-en-oreja-bluetooth-plata\/#breadcrumb"},"inLanguage":"es","potentialAction":[{"@type":"ReadAction","target":["https:\/\/mivoot.com\/gt\/producto\/auriculares-con-diadema-con-micro-en-oreja-bluetooth-plata\/"]}]},{"@type":"ImageObject","inLanguage":"es","@id":"https:\/\/mivoot.com\/gt\/producto\/auriculares-con-diadema-con-micro-en-oreja-bluetooth-plata\/#primaryimage","url":"https:\/\/mivoot.com\/gt\/wp-content\/uploads\/2021\/04\/KHS-620-DT04_SV.jpg","contentUrl":"https:\/\/mivoot.com\/gt\/wp-content\/uploads\/2021\/04\/KHS-620-DT04_SV.jpg","width":800,"height":800},{"@type":"BreadcrumbList","@id":"https:\/\/mivoot.com\/gt\/producto\/auriculares-con-diadema-con-micro-en-oreja-bluetooth-plata\/#breadcrumb","itemListElement":[{"@type":"ListItem","position":1,"name":"Inicio","item":"https:\/\/mivoot.com\/gt\/"},{"@type":"ListItem","position":2,"name":"Productos","item":"https:\/\/mivoot.com\/gt\/producto\/"},{"@type":"ListItem","position":3,"name":"Klip Xtreme","item":"https:\/\/mivoot.com\/gt\/marca\/klip-xtreme\/"},{"@type":"ListItem","position":4,"name":"Auriculares con diadema con micro &#8211; en oreja &#8211; Bluetooth &#8211; plata"}]},{"@type":"WebSite","@id":"https:\/\/mivoot.com\/gt\/#website","url":"https:\/\/mivoot.com\/gt\/","name":"Mivoot","description":"Mivoot Guatemala | Tienda Online","publisher":{"@id":"https:\/\/mivoot.com\/gt\/#organization"},"alternateName":"mivoot","potentialAction":[{"@type":"SearchAction","target":{"@type":"EntryPoint","urlTemplate":"https:\/\/mivoot.com\/gt\/?s={search_term_string}"},"query-input":{"@type":"PropertyValueSpecification","valueRequired":true,"valueName":"search_term_string"}}],"inLanguage":"es"},{"@type":"Organization","@id":"https:\/\/mivoot.com\/gt\/#organization","name":"Mivoot Guatemala","alternateName":"mivoot.com","url":"https:\/\/mivoot.com\/gt\/","logo":{"@type":"ImageObject","inLanguage":"es","@id":"https:\/\/mivoot.com\/gt\/#\/schema\/logo\/image\/","url":"https:\/\/mivoot.com\/gt\/wp-content\/uploads\/2023\/03\/cropped-icon.png","contentUrl":"https:\/\/mivoot.com\/gt\/wp-content\/uploads\/2023\/03\/cropped-icon.png","width":512,"height":512,"caption":"Mivoot Guatemala"},"image":{"@id":"https:\/\/mivoot.com\/gt\/#\/schema\/logo\/image\/"},"sameAs":["https:\/\/www.facebook.com\/mivootgt","https:\/\/instagram.com\/mivoot"]}]}},"jetpack_publicize_connections":[],"jetpack_sharing_enabled":true,"brands":[{"id":79,"name":"Klip Xtreme","slug":"klip-xtreme"}],"_links":{"self":[{"href":"https:\/\/mivoot.com\/gt\/wp-json\/wp\/v2\/product\/3496","targetHints":{"allow":["GET"]}}],"collection":[{"href":"https:\/\/mivoot.com\/gt\/wp-json\/wp\/v2\/product"}],"about":[{"href":"https:\/\/mivoot.com\/gt\/wp-json\/wp\/v2\/types\/product"}],"replies":[{"embeddable":true,"href":"https:\/\/mivoot.com\/gt\/wp-json\/wp\/v2\/comments?post=3496"}],"version-history":[{"count":2,"href":"https:\/\/mivoot.com\/gt\/wp-json\/wp\/v2\/product\/3496\/revisions"}],"predecessor-version":[{"id":3507,"href":"https:\/\/mivoot.com\/gt\/wp-json\/wp\/v2\/product\/3496\/revisions\/3507"}],"wp:featuredmedia":[{"embeddable":true,"href":"https:\/\/mivoot.com\/gt\/wp-json\/wp\/v2\/media\/3497"}],"wp:attachment":[{"href":"https:\/\/mivoot.com\/gt\/wp-json\/wp\/v2\/media?parent=3496"}],"wp:term":[{"taxonomy":"pwb-brand","embeddable":true,"href":"https:\/\/mivoot.com\/gt\/wp-json\/wp\/v2\/pwb-brand?post=3496"},{"taxonomy":"product_brand","embeddable":true,"href":"https:\/\/mivoot.com\/gt\/wp-json\/wp\/v2\/product_brand?post=3496"},{"taxonomy":"product_cat","embeddable":true,"href":"https:\/\/mivoot.com\/gt\/wp-json\/wp\/v2\/product_cat?post=3496"},{"taxonomy":"product_tag","embeddable":true,"href":"https:\/\/mivoot.com\/gt\/wp-json\/wp\/v2\/product_tag?post=3496"}],"curies":[{"name":"wp","href":"https:\/\/api.w.org\/{rel}","templated":true}]}}