{"id":3606,"date":"2021-04-13T14:51:17","date_gmt":"2021-04-13T20:51:17","guid":{"rendered":"https:\/\/mivoot.com\/gt\/?post_type=product&#038;p=3606"},"modified":"2021-04-20T10:14:18","modified_gmt":"2021-04-20T16:14:18","slug":"disco-ssd-1tb-m-2-2280-kingston-kc2500-2","status":"publish","type":"product","link":"https:\/\/mivoot.com\/gt\/producto\/disco-ssd-1tb-m-2-2280-kingston-kc2500-2\/","title":{"rendered":"Unidad SSD 1TB M.2 2280 Kingston KC2500"},"content":{"rendered":"<div class=\"c-heading\">\n<div class=\"c-heading__block\">\n<div class=\"c-heading__block__header\">\n<h1 id=\"headline\">SSD PCIe NVMe A2000 <span class=\"u-txt-subhead\">para fabricantes de sistemas a medida, integradores de sistemas y actualizadores de PC<\/span><\/h1>\n<\/div>\n<\/div>\n<\/div>\n<div class=\"l-inner\">\n<div class=\"s-productLite__intro\">\n<p>El disco SSD PCIe NVMe A2000 de Kingston es una soluci\u00f3n de almacenamiento accesible, con un extraordinario rendimiento. Al alcanzar velocidades de lectura\/escritura de hasta 2.200\/2.000 MB\/s<span class=\"footnote-sub\" data-original=\"{{Footnote.N52587}}\"><sup>1<\/sup><\/span>, el A2000 triplica el rendimiento de los discos SSD SATA por sus m\u00e1s r\u00e1pidos tiempos de carga, menor consumo y menos calentamiento. El SSD A2000 ha sido dise\u00f1ado para principiantes, fabricantes de sistemas a medida, personas que construyen sus propios sistemas y quienes buscan mejorar sus PC. Con su delgado dise\u00f1o M.2 de una cara, el A2000 alcanza su pleno potencial instalado en un Ultrabook o en un PC de peque\u00f1o factor de forma (PC SFF).<\/p>\n<p>Disponible en capacidades desde 250 GB hasta 1 TB<span class=\"footnote-sub\" data-original=\"{{Footnote.N47164}}\"><sup>2<\/sup><\/span> a la medida de las necesidades de su sistema. El A2000 es un disco de autocifrado compatible con la protecci\u00f3n integral de los datos con cifrado XTS-AES basado en hardware de 256 bits. Permite recurrir a proveedores de software independiente con las soluciones de gesti\u00f3n de seguridad TCG Opal 2.0, como Symantec\u2122, McAfee\u2122, WinMagic\u00ae y otros. Adem\u00e1s, el A2000 incorpora Microsoft eDrive, una especificaci\u00f3n de almacenamiento de seguridad para uso con BitLocker.<\/p>\n<\/div>\n<\/div>\n","protected":false},"excerpt":{"rendered":"<table>\n<tbody>\n<tr>\n<td>Lectura\/escritura secuencial<span class=\"footnote-sub\" data-original=\"{{Footnote.N52587}}\"><sup>1<\/sup><\/span><\/td>\n<td>250 GB \u2013 hasta 2.000\/1.100 MB\/s<br \/>\n500 GB \u2013 hasta 2.200\/2.000 MB\/s<br \/>\n1 TB \u2013 hasta 2.200\/2.000 MB\/s<\/td>\n<\/tr>\n<tr>\n<td>Lectura\/escritura aleatoria 4K<span class=\"footnote-sub\" data-original=\"{{Footnote.N52587}}\"><sup>1<\/sup><\/span><\/td>\n<td>250 GB \u2013 hasta 150.000\/180.000 IOPS<br \/>\n500 GB \u2013 hasta 180.000\/200.000 IOPS<br \/>\n1 TB \u2013 hasta 250.000\/220.000 IOPS<\/td>\n<\/tr>\n<tr>\n<td>Total de bytes escritos (TBW)<span class=\"footnote-sub\" data-original=\"{{Footnote.N37133}}\"><sup>3<\/sup><\/span><\/td>\n<td>250GB \u2013 150TBW<br \/>\n500GB \u2013 350TBW<br \/>\n1TB \u2013 600TBW<\/td>\n<\/tr>\n<\/tbody>\n<\/table>\n","protected":false},"featured_media":3603,"comment_status":"open","ping_status":"closed","template":"","meta":{"jetpack_publicize_message":"","jetpack_publicize_feature_enabled":true,"jetpack_social_post_already_shared":false,"jetpack_social_options":{"image_generator_settings":{"template":"highway","default_image_id":0,"font":"","enabled":false},"version":2}},"pwb-brand":[115],"product_brand":[],"product_cat":[161],"product_tag":[153,152],"class_list":{"0":"post-3606","1":"product","2":"type-product","3":"status-publish","4":"has-post-thumbnail","6":"pwb-brand-kingston","7":"product_cat-unidad-ssd-m-2","8":"product_tag-m2","9":"product_tag-ssd","11":"first","12":"instock","13":"taxable","14":"shipping-taxable","15":"purchasable","16":"product-type-simple"},"yoast_head":"<!-- This site is optimized with the Yoast SEO Premium plugin v25.7.1 (Yoast SEO v26.8) - https:\/\/yoast.com\/product\/yoast-seo-premium-wordpress\/ -->\n<title>Unidad SSD 1TB M.2 2280 Kingston KC2500 - Mivoot<\/title>\n<meta name=\"robots\" content=\"index, follow, max-snippet:-1, max-image-preview:large, max-video-preview:-1\" \/>\n<link rel=\"canonical\" href=\"https:\/\/mivoot.com\/gt\/producto\/disco-ssd-1tb-m-2-2280-kingston-kc2500-2\/\" \/>\n<meta property=\"og:locale\" content=\"es_ES\" \/>\n<meta property=\"og:type\" content=\"article\" \/>\n<meta property=\"og:title\" content=\"Unidad SSD 1TB M.2 2280 Kingston KC2500\" \/>\n<meta property=\"og:description\" content=\"Lectura\/escritura secuencial1 250 GB \u2013 hasta 2.000\/1.100 MB\/s 500 GB \u2013 hasta 2.200\/2.000 MB\/s 1 TB \u2013 hasta 2.200\/2.000 MB\/s   Lectura\/escritura aleatoria 4K1 250 GB \u2013 hasta 150.000\/180.000 IOPS 500 GB \u2013 hasta 180.000\/200.000 IOPS 1 TB \u2013 hasta 250.000\/220.000 IOPS   Total de bytes escritos (TBW)3 250GB \u2013 150TBW 500GB \u2013 350TBW 1TB \u2013 600TBW\" \/>\n<meta property=\"og:url\" content=\"https:\/\/mivoot.com\/gt\/producto\/disco-ssd-1tb-m-2-2280-kingston-kc2500-2\/\" \/>\n<meta property=\"og:site_name\" content=\"Mivoot\" \/>\n<meta property=\"article:publisher\" content=\"https:\/\/www.facebook.com\/mivootgt\" \/>\n<meta property=\"article:modified_time\" content=\"2021-04-20T16:14:18+00:00\" \/>\n<meta property=\"og:image\" content=\"https:\/\/mivoot.com\/gt\/wp-content\/uploads\/2021\/04\/K2500.jpg\" \/>\n\t<meta property=\"og:image:width\" content=\"2048\" \/>\n\t<meta property=\"og:image:height\" content=\"2048\" \/>\n\t<meta property=\"og:image:type\" content=\"image\/jpeg\" \/>\n<meta name=\"twitter:card\" content=\"summary_large_image\" \/>\n<meta name=\"twitter:label1\" content=\"Est. reading time\" \/>\n\t<meta name=\"twitter:data1\" content=\"1 minuto\" \/>\n<script type=\"application\/ld+json\" class=\"yoast-schema-graph\">{\"@context\":\"https:\/\/schema.org\",\"@graph\":[{\"@type\":\"WebPage\",\"@id\":\"https:\/\/mivoot.com\/gt\/producto\/disco-ssd-1tb-m-2-2280-kingston-kc2500-2\/\",\"url\":\"https:\/\/mivoot.com\/gt\/producto\/disco-ssd-1tb-m-2-2280-kingston-kc2500-2\/\",\"name\":\"Unidad SSD 1TB M.2 2280 Kingston KC2500 - Mivoot\",\"isPartOf\":{\"@id\":\"https:\/\/mivoot.com\/gt\/#website\"},\"primaryImageOfPage\":{\"@id\":\"https:\/\/mivoot.com\/gt\/producto\/disco-ssd-1tb-m-2-2280-kingston-kc2500-2\/#primaryimage\"},\"image\":{\"@id\":\"https:\/\/mivoot.com\/gt\/producto\/disco-ssd-1tb-m-2-2280-kingston-kc2500-2\/#primaryimage\"},\"thumbnailUrl\":\"https:\/\/mivoot.com\/gt\/wp-content\/uploads\/2021\/04\/K2500.jpg\",\"datePublished\":\"2021-04-13T20:51:17+00:00\",\"dateModified\":\"2021-04-20T16:14:18+00:00\",\"breadcrumb\":{\"@id\":\"https:\/\/mivoot.com\/gt\/producto\/disco-ssd-1tb-m-2-2280-kingston-kc2500-2\/#breadcrumb\"},\"inLanguage\":\"es\",\"potentialAction\":[{\"@type\":\"ReadAction\",\"target\":[\"https:\/\/mivoot.com\/gt\/producto\/disco-ssd-1tb-m-2-2280-kingston-kc2500-2\/\"]}]},{\"@type\":\"ImageObject\",\"inLanguage\":\"es\",\"@id\":\"https:\/\/mivoot.com\/gt\/producto\/disco-ssd-1tb-m-2-2280-kingston-kc2500-2\/#primaryimage\",\"url\":\"https:\/\/mivoot.com\/gt\/wp-content\/uploads\/2021\/04\/K2500.jpg\",\"contentUrl\":\"https:\/\/mivoot.com\/gt\/wp-content\/uploads\/2021\/04\/K2500.jpg\",\"width\":2048,\"height\":2048},{\"@type\":\"BreadcrumbList\",\"@id\":\"https:\/\/mivoot.com\/gt\/producto\/disco-ssd-1tb-m-2-2280-kingston-kc2500-2\/#breadcrumb\",\"itemListElement\":[{\"@type\":\"ListItem\",\"position\":1,\"name\":\"Inicio\",\"item\":\"https:\/\/mivoot.com\/gt\/\"},{\"@type\":\"ListItem\",\"position\":2,\"name\":\"Productos\",\"item\":\"https:\/\/mivoot.com\/gt\/producto\/\"},{\"@type\":\"ListItem\",\"position\":3,\"name\":\"Kingston\",\"item\":\"https:\/\/mivoot.com\/gt\/marca\/kingston\/\"},{\"@type\":\"ListItem\",\"position\":4,\"name\":\"Unidad SSD 1TB M.2 2280 Kingston KC2500\"}]},{\"@type\":\"WebSite\",\"@id\":\"https:\/\/mivoot.com\/gt\/#website\",\"url\":\"https:\/\/mivoot.com\/gt\/\",\"name\":\"Mivoot\",\"description\":\"Mivoot Guatemala | Tienda Online\",\"publisher\":{\"@id\":\"https:\/\/mivoot.com\/gt\/#organization\"},\"alternateName\":\"mivoot\",\"potentialAction\":[{\"@type\":\"SearchAction\",\"target\":{\"@type\":\"EntryPoint\",\"urlTemplate\":\"https:\/\/mivoot.com\/gt\/?s={search_term_string}\"},\"query-input\":{\"@type\":\"PropertyValueSpecification\",\"valueRequired\":true,\"valueName\":\"search_term_string\"}}],\"inLanguage\":\"es\"},{\"@type\":\"Organization\",\"@id\":\"https:\/\/mivoot.com\/gt\/#organization\",\"name\":\"Mivoot Guatemala\",\"alternateName\":\"mivoot.com\",\"url\":\"https:\/\/mivoot.com\/gt\/\",\"logo\":{\"@type\":\"ImageObject\",\"inLanguage\":\"es\",\"@id\":\"https:\/\/mivoot.com\/gt\/#\/schema\/logo\/image\/\",\"url\":\"https:\/\/mivoot.com\/gt\/wp-content\/uploads\/2023\/03\/cropped-icon.png\",\"contentUrl\":\"https:\/\/mivoot.com\/gt\/wp-content\/uploads\/2023\/03\/cropped-icon.png\",\"width\":512,\"height\":512,\"caption\":\"Mivoot Guatemala\"},\"image\":{\"@id\":\"https:\/\/mivoot.com\/gt\/#\/schema\/logo\/image\/\"},\"sameAs\":[\"https:\/\/www.facebook.com\/mivootgt\",\"https:\/\/instagram.com\/mivoot\"]}]}<\/script>\n<!-- \/ Yoast SEO Premium plugin. -->","yoast_head_json":{"title":"Unidad SSD 1TB M.2 2280 Kingston KC2500 - Mivoot","robots":{"index":"index","follow":"follow","max-snippet":"max-snippet:-1","max-image-preview":"max-image-preview:large","max-video-preview":"max-video-preview:-1"},"canonical":"https:\/\/mivoot.com\/gt\/producto\/disco-ssd-1tb-m-2-2280-kingston-kc2500-2\/","og_locale":"es_ES","og_type":"article","og_title":"Unidad SSD 1TB M.2 2280 Kingston KC2500","og_description":"Lectura\/escritura secuencial1 250 GB \u2013 hasta 2.000\/1.100 MB\/s 500 GB \u2013 hasta 2.200\/2.000 MB\/s 1 TB \u2013 hasta 2.200\/2.000 MB\/s   Lectura\/escritura aleatoria 4K1 250 GB \u2013 hasta 150.000\/180.000 IOPS 500 GB \u2013 hasta 180.000\/200.000 IOPS 1 TB \u2013 hasta 250.000\/220.000 IOPS   Total de bytes escritos (TBW)3 250GB \u2013 150TBW 500GB \u2013 350TBW 1TB \u2013 600TBW","og_url":"https:\/\/mivoot.com\/gt\/producto\/disco-ssd-1tb-m-2-2280-kingston-kc2500-2\/","og_site_name":"Mivoot","article_publisher":"https:\/\/www.facebook.com\/mivootgt","article_modified_time":"2021-04-20T16:14:18+00:00","og_image":[{"width":2048,"height":2048,"url":"https:\/\/mivoot.com\/gt\/wp-content\/uploads\/2021\/04\/K2500.jpg","type":"image\/jpeg"}],"twitter_card":"summary_large_image","twitter_misc":{"Est. reading time":"1 minuto"},"schema":{"@context":"https:\/\/schema.org","@graph":[{"@type":"WebPage","@id":"https:\/\/mivoot.com\/gt\/producto\/disco-ssd-1tb-m-2-2280-kingston-kc2500-2\/","url":"https:\/\/mivoot.com\/gt\/producto\/disco-ssd-1tb-m-2-2280-kingston-kc2500-2\/","name":"Unidad SSD 1TB M.2 2280 Kingston KC2500 - Mivoot","isPartOf":{"@id":"https:\/\/mivoot.com\/gt\/#website"},"primaryImageOfPage":{"@id":"https:\/\/mivoot.com\/gt\/producto\/disco-ssd-1tb-m-2-2280-kingston-kc2500-2\/#primaryimage"},"image":{"@id":"https:\/\/mivoot.com\/gt\/producto\/disco-ssd-1tb-m-2-2280-kingston-kc2500-2\/#primaryimage"},"thumbnailUrl":"https:\/\/mivoot.com\/gt\/wp-content\/uploads\/2021\/04\/K2500.jpg","datePublished":"2021-04-13T20:51:17+00:00","dateModified":"2021-04-20T16:14:18+00:00","breadcrumb":{"@id":"https:\/\/mivoot.com\/gt\/producto\/disco-ssd-1tb-m-2-2280-kingston-kc2500-2\/#breadcrumb"},"inLanguage":"es","potentialAction":[{"@type":"ReadAction","target":["https:\/\/mivoot.com\/gt\/producto\/disco-ssd-1tb-m-2-2280-kingston-kc2500-2\/"]}]},{"@type":"ImageObject","inLanguage":"es","@id":"https:\/\/mivoot.com\/gt\/producto\/disco-ssd-1tb-m-2-2280-kingston-kc2500-2\/#primaryimage","url":"https:\/\/mivoot.com\/gt\/wp-content\/uploads\/2021\/04\/K2500.jpg","contentUrl":"https:\/\/mivoot.com\/gt\/wp-content\/uploads\/2021\/04\/K2500.jpg","width":2048,"height":2048},{"@type":"BreadcrumbList","@id":"https:\/\/mivoot.com\/gt\/producto\/disco-ssd-1tb-m-2-2280-kingston-kc2500-2\/#breadcrumb","itemListElement":[{"@type":"ListItem","position":1,"name":"Inicio","item":"https:\/\/mivoot.com\/gt\/"},{"@type":"ListItem","position":2,"name":"Productos","item":"https:\/\/mivoot.com\/gt\/producto\/"},{"@type":"ListItem","position":3,"name":"Kingston","item":"https:\/\/mivoot.com\/gt\/marca\/kingston\/"},{"@type":"ListItem","position":4,"name":"Unidad SSD 1TB M.2 2280 Kingston KC2500"}]},{"@type":"WebSite","@id":"https:\/\/mivoot.com\/gt\/#website","url":"https:\/\/mivoot.com\/gt\/","name":"Mivoot","description":"Mivoot Guatemala | Tienda Online","publisher":{"@id":"https:\/\/mivoot.com\/gt\/#organization"},"alternateName":"mivoot","potentialAction":[{"@type":"SearchAction","target":{"@type":"EntryPoint","urlTemplate":"https:\/\/mivoot.com\/gt\/?s={search_term_string}"},"query-input":{"@type":"PropertyValueSpecification","valueRequired":true,"valueName":"search_term_string"}}],"inLanguage":"es"},{"@type":"Organization","@id":"https:\/\/mivoot.com\/gt\/#organization","name":"Mivoot Guatemala","alternateName":"mivoot.com","url":"https:\/\/mivoot.com\/gt\/","logo":{"@type":"ImageObject","inLanguage":"es","@id":"https:\/\/mivoot.com\/gt\/#\/schema\/logo\/image\/","url":"https:\/\/mivoot.com\/gt\/wp-content\/uploads\/2023\/03\/cropped-icon.png","contentUrl":"https:\/\/mivoot.com\/gt\/wp-content\/uploads\/2023\/03\/cropped-icon.png","width":512,"height":512,"caption":"Mivoot Guatemala"},"image":{"@id":"https:\/\/mivoot.com\/gt\/#\/schema\/logo\/image\/"},"sameAs":["https:\/\/www.facebook.com\/mivootgt","https:\/\/instagram.com\/mivoot"]}]}},"jetpack_publicize_connections":[],"jetpack_sharing_enabled":true,"brands":[{"id":115,"name":"Kingston","slug":"kingston"}],"_links":{"self":[{"href":"https:\/\/mivoot.com\/gt\/wp-json\/wp\/v2\/product\/3606","targetHints":{"allow":["GET"]}}],"collection":[{"href":"https:\/\/mivoot.com\/gt\/wp-json\/wp\/v2\/product"}],"about":[{"href":"https:\/\/mivoot.com\/gt\/wp-json\/wp\/v2\/types\/product"}],"replies":[{"embeddable":true,"href":"https:\/\/mivoot.com\/gt\/wp-json\/wp\/v2\/comments?post=3606"}],"version-history":[{"count":4,"href":"https:\/\/mivoot.com\/gt\/wp-json\/wp\/v2\/product\/3606\/revisions"}],"predecessor-version":[{"id":3634,"href":"https:\/\/mivoot.com\/gt\/wp-json\/wp\/v2\/product\/3606\/revisions\/3634"}],"wp:featuredmedia":[{"embeddable":true,"href":"https:\/\/mivoot.com\/gt\/wp-json\/wp\/v2\/media\/3603"}],"wp:attachment":[{"href":"https:\/\/mivoot.com\/gt\/wp-json\/wp\/v2\/media?parent=3606"}],"wp:term":[{"taxonomy":"pwb-brand","embeddable":true,"href":"https:\/\/mivoot.com\/gt\/wp-json\/wp\/v2\/pwb-brand?post=3606"},{"taxonomy":"product_brand","embeddable":true,"href":"https:\/\/mivoot.com\/gt\/wp-json\/wp\/v2\/product_brand?post=3606"},{"taxonomy":"product_cat","embeddable":true,"href":"https:\/\/mivoot.com\/gt\/wp-json\/wp\/v2\/product_cat?post=3606"},{"taxonomy":"product_tag","embeddable":true,"href":"https:\/\/mivoot.com\/gt\/wp-json\/wp\/v2\/product_tag?post=3606"}],"curies":[{"name":"wp","href":"https:\/\/api.w.org\/{rel}","templated":true}]}}