{"id":3639,"date":"2021-04-16T11:04:55","date_gmt":"2021-04-16T17:04:55","guid":{"rendered":"https:\/\/mivoot.com\/gt\/?post_type=product&#038;p=3639"},"modified":"2023-05-31T13:05:56","modified_gmt":"2023-05-31T19:05:56","slug":"disco-ssd-1-92tb-kingston-a400","status":"publish","type":"product","link":"https:\/\/mivoot.com\/gt\/producto\/disco-ssd-1-92tb-kingston-a400\/","title":{"rendered":"Disco SSD 1.92TB Kingston A400"},"content":{"rendered":"<p>ESPECIFICACIONES<br \/>\n&gt; Factor de forma 2.5\u201d &amp; M.2 2280<br \/>\n&gt; Interfaz SATA Rev. 3.0 (6Gb\/s) \u2013 con compatibilidad inversa para<br \/>\nSATA Rev. 2.0 (3Gb\/seg)<br \/>\n&gt; Capacidades2 120GB, 240GB, 480GB, 960GB, 1.92TB<br \/>\n&gt; Rendimiento de l\u00ednea base1<br \/>\nTransferencia comprensible de datos (ATTO)<br \/>\n120GB \u2014 hasta 500MB\/seg (lectura) y 320MB\/seg (escritura)<br \/>\n240GB \u2014 hasta 500MB\/seg (lectura) y 350MB\/seg (escritura)<br \/>\n480GB \u2014 hasta 500MB\/seg (lectura) y 450MB\/seg (escritura)<br \/>\n960GB \u2014 hasta 500MB\/seg (lectura) y 450MB\/seg (escritura)<br \/>\n1,92TB \u2014 hasta 500MB\/seg (lectura) y 450MB\/seg (escritura)<br \/>\n&gt; Consumo de energ\u00eda 0.195W en reposo \/ 0.279W prom \/<br \/>\n0.642W (M\u00c1X) lectura \/ 1.535W (M\u00c1X) escritura<br \/>\n&gt; Temperatura de almacenamiento -40\u00b0C~85\u00b0C<br \/>\n&gt; Temperatura de operaci\u00f3n 0 a 70 \u00b0C<br \/>\n&gt;Dimensiones 100.0 x 69.9 x 7.0 mm (2,5\u201d)<br \/>\n80 x 22 x 1.35mm (M.2)<br \/>\n&gt; Peso 41g (2.5\u201d)<br \/>\n5.5g (128GB \u2013 M.2)<br \/>\n6.7g (256GB \u2013 M.2)<br \/>\n&gt; Resistencia a las vibraciones en operaci\u00f3n 2.17G pico (7\u2013800Hz)<br \/>\n&gt; Vibraci\u00f3n fuera de operaci\u00f3n 20G pico (10 a 2000Hz)<br \/>\n&gt; Expectativa de vida \u00fatil 1 mill\u00f3n de horas como MTBF<br \/>\n&gt;Garant\u00eda\/soporte t\u00e9cnico3 3 a\u00f1os de garant\u00eda limitada con<br \/>\nsoporte t\u00e9cnico gratuito<br \/>\n&gt; Total de bytes escritos (TBW)4<br \/>\n120GB a 40TB<br \/>\n240GB a 80TB<br \/>\n480GB a 160TB<br \/>\n960GB a 300TB<br \/>\n1,92TB a 600TB<\/p>\n","protected":false},"excerpt":{"rendered":"<p>&nbsp;<\/p>\n<table>\n<tbody>\n<tr>\n<td>Factor de forma<\/td>\n<td>2,5&#8243; y M.2 2280<\/td>\n<\/tr>\n<tr>\n<td>Interfaz<\/td>\n<td>SATA Rev. 3.0 (6 Gb\/s), retrocompatible con SATA Rev. 2.0 (3 Gb\/s)<\/td>\n<\/tr>\n<\/tbody>\n<\/table>\n<table>\n<tbody>\n<tr>\n<td>Transferencia de datos (ATTO)<\/td>\n<td>1,92 TB \u2013 hasta 500 MB\/s en lectura y 450 MB\/s en escritura<\/td>\n<\/tr>\n<tr>\n<td>Consumo de energ\u00eda<\/td>\n<td>0,195 W en reposo \/ 0,279 W promedio \/ 0,642 W (m\u00e1x) lectura \/ 1,535 W (m\u00e1x) escritura<\/td>\n<\/tr>\n<\/tbody>\n<\/table>\n","protected":false},"featured_media":3640,"comment_status":"open","ping_status":"closed","template":"","meta":{"jetpack_publicize_message":"","jetpack_publicize_feature_enabled":true,"jetpack_social_post_already_shared":false,"jetpack_social_options":{"image_generator_settings":{"template":"highway","default_image_id":0,"font":"","enabled":false},"version":2}},"pwb-brand":[115],"product_brand":[],"product_cat":[143],"product_tag":[153,152],"class_list":{"0":"post-3639","1":"product","2":"type-product","3":"status-publish","4":"has-post-thumbnail","6":"pwb-brand-kingston","7":"product_cat-disco-estado-solido-ssd","8":"product_tag-m2","9":"product_tag-ssd","11":"first","12":"instock","13":"taxable","14":"shipping-taxable","15":"purchasable","16":"product-type-simple"},"yoast_head":"<!-- This site is optimized with the Yoast SEO Premium plugin v25.7.1 (Yoast SEO v26.8) - https:\/\/yoast.com\/product\/yoast-seo-premium-wordpress\/ -->\n<title>Disco SSD 1.92TB Kingston A400 - Mivoot<\/title>\n<meta name=\"robots\" content=\"index, follow, max-snippet:-1, max-image-preview:large, max-video-preview:-1\" \/>\n<link rel=\"canonical\" href=\"https:\/\/mivoot.com\/gt\/producto\/disco-ssd-1-92tb-kingston-a400\/\" \/>\n<meta property=\"og:locale\" content=\"es_ES\" \/>\n<meta property=\"og:type\" content=\"article\" \/>\n<meta property=\"og:title\" content=\"Disco SSD 1.92TB Kingston A400\" \/>\n<meta property=\"og:description\" content=\"&nbsp;    Factor de forma 2,5&quot; y M.2 2280   Interfaz SATA Rev. 3.0 (6 Gb\/s), retrocompatible con SATA Rev. 2.0 (3 Gb\/s)       Transferencia de datos (ATTO) 1,92 TB \u2013 hasta 500 MB\/s en lectura y 450 MB\/s en escritura   Consumo de energ\u00eda 0,195 W en reposo \/ 0,279 W promedio \/ 0,642 W (m\u00e1x) lectura \/ 1,535 W (m\u00e1x) escritura\" \/>\n<meta property=\"og:url\" content=\"https:\/\/mivoot.com\/gt\/producto\/disco-ssd-1-92tb-kingston-a400\/\" \/>\n<meta property=\"og:site_name\" content=\"Mivoot\" \/>\n<meta property=\"article:publisher\" content=\"https:\/\/www.facebook.com\/mivootgt\" \/>\n<meta property=\"article:modified_time\" content=\"2023-05-31T19:05:56+00:00\" \/>\n<meta property=\"og:image\" content=\"https:\/\/mivoot.com\/gt\/wp-content\/uploads\/2021\/04\/192TB.jpg\" \/>\n\t<meta property=\"og:image:width\" content=\"715\" \/>\n\t<meta property=\"og:image:height\" content=\"715\" \/>\n\t<meta property=\"og:image:type\" content=\"image\/jpeg\" \/>\n<meta name=\"twitter:card\" content=\"summary_large_image\" \/>\n<meta name=\"twitter:label1\" content=\"Est. reading time\" \/>\n\t<meta name=\"twitter:data1\" content=\"1 minuto\" \/>\n<script type=\"application\/ld+json\" class=\"yoast-schema-graph\">{\"@context\":\"https:\/\/schema.org\",\"@graph\":[{\"@type\":\"WebPage\",\"@id\":\"https:\/\/mivoot.com\/gt\/producto\/disco-ssd-1-92tb-kingston-a400\/\",\"url\":\"https:\/\/mivoot.com\/gt\/producto\/disco-ssd-1-92tb-kingston-a400\/\",\"name\":\"Disco SSD 1.92TB Kingston A400 - Mivoot\",\"isPartOf\":{\"@id\":\"https:\/\/mivoot.com\/gt\/#website\"},\"primaryImageOfPage\":{\"@id\":\"https:\/\/mivoot.com\/gt\/producto\/disco-ssd-1-92tb-kingston-a400\/#primaryimage\"},\"image\":{\"@id\":\"https:\/\/mivoot.com\/gt\/producto\/disco-ssd-1-92tb-kingston-a400\/#primaryimage\"},\"thumbnailUrl\":\"https:\/\/mivoot.com\/gt\/wp-content\/uploads\/2021\/04\/192TB.jpg\",\"datePublished\":\"2021-04-16T17:04:55+00:00\",\"dateModified\":\"2023-05-31T19:05:56+00:00\",\"breadcrumb\":{\"@id\":\"https:\/\/mivoot.com\/gt\/producto\/disco-ssd-1-92tb-kingston-a400\/#breadcrumb\"},\"inLanguage\":\"es\",\"potentialAction\":[{\"@type\":\"ReadAction\",\"target\":[\"https:\/\/mivoot.com\/gt\/producto\/disco-ssd-1-92tb-kingston-a400\/\"]}]},{\"@type\":\"ImageObject\",\"inLanguage\":\"es\",\"@id\":\"https:\/\/mivoot.com\/gt\/producto\/disco-ssd-1-92tb-kingston-a400\/#primaryimage\",\"url\":\"https:\/\/mivoot.com\/gt\/wp-content\/uploads\/2021\/04\/192TB.jpg\",\"contentUrl\":\"https:\/\/mivoot.com\/gt\/wp-content\/uploads\/2021\/04\/192TB.jpg\",\"width\":715,\"height\":715},{\"@type\":\"BreadcrumbList\",\"@id\":\"https:\/\/mivoot.com\/gt\/producto\/disco-ssd-1-92tb-kingston-a400\/#breadcrumb\",\"itemListElement\":[{\"@type\":\"ListItem\",\"position\":1,\"name\":\"Inicio\",\"item\":\"https:\/\/mivoot.com\/gt\/\"},{\"@type\":\"ListItem\",\"position\":2,\"name\":\"Productos\",\"item\":\"https:\/\/mivoot.com\/gt\/producto\/\"},{\"@type\":\"ListItem\",\"position\":3,\"name\":\"Kingston\",\"item\":\"https:\/\/mivoot.com\/gt\/marca\/kingston\/\"},{\"@type\":\"ListItem\",\"position\":4,\"name\":\"Disco SSD 1.92TB Kingston A400\"}]},{\"@type\":\"WebSite\",\"@id\":\"https:\/\/mivoot.com\/gt\/#website\",\"url\":\"https:\/\/mivoot.com\/gt\/\",\"name\":\"Mivoot\",\"description\":\"Mivoot Guatemala | Tienda Online\",\"publisher\":{\"@id\":\"https:\/\/mivoot.com\/gt\/#organization\"},\"alternateName\":\"mivoot\",\"potentialAction\":[{\"@type\":\"SearchAction\",\"target\":{\"@type\":\"EntryPoint\",\"urlTemplate\":\"https:\/\/mivoot.com\/gt\/?s={search_term_string}\"},\"query-input\":{\"@type\":\"PropertyValueSpecification\",\"valueRequired\":true,\"valueName\":\"search_term_string\"}}],\"inLanguage\":\"es\"},{\"@type\":\"Organization\",\"@id\":\"https:\/\/mivoot.com\/gt\/#organization\",\"name\":\"Mivoot Guatemala\",\"alternateName\":\"mivoot.com\",\"url\":\"https:\/\/mivoot.com\/gt\/\",\"logo\":{\"@type\":\"ImageObject\",\"inLanguage\":\"es\",\"@id\":\"https:\/\/mivoot.com\/gt\/#\/schema\/logo\/image\/\",\"url\":\"https:\/\/mivoot.com\/gt\/wp-content\/uploads\/2023\/03\/cropped-icon.png\",\"contentUrl\":\"https:\/\/mivoot.com\/gt\/wp-content\/uploads\/2023\/03\/cropped-icon.png\",\"width\":512,\"height\":512,\"caption\":\"Mivoot Guatemala\"},\"image\":{\"@id\":\"https:\/\/mivoot.com\/gt\/#\/schema\/logo\/image\/\"},\"sameAs\":[\"https:\/\/www.facebook.com\/mivootgt\",\"https:\/\/instagram.com\/mivoot\"]}]}<\/script>\n<!-- \/ Yoast SEO Premium plugin. -->","yoast_head_json":{"title":"Disco SSD 1.92TB Kingston A400 - Mivoot","robots":{"index":"index","follow":"follow","max-snippet":"max-snippet:-1","max-image-preview":"max-image-preview:large","max-video-preview":"max-video-preview:-1"},"canonical":"https:\/\/mivoot.com\/gt\/producto\/disco-ssd-1-92tb-kingston-a400\/","og_locale":"es_ES","og_type":"article","og_title":"Disco SSD 1.92TB Kingston A400","og_description":"&nbsp;    Factor de forma 2,5\" y M.2 2280   Interfaz SATA Rev. 3.0 (6 Gb\/s), retrocompatible con SATA Rev. 2.0 (3 Gb\/s)       Transferencia de datos (ATTO) 1,92 TB \u2013 hasta 500 MB\/s en lectura y 450 MB\/s en escritura   Consumo de energ\u00eda 0,195 W en reposo \/ 0,279 W promedio \/ 0,642 W (m\u00e1x) lectura \/ 1,535 W (m\u00e1x) escritura","og_url":"https:\/\/mivoot.com\/gt\/producto\/disco-ssd-1-92tb-kingston-a400\/","og_site_name":"Mivoot","article_publisher":"https:\/\/www.facebook.com\/mivootgt","article_modified_time":"2023-05-31T19:05:56+00:00","og_image":[{"width":715,"height":715,"url":"https:\/\/mivoot.com\/gt\/wp-content\/uploads\/2021\/04\/192TB.jpg","type":"image\/jpeg"}],"twitter_card":"summary_large_image","twitter_misc":{"Est. reading time":"1 minuto"},"schema":{"@context":"https:\/\/schema.org","@graph":[{"@type":"WebPage","@id":"https:\/\/mivoot.com\/gt\/producto\/disco-ssd-1-92tb-kingston-a400\/","url":"https:\/\/mivoot.com\/gt\/producto\/disco-ssd-1-92tb-kingston-a400\/","name":"Disco SSD 1.92TB Kingston A400 - Mivoot","isPartOf":{"@id":"https:\/\/mivoot.com\/gt\/#website"},"primaryImageOfPage":{"@id":"https:\/\/mivoot.com\/gt\/producto\/disco-ssd-1-92tb-kingston-a400\/#primaryimage"},"image":{"@id":"https:\/\/mivoot.com\/gt\/producto\/disco-ssd-1-92tb-kingston-a400\/#primaryimage"},"thumbnailUrl":"https:\/\/mivoot.com\/gt\/wp-content\/uploads\/2021\/04\/192TB.jpg","datePublished":"2021-04-16T17:04:55+00:00","dateModified":"2023-05-31T19:05:56+00:00","breadcrumb":{"@id":"https:\/\/mivoot.com\/gt\/producto\/disco-ssd-1-92tb-kingston-a400\/#breadcrumb"},"inLanguage":"es","potentialAction":[{"@type":"ReadAction","target":["https:\/\/mivoot.com\/gt\/producto\/disco-ssd-1-92tb-kingston-a400\/"]}]},{"@type":"ImageObject","inLanguage":"es","@id":"https:\/\/mivoot.com\/gt\/producto\/disco-ssd-1-92tb-kingston-a400\/#primaryimage","url":"https:\/\/mivoot.com\/gt\/wp-content\/uploads\/2021\/04\/192TB.jpg","contentUrl":"https:\/\/mivoot.com\/gt\/wp-content\/uploads\/2021\/04\/192TB.jpg","width":715,"height":715},{"@type":"BreadcrumbList","@id":"https:\/\/mivoot.com\/gt\/producto\/disco-ssd-1-92tb-kingston-a400\/#breadcrumb","itemListElement":[{"@type":"ListItem","position":1,"name":"Inicio","item":"https:\/\/mivoot.com\/gt\/"},{"@type":"ListItem","position":2,"name":"Productos","item":"https:\/\/mivoot.com\/gt\/producto\/"},{"@type":"ListItem","position":3,"name":"Kingston","item":"https:\/\/mivoot.com\/gt\/marca\/kingston\/"},{"@type":"ListItem","position":4,"name":"Disco SSD 1.92TB Kingston A400"}]},{"@type":"WebSite","@id":"https:\/\/mivoot.com\/gt\/#website","url":"https:\/\/mivoot.com\/gt\/","name":"Mivoot","description":"Mivoot Guatemala | Tienda Online","publisher":{"@id":"https:\/\/mivoot.com\/gt\/#organization"},"alternateName":"mivoot","potentialAction":[{"@type":"SearchAction","target":{"@type":"EntryPoint","urlTemplate":"https:\/\/mivoot.com\/gt\/?s={search_term_string}"},"query-input":{"@type":"PropertyValueSpecification","valueRequired":true,"valueName":"search_term_string"}}],"inLanguage":"es"},{"@type":"Organization","@id":"https:\/\/mivoot.com\/gt\/#organization","name":"Mivoot Guatemala","alternateName":"mivoot.com","url":"https:\/\/mivoot.com\/gt\/","logo":{"@type":"ImageObject","inLanguage":"es","@id":"https:\/\/mivoot.com\/gt\/#\/schema\/logo\/image\/","url":"https:\/\/mivoot.com\/gt\/wp-content\/uploads\/2023\/03\/cropped-icon.png","contentUrl":"https:\/\/mivoot.com\/gt\/wp-content\/uploads\/2023\/03\/cropped-icon.png","width":512,"height":512,"caption":"Mivoot Guatemala"},"image":{"@id":"https:\/\/mivoot.com\/gt\/#\/schema\/logo\/image\/"},"sameAs":["https:\/\/www.facebook.com\/mivootgt","https:\/\/instagram.com\/mivoot"]}]}},"jetpack_publicize_connections":[],"jetpack_sharing_enabled":true,"brands":[{"id":115,"name":"Kingston","slug":"kingston"}],"_links":{"self":[{"href":"https:\/\/mivoot.com\/gt\/wp-json\/wp\/v2\/product\/3639","targetHints":{"allow":["GET"]}}],"collection":[{"href":"https:\/\/mivoot.com\/gt\/wp-json\/wp\/v2\/product"}],"about":[{"href":"https:\/\/mivoot.com\/gt\/wp-json\/wp\/v2\/types\/product"}],"replies":[{"embeddable":true,"href":"https:\/\/mivoot.com\/gt\/wp-json\/wp\/v2\/comments?post=3639"}],"version-history":[{"count":1,"href":"https:\/\/mivoot.com\/gt\/wp-json\/wp\/v2\/product\/3639\/revisions"}],"predecessor-version":[{"id":3641,"href":"https:\/\/mivoot.com\/gt\/wp-json\/wp\/v2\/product\/3639\/revisions\/3641"}],"wp:featuredmedia":[{"embeddable":true,"href":"https:\/\/mivoot.com\/gt\/wp-json\/wp\/v2\/media\/3640"}],"wp:attachment":[{"href":"https:\/\/mivoot.com\/gt\/wp-json\/wp\/v2\/media?parent=3639"}],"wp:term":[{"taxonomy":"pwb-brand","embeddable":true,"href":"https:\/\/mivoot.com\/gt\/wp-json\/wp\/v2\/pwb-brand?post=3639"},{"taxonomy":"product_brand","embeddable":true,"href":"https:\/\/mivoot.com\/gt\/wp-json\/wp\/v2\/product_brand?post=3639"},{"taxonomy":"product_cat","embeddable":true,"href":"https:\/\/mivoot.com\/gt\/wp-json\/wp\/v2\/product_cat?post=3639"},{"taxonomy":"product_tag","embeddable":true,"href":"https:\/\/mivoot.com\/gt\/wp-json\/wp\/v2\/product_tag?post=3639"}],"curies":[{"name":"wp","href":"https:\/\/api.w.org\/{rel}","templated":true}]}}