{"id":3655,"date":"2021-04-16T12:18:37","date_gmt":"2021-04-16T18:18:37","guid":{"rendered":"https:\/\/mivoot.com\/gt\/?post_type=product&#038;p=3655"},"modified":"2021-12-08T10:27:58","modified_gmt":"2021-12-08T16:27:58","slug":"disco-duro-wd-3tb-purple-surveillance-vigilancia","status":"publish","type":"product","link":"https:\/\/mivoot.com\/gt\/producto\/disco-duro-wd-3tb-purple-surveillance-vigilancia\/","title":{"rendered":"Disco Duro WD 3TB Purple Surveillance 3.5&#8243; Vigilancia"},"content":{"rendered":"<p><strong>Asegure el funcionamiento de su sistema y reduzca enormemente los costos de operaci\u00f3n<\/strong><\/p>\n<p>&nbsp;<\/p>\n<p><strong>Almacenamiento definitivo para estar protegido<\/strong><\/p>\n<p>Creado para sistemas de seguridad de alta defici\u00f3n que operan de forma ininterrumpida (24\/7). Los discos WD Purple cuentan con una carga de trabajo de hasta 180TB\/a\u00f1o, soportan hasta 64 c\u00e1maras y est\u00e1n optimizados para sistemas de videovigilancia.<\/p>\n<p>-El disco duro adecuado para el trabajo adecuado<br \/>\nLos discos duros WD Purple han sido ideados espec\u00edficamente para las demandas extremas de los sistemas de videovigilancia que funcionan las 24 horas, los 365 d\u00edas, y alcanzan altas temperaturas.<\/p>\n<p>-Un rendimiento en el que puede confiar<br \/>\nFabricado por un l\u00edder mundial en la industria del almacenamiento, WD Purple se ha ideado para la reproducci\u00f3n de video de alta calidad cuando m\u00e1s lo necesita.<\/p>\n<p>-Ampl\u00ede su visi\u00f3n hasta 64 c\u00e1maras<br \/>\nLos discos duros WD Purple est\u00e1n optimizados para soportar hasta 64 c\u00e1maras, d\u00e1ndole la flexibilidad de actualizar y ampliar su sistema de seguridad en el futuro.<\/p>\n<p>&nbsp;<\/p>\n<p><strong>INTEGRACI\u00d3N IMPECABLE<\/strong><\/p>\n<p>La compatibilidad con una amplia gama de dispositivos y chipsets l\u00edderes en el sector asegura que sin duda encontrar\u00e1 la configuraci\u00f3n y compatibilidad que se ajusten a su DVR\/NVR.<\/p>\n<p>&nbsp;<\/p>\n<p><strong>MENOS ES M\u00c1S<\/strong><\/p>\n<p>Un bajo consumo de energ\u00eda es crucial en un entorno de videovigilancia que funciona permanentemente y alcanza altas temperaturas. La tecnolog\u00eda IntelliSeek ayuda a reducir las vibraciones y el ruido ambiental.<\/p>\n<p><strong>DISE\u00d1ADO PARA LA VIDEOVIGILANCIA<\/strong><\/p>\n<p>El disco duro WD Purple est\u00e1 dise\u00f1ado para los sistemas de seguridad y es compatible con muchos de los fabricantes l\u00edderes en vigilancia y seguridad.<\/p>\n<p><strong>\u00bfCU\u00c1L ES LA DIFERENCIA ENTRE LOS DISCOS DUROS WD PURPLE Y LOS DISCOS DUROS PARA PC?<\/strong><\/p>\n<p>El disco duro \u00a0 WD Purple est\u00e1 espec\u00edficamente dise\u00f1ado para soluciones de videovigilancia que funcionan 24\/7 y est\u00e1 optimizado con la tecnolog\u00eda AllFrame4k<sup>TM<\/sup>\u00a0para una mejor reproducci\u00f3n y rendimiento del sistema.<br \/>\nLos discos duros WD Purple admiten el triple de carga de trabajo de los discos para PC (dise\u00f1ados para trabajar 8\/5), lo que hace que puedan gestionar las demandas m\u00e1s exigentes de los sistemas de videovigilancia.<\/p>\n<div id=\"media-125d62\" class=\"ccs-cc-inline-section ccs-cc-inline-media\" data-elementid=\"inline-content-gallery[wd]\" data-context=\"{&quot;mobile&quot;:false}\" data-ccs-cc-inline-jumplink=\"Medios\" data-display-mode=\"withheader\">\n<div class=\"ccs-cc-ig ccs-cc-ig-cloud\">\n<div class=\"ccs-cc-ig-cloud-viewport last-slide\">\n<div class=\"ccs-cc-ig-viewport-slide\" data-slide-index=\"0\">\n<div id=\"media-125d62_player-0\"><img decoding=\"async\" class=\"ccs-cc-ig-viewport-preview\" style=\"box-sizing: border-box; border: 0px; vertical-align: middle; max-width: 100%; max-height: 100%; padding: 5px;\" tabindex=\"0\" src=\"https:\/\/cdn.cnetcontent.com\/syndication\/feeds\/wd\/inline-content\/BE\/548EF07A434FC305EA8C1DAC3B16021C5D45A990_IFFQHM3UUQC_i_priview_2.jpg\" alt=\"diapositiva 1 de 2,aumentar tama\u00f1o, wd purple&lt;sup&gt;\u2122&lt;\/sup&gt; surveillance hard drive 3tb\" \/><\/div>\n<\/div>\n<p>&nbsp;<\/p>\n<\/div>\n<div class=\"ccs-slick-initialized ccs-slick-slider\">\n<div class=\"ccs-slick-list\">\n<div class=\"ccs-slick-track\">\n<div class=\"ccs-slick-slide ccs-slick-current ccs-slick-active\" tabindex=\"-1\" data-media-type=\"video\" data-image-url=\"https:\/\/cdn.cnetcontent.com\/syndication\/feeds\/wd\/inline-content\/BE\/548EF07A434FC305EA8C1DAC3B16021C5D45A990_IFFQHM3UUQC_i_priview_2.jpg\" data-video-url=\"https:\/\/www.youtube.com\/watch?v=iFFQHm3uuQc\" data-transcoded-video-url=\"\" data-caption=\"\" data-cc-url=\"\" data-cc-lang=\"\" data-ccs-fancybox=\"media-125d62\" data-src=\"https:\/\/www.youtube.com\/watch?v=iFFQHm3uuQc\" data-slick-index=\"0\" aria-hidden=\"false\"><a class=\"ccs-cc-thumbnail-wrapper\" tabindex=\"0\"><img decoding=\"async\" class=\"\" style=\"box-sizing: border-box; border: 0px; vertical-align: middle; display: block; max-width: 100%; max-height: 100%; margin: auto; outline: 0px; -webkit-box-flex: 1; flex: 1 1 0%; opacity: 1;\" src=\"https:\/\/cdn.cnetcontent.com\/syndication\/feeds\/wd\/inline-content\/BE\/548EF07A434FC305EA8C1DAC3B16021C5D45A990_IFFQHM3UUQC_i_videotn_2.jpg\" alt=\"diapositiva 1 de 2,aumentar tama\u00f1o, wd purple&lt;sup&gt;\u2122&lt;\/sup&gt; surveillance hard drive 3tb\" \/><br \/>\n<\/a><\/div>\n<div class=\"ccs-slick-slide ccs-slick-active ccs-ig-cloud-active\" tabindex=\"-1\" data-media-type=\"image\" data-image-url=\"https:\/\/cdn.cnetcontent.com\/syndication\/feeds\/wd\/inline-content\/BE\/E08718C3D645CCC4E9624755CF41218093610CD5_WDPURPLESURVEILLANCEHARDDRIVE3TB_gallery.png\" data-caption=\"\" data-ccs-fancybox=\"media-125d62\" data-src=\"https:\/\/cdn.cnetcontent.com\/syndication\/feeds\/wd\/inline-content\/BE\/E08718C3D645CCC4E9624755CF41218093610CD5_WDPURPLESURVEILLANCEHARDDRIVE3TB_gallery.png\" data-slick-index=\"1\" aria-hidden=\"false\"><span class=\"ccs-cc-thumbnail-wrapper\">\u00a0<\/span><\/div>\n<\/div>\n<\/div>\n<\/div>\n<\/div>\n<\/div>\n<div class=\"ccs-cc-inline-section ccs-cc-inline-features\" data-elementid=\"inline-content-features[wd]\" data-context=\"{&quot;mobile&quot;:false}\" data-ccs-cc-inline-jumplink=\"Funciones\" data-display-mode=\"noheader\">\n<div class=\"ccs-cc-inline-features-block ccs-cc-inline-single-feature\">\n<div class=\"ccs-cc-inline-feature\" data-type=\"text media\" data-pos=\"left\">\n<div class=\"ccs-cc-inline-feature-content ccs-cc-inline-thumbnail\"><a class=\"ccs-cc-inline-thumbnail-image ccs-cc-inline-thumbnail-media ccs-cc-inline-clickable\" title=\"El disco adecuado para el trabajo Mostrar tama\u00f1o m\u00e1s grande\" href=\"https:\/\/cdn.cnetcontent.com\/syndication\/feeds\/wd\/inline-content\/BE\/BD6AC1FDDE16A2FE8B2D946AA0C045C067C3727A_WDPURPLEFEATURE1_feature.jpg\" data-media-type=\"image\" data-caption=\"El disco adecuado para el trabajo\"><img decoding=\"async\" src=\"https:\/\/cdn.cnetcontent.com\/syndication\/feeds\/wd\/inline-content\/BE\/BD6AC1FDDE16A2FE8B2D946AA0C045C067C3727A_WDPURPLEFEATURE1_i_400_featurtn.jpg\" alt=\"El disco adecuado para el trabajo\" data-large=\"https:\/\/cdn.cnetcontent.com\/syndication\/feeds\/wd\/inline-content\/BE\/BD6AC1FDDE16A2FE8B2D946AA0C045C067C3727A_WDPURPLEFEATURE1_feature.jpg\" data-alt-text=\"Please wait while content is loading...\" aria-label=\"El disco adecuado para el trabajo\" \/><\/a><\/div>\n<div class=\"ccs-cc-inline-feature-content ccs-cc-inline-feature-description\">\n<h3>El Disco Adecuado Para El Trabajo<\/h3>\n<p>Los discos WD Purple han sido ideados espec\u00edficamente para las demandas extremas de los sistemas de videovigilancia que funcionan las 24 horas, todos los d\u00edas, y alcanzan altas temperaturas.<\/p>\n<\/div>\n<\/div>\n<\/div>\n<div class=\"ccs-cc-inline-features-block ccs-cc-inline-single-feature\">\n<div class=\"ccs-cc-inline-feature\" data-type=\"text media\" data-pos=\"right\">\n<div class=\"ccs-cc-inline-feature-content ccs-cc-inline-thumbnail\"><a class=\"ccs-cc-inline-thumbnail-image ccs-cc-inline-thumbnail-media ccs-cc-inline-clickable\" title=\"Un rendimiento en el que puede confiar Mostrar tama\u00f1o m\u00e1s grande\" href=\"https:\/\/cdn.cnetcontent.com\/syndication\/feeds\/wd\/inline-content\/BE\/7B7ACF7327E95BEE74B49B03A080825CDD65D832_WDPURPLEFEATURE2_feature.jpg\" data-media-type=\"image\" data-caption=\"Un rendimiento en el que puede confiar\"><img decoding=\"async\" src=\"https:\/\/cdn.cnetcontent.com\/syndication\/feeds\/wd\/inline-content\/BE\/7B7ACF7327E95BEE74B49B03A080825CDD65D832_WDPURPLEFEATURE2_i_400_featurtn.jpg\" alt=\"Un rendimiento en el que puede confiar\" data-large=\"https:\/\/cdn.cnetcontent.com\/syndication\/feeds\/wd\/inline-content\/BE\/7B7ACF7327E95BEE74B49B03A080825CDD65D832_WDPURPLEFEATURE2_feature.jpg\" data-alt-text=\"Please wait while content is loading...\" aria-label=\"Un rendimiento en el que puede confiar\" \/><\/a><\/div>\n<div class=\"ccs-cc-inline-feature-content ccs-cc-inline-feature-description\">\n<h3>Un Rendimiento En El Que Puede Confiar<\/h3>\n<p>Fabricado por un l\u00edder mundial en la industria del almacenamiento, WD Purple se ha ideado para la reproducci\u00f3n de v\u00eddeos de alta calidad cuando m\u00e1s los necesita.<\/p>\n<\/div>\n<\/div>\n<\/div>\n<div class=\"ccs-cc-inline-features-block ccs-cc-inline-single-feature\">\n<div class=\"ccs-cc-inline-feature\" data-type=\"text media\" data-pos=\"left\">\n<div class=\"ccs-cc-inline-feature-content ccs-cc-inline-thumbnail\"><a class=\"ccs-cc-inline-thumbnail-image ccs-cc-inline-thumbnail-media ccs-cc-inline-clickable\" title=\"Ampl\u00ede su visi\u00f3n hasta 64 c\u00e1maras Mostrar tama\u00f1o m\u00e1s grande\" href=\"https:\/\/cdn.cnetcontent.com\/syndication\/feeds\/wd\/inline-content\/BE\/1ED966BA874F0152DE1C54D02D8F7247D52C5E85_WDPURPLESATAHDDSURVEILLANCEENVIRONMENTALTILE1_feature.jpg\" data-media-type=\"image\" data-caption=\"Ampl\u00ede su visi\u00f3n hasta 64 c\u00e1maras\"><img decoding=\"async\" src=\"https:\/\/cdn.cnetcontent.com\/syndication\/feeds\/wd\/inline-content\/BE\/1ED966BA874F0152DE1C54D02D8F7247D52C5E85_WDPURPLESATAHDDSURVEILLANCEENVIRONMENTALTILE1_i_400_featurtn.jpg\" alt=\"Ampl\u00ede su visi\u00f3n hasta 64 c\u00e1maras\" data-large=\"https:\/\/cdn.cnetcontent.com\/syndication\/feeds\/wd\/inline-content\/BE\/1ED966BA874F0152DE1C54D02D8F7247D52C5E85_WDPURPLESATAHDDSURVEILLANCEENVIRONMENTALTILE1_feature.jpg\" data-alt-text=\"Please wait while content is loading...\" aria-label=\"Ampl\u00ede su visi\u00f3n hasta 64 c\u00e1maras\" \/><\/a><\/div>\n<div class=\"ccs-cc-inline-feature-content ccs-cc-inline-feature-description\">\n<h3>Ampl\u00ede Su Visi\u00f3n Hasta 64 C\u00e1maras<\/h3>\n<p>Los discos duros WD Purple est\u00e1n optimizados para soportar hasta 64 c\u00e1maras, d\u00e1ndole la flexibilidad de actualizar y ampliar su sistema de seguridad en el futuro.<\/p>\n<\/div>\n<\/div>\n<\/div>\n<div class=\"ccs-cc-inline-features-block ccs-cc-inline-single-feature\">\n<div class=\"ccs-cc-inline-feature\" data-type=\"text\">\n<div class=\"ccs-cc-inline-feature-content ccs-cc-inline-feature-description\">\n<h3>Integraci\u00f3n Impecable<\/h3>\n<p>La compatibilidad con una amplia gama de dispositivos y chipsets l\u00edderes del sector asegura que sin duda encontrar\u00e1 la configuraci\u00f3n y compatibilidad que se ajusten a su NVR.<\/p>\n<\/div>\n<\/div>\n<\/div>\n<div class=\"ccs-cc-inline-features-block ccs-cc-inline-single-feature\">\n<div class=\"ccs-cc-inline-feature\" data-type=\"text\">\n<div class=\"ccs-cc-inline-feature-content ccs-cc-inline-feature-description\">\n<h3>Menos Es M\u00e1s<\/h3>\n<p>Un bajo consumo de energ\u00eda es crucial en un entorno de videovigilancia que funciona permanentemente y alcanza altas temperaturas. La tecnolog\u00eda IntelliSeek ayuda a reducir las vibraciones y el ruido ambiental.<\/p>\n<\/div>\n<\/div>\n<\/div>\n<div class=\"ccs-cc-inline-features-block ccs-cc-inline-single-feature\">\n<div class=\"ccs-cc-inline-feature\" data-type=\"text\">\n<div class=\"ccs-cc-inline-feature-content ccs-cc-inline-feature-description\">\n<h3>Dise\u00f1ado Para La Videovigilancia<\/h3>\n<p>El disco WD Purple est\u00e1 dise\u00f1ado para los sistemas de seguridad DVR y NVR y es compatible con muchos de los fabricantes l\u00edderes en vigilancia y seguridad. Podemos ayudarle a encontrar el almacenamiento perfecto para su sistema.<\/p>\n<\/div>\n<\/div>\n<\/div>\n<\/div>\n<p><strong>ESPECIFICACIONES TECNICAS:<\/strong><br \/>\n<strong>Capacidad:<\/strong>\u00a03 TB.<br \/>\n<strong>Factor de forma:<\/strong>\u00a03.5 pulgadas.<br \/>\n<strong>Velocidad de Transferencia de datos:<\/strong><br \/>\n&#8211; B\u00fafer a host: 6Gb\/s.<br \/>\n&#8211; Host a\/desde disco (sostenido): 145 MB\/s<br \/>\n<strong>Cache:\u00a0<\/strong>64 MB.<br \/>\n<strong>Velocidad de rotaci\u00f3n:\u00a0<\/strong>5400RMP.<br \/>\n<strong>Interfaz<\/strong>:\u00a0SATA III,\u00a06.0 Gb\/s.<br \/>\n<strong>Aplicaci\u00f3n:\u00a0<\/strong>Optimizado para Aplicaciones de Video Vigilancia<br \/>\n<strong>Cantidad de bah\u00edas:<\/strong>\u00a0De 1 a 8.<br \/>\n<strong>Cantidad de c\u00e1maras:<\/strong>\u00a0De 1 a 64.<\/p>\n<p><strong>CARACTERISTICAS FISICAS Y ELECTRICAS:<\/strong><br \/>\n<strong>Temperatura de Operaci\u00f3n:<\/strong><br \/>\n&#8211; En funcionamiento: 0 &#8211; 65 \u00baC<br \/>\n&#8211; Inactivo: -40 &#8211; 70 \u00baC<br \/>\n<strong>Consumo el\u00e9ctrico:<\/strong><br \/>\n&#8211; Lectura \/ escritura: 3.3W<br \/>\n&#8211; Inactivo: 2.9W<br \/>\n&#8211; Espera y suspensi\u00f3n: 0.4W<br \/>\n<strong>Dimensiones:<\/strong>\u00a025.4 x 147 x 101.6mm<br \/>\n<strong>Peso:<\/strong>\u00a0640g.<\/p>\n","protected":false},"excerpt":{"rendered":"<p>Capacidad: 3 TB.<br \/>\nFactor de forma: 3.5 pulgadas.<br \/>\nVelocidad de Transferencia de datos:<br \/>\n&#8211; B\u00fafer a host: 6Gb\/s.<br \/>\n&#8211; Host a\/desde disco (sostenido): 145 MB\/s<br \/>\nCache: 64 MB.<br \/>\nVelocidad de rotaci\u00f3n: 5400RMP.<br \/>\nInterfaz: SATA III, 6.0 Gb\/s.<br \/>\nAplicaci\u00f3n: Optimizado para Aplicaciones de Video Vigilancia<\/p>\n","protected":false},"featured_media":7102,"comment_status":"open","ping_status":"closed","template":"","meta":{"jetpack_publicize_message":"","jetpack_publicize_feature_enabled":true,"jetpack_social_post_already_shared":false,"jetpack_social_options":{"image_generator_settings":{"template":"highway","default_image_id":0,"font":"","enabled":false},"version":2}},"pwb-brand":[144],"product_brand":[],"product_cat":[146,157],"product_tag":[155,156,154],"class_list":{"0":"post-3655","1":"product","2":"type-product","3":"status-publish","4":"has-post-thumbnail","6":"pwb-brand-western-digital","7":"product_cat-disco-duro-interno","8":"product_cat-disco-duro-vigilancia","9":"product_tag-3tb","10":"product_tag-disco-duro","11":"product_tag-purple","13":"first","14":"instock","15":"taxable","16":"shipping-taxable","17":"purchasable","18":"product-type-simple"},"yoast_head":"<!-- This site is optimized with the Yoast SEO Premium plugin v25.7.1 (Yoast SEO v26.8) - https:\/\/yoast.com\/product\/yoast-seo-premium-wordpress\/ -->\n<title>Disco Duro WD 3TB Purple Surveillance 3.5&quot; Vigilancia - Mivoot<\/title>\n<meta name=\"robots\" content=\"index, follow, max-snippet:-1, max-image-preview:large, max-video-preview:-1\" \/>\n<link rel=\"canonical\" href=\"https:\/\/mivoot.com\/gt\/producto\/disco-duro-wd-3tb-purple-surveillance-vigilancia\/\" \/>\n<meta property=\"og:locale\" content=\"es_ES\" \/>\n<meta property=\"og:type\" content=\"article\" \/>\n<meta property=\"og:title\" content=\"Disco Duro WD 3TB Purple Surveillance 3.5&quot; Vigilancia\" \/>\n<meta property=\"og:description\" content=\"Capacidad: 3 TB. Factor de forma: 3.5 pulgadas. Velocidad de Transferencia de datos: - B\u00fafer a host: 6Gb\/s. - Host a\/desde disco (sostenido): 145 MB\/s Cache: 64 MB. Velocidad de rotaci\u00f3n: 5400RMP. Interfaz: SATA III, 6.0 Gb\/s. Aplicaci\u00f3n: Optimizado para Aplicaciones de Video Vigilancia\" \/>\n<meta property=\"og:url\" content=\"https:\/\/mivoot.com\/gt\/producto\/disco-duro-wd-3tb-purple-surveillance-vigilancia\/\" \/>\n<meta property=\"og:site_name\" content=\"Mivoot\" \/>\n<meta property=\"article:publisher\" content=\"https:\/\/www.facebook.com\/mivootgt\" \/>\n<meta property=\"article:modified_time\" content=\"2021-12-08T16:27:58+00:00\" \/>\n<meta property=\"og:image\" content=\"https:\/\/mivoot.com\/gt\/wp-content\/uploads\/2021\/04\/WD30PURZ-1000x1000-1.jpg\" \/>\n\t<meta property=\"og:image:width\" content=\"1000\" \/>\n\t<meta property=\"og:image:height\" content=\"1000\" \/>\n\t<meta property=\"og:image:type\" content=\"image\/jpeg\" \/>\n<meta name=\"twitter:card\" content=\"summary_large_image\" \/>\n<meta name=\"twitter:label1\" content=\"Est. reading time\" \/>\n\t<meta name=\"twitter:data1\" content=\"3 minutos\" \/>\n<script type=\"application\/ld+json\" class=\"yoast-schema-graph\">{\"@context\":\"https:\/\/schema.org\",\"@graph\":[{\"@type\":\"WebPage\",\"@id\":\"https:\/\/mivoot.com\/gt\/producto\/disco-duro-wd-3tb-purple-surveillance-vigilancia\/\",\"url\":\"https:\/\/mivoot.com\/gt\/producto\/disco-duro-wd-3tb-purple-surveillance-vigilancia\/\",\"name\":\"Disco Duro WD 3TB Purple Surveillance 3.5\\\" Vigilancia - Mivoot\",\"isPartOf\":{\"@id\":\"https:\/\/mivoot.com\/gt\/#website\"},\"primaryImageOfPage\":{\"@id\":\"https:\/\/mivoot.com\/gt\/producto\/disco-duro-wd-3tb-purple-surveillance-vigilancia\/#primaryimage\"},\"image\":{\"@id\":\"https:\/\/mivoot.com\/gt\/producto\/disco-duro-wd-3tb-purple-surveillance-vigilancia\/#primaryimage\"},\"thumbnailUrl\":\"https:\/\/mivoot.com\/gt\/wp-content\/uploads\/2021\/04\/WD30PURZ-1000x1000-1.jpg\",\"datePublished\":\"2021-04-16T18:18:37+00:00\",\"dateModified\":\"2021-12-08T16:27:58+00:00\",\"breadcrumb\":{\"@id\":\"https:\/\/mivoot.com\/gt\/producto\/disco-duro-wd-3tb-purple-surveillance-vigilancia\/#breadcrumb\"},\"inLanguage\":\"es\",\"potentialAction\":[{\"@type\":\"ReadAction\",\"target\":[\"https:\/\/mivoot.com\/gt\/producto\/disco-duro-wd-3tb-purple-surveillance-vigilancia\/\"]}]},{\"@type\":\"ImageObject\",\"inLanguage\":\"es\",\"@id\":\"https:\/\/mivoot.com\/gt\/producto\/disco-duro-wd-3tb-purple-surveillance-vigilancia\/#primaryimage\",\"url\":\"https:\/\/mivoot.com\/gt\/wp-content\/uploads\/2021\/04\/WD30PURZ-1000x1000-1.jpg\",\"contentUrl\":\"https:\/\/mivoot.com\/gt\/wp-content\/uploads\/2021\/04\/WD30PURZ-1000x1000-1.jpg\",\"width\":1000,\"height\":1000},{\"@type\":\"BreadcrumbList\",\"@id\":\"https:\/\/mivoot.com\/gt\/producto\/disco-duro-wd-3tb-purple-surveillance-vigilancia\/#breadcrumb\",\"itemListElement\":[{\"@type\":\"ListItem\",\"position\":1,\"name\":\"Inicio\",\"item\":\"https:\/\/mivoot.com\/gt\/\"},{\"@type\":\"ListItem\",\"position\":2,\"name\":\"Productos\",\"item\":\"https:\/\/mivoot.com\/gt\/producto\/\"},{\"@type\":\"ListItem\",\"position\":3,\"name\":\"Western Digital\",\"item\":\"https:\/\/mivoot.com\/gt\/marca\/western-digital\/\"},{\"@type\":\"ListItem\",\"position\":4,\"name\":\"Disco Duro WD 3TB Purple Surveillance 3.5&#8243; Vigilancia\"}]},{\"@type\":\"WebSite\",\"@id\":\"https:\/\/mivoot.com\/gt\/#website\",\"url\":\"https:\/\/mivoot.com\/gt\/\",\"name\":\"Mivoot\",\"description\":\"Mivoot Guatemala | Tienda Online\",\"publisher\":{\"@id\":\"https:\/\/mivoot.com\/gt\/#organization\"},\"alternateName\":\"mivoot\",\"potentialAction\":[{\"@type\":\"SearchAction\",\"target\":{\"@type\":\"EntryPoint\",\"urlTemplate\":\"https:\/\/mivoot.com\/gt\/?s={search_term_string}\"},\"query-input\":{\"@type\":\"PropertyValueSpecification\",\"valueRequired\":true,\"valueName\":\"search_term_string\"}}],\"inLanguage\":\"es\"},{\"@type\":\"Organization\",\"@id\":\"https:\/\/mivoot.com\/gt\/#organization\",\"name\":\"Mivoot Guatemala\",\"alternateName\":\"mivoot.com\",\"url\":\"https:\/\/mivoot.com\/gt\/\",\"logo\":{\"@type\":\"ImageObject\",\"inLanguage\":\"es\",\"@id\":\"https:\/\/mivoot.com\/gt\/#\/schema\/logo\/image\/\",\"url\":\"https:\/\/mivoot.com\/gt\/wp-content\/uploads\/2023\/03\/cropped-icon.png\",\"contentUrl\":\"https:\/\/mivoot.com\/gt\/wp-content\/uploads\/2023\/03\/cropped-icon.png\",\"width\":512,\"height\":512,\"caption\":\"Mivoot Guatemala\"},\"image\":{\"@id\":\"https:\/\/mivoot.com\/gt\/#\/schema\/logo\/image\/\"},\"sameAs\":[\"https:\/\/www.facebook.com\/mivootgt\",\"https:\/\/instagram.com\/mivoot\"]}]}<\/script>\n<!-- \/ Yoast SEO Premium plugin. -->","yoast_head_json":{"title":"Disco Duro WD 3TB Purple Surveillance 3.5\" Vigilancia - Mivoot","robots":{"index":"index","follow":"follow","max-snippet":"max-snippet:-1","max-image-preview":"max-image-preview:large","max-video-preview":"max-video-preview:-1"},"canonical":"https:\/\/mivoot.com\/gt\/producto\/disco-duro-wd-3tb-purple-surveillance-vigilancia\/","og_locale":"es_ES","og_type":"article","og_title":"Disco Duro WD 3TB Purple Surveillance 3.5\" Vigilancia","og_description":"Capacidad: 3 TB. Factor de forma: 3.5 pulgadas. Velocidad de Transferencia de datos: - B\u00fafer a host: 6Gb\/s. - Host a\/desde disco (sostenido): 145 MB\/s Cache: 64 MB. Velocidad de rotaci\u00f3n: 5400RMP. Interfaz: SATA III, 6.0 Gb\/s. Aplicaci\u00f3n: Optimizado para Aplicaciones de Video Vigilancia","og_url":"https:\/\/mivoot.com\/gt\/producto\/disco-duro-wd-3tb-purple-surveillance-vigilancia\/","og_site_name":"Mivoot","article_publisher":"https:\/\/www.facebook.com\/mivootgt","article_modified_time":"2021-12-08T16:27:58+00:00","og_image":[{"width":1000,"height":1000,"url":"https:\/\/mivoot.com\/gt\/wp-content\/uploads\/2021\/04\/WD30PURZ-1000x1000-1.jpg","type":"image\/jpeg"}],"twitter_card":"summary_large_image","twitter_misc":{"Est. reading time":"3 minutos"},"schema":{"@context":"https:\/\/schema.org","@graph":[{"@type":"WebPage","@id":"https:\/\/mivoot.com\/gt\/producto\/disco-duro-wd-3tb-purple-surveillance-vigilancia\/","url":"https:\/\/mivoot.com\/gt\/producto\/disco-duro-wd-3tb-purple-surveillance-vigilancia\/","name":"Disco Duro WD 3TB Purple Surveillance 3.5\" Vigilancia - Mivoot","isPartOf":{"@id":"https:\/\/mivoot.com\/gt\/#website"},"primaryImageOfPage":{"@id":"https:\/\/mivoot.com\/gt\/producto\/disco-duro-wd-3tb-purple-surveillance-vigilancia\/#primaryimage"},"image":{"@id":"https:\/\/mivoot.com\/gt\/producto\/disco-duro-wd-3tb-purple-surveillance-vigilancia\/#primaryimage"},"thumbnailUrl":"https:\/\/mivoot.com\/gt\/wp-content\/uploads\/2021\/04\/WD30PURZ-1000x1000-1.jpg","datePublished":"2021-04-16T18:18:37+00:00","dateModified":"2021-12-08T16:27:58+00:00","breadcrumb":{"@id":"https:\/\/mivoot.com\/gt\/producto\/disco-duro-wd-3tb-purple-surveillance-vigilancia\/#breadcrumb"},"inLanguage":"es","potentialAction":[{"@type":"ReadAction","target":["https:\/\/mivoot.com\/gt\/producto\/disco-duro-wd-3tb-purple-surveillance-vigilancia\/"]}]},{"@type":"ImageObject","inLanguage":"es","@id":"https:\/\/mivoot.com\/gt\/producto\/disco-duro-wd-3tb-purple-surveillance-vigilancia\/#primaryimage","url":"https:\/\/mivoot.com\/gt\/wp-content\/uploads\/2021\/04\/WD30PURZ-1000x1000-1.jpg","contentUrl":"https:\/\/mivoot.com\/gt\/wp-content\/uploads\/2021\/04\/WD30PURZ-1000x1000-1.jpg","width":1000,"height":1000},{"@type":"BreadcrumbList","@id":"https:\/\/mivoot.com\/gt\/producto\/disco-duro-wd-3tb-purple-surveillance-vigilancia\/#breadcrumb","itemListElement":[{"@type":"ListItem","position":1,"name":"Inicio","item":"https:\/\/mivoot.com\/gt\/"},{"@type":"ListItem","position":2,"name":"Productos","item":"https:\/\/mivoot.com\/gt\/producto\/"},{"@type":"ListItem","position":3,"name":"Western Digital","item":"https:\/\/mivoot.com\/gt\/marca\/western-digital\/"},{"@type":"ListItem","position":4,"name":"Disco Duro WD 3TB Purple Surveillance 3.5&#8243; Vigilancia"}]},{"@type":"WebSite","@id":"https:\/\/mivoot.com\/gt\/#website","url":"https:\/\/mivoot.com\/gt\/","name":"Mivoot","description":"Mivoot Guatemala | Tienda Online","publisher":{"@id":"https:\/\/mivoot.com\/gt\/#organization"},"alternateName":"mivoot","potentialAction":[{"@type":"SearchAction","target":{"@type":"EntryPoint","urlTemplate":"https:\/\/mivoot.com\/gt\/?s={search_term_string}"},"query-input":{"@type":"PropertyValueSpecification","valueRequired":true,"valueName":"search_term_string"}}],"inLanguage":"es"},{"@type":"Organization","@id":"https:\/\/mivoot.com\/gt\/#organization","name":"Mivoot Guatemala","alternateName":"mivoot.com","url":"https:\/\/mivoot.com\/gt\/","logo":{"@type":"ImageObject","inLanguage":"es","@id":"https:\/\/mivoot.com\/gt\/#\/schema\/logo\/image\/","url":"https:\/\/mivoot.com\/gt\/wp-content\/uploads\/2023\/03\/cropped-icon.png","contentUrl":"https:\/\/mivoot.com\/gt\/wp-content\/uploads\/2023\/03\/cropped-icon.png","width":512,"height":512,"caption":"Mivoot Guatemala"},"image":{"@id":"https:\/\/mivoot.com\/gt\/#\/schema\/logo\/image\/"},"sameAs":["https:\/\/www.facebook.com\/mivootgt","https:\/\/instagram.com\/mivoot"]}]}},"jetpack_publicize_connections":[],"jetpack_sharing_enabled":true,"brands":[{"id":144,"name":"Western Digital","slug":"western-digital"}],"_links":{"self":[{"href":"https:\/\/mivoot.com\/gt\/wp-json\/wp\/v2\/product\/3655","targetHints":{"allow":["GET"]}}],"collection":[{"href":"https:\/\/mivoot.com\/gt\/wp-json\/wp\/v2\/product"}],"about":[{"href":"https:\/\/mivoot.com\/gt\/wp-json\/wp\/v2\/types\/product"}],"replies":[{"embeddable":true,"href":"https:\/\/mivoot.com\/gt\/wp-json\/wp\/v2\/comments?post=3655"}],"version-history":[{"count":5,"href":"https:\/\/mivoot.com\/gt\/wp-json\/wp\/v2\/product\/3655\/revisions"}],"predecessor-version":[{"id":7103,"href":"https:\/\/mivoot.com\/gt\/wp-json\/wp\/v2\/product\/3655\/revisions\/7103"}],"wp:featuredmedia":[{"embeddable":true,"href":"https:\/\/mivoot.com\/gt\/wp-json\/wp\/v2\/media\/7102"}],"wp:attachment":[{"href":"https:\/\/mivoot.com\/gt\/wp-json\/wp\/v2\/media?parent=3655"}],"wp:term":[{"taxonomy":"pwb-brand","embeddable":true,"href":"https:\/\/mivoot.com\/gt\/wp-json\/wp\/v2\/pwb-brand?post=3655"},{"taxonomy":"product_brand","embeddable":true,"href":"https:\/\/mivoot.com\/gt\/wp-json\/wp\/v2\/product_brand?post=3655"},{"taxonomy":"product_cat","embeddable":true,"href":"https:\/\/mivoot.com\/gt\/wp-json\/wp\/v2\/product_cat?post=3655"},{"taxonomy":"product_tag","embeddable":true,"href":"https:\/\/mivoot.com\/gt\/wp-json\/wp\/v2\/product_tag?post=3655"}],"curies":[{"name":"wp","href":"https:\/\/api.w.org\/{rel}","templated":true}]}}