{"id":3796,"date":"2021-04-18T17:48:38","date_gmt":"2021-04-18T23:48:38","guid":{"rendered":"https:\/\/mivoot.com\/gt\/?post_type=product&#038;p=3796"},"modified":"2021-04-20T10:13:12","modified_gmt":"2021-04-20T16:13:12","slug":"audifonos-inalambricos-de-diadema-sphere-xtech","status":"publish","type":"product","link":"https:\/\/mivoot.com\/gt\/producto\/audifonos-inalambricos-de-diadema-sphere-xtech\/","title":{"rendered":"Aud\u00edfonos inal\u00e1mbricos de diadema &#8211; Sphere Xtech"},"content":{"rendered":"\t\t<div data-elementor-type=\"product-post\" data-elementor-id=\"3796\" class=\"elementor elementor-3796\">\n\t\t\t\t\t\t<section class=\"elementor-section elementor-top-section elementor-element elementor-element-33432e9 elementor-section-boxed elementor-section-height-default elementor-section-height-default\" data-id=\"33432e9\" data-element_type=\"section\">\n\t\t\t\t\t\t<div class=\"elementor-container elementor-column-gap-default\">\n\t\t\t\t\t<div class=\"elementor-column elementor-col-100 elementor-top-column elementor-element elementor-element-01576a2\" data-id=\"01576a2\" data-element_type=\"column\">\n\t\t\t<div class=\"elementor-widget-wrap elementor-element-populated\">\n\t\t\t\t\t\t<div class=\"elementor-element elementor-element-59102f3 elementor-widget elementor-widget-image\" data-id=\"59102f3\" data-element_type=\"widget\" data-widget_type=\"image.default\">\n\t\t\t\t<div class=\"elementor-widget-container\">\n\t\t\t\t\t\t\t\t\t\t\t\t\t\t\t<img fetchpriority=\"high\" decoding=\"async\" width=\"924\" height=\"501\" src=\"https:\/\/mivoot.com\/gt\/wp-content\/uploads\/2021\/04\/Banner-Lifestyle-XTH-620.jpg\" class=\"attachment-large size-large wp-image-3798\" alt=\"\" srcset=\"https:\/\/mivoot.com\/gt\/wp-content\/uploads\/2021\/04\/Banner-Lifestyle-XTH-620.jpg 924w, https:\/\/mivoot.com\/gt\/wp-content\/uploads\/2021\/04\/Banner-Lifestyle-XTH-620-410x222.jpg 410w, https:\/\/mivoot.com\/gt\/wp-content\/uploads\/2021\/04\/Banner-Lifestyle-XTH-620-64x35.jpg 64w, https:\/\/mivoot.com\/gt\/wp-content\/uploads\/2021\/04\/Banner-Lifestyle-XTH-620-300x163.jpg 300w, https:\/\/mivoot.com\/gt\/wp-content\/uploads\/2021\/04\/Banner-Lifestyle-XTH-620-768x416.jpg 768w\" sizes=\"(max-width: 924px) 100vw, 924px\" \/>\t\t\t\t\t\t\t\t\t\t\t\t\t\t\t<\/div>\n\t\t\t\t<\/div>\n\t\t\t\t\t<\/div>\n\t\t<\/div>\n\t\t\t\t\t<\/div>\n\t\t<\/section>\n\t\t\t\t<section class=\"elementor-section elementor-top-section elementor-element elementor-element-6c6b1ed elementor-section-boxed elementor-section-height-default elementor-section-height-default\" data-id=\"6c6b1ed\" data-element_type=\"section\">\n\t\t\t\t\t\t<div class=\"elementor-container elementor-column-gap-default\">\n\t\t\t\t\t<div class=\"elementor-column elementor-col-33 elementor-top-column elementor-element elementor-element-7609e5e\" data-id=\"7609e5e\" data-element_type=\"column\">\n\t\t\t<div class=\"elementor-widget-wrap elementor-element-populated\">\n\t\t\t\t\t\t<div class=\"elementor-element elementor-element-7a1f9ee elementor-widget elementor-widget-text-editor\" data-id=\"7a1f9ee\" data-element_type=\"widget\" data-widget_type=\"text-editor.default\">\n\t\t\t\t<div class=\"elementor-widget-container\">\n\t\t\t\t\t\t\t\t\t<p>Dise\u00f1o liviano que se adapta c\u00f3modamente sobre las orejas<\/p>\t\t\t\t\t\t\t\t<\/div>\n\t\t\t\t<\/div>\n\t\t\t\t\t<\/div>\n\t\t<\/div>\n\t\t\t\t<div class=\"elementor-column elementor-col-66 elementor-top-column elementor-element elementor-element-7d9c56c\" data-id=\"7d9c56c\" data-element_type=\"column\">\n\t\t\t<div class=\"elementor-widget-wrap elementor-element-populated\">\n\t\t\t\t\t\t<div class=\"elementor-element elementor-element-048bcc0 elementor-widget elementor-widget-image\" data-id=\"048bcc0\" data-element_type=\"widget\" data-widget_type=\"image.default\">\n\t\t\t\t<div class=\"elementor-widget-container\">\n\t\t\t\t\t\t\t\t\t\t\t\t\t\t\t<img decoding=\"async\" width=\"721\" height=\"450\" src=\"https:\/\/mivoot.com\/gt\/wp-content\/uploads\/2021\/04\/Fotos-Detalle-XTH-620_1.jpg\" class=\"attachment-large size-large wp-image-3799\" alt=\"\" srcset=\"https:\/\/mivoot.com\/gt\/wp-content\/uploads\/2021\/04\/Fotos-Detalle-XTH-620_1.jpg 721w, https:\/\/mivoot.com\/gt\/wp-content\/uploads\/2021\/04\/Fotos-Detalle-XTH-620_1-410x256.jpg 410w, https:\/\/mivoot.com\/gt\/wp-content\/uploads\/2021\/04\/Fotos-Detalle-XTH-620_1-64x40.jpg 64w, https:\/\/mivoot.com\/gt\/wp-content\/uploads\/2021\/04\/Fotos-Detalle-XTH-620_1-300x187.jpg 300w\" sizes=\"(max-width: 721px) 100vw, 721px\" \/>\t\t\t\t\t\t\t\t\t\t\t\t\t\t\t<\/div>\n\t\t\t\t<\/div>\n\t\t\t\t\t<\/div>\n\t\t<\/div>\n\t\t\t\t\t<\/div>\n\t\t<\/section>\n\t\t\t\t<section class=\"elementor-section elementor-top-section elementor-element elementor-element-7bef349 elementor-section-boxed elementor-section-height-default elementor-section-height-default\" data-id=\"7bef349\" data-element_type=\"section\">\n\t\t\t\t\t\t<div class=\"elementor-container elementor-column-gap-default\">\n\t\t\t\t\t<div class=\"elementor-column elementor-col-66 elementor-top-column elementor-element elementor-element-6671f95\" data-id=\"6671f95\" data-element_type=\"column\">\n\t\t\t<div class=\"elementor-widget-wrap elementor-element-populated\">\n\t\t\t\t\t\t<div class=\"elementor-element elementor-element-136b86f elementor-widget elementor-widget-image\" data-id=\"136b86f\" data-element_type=\"widget\" data-widget_type=\"image.default\">\n\t\t\t\t<div class=\"elementor-widget-container\">\n\t\t\t\t\t\t\t\t\t\t\t\t\t\t\t<img decoding=\"async\" width=\"721\" height=\"450\" src=\"https:\/\/mivoot.com\/gt\/wp-content\/uploads\/2021\/04\/Fotos-Detalle-XTH-620_2.jpg\" class=\"attachment-large size-large wp-image-3800\" alt=\"\" srcset=\"https:\/\/mivoot.com\/gt\/wp-content\/uploads\/2021\/04\/Fotos-Detalle-XTH-620_2.jpg 721w, https:\/\/mivoot.com\/gt\/wp-content\/uploads\/2021\/04\/Fotos-Detalle-XTH-620_2-410x256.jpg 410w, https:\/\/mivoot.com\/gt\/wp-content\/uploads\/2021\/04\/Fotos-Detalle-XTH-620_2-64x40.jpg 64w, https:\/\/mivoot.com\/gt\/wp-content\/uploads\/2021\/04\/Fotos-Detalle-XTH-620_2-300x187.jpg 300w\" sizes=\"(max-width: 721px) 100vw, 721px\" \/>\t\t\t\t\t\t\t\t\t\t\t\t\t\t\t<\/div>\n\t\t\t\t<\/div>\n\t\t\t\t\t<\/div>\n\t\t<\/div>\n\t\t\t\t<div class=\"elementor-column elementor-col-33 elementor-top-column elementor-element elementor-element-0b091a2\" data-id=\"0b091a2\" data-element_type=\"column\">\n\t\t\t<div class=\"elementor-widget-wrap elementor-element-populated\">\n\t\t\t\t\t\t<div class=\"elementor-element elementor-element-70320be elementor-widget elementor-widget-text-editor\" data-id=\"70320be\" data-element_type=\"widget\" data-widget_type=\"text-editor.default\">\n\t\t\t\t<div class=\"elementor-widget-container\">\n\t\t\t\t\t\t\t\t\t<p>Las c\u00e1psulas se giran para llevar el aud\u00edfono plano sobre los hombros<\/p>\t\t\t\t\t\t\t\t<\/div>\n\t\t\t\t<\/div>\n\t\t\t\t\t<\/div>\n\t\t<\/div>\n\t\t\t\t\t<\/div>\n\t\t<\/section>\n\t\t\t\t<section class=\"elementor-section elementor-top-section elementor-element elementor-element-631fa3d elementor-section-boxed elementor-section-height-default elementor-section-height-default\" data-id=\"631fa3d\" data-element_type=\"section\">\n\t\t\t\t\t\t<div class=\"elementor-container elementor-column-gap-default\">\n\t\t\t\t\t<div class=\"elementor-column elementor-col-33 elementor-top-column elementor-element elementor-element-6d7b7ef\" data-id=\"6d7b7ef\" data-element_type=\"column\">\n\t\t\t<div class=\"elementor-widget-wrap elementor-element-populated\">\n\t\t\t\t\t\t<div class=\"elementor-element elementor-element-14c0f4c elementor-widget elementor-widget-text-editor\" data-id=\"14c0f4c\" data-element_type=\"widget\" data-widget_type=\"text-editor.default\">\n\t\t\t\t<div class=\"elementor-widget-container\">\n\t\t\t\t\t\t\t\t\t<p>Controles de conexi\u00f3n y gesti\u00f3n de m\u00fasica o llamadas integrados en la unidad<\/p>\t\t\t\t\t\t\t\t<\/div>\n\t\t\t\t<\/div>\n\t\t\t\t\t<\/div>\n\t\t<\/div>\n\t\t\t\t<div class=\"elementor-column elementor-col-66 elementor-top-column elementor-element elementor-element-18c5bc2\" data-id=\"18c5bc2\" data-element_type=\"column\">\n\t\t\t<div class=\"elementor-widget-wrap elementor-element-populated\">\n\t\t\t\t\t\t<div class=\"elementor-element elementor-element-45c7809 elementor-widget elementor-widget-image\" data-id=\"45c7809\" data-element_type=\"widget\" data-widget_type=\"image.default\">\n\t\t\t\t<div class=\"elementor-widget-container\">\n\t\t\t\t\t\t\t\t\t\t\t\t\t\t\t<img loading=\"lazy\" decoding=\"async\" width=\"721\" height=\"450\" src=\"https:\/\/mivoot.com\/gt\/wp-content\/uploads\/2021\/04\/Fotos-Detalle-XTH-620_3.jpg\" class=\"attachment-large size-large wp-image-3801\" alt=\"\" srcset=\"https:\/\/mivoot.com\/gt\/wp-content\/uploads\/2021\/04\/Fotos-Detalle-XTH-620_3.jpg 721w, https:\/\/mivoot.com\/gt\/wp-content\/uploads\/2021\/04\/Fotos-Detalle-XTH-620_3-410x256.jpg 410w, https:\/\/mivoot.com\/gt\/wp-content\/uploads\/2021\/04\/Fotos-Detalle-XTH-620_3-64x40.jpg 64w, https:\/\/mivoot.com\/gt\/wp-content\/uploads\/2021\/04\/Fotos-Detalle-XTH-620_3-300x187.jpg 300w\" sizes=\"(max-width: 721px) 100vw, 721px\" \/>\t\t\t\t\t\t\t\t\t\t\t\t\t\t\t<\/div>\n\t\t\t\t<\/div>\n\t\t\t\t\t<\/div>\n\t\t<\/div>\n\t\t\t\t\t<\/div>\n\t\t<\/section>\n\t\t\t\t<\/div>\n\t\t","protected":false},"excerpt":{"rendered":"<h3>Caracter\u00edsticas<\/h3>\n<ul>\n<li>Dise\u00f1o liviano que calza c\u00f3modamente sobre los o\u00eddos<\/li>\n<li>Microparlanes de 40mm imparten un sonido natural y muy n\u00edtido desde distintas fuentes de audio<\/li>\n<li>Las c\u00e1psulas se giran para llevar el aud\u00edfono plano sobre los hombros<\/li>\n<li>Controles de conexi\u00f3n, y para gesti\u00f3n de m\u00fasica o llamadas integrados en la unidad<\/li>\n<\/ul>\n<h3>Especificaciones<\/h3>\n<ul>\n<li><strong>Audifono<\/strong><\/li>\n<li><b>Factor de forma:<\/b>\u00a0Supraaural<\/li>\n<li><b>Unidad del parlante:<\/b>\u00a0\u03c640mm<\/li>\n<li><b>M\u00e1xima potencia de salida (R.M.S.):<\/b>\u00a040mW<\/li>\n<li><b>Respuesta de frecuencia:<\/b>\u00a0100Hz-20kHz<\/li>\n<li><b>Relaci\u00f3n de se\u00f1al a ruido:<\/b>\u00a080dB<\/li>\n<li><b>Impedancia:<\/b>\u00a032\u03a9<\/li>\n<li><b>Sensibilidad:<\/b>\u00a0119\u00b13dB<\/li>\n<li><b>Color:<\/b>\u00a0Negro<\/li>\n<li><strong>Micr\u00f3fono<\/strong><\/li>\n<li><b>Directividad:<\/b>\u00a0Omnidireccional<\/li>\n<li><b>Frecuencia:<\/b>\u00a0100Hz-10kHz<\/li>\n<li><b>Impedancia:<\/b>\u00a0680\u03a9<\/li>\n<li><b>Sensibilidad:<\/b>\u00a0-42dB +\/-3dB<\/li>\n<li><strong>Bater\u00eda<\/strong><\/li>\n<li><b>Tipo:<\/b>\u00a0C\u00e9lula de pol\u00edmero de litio, de 300mAh<\/li>\n<li><b>Tiempo de carga:<\/b>\u00a02 horas<\/li>\n<li><b>Tiempo de funcionamiento:<\/b>\u00a012 horas*<\/li>\n<li><b>Tiempo en modo de pausa:<\/b>\u00a030 horas<\/li>\n<li><b>M\u00e9todo de carga:<\/b>\u00a0Micro-USB (5V\/500mA)<\/li>\n<li><strong>Informaci\u00f3n adicional<\/strong><\/li>\n<li><b>Tipo de conexi\u00f3n:<\/b>\u00a03,5mm y tecnolog\u00eda inal\u00e1mbrica<\/li>\n<li><b>Frecuencia de RF inal\u00e1mbrica:<\/b>\u00a02.4GHz-2.480GHz<\/li>\n<li><b>Ranura de memoria:<\/b>\u00a0Acepta tarjetas microSD\u2122**<\/li>\n<li><b>Alcance inal\u00e1mbrico:<\/b>\u00a010m<\/li>\n<li><b>Longitud del cable:<\/b>\u00a01,3m<\/li>\n<li><b>Dimensiones:<\/b>\u00a015,3&#215;18,5&#215;4,0cm<\/li>\n<li><b>Peso:<\/b>\u00a0185g<\/li>\n<\/ul>\n","protected":false},"featured_media":3797,"comment_status":"open","ping_status":"closed","template":"","meta":{"jetpack_publicize_message":"","jetpack_publicize_feature_enabled":true,"jetpack_social_post_already_shared":false,"jetpack_social_options":{"image_generator_settings":{"template":"highway","default_image_id":0,"font":"","enabled":false},"version":2}},"pwb-brand":[78],"product_brand":[],"product_cat":[25,145],"product_tag":[],"class_list":{"0":"post-3796","1":"product","2":"type-product","3":"status-publish","4":"has-post-thumbnail","6":"pwb-brand-xtech","7":"product_cat-audifonos-alambricos","8":"product_cat-mouse","10":"first","11":"instock","12":"taxable","13":"shipping-taxable","14":"product-type-simple"},"yoast_head":"<!-- This site is optimized with the Yoast SEO Premium plugin v25.7.1 (Yoast SEO v26.8) - https:\/\/yoast.com\/product\/yoast-seo-premium-wordpress\/ -->\n<title>Aud\u00edfonos inal\u00e1mbricos de diadema - Sphere Xtech - Mivoot<\/title>\n<meta name=\"robots\" content=\"index, follow, max-snippet:-1, max-image-preview:large, max-video-preview:-1\" \/>\n<link rel=\"canonical\" href=\"https:\/\/mivoot.com\/gt\/producto\/audifonos-inalambricos-de-diadema-sphere-xtech\/\" \/>\n<meta property=\"og:locale\" content=\"es_ES\" \/>\n<meta property=\"og:type\" content=\"article\" \/>\n<meta property=\"og:title\" content=\"Aud\u00edfonos inal\u00e1mbricos de diadema - Sphere Xtech\" \/>\n<meta property=\"og:description\" content=\"Caracter\u00edsticas   Dise\u00f1o liviano que calza c\u00f3modamente sobre los o\u00eddos  Microparlanes de 40mm imparten un sonido natural y muy n\u00edtido desde distintas fuentes de audio  Las c\u00e1psulas se giran para llevar el aud\u00edfono plano sobre los hombros  Controles de conexi\u00f3n, y para gesti\u00f3n de m\u00fasica o llamadas integrados en la unidad  Especificaciones   Audifono  Factor de forma:\u00a0Supraaural  Unidad del parlante:\u00a0\u03c640mm  M\u00e1xima potencia de salida (R.M.S.):\u00a040mW  Respuesta de frecuencia:\u00a0100Hz-20kHz  Relaci\u00f3n de se\u00f1al a ruido:\u00a080dB  Impedancia:\u00a032\u03a9  Sensibilidad:\u00a0119\u00b13dB  Color:\u00a0Negro  Micr\u00f3fono  Directividad:\u00a0Omnidireccional  Frecuencia:\u00a0100Hz-10kHz  Impedancia:\u00a0680\u03a9  Sensibilidad:\u00a0-42dB +\/-3dB  Bater\u00eda  Tipo:\u00a0C\u00e9lula de pol\u00edmero de litio, de 300mAh  Tiempo de carga:\u00a02 horas  Tiempo de funcionamiento:\u00a012 horas*  Tiempo en modo de pausa:\u00a030 horas  M\u00e9todo de carga:\u00a0Micro-USB (5V\/500mA)  Informaci\u00f3n adicional  Tipo de conexi\u00f3n:\u00a03,5mm y tecnolog\u00eda inal\u00e1mbrica  Frecuencia de RF inal\u00e1mbrica:\u00a02.4GHz-2.480GHz  Ranura de memoria:\u00a0Acepta tarjetas microSD\u2122**  Alcance inal\u00e1mbrico:\u00a010m  Longitud del cable:\u00a01,3m  Dimensiones:\u00a015,3x18,5x4,0cm  Peso:\u00a0185g\" \/>\n<meta property=\"og:url\" content=\"https:\/\/mivoot.com\/gt\/producto\/audifonos-inalambricos-de-diadema-sphere-xtech\/\" \/>\n<meta property=\"og:site_name\" content=\"Mivoot\" \/>\n<meta property=\"article:publisher\" content=\"https:\/\/www.facebook.com\/mivootgt\" \/>\n<meta property=\"article:modified_time\" content=\"2021-04-20T16:13:12+00:00\" \/>\n<meta property=\"og:image\" content=\"https:\/\/mivoot.com\/gt\/wp-content\/uploads\/2021\/04\/Image-Color-XTH-620.png\" \/>\n\t<meta property=\"og:image:width\" content=\"519\" \/>\n\t<meta property=\"og:image:height\" content=\"501\" \/>\n\t<meta property=\"og:image:type\" content=\"image\/png\" \/>\n<meta name=\"twitter:card\" content=\"summary_large_image\" \/>\n<script type=\"application\/ld+json\" class=\"yoast-schema-graph\">{\"@context\":\"https:\/\/schema.org\",\"@graph\":[{\"@type\":\"WebPage\",\"@id\":\"https:\/\/mivoot.com\/gt\/producto\/audifonos-inalambricos-de-diadema-sphere-xtech\/\",\"url\":\"https:\/\/mivoot.com\/gt\/producto\/audifonos-inalambricos-de-diadema-sphere-xtech\/\",\"name\":\"Aud\u00edfonos inal\u00e1mbricos de diadema - Sphere Xtech - Mivoot\",\"isPartOf\":{\"@id\":\"https:\/\/mivoot.com\/gt\/#website\"},\"primaryImageOfPage\":{\"@id\":\"https:\/\/mivoot.com\/gt\/producto\/audifonos-inalambricos-de-diadema-sphere-xtech\/#primaryimage\"},\"image\":{\"@id\":\"https:\/\/mivoot.com\/gt\/producto\/audifonos-inalambricos-de-diadema-sphere-xtech\/#primaryimage\"},\"thumbnailUrl\":\"https:\/\/mivoot.com\/gt\/wp-content\/uploads\/2021\/04\/Image-Color-XTH-620.png\",\"datePublished\":\"2021-04-18T23:48:38+00:00\",\"dateModified\":\"2021-04-20T16:13:12+00:00\",\"breadcrumb\":{\"@id\":\"https:\/\/mivoot.com\/gt\/producto\/audifonos-inalambricos-de-diadema-sphere-xtech\/#breadcrumb\"},\"inLanguage\":\"es\",\"potentialAction\":[{\"@type\":\"ReadAction\",\"target\":[\"https:\/\/mivoot.com\/gt\/producto\/audifonos-inalambricos-de-diadema-sphere-xtech\/\"]}]},{\"@type\":\"ImageObject\",\"inLanguage\":\"es\",\"@id\":\"https:\/\/mivoot.com\/gt\/producto\/audifonos-inalambricos-de-diadema-sphere-xtech\/#primaryimage\",\"url\":\"https:\/\/mivoot.com\/gt\/wp-content\/uploads\/2021\/04\/Image-Color-XTH-620.png\",\"contentUrl\":\"https:\/\/mivoot.com\/gt\/wp-content\/uploads\/2021\/04\/Image-Color-XTH-620.png\",\"width\":519,\"height\":501},{\"@type\":\"BreadcrumbList\",\"@id\":\"https:\/\/mivoot.com\/gt\/producto\/audifonos-inalambricos-de-diadema-sphere-xtech\/#breadcrumb\",\"itemListElement\":[{\"@type\":\"ListItem\",\"position\":1,\"name\":\"Inicio\",\"item\":\"https:\/\/mivoot.com\/gt\/\"},{\"@type\":\"ListItem\",\"position\":2,\"name\":\"Productos\",\"item\":\"https:\/\/mivoot.com\/gt\/producto\/\"},{\"@type\":\"ListItem\",\"position\":3,\"name\":\"Xtech\",\"item\":\"https:\/\/mivoot.com\/gt\/marca\/xtech\/\"},{\"@type\":\"ListItem\",\"position\":4,\"name\":\"Aud\u00edfonos inal\u00e1mbricos de diadema &#8211; Sphere Xtech\"}]},{\"@type\":\"WebSite\",\"@id\":\"https:\/\/mivoot.com\/gt\/#website\",\"url\":\"https:\/\/mivoot.com\/gt\/\",\"name\":\"Mivoot\",\"description\":\"Mivoot Guatemala | Tienda Online\",\"publisher\":{\"@id\":\"https:\/\/mivoot.com\/gt\/#organization\"},\"alternateName\":\"mivoot\",\"potentialAction\":[{\"@type\":\"SearchAction\",\"target\":{\"@type\":\"EntryPoint\",\"urlTemplate\":\"https:\/\/mivoot.com\/gt\/?s={search_term_string}\"},\"query-input\":{\"@type\":\"PropertyValueSpecification\",\"valueRequired\":true,\"valueName\":\"search_term_string\"}}],\"inLanguage\":\"es\"},{\"@type\":\"Organization\",\"@id\":\"https:\/\/mivoot.com\/gt\/#organization\",\"name\":\"Mivoot Guatemala\",\"alternateName\":\"mivoot.com\",\"url\":\"https:\/\/mivoot.com\/gt\/\",\"logo\":{\"@type\":\"ImageObject\",\"inLanguage\":\"es\",\"@id\":\"https:\/\/mivoot.com\/gt\/#\/schema\/logo\/image\/\",\"url\":\"https:\/\/mivoot.com\/gt\/wp-content\/uploads\/2023\/03\/cropped-icon.png\",\"contentUrl\":\"https:\/\/mivoot.com\/gt\/wp-content\/uploads\/2023\/03\/cropped-icon.png\",\"width\":512,\"height\":512,\"caption\":\"Mivoot Guatemala\"},\"image\":{\"@id\":\"https:\/\/mivoot.com\/gt\/#\/schema\/logo\/image\/\"},\"sameAs\":[\"https:\/\/www.facebook.com\/mivootgt\",\"https:\/\/instagram.com\/mivoot\"]}]}<\/script>\n<!-- \/ Yoast SEO Premium plugin. -->","yoast_head_json":{"title":"Aud\u00edfonos inal\u00e1mbricos de diadema - Sphere Xtech - Mivoot","robots":{"index":"index","follow":"follow","max-snippet":"max-snippet:-1","max-image-preview":"max-image-preview:large","max-video-preview":"max-video-preview:-1"},"canonical":"https:\/\/mivoot.com\/gt\/producto\/audifonos-inalambricos-de-diadema-sphere-xtech\/","og_locale":"es_ES","og_type":"article","og_title":"Aud\u00edfonos inal\u00e1mbricos de diadema - Sphere Xtech","og_description":"Caracter\u00edsticas   Dise\u00f1o liviano que calza c\u00f3modamente sobre los o\u00eddos  Microparlanes de 40mm imparten un sonido natural y muy n\u00edtido desde distintas fuentes de audio  Las c\u00e1psulas se giran para llevar el aud\u00edfono plano sobre los hombros  Controles de conexi\u00f3n, y para gesti\u00f3n de m\u00fasica o llamadas integrados en la unidad  Especificaciones   Audifono  Factor de forma:\u00a0Supraaural  Unidad del parlante:\u00a0\u03c640mm  M\u00e1xima potencia de salida (R.M.S.):\u00a040mW  Respuesta de frecuencia:\u00a0100Hz-20kHz  Relaci\u00f3n de se\u00f1al a ruido:\u00a080dB  Impedancia:\u00a032\u03a9  Sensibilidad:\u00a0119\u00b13dB  Color:\u00a0Negro  Micr\u00f3fono  Directividad:\u00a0Omnidireccional  Frecuencia:\u00a0100Hz-10kHz  Impedancia:\u00a0680\u03a9  Sensibilidad:\u00a0-42dB +\/-3dB  Bater\u00eda  Tipo:\u00a0C\u00e9lula de pol\u00edmero de litio, de 300mAh  Tiempo de carga:\u00a02 horas  Tiempo de funcionamiento:\u00a012 horas*  Tiempo en modo de pausa:\u00a030 horas  M\u00e9todo de carga:\u00a0Micro-USB (5V\/500mA)  Informaci\u00f3n adicional  Tipo de conexi\u00f3n:\u00a03,5mm y tecnolog\u00eda inal\u00e1mbrica  Frecuencia de RF inal\u00e1mbrica:\u00a02.4GHz-2.480GHz  Ranura de memoria:\u00a0Acepta tarjetas microSD\u2122**  Alcance inal\u00e1mbrico:\u00a010m  Longitud del cable:\u00a01,3m  Dimensiones:\u00a015,3x18,5x4,0cm  Peso:\u00a0185g","og_url":"https:\/\/mivoot.com\/gt\/producto\/audifonos-inalambricos-de-diadema-sphere-xtech\/","og_site_name":"Mivoot","article_publisher":"https:\/\/www.facebook.com\/mivootgt","article_modified_time":"2021-04-20T16:13:12+00:00","og_image":[{"width":519,"height":501,"url":"https:\/\/mivoot.com\/gt\/wp-content\/uploads\/2021\/04\/Image-Color-XTH-620.png","type":"image\/png"}],"twitter_card":"summary_large_image","schema":{"@context":"https:\/\/schema.org","@graph":[{"@type":"WebPage","@id":"https:\/\/mivoot.com\/gt\/producto\/audifonos-inalambricos-de-diadema-sphere-xtech\/","url":"https:\/\/mivoot.com\/gt\/producto\/audifonos-inalambricos-de-diadema-sphere-xtech\/","name":"Aud\u00edfonos inal\u00e1mbricos de diadema - Sphere Xtech - Mivoot","isPartOf":{"@id":"https:\/\/mivoot.com\/gt\/#website"},"primaryImageOfPage":{"@id":"https:\/\/mivoot.com\/gt\/producto\/audifonos-inalambricos-de-diadema-sphere-xtech\/#primaryimage"},"image":{"@id":"https:\/\/mivoot.com\/gt\/producto\/audifonos-inalambricos-de-diadema-sphere-xtech\/#primaryimage"},"thumbnailUrl":"https:\/\/mivoot.com\/gt\/wp-content\/uploads\/2021\/04\/Image-Color-XTH-620.png","datePublished":"2021-04-18T23:48:38+00:00","dateModified":"2021-04-20T16:13:12+00:00","breadcrumb":{"@id":"https:\/\/mivoot.com\/gt\/producto\/audifonos-inalambricos-de-diadema-sphere-xtech\/#breadcrumb"},"inLanguage":"es","potentialAction":[{"@type":"ReadAction","target":["https:\/\/mivoot.com\/gt\/producto\/audifonos-inalambricos-de-diadema-sphere-xtech\/"]}]},{"@type":"ImageObject","inLanguage":"es","@id":"https:\/\/mivoot.com\/gt\/producto\/audifonos-inalambricos-de-diadema-sphere-xtech\/#primaryimage","url":"https:\/\/mivoot.com\/gt\/wp-content\/uploads\/2021\/04\/Image-Color-XTH-620.png","contentUrl":"https:\/\/mivoot.com\/gt\/wp-content\/uploads\/2021\/04\/Image-Color-XTH-620.png","width":519,"height":501},{"@type":"BreadcrumbList","@id":"https:\/\/mivoot.com\/gt\/producto\/audifonos-inalambricos-de-diadema-sphere-xtech\/#breadcrumb","itemListElement":[{"@type":"ListItem","position":1,"name":"Inicio","item":"https:\/\/mivoot.com\/gt\/"},{"@type":"ListItem","position":2,"name":"Productos","item":"https:\/\/mivoot.com\/gt\/producto\/"},{"@type":"ListItem","position":3,"name":"Xtech","item":"https:\/\/mivoot.com\/gt\/marca\/xtech\/"},{"@type":"ListItem","position":4,"name":"Aud\u00edfonos inal\u00e1mbricos de diadema &#8211; Sphere Xtech"}]},{"@type":"WebSite","@id":"https:\/\/mivoot.com\/gt\/#website","url":"https:\/\/mivoot.com\/gt\/","name":"Mivoot","description":"Mivoot Guatemala | Tienda Online","publisher":{"@id":"https:\/\/mivoot.com\/gt\/#organization"},"alternateName":"mivoot","potentialAction":[{"@type":"SearchAction","target":{"@type":"EntryPoint","urlTemplate":"https:\/\/mivoot.com\/gt\/?s={search_term_string}"},"query-input":{"@type":"PropertyValueSpecification","valueRequired":true,"valueName":"search_term_string"}}],"inLanguage":"es"},{"@type":"Organization","@id":"https:\/\/mivoot.com\/gt\/#organization","name":"Mivoot Guatemala","alternateName":"mivoot.com","url":"https:\/\/mivoot.com\/gt\/","logo":{"@type":"ImageObject","inLanguage":"es","@id":"https:\/\/mivoot.com\/gt\/#\/schema\/logo\/image\/","url":"https:\/\/mivoot.com\/gt\/wp-content\/uploads\/2023\/03\/cropped-icon.png","contentUrl":"https:\/\/mivoot.com\/gt\/wp-content\/uploads\/2023\/03\/cropped-icon.png","width":512,"height":512,"caption":"Mivoot Guatemala"},"image":{"@id":"https:\/\/mivoot.com\/gt\/#\/schema\/logo\/image\/"},"sameAs":["https:\/\/www.facebook.com\/mivootgt","https:\/\/instagram.com\/mivoot"]}]}},"jetpack_publicize_connections":[],"jetpack_sharing_enabled":true,"brands":[{"id":78,"name":"Xtech","slug":"xtech"}],"_links":{"self":[{"href":"https:\/\/mivoot.com\/gt\/wp-json\/wp\/v2\/product\/3796","targetHints":{"allow":["GET"]}}],"collection":[{"href":"https:\/\/mivoot.com\/gt\/wp-json\/wp\/v2\/product"}],"about":[{"href":"https:\/\/mivoot.com\/gt\/wp-json\/wp\/v2\/types\/product"}],"replies":[{"embeddable":true,"href":"https:\/\/mivoot.com\/gt\/wp-json\/wp\/v2\/comments?post=3796"}],"version-history":[{"count":4,"href":"https:\/\/mivoot.com\/gt\/wp-json\/wp\/v2\/product\/3796\/revisions"}],"predecessor-version":[{"id":3805,"href":"https:\/\/mivoot.com\/gt\/wp-json\/wp\/v2\/product\/3796\/revisions\/3805"}],"wp:featuredmedia":[{"embeddable":true,"href":"https:\/\/mivoot.com\/gt\/wp-json\/wp\/v2\/media\/3797"}],"wp:attachment":[{"href":"https:\/\/mivoot.com\/gt\/wp-json\/wp\/v2\/media?parent=3796"}],"wp:term":[{"taxonomy":"pwb-brand","embeddable":true,"href":"https:\/\/mivoot.com\/gt\/wp-json\/wp\/v2\/pwb-brand?post=3796"},{"taxonomy":"product_brand","embeddable":true,"href":"https:\/\/mivoot.com\/gt\/wp-json\/wp\/v2\/product_brand?post=3796"},{"taxonomy":"product_cat","embeddable":true,"href":"https:\/\/mivoot.com\/gt\/wp-json\/wp\/v2\/product_cat?post=3796"},{"taxonomy":"product_tag","embeddable":true,"href":"https:\/\/mivoot.com\/gt\/wp-json\/wp\/v2\/product_tag?post=3796"}],"curies":[{"name":"wp","href":"https:\/\/api.w.org\/{rel}","templated":true}]}}