{"id":3982,"date":"2021-05-09T12:23:30","date_gmt":"2021-05-09T18:23:30","guid":{"rendered":"https:\/\/mivoot.com\/gt\/?post_type=product&#038;p=3982"},"modified":"2024-07-09T18:46:40","modified_gmt":"2024-07-10T00:46:40","slug":"procesador-intel-pentium-gold-g6400","status":"publish","type":"product","link":"https:\/\/mivoot.com\/gt\/producto\/procesador-intel-pentium-gold-g6400\/","title":{"rendered":"Procesador Intel Pentium Gold G6400"},"content":{"rendered":"<div class=\"subhead\">\n<h2 class=\"h2\">Especificaciones de la CPU<\/h2>\n<\/div>\n<ul class=\"specs-list\">\n<li><span class=\"label\"><a class=\"view-modal info-modal ark-accessible-color\" data-modal=\"tt-CoreCount\">Cantidad de n\u00facleos <\/a><\/span><span class=\"value\" data-key=\"CoreCount\">2<\/span><\/li>\n<li><span class=\"label\"><a class=\"view-modal info-modal ark-accessible-color\" data-modal=\"tt-ThreadCount\">Cantidad de subprocesos <\/a><\/span><span class=\"value\" data-key=\"ThreadCount\">4<\/span><\/li>\n<li><span class=\"label\"><a class=\"view-modal info-modal ark-accessible-color\" data-modal=\"tt-ClockSpeed\">Frecuencia b\u00e1sica del procesador <\/a><\/span><span class=\"value\" data-key=\"ClockSpeed\">4,00 GHz<\/span><\/li>\n<li><span class=\"label\"><a class=\"view-modal info-modal ark-accessible-color\" data-modal=\"tt-Cache\">Cach\u00e9<\/a><\/span><span class=\"value\" data-key=\"Cache\">4 MB Intel\u00ae Smart Cache<\/span><\/li>\n<li><span class=\"label\"><a class=\"view-modal info-modal ark-accessible-color\" data-modal=\"tt-Bus\">Velocidad del bus<\/a><\/span><span class=\"value\" data-key=\"Bus\">8 GT\/s<\/span><\/li>\n<li>Gr\u00e1ficos Intel\u00ae UHD 610<\/li>\n<li><span class=\"label\"><a class=\"view-modal info-modal ark-accessible-color\" data-modal=\"tt-MaxTDP\">TDP<\/a><\/span><span class=\"value\" data-key=\"MaxTDP\">58 W<\/span><\/li>\n<li>Socket LGA1200 (400 Series)<\/li>\n<li>Soluci\u00f3n t\u00e9rmica PCG 2015C<\/li>\n<li>Familia Comet Lake<\/li>\n<\/ul>\n<div class=\"subhead\">\n<h2 class=\"h2\">Gr\u00e1ficos de procesador<\/h2>\n<\/div>\n<ul class=\"specs-list\">\n<li><span class=\"label\"><a class=\"view-modal info-modal ark-accessible-color\" data-modal=\"tt-ProcessorGraphicsModelId\">Gr\u00e1ficos del procesador\u00a0<small><sup>\u2021<\/sup><\/small><\/a><\/span><span class=\"value\" data-key=\"ProcessorGraphicsModelId\">Gr\u00e1ficos UHD Intel\u00ae 610<\/span><\/li>\n<li><span class=\"label\"><a class=\"view-modal info-modal ark-accessible-color\" data-modal=\"tt-GraphicsFreq\">Frecuencia de base de gr\u00e1ficos<\/a><\/span><span class=\"value\" data-key=\"GraphicsFreq\">350 MHz<\/span><\/li>\n<li><span class=\"label\"><a class=\"view-modal info-modal ark-accessible-color\" data-modal=\"tt-GraphicsMaxFreq\">Frecuencia din\u00e1mica m\u00e1xima de gr\u00e1ficos<\/a><\/span><span class=\"value\" data-key=\"GraphicsMaxFreq\">1.05 GHz<\/span><\/li>\n<li><span class=\"label\"><a class=\"view-modal info-modal ark-accessible-color\" data-modal=\"tt-GraphicsMaxMem\">Memoria m\u00e1xima de video de gr\u00e1ficos<\/a><\/span><span class=\"value\" data-key=\"GraphicsMaxMem\">64 GB<\/span><\/li>\n<li><span class=\"label\"><a class=\"view-modal info-modal ark-accessible-color\" data-modal=\"tt-Graphics4KSupportLevel\">Compatibilidad con 4K<\/a><\/span><span class=\"value\" data-key=\"Graphics4KSupportLevel\">Yes, at 60Hz<\/span><\/li>\n<li><span class=\"label\"><a class=\"view-modal info-modal ark-accessible-color\" data-modal=\"tt-GraphicsMaxResolutionHDMI\">Resoluci\u00f3n m\u00e1xima (HDMI 1.4)\u2021<\/a><\/span><span class=\"value\" data-key=\"GraphicsMaxResolutionHDMI\">4096&#215;2160@30Hz<\/span><\/li>\n<li><span class=\"label\"><a class=\"view-modal info-modal ark-accessible-color\" data-modal=\"tt-GraphicsMaxResolutionDP\">Resoluci\u00f3n m\u00e1xima (DP)\u2021<\/a><\/span><span class=\"value\" data-key=\"GraphicsMaxResolutionDP\">4096&#215;2304@60Hz<\/span><\/li>\n<li><span class=\"label\"><a class=\"view-modal info-modal ark-accessible-color\" data-modal=\"tt-GraphicsMaxResolutionIFP\">Resoluci\u00f3n m\u00e1xima (eDP &#8211; panel plano integrado)\u2021<\/a><\/span><span class=\"value\" data-key=\"GraphicsMaxResolutionIFP\">4096&#215;2304@60Hz<\/span><\/li>\n<li><span class=\"label\"><a class=\"view-modal info-modal ark-accessible-color\" data-modal=\"tt-GraphicsDirectXSupport\">Compatibilidad con DirectX*<\/a><\/span><span class=\"value\" data-key=\"GraphicsDirectXSupport\">12<\/span><\/li>\n<\/ul>\n<h4><strong>Especificaciones de memoria<\/strong><\/h4>\n<ul>\n<li><strong>Tama\u00f1o de memoria m\u00e1ximo (depende del tipo de memoria):<\/strong>\u00a0128 GB<\/li>\n<li><strong>Tipos de memoria:<\/strong>\u00a0DDR4-2666<\/li>\n<li><strong>Cantidad m\u00e1xima de canales de memoria:<\/strong>\u00a02<\/li>\n<li><strong>M\u00e1ximo de ancho de banda de memoria:<\/strong>\u00a041.6 GB\/s<\/li>\n<\/ul>\n","protected":false},"excerpt":{"rendered":"<ul>\n<li><strong>N\u00famero de procesador:<\/strong>\u00a0G6400<\/li>\n<li><strong>Litograf\u00eda:<\/strong>\u00a014 nm<\/li>\n<li><strong>Cantidad de n\u00facleos:<\/strong>\u00a02<\/li>\n<li><strong>Cantidad de subprocesos:<\/strong>\u00a04<\/li>\n<li><strong>Frecuencia b\u00e1sica del procesador:<\/strong>\u00a04,00 GHz<\/li>\n<li><strong>Cach\u00e9:<\/strong>\u00a04 MB Intel\u00ae Smart Cache<\/li>\n<li><strong>Velocidad del bus:<\/strong>\u00a08 GT\/s<\/li>\n<li><strong>TDP:<\/strong>\u00a058 W<\/li>\n<li>\n<div class=\"col-sm-8 col-md-9 icon-header\">\n<div class=\"product-family-title-text\">\n<div class=\"blade-product-list-container\">cach\u00e9 de 4 M; 4 GHz<\/div>\n<\/div>\n<\/div>\n<\/li>\n<\/ul>\n","protected":false},"featured_media":3983,"comment_status":"open","ping_status":"closed","template":"","meta":{"jetpack_publicize_message":"","jetpack_publicize_feature_enabled":true,"jetpack_social_post_already_shared":false,"jetpack_social_options":{"image_generator_settings":{"template":"highway","default_image_id":0,"font":"","enabled":false},"version":2}},"pwb-brand":[99],"product_brand":[],"product_cat":[44],"product_tag":[],"class_list":{"0":"post-3982","1":"product","2":"type-product","3":"status-publish","4":"has-post-thumbnail","6":"pwb-brand-intel","7":"product_cat-procesadores","9":"first","10":"onbackorder","11":"taxable","12":"shipping-taxable","13":"purchasable","14":"product-type-simple"},"yoast_head":"<!-- This site is optimized with the Yoast SEO Premium plugin v25.7.1 (Yoast SEO v26.8) - https:\/\/yoast.com\/product\/yoast-seo-premium-wordpress\/ -->\n<title>Procesador Intel Pentium Gold G6400 - Mivoot<\/title>\n<meta name=\"robots\" content=\"index, follow, max-snippet:-1, max-image-preview:large, max-video-preview:-1\" \/>\n<link rel=\"canonical\" href=\"https:\/\/mivoot.com\/gt\/producto\/procesador-intel-pentium-gold-g6400\/\" \/>\n<meta property=\"og:locale\" content=\"es_ES\" \/>\n<meta property=\"og:type\" content=\"article\" \/>\n<meta property=\"og:title\" content=\"Procesador Intel Pentium Gold G6400\" \/>\n<meta property=\"og:description\" content=\"N\u00famero de procesador:\u00a0G6400  Litograf\u00eda:\u00a014 nm  Cantidad de n\u00facleos:\u00a02  Cantidad de subprocesos:\u00a04  Frecuencia b\u00e1sica del procesador:\u00a04,00 GHz  Cach\u00e9:\u00a04 MB Intel\u00ae Smart Cache  Velocidad del bus:\u00a08 GT\/s  TDP:\u00a058 W     cach\u00e9 de 4 M; 4 GHz\" \/>\n<meta property=\"og:url\" content=\"https:\/\/mivoot.com\/gt\/producto\/procesador-intel-pentium-gold-g6400\/\" \/>\n<meta property=\"og:site_name\" content=\"Mivoot\" \/>\n<meta property=\"article:publisher\" content=\"https:\/\/www.facebook.com\/mivootgt\" \/>\n<meta property=\"article:modified_time\" content=\"2024-07-10T00:46:40+00:00\" \/>\n<meta property=\"og:image\" content=\"https:\/\/mivoot.com\/gt\/wp-content\/uploads\/2021\/05\/BX80701G6400-INTEL-1200x1200-1-2.jpg\" \/>\n\t<meta property=\"og:image:width\" content=\"1200\" \/>\n\t<meta property=\"og:image:height\" content=\"1200\" \/>\n\t<meta property=\"og:image:type\" content=\"image\/jpeg\" \/>\n<meta name=\"twitter:card\" content=\"summary_large_image\" \/>\n<meta name=\"twitter:label1\" content=\"Est. reading time\" \/>\n\t<meta name=\"twitter:data1\" content=\"1 minuto\" \/>\n<script type=\"application\/ld+json\" class=\"yoast-schema-graph\">{\"@context\":\"https:\/\/schema.org\",\"@graph\":[{\"@type\":\"WebPage\",\"@id\":\"https:\/\/mivoot.com\/gt\/producto\/procesador-intel-pentium-gold-g6400\/\",\"url\":\"https:\/\/mivoot.com\/gt\/producto\/procesador-intel-pentium-gold-g6400\/\",\"name\":\"Procesador Intel Pentium Gold G6400 - Mivoot\",\"isPartOf\":{\"@id\":\"https:\/\/mivoot.com\/gt\/#website\"},\"primaryImageOfPage\":{\"@id\":\"https:\/\/mivoot.com\/gt\/producto\/procesador-intel-pentium-gold-g6400\/#primaryimage\"},\"image\":{\"@id\":\"https:\/\/mivoot.com\/gt\/producto\/procesador-intel-pentium-gold-g6400\/#primaryimage\"},\"thumbnailUrl\":\"https:\/\/mivoot.com\/gt\/wp-content\/uploads\/2021\/05\/BX80701G6400-INTEL-1200x1200-1-2.jpg\",\"datePublished\":\"2021-05-09T18:23:30+00:00\",\"dateModified\":\"2024-07-10T00:46:40+00:00\",\"breadcrumb\":{\"@id\":\"https:\/\/mivoot.com\/gt\/producto\/procesador-intel-pentium-gold-g6400\/#breadcrumb\"},\"inLanguage\":\"es\",\"potentialAction\":[{\"@type\":\"ReadAction\",\"target\":[\"https:\/\/mivoot.com\/gt\/producto\/procesador-intel-pentium-gold-g6400\/\"]}]},{\"@type\":\"ImageObject\",\"inLanguage\":\"es\",\"@id\":\"https:\/\/mivoot.com\/gt\/producto\/procesador-intel-pentium-gold-g6400\/#primaryimage\",\"url\":\"https:\/\/mivoot.com\/gt\/wp-content\/uploads\/2021\/05\/BX80701G6400-INTEL-1200x1200-1-2.jpg\",\"contentUrl\":\"https:\/\/mivoot.com\/gt\/wp-content\/uploads\/2021\/05\/BX80701G6400-INTEL-1200x1200-1-2.jpg\",\"width\":1200,\"height\":1200},{\"@type\":\"BreadcrumbList\",\"@id\":\"https:\/\/mivoot.com\/gt\/producto\/procesador-intel-pentium-gold-g6400\/#breadcrumb\",\"itemListElement\":[{\"@type\":\"ListItem\",\"position\":1,\"name\":\"Inicio\",\"item\":\"https:\/\/mivoot.com\/gt\/\"},{\"@type\":\"ListItem\",\"position\":2,\"name\":\"Productos\",\"item\":\"https:\/\/mivoot.com\/gt\/producto\/\"},{\"@type\":\"ListItem\",\"position\":3,\"name\":\"Intel\",\"item\":\"https:\/\/mivoot.com\/gt\/marca\/intel\/\"},{\"@type\":\"ListItem\",\"position\":4,\"name\":\"Procesador Intel Pentium Gold G6400\"}]},{\"@type\":\"WebSite\",\"@id\":\"https:\/\/mivoot.com\/gt\/#website\",\"url\":\"https:\/\/mivoot.com\/gt\/\",\"name\":\"Mivoot\",\"description\":\"Mivoot Guatemala | Tienda Online\",\"publisher\":{\"@id\":\"https:\/\/mivoot.com\/gt\/#organization\"},\"alternateName\":\"mivoot\",\"potentialAction\":[{\"@type\":\"SearchAction\",\"target\":{\"@type\":\"EntryPoint\",\"urlTemplate\":\"https:\/\/mivoot.com\/gt\/?s={search_term_string}\"},\"query-input\":{\"@type\":\"PropertyValueSpecification\",\"valueRequired\":true,\"valueName\":\"search_term_string\"}}],\"inLanguage\":\"es\"},{\"@type\":\"Organization\",\"@id\":\"https:\/\/mivoot.com\/gt\/#organization\",\"name\":\"Mivoot Guatemala\",\"alternateName\":\"mivoot.com\",\"url\":\"https:\/\/mivoot.com\/gt\/\",\"logo\":{\"@type\":\"ImageObject\",\"inLanguage\":\"es\",\"@id\":\"https:\/\/mivoot.com\/gt\/#\/schema\/logo\/image\/\",\"url\":\"https:\/\/mivoot.com\/gt\/wp-content\/uploads\/2023\/03\/cropped-icon.png\",\"contentUrl\":\"https:\/\/mivoot.com\/gt\/wp-content\/uploads\/2023\/03\/cropped-icon.png\",\"width\":512,\"height\":512,\"caption\":\"Mivoot Guatemala\"},\"image\":{\"@id\":\"https:\/\/mivoot.com\/gt\/#\/schema\/logo\/image\/\"},\"sameAs\":[\"https:\/\/www.facebook.com\/mivootgt\",\"https:\/\/instagram.com\/mivoot\"]}]}<\/script>\n<!-- \/ Yoast SEO Premium plugin. -->","yoast_head_json":{"title":"Procesador Intel Pentium Gold G6400 - Mivoot","robots":{"index":"index","follow":"follow","max-snippet":"max-snippet:-1","max-image-preview":"max-image-preview:large","max-video-preview":"max-video-preview:-1"},"canonical":"https:\/\/mivoot.com\/gt\/producto\/procesador-intel-pentium-gold-g6400\/","og_locale":"es_ES","og_type":"article","og_title":"Procesador Intel Pentium Gold G6400","og_description":"N\u00famero de procesador:\u00a0G6400  Litograf\u00eda:\u00a014 nm  Cantidad de n\u00facleos:\u00a02  Cantidad de subprocesos:\u00a04  Frecuencia b\u00e1sica del procesador:\u00a04,00 GHz  Cach\u00e9:\u00a04 MB Intel\u00ae Smart Cache  Velocidad del bus:\u00a08 GT\/s  TDP:\u00a058 W     cach\u00e9 de 4 M; 4 GHz","og_url":"https:\/\/mivoot.com\/gt\/producto\/procesador-intel-pentium-gold-g6400\/","og_site_name":"Mivoot","article_publisher":"https:\/\/www.facebook.com\/mivootgt","article_modified_time":"2024-07-10T00:46:40+00:00","og_image":[{"width":1200,"height":1200,"url":"https:\/\/mivoot.com\/gt\/wp-content\/uploads\/2021\/05\/BX80701G6400-INTEL-1200x1200-1-2.jpg","type":"image\/jpeg"}],"twitter_card":"summary_large_image","twitter_misc":{"Est. reading time":"1 minuto"},"schema":{"@context":"https:\/\/schema.org","@graph":[{"@type":"WebPage","@id":"https:\/\/mivoot.com\/gt\/producto\/procesador-intel-pentium-gold-g6400\/","url":"https:\/\/mivoot.com\/gt\/producto\/procesador-intel-pentium-gold-g6400\/","name":"Procesador Intel Pentium Gold G6400 - Mivoot","isPartOf":{"@id":"https:\/\/mivoot.com\/gt\/#website"},"primaryImageOfPage":{"@id":"https:\/\/mivoot.com\/gt\/producto\/procesador-intel-pentium-gold-g6400\/#primaryimage"},"image":{"@id":"https:\/\/mivoot.com\/gt\/producto\/procesador-intel-pentium-gold-g6400\/#primaryimage"},"thumbnailUrl":"https:\/\/mivoot.com\/gt\/wp-content\/uploads\/2021\/05\/BX80701G6400-INTEL-1200x1200-1-2.jpg","datePublished":"2021-05-09T18:23:30+00:00","dateModified":"2024-07-10T00:46:40+00:00","breadcrumb":{"@id":"https:\/\/mivoot.com\/gt\/producto\/procesador-intel-pentium-gold-g6400\/#breadcrumb"},"inLanguage":"es","potentialAction":[{"@type":"ReadAction","target":["https:\/\/mivoot.com\/gt\/producto\/procesador-intel-pentium-gold-g6400\/"]}]},{"@type":"ImageObject","inLanguage":"es","@id":"https:\/\/mivoot.com\/gt\/producto\/procesador-intel-pentium-gold-g6400\/#primaryimage","url":"https:\/\/mivoot.com\/gt\/wp-content\/uploads\/2021\/05\/BX80701G6400-INTEL-1200x1200-1-2.jpg","contentUrl":"https:\/\/mivoot.com\/gt\/wp-content\/uploads\/2021\/05\/BX80701G6400-INTEL-1200x1200-1-2.jpg","width":1200,"height":1200},{"@type":"BreadcrumbList","@id":"https:\/\/mivoot.com\/gt\/producto\/procesador-intel-pentium-gold-g6400\/#breadcrumb","itemListElement":[{"@type":"ListItem","position":1,"name":"Inicio","item":"https:\/\/mivoot.com\/gt\/"},{"@type":"ListItem","position":2,"name":"Productos","item":"https:\/\/mivoot.com\/gt\/producto\/"},{"@type":"ListItem","position":3,"name":"Intel","item":"https:\/\/mivoot.com\/gt\/marca\/intel\/"},{"@type":"ListItem","position":4,"name":"Procesador Intel Pentium Gold G6400"}]},{"@type":"WebSite","@id":"https:\/\/mivoot.com\/gt\/#website","url":"https:\/\/mivoot.com\/gt\/","name":"Mivoot","description":"Mivoot Guatemala | Tienda Online","publisher":{"@id":"https:\/\/mivoot.com\/gt\/#organization"},"alternateName":"mivoot","potentialAction":[{"@type":"SearchAction","target":{"@type":"EntryPoint","urlTemplate":"https:\/\/mivoot.com\/gt\/?s={search_term_string}"},"query-input":{"@type":"PropertyValueSpecification","valueRequired":true,"valueName":"search_term_string"}}],"inLanguage":"es"},{"@type":"Organization","@id":"https:\/\/mivoot.com\/gt\/#organization","name":"Mivoot Guatemala","alternateName":"mivoot.com","url":"https:\/\/mivoot.com\/gt\/","logo":{"@type":"ImageObject","inLanguage":"es","@id":"https:\/\/mivoot.com\/gt\/#\/schema\/logo\/image\/","url":"https:\/\/mivoot.com\/gt\/wp-content\/uploads\/2023\/03\/cropped-icon.png","contentUrl":"https:\/\/mivoot.com\/gt\/wp-content\/uploads\/2023\/03\/cropped-icon.png","width":512,"height":512,"caption":"Mivoot Guatemala"},"image":{"@id":"https:\/\/mivoot.com\/gt\/#\/schema\/logo\/image\/"},"sameAs":["https:\/\/www.facebook.com\/mivootgt","https:\/\/instagram.com\/mivoot"]}]}},"jetpack_publicize_connections":[],"jetpack_sharing_enabled":true,"brands":[{"id":99,"name":"Intel","slug":"intel"}],"_links":{"self":[{"href":"https:\/\/mivoot.com\/gt\/wp-json\/wp\/v2\/product\/3982","targetHints":{"allow":["GET"]}}],"collection":[{"href":"https:\/\/mivoot.com\/gt\/wp-json\/wp\/v2\/product"}],"about":[{"href":"https:\/\/mivoot.com\/gt\/wp-json\/wp\/v2\/types\/product"}],"replies":[{"embeddable":true,"href":"https:\/\/mivoot.com\/gt\/wp-json\/wp\/v2\/comments?post=3982"}],"version-history":[{"count":3,"href":"https:\/\/mivoot.com\/gt\/wp-json\/wp\/v2\/product\/3982\/revisions"}],"predecessor-version":[{"id":7507,"href":"https:\/\/mivoot.com\/gt\/wp-json\/wp\/v2\/product\/3982\/revisions\/7507"}],"wp:featuredmedia":[{"embeddable":true,"href":"https:\/\/mivoot.com\/gt\/wp-json\/wp\/v2\/media\/3983"}],"wp:attachment":[{"href":"https:\/\/mivoot.com\/gt\/wp-json\/wp\/v2\/media?parent=3982"}],"wp:term":[{"taxonomy":"pwb-brand","embeddable":true,"href":"https:\/\/mivoot.com\/gt\/wp-json\/wp\/v2\/pwb-brand?post=3982"},{"taxonomy":"product_brand","embeddable":true,"href":"https:\/\/mivoot.com\/gt\/wp-json\/wp\/v2\/product_brand?post=3982"},{"taxonomy":"product_cat","embeddable":true,"href":"https:\/\/mivoot.com\/gt\/wp-json\/wp\/v2\/product_cat?post=3982"},{"taxonomy":"product_tag","embeddable":true,"href":"https:\/\/mivoot.com\/gt\/wp-json\/wp\/v2\/product_tag?post=3982"}],"curies":[{"name":"wp","href":"https:\/\/api.w.org\/{rel}","templated":true}]}}