{"id":4074,"date":"2021-05-21T18:54:30","date_gmt":"2021-05-22T00:54:30","guid":{"rendered":"https:\/\/mivoot.com\/gt\/?post_type=product&#038;p=4074"},"modified":"2025-03-27T13:31:44","modified_gmt":"2025-03-27T19:31:44","slug":"ups-forza-600w-1000va-sl-1011ul","status":"publish","type":"product","link":"https:\/\/mivoot.com\/gt\/producto\/ups-forza-600w-1000va-sl-1011ul\/","title":{"rendered":"UPS Forza 1000VA 600W SL-1011UL"},"content":{"rendered":"<div class=\"row\">\n<div id=\"c1\" class=\"col-xs-12\">\n<h1 style=\"text-align: center;\"><span style=\"font-family: Arial Black;\">Smart UPS 1000VA\/600W 120V 8-NEMA USB LCD SL-1011UL<\/span><\/h1>\n<p><span style=\"font-family: Arial Black;\">UPS inteligente de l\u00ednea interactiva<\/span><\/p>\n<p>La nueva serie SL de sistemas UPS inteligentes de Forza ha sido redise\u00f1ada con una innovadora pantalla LCD t\u00e1ctil, caracterizada por una interfaz de usuario f\u00e1cil de leer y por la visualizaci\u00f3n de los niveles de energ\u00eda en tiempo real. La serie SL, la cual cuenta con la certificaci\u00f3n UL, constituye la soluci\u00f3n total tanto para instituciones p\u00fablicas como privadas del sector educacional, financiero y de gobierno. Esta serie se ha posicionado a la vanguardia en su clase al integrar la regulaci\u00f3n de voltaje, la supresi\u00f3n de sobretensi\u00f3n y las funciones de respaldo, todo en una sola unidad.<\/p>\n<p>La UPS incluye el software de monitoreo ForzaTracker para la f\u00e1cil administraci\u00f3n del sistema directamente desde su computadora, a trav\u00e9s de un puerto de comunicaci\u00f3n USB. Con tiempos de autonom\u00eda extendidos a la par con una \u00f3ptima protecci\u00f3n el\u00e9ctrica, esta UPS evita la p\u00e9rdida de datos al mantener a los equipos cr\u00edticos operando constantemente.<\/p>\n<\/div>\n<\/div>\n<div class=\"row\">\n<div id=\"c1\" class=\"col-xs-12\">\n<p><span style=\"font-family: Arial Black;\">CARACTER\u00cdSTICAS<\/span><\/p>\n<ul>\n<li>Interruptor<\/li>\n<li>Supresor de sobretensi\u00f3n<\/li>\n<li>Protector de voltaje<\/li>\n<li>Regulador de voltaje<\/li>\n<li>Respaldo de bater\u00eda<\/li>\n<li>Pantalla LCD t\u00e1ctil con indicador de estado<\/li>\n<li>Puerto de comunicaci\u00f3n USB con software de<\/li>\n<li>monitoreo<\/li>\n<li>Protecci\u00f3n contra sobrecargas, descargas y subidas de voltaje<\/li>\n<li>Pl\u00e1stico retardador de llama<\/li>\n<li>Certificaci\u00f3n UL y NOM<\/li>\n<\/ul>\n<\/div>\n<\/div>\n<div class=\"row\">\n<div id=\"c1\" class=\"col-xs-12\">\n<p><span style=\"font-family: Arial Black;\">Bater\u00edas<\/span><\/p>\n<p>fuente de alimentaci\u00f3n de reserva de emergencia.<\/p>\n<p><span style=\"font-family: Arial Black;\">Protecci\u00f3n de Sobrecarga<\/span><\/p>\n<p>Tomas dedicadas con protecci\u00f3n de sobrecarga para equipos no cr\u00edticos.<\/p>\n<p><span style=\"font-family: Arial Black;\">Ignifugo<\/span><\/p>\n<p>construcci\u00f3n con materiales retardantes de incendios.<\/p>\n<p><span style=\"font-family: Arial Black;\">Funci\u00f3n AVR<\/span><\/p>\n<p>Equipada con funci\u00f3n AVR para regular el voltaje de salida.<\/p>\n<p><span style=\"font-family: Arial Black;\">Puerto USB<\/span><\/p>\n<p>Incluye puerto USB y cable destinado a administrar funciones v\u00eda PC.<\/p>\n<p><span style=\"font-family: Arial Black;\">Software de monitoreo<\/span><\/p>\n<p>Cd incluido<\/p>\n<\/div>\n<\/div>\n","protected":false},"excerpt":{"rendered":"<p>&#8211; Capacidad:\u00a01000VA\/600W<br \/>\n&#8211; Topolog\u00eda:\u00a0Interactiva<br \/>\n&#8211; Forma de onda:\u00a0Onda senoidal simulada<br \/>\n&#8211; Voltaje:\u00a0120V<br \/>\n&#8211; Tipo de entrada:\u00a0NEMA 5-15P<br \/>\n&#8211; Tipo de salida:\u00a08 x NEMA 5-15R<br \/>\n&#8211; Comunicaci\u00f3n:\u00a0USB<br \/>\n&#8211; Indicador visual:\u00a0Pantalla t\u00e1ctil de LCD de estado<\/p>\n","protected":false},"featured_media":4077,"comment_status":"open","ping_status":"closed","template":"","meta":{"jetpack_publicize_message":"","jetpack_publicize_feature_enabled":true,"jetpack_social_post_already_shared":false,"jetpack_social_options":{"image_generator_settings":{"template":"highway","default_image_id":0,"font":"","enabled":false},"version":2}},"pwb-brand":[110],"product_brand":[],"product_cat":[178],"product_tag":[233,234,168],"class_list":{"0":"post-4074","1":"product","2":"type-product","3":"status-publish","4":"has-post-thumbnail","6":"pwb-brand-forza","7":"product_cat-ups","8":"product_tag-1000va","9":"product_tag-600w","10":"product_tag-ups-forza","12":"first","13":"instock","14":"taxable","15":"shipping-taxable","16":"purchasable","17":"product-type-simple"},"yoast_head":"<!-- This site is optimized with the Yoast SEO Premium plugin v25.7.1 (Yoast SEO v26.8) - https:\/\/yoast.com\/product\/yoast-seo-premium-wordpress\/ -->\n<title>UPS Forza 1000VA 600W SL-1011UL - Mivoot<\/title>\n<meta name=\"robots\" content=\"index, follow, max-snippet:-1, max-image-preview:large, max-video-preview:-1\" \/>\n<link rel=\"canonical\" href=\"https:\/\/mivoot.com\/gt\/producto\/ups-forza-600w-1000va-sl-1011ul\/\" \/>\n<meta property=\"og:locale\" content=\"es_ES\" \/>\n<meta property=\"og:type\" content=\"article\" \/>\n<meta property=\"og:title\" content=\"UPS Forza 1000VA 600W SL-1011UL\" \/>\n<meta property=\"og:description\" content=\"- Capacidad:\u00a01000VA\/600W - Topolog\u00eda:\u00a0Interactiva - Forma de onda:\u00a0Onda senoidal simulada - Voltaje:\u00a0120V - Tipo de entrada:\u00a0NEMA 5-15P - Tipo de salida:\u00a08 x NEMA 5-15R - Comunicaci\u00f3n:\u00a0USB - Indicador visual:\u00a0Pantalla t\u00e1ctil de LCD de estado\" \/>\n<meta property=\"og:url\" content=\"https:\/\/mivoot.com\/gt\/producto\/ups-forza-600w-1000va-sl-1011ul\/\" \/>\n<meta property=\"og:site_name\" content=\"Mivoot\" \/>\n<meta property=\"article:publisher\" content=\"https:\/\/www.facebook.com\/mivootgt\" \/>\n<meta property=\"article:modified_time\" content=\"2025-03-27T19:31:44+00:00\" \/>\n<meta property=\"og:image\" content=\"https:\/\/mivoot.com\/gt\/wp-content\/uploads\/2021\/05\/SL-1011UL-D_021.jpg\" \/>\n\t<meta property=\"og:image:width\" content=\"800\" \/>\n\t<meta property=\"og:image:height\" content=\"800\" \/>\n\t<meta property=\"og:image:type\" content=\"image\/jpeg\" \/>\n<meta name=\"twitter:card\" content=\"summary_large_image\" \/>\n<meta name=\"twitter:label1\" content=\"Est. reading time\" \/>\n\t<meta name=\"twitter:data1\" content=\"2 minutos\" \/>\n<script type=\"application\/ld+json\" class=\"yoast-schema-graph\">{\"@context\":\"https:\/\/schema.org\",\"@graph\":[{\"@type\":\"WebPage\",\"@id\":\"https:\/\/mivoot.com\/gt\/producto\/ups-forza-600w-1000va-sl-1011ul\/\",\"url\":\"https:\/\/mivoot.com\/gt\/producto\/ups-forza-600w-1000va-sl-1011ul\/\",\"name\":\"UPS Forza 1000VA 600W SL-1011UL - Mivoot\",\"isPartOf\":{\"@id\":\"https:\/\/mivoot.com\/gt\/#website\"},\"primaryImageOfPage\":{\"@id\":\"https:\/\/mivoot.com\/gt\/producto\/ups-forza-600w-1000va-sl-1011ul\/#primaryimage\"},\"image\":{\"@id\":\"https:\/\/mivoot.com\/gt\/producto\/ups-forza-600w-1000va-sl-1011ul\/#primaryimage\"},\"thumbnailUrl\":\"https:\/\/mivoot.com\/gt\/wp-content\/uploads\/2021\/05\/SL-1011UL-D_021.jpg\",\"datePublished\":\"2021-05-22T00:54:30+00:00\",\"dateModified\":\"2025-03-27T19:31:44+00:00\",\"breadcrumb\":{\"@id\":\"https:\/\/mivoot.com\/gt\/producto\/ups-forza-600w-1000va-sl-1011ul\/#breadcrumb\"},\"inLanguage\":\"es\",\"potentialAction\":[{\"@type\":\"ReadAction\",\"target\":[\"https:\/\/mivoot.com\/gt\/producto\/ups-forza-600w-1000va-sl-1011ul\/\"]}]},{\"@type\":\"ImageObject\",\"inLanguage\":\"es\",\"@id\":\"https:\/\/mivoot.com\/gt\/producto\/ups-forza-600w-1000va-sl-1011ul\/#primaryimage\",\"url\":\"https:\/\/mivoot.com\/gt\/wp-content\/uploads\/2021\/05\/SL-1011UL-D_021.jpg\",\"contentUrl\":\"https:\/\/mivoot.com\/gt\/wp-content\/uploads\/2021\/05\/SL-1011UL-D_021.jpg\",\"width\":800,\"height\":800},{\"@type\":\"BreadcrumbList\",\"@id\":\"https:\/\/mivoot.com\/gt\/producto\/ups-forza-600w-1000va-sl-1011ul\/#breadcrumb\",\"itemListElement\":[{\"@type\":\"ListItem\",\"position\":1,\"name\":\"Inicio\",\"item\":\"https:\/\/mivoot.com\/gt\/\"},{\"@type\":\"ListItem\",\"position\":2,\"name\":\"Productos\",\"item\":\"https:\/\/mivoot.com\/gt\/producto\/\"},{\"@type\":\"ListItem\",\"position\":3,\"name\":\"Forza\",\"item\":\"https:\/\/mivoot.com\/gt\/marca\/forza\/\"},{\"@type\":\"ListItem\",\"position\":4,\"name\":\"UPS Forza 1000VA 600W SL-1011UL\"}]},{\"@type\":\"WebSite\",\"@id\":\"https:\/\/mivoot.com\/gt\/#website\",\"url\":\"https:\/\/mivoot.com\/gt\/\",\"name\":\"Mivoot\",\"description\":\"Mivoot Guatemala | Tienda Online\",\"publisher\":{\"@id\":\"https:\/\/mivoot.com\/gt\/#organization\"},\"alternateName\":\"mivoot\",\"potentialAction\":[{\"@type\":\"SearchAction\",\"target\":{\"@type\":\"EntryPoint\",\"urlTemplate\":\"https:\/\/mivoot.com\/gt\/?s={search_term_string}\"},\"query-input\":{\"@type\":\"PropertyValueSpecification\",\"valueRequired\":true,\"valueName\":\"search_term_string\"}}],\"inLanguage\":\"es\"},{\"@type\":\"Organization\",\"@id\":\"https:\/\/mivoot.com\/gt\/#organization\",\"name\":\"Mivoot Guatemala\",\"alternateName\":\"mivoot.com\",\"url\":\"https:\/\/mivoot.com\/gt\/\",\"logo\":{\"@type\":\"ImageObject\",\"inLanguage\":\"es\",\"@id\":\"https:\/\/mivoot.com\/gt\/#\/schema\/logo\/image\/\",\"url\":\"https:\/\/mivoot.com\/gt\/wp-content\/uploads\/2023\/03\/cropped-icon.png\",\"contentUrl\":\"https:\/\/mivoot.com\/gt\/wp-content\/uploads\/2023\/03\/cropped-icon.png\",\"width\":512,\"height\":512,\"caption\":\"Mivoot Guatemala\"},\"image\":{\"@id\":\"https:\/\/mivoot.com\/gt\/#\/schema\/logo\/image\/\"},\"sameAs\":[\"https:\/\/www.facebook.com\/mivootgt\",\"https:\/\/instagram.com\/mivoot\"]}]}<\/script>\n<!-- \/ Yoast SEO Premium plugin. -->","yoast_head_json":{"title":"UPS Forza 1000VA 600W SL-1011UL - Mivoot","robots":{"index":"index","follow":"follow","max-snippet":"max-snippet:-1","max-image-preview":"max-image-preview:large","max-video-preview":"max-video-preview:-1"},"canonical":"https:\/\/mivoot.com\/gt\/producto\/ups-forza-600w-1000va-sl-1011ul\/","og_locale":"es_ES","og_type":"article","og_title":"UPS Forza 1000VA 600W SL-1011UL","og_description":"- Capacidad:\u00a01000VA\/600W - Topolog\u00eda:\u00a0Interactiva - Forma de onda:\u00a0Onda senoidal simulada - Voltaje:\u00a0120V - Tipo de entrada:\u00a0NEMA 5-15P - Tipo de salida:\u00a08 x NEMA 5-15R - Comunicaci\u00f3n:\u00a0USB - Indicador visual:\u00a0Pantalla t\u00e1ctil de LCD de estado","og_url":"https:\/\/mivoot.com\/gt\/producto\/ups-forza-600w-1000va-sl-1011ul\/","og_site_name":"Mivoot","article_publisher":"https:\/\/www.facebook.com\/mivootgt","article_modified_time":"2025-03-27T19:31:44+00:00","og_image":[{"width":800,"height":800,"url":"https:\/\/mivoot.com\/gt\/wp-content\/uploads\/2021\/05\/SL-1011UL-D_021.jpg","type":"image\/jpeg"}],"twitter_card":"summary_large_image","twitter_misc":{"Est. reading time":"2 minutos"},"schema":{"@context":"https:\/\/schema.org","@graph":[{"@type":"WebPage","@id":"https:\/\/mivoot.com\/gt\/producto\/ups-forza-600w-1000va-sl-1011ul\/","url":"https:\/\/mivoot.com\/gt\/producto\/ups-forza-600w-1000va-sl-1011ul\/","name":"UPS Forza 1000VA 600W SL-1011UL - Mivoot","isPartOf":{"@id":"https:\/\/mivoot.com\/gt\/#website"},"primaryImageOfPage":{"@id":"https:\/\/mivoot.com\/gt\/producto\/ups-forza-600w-1000va-sl-1011ul\/#primaryimage"},"image":{"@id":"https:\/\/mivoot.com\/gt\/producto\/ups-forza-600w-1000va-sl-1011ul\/#primaryimage"},"thumbnailUrl":"https:\/\/mivoot.com\/gt\/wp-content\/uploads\/2021\/05\/SL-1011UL-D_021.jpg","datePublished":"2021-05-22T00:54:30+00:00","dateModified":"2025-03-27T19:31:44+00:00","breadcrumb":{"@id":"https:\/\/mivoot.com\/gt\/producto\/ups-forza-600w-1000va-sl-1011ul\/#breadcrumb"},"inLanguage":"es","potentialAction":[{"@type":"ReadAction","target":["https:\/\/mivoot.com\/gt\/producto\/ups-forza-600w-1000va-sl-1011ul\/"]}]},{"@type":"ImageObject","inLanguage":"es","@id":"https:\/\/mivoot.com\/gt\/producto\/ups-forza-600w-1000va-sl-1011ul\/#primaryimage","url":"https:\/\/mivoot.com\/gt\/wp-content\/uploads\/2021\/05\/SL-1011UL-D_021.jpg","contentUrl":"https:\/\/mivoot.com\/gt\/wp-content\/uploads\/2021\/05\/SL-1011UL-D_021.jpg","width":800,"height":800},{"@type":"BreadcrumbList","@id":"https:\/\/mivoot.com\/gt\/producto\/ups-forza-600w-1000va-sl-1011ul\/#breadcrumb","itemListElement":[{"@type":"ListItem","position":1,"name":"Inicio","item":"https:\/\/mivoot.com\/gt\/"},{"@type":"ListItem","position":2,"name":"Productos","item":"https:\/\/mivoot.com\/gt\/producto\/"},{"@type":"ListItem","position":3,"name":"Forza","item":"https:\/\/mivoot.com\/gt\/marca\/forza\/"},{"@type":"ListItem","position":4,"name":"UPS Forza 1000VA 600W SL-1011UL"}]},{"@type":"WebSite","@id":"https:\/\/mivoot.com\/gt\/#website","url":"https:\/\/mivoot.com\/gt\/","name":"Mivoot","description":"Mivoot Guatemala | Tienda Online","publisher":{"@id":"https:\/\/mivoot.com\/gt\/#organization"},"alternateName":"mivoot","potentialAction":[{"@type":"SearchAction","target":{"@type":"EntryPoint","urlTemplate":"https:\/\/mivoot.com\/gt\/?s={search_term_string}"},"query-input":{"@type":"PropertyValueSpecification","valueRequired":true,"valueName":"search_term_string"}}],"inLanguage":"es"},{"@type":"Organization","@id":"https:\/\/mivoot.com\/gt\/#organization","name":"Mivoot Guatemala","alternateName":"mivoot.com","url":"https:\/\/mivoot.com\/gt\/","logo":{"@type":"ImageObject","inLanguage":"es","@id":"https:\/\/mivoot.com\/gt\/#\/schema\/logo\/image\/","url":"https:\/\/mivoot.com\/gt\/wp-content\/uploads\/2023\/03\/cropped-icon.png","contentUrl":"https:\/\/mivoot.com\/gt\/wp-content\/uploads\/2023\/03\/cropped-icon.png","width":512,"height":512,"caption":"Mivoot Guatemala"},"image":{"@id":"https:\/\/mivoot.com\/gt\/#\/schema\/logo\/image\/"},"sameAs":["https:\/\/www.facebook.com\/mivootgt","https:\/\/instagram.com\/mivoot"]}]}},"jetpack_publicize_connections":[],"jetpack_sharing_enabled":true,"brands":[{"id":110,"name":"Forza","slug":"forza"}],"_links":{"self":[{"href":"https:\/\/mivoot.com\/gt\/wp-json\/wp\/v2\/product\/4074","targetHints":{"allow":["GET"]}}],"collection":[{"href":"https:\/\/mivoot.com\/gt\/wp-json\/wp\/v2\/product"}],"about":[{"href":"https:\/\/mivoot.com\/gt\/wp-json\/wp\/v2\/types\/product"}],"replies":[{"embeddable":true,"href":"https:\/\/mivoot.com\/gt\/wp-json\/wp\/v2\/comments?post=4074"}],"version-history":[{"count":6,"href":"https:\/\/mivoot.com\/gt\/wp-json\/wp\/v2\/product\/4074\/revisions"}],"predecessor-version":[{"id":27422,"href":"https:\/\/mivoot.com\/gt\/wp-json\/wp\/v2\/product\/4074\/revisions\/27422"}],"wp:featuredmedia":[{"embeddable":true,"href":"https:\/\/mivoot.com\/gt\/wp-json\/wp\/v2\/media\/4077"}],"wp:attachment":[{"href":"https:\/\/mivoot.com\/gt\/wp-json\/wp\/v2\/media?parent=4074"}],"wp:term":[{"taxonomy":"pwb-brand","embeddable":true,"href":"https:\/\/mivoot.com\/gt\/wp-json\/wp\/v2\/pwb-brand?post=4074"},{"taxonomy":"product_brand","embeddable":true,"href":"https:\/\/mivoot.com\/gt\/wp-json\/wp\/v2\/product_brand?post=4074"},{"taxonomy":"product_cat","embeddable":true,"href":"https:\/\/mivoot.com\/gt\/wp-json\/wp\/v2\/product_cat?post=4074"},{"taxonomy":"product_tag","embeddable":true,"href":"https:\/\/mivoot.com\/gt\/wp-json\/wp\/v2\/product_tag?post=4074"}],"curies":[{"name":"wp","href":"https:\/\/api.w.org\/{rel}","templated":true}]}}