{"id":4108,"date":"2021-05-21T20:33:54","date_gmt":"2021-05-22T02:33:54","guid":{"rendered":"https:\/\/mivoot.com\/gt\/?post_type=product&#038;p=4108"},"modified":"2024-05-21T12:58:15","modified_gmt":"2024-05-21T18:58:15","slug":"ups-apc-600w-1000va-bx1000l-lm","status":"publish","type":"product","link":"https:\/\/mivoot.com\/gt\/producto\/ups-apc-600w-1000va-bx1000l-lm\/","title":{"rendered":"UPS APC 1000VA 600W BX1000L-LM"},"content":{"rendered":"<div class=\"row\">\n<div id=\"c1\" class=\"col-xs-12\">\n<p><span style=\"font-family: Arial Black;\"><b>Alarmas sonoras<\/b><\/span><\/p>\n<p>Ofrece notificaciones sobre cambios en las condiciones de las unidades UPS y de la compa\u00f1\u00eda el\u00e9ctrica.<\/p>\n<p><span style=\"font-family: Arial Black;\"><b>Autodiagn\u00f3stico autom\u00e1tico<\/b><\/span><\/p>\n<p>Garantiza la detecci\u00f3n anticipada de posibles problemas mediante la realizaci\u00f3n de diagn\u00f3sticos peri\u00f3dicos de los componentes de las unidades UPS.<\/p>\n<p><span style=\"font-family: Arial Black;\"><b>Regulaci\u00f3n autom\u00e1tica de tensi\u00f3n<\/b><\/span><\/p>\n<p>Aumenta la tensi\u00f3n baja y reduce la tensi\u00f3n alta autom\u00e1ticamente hasta llegar a niveles convenientes para su equipo.<\/p>\n<p><span style=\"font-family: Arial Black;\"><b>Boost AVR y Trim AVR<\/b><\/span><\/p>\n<p>Elimina las fluctuaciones de tensi\u00f3n como fuente de degradaci\u00f3n de las se\u00f1ales audiovisuales y la exigencia a la que pueden verse expuestas las fuentes de energ\u00eda de los componentes.<\/p>\n<p><span style=\"font-family: Arial Black;\"><b>LED Indicators<\/b><\/span><\/p>\n<p>Brinda informaci\u00f3n de f\u00e1cil lectura sobre las condiciones del servicio el\u00e9ctrico, la unidad UPS y la bater\u00eda.<\/p>\n<p><span style=\"font-family: Arial Black;\"><b>Indicador de sobrecarga<\/b><\/span><\/p>\n<p><span style=\"font-family: Arial Black;\"><b>Aprobado por agencia de seguridad<\/b><\/span><\/p>\n<p>Garantiza que los productos fueron probados y aprobados para funcionar de manera segura con las cargas conectadas y dentro del entorno espec\u00edfico.<\/p>\n<\/div>\n<\/div>\n<div class=\"row\">\n<div id=\"c1\" class=\"col-xs-12\">\n<p><span style=\"font-family: Arial Black;\"><b>Seguridad<\/b><\/span><\/p>\n<p><span style=\"font-family: Arial Black;\"><b>Aprobado por agencia de seguridad<\/b><\/span><\/p>\n<p>Garantiza que los productos fueron probados y aprobados para funcionar de manera segura con las cargas conectadas y dentro del entorno espec\u00edfico.<\/p>\n<p><span style=\"font-family: Arial Black;\"><b>Manejabilidad<\/b><\/span><\/p>\n<p><span style=\"font-family: Arial Black;\"><b>Pantalla de estado LED<\/b><\/span><\/p>\n<p>Comprenda r\u00e1pidamente el estado de la unidad y del suministro de energ\u00eda con los indicadores visuales.<\/p>\n<p><span style=\"font-family: Arial Black;\"><b>Alarmas sonoras<\/b><\/span><\/p>\n<p>Ofrece notificaciones sobre cambios en las condiciones de las unidades UPS y de la compa\u00f1\u00eda el\u00e9ctrica.<\/p>\n<p><span style=\"font-family: Arial Black;\"><b>Disponibilidad<\/b><\/span><\/p>\n<p><span style=\"font-family: Arial Black;\"><b>Notificaci\u00f3n sobre fallas de la bater\u00eda<\/b><\/span><\/p>\n<p>Analiza las bater\u00edas a fin de advertir anticipadamente en caso de fallas posibles, lo que garantiza que el mantenimiento preventivo sea oportuno.<\/p>\n<p><span style=\"font-family: Arial Black;\"><b>Manejo inteligente de la bater\u00eda<\/b><\/span><\/p>\n<p>Maximiza el rendimiento, la vida \u00fatil y la confiabilidad de las bater\u00edas a trav\u00e9s de la carga inteligente y de precisi\u00f3n.<\/p>\n<p><span style=\"font-family: Arial Black;\"><b>Autodiagn\u00f3stico autom\u00e1tico<\/b><\/span><\/p>\n<p>Garantiza la detecci\u00f3n anticipada de posibles problemas mediante la realizaci\u00f3n de diagn\u00f3sticos peri\u00f3dicos de los componentes de las unidades UPS.<\/p>\n<p><span style=\"font-family: Arial Black;\"><b>Protecci\u00f3n<\/b><\/span><\/p>\n<p><span style=\"font-family: Arial Black;\"><b>Toma de salida con protecci\u00f3n contra sobretensiones (exclusivamente)<\/b><\/span><\/p>\n<p>Proteja equipos electr\u00f3nicos secundarios ante sobretensiones y crestas sin reducir la potencia suministrada por las bater\u00edas para alimentar equipos electr\u00f3nicos primarios durante una interrupci\u00f3n del suministro el\u00e9ctrico.<\/p>\n<p><span style=\"font-family: Arial Black;\"><b>Tomas de salida con protecci\u00f3n de bater\u00eda y contra sobretensiones<\/b><\/span><\/p>\n<p>Respalde y proteja el hardware y los datos durante cortes del suministro, sobretensiones y sobretensiones transitorias.<\/p>\n<p><span style=\"font-family: Arial Black;\"><b>Caracter\u00edsticas de marketing<\/b><\/span><\/p>\n<p><span style=\"font-family: Arial Black;\"><b>Tomas de salida con protecci\u00f3n de bater\u00edas y con protecci\u00f3n contra sobretensiones solamente<\/b><\/span><\/p>\n<p>Reserva capacidad de potencia y autonom\u00eda para los equipos conectados que requieren respaldo de bater\u00edas a la vez que ofrece protecci\u00f3n contra sobretensiones \u00fanicamente para equipos secundarios en importancia.<\/p>\n<\/div>\n<\/div>\n<div class=\"row\">\n<div id=\"c1\" class=\"col-xs-12\">\n<div>\n<div class=\"row cuerpo\">\n<div class=\"container\">\n<div class=\"col-xs-12 col-md-8 columna_detalle\">\n<div class=\"row cuerpo_central\">\n<div id=\"esp_tec\" class=\"col-xs-12 imagenes_detallados\">\n<div class=\"row\">\n<div id=\"c1\" class=\"col-xs-12\">\n<p><span style=\"font-family: Arial Black;\"><b>Especificaciones\u00a0<\/b><\/span><\/p>\n<p><span style=\"font-family: Arial Black;\">Salida<\/span><\/p>\n<p>Capacidad de potencia de salida: 600Vatios \/ 1.0 kVA<\/p>\n<p>M\u00e1xima potencia configurable (vatios): 600Vatios \/ 1.0 kVA<\/p>\n<p>Tensi\u00f3n de salida nominal: 120V<\/p>\n<p>Frequencia de salida (sincronizada con la red): 60Hz +\/- 3 Hz<\/p>\n<p>Tipo de forma de onda: Aproximaci\u00f3n acompasada de una onda sinusoidal<\/p>\n<p>Conexiones de salida: (6) NEMA 5-15R (Respaldo de bater\u00eda)<\/p>\n<p>Duraci\u00f3n de transferencia: 6ms typical : 10ms maximum<\/p>\n<p><span style=\"font-family: Arial Black;\"><b>Entrada<\/b><\/span><\/p>\n<p>Entrada de voltaje: 110V, 120V<\/p>\n<p>Frecuencia de entrada: 60 Hz +\/- 5 Hz<\/p>\n<p>Tipo de enchufe: NEMA 5-15P<\/p>\n<p>Longitud del cable: 1.22metros<\/p>\n<p>Variaci\u00f3n de tensi\u00f3n de entrada para operaciones principales: 80 &#8211; 138 (l\u00ednea a neutro)V<\/p>\n<p>Cantidad de cables de alimentaci\u00f3n: 1<\/p>\n<p>Corriente m\u00e1xima de entrada: 8.0A<\/p>\n<p>Factor de energ\u00eda de entrada con carga completa: 0.6<\/p>\n<p><span style=\"font-family: Arial Black;\"><b>Bater\u00edas y autonom\u00eda<\/b><\/span><\/p>\n<p>Tipo de bater\u00eda: Bater\u00eda sellada de plomo sin necesidad de mantenci\u00f3n con electrolito suspendido: a prueba de filtraci\u00f3n<\/p>\n<p>Bater\u00edas pre-instaladas: 1<\/p>\n<p>Tiempo de recarga t\u00edpico: 6hora(s)<\/p>\n<p>Vida \u00fatil esperada de las bater\u00edas (a\u00f1os): 2 &#8211; 4<\/p>\n<p><span style=\"font-family: Arial Black;\">Comunicaciones y manejo<\/span><\/p>\n<p>Panel de control: Indicadores LED On-line : Bater\u00eda encendida<\/p>\n<p>Alarma audible: Alarma de bater\u00eda encendida: alarma distintiva de carga de bater\u00eda baja: alarma de sobrecarga de tono continuo<\/p>\n<\/div>\n<\/div>\n<\/div>\n<\/div>\n<\/div>\n<\/div>\n<\/div>\n<div class=\"btnToGo\"><\/div>\n<\/div>\n<div class=\"divider\"><\/div>\n<footer class=\"footer\">\n<div class=\"row body\">\n<div class=\"container\">\n<div class=\"col-xs-6 col-sm-6 col-md-3\"><\/div>\n<\/div>\n<\/div>\n<\/footer>\n<\/div>\n<\/div>\n","protected":false},"excerpt":{"rendered":"<ul class=\"table-normal\">\n<li class=\"col-md-12\">\n<div class=\"col-md-3\">Capacidad de potencia de salida 600Vatios \/\u00a01.0 kVA<\/div>\n<\/li>\n<li class=\"col-md-12\">\n<div class=\"col-md-3\">M\u00e1xima potencia configurable (vatios) 600Vatios \/\u00a01.0 kVA<\/div>\n<\/li>\n<li class=\"col-md-12\">\n<div class=\"col-md-3\">Tensi\u00f3n de salida nominal 120V<\/div>\n<\/li>\n<li class=\"col-md-12\">\n<div class=\"col-md-3\">Frequencia de salida (sincronizada con la red) 60Hz +\/- 3 Hz<\/div>\n<\/li>\n<li class=\"col-md-12\">\n<div class=\"col-md-3\">Tipo de forma de onda Aproximaci\u00f3n acompasada de una onda sinusoidal<\/div>\n<\/li>\n<\/ul>\n","protected":false},"featured_media":4110,"comment_status":"open","ping_status":"closed","template":"","meta":{"jetpack_publicize_message":"","jetpack_publicize_feature_enabled":true,"jetpack_social_post_already_shared":false,"jetpack_social_options":{"image_generator_settings":{"template":"highway","default_image_id":0,"font":"","enabled":false},"version":2}},"pwb-brand":[104],"product_brand":[],"product_cat":[178],"product_tag":[233,234,205],"class_list":{"0":"post-4108","1":"product","2":"type-product","3":"status-publish","4":"has-post-thumbnail","6":"pwb-brand-apc","7":"product_cat-ups","8":"product_tag-1000va","9":"product_tag-600w","10":"product_tag-ups-apc","12":"first","13":"instock","14":"taxable","15":"shipping-taxable","16":"purchasable","17":"product-type-simple"},"yoast_head":"<!-- This site is optimized with the Yoast SEO Premium plugin v25.7.1 (Yoast SEO v26.8) - https:\/\/yoast.com\/product\/yoast-seo-premium-wordpress\/ -->\n<title>UPS APC 1000VA 600W BX1000L-LM - Mivoot<\/title>\n<meta name=\"robots\" content=\"index, follow, max-snippet:-1, max-image-preview:large, max-video-preview:-1\" \/>\n<link rel=\"canonical\" href=\"https:\/\/mivoot.com\/gt\/producto\/ups-apc-600w-1000va-bx1000l-lm\/\" \/>\n<meta property=\"og:locale\" content=\"es_ES\" \/>\n<meta property=\"og:type\" content=\"article\" \/>\n<meta property=\"og:title\" content=\"UPS APC 1000VA 600W BX1000L-LM\" \/>\n<meta property=\"og:description\" content=\"Capacidad de potencia de salida 600Vatios \/\u00a01.0 kVA   M\u00e1xima potencia configurable (vatios) 600Vatios \/\u00a01.0 kVA   Tensi\u00f3n de salida nominal 120V   Frequencia de salida (sincronizada con la red) 60Hz +\/- 3 Hz   Tipo de forma de onda Aproximaci\u00f3n acompasada de una onda sinusoidal\" \/>\n<meta property=\"og:url\" content=\"https:\/\/mivoot.com\/gt\/producto\/ups-apc-600w-1000va-bx1000l-lm\/\" \/>\n<meta property=\"og:site_name\" content=\"Mivoot\" \/>\n<meta property=\"article:publisher\" content=\"https:\/\/www.facebook.com\/mivootgt\" \/>\n<meta property=\"article:modified_time\" content=\"2024-05-21T18:58:15+00:00\" \/>\n<meta property=\"og:image\" content=\"https:\/\/mivoot.com\/gt\/wp-content\/uploads\/2021\/05\/descarga.jpg\" \/>\n\t<meta property=\"og:image:width\" content=\"225\" \/>\n\t<meta property=\"og:image:height\" content=\"225\" \/>\n\t<meta property=\"og:image:type\" content=\"image\/jpeg\" \/>\n<meta name=\"twitter:card\" content=\"summary_large_image\" \/>\n<meta name=\"twitter:label1\" content=\"Est. reading time\" \/>\n\t<meta name=\"twitter:data1\" content=\"3 minutos\" \/>\n<script type=\"application\/ld+json\" class=\"yoast-schema-graph\">{\"@context\":\"https:\/\/schema.org\",\"@graph\":[{\"@type\":\"WebPage\",\"@id\":\"https:\/\/mivoot.com\/gt\/producto\/ups-apc-600w-1000va-bx1000l-lm\/\",\"url\":\"https:\/\/mivoot.com\/gt\/producto\/ups-apc-600w-1000va-bx1000l-lm\/\",\"name\":\"UPS APC 1000VA 600W BX1000L-LM - Mivoot\",\"isPartOf\":{\"@id\":\"https:\/\/mivoot.com\/gt\/#website\"},\"primaryImageOfPage\":{\"@id\":\"https:\/\/mivoot.com\/gt\/producto\/ups-apc-600w-1000va-bx1000l-lm\/#primaryimage\"},\"image\":{\"@id\":\"https:\/\/mivoot.com\/gt\/producto\/ups-apc-600w-1000va-bx1000l-lm\/#primaryimage\"},\"thumbnailUrl\":\"https:\/\/mivoot.com\/gt\/wp-content\/uploads\/2021\/05\/descarga.jpg\",\"datePublished\":\"2021-05-22T02:33:54+00:00\",\"dateModified\":\"2024-05-21T18:58:15+00:00\",\"breadcrumb\":{\"@id\":\"https:\/\/mivoot.com\/gt\/producto\/ups-apc-600w-1000va-bx1000l-lm\/#breadcrumb\"},\"inLanguage\":\"es\",\"potentialAction\":[{\"@type\":\"ReadAction\",\"target\":[\"https:\/\/mivoot.com\/gt\/producto\/ups-apc-600w-1000va-bx1000l-lm\/\"]}]},{\"@type\":\"ImageObject\",\"inLanguage\":\"es\",\"@id\":\"https:\/\/mivoot.com\/gt\/producto\/ups-apc-600w-1000va-bx1000l-lm\/#primaryimage\",\"url\":\"https:\/\/mivoot.com\/gt\/wp-content\/uploads\/2021\/05\/descarga.jpg\",\"contentUrl\":\"https:\/\/mivoot.com\/gt\/wp-content\/uploads\/2021\/05\/descarga.jpg\",\"width\":225,\"height\":225},{\"@type\":\"BreadcrumbList\",\"@id\":\"https:\/\/mivoot.com\/gt\/producto\/ups-apc-600w-1000va-bx1000l-lm\/#breadcrumb\",\"itemListElement\":[{\"@type\":\"ListItem\",\"position\":1,\"name\":\"Inicio\",\"item\":\"https:\/\/mivoot.com\/gt\/\"},{\"@type\":\"ListItem\",\"position\":2,\"name\":\"Productos\",\"item\":\"https:\/\/mivoot.com\/gt\/producto\/\"},{\"@type\":\"ListItem\",\"position\":3,\"name\":\"APC\",\"item\":\"https:\/\/mivoot.com\/gt\/marca\/apc\/\"},{\"@type\":\"ListItem\",\"position\":4,\"name\":\"UPS APC 1000VA 600W BX1000L-LM\"}]},{\"@type\":\"WebSite\",\"@id\":\"https:\/\/mivoot.com\/gt\/#website\",\"url\":\"https:\/\/mivoot.com\/gt\/\",\"name\":\"Mivoot\",\"description\":\"Mivoot Guatemala | Tienda Online\",\"publisher\":{\"@id\":\"https:\/\/mivoot.com\/gt\/#organization\"},\"alternateName\":\"mivoot\",\"potentialAction\":[{\"@type\":\"SearchAction\",\"target\":{\"@type\":\"EntryPoint\",\"urlTemplate\":\"https:\/\/mivoot.com\/gt\/?s={search_term_string}\"},\"query-input\":{\"@type\":\"PropertyValueSpecification\",\"valueRequired\":true,\"valueName\":\"search_term_string\"}}],\"inLanguage\":\"es\"},{\"@type\":\"Organization\",\"@id\":\"https:\/\/mivoot.com\/gt\/#organization\",\"name\":\"Mivoot Guatemala\",\"alternateName\":\"mivoot.com\",\"url\":\"https:\/\/mivoot.com\/gt\/\",\"logo\":{\"@type\":\"ImageObject\",\"inLanguage\":\"es\",\"@id\":\"https:\/\/mivoot.com\/gt\/#\/schema\/logo\/image\/\",\"url\":\"https:\/\/mivoot.com\/gt\/wp-content\/uploads\/2023\/03\/cropped-icon.png\",\"contentUrl\":\"https:\/\/mivoot.com\/gt\/wp-content\/uploads\/2023\/03\/cropped-icon.png\",\"width\":512,\"height\":512,\"caption\":\"Mivoot Guatemala\"},\"image\":{\"@id\":\"https:\/\/mivoot.com\/gt\/#\/schema\/logo\/image\/\"},\"sameAs\":[\"https:\/\/www.facebook.com\/mivootgt\",\"https:\/\/instagram.com\/mivoot\"]}]}<\/script>\n<!-- \/ Yoast SEO Premium plugin. -->","yoast_head_json":{"title":"UPS APC 1000VA 600W BX1000L-LM - Mivoot","robots":{"index":"index","follow":"follow","max-snippet":"max-snippet:-1","max-image-preview":"max-image-preview:large","max-video-preview":"max-video-preview:-1"},"canonical":"https:\/\/mivoot.com\/gt\/producto\/ups-apc-600w-1000va-bx1000l-lm\/","og_locale":"es_ES","og_type":"article","og_title":"UPS APC 1000VA 600W BX1000L-LM","og_description":"Capacidad de potencia de salida 600Vatios \/\u00a01.0 kVA   M\u00e1xima potencia configurable (vatios) 600Vatios \/\u00a01.0 kVA   Tensi\u00f3n de salida nominal 120V   Frequencia de salida (sincronizada con la red) 60Hz +\/- 3 Hz   Tipo de forma de onda Aproximaci\u00f3n acompasada de una onda sinusoidal","og_url":"https:\/\/mivoot.com\/gt\/producto\/ups-apc-600w-1000va-bx1000l-lm\/","og_site_name":"Mivoot","article_publisher":"https:\/\/www.facebook.com\/mivootgt","article_modified_time":"2024-05-21T18:58:15+00:00","og_image":[{"width":225,"height":225,"url":"https:\/\/mivoot.com\/gt\/wp-content\/uploads\/2021\/05\/descarga.jpg","type":"image\/jpeg"}],"twitter_card":"summary_large_image","twitter_misc":{"Est. reading time":"3 minutos"},"schema":{"@context":"https:\/\/schema.org","@graph":[{"@type":"WebPage","@id":"https:\/\/mivoot.com\/gt\/producto\/ups-apc-600w-1000va-bx1000l-lm\/","url":"https:\/\/mivoot.com\/gt\/producto\/ups-apc-600w-1000va-bx1000l-lm\/","name":"UPS APC 1000VA 600W BX1000L-LM - Mivoot","isPartOf":{"@id":"https:\/\/mivoot.com\/gt\/#website"},"primaryImageOfPage":{"@id":"https:\/\/mivoot.com\/gt\/producto\/ups-apc-600w-1000va-bx1000l-lm\/#primaryimage"},"image":{"@id":"https:\/\/mivoot.com\/gt\/producto\/ups-apc-600w-1000va-bx1000l-lm\/#primaryimage"},"thumbnailUrl":"https:\/\/mivoot.com\/gt\/wp-content\/uploads\/2021\/05\/descarga.jpg","datePublished":"2021-05-22T02:33:54+00:00","dateModified":"2024-05-21T18:58:15+00:00","breadcrumb":{"@id":"https:\/\/mivoot.com\/gt\/producto\/ups-apc-600w-1000va-bx1000l-lm\/#breadcrumb"},"inLanguage":"es","potentialAction":[{"@type":"ReadAction","target":["https:\/\/mivoot.com\/gt\/producto\/ups-apc-600w-1000va-bx1000l-lm\/"]}]},{"@type":"ImageObject","inLanguage":"es","@id":"https:\/\/mivoot.com\/gt\/producto\/ups-apc-600w-1000va-bx1000l-lm\/#primaryimage","url":"https:\/\/mivoot.com\/gt\/wp-content\/uploads\/2021\/05\/descarga.jpg","contentUrl":"https:\/\/mivoot.com\/gt\/wp-content\/uploads\/2021\/05\/descarga.jpg","width":225,"height":225},{"@type":"BreadcrumbList","@id":"https:\/\/mivoot.com\/gt\/producto\/ups-apc-600w-1000va-bx1000l-lm\/#breadcrumb","itemListElement":[{"@type":"ListItem","position":1,"name":"Inicio","item":"https:\/\/mivoot.com\/gt\/"},{"@type":"ListItem","position":2,"name":"Productos","item":"https:\/\/mivoot.com\/gt\/producto\/"},{"@type":"ListItem","position":3,"name":"APC","item":"https:\/\/mivoot.com\/gt\/marca\/apc\/"},{"@type":"ListItem","position":4,"name":"UPS APC 1000VA 600W BX1000L-LM"}]},{"@type":"WebSite","@id":"https:\/\/mivoot.com\/gt\/#website","url":"https:\/\/mivoot.com\/gt\/","name":"Mivoot","description":"Mivoot Guatemala | Tienda Online","publisher":{"@id":"https:\/\/mivoot.com\/gt\/#organization"},"alternateName":"mivoot","potentialAction":[{"@type":"SearchAction","target":{"@type":"EntryPoint","urlTemplate":"https:\/\/mivoot.com\/gt\/?s={search_term_string}"},"query-input":{"@type":"PropertyValueSpecification","valueRequired":true,"valueName":"search_term_string"}}],"inLanguage":"es"},{"@type":"Organization","@id":"https:\/\/mivoot.com\/gt\/#organization","name":"Mivoot Guatemala","alternateName":"mivoot.com","url":"https:\/\/mivoot.com\/gt\/","logo":{"@type":"ImageObject","inLanguage":"es","@id":"https:\/\/mivoot.com\/gt\/#\/schema\/logo\/image\/","url":"https:\/\/mivoot.com\/gt\/wp-content\/uploads\/2023\/03\/cropped-icon.png","contentUrl":"https:\/\/mivoot.com\/gt\/wp-content\/uploads\/2023\/03\/cropped-icon.png","width":512,"height":512,"caption":"Mivoot Guatemala"},"image":{"@id":"https:\/\/mivoot.com\/gt\/#\/schema\/logo\/image\/"},"sameAs":["https:\/\/www.facebook.com\/mivootgt","https:\/\/instagram.com\/mivoot"]}]}},"jetpack_publicize_connections":[],"jetpack_sharing_enabled":true,"brands":[{"id":104,"name":"APC","slug":"apc"}],"_links":{"self":[{"href":"https:\/\/mivoot.com\/gt\/wp-json\/wp\/v2\/product\/4108","targetHints":{"allow":["GET"]}}],"collection":[{"href":"https:\/\/mivoot.com\/gt\/wp-json\/wp\/v2\/product"}],"about":[{"href":"https:\/\/mivoot.com\/gt\/wp-json\/wp\/v2\/types\/product"}],"replies":[{"embeddable":true,"href":"https:\/\/mivoot.com\/gt\/wp-json\/wp\/v2\/comments?post=4108"}],"version-history":[{"count":3,"href":"https:\/\/mivoot.com\/gt\/wp-json\/wp\/v2\/product\/4108\/revisions"}],"predecessor-version":[{"id":19404,"href":"https:\/\/mivoot.com\/gt\/wp-json\/wp\/v2\/product\/4108\/revisions\/19404"}],"wp:featuredmedia":[{"embeddable":true,"href":"https:\/\/mivoot.com\/gt\/wp-json\/wp\/v2\/media\/4110"}],"wp:attachment":[{"href":"https:\/\/mivoot.com\/gt\/wp-json\/wp\/v2\/media?parent=4108"}],"wp:term":[{"taxonomy":"pwb-brand","embeddable":true,"href":"https:\/\/mivoot.com\/gt\/wp-json\/wp\/v2\/pwb-brand?post=4108"},{"taxonomy":"product_brand","embeddable":true,"href":"https:\/\/mivoot.com\/gt\/wp-json\/wp\/v2\/product_brand?post=4108"},{"taxonomy":"product_cat","embeddable":true,"href":"https:\/\/mivoot.com\/gt\/wp-json\/wp\/v2\/product_cat?post=4108"},{"taxonomy":"product_tag","embeddable":true,"href":"https:\/\/mivoot.com\/gt\/wp-json\/wp\/v2\/product_tag?post=4108"}],"curies":[{"name":"wp","href":"https:\/\/api.w.org\/{rel}","templated":true}]}}