{"id":4113,"date":"2021-05-21T20:45:33","date_gmt":"2021-05-22T02:45:33","guid":{"rendered":"https:\/\/mivoot.com\/gt\/?post_type=product&#038;p=4113"},"modified":"2024-05-21T12:57:58","modified_gmt":"2024-05-21T18:57:58","slug":"ups-tripplite-475w-800va","status":"publish","type":"product","link":"https:\/\/mivoot.com\/gt\/producto\/ups-tripplite-475w-800va\/","title":{"rendered":"UPS TrippLite 800VA 475W"},"content":{"rendered":"<div><strong>Respaldo por Bater\u00eda de 800VA \/ 475W \/120V para Redes de PC, Sistemas de Seguridad o Se\u00f1alizaci\u00f3n Digital<\/strong><\/div>\n<div>El sistema UPS OmniVS\u00ae OMNIVS800LCD interactivo con protecci\u00f3n AVR proporciona confiable respaldo por bater\u00eda y protecci\u00f3n de energ\u00eda de CA contra apagones, ca\u00eddas de voltaje, sobrevoltajes y ruido en la l\u00ednea que pueden da\u00f1ar valiosos aparatos electr\u00f3nicos o destruir informaci\u00f3n. El respaldo por bater\u00eda de 120V con ocho tomacorrientes es la protecci\u00f3n ideal para sus componentes de oficina en casa, centro de medios o negocio, como computadoras, ruteadores, impresoras, HDTVs, reproductores Blu-ray, consolas de juego, cajeros autom\u00e1ticos, sistemas de seguridad y equipo de se\u00f1alizaci\u00f3n digital.<\/div>\n<div><\/div>\n<div><strong>Proporciona Tiempo para Respaldar Archivos Cr\u00edticos Durante un Apag\u00f3n\u00a0<\/strong><\/div>\n<div>El respaldo por bater\u00eda le permite trabajar durante fallas de energ\u00eda breves y le da tiempo suficiente para guardar los archivos y apagar de forma segura su sistema en caso de un apag\u00f3n prolongado. El tiempo de respaldo var\u00eda seg\u00fan la carga, pero el sistema UPS interactivo mantendr\u00e1 alimentada una computadora de escritorio eficiente en energ\u00eda con monitor LCD peque\u00f1o por hasta 78 minutos. Durante la operaci\u00f3n normal, la energ\u00eda entrante de la red p\u00fablica mantiene totalmente cargada la bater\u00eda interna reemplazable de modo que siempre est\u00e9 disponible la energ\u00eda de respaldo.<\/div>\n<div><\/div>\n<div><strong>8 Tomacorrientes NEMA 5-15R Protegen sus Componentes Conectados<\/strong><\/div>\n<div>Seis tomacorrientes 5-15R proporcionan respaldo por bater\u00eda, supresi\u00f3n de sobretensiones y regulaci\u00f3n de voltaje para su computadora, monitor y otros componentes cruciales. Los otros dos tomacorrientes 5-15R proporcionan solo supresi\u00f3n de sobretensiones para impresoras, bocinas y otros equipos de escritorio considerados como no esenciales durante un apag\u00f3n<\/div>\n<div>.<\/div>\n<div><strong>La Regulaci\u00f3n Autom\u00e1tica de Voltaje [AVR] Corrige Condiciones de Alto y Bajo Voltaje<\/strong><\/div>\n<div>La AVR protege su equipo de da\u00f1os acumulables al hardware, p\u00e9rdida de informaci\u00f3n y problemas de rendimiento causados por las ca\u00eddas de voltaje y sobrevoltajes. El OMNIVS800LCD puede corregir ca\u00eddas de voltaje tan bajas como 89V y sobrevoltajes tan altos como 145V y regresar a la energ\u00eda nominal de 120V de forma continua, al tiempo que mantiene la bater\u00eda totalmente cargada y lista para hacerse cargo en el caso de una falla de energ\u00eda.<\/div>\n<div><\/div>\n<div>\n<ul>\n<li>Proteja su PC y otros aparatos electr\u00f3nicos delicados contra sobretensiones, ruido en la l\u00ednea, ca\u00eddas de voltaje, sobrevoltajes y apagones<\/li>\n<li>Opere equipo esencial durante apagones breves utilizando energ\u00eda de respaldo por bater\u00eda<\/li>\n<li>Apague las PCs de escritorio y otros equipos sin p\u00e9rdida de datos durante cortes de energ\u00eda prolongados<\/li>\n<li>Extienda la autonom\u00eda para DVRs, ruteadores inal\u00e1mbricos y otros equipos de red dom\u00e9stica de bajo consumo<\/li>\n<\/ul>\n<div class=\"specGroup\">\n<h5><strong>GENERALIDADES<\/strong><\/h5>\n<table class=\"table table-bordered\">\n<tbody>\n<tr>\n<td class=\"specName\">C\u00f3digo UPC<\/td>\n<td>037332213969<\/td>\n<\/tr>\n<tr>\n<td class=\"specName\">Tipo de UPS<\/td>\n<td>Interactivo<\/td>\n<\/tr>\n<\/tbody>\n<\/table>\n<\/div>\n<div class=\"specGroup\">\n<h5><strong>ENTRADA<\/strong><\/h5>\n<table class=\"table table-bordered\">\n<tbody>\n<tr>\n<td class=\"specName\">Corriente especificada de entrada (Carga M\u00e1xima)<\/td>\n<td>10A<\/td>\n<\/tr>\n<tr>\n<td class=\"specName\">Voltaje(s) Nominal(es) de Entrada Soportado(s)<\/td>\n<td>120V CA<\/td>\n<\/tr>\n<tr>\n<td class=\"specName\">Tipo de conexi\u00f3n de entrada del UPS<\/td>\n<td>5-15P<\/td>\n<\/tr>\n<tr>\n<td class=\"specName\">Longitud del cable de alimentaci\u00f3n del UPS (pies)<\/td>\n<td>5<\/td>\n<\/tr>\n<tr>\n<td class=\"specName\">Longitud del Cable de Alimentaci\u00f3n del UPS (m)<\/td>\n<td>1.5<\/td>\n<\/tr>\n<tr>\n<td class=\"specName\">Servicio El\u00e9ctrico Recomendado<\/td>\n<td>15A 120V<\/td>\n<\/tr>\n<tr>\n<td class=\"specName\">Fase de Entrada<\/td>\n<td>Monof\u00e1sico<\/td>\n<\/tr>\n<\/tbody>\n<\/table>\n<\/div>\n<div class=\"specGroup\">\n<h5><strong>SALIDA<\/strong><\/h5>\n<table class=\"table table-bordered\">\n<tbody>\n<tr>\n<td class=\"specName\">Capacidad de Salida en Volts Amperes (VA)<\/td>\n<td>800<\/td>\n<\/tr>\n<tr>\n<td class=\"specName\">Capacidad de Salida (Watts)<\/td>\n<td>475<\/td>\n<\/tr>\n<tr>\n<td class=\"specName\">Detalles del Voltaje Nominal<\/td>\n<td>Salida nominal de 120V en modo de respaldo por bater\u00eda<\/td>\n<\/tr>\n<tr>\n<td class=\"specName\">Compatibilidad de Frecuencia<\/td>\n<td>50Hz \/ 60Hz<\/td>\n<\/tr>\n<tr>\n<td class=\"specName\">Regulaci\u00f3n del Voltaje de Salida (Modo de L\u00ednea)<\/td>\n<td>120V (+6% \/ -12%)<\/td>\n<\/tr>\n<tr>\n<td class=\"specName\">Regulaci\u00f3n del voltaje de salida (modo de bater\u00eda)<\/td>\n<td>120V (\u00b110%)<\/td>\n<\/tr>\n<tr>\n<td class=\"specName\">Recept\u00e1culos de salida del UPS (solo supresi\u00f3n de sobretensiones)<\/td>\n<td>6 tomacorrientes en el UPS, 2 tomacorrientes s\u00f3lo para sobretensiones<\/td>\n<\/tr>\n<tr>\n<td class=\"specName\">Forma de Onda de CA de Salida (Modo de CA)<\/td>\n<td>Onda sinusoidal pura<\/td>\n<\/tr>\n<tr>\n<td class=\"specName\">Forma de onda de CA de salida (Modo en Bater\u00eda)<\/td>\n<td>Onda sinusoidal PWM<\/td>\n<\/tr>\n<tr>\n<td class=\"specName\">Voltaje(s) Nominal(es) de Salida Soportado(s)<\/td>\n<td>110V; 115V; 120V<\/td>\n<\/tr>\n<tr>\n<td class=\"specName\">Tomacorrientes<\/td>\n<td>(8) 5-15R<\/td>\n<\/tr>\n<tr>\n<td class=\"specName\">Bancos de Carga Controlables Individualmente<\/td>\n<td>No<\/td>\n<\/tr>\n<\/tbody>\n<\/table>\n<\/div>\n<div class=\"specGroup\">\n<h5><strong>BATER\u00cdA<\/strong><\/h5>\n<table class=\"table table-bordered\">\n<tbody>\n<tr>\n<td class=\"specName\">Tipo de Bater\u00eda<\/td>\n<td>Plomo \u00c1cido Regulada por V\u00e1lvula [VRLA]<\/td>\n<\/tr>\n<tr>\n<td class=\"specName\">Autonom\u00eda a Plena Carga (min.)<\/td>\n<td>3 min (475W)<\/td>\n<\/tr>\n<tr>\n<td class=\"specName\">Autonom\u00eda a Media Carga (min.)<\/td>\n<td>16.5 min (237.5W)<\/td>\n<\/tr>\n<tr>\n<td class=\"specName\">Autonom\u00eda Ampliable<\/td>\n<td>No<\/td>\n<\/tr>\n<tr>\n<td class=\"specName\">Voltaje CD del sistema (VCD)<\/td>\n<td>12<\/td>\n<\/tr>\n<tr>\n<td class=\"specName\">Tasa de Recarga de Bater\u00edas (Bater\u00edas Incluidas)<\/td>\n<td>8 horas (10% a 90%)<\/td>\n<\/tr>\n<tr>\n<td class=\"specName\">Acceso a la Bater\u00eda<\/td>\n<td>Puerta de acceso a la bater\u00eda<\/td>\n<\/tr>\n<tr>\n<td class=\"specName\">Descripci\u00f3n de reemplazo de bater\u00eda<\/td>\n<td>Bater\u00edas internas reemplazables (consulte el manual)<\/td>\n<\/tr>\n<\/tbody>\n<\/table>\n<\/div>\n<div class=\"specGroup\">\n<h5><strong>REGULACI\u00d3N DE VOLTAJE<\/strong><\/h5>\n<table class=\"table table-bordered\">\n<tbody>\n<tr>\n<td class=\"specName\">Descripci\u00f3n de la regulaci\u00f3n de voltaje<\/td>\n<td>La regulaci\u00f3n autom\u00e1tica de voltaje [AVR] mantiene la operaci\u00f3n con corriente de la l\u00ednea con un rango de voltajes de entrada entre 89V y 145V<\/td>\n<\/tr>\n<tr>\n<td class=\"specName\">Correcci\u00f3n de Sobrevoltaje<\/td>\n<td>Los voltajes de entrada entre 128V y 149V son reducidos en un 15%<\/td>\n<\/tr>\n<tr>\n<td class=\"specName\">Correcci\u00f3n de Bajo Voltaje<\/td>\n<td>Los voltajes de entrada entre 89V y 108V se elevan en un 18%<\/td>\n<\/tr>\n<\/tbody>\n<\/table>\n<\/div>\n<div class=\"specGroup\">\n<h5><strong>INTERFAZ DE USUARIO, ALERTAS Y CONTROLES<\/strong><\/h5>\n<table class=\"table table-bordered\">\n<tbody>\n<tr>\n<td class=\"specName\">Pantalla LCD del Panel Frontal<\/td>\n<td>La pantalla t\u00e1ctil LCD informa del estado del voltaje de entrada, voltaje de salida, porcentaje de carga, porcentaje de carga de la bater\u00eda y sobrecarga<\/td>\n<\/tr>\n<tr>\n<td class=\"specName\">Interruptores<\/td>\n<td>Switch de encendido y apagado<\/td>\n<\/tr>\n<tr>\n<td class=\"specName\">Alarma Ac\u00fastica<\/td>\n<td>El UPS permanece silencioso en modo de respaldo por bater\u00eda; la alarma solo suena para informar condiciones de bater\u00eda baja, falla, sobrecarga y reemplazo de bater\u00eda<\/td>\n<\/tr>\n<\/tbody>\n<\/table>\n<\/div>\n<div class=\"specGroup\">\n<h5><strong>SUPRESI\u00d3N DE SOBRECARGA \/ RUIDO<\/strong><\/h5>\n<div class=\"specGroup\">\n<table class=\"table table-bordered\">\n<tbody>\n<tr>\n<td class=\"specName\">Valor nominal en joules de supresi\u00f3n CA del UPS<\/td>\n<td>316<\/td>\n<\/tr>\n<tr>\n<td class=\"specName\">Tiempo de respuesta de supresi\u00f3n de CA del UPS<\/td>\n<td>Instant\u00e1neo<\/td>\n<\/tr>\n<tr>\n<td class=\"specName\">Supresi\u00f3n en la L\u00ednea de Datos del UPS<\/td>\n<td>Protecci\u00f3n de 1 l\u00ednea telef\u00f3nica \/ DSL o Ethernet<\/td>\n<\/tr>\n<tr>\n<td class=\"specName\">Supresi\u00f3n de Ruido EMI \/ RFI en CA<\/td>\n<td>S\u00ed<\/td>\n<\/tr>\n<\/tbody>\n<\/table>\n<\/div>\n<div class=\"specGroup\">\n<h5><strong>F\u00cdSICAS<\/strong><\/h5>\n<table class=\"table table-bordered\">\n<tbody>\n<tr>\n<td class=\"specName\">Los Factores de Forma de Instalaci\u00f3n Son Soportados con los Accesorios Opcionales<\/td>\n<td>Torre<\/td>\n<\/tr>\n<tr>\n<td class=\"specName\">Factor de Forma Primario<\/td>\n<td>Escritorio<\/td>\n<\/tr>\n<tr>\n<td class=\"specName\">Profundidad del UPS Primario (mm)<\/td>\n<td>381<\/td>\n<\/tr>\n<tr>\n<td class=\"specName\">Altura del UPS Primario (mm)<\/td>\n<td>191<\/td>\n<\/tr>\n<tr>\n<td class=\"specName\">Ancho del UPS Primario (mm)<\/td>\n<td>140<\/td>\n<\/tr>\n<tr>\n<td class=\"specName\">Peso de Env\u00edo (kg)<\/td>\n<td>9.98<\/td>\n<\/tr>\n<tr>\n<td class=\"specName\">Material del Gabinete del UPS<\/td>\n<td>ABS<\/td>\n<\/tr>\n<tr>\n<td class=\"specName\">Peso del M\u00f3dulo de Potencia del UPS (kg)<\/td>\n<td>8.71<\/td>\n<\/tr>\n<\/tbody>\n<\/table>\n<\/div>\n<div class=\"specGroup\">\n<h5><strong>AMBIENTALES<\/strong><\/h5>\n<table class=\"table table-bordered\">\n<tbody>\n<tr>\n<td class=\"specName\">Rango de Temperatura de Operaci\u00f3n<\/td>\n<td>0 \u00baC a 40 \u00baC [+32 \u00baF a 104 \u00baF]<\/td>\n<\/tr>\n<tr>\n<td class=\"specName\">Rango de Temperatura de Almacenamiento<\/td>\n<td>-15 \u00baC a 45 \u00baC [5 \u00baF a 113 \u00baF]<\/td>\n<\/tr>\n<tr>\n<td class=\"specName\">Humedad Relativa<\/td>\n<td>De 0% a 90%, sin condensaci\u00f3n<\/td>\n<\/tr>\n<tr>\n<td class=\"specName\">Modo de CA BTU \/ Hr. (Plena carga)<\/td>\n<td>25.3<\/td>\n<\/tr>\n<tr>\n<td class=\"specName\">Clasificaci\u00f3n de eficiencia del modo de CA (100% de carga)<\/td>\n<td>&gt;95%<\/td>\n<\/tr>\n<tr>\n<td class=\"specName\">Altitud de Operaci\u00f3n (pies)<\/td>\n<td>Hasta 3048 m [10,000 pies]<\/td>\n<\/tr>\n<tr>\n<td class=\"specName\">Elevaci\u00f3n en Operaci\u00f3n (m)<\/td>\n<td>Hasta 3000 m<\/td>\n<\/tr>\n<\/tbody>\n<\/table>\n<\/div>\n<div class=\"specGroup\">\n<h5><strong>COMUNICACIONES<\/strong><\/h5>\n<table class=\"table table-bordered\">\n<tbody>\n<tr>\n<td class=\"specName\">Software PowerAlert<\/td>\n<td>Para monitoreo local mediante los puertos de comunicaci\u00f3n del UPS incorporados, descargue el programa PowerAlert Local en http:\/\/www.tripplite.com\/poweralert<\/td>\n<\/tr>\n<tr>\n<td class=\"specName\">Cable de Comunicaciones<\/td>\n<td>Cable de interfaz USB incluido<\/td>\n<\/tr>\n<tr>\n<td class=\"specName\">Compatibilidad con WatchDog<\/td>\n<td>Soporta la aplicaci\u00f3n Watchdog, las opciones de reinicio mediante el sistema operativo o por hardware para aplicaciones remotas<\/td>\n<\/tr>\n<tr>\n<td class=\"specName\">Compatibilidad con Herramientas de UPS de Red<\/td>\n<td><\/td>\n<\/tr>\n<tr>\n<td class=\"specName\">Interfaz de Comunicaciones<\/td>\n<td>USB (compatible con HID)<\/td>\n<\/tr>\n<\/tbody>\n<\/table>\n<\/div>\n<div class=\"specGroup\">\n<h5><strong>TIEMPO DE TRANSFERENCIA L\u00cdNEA \/ BATER\u00cdA<\/strong><\/h5>\n<table class=\"table table-bordered\">\n<tbody>\n<tr>\n<td class=\"specName\">Tiempo de Transferencia<\/td>\n<td>6 milisegundos t\u00edpico (10 milisegundos m\u00e1x.)<\/td>\n<\/tr>\n<tr>\n<td class=\"specName\">Transferencia de Bajo Voltaje a Energ\u00eda de Bater\u00eda (Calibraci\u00f3n)<\/td>\n<td>89<\/td>\n<\/tr>\n<tr>\n<td class=\"specName\">Transferencia de Alto Voltaje a Energ\u00eda de Bater\u00eda (Calibraci\u00f3n)<\/td>\n<td>145<\/td>\n<\/tr>\n<\/tbody>\n<\/table>\n<\/div>\n<div class=\"specGroup\">\n<h5><strong>FUNCIONES ESPECIALES<\/strong><\/h5>\n<table class=\"table table-bordered\">\n<tbody>\n<tr>\n<td class=\"specName\">Arranque en Fr\u00edo (Arranque en Modo de Bater\u00eda Durante una Falla del Suministro El\u00e9ctrico)<\/td>\n<td>Soporta la operaci\u00f3n de arranque en fr\u00edo<\/td>\n<\/tr>\n<tr>\n<td class=\"specName\">Funciones del UPS de alta disponibilidad<\/td>\n<td>Automatic Voltage Regulation (AVR); Surge\/noise protection<\/td>\n<\/tr>\n<tr>\n<td class=\"specName\">Caracter\u00edsticas de Ahorro de Energ\u00eda Ecol\u00f3gico<\/td>\n<td>M\u00e1s del 95% de eficiencia &#8211; UPS ECOL\u00d3GICO<\/td>\n<\/tr>\n<\/tbody>\n<\/table>\n<\/div>\n<div class=\"specGroup\">\n<h5><strong>EST\u00c1NDARES Y COMPATIBILIDAD<\/strong><\/h5>\n<\/div>\n<\/div>\n<\/div>\n","protected":false},"excerpt":{"rendered":"<div class=\"key-benefits m-Bottom15\">\n<div>Este UPS de escritorio proporciona soporte de respaldo por bater\u00eda con regulaci\u00f3n autom\u00e1tica de voltaje [AVR] para su sistema de red o home theater de la oficina o casa.<\/div>\n<\/div>\n<div class=\"description-bullets bullets\">\n<ul>\n<li>Protege equipos contra apagones, ca\u00eddas de voltaje, sobrevoltaje, sobretensiones y ruido en la l\u00ednea<\/li>\n<li>Mantiene la energ\u00eda de CA funcionando durante apagones a fin de contar con suficiente tiempo para guardar los archivos y un apagado seguro<\/li>\n<li>Mantiene una salida nominal continua de 120V durante ca\u00eddas de voltaje y sobrevoltajes<\/li>\n<li>La alarma amigable para el hogar permanece silenciosa en modo de respaldo por bater\u00eda y suena solo si es imprescindible<\/li>\n<li>La alta eficiencia &gt;95% con bajas tasas de BTU ahorra electricidad y reduce sus costos de energ\u00eda<\/li>\n<\/ul>\n<\/div>\n","protected":false},"featured_media":4119,"comment_status":"open","ping_status":"closed","template":"","meta":{"jetpack_publicize_message":"","jetpack_publicize_feature_enabled":true,"jetpack_social_post_already_shared":false,"jetpack_social_options":{"image_generator_settings":{"template":"highway","default_image_id":0,"font":"","enabled":false},"version":2}},"pwb-brand":[180],"product_brand":[],"product_cat":[178],"product_tag":[251,252,225],"class_list":{"0":"post-4113","1":"product","2":"type-product","3":"status-publish","4":"has-post-thumbnail","6":"pwb-brand-tripplite","7":"product_cat-ups","8":"product_tag-475w","9":"product_tag-800va","10":"product_tag-ups-tripp-lite","12":"first","13":"instock","14":"taxable","15":"shipping-taxable","16":"purchasable","17":"product-type-simple"},"yoast_head":"<!-- This site is optimized with the Yoast SEO Premium plugin v25.7.1 (Yoast SEO v26.8) - https:\/\/yoast.com\/product\/yoast-seo-premium-wordpress\/ -->\n<title>UPS TrippLite 800VA 475W - Mivoot<\/title>\n<meta name=\"robots\" content=\"index, follow, max-snippet:-1, max-image-preview:large, max-video-preview:-1\" \/>\n<link rel=\"canonical\" href=\"https:\/\/mivoot.com\/gt\/producto\/ups-tripplite-475w-800va\/\" \/>\n<meta property=\"og:locale\" content=\"es_ES\" \/>\n<meta property=\"og:type\" content=\"article\" \/>\n<meta property=\"og:title\" content=\"UPS TrippLite 800VA 475W\" \/>\n<meta property=\"og:description\" content=\"Este UPS de escritorio proporciona soporte de respaldo por bater\u00eda con regulaci\u00f3n autom\u00e1tica de voltaje [AVR] para su sistema de red o home theater de la oficina o casa.     Protege equipos contra apagones, ca\u00eddas de voltaje, sobrevoltaje, sobretensiones y ruido en la l\u00ednea  Mantiene la energ\u00eda de CA funcionando durante apagones a fin de contar con suficiente tiempo para guardar los archivos y un apagado seguro  Mantiene una salida nominal continua de 120V durante ca\u00eddas de voltaje y sobrevoltajes  La alarma amigable para el hogar permanece silenciosa en modo de respaldo por bater\u00eda y suena solo si es imprescindible  La alta eficiencia &gt;95% con bajas tasas de BTU ahorra electricidad y reduce sus costos de energ\u00eda\" \/>\n<meta property=\"og:url\" content=\"https:\/\/mivoot.com\/gt\/producto\/ups-tripplite-475w-800va\/\" \/>\n<meta property=\"og:site_name\" content=\"Mivoot\" \/>\n<meta property=\"article:publisher\" content=\"https:\/\/www.facebook.com\/mivootgt\" \/>\n<meta property=\"article:modified_time\" content=\"2024-05-21T18:57:58+00:00\" \/>\n<meta property=\"og:image\" content=\"https:\/\/mivoot.com\/gt\/wp-content\/uploads\/2021\/05\/kj-1.jpg\" \/>\n\t<meta property=\"og:image:width\" content=\"510\" \/>\n\t<meta property=\"og:image:height\" content=\"383\" \/>\n\t<meta property=\"og:image:type\" content=\"image\/jpeg\" \/>\n<meta name=\"twitter:card\" content=\"summary_large_image\" \/>\n<meta name=\"twitter:label1\" content=\"Est. reading time\" \/>\n\t<meta name=\"twitter:data1\" content=\"6 minutos\" \/>\n<script type=\"application\/ld+json\" class=\"yoast-schema-graph\">{\"@context\":\"https:\/\/schema.org\",\"@graph\":[{\"@type\":\"WebPage\",\"@id\":\"https:\/\/mivoot.com\/gt\/producto\/ups-tripplite-475w-800va\/\",\"url\":\"https:\/\/mivoot.com\/gt\/producto\/ups-tripplite-475w-800va\/\",\"name\":\"UPS TrippLite 800VA 475W - Mivoot\",\"isPartOf\":{\"@id\":\"https:\/\/mivoot.com\/gt\/#website\"},\"primaryImageOfPage\":{\"@id\":\"https:\/\/mivoot.com\/gt\/producto\/ups-tripplite-475w-800va\/#primaryimage\"},\"image\":{\"@id\":\"https:\/\/mivoot.com\/gt\/producto\/ups-tripplite-475w-800va\/#primaryimage\"},\"thumbnailUrl\":\"https:\/\/mivoot.com\/gt\/wp-content\/uploads\/2021\/05\/kj-1.jpg\",\"datePublished\":\"2021-05-22T02:45:33+00:00\",\"dateModified\":\"2024-05-21T18:57:58+00:00\",\"breadcrumb\":{\"@id\":\"https:\/\/mivoot.com\/gt\/producto\/ups-tripplite-475w-800va\/#breadcrumb\"},\"inLanguage\":\"es\",\"potentialAction\":[{\"@type\":\"ReadAction\",\"target\":[\"https:\/\/mivoot.com\/gt\/producto\/ups-tripplite-475w-800va\/\"]}]},{\"@type\":\"ImageObject\",\"inLanguage\":\"es\",\"@id\":\"https:\/\/mivoot.com\/gt\/producto\/ups-tripplite-475w-800va\/#primaryimage\",\"url\":\"https:\/\/mivoot.com\/gt\/wp-content\/uploads\/2021\/05\/kj-1.jpg\",\"contentUrl\":\"https:\/\/mivoot.com\/gt\/wp-content\/uploads\/2021\/05\/kj-1.jpg\",\"width\":510,\"height\":383},{\"@type\":\"BreadcrumbList\",\"@id\":\"https:\/\/mivoot.com\/gt\/producto\/ups-tripplite-475w-800va\/#breadcrumb\",\"itemListElement\":[{\"@type\":\"ListItem\",\"position\":1,\"name\":\"Inicio\",\"item\":\"https:\/\/mivoot.com\/gt\/\"},{\"@type\":\"ListItem\",\"position\":2,\"name\":\"Productos\",\"item\":\"https:\/\/mivoot.com\/gt\/producto\/\"},{\"@type\":\"ListItem\",\"position\":3,\"name\":\"TrippLite\",\"item\":\"https:\/\/mivoot.com\/gt\/marca\/tripplite\/\"},{\"@type\":\"ListItem\",\"position\":4,\"name\":\"UPS TrippLite 800VA 475W\"}]},{\"@type\":\"WebSite\",\"@id\":\"https:\/\/mivoot.com\/gt\/#website\",\"url\":\"https:\/\/mivoot.com\/gt\/\",\"name\":\"Mivoot\",\"description\":\"Mivoot Guatemala | Tienda Online\",\"publisher\":{\"@id\":\"https:\/\/mivoot.com\/gt\/#organization\"},\"alternateName\":\"mivoot\",\"potentialAction\":[{\"@type\":\"SearchAction\",\"target\":{\"@type\":\"EntryPoint\",\"urlTemplate\":\"https:\/\/mivoot.com\/gt\/?s={search_term_string}\"},\"query-input\":{\"@type\":\"PropertyValueSpecification\",\"valueRequired\":true,\"valueName\":\"search_term_string\"}}],\"inLanguage\":\"es\"},{\"@type\":\"Organization\",\"@id\":\"https:\/\/mivoot.com\/gt\/#organization\",\"name\":\"Mivoot Guatemala\",\"alternateName\":\"mivoot.com\",\"url\":\"https:\/\/mivoot.com\/gt\/\",\"logo\":{\"@type\":\"ImageObject\",\"inLanguage\":\"es\",\"@id\":\"https:\/\/mivoot.com\/gt\/#\/schema\/logo\/image\/\",\"url\":\"https:\/\/mivoot.com\/gt\/wp-content\/uploads\/2023\/03\/cropped-icon.png\",\"contentUrl\":\"https:\/\/mivoot.com\/gt\/wp-content\/uploads\/2023\/03\/cropped-icon.png\",\"width\":512,\"height\":512,\"caption\":\"Mivoot Guatemala\"},\"image\":{\"@id\":\"https:\/\/mivoot.com\/gt\/#\/schema\/logo\/image\/\"},\"sameAs\":[\"https:\/\/www.facebook.com\/mivootgt\",\"https:\/\/instagram.com\/mivoot\"]}]}<\/script>\n<!-- \/ Yoast SEO Premium plugin. -->","yoast_head_json":{"title":"UPS TrippLite 800VA 475W - Mivoot","robots":{"index":"index","follow":"follow","max-snippet":"max-snippet:-1","max-image-preview":"max-image-preview:large","max-video-preview":"max-video-preview:-1"},"canonical":"https:\/\/mivoot.com\/gt\/producto\/ups-tripplite-475w-800va\/","og_locale":"es_ES","og_type":"article","og_title":"UPS TrippLite 800VA 475W","og_description":"Este UPS de escritorio proporciona soporte de respaldo por bater\u00eda con regulaci\u00f3n autom\u00e1tica de voltaje [AVR] para su sistema de red o home theater de la oficina o casa.     Protege equipos contra apagones, ca\u00eddas de voltaje, sobrevoltaje, sobretensiones y ruido en la l\u00ednea  Mantiene la energ\u00eda de CA funcionando durante apagones a fin de contar con suficiente tiempo para guardar los archivos y un apagado seguro  Mantiene una salida nominal continua de 120V durante ca\u00eddas de voltaje y sobrevoltajes  La alarma amigable para el hogar permanece silenciosa en modo de respaldo por bater\u00eda y suena solo si es imprescindible  La alta eficiencia &gt;95% con bajas tasas de BTU ahorra electricidad y reduce sus costos de energ\u00eda","og_url":"https:\/\/mivoot.com\/gt\/producto\/ups-tripplite-475w-800va\/","og_site_name":"Mivoot","article_publisher":"https:\/\/www.facebook.com\/mivootgt","article_modified_time":"2024-05-21T18:57:58+00:00","og_image":[{"width":510,"height":383,"url":"https:\/\/mivoot.com\/gt\/wp-content\/uploads\/2021\/05\/kj-1.jpg","type":"image\/jpeg"}],"twitter_card":"summary_large_image","twitter_misc":{"Est. reading time":"6 minutos"},"schema":{"@context":"https:\/\/schema.org","@graph":[{"@type":"WebPage","@id":"https:\/\/mivoot.com\/gt\/producto\/ups-tripplite-475w-800va\/","url":"https:\/\/mivoot.com\/gt\/producto\/ups-tripplite-475w-800va\/","name":"UPS TrippLite 800VA 475W - Mivoot","isPartOf":{"@id":"https:\/\/mivoot.com\/gt\/#website"},"primaryImageOfPage":{"@id":"https:\/\/mivoot.com\/gt\/producto\/ups-tripplite-475w-800va\/#primaryimage"},"image":{"@id":"https:\/\/mivoot.com\/gt\/producto\/ups-tripplite-475w-800va\/#primaryimage"},"thumbnailUrl":"https:\/\/mivoot.com\/gt\/wp-content\/uploads\/2021\/05\/kj-1.jpg","datePublished":"2021-05-22T02:45:33+00:00","dateModified":"2024-05-21T18:57:58+00:00","breadcrumb":{"@id":"https:\/\/mivoot.com\/gt\/producto\/ups-tripplite-475w-800va\/#breadcrumb"},"inLanguage":"es","potentialAction":[{"@type":"ReadAction","target":["https:\/\/mivoot.com\/gt\/producto\/ups-tripplite-475w-800va\/"]}]},{"@type":"ImageObject","inLanguage":"es","@id":"https:\/\/mivoot.com\/gt\/producto\/ups-tripplite-475w-800va\/#primaryimage","url":"https:\/\/mivoot.com\/gt\/wp-content\/uploads\/2021\/05\/kj-1.jpg","contentUrl":"https:\/\/mivoot.com\/gt\/wp-content\/uploads\/2021\/05\/kj-1.jpg","width":510,"height":383},{"@type":"BreadcrumbList","@id":"https:\/\/mivoot.com\/gt\/producto\/ups-tripplite-475w-800va\/#breadcrumb","itemListElement":[{"@type":"ListItem","position":1,"name":"Inicio","item":"https:\/\/mivoot.com\/gt\/"},{"@type":"ListItem","position":2,"name":"Productos","item":"https:\/\/mivoot.com\/gt\/producto\/"},{"@type":"ListItem","position":3,"name":"TrippLite","item":"https:\/\/mivoot.com\/gt\/marca\/tripplite\/"},{"@type":"ListItem","position":4,"name":"UPS TrippLite 800VA 475W"}]},{"@type":"WebSite","@id":"https:\/\/mivoot.com\/gt\/#website","url":"https:\/\/mivoot.com\/gt\/","name":"Mivoot","description":"Mivoot Guatemala | Tienda Online","publisher":{"@id":"https:\/\/mivoot.com\/gt\/#organization"},"alternateName":"mivoot","potentialAction":[{"@type":"SearchAction","target":{"@type":"EntryPoint","urlTemplate":"https:\/\/mivoot.com\/gt\/?s={search_term_string}"},"query-input":{"@type":"PropertyValueSpecification","valueRequired":true,"valueName":"search_term_string"}}],"inLanguage":"es"},{"@type":"Organization","@id":"https:\/\/mivoot.com\/gt\/#organization","name":"Mivoot Guatemala","alternateName":"mivoot.com","url":"https:\/\/mivoot.com\/gt\/","logo":{"@type":"ImageObject","inLanguage":"es","@id":"https:\/\/mivoot.com\/gt\/#\/schema\/logo\/image\/","url":"https:\/\/mivoot.com\/gt\/wp-content\/uploads\/2023\/03\/cropped-icon.png","contentUrl":"https:\/\/mivoot.com\/gt\/wp-content\/uploads\/2023\/03\/cropped-icon.png","width":512,"height":512,"caption":"Mivoot Guatemala"},"image":{"@id":"https:\/\/mivoot.com\/gt\/#\/schema\/logo\/image\/"},"sameAs":["https:\/\/www.facebook.com\/mivootgt","https:\/\/instagram.com\/mivoot"]}]}},"jetpack_publicize_connections":[],"jetpack_sharing_enabled":true,"brands":[{"id":180,"name":"TrippLite","slug":"tripplite"}],"_links":{"self":[{"href":"https:\/\/mivoot.com\/gt\/wp-json\/wp\/v2\/product\/4113","targetHints":{"allow":["GET"]}}],"collection":[{"href":"https:\/\/mivoot.com\/gt\/wp-json\/wp\/v2\/product"}],"about":[{"href":"https:\/\/mivoot.com\/gt\/wp-json\/wp\/v2\/types\/product"}],"replies":[{"embeddable":true,"href":"https:\/\/mivoot.com\/gt\/wp-json\/wp\/v2\/comments?post=4113"}],"version-history":[{"count":2,"href":"https:\/\/mivoot.com\/gt\/wp-json\/wp\/v2\/product\/4113\/revisions"}],"predecessor-version":[{"id":19403,"href":"https:\/\/mivoot.com\/gt\/wp-json\/wp\/v2\/product\/4113\/revisions\/19403"}],"wp:featuredmedia":[{"embeddable":true,"href":"https:\/\/mivoot.com\/gt\/wp-json\/wp\/v2\/media\/4119"}],"wp:attachment":[{"href":"https:\/\/mivoot.com\/gt\/wp-json\/wp\/v2\/media?parent=4113"}],"wp:term":[{"taxonomy":"pwb-brand","embeddable":true,"href":"https:\/\/mivoot.com\/gt\/wp-json\/wp\/v2\/pwb-brand?post=4113"},{"taxonomy":"product_brand","embeddable":true,"href":"https:\/\/mivoot.com\/gt\/wp-json\/wp\/v2\/product_brand?post=4113"},{"taxonomy":"product_cat","embeddable":true,"href":"https:\/\/mivoot.com\/gt\/wp-json\/wp\/v2\/product_cat?post=4113"},{"taxonomy":"product_tag","embeddable":true,"href":"https:\/\/mivoot.com\/gt\/wp-json\/wp\/v2\/product_tag?post=4113"}],"curies":[{"name":"wp","href":"https:\/\/api.w.org\/{rel}","templated":true}]}}