{"id":455,"date":"2021-03-15T17:44:14","date_gmt":"2021-03-15T17:44:14","guid":{"rendered":"https:\/\/mivoot.com\/gt\/?post_type=product&#038;p=455"},"modified":"2021-03-20T15:16:59","modified_gmt":"2021-03-20T21:16:59","slug":"adaptador-wi-fi-lynx600-usb-nexxt-2","status":"publish","type":"product","link":"https:\/\/mivoot.com\/gt\/producto\/adaptador-wi-fi-lynx600-usb-nexxt-2\/","title":{"rendered":"Adaptador Wi-Fi Lynx600 USB Nexxt"},"content":{"rendered":"<p>Adaptador USB inal\u00e1mbrico AC de doble banda Actualiza tu PC o laptop a la \u00faltima generaci\u00f3n inal\u00e1mbrica, al instante. Con un total de 600Mbps a trav\u00e9s de ambas bandas simult\u00e1neamente, puedes disfrutar de la web, enviar emails, visualizar m\u00faltiples videos en HD, abrir aplicaciones de medios para m\u00f3vil, as\u00ed como jugar en l\u00ednea, con m\u00e1xima estabilidad y fluidez<\/p>\n<div class=\"view_ds\">\n<div class=\"mainProduct__icons--container\">\n<div class=\"mainProduct__modulos\">\n<div class=\"mainProduct__modulos--container\">\n<article id=\"Overview\" class=\"mainProduct__modulos--list\">\n<div>\n<p>La sencilla configuraci\u00f3n del adaptador, dise\u00f1ada para establecer una conexi\u00f3n estable y segura, contribuye a evitar las interferencias a la vez que elimina efectivamente los puntos muertos en el \u00e1rea de cobertura. Su dise\u00f1o compacto permite utilizarlo en una amplia gama de computadores dotados con un puerto USB. El Lynx600 emerge como la soluci\u00f3n ideal para convertir su actual conexi\u00f3n en una red Wi-Fi ultrarr\u00e1pida.<\/p>\n<\/div>\n<\/article>\n<\/div>\n<\/div>\n<\/div>\n<\/div>\n<div class=\"row URL\">\n<div class=\"col-xl-6 col-lg-6 col-md-6 col-sm-12\">\n<ul>\n<li>Velocidades inal\u00e1mbricas AC de hasta 600Mbps (5GHz: 433Mbps + 2.4GHz: 150Mbps)<\/li>\n<li>Compacto y liviano, para m\u00e1xima flexibilidad<\/li>\n<li>Transmisi\u00f3n simult\u00e1nea por ambas bandas<\/li>\n<li>Hasta cuatro veces m\u00e1s veloz que los dispositivos de 150Mbps basados en el protocolo 802.11n<\/li>\n<li>Interfaz USB 2.0<\/li>\n<li>T\u00e9cnica de concentraci\u00f3n del haz<\/li>\n<li>Funci\u00f3n de negociaci\u00f3n autom\u00e1tica<\/li>\n<li>Seguridad avanzada con m\u00e9todos criptogr\u00e1ficos WEP, WPA\/WPA2 de 64\/128 bitios<\/li>\n<li>Compatible con\u00a0Windows XP, Vista, 7,8, 8.1,10, MAC: 10.6~10.12, Linux Kernel 2.6.18 ~4.4.6<\/li>\n<\/ul>\n<p><img fetchpriority=\"high\" decoding=\"async\" class=\"alignnone wp-image-1759 size-full\" src=\"https:\/\/mivoot.com\/gt\/wp-content\/uploads\/2021\/03\/Captura-8.png\" alt=\"\" width=\"1083\" height=\"339\" srcset=\"https:\/\/mivoot.com\/gt\/wp-content\/uploads\/2021\/03\/Captura-8.png 1083w, https:\/\/mivoot.com\/gt\/wp-content\/uploads\/2021\/03\/Captura-8-410x128.png 410w, https:\/\/mivoot.com\/gt\/wp-content\/uploads\/2021\/03\/Captura-8-64x20.png 64w, https:\/\/mivoot.com\/gt\/wp-content\/uploads\/2021\/03\/Captura-8-300x94.png 300w, https:\/\/mivoot.com\/gt\/wp-content\/uploads\/2021\/03\/Captura-8-768x240.png 768w\" sizes=\"(max-width: 1083px) 100vw, 1083px\" \/><\/p>\n<\/div>\n<\/div>\n","protected":false},"excerpt":{"rendered":"<p>El Lynx600 es la nueva generaci\u00f3n de adaptadores USB inal\u00e1mbricos AC de doble banda que se incorpora a la familia de Nexxt Solutions. Ahora puede compatibilizar su computador o netbook con el \u00faltimo protocolo 11ac, a fin de alcanzar velocidades de transferencia de hasta 433Mbps en la banda de 5GHz y 150Mbps, en la de 2.4GHz. Con 600Mbps en total a trav\u00e9s del fijo simult\u00e1neo por ambas bandas, permite navegar por la web, abrir el correo electr\u00f3nico, bajar videos en alta definici\u00f3n, acceder a aplicaciones de medios para m\u00f3vil as\u00ed como a juegos de video en l\u00ednea con toda fluidez.<\/p>\n","protected":false},"featured_media":1752,"comment_status":"open","ping_status":"closed","template":"","meta":{"jetpack_publicize_message":"","jetpack_publicize_feature_enabled":true,"jetpack_social_post_already_shared":false,"jetpack_social_options":{"image_generator_settings":{"template":"highway","default_image_id":0,"font":"","enabled":false},"version":2}},"pwb-brand":[72],"product_brand":[],"product_cat":[17],"product_tag":[],"class_list":{"0":"post-455","1":"product","2":"type-product","3":"status-publish","4":"has-post-thumbnail","6":"pwb-brand-nexxt","7":"product_cat-redes-e-internet","9":"first","10":"instock","11":"taxable","12":"shipping-taxable","13":"purchasable","14":"product-type-simple"},"yoast_head":"<!-- This site is optimized with the Yoast SEO Premium plugin v25.7.1 (Yoast SEO v26.8) - https:\/\/yoast.com\/product\/yoast-seo-premium-wordpress\/ -->\n<title>Adaptador Wi-Fi Lynx600 USB Nexxt - Mivoot<\/title>\n<meta name=\"robots\" content=\"index, follow, max-snippet:-1, max-image-preview:large, max-video-preview:-1\" \/>\n<link rel=\"canonical\" href=\"https:\/\/mivoot.com\/gt\/producto\/adaptador-wi-fi-lynx600-usb-nexxt-2\/\" \/>\n<meta property=\"og:locale\" content=\"es_ES\" \/>\n<meta property=\"og:type\" content=\"article\" \/>\n<meta property=\"og:title\" content=\"Adaptador Wi-Fi Lynx600 USB Nexxt\" \/>\n<meta property=\"og:description\" content=\"El Lynx600 es la nueva generaci\u00f3n de adaptadores USB inal\u00e1mbricos AC de doble banda que se incorpora a la familia de Nexxt Solutions. Ahora puede compatibilizar su computador o netbook con el \u00faltimo protocolo 11ac, a fin de alcanzar velocidades de transferencia de hasta 433Mbps en la banda de 5GHz y 150Mbps, en la de 2.4GHz. Con 600Mbps en total a trav\u00e9s del fijo simult\u00e1neo por ambas bandas, permite navegar por la web, abrir el correo electr\u00f3nico, bajar videos en alta definici\u00f3n, acceder a aplicaciones de medios para m\u00f3vil as\u00ed como a juegos de video en l\u00ednea con toda fluidez.\" \/>\n<meta property=\"og:url\" content=\"https:\/\/mivoot.com\/gt\/producto\/adaptador-wi-fi-lynx600-usb-nexxt-2\/\" \/>\n<meta property=\"og:site_name\" content=\"Mivoot\" \/>\n<meta property=\"article:publisher\" content=\"https:\/\/www.facebook.com\/mivootgt\" \/>\n<meta property=\"article:modified_time\" content=\"2021-03-20T21:16:59+00:00\" \/>\n<meta property=\"og:image\" content=\"https:\/\/mivoot.com\/gt\/wp-content\/uploads\/2021\/03\/AULUB305U4_land.png\" \/>\n\t<meta property=\"og:image:width\" content=\"800\" \/>\n\t<meta property=\"og:image:height\" content=\"800\" \/>\n\t<meta property=\"og:image:type\" content=\"image\/png\" \/>\n<meta name=\"twitter:card\" content=\"summary_large_image\" \/>\n<meta name=\"twitter:label1\" content=\"Est. reading time\" \/>\n\t<meta name=\"twitter:data1\" content=\"1 minuto\" \/>\n<script type=\"application\/ld+json\" class=\"yoast-schema-graph\">{\"@context\":\"https:\/\/schema.org\",\"@graph\":[{\"@type\":\"WebPage\",\"@id\":\"https:\/\/mivoot.com\/gt\/producto\/adaptador-wi-fi-lynx600-usb-nexxt-2\/\",\"url\":\"https:\/\/mivoot.com\/gt\/producto\/adaptador-wi-fi-lynx600-usb-nexxt-2\/\",\"name\":\"Adaptador Wi-Fi Lynx600 USB Nexxt - Mivoot\",\"isPartOf\":{\"@id\":\"https:\/\/mivoot.com\/gt\/#website\"},\"primaryImageOfPage\":{\"@id\":\"https:\/\/mivoot.com\/gt\/producto\/adaptador-wi-fi-lynx600-usb-nexxt-2\/#primaryimage\"},\"image\":{\"@id\":\"https:\/\/mivoot.com\/gt\/producto\/adaptador-wi-fi-lynx600-usb-nexxt-2\/#primaryimage\"},\"thumbnailUrl\":\"https:\/\/mivoot.com\/gt\/wp-content\/uploads\/2021\/03\/AULUB305U4_land.png\",\"datePublished\":\"2021-03-15T17:44:14+00:00\",\"dateModified\":\"2021-03-20T21:16:59+00:00\",\"breadcrumb\":{\"@id\":\"https:\/\/mivoot.com\/gt\/producto\/adaptador-wi-fi-lynx600-usb-nexxt-2\/#breadcrumb\"},\"inLanguage\":\"es\",\"potentialAction\":[{\"@type\":\"ReadAction\",\"target\":[\"https:\/\/mivoot.com\/gt\/producto\/adaptador-wi-fi-lynx600-usb-nexxt-2\/\"]}]},{\"@type\":\"ImageObject\",\"inLanguage\":\"es\",\"@id\":\"https:\/\/mivoot.com\/gt\/producto\/adaptador-wi-fi-lynx600-usb-nexxt-2\/#primaryimage\",\"url\":\"https:\/\/mivoot.com\/gt\/wp-content\/uploads\/2021\/03\/AULUB305U4_land.png\",\"contentUrl\":\"https:\/\/mivoot.com\/gt\/wp-content\/uploads\/2021\/03\/AULUB305U4_land.png\",\"width\":800,\"height\":800},{\"@type\":\"BreadcrumbList\",\"@id\":\"https:\/\/mivoot.com\/gt\/producto\/adaptador-wi-fi-lynx600-usb-nexxt-2\/#breadcrumb\",\"itemListElement\":[{\"@type\":\"ListItem\",\"position\":1,\"name\":\"Inicio\",\"item\":\"https:\/\/mivoot.com\/gt\/\"},{\"@type\":\"ListItem\",\"position\":2,\"name\":\"Productos\",\"item\":\"https:\/\/mivoot.com\/gt\/producto\/\"},{\"@type\":\"ListItem\",\"position\":3,\"name\":\"Nexxt\",\"item\":\"https:\/\/mivoot.com\/gt\/marca\/nexxt\/\"},{\"@type\":\"ListItem\",\"position\":4,\"name\":\"Adaptador Wi-Fi Lynx600 USB Nexxt\"}]},{\"@type\":\"WebSite\",\"@id\":\"https:\/\/mivoot.com\/gt\/#website\",\"url\":\"https:\/\/mivoot.com\/gt\/\",\"name\":\"Mivoot\",\"description\":\"Mivoot Guatemala | Tienda Online\",\"publisher\":{\"@id\":\"https:\/\/mivoot.com\/gt\/#organization\"},\"alternateName\":\"mivoot\",\"potentialAction\":[{\"@type\":\"SearchAction\",\"target\":{\"@type\":\"EntryPoint\",\"urlTemplate\":\"https:\/\/mivoot.com\/gt\/?s={search_term_string}\"},\"query-input\":{\"@type\":\"PropertyValueSpecification\",\"valueRequired\":true,\"valueName\":\"search_term_string\"}}],\"inLanguage\":\"es\"},{\"@type\":\"Organization\",\"@id\":\"https:\/\/mivoot.com\/gt\/#organization\",\"name\":\"Mivoot Guatemala\",\"alternateName\":\"mivoot.com\",\"url\":\"https:\/\/mivoot.com\/gt\/\",\"logo\":{\"@type\":\"ImageObject\",\"inLanguage\":\"es\",\"@id\":\"https:\/\/mivoot.com\/gt\/#\/schema\/logo\/image\/\",\"url\":\"https:\/\/mivoot.com\/gt\/wp-content\/uploads\/2023\/03\/cropped-icon.png\",\"contentUrl\":\"https:\/\/mivoot.com\/gt\/wp-content\/uploads\/2023\/03\/cropped-icon.png\",\"width\":512,\"height\":512,\"caption\":\"Mivoot Guatemala\"},\"image\":{\"@id\":\"https:\/\/mivoot.com\/gt\/#\/schema\/logo\/image\/\"},\"sameAs\":[\"https:\/\/www.facebook.com\/mivootgt\",\"https:\/\/instagram.com\/mivoot\"]}]}<\/script>\n<!-- \/ Yoast SEO Premium plugin. -->","yoast_head_json":{"title":"Adaptador Wi-Fi Lynx600 USB Nexxt - Mivoot","robots":{"index":"index","follow":"follow","max-snippet":"max-snippet:-1","max-image-preview":"max-image-preview:large","max-video-preview":"max-video-preview:-1"},"canonical":"https:\/\/mivoot.com\/gt\/producto\/adaptador-wi-fi-lynx600-usb-nexxt-2\/","og_locale":"es_ES","og_type":"article","og_title":"Adaptador Wi-Fi Lynx600 USB Nexxt","og_description":"El Lynx600 es la nueva generaci\u00f3n de adaptadores USB inal\u00e1mbricos AC de doble banda que se incorpora a la familia de Nexxt Solutions. Ahora puede compatibilizar su computador o netbook con el \u00faltimo protocolo 11ac, a fin de alcanzar velocidades de transferencia de hasta 433Mbps en la banda de 5GHz y 150Mbps, en la de 2.4GHz. Con 600Mbps en total a trav\u00e9s del fijo simult\u00e1neo por ambas bandas, permite navegar por la web, abrir el correo electr\u00f3nico, bajar videos en alta definici\u00f3n, acceder a aplicaciones de medios para m\u00f3vil as\u00ed como a juegos de video en l\u00ednea con toda fluidez.","og_url":"https:\/\/mivoot.com\/gt\/producto\/adaptador-wi-fi-lynx600-usb-nexxt-2\/","og_site_name":"Mivoot","article_publisher":"https:\/\/www.facebook.com\/mivootgt","article_modified_time":"2021-03-20T21:16:59+00:00","og_image":[{"width":800,"height":800,"url":"https:\/\/mivoot.com\/gt\/wp-content\/uploads\/2021\/03\/AULUB305U4_land.png","type":"image\/png"}],"twitter_card":"summary_large_image","twitter_misc":{"Est. reading time":"1 minuto"},"schema":{"@context":"https:\/\/schema.org","@graph":[{"@type":"WebPage","@id":"https:\/\/mivoot.com\/gt\/producto\/adaptador-wi-fi-lynx600-usb-nexxt-2\/","url":"https:\/\/mivoot.com\/gt\/producto\/adaptador-wi-fi-lynx600-usb-nexxt-2\/","name":"Adaptador Wi-Fi Lynx600 USB Nexxt - Mivoot","isPartOf":{"@id":"https:\/\/mivoot.com\/gt\/#website"},"primaryImageOfPage":{"@id":"https:\/\/mivoot.com\/gt\/producto\/adaptador-wi-fi-lynx600-usb-nexxt-2\/#primaryimage"},"image":{"@id":"https:\/\/mivoot.com\/gt\/producto\/adaptador-wi-fi-lynx600-usb-nexxt-2\/#primaryimage"},"thumbnailUrl":"https:\/\/mivoot.com\/gt\/wp-content\/uploads\/2021\/03\/AULUB305U4_land.png","datePublished":"2021-03-15T17:44:14+00:00","dateModified":"2021-03-20T21:16:59+00:00","breadcrumb":{"@id":"https:\/\/mivoot.com\/gt\/producto\/adaptador-wi-fi-lynx600-usb-nexxt-2\/#breadcrumb"},"inLanguage":"es","potentialAction":[{"@type":"ReadAction","target":["https:\/\/mivoot.com\/gt\/producto\/adaptador-wi-fi-lynx600-usb-nexxt-2\/"]}]},{"@type":"ImageObject","inLanguage":"es","@id":"https:\/\/mivoot.com\/gt\/producto\/adaptador-wi-fi-lynx600-usb-nexxt-2\/#primaryimage","url":"https:\/\/mivoot.com\/gt\/wp-content\/uploads\/2021\/03\/AULUB305U4_land.png","contentUrl":"https:\/\/mivoot.com\/gt\/wp-content\/uploads\/2021\/03\/AULUB305U4_land.png","width":800,"height":800},{"@type":"BreadcrumbList","@id":"https:\/\/mivoot.com\/gt\/producto\/adaptador-wi-fi-lynx600-usb-nexxt-2\/#breadcrumb","itemListElement":[{"@type":"ListItem","position":1,"name":"Inicio","item":"https:\/\/mivoot.com\/gt\/"},{"@type":"ListItem","position":2,"name":"Productos","item":"https:\/\/mivoot.com\/gt\/producto\/"},{"@type":"ListItem","position":3,"name":"Nexxt","item":"https:\/\/mivoot.com\/gt\/marca\/nexxt\/"},{"@type":"ListItem","position":4,"name":"Adaptador Wi-Fi Lynx600 USB Nexxt"}]},{"@type":"WebSite","@id":"https:\/\/mivoot.com\/gt\/#website","url":"https:\/\/mivoot.com\/gt\/","name":"Mivoot","description":"Mivoot Guatemala | Tienda Online","publisher":{"@id":"https:\/\/mivoot.com\/gt\/#organization"},"alternateName":"mivoot","potentialAction":[{"@type":"SearchAction","target":{"@type":"EntryPoint","urlTemplate":"https:\/\/mivoot.com\/gt\/?s={search_term_string}"},"query-input":{"@type":"PropertyValueSpecification","valueRequired":true,"valueName":"search_term_string"}}],"inLanguage":"es"},{"@type":"Organization","@id":"https:\/\/mivoot.com\/gt\/#organization","name":"Mivoot Guatemala","alternateName":"mivoot.com","url":"https:\/\/mivoot.com\/gt\/","logo":{"@type":"ImageObject","inLanguage":"es","@id":"https:\/\/mivoot.com\/gt\/#\/schema\/logo\/image\/","url":"https:\/\/mivoot.com\/gt\/wp-content\/uploads\/2023\/03\/cropped-icon.png","contentUrl":"https:\/\/mivoot.com\/gt\/wp-content\/uploads\/2023\/03\/cropped-icon.png","width":512,"height":512,"caption":"Mivoot Guatemala"},"image":{"@id":"https:\/\/mivoot.com\/gt\/#\/schema\/logo\/image\/"},"sameAs":["https:\/\/www.facebook.com\/mivootgt","https:\/\/instagram.com\/mivoot"]}]}},"jetpack_publicize_connections":[],"jetpack_sharing_enabled":true,"brands":[{"id":72,"name":"Nexxt","slug":"nexxt"}],"_links":{"self":[{"href":"https:\/\/mivoot.com\/gt\/wp-json\/wp\/v2\/product\/455","targetHints":{"allow":["GET"]}}],"collection":[{"href":"https:\/\/mivoot.com\/gt\/wp-json\/wp\/v2\/product"}],"about":[{"href":"https:\/\/mivoot.com\/gt\/wp-json\/wp\/v2\/types\/product"}],"replies":[{"embeddable":true,"href":"https:\/\/mivoot.com\/gt\/wp-json\/wp\/v2\/comments?post=455"}],"version-history":[{"count":3,"href":"https:\/\/mivoot.com\/gt\/wp-json\/wp\/v2\/product\/455\/revisions"}],"predecessor-version":[{"id":1761,"href":"https:\/\/mivoot.com\/gt\/wp-json\/wp\/v2\/product\/455\/revisions\/1761"}],"wp:featuredmedia":[{"embeddable":true,"href":"https:\/\/mivoot.com\/gt\/wp-json\/wp\/v2\/media\/1752"}],"wp:attachment":[{"href":"https:\/\/mivoot.com\/gt\/wp-json\/wp\/v2\/media?parent=455"}],"wp:term":[{"taxonomy":"pwb-brand","embeddable":true,"href":"https:\/\/mivoot.com\/gt\/wp-json\/wp\/v2\/pwb-brand?post=455"},{"taxonomy":"product_brand","embeddable":true,"href":"https:\/\/mivoot.com\/gt\/wp-json\/wp\/v2\/product_brand?post=455"},{"taxonomy":"product_cat","embeddable":true,"href":"https:\/\/mivoot.com\/gt\/wp-json\/wp\/v2\/product_cat?post=455"},{"taxonomy":"product_tag","embeddable":true,"href":"https:\/\/mivoot.com\/gt\/wp-json\/wp\/v2\/product_tag?post=455"}],"curies":[{"name":"wp","href":"https:\/\/api.w.org\/{rel}","templated":true}]}}