{"id":461,"date":"2021-03-15T17:44:15","date_gmt":"2021-03-15T17:44:15","guid":{"rendered":"https:\/\/mivoot.com\/gt\/?post_type=product&#038;p=461"},"modified":"2021-03-19T00:40:22","modified_gmt":"2021-03-19T06:40:22","slug":"audifonos-bluetooth-klip-xtreme-khs-620","status":"publish","type":"product","link":"https:\/\/mivoot.com\/gt\/producto\/audifonos-bluetooth-klip-xtreme-khs-620\/","title":{"rendered":"Aud\u00edfonos Bluetooth Klip Xtreme KHS-620"},"content":{"rendered":"\t\t<div data-elementor-type=\"product-post\" data-elementor-id=\"461\" class=\"elementor elementor-461\">\n\t\t\t\t\t\t<section class=\"elementor-section elementor-top-section elementor-element elementor-element-0245b26 elementor-section-boxed elementor-section-height-default elementor-section-height-default\" data-id=\"0245b26\" data-element_type=\"section\">\n\t\t\t\t\t\t<div class=\"elementor-container elementor-column-gap-default\">\n\t\t\t\t\t<div class=\"elementor-column elementor-col-33 elementor-top-column elementor-element elementor-element-6505579\" data-id=\"6505579\" data-element_type=\"column\">\n\t\t\t<div class=\"elementor-widget-wrap elementor-element-populated\">\n\t\t\t\t\t\t<div class=\"elementor-element elementor-element-5c5fafb elementor-widget elementor-widget-text-editor\" data-id=\"5c5fafb\" data-element_type=\"widget\" data-widget_type=\"text-editor.default\">\n\t\t\t\t<div class=\"elementor-widget-container\">\n\t\t\t\t\t\t\t\t\t<div class=\"iconete\"><img decoding=\"async\" class=\"padding15\" title=\"Icon-9hr-audio-playback.jpg\" src=\"https:\/\/www.klipxtreme.com\/media\/Icon-9hr-audio-playback.jpg\" alt=\"Icon-9hr-audio-playback.jpg\" \/><\/div><p class=\"text-l padding15\">9Hr Reproduccion Audio<\/p>\t\t\t\t\t\t\t\t<\/div>\n\t\t\t\t<\/div>\n\t\t\t\t\t<\/div>\n\t\t<\/div>\n\t\t\t\t<div class=\"elementor-column elementor-col-66 elementor-top-column elementor-element elementor-element-e702830\" data-id=\"e702830\" data-element_type=\"column\">\n\t\t\t<div class=\"elementor-widget-wrap elementor-element-populated\">\n\t\t\t\t\t\t<div class=\"elementor-element elementor-element-dcf72ac elementor-widget elementor-widget-image\" data-id=\"dcf72ac\" data-element_type=\"widget\" data-widget_type=\"image.default\">\n\t\t\t\t<div class=\"elementor-widget-container\">\n\t\t\t\t\t\t\t\t\t\t\t\t\t\t\t<img fetchpriority=\"high\" decoding=\"async\" width=\"800\" height=\"800\" src=\"https:\/\/mivoot.com\/gt\/wp-content\/uploads\/2021\/03\/KHS-620-imgico-1.jpg\" class=\"attachment-large size-large wp-image-1268\" alt=\"\" srcset=\"https:\/\/mivoot.com\/gt\/wp-content\/uploads\/2021\/03\/KHS-620-imgico-1.jpg 800w, https:\/\/mivoot.com\/gt\/wp-content\/uploads\/2021\/03\/KHS-620-imgico-1-250x250.jpg 250w, https:\/\/mivoot.com\/gt\/wp-content\/uploads\/2021\/03\/KHS-620-imgico-1-100x100.jpg 100w, https:\/\/mivoot.com\/gt\/wp-content\/uploads\/2021\/03\/KHS-620-imgico-1-410x410.jpg 410w, https:\/\/mivoot.com\/gt\/wp-content\/uploads\/2021\/03\/KHS-620-imgico-1-64x64.jpg 64w, https:\/\/mivoot.com\/gt\/wp-content\/uploads\/2021\/03\/KHS-620-imgico-1-300x300.jpg 300w, https:\/\/mivoot.com\/gt\/wp-content\/uploads\/2021\/03\/KHS-620-imgico-1-150x150.jpg 150w, https:\/\/mivoot.com\/gt\/wp-content\/uploads\/2021\/03\/KHS-620-imgico-1-768x768.jpg 768w\" sizes=\"(max-width: 800px) 100vw, 800px\" \/>\t\t\t\t\t\t\t\t\t\t\t\t\t\t\t<\/div>\n\t\t\t\t<\/div>\n\t\t\t\t\t<\/div>\n\t\t<\/div>\n\t\t\t\t\t<\/div>\n\t\t<\/section>\n\t\t\t\t<section class=\"elementor-section elementor-top-section elementor-element elementor-element-f854792 elementor-section-boxed elementor-section-height-default elementor-section-height-default\" data-id=\"f854792\" data-element_type=\"section\">\n\t\t\t\t\t\t<div class=\"elementor-container elementor-column-gap-default\">\n\t\t\t\t\t<div class=\"elementor-column elementor-col-66 elementor-top-column elementor-element elementor-element-04a452a\" data-id=\"04a452a\" data-element_type=\"column\">\n\t\t\t<div class=\"elementor-widget-wrap elementor-element-populated\">\n\t\t\t\t\t\t<div class=\"elementor-element elementor-element-dc9f296 elementor-widget elementor-widget-image\" data-id=\"dc9f296\" data-element_type=\"widget\" data-widget_type=\"image.default\">\n\t\t\t\t<div class=\"elementor-widget-container\">\n\t\t\t\t\t\t\t\t\t\t\t\t\t\t\t<img decoding=\"async\" width=\"800\" height=\"800\" src=\"https:\/\/mivoot.com\/gt\/wp-content\/uploads\/2021\/03\/KHS-620-imgico-4.jpg\" class=\"attachment-large size-large wp-image-1265\" alt=\"\" srcset=\"https:\/\/mivoot.com\/gt\/wp-content\/uploads\/2021\/03\/KHS-620-imgico-4.jpg 800w, https:\/\/mivoot.com\/gt\/wp-content\/uploads\/2021\/03\/KHS-620-imgico-4-250x250.jpg 250w, https:\/\/mivoot.com\/gt\/wp-content\/uploads\/2021\/03\/KHS-620-imgico-4-100x100.jpg 100w, https:\/\/mivoot.com\/gt\/wp-content\/uploads\/2021\/03\/KHS-620-imgico-4-410x410.jpg 410w, https:\/\/mivoot.com\/gt\/wp-content\/uploads\/2021\/03\/KHS-620-imgico-4-64x64.jpg 64w, https:\/\/mivoot.com\/gt\/wp-content\/uploads\/2021\/03\/KHS-620-imgico-4-300x300.jpg 300w, https:\/\/mivoot.com\/gt\/wp-content\/uploads\/2021\/03\/KHS-620-imgico-4-150x150.jpg 150w, https:\/\/mivoot.com\/gt\/wp-content\/uploads\/2021\/03\/KHS-620-imgico-4-768x768.jpg 768w\" sizes=\"(max-width: 800px) 100vw, 800px\" \/>\t\t\t\t\t\t\t\t\t\t\t\t\t\t\t<\/div>\n\t\t\t\t<\/div>\n\t\t\t\t\t<\/div>\n\t\t<\/div>\n\t\t\t\t<div class=\"elementor-column elementor-col-33 elementor-top-column elementor-element elementor-element-6b642b2\" data-id=\"6b642b2\" data-element_type=\"column\">\n\t\t\t<div class=\"elementor-widget-wrap elementor-element-populated\">\n\t\t\t\t\t\t<div class=\"elementor-element elementor-element-f34f124 elementor-widget elementor-widget-text-editor\" data-id=\"f34f124\" data-element_type=\"widget\" data-widget_type=\"text-editor.default\">\n\t\t\t\t<div class=\"elementor-widget-container\">\n\t\t\t\t\t\t\t\t\t<div class=\"iconete\"><img decoding=\"async\" class=\"padding15\" title=\"Icon-light.png\" src=\"https:\/\/www.klipxtreme.com\/media\/Icon-light.png\" alt=\"Icon-light.png\" \/><\/div><p class=\"text-l padding15\">Dise\u00f1o liviano<\/p>\t\t\t\t\t\t\t\t<\/div>\n\t\t\t\t<\/div>\n\t\t\t\t\t<\/div>\n\t\t<\/div>\n\t\t\t\t\t<\/div>\n\t\t<\/section>\n\t\t\t\t<section class=\"elementor-section elementor-top-section elementor-element elementor-element-b5e2285 elementor-section-boxed elementor-section-height-default elementor-section-height-default\" data-id=\"b5e2285\" data-element_type=\"section\">\n\t\t\t\t\t\t<div class=\"elementor-container elementor-column-gap-default\">\n\t\t\t\t\t<div class=\"elementor-column elementor-col-33 elementor-top-column elementor-element elementor-element-af93fbd\" data-id=\"af93fbd\" data-element_type=\"column\">\n\t\t\t<div class=\"elementor-widget-wrap elementor-element-populated\">\n\t\t\t\t\t\t<div class=\"elementor-element elementor-element-b90b438 elementor-widget elementor-widget-text-editor\" data-id=\"b90b438\" data-element_type=\"widget\" data-widget_type=\"text-editor.default\">\n\t\t\t\t<div class=\"elementor-widget-container\">\n\t\t\t\t\t\t\t\t\t<div class=\"iconete\"><img decoding=\"async\" class=\"padding15\" title=\"Icon-int-mic.png\" src=\"https:\/\/www.klipxtreme.com\/media\/Icon-int-mic.png\" alt=\"Icon-int-mic.png\" \/><\/div><p class=\"text-l padding15\">Micr\u00f3fono integrado<\/p>\t\t\t\t\t\t\t\t<\/div>\n\t\t\t\t<\/div>\n\t\t\t\t\t<\/div>\n\t\t<\/div>\n\t\t\t\t<div class=\"elementor-column elementor-col-66 elementor-top-column elementor-element elementor-element-d175df9\" data-id=\"d175df9\" data-element_type=\"column\">\n\t\t\t<div class=\"elementor-widget-wrap elementor-element-populated\">\n\t\t\t\t\t\t<div class=\"elementor-element elementor-element-2dc9c9d elementor-widget elementor-widget-image\" data-id=\"2dc9c9d\" data-element_type=\"widget\" data-widget_type=\"image.default\">\n\t\t\t\t<div class=\"elementor-widget-container\">\n\t\t\t\t\t\t\t\t\t\t\t\t\t\t\t<img decoding=\"async\" width=\"800\" height=\"800\" src=\"https:\/\/mivoot.com\/gt\/wp-content\/uploads\/2021\/03\/KHS-620-imgico-3.jpg\" class=\"attachment-large size-large wp-image-1270\" alt=\"\" srcset=\"https:\/\/mivoot.com\/gt\/wp-content\/uploads\/2021\/03\/KHS-620-imgico-3.jpg 800w, https:\/\/mivoot.com\/gt\/wp-content\/uploads\/2021\/03\/KHS-620-imgico-3-250x250.jpg 250w, https:\/\/mivoot.com\/gt\/wp-content\/uploads\/2021\/03\/KHS-620-imgico-3-100x100.jpg 100w, https:\/\/mivoot.com\/gt\/wp-content\/uploads\/2021\/03\/KHS-620-imgico-3-410x410.jpg 410w, https:\/\/mivoot.com\/gt\/wp-content\/uploads\/2021\/03\/KHS-620-imgico-3-64x64.jpg 64w, https:\/\/mivoot.com\/gt\/wp-content\/uploads\/2021\/03\/KHS-620-imgico-3-300x300.jpg 300w, https:\/\/mivoot.com\/gt\/wp-content\/uploads\/2021\/03\/KHS-620-imgico-3-150x150.jpg 150w, https:\/\/mivoot.com\/gt\/wp-content\/uploads\/2021\/03\/KHS-620-imgico-3-768x768.jpg 768w\" sizes=\"(max-width: 800px) 100vw, 800px\" \/>\t\t\t\t\t\t\t\t\t\t\t\t\t\t\t<\/div>\n\t\t\t\t<\/div>\n\t\t\t\t\t<\/div>\n\t\t<\/div>\n\t\t\t\t\t<\/div>\n\t\t<\/section>\n\t\t\t\t<section class=\"elementor-section elementor-top-section elementor-element elementor-element-ed449c7 elementor-section-boxed elementor-section-height-default elementor-section-height-default\" data-id=\"ed449c7\" data-element_type=\"section\">\n\t\t\t\t\t\t<div class=\"elementor-container elementor-column-gap-default\">\n\t\t\t\t\t<div class=\"elementor-column elementor-col-66 elementor-top-column elementor-element elementor-element-271348c\" data-id=\"271348c\" data-element_type=\"column\">\n\t\t\t<div class=\"elementor-widget-wrap elementor-element-populated\">\n\t\t\t\t\t\t<div class=\"elementor-element elementor-element-52cb854 elementor-widget elementor-widget-image\" data-id=\"52cb854\" data-element_type=\"widget\" data-widget_type=\"image.default\">\n\t\t\t\t<div class=\"elementor-widget-container\">\n\t\t\t\t\t\t\t\t\t\t\t\t\t\t\t<img loading=\"lazy\" decoding=\"async\" width=\"800\" height=\"800\" src=\"https:\/\/mivoot.com\/gt\/wp-content\/uploads\/2021\/03\/KHS-620-imgico-2.jpg\" class=\"attachment-large size-large wp-image-1269\" alt=\"\" srcset=\"https:\/\/mivoot.com\/gt\/wp-content\/uploads\/2021\/03\/KHS-620-imgico-2.jpg 800w, https:\/\/mivoot.com\/gt\/wp-content\/uploads\/2021\/03\/KHS-620-imgico-2-250x250.jpg 250w, https:\/\/mivoot.com\/gt\/wp-content\/uploads\/2021\/03\/KHS-620-imgico-2-100x100.jpg 100w, https:\/\/mivoot.com\/gt\/wp-content\/uploads\/2021\/03\/KHS-620-imgico-2-410x410.jpg 410w, https:\/\/mivoot.com\/gt\/wp-content\/uploads\/2021\/03\/KHS-620-imgico-2-64x64.jpg 64w, https:\/\/mivoot.com\/gt\/wp-content\/uploads\/2021\/03\/KHS-620-imgico-2-300x300.jpg 300w, https:\/\/mivoot.com\/gt\/wp-content\/uploads\/2021\/03\/KHS-620-imgico-2-150x150.jpg 150w, https:\/\/mivoot.com\/gt\/wp-content\/uploads\/2021\/03\/KHS-620-imgico-2-768x768.jpg 768w\" sizes=\"(max-width: 800px) 100vw, 800px\" \/>\t\t\t\t\t\t\t\t\t\t\t\t\t\t\t<\/div>\n\t\t\t\t<\/div>\n\t\t\t\t\t<\/div>\n\t\t<\/div>\n\t\t\t\t<div class=\"elementor-column elementor-col-33 elementor-top-column elementor-element elementor-element-8a913a8\" data-id=\"8a913a8\" data-element_type=\"column\">\n\t\t\t<div class=\"elementor-widget-wrap elementor-element-populated\">\n\t\t\t\t\t\t<div class=\"elementor-element elementor-element-e2eaf8d elementor-widget elementor-widget-text-editor\" data-id=\"e2eaf8d\" data-element_type=\"widget\" data-widget_type=\"text-editor.default\">\n\t\t\t\t<div class=\"elementor-widget-container\">\n\t\t\t\t\t\t\t\t\t<div class=\"iconete\"><img decoding=\"async\" class=\"padding15\" title=\"Icon-foldable.png\" src=\"https:\/\/www.klipxtreme.com\/media\/Icon-foldable.png\" alt=\"Icon-foldable.png\" \/><\/div><p class=\"text-l padding15\">Dise\u00f1o plegable<\/p>\t\t\t\t\t\t\t\t<\/div>\n\t\t\t\t<\/div>\n\t\t\t\t\t<\/div>\n\t\t<\/div>\n\t\t\t\t\t<\/div>\n\t\t<\/section>\n\t\t\t\t<\/div>\n\t\t","protected":false},"excerpt":{"rendered":"<p>Los aud\u00edfonos KHS-620 con tecnolog\u00eda inal\u00e1mbrica combinan un c\u00f3modo dise\u00f1o con una excelente calidad ac\u00fastica. Se caracterizan por su diadema ergon\u00f3mica y un bot\u00f3n de control integrado en la unidad, para administrar tu m\u00fasica y todas tus llamadas telef\u00f3nicas. El tama\u00f1o compacto de los aud\u00edfonos a la par con un estilo contempor\u00e1neo lo convierten en el compa\u00f1ero ideal para llevarlo contigo al colegio, a la oficina e incluso, de excursi\u00f3n.<\/p>\n<ul>\n<li>Dise\u00f1o liviano y c\u00f3modo que calza c\u00f3modamente sobre los o\u00eddos<\/li>\n<li>Diadema acolchada permite usarlos por per\u00edodos de tiempo prolongados<\/li>\n<li>Plataforma Bluetooth\u00ae, compatible con la mayor\u00eda de los dispositivos m\u00f3viles<\/li>\n<li>Bot\u00f3n multifunci\u00f3n integrado de conexi\u00f3n y tambi\u00e9n para administrar tu m\u00fasica y llamadas telef\u00f3nicas<\/li>\n<li>Micr\u00f3fono omnidireccional<\/li>\n<li>Hasta 9 horas de funcionamiento en modo normal y aproximadamente 30 horas en modo de pausa<\/li>\n<li>Gran movilidad gracias a su dise\u00f1o plegable, compacto y extremadamente liviano<\/li>\n<li>Dotado con un puerto micro-USB para recargar la bater\u00eda<\/li>\n<\/ul>\n","protected":false},"featured_media":1266,"comment_status":"open","ping_status":"closed","template":"","meta":{"jetpack_publicize_message":"","jetpack_publicize_feature_enabled":true,"jetpack_social_post_already_shared":false,"jetpack_social_options":{"image_generator_settings":{"template":"highway","default_image_id":0,"font":"","enabled":false},"version":2}},"pwb-brand":[79],"product_brand":[],"product_cat":[22,23],"product_tag":[24],"class_list":{"0":"post-461","1":"product","2":"type-product","3":"status-publish","4":"has-post-thumbnail","6":"pwb-brand-klip-xtreme","7":"product_cat-audio","8":"product_cat-audifonos-bluetooth","9":"product_tag-klip-xtreme","11":"first","12":"instock","13":"taxable","14":"shipping-taxable","15":"purchasable","16":"product-type-variable"},"yoast_head":"<!-- This site is optimized with the Yoast SEO Premium plugin v25.7.1 (Yoast SEO v26.8) - https:\/\/yoast.com\/product\/yoast-seo-premium-wordpress\/ -->\n<title>Aud\u00edfonos Bluetooth Klip Xtreme KHS-620 - Mivoot<\/title>\n<meta name=\"robots\" content=\"index, follow, max-snippet:-1, max-image-preview:large, max-video-preview:-1\" \/>\n<link rel=\"canonical\" href=\"https:\/\/mivoot.com\/gt\/producto\/audifonos-bluetooth-klip-xtreme-khs-620\/\" \/>\n<meta property=\"og:locale\" content=\"es_ES\" \/>\n<meta property=\"og:type\" content=\"article\" \/>\n<meta property=\"og:title\" content=\"Aud\u00edfonos Bluetooth Klip Xtreme KHS-620\" \/>\n<meta property=\"og:description\" content=\"Los aud\u00edfonos KHS-620 con tecnolog\u00eda inal\u00e1mbrica combinan un c\u00f3modo dise\u00f1o con una excelente calidad ac\u00fastica. Se caracterizan por su diadema ergon\u00f3mica y un bot\u00f3n de control integrado en la unidad, para administrar tu m\u00fasica y todas tus llamadas telef\u00f3nicas. El tama\u00f1o compacto de los aud\u00edfonos a la par con un estilo contempor\u00e1neo lo convierten en el compa\u00f1ero ideal para llevarlo contigo al colegio, a la oficina e incluso, de excursi\u00f3n.   Dise\u00f1o liviano y c\u00f3modo que calza c\u00f3modamente sobre los o\u00eddos  Diadema acolchada permite usarlos por per\u00edodos de tiempo prolongados  Plataforma Bluetooth\u00ae, compatible con la mayor\u00eda de los dispositivos m\u00f3viles  Bot\u00f3n multifunci\u00f3n integrado de conexi\u00f3n y tambi\u00e9n para administrar tu m\u00fasica y llamadas telef\u00f3nicas  Micr\u00f3fono omnidireccional  Hasta 9 horas de funcionamiento en modo normal y aproximadamente 30 horas en modo de pausa  Gran movilidad gracias a su dise\u00f1o plegable, compacto y extremadamente liviano  Dotado con un puerto micro-USB para recargar la bater\u00eda\" \/>\n<meta property=\"og:url\" content=\"https:\/\/mivoot.com\/gt\/producto\/audifonos-bluetooth-klip-xtreme-khs-620\/\" \/>\n<meta property=\"og:site_name\" content=\"Mivoot\" \/>\n<meta property=\"article:publisher\" content=\"https:\/\/www.facebook.com\/mivootgt\" \/>\n<meta property=\"article:modified_time\" content=\"2021-03-19T06:40:22+00:00\" \/>\n<meta property=\"og:image\" content=\"https:\/\/mivoot.com\/gt\/wp-content\/uploads\/2021\/03\/KHS-620BK-01.jpg\" \/>\n\t<meta property=\"og:image:width\" content=\"800\" \/>\n\t<meta property=\"og:image:height\" content=\"800\" \/>\n\t<meta property=\"og:image:type\" content=\"image\/jpeg\" \/>\n<meta name=\"twitter:card\" content=\"summary_large_image\" \/>\n<script type=\"application\/ld+json\" class=\"yoast-schema-graph\">{\"@context\":\"https:\/\/schema.org\",\"@graph\":[{\"@type\":\"WebPage\",\"@id\":\"https:\/\/mivoot.com\/gt\/producto\/audifonos-bluetooth-klip-xtreme-khs-620\/\",\"url\":\"https:\/\/mivoot.com\/gt\/producto\/audifonos-bluetooth-klip-xtreme-khs-620\/\",\"name\":\"Aud\u00edfonos Bluetooth Klip Xtreme KHS-620 - Mivoot\",\"isPartOf\":{\"@id\":\"https:\/\/mivoot.com\/gt\/#website\"},\"primaryImageOfPage\":{\"@id\":\"https:\/\/mivoot.com\/gt\/producto\/audifonos-bluetooth-klip-xtreme-khs-620\/#primaryimage\"},\"image\":{\"@id\":\"https:\/\/mivoot.com\/gt\/producto\/audifonos-bluetooth-klip-xtreme-khs-620\/#primaryimage\"},\"thumbnailUrl\":\"https:\/\/mivoot.com\/gt\/wp-content\/uploads\/2021\/03\/KHS-620BK-01.jpg\",\"datePublished\":\"2021-03-15T17:44:15+00:00\",\"dateModified\":\"2021-03-19T06:40:22+00:00\",\"breadcrumb\":{\"@id\":\"https:\/\/mivoot.com\/gt\/producto\/audifonos-bluetooth-klip-xtreme-khs-620\/#breadcrumb\"},\"inLanguage\":\"es\",\"potentialAction\":[{\"@type\":\"ReadAction\",\"target\":[\"https:\/\/mivoot.com\/gt\/producto\/audifonos-bluetooth-klip-xtreme-khs-620\/\"]}]},{\"@type\":\"ImageObject\",\"inLanguage\":\"es\",\"@id\":\"https:\/\/mivoot.com\/gt\/producto\/audifonos-bluetooth-klip-xtreme-khs-620\/#primaryimage\",\"url\":\"https:\/\/mivoot.com\/gt\/wp-content\/uploads\/2021\/03\/KHS-620BK-01.jpg\",\"contentUrl\":\"https:\/\/mivoot.com\/gt\/wp-content\/uploads\/2021\/03\/KHS-620BK-01.jpg\",\"width\":800,\"height\":800},{\"@type\":\"BreadcrumbList\",\"@id\":\"https:\/\/mivoot.com\/gt\/producto\/audifonos-bluetooth-klip-xtreme-khs-620\/#breadcrumb\",\"itemListElement\":[{\"@type\":\"ListItem\",\"position\":1,\"name\":\"Inicio\",\"item\":\"https:\/\/mivoot.com\/gt\/\"},{\"@type\":\"ListItem\",\"position\":2,\"name\":\"Productos\",\"item\":\"https:\/\/mivoot.com\/gt\/producto\/\"},{\"@type\":\"ListItem\",\"position\":3,\"name\":\"Klip Xtreme\",\"item\":\"https:\/\/mivoot.com\/gt\/marca\/klip-xtreme\/\"},{\"@type\":\"ListItem\",\"position\":4,\"name\":\"Aud\u00edfonos Bluetooth Klip Xtreme KHS-620\"}]},{\"@type\":\"WebSite\",\"@id\":\"https:\/\/mivoot.com\/gt\/#website\",\"url\":\"https:\/\/mivoot.com\/gt\/\",\"name\":\"Mivoot\",\"description\":\"Mivoot Guatemala | Tienda Online\",\"publisher\":{\"@id\":\"https:\/\/mivoot.com\/gt\/#organization\"},\"alternateName\":\"mivoot\",\"potentialAction\":[{\"@type\":\"SearchAction\",\"target\":{\"@type\":\"EntryPoint\",\"urlTemplate\":\"https:\/\/mivoot.com\/gt\/?s={search_term_string}\"},\"query-input\":{\"@type\":\"PropertyValueSpecification\",\"valueRequired\":true,\"valueName\":\"search_term_string\"}}],\"inLanguage\":\"es\"},{\"@type\":\"Organization\",\"@id\":\"https:\/\/mivoot.com\/gt\/#organization\",\"name\":\"Mivoot Guatemala\",\"alternateName\":\"mivoot.com\",\"url\":\"https:\/\/mivoot.com\/gt\/\",\"logo\":{\"@type\":\"ImageObject\",\"inLanguage\":\"es\",\"@id\":\"https:\/\/mivoot.com\/gt\/#\/schema\/logo\/image\/\",\"url\":\"https:\/\/mivoot.com\/gt\/wp-content\/uploads\/2023\/03\/cropped-icon.png\",\"contentUrl\":\"https:\/\/mivoot.com\/gt\/wp-content\/uploads\/2023\/03\/cropped-icon.png\",\"width\":512,\"height\":512,\"caption\":\"Mivoot Guatemala\"},\"image\":{\"@id\":\"https:\/\/mivoot.com\/gt\/#\/schema\/logo\/image\/\"},\"sameAs\":[\"https:\/\/www.facebook.com\/mivootgt\",\"https:\/\/instagram.com\/mivoot\"]}]}<\/script>\n<!-- \/ Yoast SEO Premium plugin. -->","yoast_head_json":{"title":"Aud\u00edfonos Bluetooth Klip Xtreme KHS-620 - Mivoot","robots":{"index":"index","follow":"follow","max-snippet":"max-snippet:-1","max-image-preview":"max-image-preview:large","max-video-preview":"max-video-preview:-1"},"canonical":"https:\/\/mivoot.com\/gt\/producto\/audifonos-bluetooth-klip-xtreme-khs-620\/","og_locale":"es_ES","og_type":"article","og_title":"Aud\u00edfonos Bluetooth Klip Xtreme KHS-620","og_description":"Los aud\u00edfonos KHS-620 con tecnolog\u00eda inal\u00e1mbrica combinan un c\u00f3modo dise\u00f1o con una excelente calidad ac\u00fastica. Se caracterizan por su diadema ergon\u00f3mica y un bot\u00f3n de control integrado en la unidad, para administrar tu m\u00fasica y todas tus llamadas telef\u00f3nicas. El tama\u00f1o compacto de los aud\u00edfonos a la par con un estilo contempor\u00e1neo lo convierten en el compa\u00f1ero ideal para llevarlo contigo al colegio, a la oficina e incluso, de excursi\u00f3n.   Dise\u00f1o liviano y c\u00f3modo que calza c\u00f3modamente sobre los o\u00eddos  Diadema acolchada permite usarlos por per\u00edodos de tiempo prolongados  Plataforma Bluetooth\u00ae, compatible con la mayor\u00eda de los dispositivos m\u00f3viles  Bot\u00f3n multifunci\u00f3n integrado de conexi\u00f3n y tambi\u00e9n para administrar tu m\u00fasica y llamadas telef\u00f3nicas  Micr\u00f3fono omnidireccional  Hasta 9 horas de funcionamiento en modo normal y aproximadamente 30 horas en modo de pausa  Gran movilidad gracias a su dise\u00f1o plegable, compacto y extremadamente liviano  Dotado con un puerto micro-USB para recargar la bater\u00eda","og_url":"https:\/\/mivoot.com\/gt\/producto\/audifonos-bluetooth-klip-xtreme-khs-620\/","og_site_name":"Mivoot","article_publisher":"https:\/\/www.facebook.com\/mivootgt","article_modified_time":"2021-03-19T06:40:22+00:00","og_image":[{"width":800,"height":800,"url":"https:\/\/mivoot.com\/gt\/wp-content\/uploads\/2021\/03\/KHS-620BK-01.jpg","type":"image\/jpeg"}],"twitter_card":"summary_large_image","schema":{"@context":"https:\/\/schema.org","@graph":[{"@type":"WebPage","@id":"https:\/\/mivoot.com\/gt\/producto\/audifonos-bluetooth-klip-xtreme-khs-620\/","url":"https:\/\/mivoot.com\/gt\/producto\/audifonos-bluetooth-klip-xtreme-khs-620\/","name":"Aud\u00edfonos Bluetooth Klip Xtreme KHS-620 - Mivoot","isPartOf":{"@id":"https:\/\/mivoot.com\/gt\/#website"},"primaryImageOfPage":{"@id":"https:\/\/mivoot.com\/gt\/producto\/audifonos-bluetooth-klip-xtreme-khs-620\/#primaryimage"},"image":{"@id":"https:\/\/mivoot.com\/gt\/producto\/audifonos-bluetooth-klip-xtreme-khs-620\/#primaryimage"},"thumbnailUrl":"https:\/\/mivoot.com\/gt\/wp-content\/uploads\/2021\/03\/KHS-620BK-01.jpg","datePublished":"2021-03-15T17:44:15+00:00","dateModified":"2021-03-19T06:40:22+00:00","breadcrumb":{"@id":"https:\/\/mivoot.com\/gt\/producto\/audifonos-bluetooth-klip-xtreme-khs-620\/#breadcrumb"},"inLanguage":"es","potentialAction":[{"@type":"ReadAction","target":["https:\/\/mivoot.com\/gt\/producto\/audifonos-bluetooth-klip-xtreme-khs-620\/"]}]},{"@type":"ImageObject","inLanguage":"es","@id":"https:\/\/mivoot.com\/gt\/producto\/audifonos-bluetooth-klip-xtreme-khs-620\/#primaryimage","url":"https:\/\/mivoot.com\/gt\/wp-content\/uploads\/2021\/03\/KHS-620BK-01.jpg","contentUrl":"https:\/\/mivoot.com\/gt\/wp-content\/uploads\/2021\/03\/KHS-620BK-01.jpg","width":800,"height":800},{"@type":"BreadcrumbList","@id":"https:\/\/mivoot.com\/gt\/producto\/audifonos-bluetooth-klip-xtreme-khs-620\/#breadcrumb","itemListElement":[{"@type":"ListItem","position":1,"name":"Inicio","item":"https:\/\/mivoot.com\/gt\/"},{"@type":"ListItem","position":2,"name":"Productos","item":"https:\/\/mivoot.com\/gt\/producto\/"},{"@type":"ListItem","position":3,"name":"Klip Xtreme","item":"https:\/\/mivoot.com\/gt\/marca\/klip-xtreme\/"},{"@type":"ListItem","position":4,"name":"Aud\u00edfonos Bluetooth Klip Xtreme KHS-620"}]},{"@type":"WebSite","@id":"https:\/\/mivoot.com\/gt\/#website","url":"https:\/\/mivoot.com\/gt\/","name":"Mivoot","description":"Mivoot Guatemala | Tienda Online","publisher":{"@id":"https:\/\/mivoot.com\/gt\/#organization"},"alternateName":"mivoot","potentialAction":[{"@type":"SearchAction","target":{"@type":"EntryPoint","urlTemplate":"https:\/\/mivoot.com\/gt\/?s={search_term_string}"},"query-input":{"@type":"PropertyValueSpecification","valueRequired":true,"valueName":"search_term_string"}}],"inLanguage":"es"},{"@type":"Organization","@id":"https:\/\/mivoot.com\/gt\/#organization","name":"Mivoot Guatemala","alternateName":"mivoot.com","url":"https:\/\/mivoot.com\/gt\/","logo":{"@type":"ImageObject","inLanguage":"es","@id":"https:\/\/mivoot.com\/gt\/#\/schema\/logo\/image\/","url":"https:\/\/mivoot.com\/gt\/wp-content\/uploads\/2023\/03\/cropped-icon.png","contentUrl":"https:\/\/mivoot.com\/gt\/wp-content\/uploads\/2023\/03\/cropped-icon.png","width":512,"height":512,"caption":"Mivoot Guatemala"},"image":{"@id":"https:\/\/mivoot.com\/gt\/#\/schema\/logo\/image\/"},"sameAs":["https:\/\/www.facebook.com\/mivootgt","https:\/\/instagram.com\/mivoot"]}]}},"jetpack_publicize_connections":[],"jetpack_sharing_enabled":true,"brands":[{"id":79,"name":"Klip Xtreme","slug":"klip-xtreme"}],"_links":{"self":[{"href":"https:\/\/mivoot.com\/gt\/wp-json\/wp\/v2\/product\/461","targetHints":{"allow":["GET"]}}],"collection":[{"href":"https:\/\/mivoot.com\/gt\/wp-json\/wp\/v2\/product"}],"about":[{"href":"https:\/\/mivoot.com\/gt\/wp-json\/wp\/v2\/types\/product"}],"replies":[{"embeddable":true,"href":"https:\/\/mivoot.com\/gt\/wp-json\/wp\/v2\/comments?post=461"}],"version-history":[{"count":6,"href":"https:\/\/mivoot.com\/gt\/wp-json\/wp\/v2\/product\/461\/revisions"}],"predecessor-version":[{"id":1345,"href":"https:\/\/mivoot.com\/gt\/wp-json\/wp\/v2\/product\/461\/revisions\/1345"}],"wp:featuredmedia":[{"embeddable":true,"href":"https:\/\/mivoot.com\/gt\/wp-json\/wp\/v2\/media\/1266"}],"wp:attachment":[{"href":"https:\/\/mivoot.com\/gt\/wp-json\/wp\/v2\/media?parent=461"}],"wp:term":[{"taxonomy":"pwb-brand","embeddable":true,"href":"https:\/\/mivoot.com\/gt\/wp-json\/wp\/v2\/pwb-brand?post=461"},{"taxonomy":"product_brand","embeddable":true,"href":"https:\/\/mivoot.com\/gt\/wp-json\/wp\/v2\/product_brand?post=461"},{"taxonomy":"product_cat","embeddable":true,"href":"https:\/\/mivoot.com\/gt\/wp-json\/wp\/v2\/product_cat?post=461"},{"taxonomy":"product_tag","embeddable":true,"href":"https:\/\/mivoot.com\/gt\/wp-json\/wp\/v2\/product_tag?post=461"}],"curies":[{"name":"wp","href":"https:\/\/api.w.org\/{rel}","templated":true}]}}