{"id":4611,"date":"2021-08-04T21:45:39","date_gmt":"2021-08-05T03:45:39","guid":{"rendered":"https:\/\/mivoot.com\/gt\/?post_type=product&#038;p=4611"},"modified":"2021-08-04T21:47:09","modified_gmt":"2021-08-05T03:47:09","slug":"unidad-ssd-1tb-m-2-2280-mushking-pcie-nvme-gen3","status":"publish","type":"product","link":"https:\/\/mivoot.com\/gt\/producto\/unidad-ssd-1tb-m-2-2280-mushking-pcie-nvme-gen3\/","title":{"rendered":"Unidad SSD 1TB M.2 2280 Mushking PCIe NVMe Gen3"},"content":{"rendered":"<p><img decoding=\"async\" class=\" block-image-ads hero-image\" src=\"https:\/\/cdn.mos.cms.futurecdn.net\/FGktjdY8Bv7Nb7FT56d2ob-480-80.jpg\" sizes=\"(min-width: 1000px) 920px, (min-width: 575px) calc(100vw - 40px), 100vw\" srcset=\"https:\/\/cdn.mos.cms.futurecdn.net\/FGktjdY8Bv7Nb7FT56d2ob-480-80.jpg 480w, https:\/\/cdn.mos.cms.futurecdn.net\/FGktjdY8Bv7Nb7FT56d2ob-768-80.jpg 768w, https:\/\/cdn.mos.cms.futurecdn.net\/FGktjdY8Bv7Nb7FT56d2ob-970-80.jpg 970w, https:\/\/cdn.mos.cms.futurecdn.net\/FGktjdY8Bv7Nb7FT56d2ob-1024-80.jpg 1024w, https:\/\/cdn.mos.cms.futurecdn.net\/FGktjdY8Bv7Nb7FT56d2ob-1200-80.jpg 1200w\" alt=\"\" data-original-mos=\"https:\/\/cdn.mos.cms.futurecdn.net\/FGktjdY8Bv7Nb7FT56d2ob.jpg\" data-pin-media=\"https:\/\/cdn.mos.cms.futurecdn.net\/FGktjdY8Bv7Nb7FT56d2ob.jpg\" data-pin-nopin=\"true\" \/><\/p>\n<p>Helix-L de Mushkin est\u00e1 clasificado para velocidades de hasta 2,1 GBps de lectura y 1,7 GBps de escritura a la capacidad m\u00e1s alta (1 TB).\u00a0Sin embargo, el rendimiento sufre un ligero impacto cuando se mira el modelo de 250 GB.\u00a0Ese modelo solo tiene una clasificaci\u00f3n de 2 GBps de lectura y 1,25 GBps de escritura.\u00a0A\u00fan as\u00ed, eso es mucho m\u00e1s alto que cualquier SSD SATA.\u00a0El rendimiento de 4K aleatorio est\u00e1 clasificado para hasta 240.000 \/ 260.000 IOPS de lectura \/ escritura.\u00a0El modelo de 250GB nuevamente tiene una calificaci\u00f3n ligeramente m\u00e1s baja, con hasta 200,000 IOPS de lectura.<\/p>\n<p>Mushkin no proporciona al usuario final una caja de herramientas SSD como soporte.\u00a0Pero por m\u00e1s agradable que sea tener esa caracter\u00edstica, en realidad no es una necesidad.\u00a0Existe una gran cantidad de software gratuito que puede cubrir las principales necesidades de clonaci\u00f3n y monitoreo.\u00a0Sin embargo, obtienes una calcoman\u00eda de caja mejorada de Mushkin en la caja..<\/p>\n<table id=\"productDetails_techSpec_section_2\" class=\"a-keyvalue prodDetTable\" role=\"presentation\">\n<tbody>\n<tr>\n<th class=\"a-color-secondary a-size-base prodDetSectionEntry\">Brand<\/th>\n<td class=\"a-size-base prodDetAttrValue\">\u200eMushkin<\/td>\n<\/tr>\n<tr>\n<th class=\"a-color-secondary a-size-base prodDetSectionEntry\">N\u00famero de modelo del producto<\/th>\n<td class=\"a-size-base prodDetAttrValue\">\u200eMKNSSDHL1TB-D8<\/td>\n<\/tr>\n<tr>\n<th class=\"a-color-secondary a-size-base prodDetSectionEntry\">Plataforma de hardware<\/th>\n<td class=\"a-size-base prodDetAttrValue\">\u200ePC \/ Mac \/ Linux<\/td>\n<\/tr>\n<tr>\n<th class=\"a-color-secondary a-size-base prodDetSectionEntry\">Peso del producto<\/th>\n<td class=\"a-size-base prodDetAttrValue\">\u200e0.247 onzas<\/td>\n<\/tr>\n<tr>\n<th class=\"a-color-secondary a-size-base prodDetSectionEntry\">Dimensiones del producto<\/th>\n<td class=\"a-size-base prodDetAttrValue\">\u200e3.15 x 0.87 x 0.15 pulgadas<\/td>\n<\/tr>\n<tr>\n<th class=\"a-color-secondary a-size-base prodDetSectionEntry\">Dimensiones del art\u00edculo Largo x Ancho x Altura<\/th>\n<td class=\"a-size-base prodDetAttrValue\">\u200e3.15 x 0.87 x 0.15 pulgadas<\/td>\n<\/tr>\n<tr>\n<th class=\"a-color-secondary a-size-base prodDetSectionEntry\">Tama\u00f1o de memoria flash<\/th>\n<td class=\"a-size-base prodDetAttrValue\">\u200e1 TB<\/td>\n<\/tr>\n<tr>\n<th class=\"a-color-secondary a-size-base prodDetSectionEntry\">Interfaz de la unidad de disco duro<\/th>\n<td class=\"a-size-base prodDetAttrValue\">\u200ePCI Express x8<\/td>\n<\/tr>\n<tr>\n<th class=\"a-color-secondary a-size-base prodDetSectionEntry\">Fabricante<\/th>\n<td class=\"a-size-base prodDetAttrValue\">\u200eMushkin Enhanced<\/td>\n<\/tr>\n<\/tbody>\n<\/table>\n","protected":false},"excerpt":{"rendered":"<ul>\n<li>1TB M.2 (2280) PCIe Gen.3 x4 NVM Express 1.3 SSD<\/li>\n<li>Compatibilidad: ordenador de sobremesa \/ port\u00e1til<\/li>\n<li>Lectura m\u00e1xima: 2110 MB\/s.<\/li>\n<li>Escritura m\u00e1xima: 1700 MB\/s<\/li>\n<li>Controlador de movimiento de silicona: SMI SM2263XT<\/li>\n<\/ul>\n","protected":false},"featured_media":4613,"comment_status":"open","ping_status":"closed","template":"","meta":{"jetpack_publicize_message":"","jetpack_publicize_feature_enabled":true,"jetpack_social_post_already_shared":false,"jetpack_social_options":{"image_generator_settings":{"template":"highway","default_image_id":0,"font":"","enabled":false},"version":2}},"pwb-brand":[171],"product_brand":[],"product_cat":[161],"product_tag":[],"class_list":{"0":"post-4611","1":"product","2":"type-product","3":"status-publish","4":"has-post-thumbnail","6":"pwb-brand-mushkin","7":"product_cat-unidad-ssd-m-2","9":"first","10":"instock","11":"taxable","12":"shipping-taxable","13":"purchasable","14":"product-type-simple"},"yoast_head":"<!-- This site is optimized with the Yoast SEO Premium plugin v25.7.1 (Yoast SEO v26.8) - https:\/\/yoast.com\/product\/yoast-seo-premium-wordpress\/ -->\n<title>Unidad SSD 1TB M.2 2280 Mushking PCIe NVMe Gen3 - Mivoot<\/title>\n<meta name=\"robots\" content=\"index, follow, max-snippet:-1, max-image-preview:large, max-video-preview:-1\" \/>\n<link rel=\"canonical\" href=\"https:\/\/mivoot.com\/gt\/producto\/unidad-ssd-1tb-m-2-2280-mushking-pcie-nvme-gen3\/\" \/>\n<meta property=\"og:locale\" content=\"es_ES\" \/>\n<meta property=\"og:type\" content=\"article\" \/>\n<meta property=\"og:title\" content=\"Unidad SSD 1TB M.2 2280 Mushking PCIe NVMe Gen3\" \/>\n<meta property=\"og:description\" content=\"1TB M.2 (2280) PCIe Gen.3 x4 NVM Express 1.3 SSD  Compatibilidad: ordenador de sobremesa \/ port\u00e1til  Lectura m\u00e1xima: 2110 MB\/s.  Escritura m\u00e1xima: 1700 MB\/s  Controlador de movimiento de silicona: SMI SM2263XT\" \/>\n<meta property=\"og:url\" content=\"https:\/\/mivoot.com\/gt\/producto\/unidad-ssd-1tb-m-2-2280-mushking-pcie-nvme-gen3\/\" \/>\n<meta property=\"og:site_name\" content=\"Mivoot\" \/>\n<meta property=\"article:publisher\" content=\"https:\/\/www.facebook.com\/mivootgt\" \/>\n<meta property=\"article:modified_time\" content=\"2021-08-05T03:47:09+00:00\" \/>\n<meta property=\"og:image\" content=\"https:\/\/mivoot.com\/gt\/wp-content\/uploads\/2021\/08\/image-2.jpg\" \/>\n\t<meta property=\"og:image:width\" content=\"800\" \/>\n\t<meta property=\"og:image:height\" content=\"800\" \/>\n\t<meta property=\"og:image:type\" content=\"image\/jpeg\" \/>\n<meta name=\"twitter:card\" content=\"summary_large_image\" \/>\n<meta name=\"twitter:label1\" content=\"Est. reading time\" \/>\n\t<meta name=\"twitter:data1\" content=\"1 minuto\" \/>\n<script type=\"application\/ld+json\" class=\"yoast-schema-graph\">{\"@context\":\"https:\/\/schema.org\",\"@graph\":[{\"@type\":\"WebPage\",\"@id\":\"https:\/\/mivoot.com\/gt\/producto\/unidad-ssd-1tb-m-2-2280-mushking-pcie-nvme-gen3\/\",\"url\":\"https:\/\/mivoot.com\/gt\/producto\/unidad-ssd-1tb-m-2-2280-mushking-pcie-nvme-gen3\/\",\"name\":\"Unidad SSD 1TB M.2 2280 Mushking PCIe NVMe Gen3 - Mivoot\",\"isPartOf\":{\"@id\":\"https:\/\/mivoot.com\/gt\/#website\"},\"primaryImageOfPage\":{\"@id\":\"https:\/\/mivoot.com\/gt\/producto\/unidad-ssd-1tb-m-2-2280-mushking-pcie-nvme-gen3\/#primaryimage\"},\"image\":{\"@id\":\"https:\/\/mivoot.com\/gt\/producto\/unidad-ssd-1tb-m-2-2280-mushking-pcie-nvme-gen3\/#primaryimage\"},\"thumbnailUrl\":\"https:\/\/mivoot.com\/gt\/wp-content\/uploads\/2021\/08\/image-2.jpg\",\"datePublished\":\"2021-08-05T03:45:39+00:00\",\"dateModified\":\"2021-08-05T03:47:09+00:00\",\"breadcrumb\":{\"@id\":\"https:\/\/mivoot.com\/gt\/producto\/unidad-ssd-1tb-m-2-2280-mushking-pcie-nvme-gen3\/#breadcrumb\"},\"inLanguage\":\"es\",\"potentialAction\":[{\"@type\":\"ReadAction\",\"target\":[\"https:\/\/mivoot.com\/gt\/producto\/unidad-ssd-1tb-m-2-2280-mushking-pcie-nvme-gen3\/\"]}]},{\"@type\":\"ImageObject\",\"inLanguage\":\"es\",\"@id\":\"https:\/\/mivoot.com\/gt\/producto\/unidad-ssd-1tb-m-2-2280-mushking-pcie-nvme-gen3\/#primaryimage\",\"url\":\"https:\/\/mivoot.com\/gt\/wp-content\/uploads\/2021\/08\/image-2.jpg\",\"contentUrl\":\"https:\/\/mivoot.com\/gt\/wp-content\/uploads\/2021\/08\/image-2.jpg\",\"width\":800,\"height\":800},{\"@type\":\"BreadcrumbList\",\"@id\":\"https:\/\/mivoot.com\/gt\/producto\/unidad-ssd-1tb-m-2-2280-mushking-pcie-nvme-gen3\/#breadcrumb\",\"itemListElement\":[{\"@type\":\"ListItem\",\"position\":1,\"name\":\"Inicio\",\"item\":\"https:\/\/mivoot.com\/gt\/\"},{\"@type\":\"ListItem\",\"position\":2,\"name\":\"Productos\",\"item\":\"https:\/\/mivoot.com\/gt\/producto\/\"},{\"@type\":\"ListItem\",\"position\":3,\"name\":\"Mushkin\",\"item\":\"https:\/\/mivoot.com\/gt\/marca\/mushkin\/\"},{\"@type\":\"ListItem\",\"position\":4,\"name\":\"Unidad SSD 1TB M.2 2280 Mushking PCIe NVMe Gen3\"}]},{\"@type\":\"WebSite\",\"@id\":\"https:\/\/mivoot.com\/gt\/#website\",\"url\":\"https:\/\/mivoot.com\/gt\/\",\"name\":\"Mivoot\",\"description\":\"Mivoot Guatemala | Tienda Online\",\"publisher\":{\"@id\":\"https:\/\/mivoot.com\/gt\/#organization\"},\"alternateName\":\"mivoot\",\"potentialAction\":[{\"@type\":\"SearchAction\",\"target\":{\"@type\":\"EntryPoint\",\"urlTemplate\":\"https:\/\/mivoot.com\/gt\/?s={search_term_string}\"},\"query-input\":{\"@type\":\"PropertyValueSpecification\",\"valueRequired\":true,\"valueName\":\"search_term_string\"}}],\"inLanguage\":\"es\"},{\"@type\":\"Organization\",\"@id\":\"https:\/\/mivoot.com\/gt\/#organization\",\"name\":\"Mivoot Guatemala\",\"alternateName\":\"mivoot.com\",\"url\":\"https:\/\/mivoot.com\/gt\/\",\"logo\":{\"@type\":\"ImageObject\",\"inLanguage\":\"es\",\"@id\":\"https:\/\/mivoot.com\/gt\/#\/schema\/logo\/image\/\",\"url\":\"https:\/\/mivoot.com\/gt\/wp-content\/uploads\/2023\/03\/cropped-icon.png\",\"contentUrl\":\"https:\/\/mivoot.com\/gt\/wp-content\/uploads\/2023\/03\/cropped-icon.png\",\"width\":512,\"height\":512,\"caption\":\"Mivoot Guatemala\"},\"image\":{\"@id\":\"https:\/\/mivoot.com\/gt\/#\/schema\/logo\/image\/\"},\"sameAs\":[\"https:\/\/www.facebook.com\/mivootgt\",\"https:\/\/instagram.com\/mivoot\"]}]}<\/script>\n<!-- \/ Yoast SEO Premium plugin. -->","yoast_head_json":{"title":"Unidad SSD 1TB M.2 2280 Mushking PCIe NVMe Gen3 - Mivoot","robots":{"index":"index","follow":"follow","max-snippet":"max-snippet:-1","max-image-preview":"max-image-preview:large","max-video-preview":"max-video-preview:-1"},"canonical":"https:\/\/mivoot.com\/gt\/producto\/unidad-ssd-1tb-m-2-2280-mushking-pcie-nvme-gen3\/","og_locale":"es_ES","og_type":"article","og_title":"Unidad SSD 1TB M.2 2280 Mushking PCIe NVMe Gen3","og_description":"1TB M.2 (2280) PCIe Gen.3 x4 NVM Express 1.3 SSD  Compatibilidad: ordenador de sobremesa \/ port\u00e1til  Lectura m\u00e1xima: 2110 MB\/s.  Escritura m\u00e1xima: 1700 MB\/s  Controlador de movimiento de silicona: SMI SM2263XT","og_url":"https:\/\/mivoot.com\/gt\/producto\/unidad-ssd-1tb-m-2-2280-mushking-pcie-nvme-gen3\/","og_site_name":"Mivoot","article_publisher":"https:\/\/www.facebook.com\/mivootgt","article_modified_time":"2021-08-05T03:47:09+00:00","og_image":[{"width":800,"height":800,"url":"https:\/\/mivoot.com\/gt\/wp-content\/uploads\/2021\/08\/image-2.jpg","type":"image\/jpeg"}],"twitter_card":"summary_large_image","twitter_misc":{"Est. reading time":"1 minuto"},"schema":{"@context":"https:\/\/schema.org","@graph":[{"@type":"WebPage","@id":"https:\/\/mivoot.com\/gt\/producto\/unidad-ssd-1tb-m-2-2280-mushking-pcie-nvme-gen3\/","url":"https:\/\/mivoot.com\/gt\/producto\/unidad-ssd-1tb-m-2-2280-mushking-pcie-nvme-gen3\/","name":"Unidad SSD 1TB M.2 2280 Mushking PCIe NVMe Gen3 - Mivoot","isPartOf":{"@id":"https:\/\/mivoot.com\/gt\/#website"},"primaryImageOfPage":{"@id":"https:\/\/mivoot.com\/gt\/producto\/unidad-ssd-1tb-m-2-2280-mushking-pcie-nvme-gen3\/#primaryimage"},"image":{"@id":"https:\/\/mivoot.com\/gt\/producto\/unidad-ssd-1tb-m-2-2280-mushking-pcie-nvme-gen3\/#primaryimage"},"thumbnailUrl":"https:\/\/mivoot.com\/gt\/wp-content\/uploads\/2021\/08\/image-2.jpg","datePublished":"2021-08-05T03:45:39+00:00","dateModified":"2021-08-05T03:47:09+00:00","breadcrumb":{"@id":"https:\/\/mivoot.com\/gt\/producto\/unidad-ssd-1tb-m-2-2280-mushking-pcie-nvme-gen3\/#breadcrumb"},"inLanguage":"es","potentialAction":[{"@type":"ReadAction","target":["https:\/\/mivoot.com\/gt\/producto\/unidad-ssd-1tb-m-2-2280-mushking-pcie-nvme-gen3\/"]}]},{"@type":"ImageObject","inLanguage":"es","@id":"https:\/\/mivoot.com\/gt\/producto\/unidad-ssd-1tb-m-2-2280-mushking-pcie-nvme-gen3\/#primaryimage","url":"https:\/\/mivoot.com\/gt\/wp-content\/uploads\/2021\/08\/image-2.jpg","contentUrl":"https:\/\/mivoot.com\/gt\/wp-content\/uploads\/2021\/08\/image-2.jpg","width":800,"height":800},{"@type":"BreadcrumbList","@id":"https:\/\/mivoot.com\/gt\/producto\/unidad-ssd-1tb-m-2-2280-mushking-pcie-nvme-gen3\/#breadcrumb","itemListElement":[{"@type":"ListItem","position":1,"name":"Inicio","item":"https:\/\/mivoot.com\/gt\/"},{"@type":"ListItem","position":2,"name":"Productos","item":"https:\/\/mivoot.com\/gt\/producto\/"},{"@type":"ListItem","position":3,"name":"Mushkin","item":"https:\/\/mivoot.com\/gt\/marca\/mushkin\/"},{"@type":"ListItem","position":4,"name":"Unidad SSD 1TB M.2 2280 Mushking PCIe NVMe Gen3"}]},{"@type":"WebSite","@id":"https:\/\/mivoot.com\/gt\/#website","url":"https:\/\/mivoot.com\/gt\/","name":"Mivoot","description":"Mivoot Guatemala | Tienda Online","publisher":{"@id":"https:\/\/mivoot.com\/gt\/#organization"},"alternateName":"mivoot","potentialAction":[{"@type":"SearchAction","target":{"@type":"EntryPoint","urlTemplate":"https:\/\/mivoot.com\/gt\/?s={search_term_string}"},"query-input":{"@type":"PropertyValueSpecification","valueRequired":true,"valueName":"search_term_string"}}],"inLanguage":"es"},{"@type":"Organization","@id":"https:\/\/mivoot.com\/gt\/#organization","name":"Mivoot Guatemala","alternateName":"mivoot.com","url":"https:\/\/mivoot.com\/gt\/","logo":{"@type":"ImageObject","inLanguage":"es","@id":"https:\/\/mivoot.com\/gt\/#\/schema\/logo\/image\/","url":"https:\/\/mivoot.com\/gt\/wp-content\/uploads\/2023\/03\/cropped-icon.png","contentUrl":"https:\/\/mivoot.com\/gt\/wp-content\/uploads\/2023\/03\/cropped-icon.png","width":512,"height":512,"caption":"Mivoot Guatemala"},"image":{"@id":"https:\/\/mivoot.com\/gt\/#\/schema\/logo\/image\/"},"sameAs":["https:\/\/www.facebook.com\/mivootgt","https:\/\/instagram.com\/mivoot"]}]}},"jetpack_publicize_connections":[],"jetpack_sharing_enabled":true,"brands":[{"id":171,"name":"Mushkin","slug":"mushkin"}],"_links":{"self":[{"href":"https:\/\/mivoot.com\/gt\/wp-json\/wp\/v2\/product\/4611","targetHints":{"allow":["GET"]}}],"collection":[{"href":"https:\/\/mivoot.com\/gt\/wp-json\/wp\/v2\/product"}],"about":[{"href":"https:\/\/mivoot.com\/gt\/wp-json\/wp\/v2\/types\/product"}],"replies":[{"embeddable":true,"href":"https:\/\/mivoot.com\/gt\/wp-json\/wp\/v2\/comments?post=4611"}],"version-history":[{"count":2,"href":"https:\/\/mivoot.com\/gt\/wp-json\/wp\/v2\/product\/4611\/revisions"}],"predecessor-version":[{"id":4617,"href":"https:\/\/mivoot.com\/gt\/wp-json\/wp\/v2\/product\/4611\/revisions\/4617"}],"wp:featuredmedia":[{"embeddable":true,"href":"https:\/\/mivoot.com\/gt\/wp-json\/wp\/v2\/media\/4613"}],"wp:attachment":[{"href":"https:\/\/mivoot.com\/gt\/wp-json\/wp\/v2\/media?parent=4611"}],"wp:term":[{"taxonomy":"pwb-brand","embeddable":true,"href":"https:\/\/mivoot.com\/gt\/wp-json\/wp\/v2\/pwb-brand?post=4611"},{"taxonomy":"product_brand","embeddable":true,"href":"https:\/\/mivoot.com\/gt\/wp-json\/wp\/v2\/product_brand?post=4611"},{"taxonomy":"product_cat","embeddable":true,"href":"https:\/\/mivoot.com\/gt\/wp-json\/wp\/v2\/product_cat?post=4611"},{"taxonomy":"product_tag","embeddable":true,"href":"https:\/\/mivoot.com\/gt\/wp-json\/wp\/v2\/product_tag?post=4611"}],"curies":[{"name":"wp","href":"https:\/\/api.w.org\/{rel}","templated":true}]}}