{"id":462,"date":"2021-03-15T17:44:15","date_gmt":"2021-03-15T17:44:15","guid":{"rendered":"https:\/\/mivoot.com\/gt\/?post_type=product&#038;p=462"},"modified":"2021-03-20T22:23:35","modified_gmt":"2021-03-21T04:23:35","slug":"audifonos-house-of-marley-positive-vibration-2-wireless-azul","status":"publish","type":"product","link":"https:\/\/mivoot.com\/gt\/producto\/audifonos-house-of-marley-positive-vibration-2-wireless-azul\/","title":{"rendered":"Audifonos House of Marley Positive Vibration 2 Wireless Azul"},"content":{"rendered":"<ul>\n<li>Conectividad inal\u00e1mbrica Bluetooth\u00ae.<\/li>\n<li>10 horas de duraci\u00f3n de la bater\u00eda.<\/li>\n<li>Micr\u00f3fono en l\u00ednea de 1 bot\u00f3n en el cable.<\/li>\n<li>Conectividad bluetooth: 4.2.<\/li>\n<li>Hasta 10 horas de bater\u00eda.<\/li>\n<li>Aluminio reciclable.<\/li>\n<li>Tela REWIND: 30% algod\u00f3n org\u00e1nico regenerado, 30% de c\u00e1\u00f1amo regenerado y 40% de PET reciclado.<\/li>\n<li>Almohadillas de felpa, m\u00e1s ligeras, m\u00e1s suaves y con m\u00e1s relleno.<\/li>\n<li>Driver 40 mm.<\/li>\n<li>Dise\u00f1o c\u00f3modo.<\/li>\n<li>Cable trenzado anti-enredo.<\/li>\n<li>Fabricado con madera certificada FSC, asegurando que los \u00e1rboles utilizados sean reemplazados y regenerados naturalmente.<\/li>\n<\/ul>\n<p>&nbsp;<\/p>\n<p>Est\u00e1 disponible en una gama de colores vibrantes y estilos geniales con una duraci\u00f3n de bater\u00eda de 10-12 horas.\u00a0Con un controlador din\u00e1mico de 40 mm con auriculares de aluminio, el dise\u00f1o elegante y el precio accesible lo convierten en el compa\u00f1ero inal\u00e1mbrico ideal.<\/p>\n<hr \/>\n<div id=\"row-1719098765\" class=\"row\">\n<div class=\"col medium-1\/3 large-4\">\n<div class=\"col-inner\">\n<p><img fetchpriority=\"high\" decoding=\"async\" class=\"alignnone size-full wp-image-707786 aligncenter lazyloaded\" src=\"https:\/\/storage.googleapis.com\/kemik_gt\/2018\/04\/Madera.jpg\" sizes=\"(max-width: 300px) 100vw, 300px\" srcset=\"https:\/\/static.kemikcdn.com\/2018\/04\/Madera.jpg 300w, https:\/\/static.kemikcdn.com\/2018\/04\/Madera-150x150.jpg 150w, https:\/\/static.kemikcdn.com\/2018\/04\/Madera-138x138.jpg 138w, https:\/\/static.kemikcdn.com\/2018\/04\/Madera-100x100.jpg 100w, https:\/\/static.kemikcdn.com\/2018\/04\/Madera-32x32.jpg 32w\" alt=\"\" width=\"300\" height=\"300\" data-srcset=\"https:\/\/static.kemikcdn.com\/2018\/04\/Madera.jpg 300w, https:\/\/static.kemikcdn.com\/2018\/04\/Madera-150x150.jpg 150w, https:\/\/static.kemikcdn.com\/2018\/04\/Madera-138x138.jpg 138w, https:\/\/static.kemikcdn.com\/2018\/04\/Madera-100x100.jpg 100w, https:\/\/static.kemikcdn.com\/2018\/04\/Madera-32x32.jpg 32w\" data-src=\"https:\/\/storage.googleapis.com\/kemik_gt\/2018\/04\/Madera.jpg\" \/><\/p>\n<h4 class=\"a-spacing-mini\"><strong>Madera certificada FSC<\/strong><\/h4>\n<p>Los bosques FSC se gestionan teniendo en cuenta el medio ambiente.\u00a0El FSC garantiza que los \u00e1rboles cosechados sean reemplazados y regenerados naturalmente.<\/p>\n<\/div>\n<\/div>\n<div class=\"col medium-1\/3 large-4\">\n<div class=\"col-inner\">\n<p><img decoding=\"async\" class=\"size-full wp-image-707787 aligncenter lazyloaded\" src=\"https:\/\/storage.googleapis.com\/kemik_gt\/2018\/04\/Aluminio.jpg\" sizes=\"(max-width: 300px) 100vw, 300px\" srcset=\"https:\/\/static.kemikcdn.com\/2018\/04\/Aluminio.jpg 300w, https:\/\/static.kemikcdn.com\/2018\/04\/Aluminio-150x150.jpg 150w, https:\/\/static.kemikcdn.com\/2018\/04\/Aluminio-138x138.jpg 138w, https:\/\/static.kemikcdn.com\/2018\/04\/Aluminio-100x100.jpg 100w, https:\/\/static.kemikcdn.com\/2018\/04\/Aluminio-32x32.jpg 32w\" alt=\"\" width=\"300\" height=\"300\" data-srcset=\"https:\/\/static.kemikcdn.com\/2018\/04\/Aluminio.jpg 300w, https:\/\/static.kemikcdn.com\/2018\/04\/Aluminio-150x150.jpg 150w, https:\/\/static.kemikcdn.com\/2018\/04\/Aluminio-138x138.jpg 138w, https:\/\/static.kemikcdn.com\/2018\/04\/Aluminio-100x100.jpg 100w, https:\/\/static.kemikcdn.com\/2018\/04\/Aluminio-32x32.jpg 32w\" data-src=\"https:\/\/storage.googleapis.com\/kemik_gt\/2018\/04\/Aluminio.jpg\" \/><\/p>\n<h4 class=\"a-spacing-mini\"><strong>Aluminio Reciclable<\/strong><\/h4>\n<p>Los auriculares reciclables de aluminio conservan los recursos naturales, ahorran energ\u00eda y contribuyen a una fabricaci\u00f3n m\u00e1s limpia, creando menos desechos mineros y uso de agua.<\/p>\n<\/div>\n<\/div>\n<div class=\"col medium-1\/3 large-4\">\n<div class=\"col-inner\">\n<p><img decoding=\"async\" class=\"alignnone size-full wp-image-707788 aligncenter lazyloaded\" src=\"https:\/\/storage.googleapis.com\/kemik_gt\/2018\/04\/Tela.jpg\" sizes=\"(max-width: 300px) 100vw, 300px\" srcset=\"https:\/\/static.kemikcdn.com\/2018\/04\/Tela.jpg 300w, https:\/\/static.kemikcdn.com\/2018\/04\/Tela-150x150.jpg 150w, https:\/\/static.kemikcdn.com\/2018\/04\/Tela-138x138.jpg 138w, https:\/\/static.kemikcdn.com\/2018\/04\/Tela-100x100.jpg 100w, https:\/\/static.kemikcdn.com\/2018\/04\/Tela-32x32.jpg 32w\" alt=\"\" width=\"300\" height=\"300\" data-srcset=\"https:\/\/static.kemikcdn.com\/2018\/04\/Tela.jpg 300w, https:\/\/static.kemikcdn.com\/2018\/04\/Tela-150x150.jpg 150w, https:\/\/static.kemikcdn.com\/2018\/04\/Tela-138x138.jpg 138w, https:\/\/static.kemikcdn.com\/2018\/04\/Tela-100x100.jpg 100w, https:\/\/static.kemikcdn.com\/2018\/04\/Tela-32x32.jpg 32w\" data-src=\"https:\/\/storage.googleapis.com\/kemik_gt\/2018\/04\/Tela.jpg\" \/><\/p>\n<h4 class=\"a-spacing-mini\"><strong>Diadema de tela molida<\/strong><\/h4>\n<p>30% de algod\u00f3n org\u00e1nico recuperado, 30% de c\u00e1\u00f1amo recuperado, 40% de PET reciclado.\u00a0Tejemos una mezcla \u00fanica de materiales reciclados en un tejido duradero de alta calidad.<\/p>\n<p><b>\u00a0<\/b><\/p>\n<\/div>\n<\/div>\n<\/div>\n<div id=\"row-411758211\" class=\"row\">\n<div class=\"col medium-1\/3 large-4\">\n<div class=\"col-inner\">\n<p><img loading=\"lazy\" decoding=\"async\" class=\"alignnone size-full wp-image-707789 aligncenter lazyloaded\" src=\"https:\/\/storage.googleapis.com\/kemik_gt\/2018\/04\/Dise%C3%B1o.jpg\" sizes=\"(max-width: 300px) 100vw, 300px\" srcset=\"https:\/\/static.kemikcdn.com\/2018\/04\/Dise\u00f1o.jpg 300w, https:\/\/static.kemikcdn.com\/2018\/04\/Dise\u00f1o-150x150.jpg 150w, https:\/\/static.kemikcdn.com\/2018\/04\/Dise\u00f1o-138x138.jpg 138w, https:\/\/static.kemikcdn.com\/2018\/04\/Dise\u00f1o-100x100.jpg 100w, https:\/\/static.kemikcdn.com\/2018\/04\/Dise\u00f1o-32x32.jpg 32w\" alt=\"\" width=\"300\" height=\"300\" data-srcset=\"https:\/\/static.kemikcdn.com\/2018\/04\/Dise\u00f1o.jpg 300w, https:\/\/static.kemikcdn.com\/2018\/04\/Dise\u00f1o-150x150.jpg 150w, https:\/\/static.kemikcdn.com\/2018\/04\/Dise\u00f1o-138x138.jpg 138w, https:\/\/static.kemikcdn.com\/2018\/04\/Dise\u00f1o-100x100.jpg 100w, https:\/\/static.kemikcdn.com\/2018\/04\/Dise\u00f1o-32x32.jpg 32w\" data-src=\"https:\/\/storage.googleapis.com\/kemik_gt\/2018\/04\/Dise\u00f1o.jpg\" \/><\/p>\n<h4 class=\"a-spacing-mini\"><strong><span class=\"\">Dise\u00f1o c\u00f3modo en la oreja<\/span><\/strong><\/h4>\n<p>Orejeras de felpa, m\u00e1s ligeras, de forma m\u00e1s suave, m\u00e1s acolchado.<\/p>\n<\/div>\n<\/div>\n<div class=\"col medium-1\/3 large-4\">\n<div class=\"col-inner\">\n<p><img loading=\"lazy\" decoding=\"async\" class=\"alignnone size-full wp-image-707790 lazyloaded\" src=\"https:\/\/storage.googleapis.com\/kemik_gt\/2018\/04\/Bluetooth.jpg\" sizes=\"(max-width: 300px) 100vw, 300px\" srcset=\"https:\/\/static.kemikcdn.com\/2018\/04\/Bluetooth.jpg 300w, https:\/\/static.kemikcdn.com\/2018\/04\/Bluetooth-150x150.jpg 150w, https:\/\/static.kemikcdn.com\/2018\/04\/Bluetooth-138x138.jpg 138w, https:\/\/static.kemikcdn.com\/2018\/04\/Bluetooth-100x100.jpg 100w, https:\/\/static.kemikcdn.com\/2018\/04\/Bluetooth-32x32.jpg 32w\" alt=\"\" width=\"300\" height=\"300\" data-srcset=\"https:\/\/static.kemikcdn.com\/2018\/04\/Bluetooth.jpg 300w, https:\/\/static.kemikcdn.com\/2018\/04\/Bluetooth-150x150.jpg 150w, https:\/\/static.kemikcdn.com\/2018\/04\/Bluetooth-138x138.jpg 138w, https:\/\/static.kemikcdn.com\/2018\/04\/Bluetooth-100x100.jpg 100w, https:\/\/static.kemikcdn.com\/2018\/04\/Bluetooth-32x32.jpg 32w\" data-src=\"https:\/\/storage.googleapis.com\/kemik_gt\/2018\/04\/Bluetooth.jpg\" \/><\/p>\n<h4 class=\"a-spacing-mini\"><strong><span class=\"\">Conectividad inal\u00e1mbrica Bluetooth<\/span><\/strong><\/h4>\n<p>Usar el emparejamiento de perfil de 4.2 BT es r\u00e1pido y f\u00e1cil.\u00a0Los tel\u00e9fonos y otros dispositivos de m\u00fasica habilitados para BT se reconocen r\u00e1pida y f\u00e1cilmente.<\/p>\n<\/div>\n<\/div>\n<div class=\"col medium-1\/3 large-4\">\n<div class=\"col-inner\">\n<p><img loading=\"lazy\" decoding=\"async\" class=\"alignnone size-full wp-image-707791 aligncenter lazyloaded\" src=\"https:\/\/storage.googleapis.com\/kemik_gt\/2018\/04\/Bateria.jpg\" sizes=\"(max-width: 300px) 100vw, 300px\" srcset=\"https:\/\/static.kemikcdn.com\/2018\/04\/Bateria.jpg 300w, https:\/\/static.kemikcdn.com\/2018\/04\/Bateria-150x150.jpg 150w, https:\/\/static.kemikcdn.com\/2018\/04\/Bateria-138x138.jpg 138w, https:\/\/static.kemikcdn.com\/2018\/04\/Bateria-100x100.jpg 100w, https:\/\/static.kemikcdn.com\/2018\/04\/Bateria-32x32.jpg 32w\" alt=\"\" width=\"300\" height=\"300\" data-srcset=\"https:\/\/static.kemikcdn.com\/2018\/04\/Bateria.jpg 300w, https:\/\/static.kemikcdn.com\/2018\/04\/Bateria-150x150.jpg 150w, https:\/\/static.kemikcdn.com\/2018\/04\/Bateria-138x138.jpg 138w, https:\/\/static.kemikcdn.com\/2018\/04\/Bateria-100x100.jpg 100w, https:\/\/static.kemikcdn.com\/2018\/04\/Bateria-32x32.jpg 32w\" data-src=\"https:\/\/storage.googleapis.com\/kemik_gt\/2018\/04\/Bateria.jpg\" \/><br \/>\n<b><\/b><\/p>\n<h4 class=\"a-spacing-mini\"><strong>Duraci\u00f3n mejorada de la bater\u00eda<\/strong><\/h4>\n<p>Hasta 10 horas de reproducci\u00f3n de m\u00fasica con una sola carga.\u00a0El micro USB est\u00e1ndar de la industria permite una carga conveniente y r\u00e1pida.<\/p>\n<\/div>\n<\/div>\n<\/div>\n","protected":false},"excerpt":{"rendered":"<p>House of Marley Positive Vibration 2 Wireless &#8211; Auriculares con diadema con micro &#8211; en oreja<\/p>\n","protected":false},"featured_media":1388,"comment_status":"open","ping_status":"closed","template":"","meta":{"jetpack_publicize_message":"","jetpack_publicize_feature_enabled":true,"jetpack_social_post_already_shared":false,"jetpack_social_options":{"image_generator_settings":{"template":"highway","default_image_id":0,"font":"","enabled":false},"version":2}},"pwb-brand":[81],"product_brand":[],"product_cat":[22,25],"product_tag":[],"class_list":{"0":"post-462","1":"product","2":"type-product","3":"status-publish","4":"has-post-thumbnail","6":"pwb-brand-house-of-marley","7":"product_cat-audio","8":"product_cat-audifonos-alambricos","10":"first","11":"instock","12":"taxable","13":"shipping-taxable","14":"purchasable","15":"product-type-simple"},"yoast_head":"<!-- This site is optimized with the Yoast SEO Premium plugin v25.7.1 (Yoast SEO v26.8) - https:\/\/yoast.com\/product\/yoast-seo-premium-wordpress\/ -->\n<title>Audifonos House of Marley Positive Vibration 2 Wireless Azul - Mivoot<\/title>\n<meta name=\"robots\" content=\"index, follow, max-snippet:-1, max-image-preview:large, max-video-preview:-1\" \/>\n<link rel=\"canonical\" href=\"https:\/\/mivoot.com\/gt\/producto\/audifonos-house-of-marley-positive-vibration-2-wireless-azul\/\" \/>\n<meta property=\"og:locale\" content=\"es_ES\" \/>\n<meta property=\"og:type\" content=\"article\" \/>\n<meta property=\"og:title\" content=\"Audifonos House of Marley Positive Vibration 2 Wireless Azul\" \/>\n<meta property=\"og:description\" content=\"House of Marley Positive Vibration 2 Wireless - Auriculares con diadema con micro - en oreja\" \/>\n<meta property=\"og:url\" content=\"https:\/\/mivoot.com\/gt\/producto\/audifonos-house-of-marley-positive-vibration-2-wireless-azul\/\" \/>\n<meta property=\"og:site_name\" content=\"Mivoot\" \/>\n<meta property=\"article:publisher\" content=\"https:\/\/www.facebook.com\/mivootgt\" \/>\n<meta property=\"article:modified_time\" content=\"2021-03-21T04:23:35+00:00\" \/>\n<meta property=\"og:image\" content=\"https:\/\/mivoot.com\/gt\/wp-content\/uploads\/2021\/03\/71h2Jyqa6ML._AC_SS450_.jpg\" \/>\n\t<meta property=\"og:image:width\" content=\"450\" \/>\n\t<meta property=\"og:image:height\" content=\"450\" \/>\n\t<meta property=\"og:image:type\" content=\"image\/jpeg\" \/>\n<meta name=\"twitter:card\" content=\"summary_large_image\" \/>\n<meta name=\"twitter:label1\" content=\"Est. reading time\" \/>\n\t<meta name=\"twitter:data1\" content=\"2 minutos\" \/>\n<script type=\"application\/ld+json\" class=\"yoast-schema-graph\">{\"@context\":\"https:\/\/schema.org\",\"@graph\":[{\"@type\":\"WebPage\",\"@id\":\"https:\/\/mivoot.com\/gt\/producto\/audifonos-house-of-marley-positive-vibration-2-wireless-azul\/\",\"url\":\"https:\/\/mivoot.com\/gt\/producto\/audifonos-house-of-marley-positive-vibration-2-wireless-azul\/\",\"name\":\"Audifonos House of Marley Positive Vibration 2 Wireless Azul - Mivoot\",\"isPartOf\":{\"@id\":\"https:\/\/mivoot.com\/gt\/#website\"},\"primaryImageOfPage\":{\"@id\":\"https:\/\/mivoot.com\/gt\/producto\/audifonos-house-of-marley-positive-vibration-2-wireless-azul\/#primaryimage\"},\"image\":{\"@id\":\"https:\/\/mivoot.com\/gt\/producto\/audifonos-house-of-marley-positive-vibration-2-wireless-azul\/#primaryimage\"},\"thumbnailUrl\":\"https:\/\/mivoot.com\/gt\/wp-content\/uploads\/2021\/03\/71h2Jyqa6ML._AC_SS450_.jpg\",\"datePublished\":\"2021-03-15T17:44:15+00:00\",\"dateModified\":\"2021-03-21T04:23:35+00:00\",\"breadcrumb\":{\"@id\":\"https:\/\/mivoot.com\/gt\/producto\/audifonos-house-of-marley-positive-vibration-2-wireless-azul\/#breadcrumb\"},\"inLanguage\":\"es\",\"potentialAction\":[{\"@type\":\"ReadAction\",\"target\":[\"https:\/\/mivoot.com\/gt\/producto\/audifonos-house-of-marley-positive-vibration-2-wireless-azul\/\"]}]},{\"@type\":\"ImageObject\",\"inLanguage\":\"es\",\"@id\":\"https:\/\/mivoot.com\/gt\/producto\/audifonos-house-of-marley-positive-vibration-2-wireless-azul\/#primaryimage\",\"url\":\"https:\/\/mivoot.com\/gt\/wp-content\/uploads\/2021\/03\/71h2Jyqa6ML._AC_SS450_.jpg\",\"contentUrl\":\"https:\/\/mivoot.com\/gt\/wp-content\/uploads\/2021\/03\/71h2Jyqa6ML._AC_SS450_.jpg\",\"width\":450,\"height\":450},{\"@type\":\"BreadcrumbList\",\"@id\":\"https:\/\/mivoot.com\/gt\/producto\/audifonos-house-of-marley-positive-vibration-2-wireless-azul\/#breadcrumb\",\"itemListElement\":[{\"@type\":\"ListItem\",\"position\":1,\"name\":\"Inicio\",\"item\":\"https:\/\/mivoot.com\/gt\/\"},{\"@type\":\"ListItem\",\"position\":2,\"name\":\"Productos\",\"item\":\"https:\/\/mivoot.com\/gt\/producto\/\"},{\"@type\":\"ListItem\",\"position\":3,\"name\":\"House of Marley\",\"item\":\"https:\/\/mivoot.com\/gt\/marca\/house-of-marley\/\"},{\"@type\":\"ListItem\",\"position\":4,\"name\":\"Audifonos House of Marley Positive Vibration 2 Wireless Azul\"}]},{\"@type\":\"WebSite\",\"@id\":\"https:\/\/mivoot.com\/gt\/#website\",\"url\":\"https:\/\/mivoot.com\/gt\/\",\"name\":\"Mivoot\",\"description\":\"Mivoot Guatemala | Tienda Online\",\"publisher\":{\"@id\":\"https:\/\/mivoot.com\/gt\/#organization\"},\"alternateName\":\"mivoot\",\"potentialAction\":[{\"@type\":\"SearchAction\",\"target\":{\"@type\":\"EntryPoint\",\"urlTemplate\":\"https:\/\/mivoot.com\/gt\/?s={search_term_string}\"},\"query-input\":{\"@type\":\"PropertyValueSpecification\",\"valueRequired\":true,\"valueName\":\"search_term_string\"}}],\"inLanguage\":\"es\"},{\"@type\":\"Organization\",\"@id\":\"https:\/\/mivoot.com\/gt\/#organization\",\"name\":\"Mivoot Guatemala\",\"alternateName\":\"mivoot.com\",\"url\":\"https:\/\/mivoot.com\/gt\/\",\"logo\":{\"@type\":\"ImageObject\",\"inLanguage\":\"es\",\"@id\":\"https:\/\/mivoot.com\/gt\/#\/schema\/logo\/image\/\",\"url\":\"https:\/\/mivoot.com\/gt\/wp-content\/uploads\/2023\/03\/cropped-icon.png\",\"contentUrl\":\"https:\/\/mivoot.com\/gt\/wp-content\/uploads\/2023\/03\/cropped-icon.png\",\"width\":512,\"height\":512,\"caption\":\"Mivoot Guatemala\"},\"image\":{\"@id\":\"https:\/\/mivoot.com\/gt\/#\/schema\/logo\/image\/\"},\"sameAs\":[\"https:\/\/www.facebook.com\/mivootgt\",\"https:\/\/instagram.com\/mivoot\"]}]}<\/script>\n<!-- \/ Yoast SEO Premium plugin. -->","yoast_head_json":{"title":"Audifonos House of Marley Positive Vibration 2 Wireless Azul - Mivoot","robots":{"index":"index","follow":"follow","max-snippet":"max-snippet:-1","max-image-preview":"max-image-preview:large","max-video-preview":"max-video-preview:-1"},"canonical":"https:\/\/mivoot.com\/gt\/producto\/audifonos-house-of-marley-positive-vibration-2-wireless-azul\/","og_locale":"es_ES","og_type":"article","og_title":"Audifonos House of Marley Positive Vibration 2 Wireless Azul","og_description":"House of Marley Positive Vibration 2 Wireless - Auriculares con diadema con micro - en oreja","og_url":"https:\/\/mivoot.com\/gt\/producto\/audifonos-house-of-marley-positive-vibration-2-wireless-azul\/","og_site_name":"Mivoot","article_publisher":"https:\/\/www.facebook.com\/mivootgt","article_modified_time":"2021-03-21T04:23:35+00:00","og_image":[{"width":450,"height":450,"url":"https:\/\/mivoot.com\/gt\/wp-content\/uploads\/2021\/03\/71h2Jyqa6ML._AC_SS450_.jpg","type":"image\/jpeg"}],"twitter_card":"summary_large_image","twitter_misc":{"Est. reading time":"2 minutos"},"schema":{"@context":"https:\/\/schema.org","@graph":[{"@type":"WebPage","@id":"https:\/\/mivoot.com\/gt\/producto\/audifonos-house-of-marley-positive-vibration-2-wireless-azul\/","url":"https:\/\/mivoot.com\/gt\/producto\/audifonos-house-of-marley-positive-vibration-2-wireless-azul\/","name":"Audifonos House of Marley Positive Vibration 2 Wireless Azul - Mivoot","isPartOf":{"@id":"https:\/\/mivoot.com\/gt\/#website"},"primaryImageOfPage":{"@id":"https:\/\/mivoot.com\/gt\/producto\/audifonos-house-of-marley-positive-vibration-2-wireless-azul\/#primaryimage"},"image":{"@id":"https:\/\/mivoot.com\/gt\/producto\/audifonos-house-of-marley-positive-vibration-2-wireless-azul\/#primaryimage"},"thumbnailUrl":"https:\/\/mivoot.com\/gt\/wp-content\/uploads\/2021\/03\/71h2Jyqa6ML._AC_SS450_.jpg","datePublished":"2021-03-15T17:44:15+00:00","dateModified":"2021-03-21T04:23:35+00:00","breadcrumb":{"@id":"https:\/\/mivoot.com\/gt\/producto\/audifonos-house-of-marley-positive-vibration-2-wireless-azul\/#breadcrumb"},"inLanguage":"es","potentialAction":[{"@type":"ReadAction","target":["https:\/\/mivoot.com\/gt\/producto\/audifonos-house-of-marley-positive-vibration-2-wireless-azul\/"]}]},{"@type":"ImageObject","inLanguage":"es","@id":"https:\/\/mivoot.com\/gt\/producto\/audifonos-house-of-marley-positive-vibration-2-wireless-azul\/#primaryimage","url":"https:\/\/mivoot.com\/gt\/wp-content\/uploads\/2021\/03\/71h2Jyqa6ML._AC_SS450_.jpg","contentUrl":"https:\/\/mivoot.com\/gt\/wp-content\/uploads\/2021\/03\/71h2Jyqa6ML._AC_SS450_.jpg","width":450,"height":450},{"@type":"BreadcrumbList","@id":"https:\/\/mivoot.com\/gt\/producto\/audifonos-house-of-marley-positive-vibration-2-wireless-azul\/#breadcrumb","itemListElement":[{"@type":"ListItem","position":1,"name":"Inicio","item":"https:\/\/mivoot.com\/gt\/"},{"@type":"ListItem","position":2,"name":"Productos","item":"https:\/\/mivoot.com\/gt\/producto\/"},{"@type":"ListItem","position":3,"name":"House of Marley","item":"https:\/\/mivoot.com\/gt\/marca\/house-of-marley\/"},{"@type":"ListItem","position":4,"name":"Audifonos House of Marley Positive Vibration 2 Wireless Azul"}]},{"@type":"WebSite","@id":"https:\/\/mivoot.com\/gt\/#website","url":"https:\/\/mivoot.com\/gt\/","name":"Mivoot","description":"Mivoot Guatemala | Tienda Online","publisher":{"@id":"https:\/\/mivoot.com\/gt\/#organization"},"alternateName":"mivoot","potentialAction":[{"@type":"SearchAction","target":{"@type":"EntryPoint","urlTemplate":"https:\/\/mivoot.com\/gt\/?s={search_term_string}"},"query-input":{"@type":"PropertyValueSpecification","valueRequired":true,"valueName":"search_term_string"}}],"inLanguage":"es"},{"@type":"Organization","@id":"https:\/\/mivoot.com\/gt\/#organization","name":"Mivoot Guatemala","alternateName":"mivoot.com","url":"https:\/\/mivoot.com\/gt\/","logo":{"@type":"ImageObject","inLanguage":"es","@id":"https:\/\/mivoot.com\/gt\/#\/schema\/logo\/image\/","url":"https:\/\/mivoot.com\/gt\/wp-content\/uploads\/2023\/03\/cropped-icon.png","contentUrl":"https:\/\/mivoot.com\/gt\/wp-content\/uploads\/2023\/03\/cropped-icon.png","width":512,"height":512,"caption":"Mivoot Guatemala"},"image":{"@id":"https:\/\/mivoot.com\/gt\/#\/schema\/logo\/image\/"},"sameAs":["https:\/\/www.facebook.com\/mivootgt","https:\/\/instagram.com\/mivoot"]}]}},"jetpack_publicize_connections":[],"jetpack_sharing_enabled":true,"brands":[{"id":81,"name":"House of Marley","slug":"house-of-marley"}],"_links":{"self":[{"href":"https:\/\/mivoot.com\/gt\/wp-json\/wp\/v2\/product\/462","targetHints":{"allow":["GET"]}}],"collection":[{"href":"https:\/\/mivoot.com\/gt\/wp-json\/wp\/v2\/product"}],"about":[{"href":"https:\/\/mivoot.com\/gt\/wp-json\/wp\/v2\/types\/product"}],"replies":[{"embeddable":true,"href":"https:\/\/mivoot.com\/gt\/wp-json\/wp\/v2\/comments?post=462"}],"version-history":[{"count":1,"href":"https:\/\/mivoot.com\/gt\/wp-json\/wp\/v2\/product\/462\/revisions"}],"predecessor-version":[{"id":1397,"href":"https:\/\/mivoot.com\/gt\/wp-json\/wp\/v2\/product\/462\/revisions\/1397"}],"wp:featuredmedia":[{"embeddable":true,"href":"https:\/\/mivoot.com\/gt\/wp-json\/wp\/v2\/media\/1388"}],"wp:attachment":[{"href":"https:\/\/mivoot.com\/gt\/wp-json\/wp\/v2\/media?parent=462"}],"wp:term":[{"taxonomy":"pwb-brand","embeddable":true,"href":"https:\/\/mivoot.com\/gt\/wp-json\/wp\/v2\/pwb-brand?post=462"},{"taxonomy":"product_brand","embeddable":true,"href":"https:\/\/mivoot.com\/gt\/wp-json\/wp\/v2\/product_brand?post=462"},{"taxonomy":"product_cat","embeddable":true,"href":"https:\/\/mivoot.com\/gt\/wp-json\/wp\/v2\/product_cat?post=462"},{"taxonomy":"product_tag","embeddable":true,"href":"https:\/\/mivoot.com\/gt\/wp-json\/wp\/v2\/product_tag?post=462"}],"curies":[{"name":"wp","href":"https:\/\/api.w.org\/{rel}","templated":true}]}}