{"id":4652,"date":"2021-08-09T11:19:27","date_gmt":"2021-08-09T17:19:27","guid":{"rendered":"https:\/\/mivoot.com\/gt\/?post_type=product&#038;p=4652"},"modified":"2022-04-20T16:15:12","modified_gmt":"2022-04-20T22:15:12","slug":"procesador-amd-ryzen-5-5600x-3-7ghz","status":"publish","type":"product","link":"https:\/\/mivoot.com\/gt\/producto\/procesador-amd-ryzen-5-5600x-3-7ghz\/","title":{"rendered":"Procesador AMD Ryzen 5 5600X 3.7GHz"},"content":{"rendered":"\t\t<div data-elementor-type=\"product-post\" data-elementor-id=\"4652\" class=\"elementor elementor-4652\">\n\t\t\t\t\t\t<section class=\"elementor-section elementor-top-section elementor-element elementor-element-7c4dea5 elementor-section-boxed elementor-section-height-default elementor-section-height-default\" data-id=\"7c4dea5\" data-element_type=\"section\">\n\t\t\t\t\t\t<div class=\"elementor-container elementor-column-gap-default\">\n\t\t\t\t\t<div class=\"elementor-column elementor-col-100 elementor-top-column elementor-element elementor-element-4fd881c\" data-id=\"4fd881c\" data-element_type=\"column\">\n\t\t\t<div class=\"elementor-widget-wrap elementor-element-populated\">\n\t\t\t\t\t\t<div class=\"elementor-element elementor-element-bd788b1 elementor-widget elementor-widget-text-editor\" data-id=\"bd788b1\" data-element_type=\"widget\" data-widget_type=\"text-editor.default\">\n\t\t\t\t<div class=\"elementor-widget-container\">\n\t\t\t\t\t\t\t\t\t<section><div class=\"container\"><div class=\"row s_nb_column_fixed\"><div class=\"col-lg-12 s_title\"><h4 class=\"te_s_title_default\" style=\"text-align: center;\">AMD Ryzen 5 5600X\u00a0<\/h4><\/div><\/div><\/div><\/section>\t\t\t\t\t\t\t\t<\/div>\n\t\t\t\t<\/div>\n\t\t\t\t\t<\/div>\n\t\t<\/div>\n\t\t\t\t\t<\/div>\n\t\t<\/section>\n\t\t\t\t<section class=\"elementor-section elementor-top-section elementor-element elementor-element-7667f33 elementor-section-boxed elementor-section-height-default elementor-section-height-default\" data-id=\"7667f33\" data-element_type=\"section\">\n\t\t\t\t\t\t<div class=\"elementor-container elementor-column-gap-default\">\n\t\t\t\t\t<div class=\"elementor-column elementor-col-100 elementor-top-column elementor-element elementor-element-9a6a8ed\" data-id=\"9a6a8ed\" data-element_type=\"column\">\n\t\t\t<div class=\"elementor-widget-wrap elementor-element-populated\">\n\t\t\t\t\t\t<div class=\"elementor-element elementor-element-71e5173 elementor-invisible elementor-widget elementor-widget-image\" data-id=\"71e5173\" data-element_type=\"widget\" data-settings=\"{&quot;_animation&quot;:&quot;zoomInUp&quot;}\" data-widget_type=\"image.default\">\n\t\t\t\t<div class=\"elementor-widget-container\">\n\t\t\t\t\t\t\t\t\t\t\t\t\t\t\t<img fetchpriority=\"high\" decoding=\"async\" width=\"983\" height=\"2048\" src=\"https:\/\/mivoot.com\/gt\/wp-content\/uploads\/2021\/08\/5600x-3-983x2048.png\" class=\"attachment-2048x2048 size-2048x2048 wp-image-4667\" alt=\"\" srcset=\"https:\/\/mivoot.com\/gt\/wp-content\/uploads\/2021\/08\/5600x-3-983x2048.png 983w, https:\/\/mivoot.com\/gt\/wp-content\/uploads\/2021\/08\/5600x-3-410x855.png 410w, https:\/\/mivoot.com\/gt\/wp-content\/uploads\/2021\/08\/5600x-3-64x133.png 64w, https:\/\/mivoot.com\/gt\/wp-content\/uploads\/2021\/08\/5600x-3-144x300.png 144w, https:\/\/mivoot.com\/gt\/wp-content\/uploads\/2021\/08\/5600x-3-971x2024.png 971w, https:\/\/mivoot.com\/gt\/wp-content\/uploads\/2021\/08\/5600x-3-768x1601.png 768w, https:\/\/mivoot.com\/gt\/wp-content\/uploads\/2021\/08\/5600x-3-737x1536.png 737w, https:\/\/mivoot.com\/gt\/wp-content\/uploads\/2021\/08\/5600x-3.png 1200w\" sizes=\"(max-width: 983px) 100vw, 983px\" \/>\t\t\t\t\t\t\t\t\t\t\t\t\t\t\t<\/div>\n\t\t\t\t<\/div>\n\t\t\t\t\t<\/div>\n\t\t<\/div>\n\t\t\t\t\t<\/div>\n\t\t<\/section>\n\t\t\t\t<\/div>\n\t\t","protected":false},"excerpt":{"rendered":"<p>Caracter\u00edsticas<br \/>\nFrecuencia 3700 MHz<br \/>\nFrecuencia turbo m\u00e1xima 4600 MHz<br \/>\nN\u00facleos \/ hilos 6 n\u00facleos \/ 12 hilos<br \/>\nCach\u00e9 6 x 512KB L2 \/ 32MB L3<br \/>\nSocket AM4<\/p>\n<p>Especificaciones secundarias<br \/>\nN\u00facleo AMD Vermeer (Zen 3)<br \/>\nProceso de manufactura 7 nm<\/p>\n<p>TDP 65 W<br \/>\nCooler Wraith Stealth<br \/>\nGr\u00e1ficos integrados No posee<\/p>\n","protected":false},"featured_media":4656,"comment_status":"open","ping_status":"closed","template":"","meta":{"jetpack_publicize_message":"","jetpack_publicize_feature_enabled":true,"jetpack_social_post_already_shared":false,"jetpack_social_options":{"image_generator_settings":{"template":"highway","default_image_id":0,"font":"","enabled":false},"version":2}},"pwb-brand":[98],"product_brand":[],"product_cat":[44],"product_tag":[],"class_list":{"0":"post-4652","1":"product","2":"type-product","3":"status-publish","4":"has-post-thumbnail","6":"pwb-brand-amd","7":"product_cat-procesadores","9":"first","10":"instock","11":"sale","12":"taxable","13":"shipping-taxable","14":"purchasable","15":"product-type-simple"},"yoast_head":"<!-- This site is optimized with the Yoast SEO Premium plugin v25.7.1 (Yoast SEO v26.8) - https:\/\/yoast.com\/product\/yoast-seo-premium-wordpress\/ -->\n<title>Procesador AMD Ryzen 5 5600X 3.7GHz - Mivoot<\/title>\n<meta name=\"robots\" content=\"index, follow, max-snippet:-1, max-image-preview:large, max-video-preview:-1\" \/>\n<link rel=\"canonical\" href=\"https:\/\/mivoot.com\/gt\/producto\/procesador-amd-ryzen-5-5600x-3-7ghz\/\" \/>\n<meta property=\"og:locale\" content=\"es_ES\" \/>\n<meta property=\"og:type\" content=\"article\" \/>\n<meta property=\"og:title\" content=\"Procesador AMD Ryzen 5 5600X 3.7GHz\" \/>\n<meta property=\"og:description\" content=\"Caracter\u00edsticas Frecuencia 3700 MHz Frecuencia turbo m\u00e1xima 4600 MHz N\u00facleos \/ hilos 6 n\u00facleos \/ 12 hilos Cach\u00e9 6 x 512KB L2 \/ 32MB L3 Socket AM4  Especificaciones secundarias N\u00facleo AMD Vermeer (Zen 3) Proceso de manufactura 7 nm  TDP 65 W Cooler Wraith Stealth Gr\u00e1ficos integrados No posee\" \/>\n<meta property=\"og:url\" content=\"https:\/\/mivoot.com\/gt\/producto\/procesador-amd-ryzen-5-5600x-3-7ghz\/\" \/>\n<meta property=\"og:site_name\" content=\"Mivoot\" \/>\n<meta property=\"article:publisher\" content=\"https:\/\/www.facebook.com\/mivootgt\" \/>\n<meta property=\"article:modified_time\" content=\"2022-04-20T22:15:12+00:00\" \/>\n<meta property=\"og:image\" content=\"https:\/\/mivoot.com\/gt\/wp-content\/uploads\/2021\/08\/YmZhZDViYT1-1000x1000-1.jpg\" \/>\n\t<meta property=\"og:image:width\" content=\"850\" \/>\n\t<meta property=\"og:image:height\" content=\"850\" \/>\n\t<meta property=\"og:image:type\" content=\"image\/jpeg\" \/>\n<meta name=\"twitter:card\" content=\"summary_large_image\" \/>\n<script type=\"application\/ld+json\" class=\"yoast-schema-graph\">{\"@context\":\"https:\/\/schema.org\",\"@graph\":[{\"@type\":\"WebPage\",\"@id\":\"https:\/\/mivoot.com\/gt\/producto\/procesador-amd-ryzen-5-5600x-3-7ghz\/\",\"url\":\"https:\/\/mivoot.com\/gt\/producto\/procesador-amd-ryzen-5-5600x-3-7ghz\/\",\"name\":\"Procesador AMD Ryzen 5 5600X 3.7GHz - Mivoot\",\"isPartOf\":{\"@id\":\"https:\/\/mivoot.com\/gt\/#website\"},\"primaryImageOfPage\":{\"@id\":\"https:\/\/mivoot.com\/gt\/producto\/procesador-amd-ryzen-5-5600x-3-7ghz\/#primaryimage\"},\"image\":{\"@id\":\"https:\/\/mivoot.com\/gt\/producto\/procesador-amd-ryzen-5-5600x-3-7ghz\/#primaryimage\"},\"thumbnailUrl\":\"https:\/\/mivoot.com\/gt\/wp-content\/uploads\/2021\/08\/YmZhZDViYT1-1000x1000-1.jpg\",\"datePublished\":\"2021-08-09T17:19:27+00:00\",\"dateModified\":\"2022-04-20T22:15:12+00:00\",\"breadcrumb\":{\"@id\":\"https:\/\/mivoot.com\/gt\/producto\/procesador-amd-ryzen-5-5600x-3-7ghz\/#breadcrumb\"},\"inLanguage\":\"es\",\"potentialAction\":[{\"@type\":\"ReadAction\",\"target\":[\"https:\/\/mivoot.com\/gt\/producto\/procesador-amd-ryzen-5-5600x-3-7ghz\/\"]}]},{\"@type\":\"ImageObject\",\"inLanguage\":\"es\",\"@id\":\"https:\/\/mivoot.com\/gt\/producto\/procesador-amd-ryzen-5-5600x-3-7ghz\/#primaryimage\",\"url\":\"https:\/\/mivoot.com\/gt\/wp-content\/uploads\/2021\/08\/YmZhZDViYT1-1000x1000-1.jpg\",\"contentUrl\":\"https:\/\/mivoot.com\/gt\/wp-content\/uploads\/2021\/08\/YmZhZDViYT1-1000x1000-1.jpg\",\"width\":850,\"height\":850},{\"@type\":\"BreadcrumbList\",\"@id\":\"https:\/\/mivoot.com\/gt\/producto\/procesador-amd-ryzen-5-5600x-3-7ghz\/#breadcrumb\",\"itemListElement\":[{\"@type\":\"ListItem\",\"position\":1,\"name\":\"Inicio\",\"item\":\"https:\/\/mivoot.com\/gt\/\"},{\"@type\":\"ListItem\",\"position\":2,\"name\":\"Productos\",\"item\":\"https:\/\/mivoot.com\/gt\/producto\/\"},{\"@type\":\"ListItem\",\"position\":3,\"name\":\"AMD\",\"item\":\"https:\/\/mivoot.com\/gt\/marca\/amd\/\"},{\"@type\":\"ListItem\",\"position\":4,\"name\":\"Procesador AMD Ryzen 5 5600X 3.7GHz\"}]},{\"@type\":\"WebSite\",\"@id\":\"https:\/\/mivoot.com\/gt\/#website\",\"url\":\"https:\/\/mivoot.com\/gt\/\",\"name\":\"Mivoot\",\"description\":\"Mivoot Guatemala | Tienda Online\",\"publisher\":{\"@id\":\"https:\/\/mivoot.com\/gt\/#organization\"},\"alternateName\":\"mivoot\",\"potentialAction\":[{\"@type\":\"SearchAction\",\"target\":{\"@type\":\"EntryPoint\",\"urlTemplate\":\"https:\/\/mivoot.com\/gt\/?s={search_term_string}\"},\"query-input\":{\"@type\":\"PropertyValueSpecification\",\"valueRequired\":true,\"valueName\":\"search_term_string\"}}],\"inLanguage\":\"es\"},{\"@type\":\"Organization\",\"@id\":\"https:\/\/mivoot.com\/gt\/#organization\",\"name\":\"Mivoot Guatemala\",\"alternateName\":\"mivoot.com\",\"url\":\"https:\/\/mivoot.com\/gt\/\",\"logo\":{\"@type\":\"ImageObject\",\"inLanguage\":\"es\",\"@id\":\"https:\/\/mivoot.com\/gt\/#\/schema\/logo\/image\/\",\"url\":\"https:\/\/mivoot.com\/gt\/wp-content\/uploads\/2023\/03\/cropped-icon.png\",\"contentUrl\":\"https:\/\/mivoot.com\/gt\/wp-content\/uploads\/2023\/03\/cropped-icon.png\",\"width\":512,\"height\":512,\"caption\":\"Mivoot Guatemala\"},\"image\":{\"@id\":\"https:\/\/mivoot.com\/gt\/#\/schema\/logo\/image\/\"},\"sameAs\":[\"https:\/\/www.facebook.com\/mivootgt\",\"https:\/\/instagram.com\/mivoot\"]}]}<\/script>\n<!-- \/ Yoast SEO Premium plugin. -->","yoast_head_json":{"title":"Procesador AMD Ryzen 5 5600X 3.7GHz - Mivoot","robots":{"index":"index","follow":"follow","max-snippet":"max-snippet:-1","max-image-preview":"max-image-preview:large","max-video-preview":"max-video-preview:-1"},"canonical":"https:\/\/mivoot.com\/gt\/producto\/procesador-amd-ryzen-5-5600x-3-7ghz\/","og_locale":"es_ES","og_type":"article","og_title":"Procesador AMD Ryzen 5 5600X 3.7GHz","og_description":"Caracter\u00edsticas Frecuencia 3700 MHz Frecuencia turbo m\u00e1xima 4600 MHz N\u00facleos \/ hilos 6 n\u00facleos \/ 12 hilos Cach\u00e9 6 x 512KB L2 \/ 32MB L3 Socket AM4  Especificaciones secundarias N\u00facleo AMD Vermeer (Zen 3) Proceso de manufactura 7 nm  TDP 65 W Cooler Wraith Stealth Gr\u00e1ficos integrados No posee","og_url":"https:\/\/mivoot.com\/gt\/producto\/procesador-amd-ryzen-5-5600x-3-7ghz\/","og_site_name":"Mivoot","article_publisher":"https:\/\/www.facebook.com\/mivootgt","article_modified_time":"2022-04-20T22:15:12+00:00","og_image":[{"width":850,"height":850,"url":"https:\/\/mivoot.com\/gt\/wp-content\/uploads\/2021\/08\/YmZhZDViYT1-1000x1000-1.jpg","type":"image\/jpeg"}],"twitter_card":"summary_large_image","schema":{"@context":"https:\/\/schema.org","@graph":[{"@type":"WebPage","@id":"https:\/\/mivoot.com\/gt\/producto\/procesador-amd-ryzen-5-5600x-3-7ghz\/","url":"https:\/\/mivoot.com\/gt\/producto\/procesador-amd-ryzen-5-5600x-3-7ghz\/","name":"Procesador AMD Ryzen 5 5600X 3.7GHz - Mivoot","isPartOf":{"@id":"https:\/\/mivoot.com\/gt\/#website"},"primaryImageOfPage":{"@id":"https:\/\/mivoot.com\/gt\/producto\/procesador-amd-ryzen-5-5600x-3-7ghz\/#primaryimage"},"image":{"@id":"https:\/\/mivoot.com\/gt\/producto\/procesador-amd-ryzen-5-5600x-3-7ghz\/#primaryimage"},"thumbnailUrl":"https:\/\/mivoot.com\/gt\/wp-content\/uploads\/2021\/08\/YmZhZDViYT1-1000x1000-1.jpg","datePublished":"2021-08-09T17:19:27+00:00","dateModified":"2022-04-20T22:15:12+00:00","breadcrumb":{"@id":"https:\/\/mivoot.com\/gt\/producto\/procesador-amd-ryzen-5-5600x-3-7ghz\/#breadcrumb"},"inLanguage":"es","potentialAction":[{"@type":"ReadAction","target":["https:\/\/mivoot.com\/gt\/producto\/procesador-amd-ryzen-5-5600x-3-7ghz\/"]}]},{"@type":"ImageObject","inLanguage":"es","@id":"https:\/\/mivoot.com\/gt\/producto\/procesador-amd-ryzen-5-5600x-3-7ghz\/#primaryimage","url":"https:\/\/mivoot.com\/gt\/wp-content\/uploads\/2021\/08\/YmZhZDViYT1-1000x1000-1.jpg","contentUrl":"https:\/\/mivoot.com\/gt\/wp-content\/uploads\/2021\/08\/YmZhZDViYT1-1000x1000-1.jpg","width":850,"height":850},{"@type":"BreadcrumbList","@id":"https:\/\/mivoot.com\/gt\/producto\/procesador-amd-ryzen-5-5600x-3-7ghz\/#breadcrumb","itemListElement":[{"@type":"ListItem","position":1,"name":"Inicio","item":"https:\/\/mivoot.com\/gt\/"},{"@type":"ListItem","position":2,"name":"Productos","item":"https:\/\/mivoot.com\/gt\/producto\/"},{"@type":"ListItem","position":3,"name":"AMD","item":"https:\/\/mivoot.com\/gt\/marca\/amd\/"},{"@type":"ListItem","position":4,"name":"Procesador AMD Ryzen 5 5600X 3.7GHz"}]},{"@type":"WebSite","@id":"https:\/\/mivoot.com\/gt\/#website","url":"https:\/\/mivoot.com\/gt\/","name":"Mivoot","description":"Mivoot Guatemala | Tienda Online","publisher":{"@id":"https:\/\/mivoot.com\/gt\/#organization"},"alternateName":"mivoot","potentialAction":[{"@type":"SearchAction","target":{"@type":"EntryPoint","urlTemplate":"https:\/\/mivoot.com\/gt\/?s={search_term_string}"},"query-input":{"@type":"PropertyValueSpecification","valueRequired":true,"valueName":"search_term_string"}}],"inLanguage":"es"},{"@type":"Organization","@id":"https:\/\/mivoot.com\/gt\/#organization","name":"Mivoot Guatemala","alternateName":"mivoot.com","url":"https:\/\/mivoot.com\/gt\/","logo":{"@type":"ImageObject","inLanguage":"es","@id":"https:\/\/mivoot.com\/gt\/#\/schema\/logo\/image\/","url":"https:\/\/mivoot.com\/gt\/wp-content\/uploads\/2023\/03\/cropped-icon.png","contentUrl":"https:\/\/mivoot.com\/gt\/wp-content\/uploads\/2023\/03\/cropped-icon.png","width":512,"height":512,"caption":"Mivoot Guatemala"},"image":{"@id":"https:\/\/mivoot.com\/gt\/#\/schema\/logo\/image\/"},"sameAs":["https:\/\/www.facebook.com\/mivootgt","https:\/\/instagram.com\/mivoot"]}]}},"jetpack_publicize_connections":[],"jetpack_sharing_enabled":true,"brands":[{"id":98,"name":"AMD","slug":"amd"}],"_links":{"self":[{"href":"https:\/\/mivoot.com\/gt\/wp-json\/wp\/v2\/product\/4652","targetHints":{"allow":["GET"]}}],"collection":[{"href":"https:\/\/mivoot.com\/gt\/wp-json\/wp\/v2\/product"}],"about":[{"href":"https:\/\/mivoot.com\/gt\/wp-json\/wp\/v2\/types\/product"}],"replies":[{"embeddable":true,"href":"https:\/\/mivoot.com\/gt\/wp-json\/wp\/v2\/comments?post=4652"}],"version-history":[{"count":11,"href":"https:\/\/mivoot.com\/gt\/wp-json\/wp\/v2\/product\/4652\/revisions"}],"predecessor-version":[{"id":4676,"href":"https:\/\/mivoot.com\/gt\/wp-json\/wp\/v2\/product\/4652\/revisions\/4676"}],"wp:featuredmedia":[{"embeddable":true,"href":"https:\/\/mivoot.com\/gt\/wp-json\/wp\/v2\/media\/4656"}],"wp:attachment":[{"href":"https:\/\/mivoot.com\/gt\/wp-json\/wp\/v2\/media?parent=4652"}],"wp:term":[{"taxonomy":"pwb-brand","embeddable":true,"href":"https:\/\/mivoot.com\/gt\/wp-json\/wp\/v2\/pwb-brand?post=4652"},{"taxonomy":"product_brand","embeddable":true,"href":"https:\/\/mivoot.com\/gt\/wp-json\/wp\/v2\/product_brand?post=4652"},{"taxonomy":"product_cat","embeddable":true,"href":"https:\/\/mivoot.com\/gt\/wp-json\/wp\/v2\/product_cat?post=4652"},{"taxonomy":"product_tag","embeddable":true,"href":"https:\/\/mivoot.com\/gt\/wp-json\/wp\/v2\/product_tag?post=4652"}],"curies":[{"name":"wp","href":"https:\/\/api.w.org\/{rel}","templated":true}]}}