{"id":469,"date":"2021-03-15T17:44:15","date_gmt":"2021-03-15T17:44:15","guid":{"rendered":"https:\/\/mivoot.com\/gt\/?post_type=product&#038;p=469"},"modified":"2024-06-28T12:32:08","modified_gmt":"2024-06-28T18:32:08","slug":"bocina-jbl-go-2-2","status":"publish","type":"product","link":"https:\/\/mivoot.com\/gt\/producto\/bocina-jbl-go-2-2\/","title":{"rendered":"Bocina JBL Go 2"},"content":{"rendered":"\t\t<div data-elementor-type=\"product-post\" data-elementor-id=\"469\" class=\"elementor elementor-469\">\n\t\t\t\t\t\t<section class=\"elementor-section elementor-top-section elementor-element elementor-element-b466a73 elementor-section-boxed elementor-section-height-default elementor-section-height-default\" data-id=\"b466a73\" data-element_type=\"section\">\n\t\t\t\t\t\t<div class=\"elementor-container elementor-column-gap-default\">\n\t\t\t\t\t<div class=\"elementor-column elementor-col-25 elementor-top-column elementor-element elementor-element-2a341fb\" data-id=\"2a341fb\" data-element_type=\"column\">\n\t\t\t<div class=\"elementor-widget-wrap elementor-element-populated\">\n\t\t\t\t\t\t<div class=\"elementor-element elementor-element-8c4fd47 elementor-widget elementor-widget-text-editor\" data-id=\"8c4fd47\" data-element_type=\"widget\" data-widget_type=\"text-editor.default\">\n\t\t\t\t<div class=\"elementor-widget-container\">\n\t\t\t\t\t\t\t\t\t<p><span class=\"feature-icon\"><img decoding=\"async\" class=\" lazyloaded\" src=\"https:\/\/eu.jbl.com\/on\/demandware.static\/-\/Sites-masterCatalog_Harman\/default\/dw22bfa80b\/pdp\/Bluetooth_connectivity_70x70px_black.png\" data-src=\"\/on\/demandware.static\/-\/Sites-masterCatalog_Harman\/default\/dw22bfa80b\/pdp\/Bluetooth_connectivity_70x70px_black.png\" \/><\/span><\/p><h4 class=\"feature-title\"><span>Transmisi\u00f3n inal\u00e1mbrica por Bluetooth<\/span><\/h4><p><span>Transmita de forma inal\u00e1mbrica sonido de alta calidad desde su tel\u00e9fono inteligente o tableta.<\/span><\/p>\t\t\t\t\t\t\t\t<\/div>\n\t\t\t\t<\/div>\n\t\t\t\t\t<\/div>\n\t\t<\/div>\n\t\t\t\t<div class=\"elementor-column elementor-col-25 elementor-top-column elementor-element elementor-element-b4c8be5\" data-id=\"b4c8be5\" data-element_type=\"column\">\n\t\t\t<div class=\"elementor-widget-wrap elementor-element-populated\">\n\t\t\t\t\t\t<div class=\"elementor-element elementor-element-2ab600d elementor-widget elementor-widget-text-editor\" data-id=\"2ab600d\" data-element_type=\"widget\" data-widget_type=\"text-editor.default\">\n\t\t\t\t<div class=\"elementor-widget-container\">\n\t\t\t\t\t\t\t\t\t<p><span class=\"feature-icon\"><img decoding=\"async\" class=\" lazyloaded\" src=\"https:\/\/eu.jbl.com\/on\/demandware.static\/-\/Sites-masterCatalog_Harman\/default\/dwb6b23705\/pdp\/5-hr-play.png\" data-src=\"\/on\/demandware.static\/-\/Sites-masterCatalog_Harman\/default\/dwb6b23705\/pdp\/5-hr-play.png\" \/><\/span><\/p><h4 class=\"feature-title\"><span>Hasta 5 horas de tiempo de juego<\/span><\/h4><p><span>La bater\u00eda de iones de litio recargable incorporada admite hasta 5 horas de tiempo de reproducci\u00f3n.<\/span><\/p>\t\t\t\t\t\t\t\t<\/div>\n\t\t\t\t<\/div>\n\t\t\t\t\t<\/div>\n\t\t<\/div>\n\t\t\t\t<div class=\"elementor-column elementor-col-25 elementor-top-column elementor-element elementor-element-7b603fc\" data-id=\"7b603fc\" data-element_type=\"column\">\n\t\t\t<div class=\"elementor-widget-wrap elementor-element-populated\">\n\t\t\t\t\t\t<div class=\"elementor-element elementor-element-c855fca elementor-widget elementor-widget-text-editor\" data-id=\"c855fca\" data-element_type=\"widget\" data-widget_type=\"text-editor.default\">\n\t\t\t\t<div class=\"elementor-widget-container\">\n\t\t\t\t\t\t\t\t\t<p><span class=\"feature-icon\"><img decoding=\"async\" class=\" lazyloaded\" src=\"https:\/\/eu.jbl.com\/on\/demandware.static\/-\/Sites-masterCatalog_Harman\/default\/dwe824d7a9\/pdp\/IPX7-icon.png\" data-src=\"\/on\/demandware.static\/-\/Sites-masterCatalog_Harman\/default\/dwe824d7a9\/pdp\/IPX7-icon.png\" \/><\/span><\/p><h4 class=\"feature-title\"><span>Dise\u00f1o impermeable<\/span><\/h4><p><span>La carcasa impermeable IPX7 hace que GO 2 sea perfecto para escuchar sin preocupaciones en la playa o junto a la piscina, o incluso en ella.<\/span><\/p>\t\t\t\t\t\t\t\t<\/div>\n\t\t\t\t<\/div>\n\t\t\t\t\t<\/div>\n\t\t<\/div>\n\t\t\t\t<div class=\"elementor-column elementor-col-25 elementor-top-column elementor-element elementor-element-cb49ec0\" data-id=\"cb49ec0\" data-element_type=\"column\">\n\t\t\t<div class=\"elementor-widget-wrap elementor-element-populated\">\n\t\t\t\t\t\t<div class=\"elementor-element elementor-element-271540b elementor-widget elementor-widget-video\" data-id=\"271540b\" data-element_type=\"widget\" data-settings=\"{&quot;youtube_url&quot;:&quot;https:\\\/\\\/www.youtube.com\\\/watch?v=9fgN9BKal2Q&quot;,&quot;video_type&quot;:&quot;youtube&quot;,&quot;controls&quot;:&quot;yes&quot;}\" data-widget_type=\"video.default\">\n\t\t\t\t<div class=\"elementor-widget-container\">\n\t\t\t\t\t\t\t<div class=\"elementor-wrapper elementor-open-inline\">\n\t\t\t<div class=\"elementor-video\"><\/div>\t\t<\/div>\n\t\t\t\t\t\t<\/div>\n\t\t\t\t<\/div>\n\t\t\t\t\t<\/div>\n\t\t<\/div>\n\t\t\t\t\t<\/div>\n\t\t<\/section>\n\t\t\t\t<\/div>\n\t\t","protected":false},"excerpt":{"rendered":"<div class=\"longDescriptionTitle col-lg-offset-1 col-sm-12 col-md-4 col-lg-3 col-md-offset-1\"><span class=\"US_videoTitle\"><span>Agarra y vete.<\/span><\/span><\/div>\n<div class=\"long-description col-sm-12 col-md-5 col-lg-6 col-lg-offset-1  col-md-offset-1\">\n<p><span>El JBL GO 2 es un altavoz Bluetooth resistente al agua con todas las funciones para llevarlo a todas partes.\u00a0Transmita m\u00fasica de forma inal\u00e1mbrica a trav\u00e9s de Bluetooth para hasta 5 horas de sonido continuo con calidad JBL.\u00a0Con su nuevo dise\u00f1o a prueba de agua IPX7, GO 2 brinda a los amantes de la m\u00fasica la oportunidad de llevar su altavoz a la piscina o a la playa. GO 2 tambi\u00e9n ofrece una experiencia de llamada telef\u00f3nica n\u00edtida con su altavoz integrado con cancelaci\u00f3n de ruido.\u00a0Elaborado en un dise\u00f1o compacto con 12 colores llamativos para elegir, GO 2 eleva instant\u00e1neamente su perfil de estilo a niveles completamente nuevos.<\/span><\/p>\n<\/div>\n","protected":false},"featured_media":1465,"comment_status":"open","ping_status":"closed","template":"","meta":{"jetpack_publicize_message":"","jetpack_publicize_feature_enabled":true,"jetpack_social_post_already_shared":false,"jetpack_social_options":{"image_generator_settings":{"template":"highway","default_image_id":0,"font":"","enabled":false},"version":2}},"pwb-brand":[75],"product_brand":[],"product_cat":[22,26],"product_tag":[],"class_list":{"0":"post-469","1":"product","2":"type-product","3":"status-publish","4":"has-post-thumbnail","6":"pwb-brand-jbl","7":"product_cat-audio","8":"product_cat-bocinas","10":"first","11":"onbackorder","12":"taxable","13":"shipping-taxable","14":"purchasable","15":"product-type-simple"},"yoast_head":"<!-- This site is optimized with the Yoast SEO Premium plugin v25.7.1 (Yoast SEO v26.8) - https:\/\/yoast.com\/product\/yoast-seo-premium-wordpress\/ -->\n<title>Bocina JBL Go 2 - Mivoot<\/title>\n<meta name=\"robots\" content=\"index, follow, max-snippet:-1, max-image-preview:large, max-video-preview:-1\" \/>\n<link rel=\"canonical\" href=\"https:\/\/mivoot.com\/gt\/producto\/bocina-jbl-go-2-2\/\" \/>\n<meta property=\"og:locale\" content=\"es_ES\" \/>\n<meta property=\"og:type\" content=\"article\" \/>\n<meta property=\"og:title\" content=\"Bocina JBL Go 2\" \/>\n<meta property=\"og:description\" content=\"Agarra y vete.   El JBL GO 2 es un altavoz Bluetooth resistente al agua con todas las funciones para llevarlo a todas partes.\u00a0Transmita m\u00fasica de forma inal\u00e1mbrica a trav\u00e9s de Bluetooth para hasta 5 horas de sonido continuo con calidad JBL.\u00a0Con su nuevo dise\u00f1o a prueba de agua IPX7, GO 2 brinda a los amantes de la m\u00fasica la oportunidad de llevar su altavoz a la piscina o a la playa. GO 2 tambi\u00e9n ofrece una experiencia de llamada telef\u00f3nica n\u00edtida con su altavoz integrado con cancelaci\u00f3n de ruido.\u00a0Elaborado en un dise\u00f1o compacto con 12 colores llamativos para elegir, GO 2 eleva instant\u00e1neamente su perfil de estilo a niveles completamente nuevos.\" \/>\n<meta property=\"og:url\" content=\"https:\/\/mivoot.com\/gt\/producto\/bocina-jbl-go-2-2\/\" \/>\n<meta property=\"og:site_name\" content=\"Mivoot\" \/>\n<meta property=\"article:publisher\" content=\"https:\/\/www.facebook.com\/mivootgt\" \/>\n<meta property=\"article:modified_time\" content=\"2024-06-28T18:32:08+00:00\" \/>\n<meta property=\"og:image\" content=\"https:\/\/mivoot.com\/gt\/wp-content\/uploads\/2021\/03\/JBL_Go2_Detailshot02_Midnight_Black-1605x1605px.jpg\" \/>\n\t<meta property=\"og:image:width\" content=\"626\" \/>\n\t<meta property=\"og:image:height\" content=\"626\" \/>\n\t<meta property=\"og:image:type\" content=\"image\/jpeg\" \/>\n<meta name=\"twitter:card\" content=\"summary_large_image\" \/>\n<script type=\"application\/ld+json\" class=\"yoast-schema-graph\">{\"@context\":\"https:\/\/schema.org\",\"@graph\":[{\"@type\":\"WebPage\",\"@id\":\"https:\/\/mivoot.com\/gt\/producto\/bocina-jbl-go-2-2\/\",\"url\":\"https:\/\/mivoot.com\/gt\/producto\/bocina-jbl-go-2-2\/\",\"name\":\"Bocina JBL Go 2 - Mivoot\",\"isPartOf\":{\"@id\":\"https:\/\/mivoot.com\/gt\/#website\"},\"primaryImageOfPage\":{\"@id\":\"https:\/\/mivoot.com\/gt\/producto\/bocina-jbl-go-2-2\/#primaryimage\"},\"image\":{\"@id\":\"https:\/\/mivoot.com\/gt\/producto\/bocina-jbl-go-2-2\/#primaryimage\"},\"thumbnailUrl\":\"https:\/\/mivoot.com\/gt\/wp-content\/uploads\/2021\/03\/JBL_Go2_Detailshot02_Midnight_Black-1605x1605px.jpg\",\"datePublished\":\"2021-03-15T17:44:15+00:00\",\"dateModified\":\"2024-06-28T18:32:08+00:00\",\"breadcrumb\":{\"@id\":\"https:\/\/mivoot.com\/gt\/producto\/bocina-jbl-go-2-2\/#breadcrumb\"},\"inLanguage\":\"es\",\"potentialAction\":[{\"@type\":\"ReadAction\",\"target\":[\"https:\/\/mivoot.com\/gt\/producto\/bocina-jbl-go-2-2\/\"]}]},{\"@type\":\"ImageObject\",\"inLanguage\":\"es\",\"@id\":\"https:\/\/mivoot.com\/gt\/producto\/bocina-jbl-go-2-2\/#primaryimage\",\"url\":\"https:\/\/mivoot.com\/gt\/wp-content\/uploads\/2021\/03\/JBL_Go2_Detailshot02_Midnight_Black-1605x1605px.jpg\",\"contentUrl\":\"https:\/\/mivoot.com\/gt\/wp-content\/uploads\/2021\/03\/JBL_Go2_Detailshot02_Midnight_Black-1605x1605px.jpg\",\"width\":626,\"height\":626},{\"@type\":\"BreadcrumbList\",\"@id\":\"https:\/\/mivoot.com\/gt\/producto\/bocina-jbl-go-2-2\/#breadcrumb\",\"itemListElement\":[{\"@type\":\"ListItem\",\"position\":1,\"name\":\"Inicio\",\"item\":\"https:\/\/mivoot.com\/gt\/\"},{\"@type\":\"ListItem\",\"position\":2,\"name\":\"Productos\",\"item\":\"https:\/\/mivoot.com\/gt\/producto\/\"},{\"@type\":\"ListItem\",\"position\":3,\"name\":\"JBL\",\"item\":\"https:\/\/mivoot.com\/gt\/marca\/jbl\/\"},{\"@type\":\"ListItem\",\"position\":4,\"name\":\"Bocina JBL Go 2\"}]},{\"@type\":\"WebSite\",\"@id\":\"https:\/\/mivoot.com\/gt\/#website\",\"url\":\"https:\/\/mivoot.com\/gt\/\",\"name\":\"Mivoot\",\"description\":\"Mivoot Guatemala | Tienda Online\",\"publisher\":{\"@id\":\"https:\/\/mivoot.com\/gt\/#organization\"},\"alternateName\":\"mivoot\",\"potentialAction\":[{\"@type\":\"SearchAction\",\"target\":{\"@type\":\"EntryPoint\",\"urlTemplate\":\"https:\/\/mivoot.com\/gt\/?s={search_term_string}\"},\"query-input\":{\"@type\":\"PropertyValueSpecification\",\"valueRequired\":true,\"valueName\":\"search_term_string\"}}],\"inLanguage\":\"es\"},{\"@type\":\"Organization\",\"@id\":\"https:\/\/mivoot.com\/gt\/#organization\",\"name\":\"Mivoot Guatemala\",\"alternateName\":\"mivoot.com\",\"url\":\"https:\/\/mivoot.com\/gt\/\",\"logo\":{\"@type\":\"ImageObject\",\"inLanguage\":\"es\",\"@id\":\"https:\/\/mivoot.com\/gt\/#\/schema\/logo\/image\/\",\"url\":\"https:\/\/mivoot.com\/gt\/wp-content\/uploads\/2023\/03\/cropped-icon.png\",\"contentUrl\":\"https:\/\/mivoot.com\/gt\/wp-content\/uploads\/2023\/03\/cropped-icon.png\",\"width\":512,\"height\":512,\"caption\":\"Mivoot Guatemala\"},\"image\":{\"@id\":\"https:\/\/mivoot.com\/gt\/#\/schema\/logo\/image\/\"},\"sameAs\":[\"https:\/\/www.facebook.com\/mivootgt\",\"https:\/\/instagram.com\/mivoot\"]}]}<\/script>\n<!-- \/ Yoast SEO Premium plugin. -->","yoast_head_json":{"title":"Bocina JBL Go 2 - Mivoot","robots":{"index":"index","follow":"follow","max-snippet":"max-snippet:-1","max-image-preview":"max-image-preview:large","max-video-preview":"max-video-preview:-1"},"canonical":"https:\/\/mivoot.com\/gt\/producto\/bocina-jbl-go-2-2\/","og_locale":"es_ES","og_type":"article","og_title":"Bocina JBL Go 2","og_description":"Agarra y vete.   El JBL GO 2 es un altavoz Bluetooth resistente al agua con todas las funciones para llevarlo a todas partes.\u00a0Transmita m\u00fasica de forma inal\u00e1mbrica a trav\u00e9s de Bluetooth para hasta 5 horas de sonido continuo con calidad JBL.\u00a0Con su nuevo dise\u00f1o a prueba de agua IPX7, GO 2 brinda a los amantes de la m\u00fasica la oportunidad de llevar su altavoz a la piscina o a la playa. GO 2 tambi\u00e9n ofrece una experiencia de llamada telef\u00f3nica n\u00edtida con su altavoz integrado con cancelaci\u00f3n de ruido.\u00a0Elaborado en un dise\u00f1o compacto con 12 colores llamativos para elegir, GO 2 eleva instant\u00e1neamente su perfil de estilo a niveles completamente nuevos.","og_url":"https:\/\/mivoot.com\/gt\/producto\/bocina-jbl-go-2-2\/","og_site_name":"Mivoot","article_publisher":"https:\/\/www.facebook.com\/mivootgt","article_modified_time":"2024-06-28T18:32:08+00:00","og_image":[{"width":626,"height":626,"url":"https:\/\/mivoot.com\/gt\/wp-content\/uploads\/2021\/03\/JBL_Go2_Detailshot02_Midnight_Black-1605x1605px.jpg","type":"image\/jpeg"}],"twitter_card":"summary_large_image","schema":{"@context":"https:\/\/schema.org","@graph":[{"@type":"WebPage","@id":"https:\/\/mivoot.com\/gt\/producto\/bocina-jbl-go-2-2\/","url":"https:\/\/mivoot.com\/gt\/producto\/bocina-jbl-go-2-2\/","name":"Bocina JBL Go 2 - Mivoot","isPartOf":{"@id":"https:\/\/mivoot.com\/gt\/#website"},"primaryImageOfPage":{"@id":"https:\/\/mivoot.com\/gt\/producto\/bocina-jbl-go-2-2\/#primaryimage"},"image":{"@id":"https:\/\/mivoot.com\/gt\/producto\/bocina-jbl-go-2-2\/#primaryimage"},"thumbnailUrl":"https:\/\/mivoot.com\/gt\/wp-content\/uploads\/2021\/03\/JBL_Go2_Detailshot02_Midnight_Black-1605x1605px.jpg","datePublished":"2021-03-15T17:44:15+00:00","dateModified":"2024-06-28T18:32:08+00:00","breadcrumb":{"@id":"https:\/\/mivoot.com\/gt\/producto\/bocina-jbl-go-2-2\/#breadcrumb"},"inLanguage":"es","potentialAction":[{"@type":"ReadAction","target":["https:\/\/mivoot.com\/gt\/producto\/bocina-jbl-go-2-2\/"]}]},{"@type":"ImageObject","inLanguage":"es","@id":"https:\/\/mivoot.com\/gt\/producto\/bocina-jbl-go-2-2\/#primaryimage","url":"https:\/\/mivoot.com\/gt\/wp-content\/uploads\/2021\/03\/JBL_Go2_Detailshot02_Midnight_Black-1605x1605px.jpg","contentUrl":"https:\/\/mivoot.com\/gt\/wp-content\/uploads\/2021\/03\/JBL_Go2_Detailshot02_Midnight_Black-1605x1605px.jpg","width":626,"height":626},{"@type":"BreadcrumbList","@id":"https:\/\/mivoot.com\/gt\/producto\/bocina-jbl-go-2-2\/#breadcrumb","itemListElement":[{"@type":"ListItem","position":1,"name":"Inicio","item":"https:\/\/mivoot.com\/gt\/"},{"@type":"ListItem","position":2,"name":"Productos","item":"https:\/\/mivoot.com\/gt\/producto\/"},{"@type":"ListItem","position":3,"name":"JBL","item":"https:\/\/mivoot.com\/gt\/marca\/jbl\/"},{"@type":"ListItem","position":4,"name":"Bocina JBL Go 2"}]},{"@type":"WebSite","@id":"https:\/\/mivoot.com\/gt\/#website","url":"https:\/\/mivoot.com\/gt\/","name":"Mivoot","description":"Mivoot Guatemala | Tienda Online","publisher":{"@id":"https:\/\/mivoot.com\/gt\/#organization"},"alternateName":"mivoot","potentialAction":[{"@type":"SearchAction","target":{"@type":"EntryPoint","urlTemplate":"https:\/\/mivoot.com\/gt\/?s={search_term_string}"},"query-input":{"@type":"PropertyValueSpecification","valueRequired":true,"valueName":"search_term_string"}}],"inLanguage":"es"},{"@type":"Organization","@id":"https:\/\/mivoot.com\/gt\/#organization","name":"Mivoot Guatemala","alternateName":"mivoot.com","url":"https:\/\/mivoot.com\/gt\/","logo":{"@type":"ImageObject","inLanguage":"es","@id":"https:\/\/mivoot.com\/gt\/#\/schema\/logo\/image\/","url":"https:\/\/mivoot.com\/gt\/wp-content\/uploads\/2023\/03\/cropped-icon.png","contentUrl":"https:\/\/mivoot.com\/gt\/wp-content\/uploads\/2023\/03\/cropped-icon.png","width":512,"height":512,"caption":"Mivoot Guatemala"},"image":{"@id":"https:\/\/mivoot.com\/gt\/#\/schema\/logo\/image\/"},"sameAs":["https:\/\/www.facebook.com\/mivootgt","https:\/\/instagram.com\/mivoot"]}]}},"jetpack_publicize_connections":[],"jetpack_sharing_enabled":true,"brands":[{"id":75,"name":"JBL","slug":"jbl"}],"_links":{"self":[{"href":"https:\/\/mivoot.com\/gt\/wp-json\/wp\/v2\/product\/469","targetHints":{"allow":["GET"]}}],"collection":[{"href":"https:\/\/mivoot.com\/gt\/wp-json\/wp\/v2\/product"}],"about":[{"href":"https:\/\/mivoot.com\/gt\/wp-json\/wp\/v2\/types\/product"}],"replies":[{"embeddable":true,"href":"https:\/\/mivoot.com\/gt\/wp-json\/wp\/v2\/comments?post=469"}],"version-history":[{"count":5,"href":"https:\/\/mivoot.com\/gt\/wp-json\/wp\/v2\/product\/469\/revisions"}],"predecessor-version":[{"id":1479,"href":"https:\/\/mivoot.com\/gt\/wp-json\/wp\/v2\/product\/469\/revisions\/1479"}],"wp:featuredmedia":[{"embeddable":true,"href":"https:\/\/mivoot.com\/gt\/wp-json\/wp\/v2\/media\/1465"}],"wp:attachment":[{"href":"https:\/\/mivoot.com\/gt\/wp-json\/wp\/v2\/media?parent=469"}],"wp:term":[{"taxonomy":"pwb-brand","embeddable":true,"href":"https:\/\/mivoot.com\/gt\/wp-json\/wp\/v2\/pwb-brand?post=469"},{"taxonomy":"product_brand","embeddable":true,"href":"https:\/\/mivoot.com\/gt\/wp-json\/wp\/v2\/product_brand?post=469"},{"taxonomy":"product_cat","embeddable":true,"href":"https:\/\/mivoot.com\/gt\/wp-json\/wp\/v2\/product_cat?post=469"},{"taxonomy":"product_tag","embeddable":true,"href":"https:\/\/mivoot.com\/gt\/wp-json\/wp\/v2\/product_tag?post=469"}],"curies":[{"name":"wp","href":"https:\/\/api.w.org\/{rel}","templated":true}]}}