{"id":471,"date":"2021-03-15T17:44:15","date_gmt":"2021-03-15T17:44:15","guid":{"rendered":"https:\/\/mivoot.com\/gt\/?post_type=product&#038;p=471"},"modified":"2021-03-19T23:07:30","modified_gmt":"2021-03-20T05:07:30","slug":"bocina-xts-600-parlante-con-bluetooth-xtech-azul-2","status":"publish","type":"product","link":"https:\/\/mivoot.com\/gt\/producto\/bocina-xts-600-parlante-con-bluetooth-xtech-azul-2\/","title":{"rendered":"Bocina XTS-600 Parlante con Bluetooth Xtech Azul"},"content":{"rendered":"\t\t<div data-elementor-type=\"product-post\" data-elementor-id=\"471\" class=\"elementor elementor-471\">\n\t\t\t\t\t\t<section class=\"elementor-section elementor-top-section elementor-element elementor-element-76898c4 elementor-section-boxed elementor-section-height-default elementor-section-height-default\" data-id=\"76898c4\" data-element_type=\"section\">\n\t\t\t\t\t\t<div class=\"elementor-container elementor-column-gap-default\">\n\t\t\t\t\t<div class=\"elementor-column elementor-col-33 elementor-top-column elementor-element elementor-element-e9f434d\" data-id=\"e9f434d\" data-element_type=\"column\">\n\t\t\t<div class=\"elementor-widget-wrap elementor-element-populated\">\n\t\t\t\t\t\t<div class=\"elementor-element elementor-element-4259da3 elementor-widget elementor-widget-text-editor\" data-id=\"4259da3\" data-element_type=\"widget\" data-widget_type=\"text-editor.default\">\n\t\t\t\t<div class=\"elementor-widget-container\">\n\t\t\t\t\t\t\t\t\t<p>Parlante ultracompacto con micr\u00f3fono incorporado, para conversaciones con manos libres<\/p>\t\t\t\t\t\t\t\t<\/div>\n\t\t\t\t<\/div>\n\t\t\t\t\t<\/div>\n\t\t<\/div>\n\t\t\t\t<div class=\"elementor-column elementor-col-66 elementor-top-column elementor-element elementor-element-b212f45\" data-id=\"b212f45\" data-element_type=\"column\">\n\t\t\t<div class=\"elementor-widget-wrap elementor-element-populated\">\n\t\t\t\t\t\t<div class=\"elementor-element elementor-element-f95b0e1 elementor-widget elementor-widget-image\" data-id=\"f95b0e1\" data-element_type=\"widget\" data-widget_type=\"image.default\">\n\t\t\t\t<div class=\"elementor-widget-container\">\n\t\t\t\t\t\t\t\t\t\t\t\t\t\t\t<img fetchpriority=\"high\" decoding=\"async\" width=\"721\" height=\"450\" src=\"https:\/\/mivoot.com\/gt\/wp-content\/uploads\/2021\/03\/Fotos-Detalle-XTS-600-10.jpg\" class=\"attachment-large size-large wp-image-1142\" alt=\"\" srcset=\"https:\/\/mivoot.com\/gt\/wp-content\/uploads\/2021\/03\/Fotos-Detalle-XTS-600-10.jpg 721w, https:\/\/mivoot.com\/gt\/wp-content\/uploads\/2021\/03\/Fotos-Detalle-XTS-600-10-410x256.jpg 410w, https:\/\/mivoot.com\/gt\/wp-content\/uploads\/2021\/03\/Fotos-Detalle-XTS-600-10-64x40.jpg 64w, https:\/\/mivoot.com\/gt\/wp-content\/uploads\/2021\/03\/Fotos-Detalle-XTS-600-10-300x187.jpg 300w\" sizes=\"(max-width: 721px) 100vw, 721px\" \/>\t\t\t\t\t\t\t\t\t\t\t\t\t\t\t<\/div>\n\t\t\t\t<\/div>\n\t\t\t\t\t<\/div>\n\t\t<\/div>\n\t\t\t\t\t<\/div>\n\t\t<\/section>\n\t\t\t\t<section class=\"elementor-section elementor-top-section elementor-element elementor-element-0bdeb42 elementor-section-boxed elementor-section-height-default elementor-section-height-default\" data-id=\"0bdeb42\" data-element_type=\"section\">\n\t\t\t\t\t\t<div class=\"elementor-container elementor-column-gap-default\">\n\t\t\t\t\t<div class=\"elementor-column elementor-col-66 elementor-top-column elementor-element elementor-element-7c5e9b6\" data-id=\"7c5e9b6\" data-element_type=\"column\">\n\t\t\t<div class=\"elementor-widget-wrap elementor-element-populated\">\n\t\t\t\t\t\t<div class=\"elementor-element elementor-element-674790c elementor-widget elementor-widget-image\" data-id=\"674790c\" data-element_type=\"widget\" data-widget_type=\"image.default\">\n\t\t\t\t<div class=\"elementor-widget-container\">\n\t\t\t\t\t\t\t\t\t\t\t\t\t\t\t<img decoding=\"async\" width=\"721\" height=\"450\" src=\"https:\/\/mivoot.com\/gt\/wp-content\/uploads\/2021\/03\/Fotos-Detalle-XTS-600-20.jpg\" class=\"attachment-large size-large wp-image-1143\" alt=\"\" srcset=\"https:\/\/mivoot.com\/gt\/wp-content\/uploads\/2021\/03\/Fotos-Detalle-XTS-600-20.jpg 721w, https:\/\/mivoot.com\/gt\/wp-content\/uploads\/2021\/03\/Fotos-Detalle-XTS-600-20-410x256.jpg 410w, https:\/\/mivoot.com\/gt\/wp-content\/uploads\/2021\/03\/Fotos-Detalle-XTS-600-20-64x40.jpg 64w, https:\/\/mivoot.com\/gt\/wp-content\/uploads\/2021\/03\/Fotos-Detalle-XTS-600-20-300x187.jpg 300w\" sizes=\"(max-width: 721px) 100vw, 721px\" \/>\t\t\t\t\t\t\t\t\t\t\t\t\t\t\t<\/div>\n\t\t\t\t<\/div>\n\t\t\t\t\t<\/div>\n\t\t<\/div>\n\t\t\t\t<div class=\"elementor-column elementor-col-33 elementor-top-column elementor-element elementor-element-7ab7241\" data-id=\"7ab7241\" data-element_type=\"column\">\n\t\t\t<div class=\"elementor-widget-wrap elementor-element-populated\">\n\t\t\t\t\t\t<div class=\"elementor-element elementor-element-6e4bb90 elementor-widget elementor-widget-text-editor\" data-id=\"6e4bb90\" data-element_type=\"widget\" data-widget_type=\"text-editor.default\">\n\t\t\t\t<div class=\"elementor-widget-container\">\n\t\t\t\t\t\t\t\t\t<p>El bot\u00f3n multifuncional permite alternar entre los modos de reproducci\u00f3n o pausa y de recepci\u00f3n o finalizaci\u00f3n de llamadas<\/p>\t\t\t\t\t\t\t\t<\/div>\n\t\t\t\t<\/div>\n\t\t\t\t\t<\/div>\n\t\t<\/div>\n\t\t\t\t\t<\/div>\n\t\t<\/section>\n\t\t\t\t<section class=\"elementor-section elementor-top-section elementor-element elementor-element-dcda24b elementor-section-boxed elementor-section-height-default elementor-section-height-default\" data-id=\"dcda24b\" data-element_type=\"section\">\n\t\t\t\t\t\t<div class=\"elementor-container elementor-column-gap-default\">\n\t\t\t\t\t<div class=\"elementor-column elementor-col-33 elementor-top-column elementor-element elementor-element-c67ee6e\" data-id=\"c67ee6e\" data-element_type=\"column\">\n\t\t\t<div class=\"elementor-widget-wrap elementor-element-populated\">\n\t\t\t\t\t\t<div class=\"elementor-element elementor-element-86321fc elementor-widget elementor-widget-text-editor\" data-id=\"86321fc\" data-element_type=\"widget\" data-widget_type=\"text-editor.default\">\n\t\t\t\t<div class=\"elementor-widget-container\">\n\t\t\t\t\t\t\t\t\t<p>Reproducci\u00f3n de m\u00fasica sin cables hasta 10 metros de distancia de la fuente de audio<\/p>\t\t\t\t\t\t\t\t<\/div>\n\t\t\t\t<\/div>\n\t\t\t\t\t<\/div>\n\t\t<\/div>\n\t\t\t\t<div class=\"elementor-column elementor-col-66 elementor-top-column elementor-element elementor-element-a6cce17\" data-id=\"a6cce17\" data-element_type=\"column\">\n\t\t\t<div class=\"elementor-widget-wrap elementor-element-populated\">\n\t\t\t\t\t\t<div class=\"elementor-element elementor-element-f875d1b elementor-widget elementor-widget-image\" data-id=\"f875d1b\" data-element_type=\"widget\" data-widget_type=\"image.default\">\n\t\t\t\t<div class=\"elementor-widget-container\">\n\t\t\t\t\t\t\t\t\t\t\t\t\t\t\t<img decoding=\"async\" width=\"721\" height=\"450\" src=\"https:\/\/mivoot.com\/gt\/wp-content\/uploads\/2021\/03\/Fotos-Detalle-XTS-600-30.jpg\" class=\"attachment-large size-large wp-image-1144\" alt=\"\" srcset=\"https:\/\/mivoot.com\/gt\/wp-content\/uploads\/2021\/03\/Fotos-Detalle-XTS-600-30.jpg 721w, https:\/\/mivoot.com\/gt\/wp-content\/uploads\/2021\/03\/Fotos-Detalle-XTS-600-30-410x256.jpg 410w, https:\/\/mivoot.com\/gt\/wp-content\/uploads\/2021\/03\/Fotos-Detalle-XTS-600-30-64x40.jpg 64w, https:\/\/mivoot.com\/gt\/wp-content\/uploads\/2021\/03\/Fotos-Detalle-XTS-600-30-300x187.jpg 300w\" sizes=\"(max-width: 721px) 100vw, 721px\" \/>\t\t\t\t\t\t\t\t\t\t\t\t\t\t\t<\/div>\n\t\t\t\t<\/div>\n\t\t\t\t\t<\/div>\n\t\t<\/div>\n\t\t\t\t\t<\/div>\n\t\t<\/section>\n\t\t\t\t<section class=\"elementor-section elementor-top-section elementor-element elementor-element-120d8d9 elementor-section-boxed elementor-section-height-default elementor-section-height-default\" data-id=\"120d8d9\" data-element_type=\"section\">\n\t\t\t\t\t\t<div class=\"elementor-container elementor-column-gap-default\">\n\t\t\t\t\t<div class=\"elementor-column elementor-col-50 elementor-top-column elementor-element elementor-element-72de469\" data-id=\"72de469\" data-element_type=\"column\">\n\t\t\t<div class=\"elementor-widget-wrap elementor-element-populated\">\n\t\t\t\t\t\t<div class=\"elementor-element elementor-element-78f251c elementor-widget elementor-widget-text-editor\" data-id=\"78f251c\" data-element_type=\"widget\" data-widget_type=\"text-editor.default\">\n\t\t\t\t<div class=\"elementor-widget-container\">\n\t\t\t\t\t\t\t\t\t<h3>Especificaciones<\/h3><ul><li><strong>Dispositivo<\/strong><\/li><li><b>Tipo:<\/b>\u00a0Miniparlante inal\u00e1mbrico<\/li><li><b>M\u00e1xima potencia de salida (RMS):<\/b>\u00a03W<\/li><li><strong>Parlante<\/strong><\/li><li><b>Unidad del parlante:<\/b>\u00a01,5pulgadas<\/li><li><b>Frecuencia:<\/b>\u00a0150Hz~18kHz<\/li><li><b>Impedancia:<\/b>\u00a04\u03a9<\/li><li><b>Sensibilidad:<\/b>\u00a082dB \u00b13dB<\/li><li><b>Relaci\u00f3n de se\u00f1al a ruido:<\/b>\u00a065dB<\/li><li><strong>Micr\u00f3fono<\/strong><\/li><li><b>Directividad:<\/b>\u00a0Omnidireccional<\/li><li><b>Frecuencia:<\/b>\u00a050Hz~20kHz<\/li><li><b>Impedancia:<\/b>\u00a02,2k\u03a9<\/li><li><b>Sensibilidad:<\/b>\u00a0-42dB<\/li><li><strong>Conectividad<\/strong><\/li><\/ul>\t\t\t\t\t\t\t\t<\/div>\n\t\t\t\t<\/div>\n\t\t\t\t\t<\/div>\n\t\t<\/div>\n\t\t\t\t<div class=\"elementor-column elementor-col-50 elementor-top-column elementor-element elementor-element-e9a7f31\" data-id=\"e9a7f31\" data-element_type=\"column\">\n\t\t\t<div class=\"elementor-widget-wrap elementor-element-populated\">\n\t\t\t\t\t\t<div class=\"elementor-element elementor-element-49e1d9b elementor-widget elementor-widget-text-editor\" data-id=\"49e1d9b\" data-element_type=\"widget\" data-widget_type=\"text-editor.default\">\n\t\t\t\t<div class=\"elementor-widget-container\">\n\t\t\t\t\t\t\t\t\t<ul><li><b>Tipo de conexi\u00f3n:<\/b>\u00a0Inal\u00e1mbrica y 3,5mm<\/li><li><b>Frecuencia de RF inal\u00e1mbrica:<\/b>\u00a02.02GHz-2.480GHz<\/li><li><b>Alcance inal\u00e1mbrico:<\/b>\u00a010m<\/li><li><strong>Bater\u00eda<\/strong><\/li><li><b>Tipo de bater\u00eda :<\/b>\u00a0C\u00e9lula recargable de ion de litio de 400mAh<\/li><li><b>Tiempo de carga:<\/b>\u00a02 horas<\/li><li><b>Tiempo de funcionamiento:<\/b>\u00a0Hasta 10 horas*<\/li><li><b>Tiempo en modo de pausa:<\/b>\u00a030 horas<\/li><li><b>Tipo de conector del cargador:<\/b>\u00a0Micro-USB (5V\/500mA)<\/li><li><strong>Informaci\u00f3n adicional<\/strong><\/li><li><b>Dimensiones:<\/b>\u00a07,1&#215;7,1&#215;3,7cm<\/li><li><b>Color:<\/b>\u00a0Disponible en azul y naranja<\/li><li><b>Peso:<\/b>\u00a090g<\/li><li><b>Longitud del cable para carga:<\/b>\u00a070cm<\/li><\/ul>\t\t\t\t\t\t\t\t<\/div>\n\t\t\t\t<\/div>\n\t\t\t\t\t<\/div>\n\t\t<\/div>\n\t\t\t\t\t<\/div>\n\t\t<\/section>\n\t\t\t\t<\/div>\n\t\t","protected":false},"excerpt":{"rendered":"<h3>Caracter\u00edsticas<\/h3>\n<ul>\n<li>Parlante ultracompacto con micr\u00f3fono incorporado, para conversaciones con manos libres<\/li>\n<li>Reproducci\u00f3n de m\u00fasica sin cables hasta 10 metros de distancia de la fuente de audio<\/li>\n<li>Recubrimiento de goma muy duradero, resistente a las salpicaduras<\/li>\n<li>El bot\u00f3n multifuncional permite alternar entre los modos de reproducci\u00f3n o pausa y de recepci\u00f3n o finalizaci\u00f3n de llamadas telef\u00f3nicas<\/li>\n<\/ul>\n","protected":false},"featured_media":1621,"comment_status":"open","ping_status":"closed","template":"","meta":{"jetpack_publicize_message":"","jetpack_publicize_feature_enabled":true,"jetpack_social_post_already_shared":false,"jetpack_social_options":{"image_generator_settings":{"template":"highway","default_image_id":0,"font":"","enabled":false},"version":2}},"pwb-brand":[78],"product_brand":[],"product_cat":[22,26],"product_tag":[],"class_list":{"0":"post-471","1":"product","2":"type-product","3":"status-publish","4":"has-post-thumbnail","6":"pwb-brand-xtech","7":"product_cat-audio","8":"product_cat-bocinas","10":"first","11":"instock","12":"taxable","13":"shipping-taxable","14":"purchasable","15":"product-type-simple"},"yoast_head":"<!-- This site is optimized with the Yoast SEO Premium plugin v25.7.1 (Yoast SEO v26.8) - https:\/\/yoast.com\/product\/yoast-seo-premium-wordpress\/ -->\n<title>Bocina XTS-600 Parlante con Bluetooth Xtech Azul - Mivoot<\/title>\n<meta name=\"robots\" content=\"index, follow, max-snippet:-1, max-image-preview:large, max-video-preview:-1\" \/>\n<link rel=\"canonical\" href=\"https:\/\/mivoot.com\/gt\/producto\/bocina-xts-600-parlante-con-bluetooth-xtech-azul-2\/\" \/>\n<meta property=\"og:locale\" content=\"es_ES\" \/>\n<meta property=\"og:type\" content=\"article\" \/>\n<meta property=\"og:title\" content=\"Bocina XTS-600 Parlante con Bluetooth Xtech Azul\" \/>\n<meta property=\"og:description\" content=\"Caracter\u00edsticas   Parlante ultracompacto con micr\u00f3fono incorporado, para conversaciones con manos libres  Reproducci\u00f3n de m\u00fasica sin cables hasta 10 metros de distancia de la fuente de audio  Recubrimiento de goma muy duradero, resistente a las salpicaduras  El bot\u00f3n multifuncional permite alternar entre los modos de reproducci\u00f3n o pausa y de recepci\u00f3n o finalizaci\u00f3n de llamadas telef\u00f3nicas\" \/>\n<meta property=\"og:url\" content=\"https:\/\/mivoot.com\/gt\/producto\/bocina-xts-600-parlante-con-bluetooth-xtech-azul-2\/\" \/>\n<meta property=\"og:site_name\" content=\"Mivoot\" \/>\n<meta property=\"article:publisher\" content=\"https:\/\/www.facebook.com\/mivootgt\" \/>\n<meta property=\"article:modified_time\" content=\"2021-03-20T05:07:30+00:00\" \/>\n<meta property=\"og:image\" content=\"https:\/\/mivoot.com\/gt\/wp-content\/uploads\/2021\/03\/XTS-600_4-526x526-1.jpg\" \/>\n\t<meta property=\"og:image:width\" content=\"526\" \/>\n\t<meta property=\"og:image:height\" content=\"526\" \/>\n\t<meta property=\"og:image:type\" content=\"image\/jpeg\" \/>\n<meta name=\"twitter:card\" content=\"summary_large_image\" \/>\n<meta name=\"twitter:label1\" content=\"Est. reading time\" \/>\n\t<meta name=\"twitter:data1\" content=\"1 minuto\" \/>\n<script type=\"application\/ld+json\" class=\"yoast-schema-graph\">{\"@context\":\"https:\/\/schema.org\",\"@graph\":[{\"@type\":\"WebPage\",\"@id\":\"https:\/\/mivoot.com\/gt\/producto\/bocina-xts-600-parlante-con-bluetooth-xtech-azul-2\/\",\"url\":\"https:\/\/mivoot.com\/gt\/producto\/bocina-xts-600-parlante-con-bluetooth-xtech-azul-2\/\",\"name\":\"Bocina XTS-600 Parlante con Bluetooth Xtech Azul - Mivoot\",\"isPartOf\":{\"@id\":\"https:\/\/mivoot.com\/gt\/#website\"},\"primaryImageOfPage\":{\"@id\":\"https:\/\/mivoot.com\/gt\/producto\/bocina-xts-600-parlante-con-bluetooth-xtech-azul-2\/#primaryimage\"},\"image\":{\"@id\":\"https:\/\/mivoot.com\/gt\/producto\/bocina-xts-600-parlante-con-bluetooth-xtech-azul-2\/#primaryimage\"},\"thumbnailUrl\":\"https:\/\/mivoot.com\/gt\/wp-content\/uploads\/2021\/03\/XTS-600_4-526x526-1.jpg\",\"datePublished\":\"2021-03-15T17:44:15+00:00\",\"dateModified\":\"2021-03-20T05:07:30+00:00\",\"breadcrumb\":{\"@id\":\"https:\/\/mivoot.com\/gt\/producto\/bocina-xts-600-parlante-con-bluetooth-xtech-azul-2\/#breadcrumb\"},\"inLanguage\":\"es\",\"potentialAction\":[{\"@type\":\"ReadAction\",\"target\":[\"https:\/\/mivoot.com\/gt\/producto\/bocina-xts-600-parlante-con-bluetooth-xtech-azul-2\/\"]}]},{\"@type\":\"ImageObject\",\"inLanguage\":\"es\",\"@id\":\"https:\/\/mivoot.com\/gt\/producto\/bocina-xts-600-parlante-con-bluetooth-xtech-azul-2\/#primaryimage\",\"url\":\"https:\/\/mivoot.com\/gt\/wp-content\/uploads\/2021\/03\/XTS-600_4-526x526-1.jpg\",\"contentUrl\":\"https:\/\/mivoot.com\/gt\/wp-content\/uploads\/2021\/03\/XTS-600_4-526x526-1.jpg\",\"width\":526,\"height\":526},{\"@type\":\"BreadcrumbList\",\"@id\":\"https:\/\/mivoot.com\/gt\/producto\/bocina-xts-600-parlante-con-bluetooth-xtech-azul-2\/#breadcrumb\",\"itemListElement\":[{\"@type\":\"ListItem\",\"position\":1,\"name\":\"Inicio\",\"item\":\"https:\/\/mivoot.com\/gt\/\"},{\"@type\":\"ListItem\",\"position\":2,\"name\":\"Productos\",\"item\":\"https:\/\/mivoot.com\/gt\/producto\/\"},{\"@type\":\"ListItem\",\"position\":3,\"name\":\"Xtech\",\"item\":\"https:\/\/mivoot.com\/gt\/marca\/xtech\/\"},{\"@type\":\"ListItem\",\"position\":4,\"name\":\"Bocina XTS-600 Parlante con Bluetooth Xtech Azul\"}]},{\"@type\":\"WebSite\",\"@id\":\"https:\/\/mivoot.com\/gt\/#website\",\"url\":\"https:\/\/mivoot.com\/gt\/\",\"name\":\"Mivoot\",\"description\":\"Mivoot Guatemala | Tienda Online\",\"publisher\":{\"@id\":\"https:\/\/mivoot.com\/gt\/#organization\"},\"alternateName\":\"mivoot\",\"potentialAction\":[{\"@type\":\"SearchAction\",\"target\":{\"@type\":\"EntryPoint\",\"urlTemplate\":\"https:\/\/mivoot.com\/gt\/?s={search_term_string}\"},\"query-input\":{\"@type\":\"PropertyValueSpecification\",\"valueRequired\":true,\"valueName\":\"search_term_string\"}}],\"inLanguage\":\"es\"},{\"@type\":\"Organization\",\"@id\":\"https:\/\/mivoot.com\/gt\/#organization\",\"name\":\"Mivoot Guatemala\",\"alternateName\":\"mivoot.com\",\"url\":\"https:\/\/mivoot.com\/gt\/\",\"logo\":{\"@type\":\"ImageObject\",\"inLanguage\":\"es\",\"@id\":\"https:\/\/mivoot.com\/gt\/#\/schema\/logo\/image\/\",\"url\":\"https:\/\/mivoot.com\/gt\/wp-content\/uploads\/2023\/03\/cropped-icon.png\",\"contentUrl\":\"https:\/\/mivoot.com\/gt\/wp-content\/uploads\/2023\/03\/cropped-icon.png\",\"width\":512,\"height\":512,\"caption\":\"Mivoot Guatemala\"},\"image\":{\"@id\":\"https:\/\/mivoot.com\/gt\/#\/schema\/logo\/image\/\"},\"sameAs\":[\"https:\/\/www.facebook.com\/mivootgt\",\"https:\/\/instagram.com\/mivoot\"]}]}<\/script>\n<!-- \/ Yoast SEO Premium plugin. -->","yoast_head_json":{"title":"Bocina XTS-600 Parlante con Bluetooth Xtech Azul - Mivoot","robots":{"index":"index","follow":"follow","max-snippet":"max-snippet:-1","max-image-preview":"max-image-preview:large","max-video-preview":"max-video-preview:-1"},"canonical":"https:\/\/mivoot.com\/gt\/producto\/bocina-xts-600-parlante-con-bluetooth-xtech-azul-2\/","og_locale":"es_ES","og_type":"article","og_title":"Bocina XTS-600 Parlante con Bluetooth Xtech Azul","og_description":"Caracter\u00edsticas   Parlante ultracompacto con micr\u00f3fono incorporado, para conversaciones con manos libres  Reproducci\u00f3n de m\u00fasica sin cables hasta 10 metros de distancia de la fuente de audio  Recubrimiento de goma muy duradero, resistente a las salpicaduras  El bot\u00f3n multifuncional permite alternar entre los modos de reproducci\u00f3n o pausa y de recepci\u00f3n o finalizaci\u00f3n de llamadas telef\u00f3nicas","og_url":"https:\/\/mivoot.com\/gt\/producto\/bocina-xts-600-parlante-con-bluetooth-xtech-azul-2\/","og_site_name":"Mivoot","article_publisher":"https:\/\/www.facebook.com\/mivootgt","article_modified_time":"2021-03-20T05:07:30+00:00","og_image":[{"width":526,"height":526,"url":"https:\/\/mivoot.com\/gt\/wp-content\/uploads\/2021\/03\/XTS-600_4-526x526-1.jpg","type":"image\/jpeg"}],"twitter_card":"summary_large_image","twitter_misc":{"Est. reading time":"1 minuto"},"schema":{"@context":"https:\/\/schema.org","@graph":[{"@type":"WebPage","@id":"https:\/\/mivoot.com\/gt\/producto\/bocina-xts-600-parlante-con-bluetooth-xtech-azul-2\/","url":"https:\/\/mivoot.com\/gt\/producto\/bocina-xts-600-parlante-con-bluetooth-xtech-azul-2\/","name":"Bocina XTS-600 Parlante con Bluetooth Xtech Azul - Mivoot","isPartOf":{"@id":"https:\/\/mivoot.com\/gt\/#website"},"primaryImageOfPage":{"@id":"https:\/\/mivoot.com\/gt\/producto\/bocina-xts-600-parlante-con-bluetooth-xtech-azul-2\/#primaryimage"},"image":{"@id":"https:\/\/mivoot.com\/gt\/producto\/bocina-xts-600-parlante-con-bluetooth-xtech-azul-2\/#primaryimage"},"thumbnailUrl":"https:\/\/mivoot.com\/gt\/wp-content\/uploads\/2021\/03\/XTS-600_4-526x526-1.jpg","datePublished":"2021-03-15T17:44:15+00:00","dateModified":"2021-03-20T05:07:30+00:00","breadcrumb":{"@id":"https:\/\/mivoot.com\/gt\/producto\/bocina-xts-600-parlante-con-bluetooth-xtech-azul-2\/#breadcrumb"},"inLanguage":"es","potentialAction":[{"@type":"ReadAction","target":["https:\/\/mivoot.com\/gt\/producto\/bocina-xts-600-parlante-con-bluetooth-xtech-azul-2\/"]}]},{"@type":"ImageObject","inLanguage":"es","@id":"https:\/\/mivoot.com\/gt\/producto\/bocina-xts-600-parlante-con-bluetooth-xtech-azul-2\/#primaryimage","url":"https:\/\/mivoot.com\/gt\/wp-content\/uploads\/2021\/03\/XTS-600_4-526x526-1.jpg","contentUrl":"https:\/\/mivoot.com\/gt\/wp-content\/uploads\/2021\/03\/XTS-600_4-526x526-1.jpg","width":526,"height":526},{"@type":"BreadcrumbList","@id":"https:\/\/mivoot.com\/gt\/producto\/bocina-xts-600-parlante-con-bluetooth-xtech-azul-2\/#breadcrumb","itemListElement":[{"@type":"ListItem","position":1,"name":"Inicio","item":"https:\/\/mivoot.com\/gt\/"},{"@type":"ListItem","position":2,"name":"Productos","item":"https:\/\/mivoot.com\/gt\/producto\/"},{"@type":"ListItem","position":3,"name":"Xtech","item":"https:\/\/mivoot.com\/gt\/marca\/xtech\/"},{"@type":"ListItem","position":4,"name":"Bocina XTS-600 Parlante con Bluetooth Xtech Azul"}]},{"@type":"WebSite","@id":"https:\/\/mivoot.com\/gt\/#website","url":"https:\/\/mivoot.com\/gt\/","name":"Mivoot","description":"Mivoot Guatemala | Tienda Online","publisher":{"@id":"https:\/\/mivoot.com\/gt\/#organization"},"alternateName":"mivoot","potentialAction":[{"@type":"SearchAction","target":{"@type":"EntryPoint","urlTemplate":"https:\/\/mivoot.com\/gt\/?s={search_term_string}"},"query-input":{"@type":"PropertyValueSpecification","valueRequired":true,"valueName":"search_term_string"}}],"inLanguage":"es"},{"@type":"Organization","@id":"https:\/\/mivoot.com\/gt\/#organization","name":"Mivoot Guatemala","alternateName":"mivoot.com","url":"https:\/\/mivoot.com\/gt\/","logo":{"@type":"ImageObject","inLanguage":"es","@id":"https:\/\/mivoot.com\/gt\/#\/schema\/logo\/image\/","url":"https:\/\/mivoot.com\/gt\/wp-content\/uploads\/2023\/03\/cropped-icon.png","contentUrl":"https:\/\/mivoot.com\/gt\/wp-content\/uploads\/2023\/03\/cropped-icon.png","width":512,"height":512,"caption":"Mivoot Guatemala"},"image":{"@id":"https:\/\/mivoot.com\/gt\/#\/schema\/logo\/image\/"},"sameAs":["https:\/\/www.facebook.com\/mivootgt","https:\/\/instagram.com\/mivoot"]}]}},"jetpack_publicize_connections":[],"jetpack_sharing_enabled":true,"brands":[{"id":78,"name":"Xtech","slug":"xtech"}],"_links":{"self":[{"href":"https:\/\/mivoot.com\/gt\/wp-json\/wp\/v2\/product\/471","targetHints":{"allow":["GET"]}}],"collection":[{"href":"https:\/\/mivoot.com\/gt\/wp-json\/wp\/v2\/product"}],"about":[{"href":"https:\/\/mivoot.com\/gt\/wp-json\/wp\/v2\/types\/product"}],"replies":[{"embeddable":true,"href":"https:\/\/mivoot.com\/gt\/wp-json\/wp\/v2\/comments?post=471"}],"version-history":[{"count":4,"href":"https:\/\/mivoot.com\/gt\/wp-json\/wp\/v2\/product\/471\/revisions"}],"predecessor-version":[{"id":1647,"href":"https:\/\/mivoot.com\/gt\/wp-json\/wp\/v2\/product\/471\/revisions\/1647"}],"wp:featuredmedia":[{"embeddable":true,"href":"https:\/\/mivoot.com\/gt\/wp-json\/wp\/v2\/media\/1621"}],"wp:attachment":[{"href":"https:\/\/mivoot.com\/gt\/wp-json\/wp\/v2\/media?parent=471"}],"wp:term":[{"taxonomy":"pwb-brand","embeddable":true,"href":"https:\/\/mivoot.com\/gt\/wp-json\/wp\/v2\/pwb-brand?post=471"},{"taxonomy":"product_brand","embeddable":true,"href":"https:\/\/mivoot.com\/gt\/wp-json\/wp\/v2\/product_brand?post=471"},{"taxonomy":"product_cat","embeddable":true,"href":"https:\/\/mivoot.com\/gt\/wp-json\/wp\/v2\/product_cat?post=471"},{"taxonomy":"product_tag","embeddable":true,"href":"https:\/\/mivoot.com\/gt\/wp-json\/wp\/v2\/product_tag?post=471"}],"curies":[{"name":"wp","href":"https:\/\/api.w.org\/{rel}","templated":true}]}}