{"id":475,"date":"2021-03-15T17:44:16","date_gmt":"2021-03-15T17:44:16","guid":{"rendered":"https:\/\/mivoot.com\/gt\/?post_type=product&#038;p=475"},"modified":"2021-11-19T14:03:38","modified_gmt":"2021-11-19T20:03:38","slug":"bombilla-br30-1pack-luz-calida-y-blanca-1000l-nexxt","status":"publish","type":"product","link":"https:\/\/mivoot.com\/gt\/producto\/bombilla-br30-1pack-luz-calida-y-blanca-1000l-nexxt\/","title":{"rendered":"Bombilla BR30 1Pack Luz Calida y Blanca 1000L Nexxt"},"content":{"rendered":"\t\t<div data-elementor-type=\"product-post\" data-elementor-id=\"475\" class=\"elementor elementor-475\">\n\t\t\t\t\t\t<section class=\"elementor-section elementor-top-section elementor-element elementor-element-978bc17 elementor-section-boxed elementor-section-height-default elementor-section-height-default\" data-id=\"978bc17\" data-element_type=\"section\">\n\t\t\t\t\t\t<div class=\"elementor-container elementor-column-gap-default\">\n\t\t\t\t\t<div class=\"elementor-column elementor-col-100 elementor-top-column elementor-element elementor-element-90e5993\" data-id=\"90e5993\" data-element_type=\"column\">\n\t\t\t<div class=\"elementor-widget-wrap elementor-element-populated\">\n\t\t\t\t\t\t<div class=\"elementor-element elementor-element-df20d7b elementor-widget elementor-widget-text-editor\" data-id=\"df20d7b\" data-element_type=\"widget\" data-widget_type=\"text-editor.default\">\n\t\t\t\t<div class=\"elementor-widget-container\">\n\t\t\t\t\t\t\t\t\t<h3 class=\"title\">Bombilla LED inteligente Wi-Fi 110V &#8211; BR30 &#8211; NHB-W210<\/h3><p>Crea espacios cautivantes al seleccionar el nivel \u00f3ptimo de luminosidad a cualquier hora del d\u00eda. Controla las luces de tu hogar en forma remota con el sonido de voz, o con tu dispositivo inteligente, desde dondequiera que est\u00e9s..<\/p><ul><li>Un reflector convexo o bombilla BR ofrece el mejor \u00e1ngulo de luminosidad mediante la difusi\u00f3n uniforme de la luz en todas las direcciones<\/li><li>Excelente opci\u00f3n para la iluminaci\u00f3n de muro a muro, tales como pasillos, galer\u00edas o sobre el mostrador de la cocina<\/li><li>Emparejamiento f\u00e1cil<\/li><li>Aplicaci\u00f3n Nexxt Solutions Home<\/li><li>Activaci\u00f3n por voz (Amazon y Google Assistant)<\/li><li>Aplicaci\u00f3n compatible con iOS y Android\u2122<\/li><li>Al reproducir los patrones de la luz natural, la tecnolog\u00eda CCT te permite disfrutar de una \u00f3ptima iluminaci\u00f3n a cualquier hora del d\u00eda<\/li><li>Crea espacios cautivantes,\u00a0escoge entre una luz diurna intensa y vibrante para mantenerte enfocado, o una iluminaci\u00f3n acogedora y tenue al momento de relajarte<\/li><li>Completa gama de temperaturas de color \u2013 desde las tonalidades m\u00e1s c\u00e1lidas hasta el extremo del blanco m\u00e1s fr\u00edo de la escala<\/li><li>Programa horarios para prender, incrementar o atenuar la intensidad de la luz, con tan s\u00f3lo pulsar un bot\u00f3n<\/li><li>El brillo de toda la gama de blanco es regulable<\/li><li>Hasta un 85% energ\u00e9ticamente m\u00e1s eficiente que las bombillas incandescentes tradicionales<\/li><li>Acceso compartido<\/li><\/ul>\t\t\t\t\t\t\t\t<\/div>\n\t\t\t\t<\/div>\n\t\t\t\t\t<\/div>\n\t\t<\/div>\n\t\t\t\t\t<\/div>\n\t\t<\/section>\n\t\t\t\t<section class=\"elementor-section elementor-top-section elementor-element elementor-element-9b64f00 elementor-section-boxed elementor-section-height-default elementor-section-height-default\" data-id=\"9b64f00\" data-element_type=\"section\">\n\t\t\t\t\t\t<div class=\"elementor-container elementor-column-gap-default\">\n\t\t\t\t\t<div class=\"elementor-column elementor-col-50 elementor-top-column elementor-element elementor-element-cb17102\" data-id=\"cb17102\" data-element_type=\"column\">\n\t\t\t<div class=\"elementor-widget-wrap elementor-element-populated\">\n\t\t\t\t\t\t<div class=\"elementor-element elementor-element-eb68877 elementor-widget elementor-widget-image\" data-id=\"eb68877\" data-element_type=\"widget\" data-widget_type=\"image.default\">\n\t\t\t\t<div class=\"elementor-widget-container\">\n\t\t\t\t\t\t\t\t\t\t\t\t\t\t\t<img fetchpriority=\"high\" decoding=\"async\" width=\"720\" height=\"414\" src=\"https:\/\/mivoot.com\/gt\/wp-content\/uploads\/2021\/03\/NHB-W210-1.jpg\" class=\"attachment-large size-large wp-image-1303\" alt=\"\" srcset=\"https:\/\/mivoot.com\/gt\/wp-content\/uploads\/2021\/03\/NHB-W210-1.jpg 720w, https:\/\/mivoot.com\/gt\/wp-content\/uploads\/2021\/03\/NHB-W210-1-410x236.jpg 410w, https:\/\/mivoot.com\/gt\/wp-content\/uploads\/2021\/03\/NHB-W210-1-64x37.jpg 64w, https:\/\/mivoot.com\/gt\/wp-content\/uploads\/2021\/03\/NHB-W210-1-300x173.jpg 300w\" sizes=\"(max-width: 720px) 100vw, 720px\" \/>\t\t\t\t\t\t\t\t\t\t\t\t\t\t\t<\/div>\n\t\t\t\t<\/div>\n\t\t\t\t\t<\/div>\n\t\t<\/div>\n\t\t\t\t<div class=\"elementor-column elementor-col-50 elementor-top-column elementor-element elementor-element-fcfc17b\" data-id=\"fcfc17b\" data-element_type=\"column\">\n\t\t\t<div class=\"elementor-widget-wrap elementor-element-populated\">\n\t\t\t\t\t\t<div class=\"elementor-element elementor-element-65bb48e elementor-widget elementor-widget-text-editor\" data-id=\"65bb48e\" data-element_type=\"widget\" data-widget_type=\"text-editor.default\">\n\t\t\t\t<div class=\"elementor-widget-container\">\n\t\t\t\t\t\t\t\t\t<h3 class=\"title\">Tecnolog\u00eda de Temperatura de Color Correlacionada<\/h3><p>CCT (seg\u00fan sus siglas en ingl\u00e9s) dispone de la escala completa de temperaturas de color destinada a crear la ambientaci\u00f3n perfecta, que va desde las tonalidades m\u00e1s c\u00e1lidas hasta el extremo del blanco m\u00e1s fr\u00edo. Simplemente escoge entre una luz diurna intensa y vibrante para mantenerte enfocado, o una iluminaci\u00f3n acogedora y tenue al momento de relajarte.<\/p>\t\t\t\t\t\t\t\t<\/div>\n\t\t\t\t<\/div>\n\t\t\t\t\t<\/div>\n\t\t<\/div>\n\t\t\t\t\t<\/div>\n\t\t<\/section>\n\t\t\t\t<section class=\"elementor-section elementor-top-section elementor-element elementor-element-d60b9c7 elementor-section-boxed elementor-section-height-default elementor-section-height-default\" data-id=\"d60b9c7\" data-element_type=\"section\">\n\t\t\t\t\t\t<div class=\"elementor-container elementor-column-gap-default\">\n\t\t\t\t\t<div class=\"elementor-column elementor-col-50 elementor-top-column elementor-element elementor-element-48bd242\" data-id=\"48bd242\" data-element_type=\"column\">\n\t\t\t<div class=\"elementor-widget-wrap elementor-element-populated\">\n\t\t\t\t\t\t<div class=\"elementor-element elementor-element-bfc3624 elementor-widget elementor-widget-text-editor\" data-id=\"bfc3624\" data-element_type=\"widget\" data-widget_type=\"text-editor.default\">\n\t\t\t\t<div class=\"elementor-widget-container\">\n\t\t\t\t\t\t\t\t\t<h3 class=\"title\">Control por voz<\/h3><p>Utiliza comandos de voz sencillos para controlar tu dispositivo inteligente a trav\u00e9s de Amazon Alexa o Google AssistantTM.<\/p><p>\u00a0<\/p>\t\t\t\t\t\t\t\t<\/div>\n\t\t\t\t<\/div>\n\t\t\t\t\t<\/div>\n\t\t<\/div>\n\t\t\t\t<div class=\"elementor-column elementor-col-50 elementor-top-column elementor-element elementor-element-cd55ec7\" data-id=\"cd55ec7\" data-element_type=\"column\">\n\t\t\t<div class=\"elementor-widget-wrap elementor-element-populated\">\n\t\t\t\t\t\t<div class=\"elementor-element elementor-element-abe75db elementor-widget elementor-widget-image\" data-id=\"abe75db\" data-element_type=\"widget\" data-widget_type=\"image.default\">\n\t\t\t\t<div class=\"elementor-widget-container\">\n\t\t\t\t\t\t\t\t\t\t\t\t\t\t\t<img decoding=\"async\" width=\"720\" height=\"414\" src=\"https:\/\/mivoot.com\/gt\/wp-content\/uploads\/2021\/03\/NHB-W210-2.jpg\" class=\"attachment-large size-large wp-image-1304\" alt=\"\" srcset=\"https:\/\/mivoot.com\/gt\/wp-content\/uploads\/2021\/03\/NHB-W210-2.jpg 720w, https:\/\/mivoot.com\/gt\/wp-content\/uploads\/2021\/03\/NHB-W210-2-410x236.jpg 410w, https:\/\/mivoot.com\/gt\/wp-content\/uploads\/2021\/03\/NHB-W210-2-64x37.jpg 64w, https:\/\/mivoot.com\/gt\/wp-content\/uploads\/2021\/03\/NHB-W210-2-300x173.jpg 300w\" sizes=\"(max-width: 720px) 100vw, 720px\" \/>\t\t\t\t\t\t\t\t\t\t\t\t\t\t\t<\/div>\n\t\t\t\t<\/div>\n\t\t\t\t\t<\/div>\n\t\t<\/div>\n\t\t\t\t\t<\/div>\n\t\t<\/section>\n\t\t\t\t<section class=\"elementor-section elementor-top-section elementor-element elementor-element-faa9915 elementor-section-boxed elementor-section-height-default elementor-section-height-default\" data-id=\"faa9915\" data-element_type=\"section\">\n\t\t\t\t\t\t<div class=\"elementor-container elementor-column-gap-default\">\n\t\t\t\t\t<div class=\"elementor-column elementor-col-50 elementor-top-column elementor-element elementor-element-d1b611a\" data-id=\"d1b611a\" data-element_type=\"column\">\n\t\t\t<div class=\"elementor-widget-wrap elementor-element-populated\">\n\t\t\t\t\t\t<div class=\"elementor-element elementor-element-2892200 elementor-widget elementor-widget-image\" data-id=\"2892200\" data-element_type=\"widget\" data-widget_type=\"image.default\">\n\t\t\t\t<div class=\"elementor-widget-container\">\n\t\t\t\t\t\t\t\t\t\t\t\t\t\t\t<img decoding=\"async\" width=\"720\" height=\"414\" src=\"https:\/\/mivoot.com\/gt\/wp-content\/uploads\/2021\/03\/NHB-W210-3.jpg\" class=\"attachment-large size-large wp-image-1305\" alt=\"\" srcset=\"https:\/\/mivoot.com\/gt\/wp-content\/uploads\/2021\/03\/NHB-W210-3.jpg 720w, https:\/\/mivoot.com\/gt\/wp-content\/uploads\/2021\/03\/NHB-W210-3-410x236.jpg 410w, https:\/\/mivoot.com\/gt\/wp-content\/uploads\/2021\/03\/NHB-W210-3-64x37.jpg 64w, https:\/\/mivoot.com\/gt\/wp-content\/uploads\/2021\/03\/NHB-W210-3-300x173.jpg 300w\" sizes=\"(max-width: 720px) 100vw, 720px\" \/>\t\t\t\t\t\t\t\t\t\t\t\t\t\t\t<\/div>\n\t\t\t\t<\/div>\n\t\t\t\t\t<\/div>\n\t\t<\/div>\n\t\t\t\t<div class=\"elementor-column elementor-col-50 elementor-top-column elementor-element elementor-element-b4d40c9\" data-id=\"b4d40c9\" data-element_type=\"column\">\n\t\t\t<div class=\"elementor-widget-wrap elementor-element-populated\">\n\t\t\t\t\t\t<div class=\"elementor-element elementor-element-314c735 elementor-widget elementor-widget-text-editor\" data-id=\"314c735\" data-element_type=\"widget\" data-widget_type=\"text-editor.default\">\n\t\t\t\t<div class=\"elementor-widget-container\">\n\t\t\t\t\t\t\t\t\t<h3 class=\"title\">Luminosidad regulable<\/h3><p>Ajusta la intensidad de la luz directamente a trav\u00e9s de la aplicaci\u00f3n, sin necesidad de instalar un interruptor con atenuador de brillo regulable.<\/p>\t\t\t\t\t\t\t\t<\/div>\n\t\t\t\t<\/div>\n\t\t\t\t\t<\/div>\n\t\t<\/div>\n\t\t\t\t\t<\/div>\n\t\t<\/section>\n\t\t\t\t<\/div>\n\t\t","protected":false},"excerpt":{"rendered":"<p>Crea espacios cautivantes al seleccionar el nivel \u00f3ptimo de luminosidad a cualquier hora del d\u00eda. Controla las luces de tu hogar en forma remota con el sonido de voz, o con tu dispositivo inteligente, desde dondequiera que est\u00e9s..<\/p>\n<ul class=\"list-unstyled mainProduct__support--item\">\n<li class=\"mainProduct__support--list\">Tecnologia inalambrica:\u00a0802.11n<\/li>\n<li class=\"mainProduct__support--list\">Tipo de bombilla:\u00a0BR30<\/li>\n<li class=\"mainProduct__support--list\">Watts:\u00a010W (equivalente a 80 watts)<\/li>\n<li class=\"mainProduct__support--list\">L\u00famenes:\u00a01000 l\u00famenes<\/li>\n<li class=\"mainProduct__support--list\">Color:\u00a0Blanco regulable<\/li>\n<\/ul>\n","protected":false},"featured_media":1300,"comment_status":"open","ping_status":"closed","template":"","meta":{"jetpack_publicize_message":"","jetpack_publicize_feature_enabled":true,"jetpack_social_post_already_shared":false,"jetpack_social_options":{"image_generator_settings":{"template":"highway","default_image_id":0,"font":"","enabled":false},"version":2}},"pwb-brand":[72],"product_brand":[],"product_cat":[28],"product_tag":[29],"class_list":{"0":"post-475","1":"product","2":"type-product","3":"status-publish","4":"has-post-thumbnail","6":"pwb-brand-nexxt","7":"product_cat-smart-home","8":"product_tag-nexxt-solutions","10":"first","11":"instock","12":"taxable","13":"shipping-taxable","14":"purchasable","15":"product-type-simple"},"yoast_head":"<!-- This site is optimized with the Yoast SEO Premium plugin v25.7.1 (Yoast SEO v26.8) - https:\/\/yoast.com\/product\/yoast-seo-premium-wordpress\/ -->\n<title>Bombilla BR30 1Pack Luz Calida y Blanca 1000L Nexxt - Mivoot<\/title>\n<meta name=\"robots\" content=\"index, follow, max-snippet:-1, max-image-preview:large, max-video-preview:-1\" \/>\n<link rel=\"canonical\" href=\"https:\/\/mivoot.com\/gt\/producto\/bombilla-br30-1pack-luz-calida-y-blanca-1000l-nexxt\/\" \/>\n<meta property=\"og:locale\" content=\"es_ES\" \/>\n<meta property=\"og:type\" content=\"article\" \/>\n<meta property=\"og:title\" content=\"Bombilla BR30 1Pack Luz Calida y Blanca 1000L Nexxt\" \/>\n<meta property=\"og:description\" content=\"Crea espacios cautivantes al seleccionar el nivel \u00f3ptimo de luminosidad a cualquier hora del d\u00eda. Controla las luces de tu hogar en forma remota con el sonido de voz, o con tu dispositivo inteligente, desde dondequiera que est\u00e9s..   Tecnologia inalambrica:\u00a0802.11n  Tipo de bombilla:\u00a0BR30  Watts:\u00a010W (equivalente a 80 watts)  L\u00famenes:\u00a01000 l\u00famenes  Color:\u00a0Blanco regulable\" \/>\n<meta property=\"og:url\" content=\"https:\/\/mivoot.com\/gt\/producto\/bombilla-br30-1pack-luz-calida-y-blanca-1000l-nexxt\/\" \/>\n<meta property=\"og:site_name\" content=\"Mivoot\" \/>\n<meta property=\"article:publisher\" content=\"https:\/\/www.facebook.com\/mivootgt\" \/>\n<meta property=\"article:modified_time\" content=\"2021-11-19T20:03:38+00:00\" \/>\n<meta property=\"og:image\" content=\"https:\/\/mivoot.com\/gt\/wp-content\/uploads\/2021\/03\/NHB-W210inter_01.jpg\" \/>\n\t<meta property=\"og:image:width\" content=\"800\" \/>\n\t<meta property=\"og:image:height\" content=\"800\" \/>\n\t<meta property=\"og:image:type\" content=\"image\/jpeg\" \/>\n<meta name=\"twitter:card\" content=\"summary_large_image\" \/>\n<meta name=\"twitter:label1\" content=\"Est. reading time\" \/>\n\t<meta name=\"twitter:data1\" content=\"2 minutos\" \/>\n<script type=\"application\/ld+json\" class=\"yoast-schema-graph\">{\"@context\":\"https:\/\/schema.org\",\"@graph\":[{\"@type\":\"WebPage\",\"@id\":\"https:\/\/mivoot.com\/gt\/producto\/bombilla-br30-1pack-luz-calida-y-blanca-1000l-nexxt\/\",\"url\":\"https:\/\/mivoot.com\/gt\/producto\/bombilla-br30-1pack-luz-calida-y-blanca-1000l-nexxt\/\",\"name\":\"Bombilla BR30 1Pack Luz Calida y Blanca 1000L Nexxt - Mivoot\",\"isPartOf\":{\"@id\":\"https:\/\/mivoot.com\/gt\/#website\"},\"primaryImageOfPage\":{\"@id\":\"https:\/\/mivoot.com\/gt\/producto\/bombilla-br30-1pack-luz-calida-y-blanca-1000l-nexxt\/#primaryimage\"},\"image\":{\"@id\":\"https:\/\/mivoot.com\/gt\/producto\/bombilla-br30-1pack-luz-calida-y-blanca-1000l-nexxt\/#primaryimage\"},\"thumbnailUrl\":\"https:\/\/mivoot.com\/gt\/wp-content\/uploads\/2021\/03\/NHB-W210inter_01.jpg\",\"datePublished\":\"2021-03-15T17:44:16+00:00\",\"dateModified\":\"2021-11-19T20:03:38+00:00\",\"breadcrumb\":{\"@id\":\"https:\/\/mivoot.com\/gt\/producto\/bombilla-br30-1pack-luz-calida-y-blanca-1000l-nexxt\/#breadcrumb\"},\"inLanguage\":\"es\",\"potentialAction\":[{\"@type\":\"ReadAction\",\"target\":[\"https:\/\/mivoot.com\/gt\/producto\/bombilla-br30-1pack-luz-calida-y-blanca-1000l-nexxt\/\"]}]},{\"@type\":\"ImageObject\",\"inLanguage\":\"es\",\"@id\":\"https:\/\/mivoot.com\/gt\/producto\/bombilla-br30-1pack-luz-calida-y-blanca-1000l-nexxt\/#primaryimage\",\"url\":\"https:\/\/mivoot.com\/gt\/wp-content\/uploads\/2021\/03\/NHB-W210inter_01.jpg\",\"contentUrl\":\"https:\/\/mivoot.com\/gt\/wp-content\/uploads\/2021\/03\/NHB-W210inter_01.jpg\",\"width\":800,\"height\":800},{\"@type\":\"BreadcrumbList\",\"@id\":\"https:\/\/mivoot.com\/gt\/producto\/bombilla-br30-1pack-luz-calida-y-blanca-1000l-nexxt\/#breadcrumb\",\"itemListElement\":[{\"@type\":\"ListItem\",\"position\":1,\"name\":\"Inicio\",\"item\":\"https:\/\/mivoot.com\/gt\/\"},{\"@type\":\"ListItem\",\"position\":2,\"name\":\"Productos\",\"item\":\"https:\/\/mivoot.com\/gt\/producto\/\"},{\"@type\":\"ListItem\",\"position\":3,\"name\":\"Nexxt\",\"item\":\"https:\/\/mivoot.com\/gt\/marca\/nexxt\/\"},{\"@type\":\"ListItem\",\"position\":4,\"name\":\"Bombilla BR30 1Pack Luz Calida y Blanca 1000L Nexxt\"}]},{\"@type\":\"WebSite\",\"@id\":\"https:\/\/mivoot.com\/gt\/#website\",\"url\":\"https:\/\/mivoot.com\/gt\/\",\"name\":\"Mivoot\",\"description\":\"Mivoot Guatemala | Tienda Online\",\"publisher\":{\"@id\":\"https:\/\/mivoot.com\/gt\/#organization\"},\"alternateName\":\"mivoot\",\"potentialAction\":[{\"@type\":\"SearchAction\",\"target\":{\"@type\":\"EntryPoint\",\"urlTemplate\":\"https:\/\/mivoot.com\/gt\/?s={search_term_string}\"},\"query-input\":{\"@type\":\"PropertyValueSpecification\",\"valueRequired\":true,\"valueName\":\"search_term_string\"}}],\"inLanguage\":\"es\"},{\"@type\":\"Organization\",\"@id\":\"https:\/\/mivoot.com\/gt\/#organization\",\"name\":\"Mivoot Guatemala\",\"alternateName\":\"mivoot.com\",\"url\":\"https:\/\/mivoot.com\/gt\/\",\"logo\":{\"@type\":\"ImageObject\",\"inLanguage\":\"es\",\"@id\":\"https:\/\/mivoot.com\/gt\/#\/schema\/logo\/image\/\",\"url\":\"https:\/\/mivoot.com\/gt\/wp-content\/uploads\/2023\/03\/cropped-icon.png\",\"contentUrl\":\"https:\/\/mivoot.com\/gt\/wp-content\/uploads\/2023\/03\/cropped-icon.png\",\"width\":512,\"height\":512,\"caption\":\"Mivoot Guatemala\"},\"image\":{\"@id\":\"https:\/\/mivoot.com\/gt\/#\/schema\/logo\/image\/\"},\"sameAs\":[\"https:\/\/www.facebook.com\/mivootgt\",\"https:\/\/instagram.com\/mivoot\"]}]}<\/script>\n<!-- \/ Yoast SEO Premium plugin. -->","yoast_head_json":{"title":"Bombilla BR30 1Pack Luz Calida y Blanca 1000L Nexxt - Mivoot","robots":{"index":"index","follow":"follow","max-snippet":"max-snippet:-1","max-image-preview":"max-image-preview:large","max-video-preview":"max-video-preview:-1"},"canonical":"https:\/\/mivoot.com\/gt\/producto\/bombilla-br30-1pack-luz-calida-y-blanca-1000l-nexxt\/","og_locale":"es_ES","og_type":"article","og_title":"Bombilla BR30 1Pack Luz Calida y Blanca 1000L Nexxt","og_description":"Crea espacios cautivantes al seleccionar el nivel \u00f3ptimo de luminosidad a cualquier hora del d\u00eda. Controla las luces de tu hogar en forma remota con el sonido de voz, o con tu dispositivo inteligente, desde dondequiera que est\u00e9s..   Tecnologia inalambrica:\u00a0802.11n  Tipo de bombilla:\u00a0BR30  Watts:\u00a010W (equivalente a 80 watts)  L\u00famenes:\u00a01000 l\u00famenes  Color:\u00a0Blanco regulable","og_url":"https:\/\/mivoot.com\/gt\/producto\/bombilla-br30-1pack-luz-calida-y-blanca-1000l-nexxt\/","og_site_name":"Mivoot","article_publisher":"https:\/\/www.facebook.com\/mivootgt","article_modified_time":"2021-11-19T20:03:38+00:00","og_image":[{"width":800,"height":800,"url":"https:\/\/mivoot.com\/gt\/wp-content\/uploads\/2021\/03\/NHB-W210inter_01.jpg","type":"image\/jpeg"}],"twitter_card":"summary_large_image","twitter_misc":{"Est. reading time":"2 minutos"},"schema":{"@context":"https:\/\/schema.org","@graph":[{"@type":"WebPage","@id":"https:\/\/mivoot.com\/gt\/producto\/bombilla-br30-1pack-luz-calida-y-blanca-1000l-nexxt\/","url":"https:\/\/mivoot.com\/gt\/producto\/bombilla-br30-1pack-luz-calida-y-blanca-1000l-nexxt\/","name":"Bombilla BR30 1Pack Luz Calida y Blanca 1000L Nexxt - Mivoot","isPartOf":{"@id":"https:\/\/mivoot.com\/gt\/#website"},"primaryImageOfPage":{"@id":"https:\/\/mivoot.com\/gt\/producto\/bombilla-br30-1pack-luz-calida-y-blanca-1000l-nexxt\/#primaryimage"},"image":{"@id":"https:\/\/mivoot.com\/gt\/producto\/bombilla-br30-1pack-luz-calida-y-blanca-1000l-nexxt\/#primaryimage"},"thumbnailUrl":"https:\/\/mivoot.com\/gt\/wp-content\/uploads\/2021\/03\/NHB-W210inter_01.jpg","datePublished":"2021-03-15T17:44:16+00:00","dateModified":"2021-11-19T20:03:38+00:00","breadcrumb":{"@id":"https:\/\/mivoot.com\/gt\/producto\/bombilla-br30-1pack-luz-calida-y-blanca-1000l-nexxt\/#breadcrumb"},"inLanguage":"es","potentialAction":[{"@type":"ReadAction","target":["https:\/\/mivoot.com\/gt\/producto\/bombilla-br30-1pack-luz-calida-y-blanca-1000l-nexxt\/"]}]},{"@type":"ImageObject","inLanguage":"es","@id":"https:\/\/mivoot.com\/gt\/producto\/bombilla-br30-1pack-luz-calida-y-blanca-1000l-nexxt\/#primaryimage","url":"https:\/\/mivoot.com\/gt\/wp-content\/uploads\/2021\/03\/NHB-W210inter_01.jpg","contentUrl":"https:\/\/mivoot.com\/gt\/wp-content\/uploads\/2021\/03\/NHB-W210inter_01.jpg","width":800,"height":800},{"@type":"BreadcrumbList","@id":"https:\/\/mivoot.com\/gt\/producto\/bombilla-br30-1pack-luz-calida-y-blanca-1000l-nexxt\/#breadcrumb","itemListElement":[{"@type":"ListItem","position":1,"name":"Inicio","item":"https:\/\/mivoot.com\/gt\/"},{"@type":"ListItem","position":2,"name":"Productos","item":"https:\/\/mivoot.com\/gt\/producto\/"},{"@type":"ListItem","position":3,"name":"Nexxt","item":"https:\/\/mivoot.com\/gt\/marca\/nexxt\/"},{"@type":"ListItem","position":4,"name":"Bombilla BR30 1Pack Luz Calida y Blanca 1000L Nexxt"}]},{"@type":"WebSite","@id":"https:\/\/mivoot.com\/gt\/#website","url":"https:\/\/mivoot.com\/gt\/","name":"Mivoot","description":"Mivoot Guatemala | Tienda Online","publisher":{"@id":"https:\/\/mivoot.com\/gt\/#organization"},"alternateName":"mivoot","potentialAction":[{"@type":"SearchAction","target":{"@type":"EntryPoint","urlTemplate":"https:\/\/mivoot.com\/gt\/?s={search_term_string}"},"query-input":{"@type":"PropertyValueSpecification","valueRequired":true,"valueName":"search_term_string"}}],"inLanguage":"es"},{"@type":"Organization","@id":"https:\/\/mivoot.com\/gt\/#organization","name":"Mivoot Guatemala","alternateName":"mivoot.com","url":"https:\/\/mivoot.com\/gt\/","logo":{"@type":"ImageObject","inLanguage":"es","@id":"https:\/\/mivoot.com\/gt\/#\/schema\/logo\/image\/","url":"https:\/\/mivoot.com\/gt\/wp-content\/uploads\/2023\/03\/cropped-icon.png","contentUrl":"https:\/\/mivoot.com\/gt\/wp-content\/uploads\/2023\/03\/cropped-icon.png","width":512,"height":512,"caption":"Mivoot Guatemala"},"image":{"@id":"https:\/\/mivoot.com\/gt\/#\/schema\/logo\/image\/"},"sameAs":["https:\/\/www.facebook.com\/mivootgt","https:\/\/instagram.com\/mivoot"]}]}},"jetpack_publicize_connections":[],"jetpack_sharing_enabled":true,"brands":[{"id":72,"name":"Nexxt","slug":"nexxt"}],"_links":{"self":[{"href":"https:\/\/mivoot.com\/gt\/wp-json\/wp\/v2\/product\/475","targetHints":{"allow":["GET"]}}],"collection":[{"href":"https:\/\/mivoot.com\/gt\/wp-json\/wp\/v2\/product"}],"about":[{"href":"https:\/\/mivoot.com\/gt\/wp-json\/wp\/v2\/types\/product"}],"replies":[{"embeddable":true,"href":"https:\/\/mivoot.com\/gt\/wp-json\/wp\/v2\/comments?post=475"}],"version-history":[{"count":4,"href":"https:\/\/mivoot.com\/gt\/wp-json\/wp\/v2\/product\/475\/revisions"}],"predecessor-version":[{"id":1327,"href":"https:\/\/mivoot.com\/gt\/wp-json\/wp\/v2\/product\/475\/revisions\/1327"}],"wp:featuredmedia":[{"embeddable":true,"href":"https:\/\/mivoot.com\/gt\/wp-json\/wp\/v2\/media\/1300"}],"wp:attachment":[{"href":"https:\/\/mivoot.com\/gt\/wp-json\/wp\/v2\/media?parent=475"}],"wp:term":[{"taxonomy":"pwb-brand","embeddable":true,"href":"https:\/\/mivoot.com\/gt\/wp-json\/wp\/v2\/pwb-brand?post=475"},{"taxonomy":"product_brand","embeddable":true,"href":"https:\/\/mivoot.com\/gt\/wp-json\/wp\/v2\/product_brand?post=475"},{"taxonomy":"product_cat","embeddable":true,"href":"https:\/\/mivoot.com\/gt\/wp-json\/wp\/v2\/product_cat?post=475"},{"taxonomy":"product_tag","embeddable":true,"href":"https:\/\/mivoot.com\/gt\/wp-json\/wp\/v2\/product_tag?post=475"}],"curies":[{"name":"wp","href":"https:\/\/api.w.org\/{rel}","templated":true}]}}