{"id":480,"date":"2021-03-15T17:44:23","date_gmt":"2021-03-15T17:44:23","guid":{"rendered":"https:\/\/mivoot.com\/gt\/?post_type=product&#038;p=480"},"modified":"2021-03-23T18:22:55","modified_gmt":"2021-03-24T00:22:55","slug":"bombilla-br30-rgb-multicolor-1000l-nexxt","status":"publish","type":"product","link":"https:\/\/mivoot.com\/gt\/producto\/bombilla-br30-rgb-multicolor-1000l-nexxt\/","title":{"rendered":"Bombilla BR30 RGB Multicolor 1000L Nexxt"},"content":{"rendered":"\t\t<div data-elementor-type=\"product-post\" data-elementor-id=\"480\" class=\"elementor elementor-480\">\n\t\t\t\t\t\t<section class=\"elementor-section elementor-top-section elementor-element elementor-element-de12d0a elementor-section-boxed elementor-section-height-default elementor-section-height-default\" data-id=\"de12d0a\" data-element_type=\"section\">\n\t\t\t\t\t\t<div class=\"elementor-container elementor-column-gap-default\">\n\t\t\t\t\t<div class=\"elementor-column elementor-col-100 elementor-top-column elementor-element elementor-element-8885019\" data-id=\"8885019\" data-element_type=\"column\">\n\t\t\t<div class=\"elementor-widget-wrap elementor-element-populated\">\n\t\t\t\t\t\t<div class=\"elementor-element elementor-element-4cef123 elementor-widget elementor-widget-text-editor\" data-id=\"4cef123\" data-element_type=\"widget\" data-widget_type=\"text-editor.default\">\n\t\t\t\t<div class=\"elementor-widget-container\">\n\t\t\t\t\t\t\t\t\t<h3 class=\"title\" style=\"text-align: center;\">Bombilla LED inteligente Wi-Fi 110V &#8211; BR30 &#8211; NHB-W210<\/h3><p style=\"text-align: center;\">Crea espacios cautivantes al seleccionar el nivel \u00f3ptimo de luminosidad a cualquier hora del d\u00eda. Controla las luces de tu hogar en forma remota con el sonido de voz, o con tu dispositivo inteligente, desde dondequiera que est\u00e9s..<\/p>\t\t\t\t\t\t\t\t<\/div>\n\t\t\t\t<\/div>\n\t\t\t\t\t<\/div>\n\t\t<\/div>\n\t\t\t\t\t<\/div>\n\t\t<\/section>\n\t\t\t\t<section class=\"elementor-section elementor-top-section elementor-element elementor-element-0940419 elementor-section-boxed elementor-section-height-default elementor-section-height-default\" data-id=\"0940419\" data-element_type=\"section\" data-settings=\"{&quot;background_background&quot;:&quot;classic&quot;}\">\n\t\t\t\t\t\t<div class=\"elementor-container elementor-column-gap-default\">\n\t\t\t\t\t<div class=\"elementor-column elementor-col-50 elementor-top-column elementor-element elementor-element-b7183fe\" data-id=\"b7183fe\" data-element_type=\"column\">\n\t\t\t<div class=\"elementor-widget-wrap elementor-element-populated\">\n\t\t\t\t\t\t<div class=\"elementor-element elementor-element-7026bb4 elementor-widget elementor-widget-text-editor\" data-id=\"7026bb4\" data-element_type=\"widget\" data-widget_type=\"text-editor.default\">\n\t\t\t\t<div class=\"elementor-widget-container\">\n\t\t\t\t\t\t\t\t\t<h3 class=\"title\">Proyector de iluminaci\u00f3n<\/h3><p>Un reflector convexo o bombilla BR ofrece el mejor \u00e1ngulo de luminosidad mediante la difusi\u00f3n uniforme de la luz en todas las direcciones. Excelente opci\u00f3n para la iluminaci\u00f3n de muro a muro, tales como pasillos, galer\u00edas o sobre el mostrador de la cocina.<\/p>\t\t\t\t\t\t\t\t<\/div>\n\t\t\t\t<\/div>\n\t\t\t\t\t<\/div>\n\t\t<\/div>\n\t\t\t\t<div class=\"elementor-column elementor-col-50 elementor-top-column elementor-element elementor-element-621b87b\" data-id=\"621b87b\" data-element_type=\"column\">\n\t\t\t<div class=\"elementor-widget-wrap elementor-element-populated\">\n\t\t\t\t\t\t<div class=\"elementor-element elementor-element-f13c11c elementor-widget elementor-widget-image\" data-id=\"f13c11c\" data-element_type=\"widget\" data-widget_type=\"image.default\">\n\t\t\t\t<div class=\"elementor-widget-container\">\n\t\t\t\t\t\t\t\t\t\t\t\t\t\t\t<img fetchpriority=\"high\" decoding=\"async\" width=\"720\" height=\"414\" src=\"https:\/\/mivoot.com\/gt\/wp-content\/uploads\/2021\/03\/NHB-C210-2.jpg\" class=\"attachment-large size-large wp-image-1226\" alt=\"\" srcset=\"https:\/\/mivoot.com\/gt\/wp-content\/uploads\/2021\/03\/NHB-C210-2.jpg 720w, https:\/\/mivoot.com\/gt\/wp-content\/uploads\/2021\/03\/NHB-C210-2-410x236.jpg 410w, https:\/\/mivoot.com\/gt\/wp-content\/uploads\/2021\/03\/NHB-C210-2-64x37.jpg 64w, https:\/\/mivoot.com\/gt\/wp-content\/uploads\/2021\/03\/NHB-C210-2-300x173.jpg 300w\" sizes=\"(max-width: 720px) 100vw, 720px\" \/>\t\t\t\t\t\t\t\t\t\t\t\t\t\t\t<\/div>\n\t\t\t\t<\/div>\n\t\t\t\t\t<\/div>\n\t\t<\/div>\n\t\t\t\t\t<\/div>\n\t\t<\/section>\n\t\t\t\t<section class=\"elementor-section elementor-top-section elementor-element elementor-element-417c209 elementor-section-boxed elementor-section-height-default elementor-section-height-default\" data-id=\"417c209\" data-element_type=\"section\" data-settings=\"{&quot;background_background&quot;:&quot;classic&quot;}\">\n\t\t\t\t\t\t<div class=\"elementor-container elementor-column-gap-default\">\n\t\t\t\t\t<div class=\"elementor-column elementor-col-50 elementor-top-column elementor-element elementor-element-2fbf6f5\" data-id=\"2fbf6f5\" data-element_type=\"column\">\n\t\t\t<div class=\"elementor-widget-wrap elementor-element-populated\">\n\t\t\t\t\t\t<div class=\"elementor-element elementor-element-55dd7ce elementor-widget elementor-widget-image\" data-id=\"55dd7ce\" data-element_type=\"widget\" data-widget_type=\"image.default\">\n\t\t\t\t<div class=\"elementor-widget-container\">\n\t\t\t\t\t\t\t\t\t\t\t\t\t\t\t<img decoding=\"async\" width=\"720\" height=\"414\" src=\"https:\/\/mivoot.com\/gt\/wp-content\/uploads\/2021\/03\/NHB-C210-3.jpg\" class=\"attachment-large size-large wp-image-1227\" alt=\"\" srcset=\"https:\/\/mivoot.com\/gt\/wp-content\/uploads\/2021\/03\/NHB-C210-3.jpg 720w, https:\/\/mivoot.com\/gt\/wp-content\/uploads\/2021\/03\/NHB-C210-3-410x236.jpg 410w, https:\/\/mivoot.com\/gt\/wp-content\/uploads\/2021\/03\/NHB-C210-3-64x37.jpg 64w, https:\/\/mivoot.com\/gt\/wp-content\/uploads\/2021\/03\/NHB-C210-3-300x173.jpg 300w\" sizes=\"(max-width: 720px) 100vw, 720px\" \/>\t\t\t\t\t\t\t\t\t\t\t\t\t\t\t<\/div>\n\t\t\t\t<\/div>\n\t\t\t\t\t<\/div>\n\t\t<\/div>\n\t\t\t\t<div class=\"elementor-column elementor-col-50 elementor-top-column elementor-element elementor-element-ba27f9a\" data-id=\"ba27f9a\" data-element_type=\"column\">\n\t\t\t<div class=\"elementor-widget-wrap elementor-element-populated\">\n\t\t\t\t\t\t<div class=\"elementor-element elementor-element-9c45021 elementor-widget elementor-widget-text-editor\" data-id=\"9c45021\" data-element_type=\"widget\" data-widget_type=\"text-editor.default\">\n\t\t\t\t<div class=\"elementor-widget-container\">\n\t\t\t\t\t\t\t\t\t<h3 class=\"title\">Luminosidad regulable<\/h3><p>Ajusta la intensidad de la luz directamente a trav\u00e9s de la aplicaci\u00f3n, sin necesidad de instalar un interruptor con atenuador de brillo regulable.<\/p>\t\t\t\t\t\t\t\t<\/div>\n\t\t\t\t<\/div>\n\t\t\t\t\t<\/div>\n\t\t<\/div>\n\t\t\t\t\t<\/div>\n\t\t<\/section>\n\t\t\t\t<\/div>\n\t\t","protected":false},"excerpt":{"rendered":"<p>NexxtHome &#8211; Bombilla inteligente Wi-Fi con LED multicolor Crea un ambiente m\u00e1gico con la iluminaci\u00f3n perfecta. Controla las luces de tu hogar en forma remota con el sonido de voz, o con tu dispositivo inteligente, desde dondequiera que est\u00e9s<\/p>\n<ul class=\"list-unstyled mainProduct__support--item\">\n<li class=\"mainProduct__support--list\">Tipo de bombilla:\u00a0BR30<\/li>\n<li class=\"mainProduct__support--list\">Watts:\u00a010W (equivalente a 80 watts)<\/li>\n<li class=\"mainProduct__support--list\">L\u00famenes:\u00a01000 l\u00famenes<\/li>\n<\/ul>\n","protected":false},"featured_media":1224,"comment_status":"open","ping_status":"closed","template":"","meta":{"jetpack_publicize_message":"","jetpack_publicize_feature_enabled":true,"jetpack_social_post_already_shared":false,"jetpack_social_options":{"image_generator_settings":{"template":"highway","default_image_id":0,"font":"","enabled":false},"version":2}},"pwb-brand":[72],"product_brand":[],"product_cat":[28],"product_tag":[29],"class_list":{"0":"post-480","1":"product","2":"type-product","3":"status-publish","4":"has-post-thumbnail","6":"pwb-brand-nexxt","7":"product_cat-smart-home","8":"product_tag-nexxt-solutions","10":"first","11":"instock","12":"taxable","13":"shipping-taxable","14":"purchasable","15":"product-type-simple"},"yoast_head":"<!-- This site is optimized with the Yoast SEO Premium plugin v25.7.1 (Yoast SEO v26.8) - https:\/\/yoast.com\/product\/yoast-seo-premium-wordpress\/ -->\n<title>Bombilla BR30 RGB Multicolor 1000L Nexxt - Mivoot<\/title>\n<meta name=\"robots\" content=\"index, follow, max-snippet:-1, max-image-preview:large, max-video-preview:-1\" \/>\n<link rel=\"canonical\" href=\"https:\/\/mivoot.com\/gt\/producto\/bombilla-br30-rgb-multicolor-1000l-nexxt\/\" \/>\n<meta property=\"og:locale\" content=\"es_ES\" \/>\n<meta property=\"og:type\" content=\"article\" \/>\n<meta property=\"og:title\" content=\"Bombilla BR30 RGB Multicolor 1000L Nexxt\" \/>\n<meta property=\"og:description\" content=\"NexxtHome - Bombilla inteligente Wi-Fi con LED multicolor Crea un ambiente m\u00e1gico con la iluminaci\u00f3n perfecta. Controla las luces de tu hogar en forma remota con el sonido de voz, o con tu dispositivo inteligente, desde dondequiera que est\u00e9s   Tipo de bombilla:\u00a0BR30  Watts:\u00a010W (equivalente a 80 watts)  L\u00famenes:\u00a01000 l\u00famenes\" \/>\n<meta property=\"og:url\" content=\"https:\/\/mivoot.com\/gt\/producto\/bombilla-br30-rgb-multicolor-1000l-nexxt\/\" \/>\n<meta property=\"og:site_name\" content=\"Mivoot\" \/>\n<meta property=\"article:publisher\" content=\"https:\/\/www.facebook.com\/mivootgt\" \/>\n<meta property=\"article:modified_time\" content=\"2021-03-24T00:22:55+00:00\" \/>\n<meta property=\"og:image\" content=\"https:\/\/mivoot.com\/gt\/wp-content\/uploads\/2021\/03\/NHB-C210_land.jpg\" \/>\n\t<meta property=\"og:image:width\" content=\"557\" \/>\n\t<meta property=\"og:image:height\" content=\"666\" \/>\n\t<meta property=\"og:image:type\" content=\"image\/jpeg\" \/>\n<meta name=\"twitter:card\" content=\"summary_large_image\" \/>\n<meta name=\"twitter:label1\" content=\"Est. reading time\" \/>\n\t<meta name=\"twitter:data1\" content=\"1 minuto\" \/>\n<script type=\"application\/ld+json\" class=\"yoast-schema-graph\">{\"@context\":\"https:\/\/schema.org\",\"@graph\":[{\"@type\":\"WebPage\",\"@id\":\"https:\/\/mivoot.com\/gt\/producto\/bombilla-br30-rgb-multicolor-1000l-nexxt\/\",\"url\":\"https:\/\/mivoot.com\/gt\/producto\/bombilla-br30-rgb-multicolor-1000l-nexxt\/\",\"name\":\"Bombilla BR30 RGB Multicolor 1000L Nexxt - Mivoot\",\"isPartOf\":{\"@id\":\"https:\/\/mivoot.com\/gt\/#website\"},\"primaryImageOfPage\":{\"@id\":\"https:\/\/mivoot.com\/gt\/producto\/bombilla-br30-rgb-multicolor-1000l-nexxt\/#primaryimage\"},\"image\":{\"@id\":\"https:\/\/mivoot.com\/gt\/producto\/bombilla-br30-rgb-multicolor-1000l-nexxt\/#primaryimage\"},\"thumbnailUrl\":\"https:\/\/mivoot.com\/gt\/wp-content\/uploads\/2021\/03\/NHB-C210_land.jpg\",\"datePublished\":\"2021-03-15T17:44:23+00:00\",\"dateModified\":\"2021-03-24T00:22:55+00:00\",\"breadcrumb\":{\"@id\":\"https:\/\/mivoot.com\/gt\/producto\/bombilla-br30-rgb-multicolor-1000l-nexxt\/#breadcrumb\"},\"inLanguage\":\"es\",\"potentialAction\":[{\"@type\":\"ReadAction\",\"target\":[\"https:\/\/mivoot.com\/gt\/producto\/bombilla-br30-rgb-multicolor-1000l-nexxt\/\"]}]},{\"@type\":\"ImageObject\",\"inLanguage\":\"es\",\"@id\":\"https:\/\/mivoot.com\/gt\/producto\/bombilla-br30-rgb-multicolor-1000l-nexxt\/#primaryimage\",\"url\":\"https:\/\/mivoot.com\/gt\/wp-content\/uploads\/2021\/03\/NHB-C210_land.jpg\",\"contentUrl\":\"https:\/\/mivoot.com\/gt\/wp-content\/uploads\/2021\/03\/NHB-C210_land.jpg\",\"width\":557,\"height\":666},{\"@type\":\"BreadcrumbList\",\"@id\":\"https:\/\/mivoot.com\/gt\/producto\/bombilla-br30-rgb-multicolor-1000l-nexxt\/#breadcrumb\",\"itemListElement\":[{\"@type\":\"ListItem\",\"position\":1,\"name\":\"Inicio\",\"item\":\"https:\/\/mivoot.com\/gt\/\"},{\"@type\":\"ListItem\",\"position\":2,\"name\":\"Productos\",\"item\":\"https:\/\/mivoot.com\/gt\/producto\/\"},{\"@type\":\"ListItem\",\"position\":3,\"name\":\"Nexxt\",\"item\":\"https:\/\/mivoot.com\/gt\/marca\/nexxt\/\"},{\"@type\":\"ListItem\",\"position\":4,\"name\":\"Bombilla BR30 RGB Multicolor 1000L Nexxt\"}]},{\"@type\":\"WebSite\",\"@id\":\"https:\/\/mivoot.com\/gt\/#website\",\"url\":\"https:\/\/mivoot.com\/gt\/\",\"name\":\"Mivoot\",\"description\":\"Mivoot Guatemala | Tienda Online\",\"publisher\":{\"@id\":\"https:\/\/mivoot.com\/gt\/#organization\"},\"alternateName\":\"mivoot\",\"potentialAction\":[{\"@type\":\"SearchAction\",\"target\":{\"@type\":\"EntryPoint\",\"urlTemplate\":\"https:\/\/mivoot.com\/gt\/?s={search_term_string}\"},\"query-input\":{\"@type\":\"PropertyValueSpecification\",\"valueRequired\":true,\"valueName\":\"search_term_string\"}}],\"inLanguage\":\"es\"},{\"@type\":\"Organization\",\"@id\":\"https:\/\/mivoot.com\/gt\/#organization\",\"name\":\"Mivoot Guatemala\",\"alternateName\":\"mivoot.com\",\"url\":\"https:\/\/mivoot.com\/gt\/\",\"logo\":{\"@type\":\"ImageObject\",\"inLanguage\":\"es\",\"@id\":\"https:\/\/mivoot.com\/gt\/#\/schema\/logo\/image\/\",\"url\":\"https:\/\/mivoot.com\/gt\/wp-content\/uploads\/2023\/03\/cropped-icon.png\",\"contentUrl\":\"https:\/\/mivoot.com\/gt\/wp-content\/uploads\/2023\/03\/cropped-icon.png\",\"width\":512,\"height\":512,\"caption\":\"Mivoot Guatemala\"},\"image\":{\"@id\":\"https:\/\/mivoot.com\/gt\/#\/schema\/logo\/image\/\"},\"sameAs\":[\"https:\/\/www.facebook.com\/mivootgt\",\"https:\/\/instagram.com\/mivoot\"]}]}<\/script>\n<!-- \/ Yoast SEO Premium plugin. -->","yoast_head_json":{"title":"Bombilla BR30 RGB Multicolor 1000L Nexxt - Mivoot","robots":{"index":"index","follow":"follow","max-snippet":"max-snippet:-1","max-image-preview":"max-image-preview:large","max-video-preview":"max-video-preview:-1"},"canonical":"https:\/\/mivoot.com\/gt\/producto\/bombilla-br30-rgb-multicolor-1000l-nexxt\/","og_locale":"es_ES","og_type":"article","og_title":"Bombilla BR30 RGB Multicolor 1000L Nexxt","og_description":"NexxtHome - Bombilla inteligente Wi-Fi con LED multicolor Crea un ambiente m\u00e1gico con la iluminaci\u00f3n perfecta. Controla las luces de tu hogar en forma remota con el sonido de voz, o con tu dispositivo inteligente, desde dondequiera que est\u00e9s   Tipo de bombilla:\u00a0BR30  Watts:\u00a010W (equivalente a 80 watts)  L\u00famenes:\u00a01000 l\u00famenes","og_url":"https:\/\/mivoot.com\/gt\/producto\/bombilla-br30-rgb-multicolor-1000l-nexxt\/","og_site_name":"Mivoot","article_publisher":"https:\/\/www.facebook.com\/mivootgt","article_modified_time":"2021-03-24T00:22:55+00:00","og_image":[{"width":557,"height":666,"url":"https:\/\/mivoot.com\/gt\/wp-content\/uploads\/2021\/03\/NHB-C210_land.jpg","type":"image\/jpeg"}],"twitter_card":"summary_large_image","twitter_misc":{"Est. reading time":"1 minuto"},"schema":{"@context":"https:\/\/schema.org","@graph":[{"@type":"WebPage","@id":"https:\/\/mivoot.com\/gt\/producto\/bombilla-br30-rgb-multicolor-1000l-nexxt\/","url":"https:\/\/mivoot.com\/gt\/producto\/bombilla-br30-rgb-multicolor-1000l-nexxt\/","name":"Bombilla BR30 RGB Multicolor 1000L Nexxt - Mivoot","isPartOf":{"@id":"https:\/\/mivoot.com\/gt\/#website"},"primaryImageOfPage":{"@id":"https:\/\/mivoot.com\/gt\/producto\/bombilla-br30-rgb-multicolor-1000l-nexxt\/#primaryimage"},"image":{"@id":"https:\/\/mivoot.com\/gt\/producto\/bombilla-br30-rgb-multicolor-1000l-nexxt\/#primaryimage"},"thumbnailUrl":"https:\/\/mivoot.com\/gt\/wp-content\/uploads\/2021\/03\/NHB-C210_land.jpg","datePublished":"2021-03-15T17:44:23+00:00","dateModified":"2021-03-24T00:22:55+00:00","breadcrumb":{"@id":"https:\/\/mivoot.com\/gt\/producto\/bombilla-br30-rgb-multicolor-1000l-nexxt\/#breadcrumb"},"inLanguage":"es","potentialAction":[{"@type":"ReadAction","target":["https:\/\/mivoot.com\/gt\/producto\/bombilla-br30-rgb-multicolor-1000l-nexxt\/"]}]},{"@type":"ImageObject","inLanguage":"es","@id":"https:\/\/mivoot.com\/gt\/producto\/bombilla-br30-rgb-multicolor-1000l-nexxt\/#primaryimage","url":"https:\/\/mivoot.com\/gt\/wp-content\/uploads\/2021\/03\/NHB-C210_land.jpg","contentUrl":"https:\/\/mivoot.com\/gt\/wp-content\/uploads\/2021\/03\/NHB-C210_land.jpg","width":557,"height":666},{"@type":"BreadcrumbList","@id":"https:\/\/mivoot.com\/gt\/producto\/bombilla-br30-rgb-multicolor-1000l-nexxt\/#breadcrumb","itemListElement":[{"@type":"ListItem","position":1,"name":"Inicio","item":"https:\/\/mivoot.com\/gt\/"},{"@type":"ListItem","position":2,"name":"Productos","item":"https:\/\/mivoot.com\/gt\/producto\/"},{"@type":"ListItem","position":3,"name":"Nexxt","item":"https:\/\/mivoot.com\/gt\/marca\/nexxt\/"},{"@type":"ListItem","position":4,"name":"Bombilla BR30 RGB Multicolor 1000L Nexxt"}]},{"@type":"WebSite","@id":"https:\/\/mivoot.com\/gt\/#website","url":"https:\/\/mivoot.com\/gt\/","name":"Mivoot","description":"Mivoot Guatemala | Tienda Online","publisher":{"@id":"https:\/\/mivoot.com\/gt\/#organization"},"alternateName":"mivoot","potentialAction":[{"@type":"SearchAction","target":{"@type":"EntryPoint","urlTemplate":"https:\/\/mivoot.com\/gt\/?s={search_term_string}"},"query-input":{"@type":"PropertyValueSpecification","valueRequired":true,"valueName":"search_term_string"}}],"inLanguage":"es"},{"@type":"Organization","@id":"https:\/\/mivoot.com\/gt\/#organization","name":"Mivoot Guatemala","alternateName":"mivoot.com","url":"https:\/\/mivoot.com\/gt\/","logo":{"@type":"ImageObject","inLanguage":"es","@id":"https:\/\/mivoot.com\/gt\/#\/schema\/logo\/image\/","url":"https:\/\/mivoot.com\/gt\/wp-content\/uploads\/2023\/03\/cropped-icon.png","contentUrl":"https:\/\/mivoot.com\/gt\/wp-content\/uploads\/2023\/03\/cropped-icon.png","width":512,"height":512,"caption":"Mivoot Guatemala"},"image":{"@id":"https:\/\/mivoot.com\/gt\/#\/schema\/logo\/image\/"},"sameAs":["https:\/\/www.facebook.com\/mivootgt","https:\/\/instagram.com\/mivoot"]}]}},"jetpack_publicize_connections":[],"jetpack_sharing_enabled":true,"brands":[{"id":72,"name":"Nexxt","slug":"nexxt"}],"_links":{"self":[{"href":"https:\/\/mivoot.com\/gt\/wp-json\/wp\/v2\/product\/480","targetHints":{"allow":["GET"]}}],"collection":[{"href":"https:\/\/mivoot.com\/gt\/wp-json\/wp\/v2\/product"}],"about":[{"href":"https:\/\/mivoot.com\/gt\/wp-json\/wp\/v2\/types\/product"}],"replies":[{"embeddable":true,"href":"https:\/\/mivoot.com\/gt\/wp-json\/wp\/v2\/comments?post=480"}],"version-history":[{"count":6,"href":"https:\/\/mivoot.com\/gt\/wp-json\/wp\/v2\/product\/480\/revisions"}],"predecessor-version":[{"id":1241,"href":"https:\/\/mivoot.com\/gt\/wp-json\/wp\/v2\/product\/480\/revisions\/1241"}],"wp:featuredmedia":[{"embeddable":true,"href":"https:\/\/mivoot.com\/gt\/wp-json\/wp\/v2\/media\/1224"}],"wp:attachment":[{"href":"https:\/\/mivoot.com\/gt\/wp-json\/wp\/v2\/media?parent=480"}],"wp:term":[{"taxonomy":"pwb-brand","embeddable":true,"href":"https:\/\/mivoot.com\/gt\/wp-json\/wp\/v2\/pwb-brand?post=480"},{"taxonomy":"product_brand","embeddable":true,"href":"https:\/\/mivoot.com\/gt\/wp-json\/wp\/v2\/product_brand?post=480"},{"taxonomy":"product_cat","embeddable":true,"href":"https:\/\/mivoot.com\/gt\/wp-json\/wp\/v2\/product_cat?post=480"},{"taxonomy":"product_tag","embeddable":true,"href":"https:\/\/mivoot.com\/gt\/wp-json\/wp\/v2\/product_tag?post=480"}],"curies":[{"name":"wp","href":"https:\/\/api.w.org\/{rel}","templated":true}]}}