{"id":506,"date":"2021-03-15T17:44:25","date_gmt":"2021-03-15T17:44:25","guid":{"rendered":"https:\/\/mivoot.com\/gt\/?post_type=product&#038;p=506"},"modified":"2024-08-19T10:42:52","modified_gmt":"2024-08-19T16:42:52","slug":"disco-duro-wd-2tb-purple-surveillance-2","status":"publish","type":"product","link":"https:\/\/mivoot.com\/gt\/producto\/disco-duro-wd-2tb-purple-surveillance-2\/","title":{"rendered":"Disco Duro WD 2TB Purple Surveillance"},"content":{"rendered":"<p>Los discos de almacenamiento para videovigilancia WD Purple incluyen la exclusiva tecnolog\u00eda AllFrame para proporcionar una fiabilidad y una tranquilidad superiores cuando instalas un sistema de seguridad en tu casa o empresa de peque\u00f1o y mediano tama\u00f1o. Las exclusivas actualizaciones del firmware de WD Purple son compatibles con la transmisi\u00f3n ATA para reducir los errores en la pixilaci\u00f3n y las interrupciones t\u00edpicas en el v\u00eddeo que ocurren cuando incorrectamente se utilizan discos duros de sobremesa en los sistemas de seguridad.<\/p>\n<p><strong>Asegure el funcionamiento de su sistema y reduzca enormemente los costos de operaci\u00f3n\u00a0<\/strong><\/p>\n<p><strong>Almacenamiento definitivo para estar protegido<\/strong><\/p>\n<p>Creado para sistemas de seguridad de alta definici\u00f3n que operan de forma ininterrumpida (24\/7). Los discos WD Purple cuentan con una carga de trabajo de hasta 180TB\/a\u00f1o, soportan hasta 64 c\u00e1maras y est\u00e1n optimizados para sistemas de videovigilancia.<\/p>\n<p>-El disco duro adecuado para el trabajo adecuado<br \/>\nLos discos duros WD Purple han sido ideados espec\u00edficamente para las demandas extremas de los sistemas de videovigilancia que funcionan las 24 horas, los 365 d\u00edas, y alcanzan altas temperaturas.<\/p>\n<p>-Un rendimiento en el que puede confiar<br \/>\nFabricado por un l\u00edder mundial en la industria del almacenamiento, WD Purple se ha ideado para la reproducci\u00f3n de video de alta calidad cuando m\u00e1s lo necesita.<\/p>\n<p>-Ampl\u00ede su visi\u00f3n hasta 64 c\u00e1maras<br \/>\nLos discos duros WD Purple est\u00e1n optimizados para soportar hasta 64 c\u00e1maras, d\u00e1ndole la flexibilidad de actualizar y ampliar su sistema de seguridad en el futuro.<\/p>\n<p>&nbsp;<\/p>\n<p><strong>INTEGRACI\u00d3N IMPECABLE<\/strong><\/p>\n<p>La compatibilidad con una amplia gama de dispositivos y chipsets l\u00edderes en el sector asegura que sin duda encontrar\u00e1 la configuraci\u00f3n y compatibilidad que se ajusten a su DVR\/NVR.<\/p>\n<p>&nbsp;<\/p>\n<p><strong>MENOS ES M\u00c1S<\/strong><\/p>\n<p>Un bajo consumo de energ\u00eda es crucial en un entorno de videovigilancia que funciona permanentemente y alcanza altas temperaturas. La tecnolog\u00eda IntelliSeek ayuda a reducir las vibraciones y el ruido ambiental.<\/p>\n<p><strong>DISE\u00d1ADO PARA LA VIDEOVIGILANCIA<\/strong><\/p>\n<p>El disco duro WD Purple est\u00e1 dise\u00f1ado para los sistemas de seguridad y es compatible con muchos de los fabricantes l\u00edderes en vigilancia y seguridad.<\/p>\n<p><strong>\u00bfCU\u00c1L ES LA DIFERENCIA ENTRE LOS DISCOS DUROS WD PURPLE Y LOS DISCOS DUROS PARA PC?<\/strong><\/p>\n<p>El disco duro \u00a0 WD Purple est\u00e1 espec\u00edficamente dise\u00f1ado para soluciones de videovigilancia que funcionan 24\/7 y est\u00e1 optimizado con la tecnolog\u00eda AllFrame4k<sup>TM<\/sup>\u00a0para una mejor reproducci\u00f3n y rendimiento del sistema.<br \/>\nLos discos duros WD Purple admiten el triple de carga de trabajo de los discos para PC (dise\u00f1ados para trabajar 8\/5), lo que hace que puedan gestionar las demandas m\u00e1s exigentes de los sistemas de videovigilancia.<\/p>\n<div><\/div>\n","protected":false},"excerpt":{"rendered":"<p><strong>Capacidad:<\/strong>\u00a02 TB.<br \/>\n<strong>Factor de forma:<\/strong>\u00a03.5 pulgadas.<br \/>\n<strong>Velocidad de Transferencia de datos:<\/strong><br \/>\n&#8211; B\u00fafer a host: 6Gb\/s.<br \/>\n&#8211; Host a\/desde disco (sostenido): 145 MB\/s<br \/>\n<strong>Cache:\u00a0<\/strong>64 MB.<br \/>\n<strong>Velocidad de rotaci\u00f3n:\u00a0<\/strong>5400RMP.<br \/>\n<strong>Interfaz<\/strong>:\u00a0SATA III,\u00a06.0 Gb\/s.<br \/>\n<strong>Aplicaci\u00f3n:\u00a0<\/strong>Optimizado para Aplicaciones de Video Vigilancia<br \/>\n<strong>Cantidad de bah\u00edas:<\/strong>\u00a0De 1 a 8.<br \/>\n<strong>Cantidad de c\u00e1maras:<\/strong>\u00a0De 1 a 64.<\/p>\n","protected":false},"featured_media":3448,"comment_status":"open","ping_status":"closed","template":"","meta":{"jetpack_publicize_message":"","jetpack_publicize_feature_enabled":true,"jetpack_social_post_already_shared":false,"jetpack_social_options":{"image_generator_settings":{"template":"highway","default_image_id":0,"font":"","enabled":false},"version":2}},"pwb-brand":[144],"product_brand":[],"product_cat":[146,157],"product_tag":[],"class_list":{"0":"post-506","1":"product","2":"type-product","3":"status-publish","4":"has-post-thumbnail","6":"pwb-brand-western-digital","7":"product_cat-disco-duro-interno","8":"product_cat-disco-duro-vigilancia","10":"first","11":"instock","12":"taxable","13":"shipping-taxable","14":"purchasable","15":"product-type-simple"},"yoast_head":"<!-- This site is optimized with the Yoast SEO Premium plugin v25.7.1 (Yoast SEO v26.8) - https:\/\/yoast.com\/product\/yoast-seo-premium-wordpress\/ -->\n<title>Disco Duro WD 2TB Purple Surveillance - Mivoot<\/title>\n<meta name=\"robots\" content=\"index, follow, max-snippet:-1, max-image-preview:large, max-video-preview:-1\" \/>\n<link rel=\"canonical\" href=\"https:\/\/mivoot.com\/gt\/producto\/disco-duro-wd-2tb-purple-surveillance-2\/\" \/>\n<meta property=\"og:locale\" content=\"es_ES\" \/>\n<meta property=\"og:type\" content=\"article\" \/>\n<meta property=\"og:title\" content=\"Disco Duro WD 2TB Purple Surveillance\" \/>\n<meta property=\"og:description\" content=\"Capacidad:\u00a02 TB. Factor de forma:\u00a03.5 pulgadas. Velocidad de Transferencia de datos: - B\u00fafer a host: 6Gb\/s. - Host a\/desde disco (sostenido): 145 MB\/s Cache:\u00a064 MB. Velocidad de rotaci\u00f3n:\u00a05400RMP. Interfaz:\u00a0SATA III,\u00a06.0 Gb\/s. Aplicaci\u00f3n:\u00a0Optimizado para Aplicaciones de Video Vigilancia Cantidad de bah\u00edas:\u00a0De 1 a 8. Cantidad de c\u00e1maras:\u00a0De 1 a 64.\" \/>\n<meta property=\"og:url\" content=\"https:\/\/mivoot.com\/gt\/producto\/disco-duro-wd-2tb-purple-surveillance-2\/\" \/>\n<meta property=\"og:site_name\" content=\"Mivoot\" \/>\n<meta property=\"article:publisher\" content=\"https:\/\/www.facebook.com\/mivootgt\" \/>\n<meta property=\"article:modified_time\" content=\"2024-08-19T16:42:52+00:00\" \/>\n<meta property=\"og:image\" content=\"https:\/\/mivoot.com\/gt\/wp-content\/uploads\/2021\/03\/wd20purz343.jpg\" \/>\n\t<meta property=\"og:image:width\" content=\"800\" \/>\n\t<meta property=\"og:image:height\" content=\"800\" \/>\n\t<meta property=\"og:image:type\" content=\"image\/jpeg\" \/>\n<meta name=\"twitter:card\" content=\"summary_large_image\" \/>\n<meta name=\"twitter:label1\" content=\"Est. reading time\" \/>\n\t<meta name=\"twitter:data1\" content=\"2 minutos\" \/>\n<script type=\"application\/ld+json\" class=\"yoast-schema-graph\">{\"@context\":\"https:\/\/schema.org\",\"@graph\":[{\"@type\":\"WebPage\",\"@id\":\"https:\/\/mivoot.com\/gt\/producto\/disco-duro-wd-2tb-purple-surveillance-2\/\",\"url\":\"https:\/\/mivoot.com\/gt\/producto\/disco-duro-wd-2tb-purple-surveillance-2\/\",\"name\":\"Disco Duro WD 2TB Purple Surveillance - Mivoot\",\"isPartOf\":{\"@id\":\"https:\/\/mivoot.com\/gt\/#website\"},\"primaryImageOfPage\":{\"@id\":\"https:\/\/mivoot.com\/gt\/producto\/disco-duro-wd-2tb-purple-surveillance-2\/#primaryimage\"},\"image\":{\"@id\":\"https:\/\/mivoot.com\/gt\/producto\/disco-duro-wd-2tb-purple-surveillance-2\/#primaryimage\"},\"thumbnailUrl\":\"https:\/\/mivoot.com\/gt\/wp-content\/uploads\/2021\/03\/wd20purz343.jpg\",\"datePublished\":\"2021-03-15T17:44:25+00:00\",\"dateModified\":\"2024-08-19T16:42:52+00:00\",\"breadcrumb\":{\"@id\":\"https:\/\/mivoot.com\/gt\/producto\/disco-duro-wd-2tb-purple-surveillance-2\/#breadcrumb\"},\"inLanguage\":\"es\",\"potentialAction\":[{\"@type\":\"ReadAction\",\"target\":[\"https:\/\/mivoot.com\/gt\/producto\/disco-duro-wd-2tb-purple-surveillance-2\/\"]}]},{\"@type\":\"ImageObject\",\"inLanguage\":\"es\",\"@id\":\"https:\/\/mivoot.com\/gt\/producto\/disco-duro-wd-2tb-purple-surveillance-2\/#primaryimage\",\"url\":\"https:\/\/mivoot.com\/gt\/wp-content\/uploads\/2021\/03\/wd20purz343.jpg\",\"contentUrl\":\"https:\/\/mivoot.com\/gt\/wp-content\/uploads\/2021\/03\/wd20purz343.jpg\",\"width\":800,\"height\":800},{\"@type\":\"BreadcrumbList\",\"@id\":\"https:\/\/mivoot.com\/gt\/producto\/disco-duro-wd-2tb-purple-surveillance-2\/#breadcrumb\",\"itemListElement\":[{\"@type\":\"ListItem\",\"position\":1,\"name\":\"Inicio\",\"item\":\"https:\/\/mivoot.com\/gt\/\"},{\"@type\":\"ListItem\",\"position\":2,\"name\":\"Productos\",\"item\":\"https:\/\/mivoot.com\/gt\/producto\/\"},{\"@type\":\"ListItem\",\"position\":3,\"name\":\"Western Digital\",\"item\":\"https:\/\/mivoot.com\/gt\/marca\/western-digital\/\"},{\"@type\":\"ListItem\",\"position\":4,\"name\":\"Disco Duro WD 2TB Purple Surveillance\"}]},{\"@type\":\"WebSite\",\"@id\":\"https:\/\/mivoot.com\/gt\/#website\",\"url\":\"https:\/\/mivoot.com\/gt\/\",\"name\":\"Mivoot\",\"description\":\"Mivoot Guatemala | Tienda Online\",\"publisher\":{\"@id\":\"https:\/\/mivoot.com\/gt\/#organization\"},\"alternateName\":\"mivoot\",\"potentialAction\":[{\"@type\":\"SearchAction\",\"target\":{\"@type\":\"EntryPoint\",\"urlTemplate\":\"https:\/\/mivoot.com\/gt\/?s={search_term_string}\"},\"query-input\":{\"@type\":\"PropertyValueSpecification\",\"valueRequired\":true,\"valueName\":\"search_term_string\"}}],\"inLanguage\":\"es\"},{\"@type\":\"Organization\",\"@id\":\"https:\/\/mivoot.com\/gt\/#organization\",\"name\":\"Mivoot Guatemala\",\"alternateName\":\"mivoot.com\",\"url\":\"https:\/\/mivoot.com\/gt\/\",\"logo\":{\"@type\":\"ImageObject\",\"inLanguage\":\"es\",\"@id\":\"https:\/\/mivoot.com\/gt\/#\/schema\/logo\/image\/\",\"url\":\"https:\/\/mivoot.com\/gt\/wp-content\/uploads\/2023\/03\/cropped-icon.png\",\"contentUrl\":\"https:\/\/mivoot.com\/gt\/wp-content\/uploads\/2023\/03\/cropped-icon.png\",\"width\":512,\"height\":512,\"caption\":\"Mivoot Guatemala\"},\"image\":{\"@id\":\"https:\/\/mivoot.com\/gt\/#\/schema\/logo\/image\/\"},\"sameAs\":[\"https:\/\/www.facebook.com\/mivootgt\",\"https:\/\/instagram.com\/mivoot\"]}]}<\/script>\n<!-- \/ Yoast SEO Premium plugin. -->","yoast_head_json":{"title":"Disco Duro WD 2TB Purple Surveillance - Mivoot","robots":{"index":"index","follow":"follow","max-snippet":"max-snippet:-1","max-image-preview":"max-image-preview:large","max-video-preview":"max-video-preview:-1"},"canonical":"https:\/\/mivoot.com\/gt\/producto\/disco-duro-wd-2tb-purple-surveillance-2\/","og_locale":"es_ES","og_type":"article","og_title":"Disco Duro WD 2TB Purple Surveillance","og_description":"Capacidad:\u00a02 TB. Factor de forma:\u00a03.5 pulgadas. Velocidad de Transferencia de datos: - B\u00fafer a host: 6Gb\/s. - Host a\/desde disco (sostenido): 145 MB\/s Cache:\u00a064 MB. Velocidad de rotaci\u00f3n:\u00a05400RMP. Interfaz:\u00a0SATA III,\u00a06.0 Gb\/s. Aplicaci\u00f3n:\u00a0Optimizado para Aplicaciones de Video Vigilancia Cantidad de bah\u00edas:\u00a0De 1 a 8. Cantidad de c\u00e1maras:\u00a0De 1 a 64.","og_url":"https:\/\/mivoot.com\/gt\/producto\/disco-duro-wd-2tb-purple-surveillance-2\/","og_site_name":"Mivoot","article_publisher":"https:\/\/www.facebook.com\/mivootgt","article_modified_time":"2024-08-19T16:42:52+00:00","og_image":[{"width":800,"height":800,"url":"https:\/\/mivoot.com\/gt\/wp-content\/uploads\/2021\/03\/wd20purz343.jpg","type":"image\/jpeg"}],"twitter_card":"summary_large_image","twitter_misc":{"Est. reading time":"2 minutos"},"schema":{"@context":"https:\/\/schema.org","@graph":[{"@type":"WebPage","@id":"https:\/\/mivoot.com\/gt\/producto\/disco-duro-wd-2tb-purple-surveillance-2\/","url":"https:\/\/mivoot.com\/gt\/producto\/disco-duro-wd-2tb-purple-surveillance-2\/","name":"Disco Duro WD 2TB Purple Surveillance - Mivoot","isPartOf":{"@id":"https:\/\/mivoot.com\/gt\/#website"},"primaryImageOfPage":{"@id":"https:\/\/mivoot.com\/gt\/producto\/disco-duro-wd-2tb-purple-surveillance-2\/#primaryimage"},"image":{"@id":"https:\/\/mivoot.com\/gt\/producto\/disco-duro-wd-2tb-purple-surveillance-2\/#primaryimage"},"thumbnailUrl":"https:\/\/mivoot.com\/gt\/wp-content\/uploads\/2021\/03\/wd20purz343.jpg","datePublished":"2021-03-15T17:44:25+00:00","dateModified":"2024-08-19T16:42:52+00:00","breadcrumb":{"@id":"https:\/\/mivoot.com\/gt\/producto\/disco-duro-wd-2tb-purple-surveillance-2\/#breadcrumb"},"inLanguage":"es","potentialAction":[{"@type":"ReadAction","target":["https:\/\/mivoot.com\/gt\/producto\/disco-duro-wd-2tb-purple-surveillance-2\/"]}]},{"@type":"ImageObject","inLanguage":"es","@id":"https:\/\/mivoot.com\/gt\/producto\/disco-duro-wd-2tb-purple-surveillance-2\/#primaryimage","url":"https:\/\/mivoot.com\/gt\/wp-content\/uploads\/2021\/03\/wd20purz343.jpg","contentUrl":"https:\/\/mivoot.com\/gt\/wp-content\/uploads\/2021\/03\/wd20purz343.jpg","width":800,"height":800},{"@type":"BreadcrumbList","@id":"https:\/\/mivoot.com\/gt\/producto\/disco-duro-wd-2tb-purple-surveillance-2\/#breadcrumb","itemListElement":[{"@type":"ListItem","position":1,"name":"Inicio","item":"https:\/\/mivoot.com\/gt\/"},{"@type":"ListItem","position":2,"name":"Productos","item":"https:\/\/mivoot.com\/gt\/producto\/"},{"@type":"ListItem","position":3,"name":"Western Digital","item":"https:\/\/mivoot.com\/gt\/marca\/western-digital\/"},{"@type":"ListItem","position":4,"name":"Disco Duro WD 2TB Purple Surveillance"}]},{"@type":"WebSite","@id":"https:\/\/mivoot.com\/gt\/#website","url":"https:\/\/mivoot.com\/gt\/","name":"Mivoot","description":"Mivoot Guatemala | Tienda Online","publisher":{"@id":"https:\/\/mivoot.com\/gt\/#organization"},"alternateName":"mivoot","potentialAction":[{"@type":"SearchAction","target":{"@type":"EntryPoint","urlTemplate":"https:\/\/mivoot.com\/gt\/?s={search_term_string}"},"query-input":{"@type":"PropertyValueSpecification","valueRequired":true,"valueName":"search_term_string"}}],"inLanguage":"es"},{"@type":"Organization","@id":"https:\/\/mivoot.com\/gt\/#organization","name":"Mivoot Guatemala","alternateName":"mivoot.com","url":"https:\/\/mivoot.com\/gt\/","logo":{"@type":"ImageObject","inLanguage":"es","@id":"https:\/\/mivoot.com\/gt\/#\/schema\/logo\/image\/","url":"https:\/\/mivoot.com\/gt\/wp-content\/uploads\/2023\/03\/cropped-icon.png","contentUrl":"https:\/\/mivoot.com\/gt\/wp-content\/uploads\/2023\/03\/cropped-icon.png","width":512,"height":512,"caption":"Mivoot Guatemala"},"image":{"@id":"https:\/\/mivoot.com\/gt\/#\/schema\/logo\/image\/"},"sameAs":["https:\/\/www.facebook.com\/mivootgt","https:\/\/instagram.com\/mivoot"]}]}},"jetpack_publicize_connections":[],"jetpack_sharing_enabled":true,"brands":[{"id":144,"name":"Western Digital","slug":"western-digital"}],"_links":{"self":[{"href":"https:\/\/mivoot.com\/gt\/wp-json\/wp\/v2\/product\/506","targetHints":{"allow":["GET"]}}],"collection":[{"href":"https:\/\/mivoot.com\/gt\/wp-json\/wp\/v2\/product"}],"about":[{"href":"https:\/\/mivoot.com\/gt\/wp-json\/wp\/v2\/types\/product"}],"replies":[{"embeddable":true,"href":"https:\/\/mivoot.com\/gt\/wp-json\/wp\/v2\/comments?post=506"}],"version-history":[{"count":2,"href":"https:\/\/mivoot.com\/gt\/wp-json\/wp\/v2\/product\/506\/revisions"}],"predecessor-version":[{"id":3446,"href":"https:\/\/mivoot.com\/gt\/wp-json\/wp\/v2\/product\/506\/revisions\/3446"}],"wp:featuredmedia":[{"embeddable":true,"href":"https:\/\/mivoot.com\/gt\/wp-json\/wp\/v2\/media\/3448"}],"wp:attachment":[{"href":"https:\/\/mivoot.com\/gt\/wp-json\/wp\/v2\/media?parent=506"}],"wp:term":[{"taxonomy":"pwb-brand","embeddable":true,"href":"https:\/\/mivoot.com\/gt\/wp-json\/wp\/v2\/pwb-brand?post=506"},{"taxonomy":"product_brand","embeddable":true,"href":"https:\/\/mivoot.com\/gt\/wp-json\/wp\/v2\/product_brand?post=506"},{"taxonomy":"product_cat","embeddable":true,"href":"https:\/\/mivoot.com\/gt\/wp-json\/wp\/v2\/product_cat?post=506"},{"taxonomy":"product_tag","embeddable":true,"href":"https:\/\/mivoot.com\/gt\/wp-json\/wp\/v2\/product_tag?post=506"}],"curies":[{"name":"wp","href":"https:\/\/api.w.org\/{rel}","templated":true}]}}