{"id":507,"date":"2021-03-15T17:44:25","date_gmt":"2021-03-15T23:44:25","guid":{"rendered":"https:\/\/mivoot.com\/gt\/?post_type=product&#038;p=507"},"modified":"2026-02-07T15:20:03","modified_gmt":"2026-02-07T21:20:03","slug":"disco-ssd-120gb-kingston-a400","status":"publish","type":"product","link":"https:\/\/mivoot.com\/gt\/producto\/disco-ssd-120gb-kingston-a400\/","title":{"rendered":"Disco SSD 120GB Kingston A400"},"content":{"rendered":"<p>La unidad A400 de estado s\u00f3lido de Kingston ofrece enormes mejoras en la velocidad de respuesta, sin actualizaciones adicionales del hardware. Brinda lapsos de arranque, carga y de transferencia de archivos incre\u00edblemente m\u00e1s breves en comparaci\u00f3n con las unidades de disco duro mec\u00e1nico. Apoyada en su controlador de la m\u00e1s reciente generaci\u00f3n, que ofrece velocidades de lectura y escritura de hasta 500 MB\/s y 450 MB\/s<span class=\"footnote-sub\" data-original=\"{{Footnote.N56784}}\"><sup>1<\/sup><\/span>, respectivamente, esta unidad SSD es 10 veces m\u00e1s r\u00e1pida que los discos duros tradicionales y provee un mejor rendimiento, velocidad de respuesta ultrarr\u00e1pida en el procesamiento multitareas y una aceleraci\u00f3n general del sistema. Adem\u00e1s son m\u00e1s fiables y duraderas que las unidades de disco duro, y est\u00e1n disponibles en varias capacidades que van de 120 GB hasta 1,92 TB<span class=\"footnote-sub\" data-original=\"{{Footnote.N37130}}\"><sup>2<\/sup><\/span>.<\/p>\n<table>\n<tbody>\n<tr>\n<td>Factor de forma<\/td>\n<td>2,5&#8243; y M.2 2280<\/td>\n<\/tr>\n<tr>\n<td>Interfaz<\/td>\n<td>SATA Rev. 3.0 (6 Gb\/s), retrocompatible con SATA Rev. 2.0 (3 Gb\/s)<\/td>\n<\/tr>\n<tr>\n<td>Capacidades<span class=\"footnote-sub\" data-original=\"{{Footnote.N37130}}\"><sup>2<\/sup><\/span><\/td>\n<td>120GB, 240GB, 480GB, 960GB, 1,92 TB<\/td>\n<\/tr>\n<tr>\n<td>NAND<\/td>\n<td>3D<\/td>\n<\/tr>\n<tr>\n<th colspan=\"2\">\n<h3 class=\"txt-center\">Rendimiento de referencia<span class=\"footnote-sub\" data-original=\"{{Footnote.N56784}}\"><sup>1<\/sup><\/span><\/h3>\n<\/th>\n<\/tr>\n<tr>\n<td>Transferencia de datos (ATTO)<\/td>\n<td>120 GB \u2013 hasta 500 MB\/s en lectura y 320 MB\/s en escritura<br \/>\n240 GB \u2013 hasta 500 MB\/s en lectura y 350 MB\/s en escritura<br \/>\n480 GB \u2013 hasta 500 MB\/s en lectura y 450 MB\/s en escritura<br \/>\n960 GB \u2013 hasta 500 MB\/s en lectura y 450 MB\/s en escritura<br \/>\n1,92 TB \u2013 hasta 500 MB\/s en lectura y 450 MB\/s en escritura<\/td>\n<\/tr>\n<tr>\n<td>Consumo de energ\u00eda<\/td>\n<td>0,195 W en reposo \/ 0,279 W promedio \/ 0,642 W (m\u00e1x) lectura \/ 1,535 W (m\u00e1x) escritura<\/td>\n<\/tr>\n<tr>\n<td>Temperatura de almacenamiento<\/td>\n<td>-40\u00b0C~85\u00b0C<\/td>\n<\/tr>\n<tr>\n<td>Temperatura de servicio<\/td>\n<td>0\u00b0C~70\u00b0C<\/td>\n<\/tr>\n<tr>\n<td>Dimensiones<\/td>\n<td>100,0 mm x 69,9 mm x 7,0 mm (2,5\u201d)<br \/>\n80 mm x 22 mm x 1,35 mm (M.2)<\/td>\n<\/tr>\n<tr>\n<td>Peso<\/td>\n<td>39 g (120 GB \u2013 2,5\u201d)<br \/>\n41 g (240-480 GB \u2013 2,5\u201d)<br \/>\n41,9 g (960 GB \u2013 2,5\u201d)<br \/>\n5,5 g (120 GB \u2013 M.2)<br \/>\n6,7 g (240 GB \u2013 M.2)<br \/>\n5,5 g (480 GB \u2013 M.2)<\/td>\n<\/tr>\n<tr>\n<td>Vibraci\u00f3n en funcionamiento<\/td>\n<td>2,17 G m\u00e1xima (7\u2013800 Hz)<\/td>\n<\/tr>\n<tr>\n<td>Vibraci\u00f3n en reposo<\/td>\n<td>20 G m\u00e1xima (10\u20132000 Hz)<\/td>\n<\/tr>\n<tr>\n<td>Vida \u00fatil<\/td>\n<td>1 mill\u00f3n de horas MTBF<\/td>\n<\/tr>\n<\/tbody>\n<\/table>\n","protected":false},"excerpt":{"rendered":"<p>La unidad A400 de estado s\u00f3lido de Kingston ofrece enormes mejoras en la velocidad de respuesta, sin actualizaciones adicionales del hardware. Brinda lapsos de arranque, carga y de transferencia de archivos incre\u00edblemente m\u00e1s breves en comparaci\u00f3n con las unidades de disco duro mec\u00e1nico.<\/p>\n<p>&#8211; Factor Forma 2.5&#8243;<br \/>\n&#8211; Capacidad 120 GB<br \/>\n&#8211; Interfaz SATA III 6 Gb\/s<br \/>\n&#8211; 500MB\/s Lectura<br \/>\n&#8211; 320MB\/s Escritura<\/p>\n","protected":false},"featured_media":3363,"comment_status":"open","ping_status":"closed","template":"","meta":{"jetpack_publicize_message":"","jetpack_publicize_feature_enabled":true,"jetpack_social_post_already_shared":false,"jetpack_social_options":{"image_generator_settings":{"template":"highway","default_image_id":0,"font":"","enabled":false},"version":2}},"pwb-brand":[115],"product_brand":[],"product_cat":[143],"product_tag":[],"class_list":{"0":"post-507","1":"product","2":"type-product","3":"status-publish","4":"has-post-thumbnail","6":"pwb-brand-kingston","7":"product_cat-disco-estado-solido-ssd","9":"first","10":"instock","11":"taxable","12":"shipping-taxable","13":"purchasable","14":"product-type-simple"},"yoast_head":"<!-- This site is optimized with the Yoast SEO Premium plugin v25.7.1 (Yoast SEO v26.8) - https:\/\/yoast.com\/product\/yoast-seo-premium-wordpress\/ -->\n<title>Disco SSD 120GB Kingston A400 - Mivoot<\/title>\n<meta name=\"robots\" content=\"index, follow, max-snippet:-1, max-image-preview:large, max-video-preview:-1\" \/>\n<link rel=\"canonical\" href=\"https:\/\/mivoot.com\/gt\/producto\/disco-ssd-120gb-kingston-a400\/\" \/>\n<meta property=\"og:locale\" content=\"es_ES\" \/>\n<meta property=\"og:type\" content=\"article\" \/>\n<meta property=\"og:title\" content=\"Disco SSD 120GB Kingston A400\" \/>\n<meta property=\"og:description\" content=\"La unidad A400 de estado s\u00f3lido de Kingston ofrece enormes mejoras en la velocidad de respuesta, sin actualizaciones adicionales del hardware. Brinda lapsos de arranque, carga y de transferencia de archivos incre\u00edblemente m\u00e1s breves en comparaci\u00f3n con las unidades de disco duro mec\u00e1nico. &#8211; Factor Forma 2.5&#8243; &#8211; Capacidad 120 GB &#8211; Interfaz SATA III 6 Gb\/s &#8211; 500MB\/s Lectura &#8211; 320MB\/s Escritura\" \/>\n<meta property=\"og:url\" content=\"https:\/\/mivoot.com\/gt\/producto\/disco-ssd-120gb-kingston-a400\/\" \/>\n<meta property=\"og:site_name\" content=\"Mivoot\" \/>\n<meta property=\"article:publisher\" content=\"https:\/\/www.facebook.com\/mivootgt\" \/>\n<meta property=\"article:modified_time\" content=\"2026-02-07T21:20:03+00:00\" \/>\n<meta property=\"og:image\" content=\"https:\/\/mivoot.com\/gt\/wp-content\/uploads\/2021\/03\/120-4.jpg\" \/>\n\t<meta property=\"og:image:width\" content=\"1500\" \/>\n\t<meta property=\"og:image:height\" content=\"1500\" \/>\n\t<meta property=\"og:image:type\" content=\"image\/jpeg\" \/>\n<meta name=\"twitter:card\" content=\"summary_large_image\" \/>\n<meta name=\"twitter:label1\" content=\"Est. reading time\" \/>\n\t<meta name=\"twitter:data1\" content=\"2 minutos\" \/>\n<script type=\"application\/ld+json\" class=\"yoast-schema-graph\">{\"@context\":\"https:\/\/schema.org\",\"@graph\":[{\"@type\":\"WebPage\",\"@id\":\"https:\/\/mivoot.com\/gt\/producto\/disco-ssd-120gb-kingston-a400\/\",\"url\":\"https:\/\/mivoot.com\/gt\/producto\/disco-ssd-120gb-kingston-a400\/\",\"name\":\"Disco SSD 120GB Kingston A400 - Mivoot\",\"isPartOf\":{\"@id\":\"https:\/\/mivoot.com\/gt\/#website\"},\"primaryImageOfPage\":{\"@id\":\"https:\/\/mivoot.com\/gt\/producto\/disco-ssd-120gb-kingston-a400\/#primaryimage\"},\"image\":{\"@id\":\"https:\/\/mivoot.com\/gt\/producto\/disco-ssd-120gb-kingston-a400\/#primaryimage\"},\"thumbnailUrl\":\"https:\/\/mivoot.com\/gt\/wp-content\/uploads\/2021\/03\/120-4.jpg\",\"datePublished\":\"2021-03-15T23:44:25+00:00\",\"dateModified\":\"2026-02-07T21:20:03+00:00\",\"breadcrumb\":{\"@id\":\"https:\/\/mivoot.com\/gt\/producto\/disco-ssd-120gb-kingston-a400\/#breadcrumb\"},\"inLanguage\":\"es\",\"potentialAction\":[{\"@type\":\"ReadAction\",\"target\":[\"https:\/\/mivoot.com\/gt\/producto\/disco-ssd-120gb-kingston-a400\/\"]}]},{\"@type\":\"ImageObject\",\"inLanguage\":\"es\",\"@id\":\"https:\/\/mivoot.com\/gt\/producto\/disco-ssd-120gb-kingston-a400\/#primaryimage\",\"url\":\"https:\/\/mivoot.com\/gt\/wp-content\/uploads\/2021\/03\/120-4.jpg\",\"contentUrl\":\"https:\/\/mivoot.com\/gt\/wp-content\/uploads\/2021\/03\/120-4.jpg\",\"width\":1500,\"height\":1500},{\"@type\":\"BreadcrumbList\",\"@id\":\"https:\/\/mivoot.com\/gt\/producto\/disco-ssd-120gb-kingston-a400\/#breadcrumb\",\"itemListElement\":[{\"@type\":\"ListItem\",\"position\":1,\"name\":\"Inicio\",\"item\":\"https:\/\/mivoot.com\/gt\/\"},{\"@type\":\"ListItem\",\"position\":2,\"name\":\"Productos\",\"item\":\"https:\/\/mivoot.com\/gt\/producto\/\"},{\"@type\":\"ListItem\",\"position\":3,\"name\":\"Kingston\",\"item\":\"https:\/\/mivoot.com\/gt\/marca\/kingston\/\"},{\"@type\":\"ListItem\",\"position\":4,\"name\":\"Disco SSD 120GB Kingston A400\"}]},{\"@type\":\"WebSite\",\"@id\":\"https:\/\/mivoot.com\/gt\/#website\",\"url\":\"https:\/\/mivoot.com\/gt\/\",\"name\":\"Mivoot\",\"description\":\"Mivoot Guatemala | Tienda Online\",\"publisher\":{\"@id\":\"https:\/\/mivoot.com\/gt\/#organization\"},\"alternateName\":\"mivoot\",\"potentialAction\":[{\"@type\":\"SearchAction\",\"target\":{\"@type\":\"EntryPoint\",\"urlTemplate\":\"https:\/\/mivoot.com\/gt\/?s={search_term_string}\"},\"query-input\":{\"@type\":\"PropertyValueSpecification\",\"valueRequired\":true,\"valueName\":\"search_term_string\"}}],\"inLanguage\":\"es\"},{\"@type\":\"Organization\",\"@id\":\"https:\/\/mivoot.com\/gt\/#organization\",\"name\":\"Mivoot Guatemala\",\"alternateName\":\"mivoot.com\",\"url\":\"https:\/\/mivoot.com\/gt\/\",\"logo\":{\"@type\":\"ImageObject\",\"inLanguage\":\"es\",\"@id\":\"https:\/\/mivoot.com\/gt\/#\/schema\/logo\/image\/\",\"url\":\"https:\/\/mivoot.com\/gt\/wp-content\/uploads\/2023\/03\/cropped-icon.png\",\"contentUrl\":\"https:\/\/mivoot.com\/gt\/wp-content\/uploads\/2023\/03\/cropped-icon.png\",\"width\":512,\"height\":512,\"caption\":\"Mivoot Guatemala\"},\"image\":{\"@id\":\"https:\/\/mivoot.com\/gt\/#\/schema\/logo\/image\/\"},\"sameAs\":[\"https:\/\/www.facebook.com\/mivootgt\",\"https:\/\/instagram.com\/mivoot\"]}]}<\/script>\n<!-- \/ Yoast SEO Premium plugin. -->","yoast_head_json":{"title":"Disco SSD 120GB Kingston A400 - Mivoot","robots":{"index":"index","follow":"follow","max-snippet":"max-snippet:-1","max-image-preview":"max-image-preview:large","max-video-preview":"max-video-preview:-1"},"canonical":"https:\/\/mivoot.com\/gt\/producto\/disco-ssd-120gb-kingston-a400\/","og_locale":"es_ES","og_type":"article","og_title":"Disco SSD 120GB Kingston A400","og_description":"La unidad A400 de estado s\u00f3lido de Kingston ofrece enormes mejoras en la velocidad de respuesta, sin actualizaciones adicionales del hardware. Brinda lapsos de arranque, carga y de transferencia de archivos incre\u00edblemente m\u00e1s breves en comparaci\u00f3n con las unidades de disco duro mec\u00e1nico. &#8211; Factor Forma 2.5&#8243; &#8211; Capacidad 120 GB &#8211; Interfaz SATA III 6 Gb\/s &#8211; 500MB\/s Lectura &#8211; 320MB\/s Escritura","og_url":"https:\/\/mivoot.com\/gt\/producto\/disco-ssd-120gb-kingston-a400\/","og_site_name":"Mivoot","article_publisher":"https:\/\/www.facebook.com\/mivootgt","article_modified_time":"2026-02-07T21:20:03+00:00","og_image":[{"width":1500,"height":1500,"url":"https:\/\/mivoot.com\/gt\/wp-content\/uploads\/2021\/03\/120-4.jpg","type":"image\/jpeg"}],"twitter_card":"summary_large_image","twitter_misc":{"Est. reading time":"2 minutos"},"schema":{"@context":"https:\/\/schema.org","@graph":[{"@type":"WebPage","@id":"https:\/\/mivoot.com\/gt\/producto\/disco-ssd-120gb-kingston-a400\/","url":"https:\/\/mivoot.com\/gt\/producto\/disco-ssd-120gb-kingston-a400\/","name":"Disco SSD 120GB Kingston A400 - Mivoot","isPartOf":{"@id":"https:\/\/mivoot.com\/gt\/#website"},"primaryImageOfPage":{"@id":"https:\/\/mivoot.com\/gt\/producto\/disco-ssd-120gb-kingston-a400\/#primaryimage"},"image":{"@id":"https:\/\/mivoot.com\/gt\/producto\/disco-ssd-120gb-kingston-a400\/#primaryimage"},"thumbnailUrl":"https:\/\/mivoot.com\/gt\/wp-content\/uploads\/2021\/03\/120-4.jpg","datePublished":"2021-03-15T23:44:25+00:00","dateModified":"2026-02-07T21:20:03+00:00","breadcrumb":{"@id":"https:\/\/mivoot.com\/gt\/producto\/disco-ssd-120gb-kingston-a400\/#breadcrumb"},"inLanguage":"es","potentialAction":[{"@type":"ReadAction","target":["https:\/\/mivoot.com\/gt\/producto\/disco-ssd-120gb-kingston-a400\/"]}]},{"@type":"ImageObject","inLanguage":"es","@id":"https:\/\/mivoot.com\/gt\/producto\/disco-ssd-120gb-kingston-a400\/#primaryimage","url":"https:\/\/mivoot.com\/gt\/wp-content\/uploads\/2021\/03\/120-4.jpg","contentUrl":"https:\/\/mivoot.com\/gt\/wp-content\/uploads\/2021\/03\/120-4.jpg","width":1500,"height":1500},{"@type":"BreadcrumbList","@id":"https:\/\/mivoot.com\/gt\/producto\/disco-ssd-120gb-kingston-a400\/#breadcrumb","itemListElement":[{"@type":"ListItem","position":1,"name":"Inicio","item":"https:\/\/mivoot.com\/gt\/"},{"@type":"ListItem","position":2,"name":"Productos","item":"https:\/\/mivoot.com\/gt\/producto\/"},{"@type":"ListItem","position":3,"name":"Kingston","item":"https:\/\/mivoot.com\/gt\/marca\/kingston\/"},{"@type":"ListItem","position":4,"name":"Disco SSD 120GB Kingston A400"}]},{"@type":"WebSite","@id":"https:\/\/mivoot.com\/gt\/#website","url":"https:\/\/mivoot.com\/gt\/","name":"Mivoot","description":"Mivoot Guatemala | Tienda Online","publisher":{"@id":"https:\/\/mivoot.com\/gt\/#organization"},"alternateName":"mivoot","potentialAction":[{"@type":"SearchAction","target":{"@type":"EntryPoint","urlTemplate":"https:\/\/mivoot.com\/gt\/?s={search_term_string}"},"query-input":{"@type":"PropertyValueSpecification","valueRequired":true,"valueName":"search_term_string"}}],"inLanguage":"es"},{"@type":"Organization","@id":"https:\/\/mivoot.com\/gt\/#organization","name":"Mivoot Guatemala","alternateName":"mivoot.com","url":"https:\/\/mivoot.com\/gt\/","logo":{"@type":"ImageObject","inLanguage":"es","@id":"https:\/\/mivoot.com\/gt\/#\/schema\/logo\/image\/","url":"https:\/\/mivoot.com\/gt\/wp-content\/uploads\/2023\/03\/cropped-icon.png","contentUrl":"https:\/\/mivoot.com\/gt\/wp-content\/uploads\/2023\/03\/cropped-icon.png","width":512,"height":512,"caption":"Mivoot Guatemala"},"image":{"@id":"https:\/\/mivoot.com\/gt\/#\/schema\/logo\/image\/"},"sameAs":["https:\/\/www.facebook.com\/mivootgt","https:\/\/instagram.com\/mivoot"]}]}},"jetpack_publicize_connections":[],"jetpack_sharing_enabled":true,"brands":[{"id":115,"name":"Kingston","slug":"kingston"}],"_links":{"self":[{"href":"https:\/\/mivoot.com\/gt\/wp-json\/wp\/v2\/product\/507","targetHints":{"allow":["GET"]}}],"collection":[{"href":"https:\/\/mivoot.com\/gt\/wp-json\/wp\/v2\/product"}],"about":[{"href":"https:\/\/mivoot.com\/gt\/wp-json\/wp\/v2\/types\/product"}],"replies":[{"embeddable":true,"href":"https:\/\/mivoot.com\/gt\/wp-json\/wp\/v2\/comments?post=507"}],"version-history":[{"count":2,"href":"https:\/\/mivoot.com\/gt\/wp-json\/wp\/v2\/product\/507\/revisions"}],"predecessor-version":[{"id":32071,"href":"https:\/\/mivoot.com\/gt\/wp-json\/wp\/v2\/product\/507\/revisions\/32071"}],"wp:featuredmedia":[{"embeddable":true,"href":"https:\/\/mivoot.com\/gt\/wp-json\/wp\/v2\/media\/3363"}],"wp:attachment":[{"href":"https:\/\/mivoot.com\/gt\/wp-json\/wp\/v2\/media?parent=507"}],"wp:term":[{"taxonomy":"pwb-brand","embeddable":true,"href":"https:\/\/mivoot.com\/gt\/wp-json\/wp\/v2\/pwb-brand?post=507"},{"taxonomy":"product_brand","embeddable":true,"href":"https:\/\/mivoot.com\/gt\/wp-json\/wp\/v2\/product_brand?post=507"},{"taxonomy":"product_cat","embeddable":true,"href":"https:\/\/mivoot.com\/gt\/wp-json\/wp\/v2\/product_cat?post=507"},{"taxonomy":"product_tag","embeddable":true,"href":"https:\/\/mivoot.com\/gt\/wp-json\/wp\/v2\/product_tag?post=507"}],"curies":[{"name":"wp","href":"https:\/\/api.w.org\/{rel}","templated":true}]}}