{"id":538,"date":"2021-03-15T17:44:41","date_gmt":"2021-03-15T17:44:41","guid":{"rendered":"https:\/\/mivoot.com\/gt\/?post_type=product&#038;p=538"},"modified":"2021-03-20T22:49:54","modified_gmt":"2021-03-21T04:49:54","slug":"klip-xtreme-hub-usb-4-2","status":"publish","type":"product","link":"https:\/\/mivoot.com\/gt\/producto\/klip-xtreme-hub-usb-4-2\/","title":{"rendered":"Klip Xtreme Hub USB 4"},"content":{"rendered":"\t\t<div data-elementor-type=\"product-post\" data-elementor-id=\"538\" class=\"elementor elementor-538\">\n\t\t\t\t\t\t<section class=\"elementor-section elementor-top-section elementor-element elementor-element-f9d3baa elementor-section-boxed elementor-section-height-default elementor-section-height-default\" data-id=\"f9d3baa\" data-element_type=\"section\">\n\t\t\t\t\t\t<div class=\"elementor-container elementor-column-gap-default\">\n\t\t\t\t\t<div class=\"elementor-column elementor-col-33 elementor-top-column elementor-element elementor-element-9fec6aa\" data-id=\"9fec6aa\" data-element_type=\"column\">\n\t\t\t<div class=\"elementor-widget-wrap elementor-element-populated\">\n\t\t\t\t\t\t<div class=\"elementor-element elementor-element-2b24a2f elementor-widget elementor-widget-text-editor\" data-id=\"2b24a2f\" data-element_type=\"widget\" data-widget_type=\"text-editor.default\">\n\t\t\t\t<div class=\"elementor-widget-container\">\n\t\t\t\t\t\t\t\t\t<div class=\"iconete\"><img decoding=\"async\" class=\"padding15\" title=\"Icon-USB-speed.png\" src=\"https:\/\/www.klipxtreme.com\/media\/Icon-USB-speed.png\" alt=\"Icon-USB-speed.png\" \/><\/div><p class=\"text-l padding15\">Velocidad 2.0<\/p>\t\t\t\t\t\t\t\t<\/div>\n\t\t\t\t<\/div>\n\t\t\t\t\t<\/div>\n\t\t<\/div>\n\t\t\t\t<div class=\"elementor-column elementor-col-66 elementor-top-column elementor-element elementor-element-ce62ff5\" data-id=\"ce62ff5\" data-element_type=\"column\">\n\t\t\t<div class=\"elementor-widget-wrap elementor-element-populated\">\n\t\t\t\t\t\t<div class=\"elementor-element elementor-element-0577fbc elementor-widget elementor-widget-image\" data-id=\"0577fbc\" data-element_type=\"widget\" data-widget_type=\"image.default\">\n\t\t\t\t<div class=\"elementor-widget-container\">\n\t\t\t\t\t\t\t\t\t\t\t\t\t\t\t<img fetchpriority=\"high\" decoding=\"async\" width=\"800\" height=\"800\" src=\"https:\/\/mivoot.com\/gt\/wp-content\/uploads\/2021\/03\/KUH-190B-imgico-1.jpg\" class=\"attachment-large size-large wp-image-1986\" alt=\"\" srcset=\"https:\/\/mivoot.com\/gt\/wp-content\/uploads\/2021\/03\/KUH-190B-imgico-1.jpg 800w, https:\/\/mivoot.com\/gt\/wp-content\/uploads\/2021\/03\/KUH-190B-imgico-1-250x250.jpg 250w, https:\/\/mivoot.com\/gt\/wp-content\/uploads\/2021\/03\/KUH-190B-imgico-1-100x100.jpg 100w, https:\/\/mivoot.com\/gt\/wp-content\/uploads\/2021\/03\/KUH-190B-imgico-1-410x410.jpg 410w, https:\/\/mivoot.com\/gt\/wp-content\/uploads\/2021\/03\/KUH-190B-imgico-1-64x64.jpg 64w, https:\/\/mivoot.com\/gt\/wp-content\/uploads\/2021\/03\/KUH-190B-imgico-1-300x300.jpg 300w, https:\/\/mivoot.com\/gt\/wp-content\/uploads\/2021\/03\/KUH-190B-imgico-1-150x150.jpg 150w, https:\/\/mivoot.com\/gt\/wp-content\/uploads\/2021\/03\/KUH-190B-imgico-1-768x768.jpg 768w\" sizes=\"(max-width: 800px) 100vw, 800px\" \/>\t\t\t\t\t\t\t\t\t\t\t\t\t\t\t<\/div>\n\t\t\t\t<\/div>\n\t\t\t\t\t<\/div>\n\t\t<\/div>\n\t\t\t\t\t<\/div>\n\t\t<\/section>\n\t\t\t\t<section class=\"elementor-section elementor-top-section elementor-element elementor-element-1ddcbfc elementor-section-boxed elementor-section-height-default elementor-section-height-default\" data-id=\"1ddcbfc\" data-element_type=\"section\">\n\t\t\t\t\t\t<div class=\"elementor-container elementor-column-gap-default\">\n\t\t\t\t\t<div class=\"elementor-column elementor-col-66 elementor-top-column elementor-element elementor-element-465f4dc\" data-id=\"465f4dc\" data-element_type=\"column\">\n\t\t\t<div class=\"elementor-widget-wrap elementor-element-populated\">\n\t\t\t\t\t\t<div class=\"elementor-element elementor-element-1006dc2 elementor-widget elementor-widget-image\" data-id=\"1006dc2\" data-element_type=\"widget\" data-widget_type=\"image.default\">\n\t\t\t\t<div class=\"elementor-widget-container\">\n\t\t\t\t\t\t\t\t\t\t\t\t\t\t\t<img decoding=\"async\" width=\"800\" height=\"800\" src=\"https:\/\/mivoot.com\/gt\/wp-content\/uploads\/2021\/03\/KUH-190B-imgico-2.jpg\" class=\"attachment-large size-large wp-image-1987\" alt=\"\" srcset=\"https:\/\/mivoot.com\/gt\/wp-content\/uploads\/2021\/03\/KUH-190B-imgico-2.jpg 800w, https:\/\/mivoot.com\/gt\/wp-content\/uploads\/2021\/03\/KUH-190B-imgico-2-250x250.jpg 250w, https:\/\/mivoot.com\/gt\/wp-content\/uploads\/2021\/03\/KUH-190B-imgico-2-100x100.jpg 100w, https:\/\/mivoot.com\/gt\/wp-content\/uploads\/2021\/03\/KUH-190B-imgico-2-410x410.jpg 410w, https:\/\/mivoot.com\/gt\/wp-content\/uploads\/2021\/03\/KUH-190B-imgico-2-64x64.jpg 64w, https:\/\/mivoot.com\/gt\/wp-content\/uploads\/2021\/03\/KUH-190B-imgico-2-300x300.jpg 300w, https:\/\/mivoot.com\/gt\/wp-content\/uploads\/2021\/03\/KUH-190B-imgico-2-150x150.jpg 150w, https:\/\/mivoot.com\/gt\/wp-content\/uploads\/2021\/03\/KUH-190B-imgico-2-768x768.jpg 768w\" sizes=\"(max-width: 800px) 100vw, 800px\" \/>\t\t\t\t\t\t\t\t\t\t\t\t\t\t\t<\/div>\n\t\t\t\t<\/div>\n\t\t\t\t\t<\/div>\n\t\t<\/div>\n\t\t\t\t<div class=\"elementor-column elementor-col-33 elementor-top-column elementor-element elementor-element-41b2dc3\" data-id=\"41b2dc3\" data-element_type=\"column\">\n\t\t\t<div class=\"elementor-widget-wrap elementor-element-populated\">\n\t\t\t\t\t\t<div class=\"elementor-element elementor-element-488960d elementor-widget elementor-widget-text-editor\" data-id=\"488960d\" data-element_type=\"widget\" data-widget_type=\"text-editor.default\">\n\t\t\t\t<div class=\"elementor-widget-container\">\n\t\t\t\t\t\t\t\t\t<div class=\"iconete\"><img decoding=\"async\" class=\"padding15\" title=\"Icon-led-charging-indicator.png\" src=\"https:\/\/www.klipxtreme.com\/media\/Icon-led-charging-indicator.png\" alt=\"Icon-led-charging-indicator.png\" \/><\/div><p class=\"text-l padding15\">Indicador LED de estado de encendido<\/p>\t\t\t\t\t\t\t\t<\/div>\n\t\t\t\t<\/div>\n\t\t\t\t\t<\/div>\n\t\t<\/div>\n\t\t\t\t\t<\/div>\n\t\t<\/section>\n\t\t\t\t<section class=\"elementor-section elementor-top-section elementor-element elementor-element-997ce36 elementor-section-boxed elementor-section-height-default elementor-section-height-default\" data-id=\"997ce36\" data-element_type=\"section\">\n\t\t\t\t\t\t<div class=\"elementor-container elementor-column-gap-default\">\n\t\t\t\t\t<div class=\"elementor-column elementor-col-33 elementor-top-column elementor-element elementor-element-a60dace\" data-id=\"a60dace\" data-element_type=\"column\">\n\t\t\t<div class=\"elementor-widget-wrap elementor-element-populated\">\n\t\t\t\t\t\t<div class=\"elementor-element elementor-element-f177db9 elementor-widget elementor-widget-text-editor\" data-id=\"f177db9\" data-element_type=\"widget\" data-widget_type=\"text-editor.default\">\n\t\t\t\t<div class=\"elementor-widget-container\">\n\t\t\t\t\t\t\t\t\t<div class=\"iconete\"><img decoding=\"async\" class=\"padding15\" title=\"Icon-USB-Ports.png\" src=\"https:\/\/www.klipxtreme.com\/media\/Icon-USB-Ports.png\" alt=\"Icon-USB-Ports.png\" \/><\/div><p class=\"text-l padding15\">4 puertos USB 2.0<\/p>\t\t\t\t\t\t\t\t<\/div>\n\t\t\t\t<\/div>\n\t\t\t\t\t<\/div>\n\t\t<\/div>\n\t\t\t\t<div class=\"elementor-column elementor-col-66 elementor-top-column elementor-element elementor-element-984ab74\" data-id=\"984ab74\" data-element_type=\"column\">\n\t\t\t<div class=\"elementor-widget-wrap elementor-element-populated\">\n\t\t\t\t\t\t<div class=\"elementor-element elementor-element-85f207d elementor-widget elementor-widget-image\" data-id=\"85f207d\" data-element_type=\"widget\" data-widget_type=\"image.default\">\n\t\t\t\t<div class=\"elementor-widget-container\">\n\t\t\t\t\t\t\t\t\t\t\t\t\t\t\t<img decoding=\"async\" width=\"800\" height=\"800\" src=\"https:\/\/mivoot.com\/gt\/wp-content\/uploads\/2021\/03\/KUH-190B-imgico-3.jpg\" class=\"attachment-large size-large wp-image-1988\" alt=\"\" srcset=\"https:\/\/mivoot.com\/gt\/wp-content\/uploads\/2021\/03\/KUH-190B-imgico-3.jpg 800w, https:\/\/mivoot.com\/gt\/wp-content\/uploads\/2021\/03\/KUH-190B-imgico-3-250x250.jpg 250w, https:\/\/mivoot.com\/gt\/wp-content\/uploads\/2021\/03\/KUH-190B-imgico-3-100x100.jpg 100w, https:\/\/mivoot.com\/gt\/wp-content\/uploads\/2021\/03\/KUH-190B-imgico-3-410x410.jpg 410w, https:\/\/mivoot.com\/gt\/wp-content\/uploads\/2021\/03\/KUH-190B-imgico-3-64x64.jpg 64w, https:\/\/mivoot.com\/gt\/wp-content\/uploads\/2021\/03\/KUH-190B-imgico-3-300x300.jpg 300w, https:\/\/mivoot.com\/gt\/wp-content\/uploads\/2021\/03\/KUH-190B-imgico-3-150x150.jpg 150w, https:\/\/mivoot.com\/gt\/wp-content\/uploads\/2021\/03\/KUH-190B-imgico-3-768x768.jpg 768w\" sizes=\"(max-width: 800px) 100vw, 800px\" \/>\t\t\t\t\t\t\t\t\t\t\t\t\t\t\t<\/div>\n\t\t\t\t<\/div>\n\t\t\t\t\t<\/div>\n\t\t<\/div>\n\t\t\t\t\t<\/div>\n\t\t<\/section>\n\t\t\t\t<\/div>\n\t\t","protected":false},"excerpt":{"rendered":"<p>El estilizado concentrador de 4 puertos\u00a0<strong>KUH-190<\/strong>\u00a0cuenta con una interfaz USB con velocidades de transferencia de hasta 480 Mb, y te permite enchufar a tu PC varios perif\u00e9ricos de alto rendimiento a la vez. Su tama\u00f1o compacto junto con la conectividad plug and play lo convierten en el accesorio perfecto para conectar dispositivos muy pr\u00e1cticos, tales como impresoras, c\u00e1maras digitales, reproductores MP3 y mucho m\u00e1s<\/p>\n<ul>\n<li>Concentrador universal de 4 puertos USB 2.0 con dise\u00f1o compacto<\/li>\n<li>El cable USB integrado es ideal para aquellos que est\u00e1n en constante movimiento<\/li>\n<li>Ayuda a mantener los cables USB organizados<\/li>\n<li>Opera en todo el espectro de velocidad de transferencia: Alta (480 Mbps), plena (12Mbps) y baja (1.5Mbps)<\/li>\n<li>Indicador LED (verde) para indicar cuando est\u00e1 encendido<\/li>\n<li>F\u00e1cil de instalar y operar<\/li>\n<\/ul>\n","protected":false},"featured_media":1984,"comment_status":"open","ping_status":"closed","template":"","meta":{"jetpack_publicize_message":"","jetpack_publicize_feature_enabled":true,"jetpack_social_post_already_shared":false,"jetpack_social_options":{"image_generator_settings":{"template":"highway","default_image_id":0,"font":"","enabled":false},"version":2}},"pwb-brand":[79],"product_brand":[],"product_cat":[37],"product_tag":[],"class_list":{"0":"post-538","1":"product","2":"type-product","3":"status-publish","4":"has-post-thumbnail","6":"pwb-brand-klip-xtreme","7":"product_cat-cables-video","9":"first","10":"instock","11":"taxable","12":"shipping-taxable","13":"purchasable","14":"product-type-simple"},"yoast_head":"<!-- This site is optimized with the Yoast SEO Premium plugin v25.7.1 (Yoast SEO v26.8) - https:\/\/yoast.com\/product\/yoast-seo-premium-wordpress\/ -->\n<title>Klip Xtreme Hub USB 4 - Mivoot<\/title>\n<meta name=\"robots\" content=\"index, follow, max-snippet:-1, max-image-preview:large, max-video-preview:-1\" \/>\n<link rel=\"canonical\" href=\"https:\/\/mivoot.com\/gt\/producto\/klip-xtreme-hub-usb-4-2\/\" \/>\n<meta property=\"og:locale\" content=\"es_ES\" \/>\n<meta property=\"og:type\" content=\"article\" \/>\n<meta property=\"og:title\" content=\"Klip Xtreme Hub USB 4\" \/>\n<meta property=\"og:description\" content=\"El estilizado concentrador de 4 puertos\u00a0KUH-190\u00a0cuenta con una interfaz USB con velocidades de transferencia de hasta 480 Mb, y te permite enchufar a tu PC varios perif\u00e9ricos de alto rendimiento a la vez. Su tama\u00f1o compacto junto con la conectividad plug and play lo convierten en el accesorio perfecto para conectar dispositivos muy pr\u00e1cticos, tales como impresoras, c\u00e1maras digitales, reproductores MP3 y mucho m\u00e1s   Concentrador universal de 4 puertos USB 2.0 con dise\u00f1o compacto  El cable USB integrado es ideal para aquellos que est\u00e1n en constante movimiento  Ayuda a mantener los cables USB organizados  Opera en todo el espectro de velocidad de transferencia: Alta (480 Mbps), plena (12Mbps) y baja (1.5Mbps)  Indicador LED (verde) para indicar cuando est\u00e1 encendido  F\u00e1cil de instalar y operar\" \/>\n<meta property=\"og:url\" content=\"https:\/\/mivoot.com\/gt\/producto\/klip-xtreme-hub-usb-4-2\/\" \/>\n<meta property=\"og:site_name\" content=\"Mivoot\" \/>\n<meta property=\"article:publisher\" content=\"https:\/\/www.facebook.com\/mivootgt\" \/>\n<meta property=\"article:modified_time\" content=\"2021-03-21T04:49:54+00:00\" \/>\n<meta property=\"og:image\" content=\"https:\/\/mivoot.com\/gt\/wp-content\/uploads\/2021\/03\/KUH-190B-detalle-03.jpg\" \/>\n\t<meta property=\"og:image:width\" content=\"800\" \/>\n\t<meta property=\"og:image:height\" content=\"800\" \/>\n\t<meta property=\"og:image:type\" content=\"image\/jpeg\" \/>\n<meta name=\"twitter:card\" content=\"summary_large_image\" \/>\n<script type=\"application\/ld+json\" class=\"yoast-schema-graph\">{\"@context\":\"https:\/\/schema.org\",\"@graph\":[{\"@type\":\"WebPage\",\"@id\":\"https:\/\/mivoot.com\/gt\/producto\/klip-xtreme-hub-usb-4-2\/\",\"url\":\"https:\/\/mivoot.com\/gt\/producto\/klip-xtreme-hub-usb-4-2\/\",\"name\":\"Klip Xtreme Hub USB 4 - Mivoot\",\"isPartOf\":{\"@id\":\"https:\/\/mivoot.com\/gt\/#website\"},\"primaryImageOfPage\":{\"@id\":\"https:\/\/mivoot.com\/gt\/producto\/klip-xtreme-hub-usb-4-2\/#primaryimage\"},\"image\":{\"@id\":\"https:\/\/mivoot.com\/gt\/producto\/klip-xtreme-hub-usb-4-2\/#primaryimage\"},\"thumbnailUrl\":\"https:\/\/mivoot.com\/gt\/wp-content\/uploads\/2021\/03\/KUH-190B-detalle-03.jpg\",\"datePublished\":\"2021-03-15T17:44:41+00:00\",\"dateModified\":\"2021-03-21T04:49:54+00:00\",\"breadcrumb\":{\"@id\":\"https:\/\/mivoot.com\/gt\/producto\/klip-xtreme-hub-usb-4-2\/#breadcrumb\"},\"inLanguage\":\"es\",\"potentialAction\":[{\"@type\":\"ReadAction\",\"target\":[\"https:\/\/mivoot.com\/gt\/producto\/klip-xtreme-hub-usb-4-2\/\"]}]},{\"@type\":\"ImageObject\",\"inLanguage\":\"es\",\"@id\":\"https:\/\/mivoot.com\/gt\/producto\/klip-xtreme-hub-usb-4-2\/#primaryimage\",\"url\":\"https:\/\/mivoot.com\/gt\/wp-content\/uploads\/2021\/03\/KUH-190B-detalle-03.jpg\",\"contentUrl\":\"https:\/\/mivoot.com\/gt\/wp-content\/uploads\/2021\/03\/KUH-190B-detalle-03.jpg\",\"width\":800,\"height\":800},{\"@type\":\"BreadcrumbList\",\"@id\":\"https:\/\/mivoot.com\/gt\/producto\/klip-xtreme-hub-usb-4-2\/#breadcrumb\",\"itemListElement\":[{\"@type\":\"ListItem\",\"position\":1,\"name\":\"Inicio\",\"item\":\"https:\/\/mivoot.com\/gt\/\"},{\"@type\":\"ListItem\",\"position\":2,\"name\":\"Productos\",\"item\":\"https:\/\/mivoot.com\/gt\/producto\/\"},{\"@type\":\"ListItem\",\"position\":3,\"name\":\"Klip Xtreme\",\"item\":\"https:\/\/mivoot.com\/gt\/marca\/klip-xtreme\/\"},{\"@type\":\"ListItem\",\"position\":4,\"name\":\"Klip Xtreme Hub USB 4\"}]},{\"@type\":\"WebSite\",\"@id\":\"https:\/\/mivoot.com\/gt\/#website\",\"url\":\"https:\/\/mivoot.com\/gt\/\",\"name\":\"Mivoot\",\"description\":\"Mivoot Guatemala | Tienda Online\",\"publisher\":{\"@id\":\"https:\/\/mivoot.com\/gt\/#organization\"},\"alternateName\":\"mivoot\",\"potentialAction\":[{\"@type\":\"SearchAction\",\"target\":{\"@type\":\"EntryPoint\",\"urlTemplate\":\"https:\/\/mivoot.com\/gt\/?s={search_term_string}\"},\"query-input\":{\"@type\":\"PropertyValueSpecification\",\"valueRequired\":true,\"valueName\":\"search_term_string\"}}],\"inLanguage\":\"es\"},{\"@type\":\"Organization\",\"@id\":\"https:\/\/mivoot.com\/gt\/#organization\",\"name\":\"Mivoot Guatemala\",\"alternateName\":\"mivoot.com\",\"url\":\"https:\/\/mivoot.com\/gt\/\",\"logo\":{\"@type\":\"ImageObject\",\"inLanguage\":\"es\",\"@id\":\"https:\/\/mivoot.com\/gt\/#\/schema\/logo\/image\/\",\"url\":\"https:\/\/mivoot.com\/gt\/wp-content\/uploads\/2023\/03\/cropped-icon.png\",\"contentUrl\":\"https:\/\/mivoot.com\/gt\/wp-content\/uploads\/2023\/03\/cropped-icon.png\",\"width\":512,\"height\":512,\"caption\":\"Mivoot Guatemala\"},\"image\":{\"@id\":\"https:\/\/mivoot.com\/gt\/#\/schema\/logo\/image\/\"},\"sameAs\":[\"https:\/\/www.facebook.com\/mivootgt\",\"https:\/\/instagram.com\/mivoot\"]}]}<\/script>\n<!-- \/ Yoast SEO Premium plugin. -->","yoast_head_json":{"title":"Klip Xtreme Hub USB 4 - Mivoot","robots":{"index":"index","follow":"follow","max-snippet":"max-snippet:-1","max-image-preview":"max-image-preview:large","max-video-preview":"max-video-preview:-1"},"canonical":"https:\/\/mivoot.com\/gt\/producto\/klip-xtreme-hub-usb-4-2\/","og_locale":"es_ES","og_type":"article","og_title":"Klip Xtreme Hub USB 4","og_description":"El estilizado concentrador de 4 puertos\u00a0KUH-190\u00a0cuenta con una interfaz USB con velocidades de transferencia de hasta 480 Mb, y te permite enchufar a tu PC varios perif\u00e9ricos de alto rendimiento a la vez. Su tama\u00f1o compacto junto con la conectividad plug and play lo convierten en el accesorio perfecto para conectar dispositivos muy pr\u00e1cticos, tales como impresoras, c\u00e1maras digitales, reproductores MP3 y mucho m\u00e1s   Concentrador universal de 4 puertos USB 2.0 con dise\u00f1o compacto  El cable USB integrado es ideal para aquellos que est\u00e1n en constante movimiento  Ayuda a mantener los cables USB organizados  Opera en todo el espectro de velocidad de transferencia: Alta (480 Mbps), plena (12Mbps) y baja (1.5Mbps)  Indicador LED (verde) para indicar cuando est\u00e1 encendido  F\u00e1cil de instalar y operar","og_url":"https:\/\/mivoot.com\/gt\/producto\/klip-xtreme-hub-usb-4-2\/","og_site_name":"Mivoot","article_publisher":"https:\/\/www.facebook.com\/mivootgt","article_modified_time":"2021-03-21T04:49:54+00:00","og_image":[{"width":800,"height":800,"url":"https:\/\/mivoot.com\/gt\/wp-content\/uploads\/2021\/03\/KUH-190B-detalle-03.jpg","type":"image\/jpeg"}],"twitter_card":"summary_large_image","schema":{"@context":"https:\/\/schema.org","@graph":[{"@type":"WebPage","@id":"https:\/\/mivoot.com\/gt\/producto\/klip-xtreme-hub-usb-4-2\/","url":"https:\/\/mivoot.com\/gt\/producto\/klip-xtreme-hub-usb-4-2\/","name":"Klip Xtreme Hub USB 4 - Mivoot","isPartOf":{"@id":"https:\/\/mivoot.com\/gt\/#website"},"primaryImageOfPage":{"@id":"https:\/\/mivoot.com\/gt\/producto\/klip-xtreme-hub-usb-4-2\/#primaryimage"},"image":{"@id":"https:\/\/mivoot.com\/gt\/producto\/klip-xtreme-hub-usb-4-2\/#primaryimage"},"thumbnailUrl":"https:\/\/mivoot.com\/gt\/wp-content\/uploads\/2021\/03\/KUH-190B-detalle-03.jpg","datePublished":"2021-03-15T17:44:41+00:00","dateModified":"2021-03-21T04:49:54+00:00","breadcrumb":{"@id":"https:\/\/mivoot.com\/gt\/producto\/klip-xtreme-hub-usb-4-2\/#breadcrumb"},"inLanguage":"es","potentialAction":[{"@type":"ReadAction","target":["https:\/\/mivoot.com\/gt\/producto\/klip-xtreme-hub-usb-4-2\/"]}]},{"@type":"ImageObject","inLanguage":"es","@id":"https:\/\/mivoot.com\/gt\/producto\/klip-xtreme-hub-usb-4-2\/#primaryimage","url":"https:\/\/mivoot.com\/gt\/wp-content\/uploads\/2021\/03\/KUH-190B-detalle-03.jpg","contentUrl":"https:\/\/mivoot.com\/gt\/wp-content\/uploads\/2021\/03\/KUH-190B-detalle-03.jpg","width":800,"height":800},{"@type":"BreadcrumbList","@id":"https:\/\/mivoot.com\/gt\/producto\/klip-xtreme-hub-usb-4-2\/#breadcrumb","itemListElement":[{"@type":"ListItem","position":1,"name":"Inicio","item":"https:\/\/mivoot.com\/gt\/"},{"@type":"ListItem","position":2,"name":"Productos","item":"https:\/\/mivoot.com\/gt\/producto\/"},{"@type":"ListItem","position":3,"name":"Klip Xtreme","item":"https:\/\/mivoot.com\/gt\/marca\/klip-xtreme\/"},{"@type":"ListItem","position":4,"name":"Klip Xtreme Hub USB 4"}]},{"@type":"WebSite","@id":"https:\/\/mivoot.com\/gt\/#website","url":"https:\/\/mivoot.com\/gt\/","name":"Mivoot","description":"Mivoot Guatemala | Tienda Online","publisher":{"@id":"https:\/\/mivoot.com\/gt\/#organization"},"alternateName":"mivoot","potentialAction":[{"@type":"SearchAction","target":{"@type":"EntryPoint","urlTemplate":"https:\/\/mivoot.com\/gt\/?s={search_term_string}"},"query-input":{"@type":"PropertyValueSpecification","valueRequired":true,"valueName":"search_term_string"}}],"inLanguage":"es"},{"@type":"Organization","@id":"https:\/\/mivoot.com\/gt\/#organization","name":"Mivoot Guatemala","alternateName":"mivoot.com","url":"https:\/\/mivoot.com\/gt\/","logo":{"@type":"ImageObject","inLanguage":"es","@id":"https:\/\/mivoot.com\/gt\/#\/schema\/logo\/image\/","url":"https:\/\/mivoot.com\/gt\/wp-content\/uploads\/2023\/03\/cropped-icon.png","contentUrl":"https:\/\/mivoot.com\/gt\/wp-content\/uploads\/2023\/03\/cropped-icon.png","width":512,"height":512,"caption":"Mivoot Guatemala"},"image":{"@id":"https:\/\/mivoot.com\/gt\/#\/schema\/logo\/image\/"},"sameAs":["https:\/\/www.facebook.com\/mivootgt","https:\/\/instagram.com\/mivoot"]}]}},"jetpack_publicize_connections":[],"jetpack_sharing_enabled":true,"brands":[{"id":79,"name":"Klip Xtreme","slug":"klip-xtreme"}],"_links":{"self":[{"href":"https:\/\/mivoot.com\/gt\/wp-json\/wp\/v2\/product\/538","targetHints":{"allow":["GET"]}}],"collection":[{"href":"https:\/\/mivoot.com\/gt\/wp-json\/wp\/v2\/product"}],"about":[{"href":"https:\/\/mivoot.com\/gt\/wp-json\/wp\/v2\/types\/product"}],"replies":[{"embeddable":true,"href":"https:\/\/mivoot.com\/gt\/wp-json\/wp\/v2\/comments?post=538"}],"version-history":[{"count":5,"href":"https:\/\/mivoot.com\/gt\/wp-json\/wp\/v2\/product\/538\/revisions"}],"predecessor-version":[{"id":1997,"href":"https:\/\/mivoot.com\/gt\/wp-json\/wp\/v2\/product\/538\/revisions\/1997"}],"wp:featuredmedia":[{"embeddable":true,"href":"https:\/\/mivoot.com\/gt\/wp-json\/wp\/v2\/media\/1984"}],"wp:attachment":[{"href":"https:\/\/mivoot.com\/gt\/wp-json\/wp\/v2\/media?parent=538"}],"wp:term":[{"taxonomy":"pwb-brand","embeddable":true,"href":"https:\/\/mivoot.com\/gt\/wp-json\/wp\/v2\/pwb-brand?post=538"},{"taxonomy":"product_brand","embeddable":true,"href":"https:\/\/mivoot.com\/gt\/wp-json\/wp\/v2\/product_brand?post=538"},{"taxonomy":"product_cat","embeddable":true,"href":"https:\/\/mivoot.com\/gt\/wp-json\/wp\/v2\/product_cat?post=538"},{"taxonomy":"product_tag","embeddable":true,"href":"https:\/\/mivoot.com\/gt\/wp-json\/wp\/v2\/product_tag?post=538"}],"curies":[{"name":"wp","href":"https:\/\/api.w.org\/{rel}","templated":true}]}}