{"id":541,"date":"2021-03-15T17:44:41","date_gmt":"2021-03-15T17:44:41","guid":{"rendered":"https:\/\/mivoot.com\/gt\/?post_type=product&#038;p=541"},"modified":"2021-09-17T13:44:37","modified_gmt":"2021-09-17T19:44:37","slug":"forza-fvp-1201b-protector-de-voltaje-2","status":"publish","type":"product","link":"https:\/\/mivoot.com\/gt\/producto\/forza-fvp-1201b-protector-de-voltaje-2\/","title":{"rendered":"Protector de voltaje 1800W FVP-1201B Forza"},"content":{"rendered":"\t\t<div data-elementor-type=\"product-post\" data-elementor-id=\"541\" class=\"elementor elementor-541\">\n\t\t\t\t\t\t<section class=\"elementor-section elementor-top-section elementor-element elementor-element-8fe206a elementor-section-stretched elementor-section-boxed elementor-section-height-default elementor-section-height-default elementor-invisible\" data-id=\"8fe206a\" data-element_type=\"section\" data-settings=\"{&quot;stretch_section&quot;:&quot;section-stretched&quot;,&quot;motion_fx_motion_fx_scrolling&quot;:&quot;yes&quot;,&quot;animation&quot;:&quot;zoomInLeft&quot;,&quot;motion_fx_devices&quot;:[&quot;desktop&quot;,&quot;tablet&quot;,&quot;mobile&quot;]}\">\n\t\t\t\t\t\t<div class=\"elementor-container elementor-column-gap-default\">\n\t\t\t\t\t<div class=\"elementor-column elementor-col-100 elementor-top-column elementor-element elementor-element-f01cb67\" data-id=\"f01cb67\" data-element_type=\"column\">\n\t\t\t<div class=\"elementor-widget-wrap elementor-element-populated\">\n\t\t\t\t\t\t<div class=\"elementor-element elementor-element-4f9ab06 elementor-widget elementor-widget-image\" data-id=\"4f9ab06\" data-element_type=\"widget\" data-widget_type=\"image.default\">\n\t\t\t\t<div class=\"elementor-widget-container\">\n\t\t\t\t\t\t\t\t\t\t\t\t\t\t\t<img fetchpriority=\"high\" decoding=\"async\" width=\"1020\" height=\"188\" src=\"https:\/\/mivoot.com\/gt\/wp-content\/uploads\/2021\/03\/FVP-1201B_DK_Banner1_SPA.png\" class=\"attachment-large size-large wp-image-2345\" alt=\"\" srcset=\"https:\/\/mivoot.com\/gt\/wp-content\/uploads\/2021\/03\/FVP-1201B_DK_Banner1_SPA.png 1746w, https:\/\/mivoot.com\/gt\/wp-content\/uploads\/2021\/03\/FVP-1201B_DK_Banner1_SPA-410x75.png 410w, https:\/\/mivoot.com\/gt\/wp-content\/uploads\/2021\/03\/FVP-1201B_DK_Banner1_SPA-64x12.png 64w, https:\/\/mivoot.com\/gt\/wp-content\/uploads\/2021\/03\/FVP-1201B_DK_Banner1_SPA-300x55.png 300w, https:\/\/mivoot.com\/gt\/wp-content\/uploads\/2021\/03\/FVP-1201B_DK_Banner1_SPA-768x141.png 768w, https:\/\/mivoot.com\/gt\/wp-content\/uploads\/2021\/03\/FVP-1201B_DK_Banner1_SPA-1536x282.png 1536w\" sizes=\"(max-width: 1020px) 100vw, 1020px\" \/>\t\t\t\t\t\t\t\t\t\t\t\t\t\t\t<\/div>\n\t\t\t\t<\/div>\n\t\t\t\t\t<\/div>\n\t\t<\/div>\n\t\t\t\t\t<\/div>\n\t\t<\/section>\n\t\t\t\t<section class=\"elementor-section elementor-top-section elementor-element elementor-element-7fe214e elementor-section-stretched elementor-section-boxed elementor-section-height-default elementor-section-height-default elementor-invisible\" data-id=\"7fe214e\" data-element_type=\"section\" data-settings=\"{&quot;stretch_section&quot;:&quot;section-stretched&quot;,&quot;motion_fx_motion_fx_scrolling&quot;:&quot;yes&quot;,&quot;animation&quot;:&quot;zoomInUp&quot;,&quot;motion_fx_devices&quot;:[&quot;desktop&quot;,&quot;tablet&quot;,&quot;mobile&quot;]}\">\n\t\t\t\t\t\t<div class=\"elementor-container elementor-column-gap-default\">\n\t\t\t\t\t<div class=\"elementor-column elementor-col-100 elementor-top-column elementor-element elementor-element-1b6c3b7\" data-id=\"1b6c3b7\" data-element_type=\"column\">\n\t\t\t<div class=\"elementor-widget-wrap elementor-element-populated\">\n\t\t\t\t\t\t<div class=\"elementor-element elementor-element-cd19655 elementor-widget elementor-widget-image\" data-id=\"cd19655\" data-element_type=\"widget\" data-widget_type=\"image.default\">\n\t\t\t\t<div class=\"elementor-widget-container\">\n\t\t\t\t\t\t\t\t\t\t\t\t\t\t\t<img decoding=\"async\" width=\"1020\" height=\"425\" src=\"https:\/\/mivoot.com\/gt\/wp-content\/uploads\/2021\/03\/FVP-1201B_DK_Banner2_SPA.png\" class=\"attachment-large size-large wp-image-2346\" alt=\"\" srcset=\"https:\/\/mivoot.com\/gt\/wp-content\/uploads\/2021\/03\/FVP-1201B_DK_Banner2_SPA.png 1400w, https:\/\/mivoot.com\/gt\/wp-content\/uploads\/2021\/03\/FVP-1201B_DK_Banner2_SPA-410x171.png 410w, https:\/\/mivoot.com\/gt\/wp-content\/uploads\/2021\/03\/FVP-1201B_DK_Banner2_SPA-64x27.png 64w, https:\/\/mivoot.com\/gt\/wp-content\/uploads\/2021\/03\/FVP-1201B_DK_Banner2_SPA-300x125.png 300w, https:\/\/mivoot.com\/gt\/wp-content\/uploads\/2021\/03\/FVP-1201B_DK_Banner2_SPA-768x320.png 768w\" sizes=\"(max-width: 1020px) 100vw, 1020px\" \/>\t\t\t\t\t\t\t\t\t\t\t\t\t\t\t<\/div>\n\t\t\t\t<\/div>\n\t\t\t\t\t<\/div>\n\t\t<\/div>\n\t\t\t\t\t<\/div>\n\t\t<\/section>\n\t\t\t\t<section class=\"elementor-section elementor-top-section elementor-element elementor-element-d1dbd06 elementor-section-boxed elementor-section-height-default elementor-section-height-default\" data-id=\"d1dbd06\" data-element_type=\"section\">\n\t\t\t\t\t\t<div class=\"elementor-container elementor-column-gap-default\">\n\t\t\t\t\t<div class=\"elementor-column elementor-col-50 elementor-top-column elementor-element elementor-element-908e162\" data-id=\"908e162\" data-element_type=\"column\">\n\t\t\t<div class=\"elementor-widget-wrap elementor-element-populated\">\n\t\t\t\t\t\t<div class=\"elementor-element elementor-element-27d9770 elementor-position-top elementor-widget elementor-widget-image-box\" data-id=\"27d9770\" data-element_type=\"widget\" data-widget_type=\"image-box.default\">\n\t\t\t\t<div class=\"elementor-widget-container\">\n\t\t\t\t\t<div class=\"elementor-image-box-wrapper\"><figure class=\"elementor-image-box-img\"><img decoding=\"async\" width=\"240\" height=\"241\" src=\"https:\/\/mivoot.com\/gt\/wp-content\/uploads\/2021\/03\/FVP_1201B_Product_Master-Icono2.png\" class=\"attachment-full size-full wp-image-2352\" alt=\"\" srcset=\"https:\/\/mivoot.com\/gt\/wp-content\/uploads\/2021\/03\/FVP_1201B_Product_Master-Icono2.png 240w, https:\/\/mivoot.com\/gt\/wp-content\/uploads\/2021\/03\/FVP_1201B_Product_Master-Icono2-100x100.png 100w, https:\/\/mivoot.com\/gt\/wp-content\/uploads\/2021\/03\/FVP_1201B_Product_Master-Icono2-64x64.png 64w, https:\/\/mivoot.com\/gt\/wp-content\/uploads\/2021\/03\/FVP_1201B_Product_Master-Icono2-200x200.png 200w, https:\/\/mivoot.com\/gt\/wp-content\/uploads\/2021\/03\/FVP_1201B_Product_Master-Icono2-150x150.png 150w\" sizes=\"(max-width: 240px) 100vw, 240px\" \/><\/figure><div class=\"elementor-image-box-content\"><h3 class=\"elementor-image-box-title\">INDICADOR VISUAL LED<\/h3><p class=\"elementor-image-box-description\">Informaci\u00f3n a la vista \nExhibe el estado funcional del protector de voltaje<\/p><\/div><\/div>\t\t\t\t<\/div>\n\t\t\t\t<\/div>\n\t\t\t\t\t<\/div>\n\t\t<\/div>\n\t\t\t\t<div class=\"elementor-column elementor-col-50 elementor-top-column elementor-element elementor-element-37d86ae\" data-id=\"37d86ae\" data-element_type=\"column\">\n\t\t\t<div class=\"elementor-widget-wrap elementor-element-populated\">\n\t\t\t\t\t\t<div class=\"elementor-element elementor-element-f13be1c elementor-position-top elementor-widget elementor-widget-image-box\" data-id=\"f13be1c\" data-element_type=\"widget\" data-widget_type=\"image-box.default\">\n\t\t\t\t<div class=\"elementor-widget-container\">\n\t\t\t\t\t<div class=\"elementor-image-box-wrapper\"><figure class=\"elementor-image-box-img\"><img loading=\"lazy\" decoding=\"async\" width=\"240\" height=\"241\" src=\"https:\/\/mivoot.com\/gt\/wp-content\/uploads\/2021\/03\/FVP_1201B_Product_Master-Icono1.png\" class=\"attachment-full size-full wp-image-2351\" alt=\"\" srcset=\"https:\/\/mivoot.com\/gt\/wp-content\/uploads\/2021\/03\/FVP_1201B_Product_Master-Icono1.png 240w, https:\/\/mivoot.com\/gt\/wp-content\/uploads\/2021\/03\/FVP_1201B_Product_Master-Icono1-100x100.png 100w, https:\/\/mivoot.com\/gt\/wp-content\/uploads\/2021\/03\/FVP_1201B_Product_Master-Icono1-64x64.png 64w, https:\/\/mivoot.com\/gt\/wp-content\/uploads\/2021\/03\/FVP_1201B_Product_Master-Icono1-200x200.png 200w, https:\/\/mivoot.com\/gt\/wp-content\/uploads\/2021\/03\/FVP_1201B_Product_Master-Icono1-150x150.png 150w\" sizes=\"(max-width: 240px) 100vw, 240px\" \/><\/figure><div class=\"elementor-image-box-content\"><h3 class=\"elementor-image-box-title\">INTERRUPTOR DE CONEXI\u00d3N<\/h3><p class=\"elementor-image-box-description\">Bot\u00f3n frontal a presi\u00f3n\nProduce la desconexi\u00f3n en forma r\u00e1pida de los dispositivos conectados<\/p><\/div><\/div>\t\t\t\t<\/div>\n\t\t\t\t<\/div>\n\t\t\t\t\t<\/div>\n\t\t<\/div>\n\t\t\t\t\t<\/div>\n\t\t<\/section>\n\t\t\t\t<section class=\"elementor-section elementor-top-section elementor-element elementor-element-39639d4 elementor-section-boxed elementor-section-height-default elementor-section-height-default\" data-id=\"39639d4\" data-element_type=\"section\">\n\t\t\t\t\t\t<div class=\"elementor-container elementor-column-gap-default\">\n\t\t\t\t\t<div class=\"elementor-column elementor-col-100 elementor-top-column elementor-element elementor-element-4e7fcdf\" data-id=\"4e7fcdf\" data-element_type=\"column\">\n\t\t\t<div class=\"elementor-widget-wrap elementor-element-populated\">\n\t\t\t\t\t\t<div class=\"elementor-element elementor-element-8b698bf elementor-widget elementor-widget-image\" data-id=\"8b698bf\" data-element_type=\"widget\" data-widget_type=\"image.default\">\n\t\t\t\t<div class=\"elementor-widget-container\">\n\t\t\t\t\t\t\t\t\t\t\t\t\t\t\t<img loading=\"lazy\" decoding=\"async\" width=\"1020\" height=\"425\" src=\"https:\/\/mivoot.com\/gt\/wp-content\/uploads\/2021\/03\/FVP-1201B_DK_Banner3_SPA.png\" class=\"attachment-large size-large wp-image-2347\" alt=\"\" srcset=\"https:\/\/mivoot.com\/gt\/wp-content\/uploads\/2021\/03\/FVP-1201B_DK_Banner3_SPA.png 1400w, https:\/\/mivoot.com\/gt\/wp-content\/uploads\/2021\/03\/FVP-1201B_DK_Banner3_SPA-410x171.png 410w, https:\/\/mivoot.com\/gt\/wp-content\/uploads\/2021\/03\/FVP-1201B_DK_Banner3_SPA-64x27.png 64w, https:\/\/mivoot.com\/gt\/wp-content\/uploads\/2021\/03\/FVP-1201B_DK_Banner3_SPA-300x125.png 300w, https:\/\/mivoot.com\/gt\/wp-content\/uploads\/2021\/03\/FVP-1201B_DK_Banner3_SPA-768x320.png 768w\" sizes=\"(max-width: 1020px) 100vw, 1020px\" \/>\t\t\t\t\t\t\t\t\t\t\t\t\t\t\t<\/div>\n\t\t\t\t<\/div>\n\t\t\t\t\t<\/div>\n\t\t<\/div>\n\t\t\t\t\t<\/div>\n\t\t<\/section>\n\t\t\t\t<section class=\"elementor-section elementor-top-section elementor-element elementor-element-a875eb6 elementor-section-boxed elementor-section-height-default elementor-section-height-default\" data-id=\"a875eb6\" data-element_type=\"section\">\n\t\t\t\t\t\t<div class=\"elementor-container elementor-column-gap-default\">\n\t\t\t\t\t<div class=\"elementor-column elementor-col-100 elementor-top-column elementor-element elementor-element-347aaf2\" data-id=\"347aaf2\" data-element_type=\"column\">\n\t\t\t<div class=\"elementor-widget-wrap elementor-element-populated\">\n\t\t\t\t\t\t<div class=\"elementor-element elementor-element-aa05726 elementor-widget elementor-widget-text-editor\" data-id=\"aa05726\" data-element_type=\"widget\" data-widget_type=\"text-editor.default\">\n\t\t\t\t<div class=\"elementor-widget-container\">\n\t\t\t\t\t\t\t\t\t<h2>FVP-1201B | PROTECTOR DE VOLTAJE<\/h2><p>\u00a0<\/p><div class=\"table-responsive\"><div class=\"row featurelist\"><div class=\"col-sm-6 col-xs-12\"><img decoding=\"async\" title=\"Apagado autom\u00e1tico\" src=\"https:\/\/www.forzaups.com\/media\/icon-auto-power.png\" alt=\"Apagado autom\u00e1tico\" \/>\u00a0<strong>Apagado autom\u00e1tico<\/strong><br \/>Produce la desconexi\u00f3n autom\u00e1tica cuando los niveles de tensi\u00f3n son demasiado altos o demasiado bajos con el fin de proteger sus equipos contra fluctuaciones potencialmente perjudiciales y dem\u00e1s irregularidades en el suministro el\u00e9ctrico.<\/div><div class=\"col-sm-6 col-xs-12\"><img decoding=\"async\" title=\"Protecci\u00f3n contra sobretensi\u00f3n, sobrecarga, descarga el\u00e9ctrica y de voltaje\" src=\"https:\/\/www.forzaups.com\/media\/icon-serge.png\" alt=\"Protecci\u00f3n contra sobretensi\u00f3n, sobrecarga, descarga el\u00e9ctrica y de voltaje\" \/>\u00a0<strong>Protecci\u00f3n contra sobretensi\u00f3n, sobrecarga, descarga el\u00e9ctrica y de voltaje<\/strong><br \/>Ofrece protecci\u00f3n superior al redireccionar el exceso de tensi\u00f3n de los equipos conectados durante sobrecargas o subidas de tensi\u00f3n.<\/div><div class=\"col-sm-6 col-xs-12\"><img decoding=\"async\" title=\"Interruptor de reposici\u00f3n autom\u00e1tico\" src=\"https:\/\/www.forzaups.com\/media\/icon-resetable.png\" alt=\"Interruptor de reposici\u00f3n autom\u00e1tico\" \/>\u00a0<strong>Interruptor de reposici\u00f3n autom\u00e1tico<\/strong><br \/>Evita autom\u00e1ticamente el flujo de corriente en un circuito el\u00e9ctrico como medida de seguridad al detectar niveles de alta tensi\u00f3n inapropiados. Se puede volver a configurar para reanudar el funcionamiento.<\/div><div class=\"col-sm-6 col-xs-12\"><img decoding=\"async\" title=\"Tecnolog\u00eda MOV\" src=\"https:\/\/www.forzaups.com\/media\/icon-move.png\" alt=\"Tecnolog\u00eda MOV\" \/>\u00a0<strong>Tecnolog\u00eda MOV<\/strong><br \/>La tecnolog\u00eda MOV (varistor de \u00f3xido de metal) ofrece mayor protecci\u00f3n para componentes electr\u00f3nicos contra sobrecargas y subidas repentinas de tensi\u00f3n.<\/div><\/div><\/div><div>\u00a0<\/div><div class=\"table-responsive\"><div class=\"row featurelist\"><div class=\"col-sm-6 col-xs-12\"><img decoding=\"async\" title=\"Material retardador de llama\" src=\"https:\/\/www.forzaups.com\/media\/icon-flame.png\" alt=\"Material retardador de llama\" \/>\u00a0<strong>Material retardador de llama<\/strong><br \/>Todos nuestros sistemas UPS est\u00e1n elaborados con material ABS retardador de llama, lo cual garantiza que de presentarse alguna falla, el equipo no es susceptible de prender fuego.<\/div><div class=\"col-sm-6 col-xs-12\"><img decoding=\"async\" title=\"Indicadores visuales LED\" src=\"https:\/\/www.forzaups.com\/media\/LED-visual-indicators.png\" alt=\"Indicadores visuales LED\" \/>\u00a0<strong>Indicadores visuales LED<\/strong><br \/>Las luces LED en el panel frontal indican el estado funcional de la UPS, la duraci\u00f3n de la bater\u00eda as\u00ed como fallas potenciales detectadas en el sistema.<\/div><div class=\"col-sm-6 col-xs-12\"><img decoding=\"async\" title=\"Temporizador de retardo\" src=\"https:\/\/www.forzaups.com\/media\/Delay-timer.png\" alt=\"Temporizador de retardo\" \/>\u00a0<strong>Temporizador de retardo<\/strong><br \/>El temporizador de retardo regula el flujo diferido de electricidad hacia los equipos, para prevenir puntas de tensi\u00f3n repentinas al momento de restablecerse el suministro de la red.<\/div><div class=\"col-sm-6 col-xs-12\"><img decoding=\"async\" title=\"Tomacorriente totalmente giratorio\" src=\"https:\/\/www.forzaups.com\/media\/Fully-rotational-plug.png\" alt=\"Tomacorriente totalmente giratorio\" \/>\u00a0<strong>Tomacorriente totalmente giratorio<\/strong><br \/>Presenta innovadores tomacorrientes protegidos y giratorios para acomodar y posicionar f\u00e1cilmente todos sus componentes sin obstruir las dem\u00e1s salidas existentes.<\/div><\/div><\/div>\t\t\t\t\t\t\t\t<\/div>\n\t\t\t\t<\/div>\n\t\t\t\t\t<\/div>\n\t\t<\/div>\n\t\t\t\t\t<\/div>\n\t\t<\/section>\n\t\t\t\t<\/div>\n\t\t","protected":false},"excerpt":{"rendered":"<ul class=\"product-detail-ul\">\n<li><strong>Capacidad:<\/strong>\u00a01800W<\/li>\n<li><strong>Voltaje:\u00a0<\/strong>120V<\/li>\n<li><strong>Tipo de entrada:\u00a0<\/strong>NEMA 5-15P<\/li>\n<li><strong>Tipo de salida:\u00a0<\/strong>1 x NEMA 5-15R<\/li>\n<li><strong>Indicador visual:\u00a0<\/strong>Luz LED de estado<\/li>\n<\/ul>\n","protected":false},"featured_media":2353,"comment_status":"open","ping_status":"closed","template":"","meta":{"jetpack_publicize_message":"","jetpack_publicize_feature_enabled":true,"jetpack_social_post_already_shared":false,"jetpack_social_options":{"image_generator_settings":{"template":"highway","default_image_id":0,"font":"","enabled":false},"version":2}},"pwb-brand":[110],"product_brand":[],"product_cat":[20,179],"product_tag":[],"class_list":{"0":"post-541","1":"product","2":"type-product","3":"status-publish","4":"has-post-thumbnail","6":"pwb-brand-forza","7":"product_cat-reguladores-y-ups","8":"product_cat-regulador","10":"first","11":"instock","12":"taxable","13":"shipping-taxable","14":"purchasable","15":"product-type-simple"},"yoast_head":"<!-- This site is optimized with the Yoast SEO Premium plugin v25.7.1 (Yoast SEO v26.8) - https:\/\/yoast.com\/product\/yoast-seo-premium-wordpress\/ -->\n<title>Protector de voltaje 1800W FVP-1201B Forza - Mivoot<\/title>\n<meta name=\"robots\" content=\"index, follow, max-snippet:-1, max-image-preview:large, max-video-preview:-1\" \/>\n<link rel=\"canonical\" href=\"https:\/\/mivoot.com\/gt\/producto\/forza-fvp-1201b-protector-de-voltaje-2\/\" \/>\n<meta property=\"og:locale\" content=\"es_ES\" \/>\n<meta property=\"og:type\" content=\"article\" \/>\n<meta property=\"og:title\" content=\"Protector de voltaje 1800W FVP-1201B Forza\" \/>\n<meta property=\"og:description\" content=\"Capacidad:\u00a01800W  Voltaje:\u00a0120V  Tipo de entrada:\u00a0NEMA 5-15P  Tipo de salida:\u00a01 x NEMA 5-15R  Indicador visual:\u00a0Luz LED de estado\" \/>\n<meta property=\"og:url\" content=\"https:\/\/mivoot.com\/gt\/producto\/forza-fvp-1201b-protector-de-voltaje-2\/\" \/>\n<meta property=\"og:site_name\" content=\"Mivoot\" \/>\n<meta property=\"article:publisher\" content=\"https:\/\/www.facebook.com\/mivootgt\" \/>\n<meta property=\"article:modified_time\" content=\"2021-09-17T19:44:37+00:00\" \/>\n<meta property=\"og:image\" content=\"https:\/\/mivoot.com\/gt\/wp-content\/uploads\/2021\/03\/FVP-1201B_021.jpg\" \/>\n\t<meta property=\"og:image:width\" content=\"800\" \/>\n\t<meta property=\"og:image:height\" content=\"800\" \/>\n\t<meta property=\"og:image:type\" content=\"image\/jpeg\" \/>\n<meta name=\"twitter:card\" content=\"summary_large_image\" \/>\n<meta name=\"twitter:label1\" content=\"Est. reading time\" \/>\n\t<meta name=\"twitter:data1\" content=\"1 minuto\" \/>\n<script type=\"application\/ld+json\" class=\"yoast-schema-graph\">{\"@context\":\"https:\/\/schema.org\",\"@graph\":[{\"@type\":\"WebPage\",\"@id\":\"https:\/\/mivoot.com\/gt\/producto\/forza-fvp-1201b-protector-de-voltaje-2\/\",\"url\":\"https:\/\/mivoot.com\/gt\/producto\/forza-fvp-1201b-protector-de-voltaje-2\/\",\"name\":\"Protector de voltaje 1800W FVP-1201B Forza - Mivoot\",\"isPartOf\":{\"@id\":\"https:\/\/mivoot.com\/gt\/#website\"},\"primaryImageOfPage\":{\"@id\":\"https:\/\/mivoot.com\/gt\/producto\/forza-fvp-1201b-protector-de-voltaje-2\/#primaryimage\"},\"image\":{\"@id\":\"https:\/\/mivoot.com\/gt\/producto\/forza-fvp-1201b-protector-de-voltaje-2\/#primaryimage\"},\"thumbnailUrl\":\"https:\/\/mivoot.com\/gt\/wp-content\/uploads\/2021\/03\/FVP-1201B_021.jpg\",\"datePublished\":\"2021-03-15T17:44:41+00:00\",\"dateModified\":\"2021-09-17T19:44:37+00:00\",\"breadcrumb\":{\"@id\":\"https:\/\/mivoot.com\/gt\/producto\/forza-fvp-1201b-protector-de-voltaje-2\/#breadcrumb\"},\"inLanguage\":\"es\",\"potentialAction\":[{\"@type\":\"ReadAction\",\"target\":[\"https:\/\/mivoot.com\/gt\/producto\/forza-fvp-1201b-protector-de-voltaje-2\/\"]}]},{\"@type\":\"ImageObject\",\"inLanguage\":\"es\",\"@id\":\"https:\/\/mivoot.com\/gt\/producto\/forza-fvp-1201b-protector-de-voltaje-2\/#primaryimage\",\"url\":\"https:\/\/mivoot.com\/gt\/wp-content\/uploads\/2021\/03\/FVP-1201B_021.jpg\",\"contentUrl\":\"https:\/\/mivoot.com\/gt\/wp-content\/uploads\/2021\/03\/FVP-1201B_021.jpg\",\"width\":800,\"height\":800},{\"@type\":\"BreadcrumbList\",\"@id\":\"https:\/\/mivoot.com\/gt\/producto\/forza-fvp-1201b-protector-de-voltaje-2\/#breadcrumb\",\"itemListElement\":[{\"@type\":\"ListItem\",\"position\":1,\"name\":\"Inicio\",\"item\":\"https:\/\/mivoot.com\/gt\/\"},{\"@type\":\"ListItem\",\"position\":2,\"name\":\"Productos\",\"item\":\"https:\/\/mivoot.com\/gt\/producto\/\"},{\"@type\":\"ListItem\",\"position\":3,\"name\":\"Forza\",\"item\":\"https:\/\/mivoot.com\/gt\/marca\/forza\/\"},{\"@type\":\"ListItem\",\"position\":4,\"name\":\"Protector de voltaje 1800W FVP-1201B Forza\"}]},{\"@type\":\"WebSite\",\"@id\":\"https:\/\/mivoot.com\/gt\/#website\",\"url\":\"https:\/\/mivoot.com\/gt\/\",\"name\":\"Mivoot\",\"description\":\"Mivoot Guatemala | Tienda Online\",\"publisher\":{\"@id\":\"https:\/\/mivoot.com\/gt\/#organization\"},\"alternateName\":\"mivoot\",\"potentialAction\":[{\"@type\":\"SearchAction\",\"target\":{\"@type\":\"EntryPoint\",\"urlTemplate\":\"https:\/\/mivoot.com\/gt\/?s={search_term_string}\"},\"query-input\":{\"@type\":\"PropertyValueSpecification\",\"valueRequired\":true,\"valueName\":\"search_term_string\"}}],\"inLanguage\":\"es\"},{\"@type\":\"Organization\",\"@id\":\"https:\/\/mivoot.com\/gt\/#organization\",\"name\":\"Mivoot Guatemala\",\"alternateName\":\"mivoot.com\",\"url\":\"https:\/\/mivoot.com\/gt\/\",\"logo\":{\"@type\":\"ImageObject\",\"inLanguage\":\"es\",\"@id\":\"https:\/\/mivoot.com\/gt\/#\/schema\/logo\/image\/\",\"url\":\"https:\/\/mivoot.com\/gt\/wp-content\/uploads\/2023\/03\/cropped-icon.png\",\"contentUrl\":\"https:\/\/mivoot.com\/gt\/wp-content\/uploads\/2023\/03\/cropped-icon.png\",\"width\":512,\"height\":512,\"caption\":\"Mivoot Guatemala\"},\"image\":{\"@id\":\"https:\/\/mivoot.com\/gt\/#\/schema\/logo\/image\/\"},\"sameAs\":[\"https:\/\/www.facebook.com\/mivootgt\",\"https:\/\/instagram.com\/mivoot\"]}]}<\/script>\n<!-- \/ Yoast SEO Premium plugin. -->","yoast_head_json":{"title":"Protector de voltaje 1800W FVP-1201B Forza - Mivoot","robots":{"index":"index","follow":"follow","max-snippet":"max-snippet:-1","max-image-preview":"max-image-preview:large","max-video-preview":"max-video-preview:-1"},"canonical":"https:\/\/mivoot.com\/gt\/producto\/forza-fvp-1201b-protector-de-voltaje-2\/","og_locale":"es_ES","og_type":"article","og_title":"Protector de voltaje 1800W FVP-1201B Forza","og_description":"Capacidad:\u00a01800W  Voltaje:\u00a0120V  Tipo de entrada:\u00a0NEMA 5-15P  Tipo de salida:\u00a01 x NEMA 5-15R  Indicador visual:\u00a0Luz LED de estado","og_url":"https:\/\/mivoot.com\/gt\/producto\/forza-fvp-1201b-protector-de-voltaje-2\/","og_site_name":"Mivoot","article_publisher":"https:\/\/www.facebook.com\/mivootgt","article_modified_time":"2021-09-17T19:44:37+00:00","og_image":[{"width":800,"height":800,"url":"https:\/\/mivoot.com\/gt\/wp-content\/uploads\/2021\/03\/FVP-1201B_021.jpg","type":"image\/jpeg"}],"twitter_card":"summary_large_image","twitter_misc":{"Est. reading time":"1 minuto"},"schema":{"@context":"https:\/\/schema.org","@graph":[{"@type":"WebPage","@id":"https:\/\/mivoot.com\/gt\/producto\/forza-fvp-1201b-protector-de-voltaje-2\/","url":"https:\/\/mivoot.com\/gt\/producto\/forza-fvp-1201b-protector-de-voltaje-2\/","name":"Protector de voltaje 1800W FVP-1201B Forza - Mivoot","isPartOf":{"@id":"https:\/\/mivoot.com\/gt\/#website"},"primaryImageOfPage":{"@id":"https:\/\/mivoot.com\/gt\/producto\/forza-fvp-1201b-protector-de-voltaje-2\/#primaryimage"},"image":{"@id":"https:\/\/mivoot.com\/gt\/producto\/forza-fvp-1201b-protector-de-voltaje-2\/#primaryimage"},"thumbnailUrl":"https:\/\/mivoot.com\/gt\/wp-content\/uploads\/2021\/03\/FVP-1201B_021.jpg","datePublished":"2021-03-15T17:44:41+00:00","dateModified":"2021-09-17T19:44:37+00:00","breadcrumb":{"@id":"https:\/\/mivoot.com\/gt\/producto\/forza-fvp-1201b-protector-de-voltaje-2\/#breadcrumb"},"inLanguage":"es","potentialAction":[{"@type":"ReadAction","target":["https:\/\/mivoot.com\/gt\/producto\/forza-fvp-1201b-protector-de-voltaje-2\/"]}]},{"@type":"ImageObject","inLanguage":"es","@id":"https:\/\/mivoot.com\/gt\/producto\/forza-fvp-1201b-protector-de-voltaje-2\/#primaryimage","url":"https:\/\/mivoot.com\/gt\/wp-content\/uploads\/2021\/03\/FVP-1201B_021.jpg","contentUrl":"https:\/\/mivoot.com\/gt\/wp-content\/uploads\/2021\/03\/FVP-1201B_021.jpg","width":800,"height":800},{"@type":"BreadcrumbList","@id":"https:\/\/mivoot.com\/gt\/producto\/forza-fvp-1201b-protector-de-voltaje-2\/#breadcrumb","itemListElement":[{"@type":"ListItem","position":1,"name":"Inicio","item":"https:\/\/mivoot.com\/gt\/"},{"@type":"ListItem","position":2,"name":"Productos","item":"https:\/\/mivoot.com\/gt\/producto\/"},{"@type":"ListItem","position":3,"name":"Forza","item":"https:\/\/mivoot.com\/gt\/marca\/forza\/"},{"@type":"ListItem","position":4,"name":"Protector de voltaje 1800W FVP-1201B Forza"}]},{"@type":"WebSite","@id":"https:\/\/mivoot.com\/gt\/#website","url":"https:\/\/mivoot.com\/gt\/","name":"Mivoot","description":"Mivoot Guatemala | Tienda Online","publisher":{"@id":"https:\/\/mivoot.com\/gt\/#organization"},"alternateName":"mivoot","potentialAction":[{"@type":"SearchAction","target":{"@type":"EntryPoint","urlTemplate":"https:\/\/mivoot.com\/gt\/?s={search_term_string}"},"query-input":{"@type":"PropertyValueSpecification","valueRequired":true,"valueName":"search_term_string"}}],"inLanguage":"es"},{"@type":"Organization","@id":"https:\/\/mivoot.com\/gt\/#organization","name":"Mivoot Guatemala","alternateName":"mivoot.com","url":"https:\/\/mivoot.com\/gt\/","logo":{"@type":"ImageObject","inLanguage":"es","@id":"https:\/\/mivoot.com\/gt\/#\/schema\/logo\/image\/","url":"https:\/\/mivoot.com\/gt\/wp-content\/uploads\/2023\/03\/cropped-icon.png","contentUrl":"https:\/\/mivoot.com\/gt\/wp-content\/uploads\/2023\/03\/cropped-icon.png","width":512,"height":512,"caption":"Mivoot Guatemala"},"image":{"@id":"https:\/\/mivoot.com\/gt\/#\/schema\/logo\/image\/"},"sameAs":["https:\/\/www.facebook.com\/mivootgt","https:\/\/instagram.com\/mivoot"]}]}},"jetpack_publicize_connections":[],"jetpack_sharing_enabled":true,"brands":[{"id":110,"name":"Forza","slug":"forza"}],"_links":{"self":[{"href":"https:\/\/mivoot.com\/gt\/wp-json\/wp\/v2\/product\/541","targetHints":{"allow":["GET"]}}],"collection":[{"href":"https:\/\/mivoot.com\/gt\/wp-json\/wp\/v2\/product"}],"about":[{"href":"https:\/\/mivoot.com\/gt\/wp-json\/wp\/v2\/types\/product"}],"replies":[{"embeddable":true,"href":"https:\/\/mivoot.com\/gt\/wp-json\/wp\/v2\/comments?post=541"}],"version-history":[{"count":12,"href":"https:\/\/mivoot.com\/gt\/wp-json\/wp\/v2\/product\/541\/revisions"}],"predecessor-version":[{"id":2537,"href":"https:\/\/mivoot.com\/gt\/wp-json\/wp\/v2\/product\/541\/revisions\/2537"}],"wp:featuredmedia":[{"embeddable":true,"href":"https:\/\/mivoot.com\/gt\/wp-json\/wp\/v2\/media\/2353"}],"wp:attachment":[{"href":"https:\/\/mivoot.com\/gt\/wp-json\/wp\/v2\/media?parent=541"}],"wp:term":[{"taxonomy":"pwb-brand","embeddable":true,"href":"https:\/\/mivoot.com\/gt\/wp-json\/wp\/v2\/pwb-brand?post=541"},{"taxonomy":"product_brand","embeddable":true,"href":"https:\/\/mivoot.com\/gt\/wp-json\/wp\/v2\/product_brand?post=541"},{"taxonomy":"product_cat","embeddable":true,"href":"https:\/\/mivoot.com\/gt\/wp-json\/wp\/v2\/product_cat?post=541"},{"taxonomy":"product_tag","embeddable":true,"href":"https:\/\/mivoot.com\/gt\/wp-json\/wp\/v2\/product_tag?post=541"}],"curies":[{"name":"wp","href":"https:\/\/api.w.org\/{rel}","templated":true}]}}