{"id":554,"date":"2021-03-15T17:44:42","date_gmt":"2021-03-15T17:44:42","guid":{"rendered":"https:\/\/mivoot.com\/gt\/?post_type=product&#038;p=554"},"modified":"2021-03-15T17:44:46","modified_gmt":"2021-03-15T17:44:46","slug":"power-bank-mophie-power-boost-2600mah-blanco","status":"publish","type":"product","link":"https:\/\/mivoot.com\/gt\/producto\/power-bank-mophie-power-boost-2600mah-blanco\/","title":{"rendered":"Power Bank Mophie Power Boost 2600mah Blanco"},"content":{"rendered":"","protected":false},"excerpt":{"rendered":"<ul>\n<li>Power Bank Mophie Power Boost.<\/li>\n<li>Capacidad:\u00a02600 Mah.<\/li>\n<li>Power pack port\u00e1til para cargar dispositivos m\u00f3viles.<\/li>\n<li>Elegante dise\u00f1o en color blanco.<\/li>\n<li>Tama\u00f1o c\u00f3modo para la palma de la mano.<\/li>\n<li>Capacidad Universal para cualquier necesidad de carga.<\/li>\n<li>Solo se conecta el Power Bank al smartphone o tablet y listo.<\/li>\n<li>Ofrece hasta 12 horas de bater\u00eda extra.<\/li>\n<li>LED indicador de encendido, muestra los niveles de bater\u00eda y estado de carga.<\/li>\n<li>Mejor rendimiento y un funcionamiento seguro.<\/li>\n<\/ul>\n","protected":false},"featured_media":0,"comment_status":"open","ping_status":"closed","template":"","meta":{"jetpack_publicize_message":"","jetpack_publicize_feature_enabled":true,"jetpack_social_post_already_shared":false,"jetpack_social_options":{"image_generator_settings":{"template":"highway","default_image_id":0,"font":"","enabled":false},"version":2}},"pwb-brand":[],"product_brand":[],"product_cat":[42],"product_tag":[],"class_list":{"0":"post-554","1":"product","2":"type-product","3":"status-publish","5":"product_cat-accesorios","7":"first","8":"instock","9":"taxable","10":"shipping-taxable","11":"purchasable","12":"product-type-simple"},"yoast_head":"<!-- This site is optimized with the Yoast SEO Premium plugin v25.7.1 (Yoast SEO v26.8) - https:\/\/yoast.com\/product\/yoast-seo-premium-wordpress\/ -->\n<title>Power Bank Mophie Power Boost 2600mah Blanco - Mivoot<\/title>\n<meta name=\"robots\" content=\"index, follow, max-snippet:-1, max-image-preview:large, max-video-preview:-1\" \/>\n<link rel=\"canonical\" href=\"https:\/\/mivoot.com\/gt\/producto\/power-bank-mophie-power-boost-2600mah-blanco\/\" \/>\n<meta property=\"og:locale\" content=\"es_ES\" \/>\n<meta property=\"og:type\" content=\"article\" \/>\n<meta property=\"og:title\" content=\"Power Bank Mophie Power Boost 2600mah Blanco\" \/>\n<meta property=\"og:description\" content=\"Power Bank Mophie Power Boost.  Capacidad:\u00a02600 Mah.  Power pack port\u00e1til para cargar dispositivos m\u00f3viles.  Elegante dise\u00f1o en color blanco.  Tama\u00f1o c\u00f3modo para la palma de la mano.  Capacidad Universal para cualquier necesidad de carga.  Solo se conecta el Power Bank al smartphone o tablet y listo.  Ofrece hasta 12 horas de bater\u00eda extra.  LED indicador de encendido, muestra los niveles de bater\u00eda y estado de carga.  Mejor rendimiento y un funcionamiento seguro.\" \/>\n<meta property=\"og:url\" content=\"https:\/\/mivoot.com\/gt\/producto\/power-bank-mophie-power-boost-2600mah-blanco\/\" \/>\n<meta property=\"og:site_name\" content=\"Mivoot\" \/>\n<meta property=\"article:publisher\" content=\"https:\/\/www.facebook.com\/mivootgt\" \/>\n<meta property=\"article:modified_time\" content=\"2021-03-15T17:44:46+00:00\" \/>\n<meta property=\"og:image\" content=\"https:\/\/mivoot.com\/gt\/wp-content\/uploads\/2021\/03\/cropped-icon.png\" \/>\n\t<meta property=\"og:image:width\" content=\"512\" \/>\n\t<meta property=\"og:image:height\" content=\"512\" \/>\n\t<meta property=\"og:image:type\" content=\"image\/png\" \/>\n<meta name=\"twitter:card\" content=\"summary_large_image\" \/>\n<script type=\"application\/ld+json\" class=\"yoast-schema-graph\">{\"@context\":\"https:\/\/schema.org\",\"@graph\":[{\"@type\":\"WebPage\",\"@id\":\"https:\/\/mivoot.com\/gt\/producto\/power-bank-mophie-power-boost-2600mah-blanco\/\",\"url\":\"https:\/\/mivoot.com\/gt\/producto\/power-bank-mophie-power-boost-2600mah-blanco\/\",\"name\":\"Power Bank Mophie Power Boost 2600mah Blanco - Mivoot\",\"isPartOf\":{\"@id\":\"https:\/\/mivoot.com\/gt\/#website\"},\"datePublished\":\"2021-03-15T17:44:42+00:00\",\"dateModified\":\"2021-03-15T17:44:46+00:00\",\"breadcrumb\":{\"@id\":\"https:\/\/mivoot.com\/gt\/producto\/power-bank-mophie-power-boost-2600mah-blanco\/#breadcrumb\"},\"inLanguage\":\"es\",\"potentialAction\":[{\"@type\":\"ReadAction\",\"target\":[\"https:\/\/mivoot.com\/gt\/producto\/power-bank-mophie-power-boost-2600mah-blanco\/\"]}]},{\"@type\":\"BreadcrumbList\",\"@id\":\"https:\/\/mivoot.com\/gt\/producto\/power-bank-mophie-power-boost-2600mah-blanco\/#breadcrumb\",\"itemListElement\":[{\"@type\":\"ListItem\",\"position\":1,\"name\":\"Inicio\",\"item\":\"https:\/\/mivoot.com\/gt\/\"},{\"@type\":\"ListItem\",\"position\":2,\"name\":\"Productos\",\"item\":\"https:\/\/mivoot.com\/gt\/producto\/\"},{\"@type\":\"ListItem\",\"position\":3,\"name\":\"Power Bank Mophie Power Boost 2600mah Blanco\"}]},{\"@type\":\"WebSite\",\"@id\":\"https:\/\/mivoot.com\/gt\/#website\",\"url\":\"https:\/\/mivoot.com\/gt\/\",\"name\":\"Mivoot\",\"description\":\"Mivoot Guatemala | Tienda Online\",\"publisher\":{\"@id\":\"https:\/\/mivoot.com\/gt\/#organization\"},\"alternateName\":\"mivoot\",\"potentialAction\":[{\"@type\":\"SearchAction\",\"target\":{\"@type\":\"EntryPoint\",\"urlTemplate\":\"https:\/\/mivoot.com\/gt\/?s={search_term_string}\"},\"query-input\":{\"@type\":\"PropertyValueSpecification\",\"valueRequired\":true,\"valueName\":\"search_term_string\"}}],\"inLanguage\":\"es\"},{\"@type\":\"Organization\",\"@id\":\"https:\/\/mivoot.com\/gt\/#organization\",\"name\":\"Mivoot Guatemala\",\"alternateName\":\"mivoot.com\",\"url\":\"https:\/\/mivoot.com\/gt\/\",\"logo\":{\"@type\":\"ImageObject\",\"inLanguage\":\"es\",\"@id\":\"https:\/\/mivoot.com\/gt\/#\/schema\/logo\/image\/\",\"url\":\"https:\/\/mivoot.com\/gt\/wp-content\/uploads\/2023\/03\/cropped-icon.png\",\"contentUrl\":\"https:\/\/mivoot.com\/gt\/wp-content\/uploads\/2023\/03\/cropped-icon.png\",\"width\":512,\"height\":512,\"caption\":\"Mivoot Guatemala\"},\"image\":{\"@id\":\"https:\/\/mivoot.com\/gt\/#\/schema\/logo\/image\/\"},\"sameAs\":[\"https:\/\/www.facebook.com\/mivootgt\",\"https:\/\/instagram.com\/mivoot\"]}]}<\/script>\n<!-- \/ Yoast SEO Premium plugin. -->","yoast_head_json":{"title":"Power Bank Mophie Power Boost 2600mah Blanco - Mivoot","robots":{"index":"index","follow":"follow","max-snippet":"max-snippet:-1","max-image-preview":"max-image-preview:large","max-video-preview":"max-video-preview:-1"},"canonical":"https:\/\/mivoot.com\/gt\/producto\/power-bank-mophie-power-boost-2600mah-blanco\/","og_locale":"es_ES","og_type":"article","og_title":"Power Bank Mophie Power Boost 2600mah Blanco","og_description":"Power Bank Mophie Power Boost.  Capacidad:\u00a02600 Mah.  Power pack port\u00e1til para cargar dispositivos m\u00f3viles.  Elegante dise\u00f1o en color blanco.  Tama\u00f1o c\u00f3modo para la palma de la mano.  Capacidad Universal para cualquier necesidad de carga.  Solo se conecta el Power Bank al smartphone o tablet y listo.  Ofrece hasta 12 horas de bater\u00eda extra.  LED indicador de encendido, muestra los niveles de bater\u00eda y estado de carga.  Mejor rendimiento y un funcionamiento seguro.","og_url":"https:\/\/mivoot.com\/gt\/producto\/power-bank-mophie-power-boost-2600mah-blanco\/","og_site_name":"Mivoot","article_publisher":"https:\/\/www.facebook.com\/mivootgt","article_modified_time":"2021-03-15T17:44:46+00:00","og_image":[{"width":512,"height":512,"url":"https:\/\/mivoot.com\/gt\/wp-content\/uploads\/2021\/03\/cropped-icon.png","type":"image\/png"}],"twitter_card":"summary_large_image","schema":{"@context":"https:\/\/schema.org","@graph":[{"@type":"WebPage","@id":"https:\/\/mivoot.com\/gt\/producto\/power-bank-mophie-power-boost-2600mah-blanco\/","url":"https:\/\/mivoot.com\/gt\/producto\/power-bank-mophie-power-boost-2600mah-blanco\/","name":"Power Bank Mophie Power Boost 2600mah Blanco - Mivoot","isPartOf":{"@id":"https:\/\/mivoot.com\/gt\/#website"},"datePublished":"2021-03-15T17:44:42+00:00","dateModified":"2021-03-15T17:44:46+00:00","breadcrumb":{"@id":"https:\/\/mivoot.com\/gt\/producto\/power-bank-mophie-power-boost-2600mah-blanco\/#breadcrumb"},"inLanguage":"es","potentialAction":[{"@type":"ReadAction","target":["https:\/\/mivoot.com\/gt\/producto\/power-bank-mophie-power-boost-2600mah-blanco\/"]}]},{"@type":"BreadcrumbList","@id":"https:\/\/mivoot.com\/gt\/producto\/power-bank-mophie-power-boost-2600mah-blanco\/#breadcrumb","itemListElement":[{"@type":"ListItem","position":1,"name":"Inicio","item":"https:\/\/mivoot.com\/gt\/"},{"@type":"ListItem","position":2,"name":"Productos","item":"https:\/\/mivoot.com\/gt\/producto\/"},{"@type":"ListItem","position":3,"name":"Power Bank Mophie Power Boost 2600mah Blanco"}]},{"@type":"WebSite","@id":"https:\/\/mivoot.com\/gt\/#website","url":"https:\/\/mivoot.com\/gt\/","name":"Mivoot","description":"Mivoot Guatemala | Tienda Online","publisher":{"@id":"https:\/\/mivoot.com\/gt\/#organization"},"alternateName":"mivoot","potentialAction":[{"@type":"SearchAction","target":{"@type":"EntryPoint","urlTemplate":"https:\/\/mivoot.com\/gt\/?s={search_term_string}"},"query-input":{"@type":"PropertyValueSpecification","valueRequired":true,"valueName":"search_term_string"}}],"inLanguage":"es"},{"@type":"Organization","@id":"https:\/\/mivoot.com\/gt\/#organization","name":"Mivoot Guatemala","alternateName":"mivoot.com","url":"https:\/\/mivoot.com\/gt\/","logo":{"@type":"ImageObject","inLanguage":"es","@id":"https:\/\/mivoot.com\/gt\/#\/schema\/logo\/image\/","url":"https:\/\/mivoot.com\/gt\/wp-content\/uploads\/2023\/03\/cropped-icon.png","contentUrl":"https:\/\/mivoot.com\/gt\/wp-content\/uploads\/2023\/03\/cropped-icon.png","width":512,"height":512,"caption":"Mivoot Guatemala"},"image":{"@id":"https:\/\/mivoot.com\/gt\/#\/schema\/logo\/image\/"},"sameAs":["https:\/\/www.facebook.com\/mivootgt","https:\/\/instagram.com\/mivoot"]}]}},"jetpack_publicize_connections":[],"jetpack_sharing_enabled":true,"brands":[],"_links":{"self":[{"href":"https:\/\/mivoot.com\/gt\/wp-json\/wp\/v2\/product\/554","targetHints":{"allow":["GET"]}}],"collection":[{"href":"https:\/\/mivoot.com\/gt\/wp-json\/wp\/v2\/product"}],"about":[{"href":"https:\/\/mivoot.com\/gt\/wp-json\/wp\/v2\/types\/product"}],"replies":[{"embeddable":true,"href":"https:\/\/mivoot.com\/gt\/wp-json\/wp\/v2\/comments?post=554"}],"version-history":[{"count":0,"href":"https:\/\/mivoot.com\/gt\/wp-json\/wp\/v2\/product\/554\/revisions"}],"wp:attachment":[{"href":"https:\/\/mivoot.com\/gt\/wp-json\/wp\/v2\/media?parent=554"}],"wp:term":[{"taxonomy":"pwb-brand","embeddable":true,"href":"https:\/\/mivoot.com\/gt\/wp-json\/wp\/v2\/pwb-brand?post=554"},{"taxonomy":"product_brand","embeddable":true,"href":"https:\/\/mivoot.com\/gt\/wp-json\/wp\/v2\/product_brand?post=554"},{"taxonomy":"product_cat","embeddable":true,"href":"https:\/\/mivoot.com\/gt\/wp-json\/wp\/v2\/product_cat?post=554"},{"taxonomy":"product_tag","embeddable":true,"href":"https:\/\/mivoot.com\/gt\/wp-json\/wp\/v2\/product_tag?post=554"}],"curies":[{"name":"wp","href":"https:\/\/api.w.org\/{rel}","templated":true}]}}