{"id":571,"date":"2021-03-15T17:44:50","date_gmt":"2021-03-15T17:44:50","guid":{"rendered":"https:\/\/mivoot.com\/gt\/?post_type=product&#038;p=571"},"modified":"2022-05-02T20:55:58","modified_gmt":"2022-05-03T02:55:58","slug":"sensor-de-contacto-2pack-smart-wi-fi-nexxt","status":"publish","type":"product","link":"https:\/\/mivoot.com\/gt\/producto\/sensor-de-contacto-2pack-smart-wi-fi-nexxt\/","title":{"rendered":"Sensor de Contacto 2Pack Smart Wi-Fi Nexxt"},"content":{"rendered":"\t\t<div data-elementor-type=\"product-post\" data-elementor-id=\"571\" class=\"elementor elementor-571\">\n\t\t\t\t\t\t<section class=\"elementor-section elementor-top-section elementor-element elementor-element-2623a8e elementor-section-boxed elementor-section-height-default elementor-section-height-default\" data-id=\"2623a8e\" data-element_type=\"section\">\n\t\t\t\t\t\t<div class=\"elementor-container elementor-column-gap-default\">\n\t\t\t\t\t<div class=\"elementor-column elementor-col-100 elementor-top-column elementor-element elementor-element-2b14c59\" data-id=\"2b14c59\" data-element_type=\"column\">\n\t\t\t<div class=\"elementor-widget-wrap elementor-element-populated\">\n\t\t\t\t\t\t<div class=\"elementor-element elementor-element-cf0f418 elementor-widget elementor-widget-text-editor\" data-id=\"cf0f418\" data-element_type=\"widget\" data-widget_type=\"text-editor.default\">\n\t\t\t\t<div class=\"elementor-widget-container\">\n\t\t\t\t\t\t\t\t\t<p>Nexxt Solutions introduce su nueva Serie de Automatizaci\u00f3n para el Hogar. Dise\u00f1ada para adaptarse a tu estilo de vida m\u00f3vil al mismo tiempo que crea un entorno m\u00e1s seguro tanto dentro como fuera del hogar, la marca unifica una extensa gama de productos plenamente integrados a trav\u00e9s de una aplicaci\u00f3n \u00fanica, muy f\u00e1cil de usar. Desde enchufes, regletas, bombillas, c\u00e1maras inteligentes hasta kits de seguridad, ahora puedes ejercer control, programar y hacer funcionar los dispositivos en el horario que m\u00e1s te acomode aun cuando est\u00e9s fuera de casa.<\/p>\t\t\t\t\t\t\t\t<\/div>\n\t\t\t\t<\/div>\n\t\t\t\t\t<\/div>\n\t\t<\/div>\n\t\t\t\t\t<\/div>\n\t\t<\/section>\n\t\t\t\t<section class=\"elementor-section elementor-top-section elementor-element elementor-element-b23b770 elementor-section-boxed elementor-section-height-default elementor-section-height-default\" data-id=\"b23b770\" data-element_type=\"section\">\n\t\t\t\t\t\t<div class=\"elementor-container elementor-column-gap-default\">\n\t\t\t\t\t<div class=\"elementor-column elementor-col-100 elementor-top-column elementor-element elementor-element-08bf2c2\" data-id=\"08bf2c2\" data-element_type=\"column\">\n\t\t\t<div class=\"elementor-widget-wrap elementor-element-populated\">\n\t\t\t\t\t\t<div class=\"elementor-element elementor-element-b5ad741 elementor-widget elementor-widget-video\" data-id=\"b5ad741\" data-element_type=\"widget\" data-settings=\"{&quot;video_type&quot;:&quot;hosted&quot;,&quot;autoplay&quot;:&quot;yes&quot;,&quot;play_on_mobile&quot;:&quot;yes&quot;,&quot;loop&quot;:&quot;yes&quot;}\" data-widget_type=\"video.default\">\n\t\t\t\t<div class=\"elementor-widget-container\">\n\t\t\t\t\t\t\t<div class=\"e-hosted-video elementor-wrapper elementor-open-inline\">\n\t\t\t\t\t<video class=\"elementor-video\" src=\"https:\/\/mivoot.com\/gt\/wp-content\/uploads\/2021\/03\/AHBSNMA4U1-VIDEO-SPA.mp4\" autoplay=\"\" loop=\"\" playsinline=\"\" controlsList=\"nodownload\"><\/video>\n\t\t\t\t<\/div>\n\t\t\t\t\t\t<\/div>\n\t\t\t\t<\/div>\n\t\t\t\t\t<\/div>\n\t\t<\/div>\n\t\t\t\t\t<\/div>\n\t\t<\/section>\n\t\t\t\t<section class=\"elementor-section elementor-top-section elementor-element elementor-element-f168329 elementor-section-boxed elementor-section-height-default elementor-section-height-default\" data-id=\"f168329\" data-element_type=\"section\">\n\t\t\t\t\t\t<div class=\"elementor-container elementor-column-gap-default\">\n\t\t\t\t\t<div class=\"elementor-column elementor-col-50 elementor-top-column elementor-element elementor-element-b66121b\" data-id=\"b66121b\" data-element_type=\"column\">\n\t\t\t<div class=\"elementor-widget-wrap elementor-element-populated\">\n\t\t\t\t\t\t<div class=\"elementor-element elementor-element-ba475b0 elementor-widget elementor-widget-text-editor\" data-id=\"ba475b0\" data-element_type=\"widget\" data-widget_type=\"text-editor.default\">\n\t\t\t\t<div class=\"elementor-widget-container\">\n\t\t\t\t\t\t\t\t\t<h3 class=\"title\">Alertas a tu m\u00f3vil en tiempo real<\/h3><p>Recibe notificaciones al instante cada vez que se activa un sensor o una alarma<\/p>\t\t\t\t\t\t\t\t<\/div>\n\t\t\t\t<\/div>\n\t\t\t\t\t<\/div>\n\t\t<\/div>\n\t\t\t\t<div class=\"elementor-column elementor-col-50 elementor-top-column elementor-element elementor-element-68e46e5\" data-id=\"68e46e5\" data-element_type=\"column\">\n\t\t\t<div class=\"elementor-widget-wrap elementor-element-populated\">\n\t\t\t\t\t\t<div class=\"elementor-element elementor-element-6f7dde1 elementor-widget elementor-widget-image\" data-id=\"6f7dde1\" data-element_type=\"widget\" data-widget_type=\"image.default\">\n\t\t\t\t<div class=\"elementor-widget-container\">\n\t\t\t\t\t\t\t\t\t\t\t\t\t\t\t<img fetchpriority=\"high\" decoding=\"async\" width=\"720\" height=\"414\" src=\"https:\/\/mivoot.com\/gt\/wp-content\/uploads\/2021\/03\/security-Contact-sensor-1.jpg\" class=\"attachment-large size-large wp-image-932\" alt=\"\" srcset=\"https:\/\/mivoot.com\/gt\/wp-content\/uploads\/2021\/03\/security-Contact-sensor-1.jpg 720w, https:\/\/mivoot.com\/gt\/wp-content\/uploads\/2021\/03\/security-Contact-sensor-1-410x236.jpg 410w, https:\/\/mivoot.com\/gt\/wp-content\/uploads\/2021\/03\/security-Contact-sensor-1-64x37.jpg 64w, https:\/\/mivoot.com\/gt\/wp-content\/uploads\/2021\/03\/security-Contact-sensor-1-300x173.jpg 300w\" sizes=\"(max-width: 720px) 100vw, 720px\" \/>\t\t\t\t\t\t\t\t\t\t\t\t\t\t\t<\/div>\n\t\t\t\t<\/div>\n\t\t\t\t\t<\/div>\n\t\t<\/div>\n\t\t\t\t\t<\/div>\n\t\t<\/section>\n\t\t\t\t<section class=\"elementor-section elementor-top-section elementor-element elementor-element-ed39b9e elementor-section-boxed elementor-section-height-default elementor-section-height-default\" data-id=\"ed39b9e\" data-element_type=\"section\">\n\t\t\t\t\t\t<div class=\"elementor-container elementor-column-gap-default\">\n\t\t\t\t\t<div class=\"elementor-column elementor-col-50 elementor-top-column elementor-element elementor-element-beba42f\" data-id=\"beba42f\" data-element_type=\"column\">\n\t\t\t<div class=\"elementor-widget-wrap elementor-element-populated\">\n\t\t\t\t\t\t<div class=\"elementor-element elementor-element-18a2f3d elementor-widget elementor-widget-image\" data-id=\"18a2f3d\" data-element_type=\"widget\" data-widget_type=\"image.default\">\n\t\t\t\t<div class=\"elementor-widget-container\">\n\t\t\t\t\t\t\t\t\t\t\t\t\t\t\t<img decoding=\"async\" width=\"720\" height=\"414\" src=\"https:\/\/mivoot.com\/gt\/wp-content\/uploads\/2021\/03\/security-Contact-sensor-2.jpg\" class=\"attachment-large size-large wp-image-933\" alt=\"\" srcset=\"https:\/\/mivoot.com\/gt\/wp-content\/uploads\/2021\/03\/security-Contact-sensor-2.jpg 720w, https:\/\/mivoot.com\/gt\/wp-content\/uploads\/2021\/03\/security-Contact-sensor-2-410x236.jpg 410w, https:\/\/mivoot.com\/gt\/wp-content\/uploads\/2021\/03\/security-Contact-sensor-2-64x37.jpg 64w, https:\/\/mivoot.com\/gt\/wp-content\/uploads\/2021\/03\/security-Contact-sensor-2-300x173.jpg 300w\" sizes=\"(max-width: 720px) 100vw, 720px\" \/>\t\t\t\t\t\t\t\t\t\t\t\t\t\t\t<\/div>\n\t\t\t\t<\/div>\n\t\t\t\t\t<\/div>\n\t\t<\/div>\n\t\t\t\t<div class=\"elementor-column elementor-col-50 elementor-top-column elementor-element elementor-element-4bee863\" data-id=\"4bee863\" data-element_type=\"column\">\n\t\t\t<div class=\"elementor-widget-wrap elementor-element-populated\">\n\t\t\t\t\t\t<div class=\"elementor-element elementor-element-e23f3f0 elementor-widget elementor-widget-text-editor\" data-id=\"e23f3f0\" data-element_type=\"widget\" data-widget_type=\"text-editor.default\">\n\t\t\t\t<div class=\"elementor-widget-container\">\n\t\t\t\t\t\t\t\t\t<h3 class=\"title\">Tecnolog\u00eda Bluetooth\u00ae<\/h3><p>El sistema de Seguridad de Nexxt Home se conecta f\u00e1cilmente a trav\u00e9s de Bluetooth\u00ae y Wi-Fi<\/p>\t\t\t\t\t\t\t\t<\/div>\n\t\t\t\t<\/div>\n\t\t\t\t\t<\/div>\n\t\t<\/div>\n\t\t\t\t\t<\/div>\n\t\t<\/section>\n\t\t\t\t<section class=\"elementor-section elementor-top-section elementor-element elementor-element-4b403d7 elementor-section-boxed elementor-section-height-default elementor-section-height-default\" data-id=\"4b403d7\" data-element_type=\"section\">\n\t\t\t\t\t\t<div class=\"elementor-container elementor-column-gap-default\">\n\t\t\t\t\t<div class=\"elementor-column elementor-col-50 elementor-top-column elementor-element elementor-element-23e0bd1\" data-id=\"23e0bd1\" data-element_type=\"column\">\n\t\t\t<div class=\"elementor-widget-wrap elementor-element-populated\">\n\t\t\t\t\t\t<div class=\"elementor-element elementor-element-5519f17 elementor-widget elementor-widget-text-editor\" data-id=\"5519f17\" data-element_type=\"widget\" data-widget_type=\"text-editor.default\">\n\t\t\t\t<div class=\"elementor-widget-container\">\n\t\t\t\t\t\t\t\t\t<h3 class=\"title\">No requiere conocimientos t\u00e9cnicos<\/h3><p>Basta con enchufarlo o montarlo en la pared, ventana o puerta para comenzar a proteger tu casa u oficina de inmediato. No necesitas instalaci\u00f3n profesional<\/p>\t\t\t\t\t\t\t\t<\/div>\n\t\t\t\t<\/div>\n\t\t\t\t\t<\/div>\n\t\t<\/div>\n\t\t\t\t<div class=\"elementor-column elementor-col-50 elementor-top-column elementor-element elementor-element-cec2df4\" data-id=\"cec2df4\" data-element_type=\"column\">\n\t\t\t<div class=\"elementor-widget-wrap elementor-element-populated\">\n\t\t\t\t\t\t<div class=\"elementor-element elementor-element-9e3b620 elementor-widget elementor-widget-image\" data-id=\"9e3b620\" data-element_type=\"widget\" data-widget_type=\"image.default\">\n\t\t\t\t<div class=\"elementor-widget-container\">\n\t\t\t\t\t\t\t\t\t\t\t\t\t\t\t<img decoding=\"async\" width=\"720\" height=\"414\" src=\"https:\/\/mivoot.com\/gt\/wp-content\/uploads\/2021\/03\/security-Contact-sensor-3.jpg\" class=\"attachment-large size-large wp-image-934\" alt=\"\" srcset=\"https:\/\/mivoot.com\/gt\/wp-content\/uploads\/2021\/03\/security-Contact-sensor-3.jpg 720w, https:\/\/mivoot.com\/gt\/wp-content\/uploads\/2021\/03\/security-Contact-sensor-3-410x236.jpg 410w, https:\/\/mivoot.com\/gt\/wp-content\/uploads\/2021\/03\/security-Contact-sensor-3-64x37.jpg 64w, https:\/\/mivoot.com\/gt\/wp-content\/uploads\/2021\/03\/security-Contact-sensor-3-300x173.jpg 300w\" sizes=\"(max-width: 720px) 100vw, 720px\" \/>\t\t\t\t\t\t\t\t\t\t\t\t\t\t\t<\/div>\n\t\t\t\t<\/div>\n\t\t\t\t\t<\/div>\n\t\t<\/div>\n\t\t\t\t\t<\/div>\n\t\t<\/section>\n\t\t\t\t<\/div>\n\t\t","protected":false},"excerpt":{"rendered":"<h4>Recibe alertas al instante desde casa, aun cuando no est\u00e9s all\u00ed<\/h4>\n<p>Los sensores de contacto se instalan f\u00e1cilmente en cualquier punto de acceso, o en cualquier otra ubicaci\u00f3n que requiera una capa extra de protecci\u00f3n, tales como gavetas para cuchillos, botiquines, cobertizos y m\u00e1s.<\/p>\n<ul class=\"list-unstyled mainProduct__support--item\">\n<li class=\"mainProduct__support--list\">Tecnologia inalambrica:\u00a0802.11n<\/li>\n<li class=\"mainProduct__support--list\">Tipo de bater\u00eda:\u00a0CR2032<\/li>\n<li class=\"mainProduct__support--list\">Material:\u00a0Pl\u00e1stico<\/li>\n<\/ul>\n","protected":false},"featured_media":937,"comment_status":"open","ping_status":"closed","template":"","meta":{"jetpack_publicize_message":"","jetpack_publicize_feature_enabled":true,"jetpack_social_post_already_shared":false,"jetpack_social_options":{"image_generator_settings":{"template":"highway","default_image_id":0,"font":"","enabled":false},"version":2}},"pwb-brand":[72],"product_brand":[],"product_cat":[28],"product_tag":[29],"class_list":{"0":"post-571","1":"product","2":"type-product","3":"status-publish","4":"has-post-thumbnail","6":"pwb-brand-nexxt","7":"product_cat-smart-home","8":"product_tag-nexxt-solutions","10":"first","11":"instock","12":"taxable","13":"shipping-taxable","14":"purchasable","15":"product-type-simple"},"yoast_head":"<!-- This site is optimized with the Yoast SEO Premium plugin v25.7.1 (Yoast SEO v26.8) - https:\/\/yoast.com\/product\/yoast-seo-premium-wordpress\/ -->\n<title>Sensor de Contacto 2Pack Smart Wi-Fi Nexxt - Mivoot<\/title>\n<meta name=\"robots\" content=\"index, follow, max-snippet:-1, max-image-preview:large, max-video-preview:-1\" \/>\n<link rel=\"canonical\" href=\"https:\/\/mivoot.com\/gt\/producto\/sensor-de-contacto-2pack-smart-wi-fi-nexxt\/\" \/>\n<meta property=\"og:locale\" content=\"es_ES\" \/>\n<meta property=\"og:type\" content=\"article\" \/>\n<meta property=\"og:title\" content=\"Sensor de Contacto 2Pack Smart Wi-Fi Nexxt\" \/>\n<meta property=\"og:description\" content=\"Recibe alertas al instante desde casa, aun cuando no est\u00e9s all\u00ed Los sensores de contacto se instalan f\u00e1cilmente en cualquier punto de acceso, o en cualquier otra ubicaci\u00f3n que requiera una capa extra de protecci\u00f3n, tales como gavetas para cuchillos, botiquines, cobertizos y m\u00e1s.   Tecnologia inalambrica:\u00a0802.11n  Tipo de bater\u00eda:\u00a0CR2032  Material:\u00a0Pl\u00e1stico\" \/>\n<meta property=\"og:url\" content=\"https:\/\/mivoot.com\/gt\/producto\/sensor-de-contacto-2pack-smart-wi-fi-nexxt\/\" \/>\n<meta property=\"og:site_name\" content=\"Mivoot\" \/>\n<meta property=\"article:publisher\" content=\"https:\/\/www.facebook.com\/mivootgt\" \/>\n<meta property=\"article:modified_time\" content=\"2022-05-03T02:55:58+00:00\" \/>\n<meta property=\"og:image\" content=\"https:\/\/mivoot.com\/gt\/wp-content\/uploads\/2021\/03\/AHBSNMA4U1-BIG-35.jpg\" \/>\n\t<meta property=\"og:image:width\" content=\"800\" \/>\n\t<meta property=\"og:image:height\" content=\"576\" \/>\n\t<meta property=\"og:image:type\" content=\"image\/jpeg\" \/>\n<meta name=\"twitter:card\" content=\"summary_large_image\" \/>\n<meta name=\"twitter:label1\" content=\"Est. reading time\" \/>\n\t<meta name=\"twitter:data1\" content=\"1 minuto\" \/>\n<script type=\"application\/ld+json\" class=\"yoast-schema-graph\">{\"@context\":\"https:\/\/schema.org\",\"@graph\":[{\"@type\":\"WebPage\",\"@id\":\"https:\/\/mivoot.com\/gt\/producto\/sensor-de-contacto-2pack-smart-wi-fi-nexxt\/\",\"url\":\"https:\/\/mivoot.com\/gt\/producto\/sensor-de-contacto-2pack-smart-wi-fi-nexxt\/\",\"name\":\"Sensor de Contacto 2Pack Smart Wi-Fi Nexxt - Mivoot\",\"isPartOf\":{\"@id\":\"https:\/\/mivoot.com\/gt\/#website\"},\"primaryImageOfPage\":{\"@id\":\"https:\/\/mivoot.com\/gt\/producto\/sensor-de-contacto-2pack-smart-wi-fi-nexxt\/#primaryimage\"},\"image\":{\"@id\":\"https:\/\/mivoot.com\/gt\/producto\/sensor-de-contacto-2pack-smart-wi-fi-nexxt\/#primaryimage\"},\"thumbnailUrl\":\"https:\/\/mivoot.com\/gt\/wp-content\/uploads\/2021\/03\/AHBSNMA4U1-BIG-35.jpg\",\"datePublished\":\"2021-03-15T17:44:50+00:00\",\"dateModified\":\"2022-05-03T02:55:58+00:00\",\"breadcrumb\":{\"@id\":\"https:\/\/mivoot.com\/gt\/producto\/sensor-de-contacto-2pack-smart-wi-fi-nexxt\/#breadcrumb\"},\"inLanguage\":\"es\",\"potentialAction\":[{\"@type\":\"ReadAction\",\"target\":[\"https:\/\/mivoot.com\/gt\/producto\/sensor-de-contacto-2pack-smart-wi-fi-nexxt\/\"]}]},{\"@type\":\"ImageObject\",\"inLanguage\":\"es\",\"@id\":\"https:\/\/mivoot.com\/gt\/producto\/sensor-de-contacto-2pack-smart-wi-fi-nexxt\/#primaryimage\",\"url\":\"https:\/\/mivoot.com\/gt\/wp-content\/uploads\/2021\/03\/AHBSNMA4U1-BIG-35.jpg\",\"contentUrl\":\"https:\/\/mivoot.com\/gt\/wp-content\/uploads\/2021\/03\/AHBSNMA4U1-BIG-35.jpg\",\"width\":800,\"height\":576},{\"@type\":\"BreadcrumbList\",\"@id\":\"https:\/\/mivoot.com\/gt\/producto\/sensor-de-contacto-2pack-smart-wi-fi-nexxt\/#breadcrumb\",\"itemListElement\":[{\"@type\":\"ListItem\",\"position\":1,\"name\":\"Inicio\",\"item\":\"https:\/\/mivoot.com\/gt\/\"},{\"@type\":\"ListItem\",\"position\":2,\"name\":\"Productos\",\"item\":\"https:\/\/mivoot.com\/gt\/producto\/\"},{\"@type\":\"ListItem\",\"position\":3,\"name\":\"Nexxt\",\"item\":\"https:\/\/mivoot.com\/gt\/marca\/nexxt\/\"},{\"@type\":\"ListItem\",\"position\":4,\"name\":\"Sensor de Contacto 2Pack Smart Wi-Fi Nexxt\"}]},{\"@type\":\"WebSite\",\"@id\":\"https:\/\/mivoot.com\/gt\/#website\",\"url\":\"https:\/\/mivoot.com\/gt\/\",\"name\":\"Mivoot\",\"description\":\"Mivoot Guatemala | Tienda Online\",\"publisher\":{\"@id\":\"https:\/\/mivoot.com\/gt\/#organization\"},\"alternateName\":\"mivoot\",\"potentialAction\":[{\"@type\":\"SearchAction\",\"target\":{\"@type\":\"EntryPoint\",\"urlTemplate\":\"https:\/\/mivoot.com\/gt\/?s={search_term_string}\"},\"query-input\":{\"@type\":\"PropertyValueSpecification\",\"valueRequired\":true,\"valueName\":\"search_term_string\"}}],\"inLanguage\":\"es\"},{\"@type\":\"Organization\",\"@id\":\"https:\/\/mivoot.com\/gt\/#organization\",\"name\":\"Mivoot Guatemala\",\"alternateName\":\"mivoot.com\",\"url\":\"https:\/\/mivoot.com\/gt\/\",\"logo\":{\"@type\":\"ImageObject\",\"inLanguage\":\"es\",\"@id\":\"https:\/\/mivoot.com\/gt\/#\/schema\/logo\/image\/\",\"url\":\"https:\/\/mivoot.com\/gt\/wp-content\/uploads\/2023\/03\/cropped-icon.png\",\"contentUrl\":\"https:\/\/mivoot.com\/gt\/wp-content\/uploads\/2023\/03\/cropped-icon.png\",\"width\":512,\"height\":512,\"caption\":\"Mivoot Guatemala\"},\"image\":{\"@id\":\"https:\/\/mivoot.com\/gt\/#\/schema\/logo\/image\/\"},\"sameAs\":[\"https:\/\/www.facebook.com\/mivootgt\",\"https:\/\/instagram.com\/mivoot\"]}]}<\/script>\n<!-- \/ Yoast SEO Premium plugin. -->","yoast_head_json":{"title":"Sensor de Contacto 2Pack Smart Wi-Fi Nexxt - Mivoot","robots":{"index":"index","follow":"follow","max-snippet":"max-snippet:-1","max-image-preview":"max-image-preview:large","max-video-preview":"max-video-preview:-1"},"canonical":"https:\/\/mivoot.com\/gt\/producto\/sensor-de-contacto-2pack-smart-wi-fi-nexxt\/","og_locale":"es_ES","og_type":"article","og_title":"Sensor de Contacto 2Pack Smart Wi-Fi Nexxt","og_description":"Recibe alertas al instante desde casa, aun cuando no est\u00e9s all\u00ed Los sensores de contacto se instalan f\u00e1cilmente en cualquier punto de acceso, o en cualquier otra ubicaci\u00f3n que requiera una capa extra de protecci\u00f3n, tales como gavetas para cuchillos, botiquines, cobertizos y m\u00e1s.   Tecnologia inalambrica:\u00a0802.11n  Tipo de bater\u00eda:\u00a0CR2032  Material:\u00a0Pl\u00e1stico","og_url":"https:\/\/mivoot.com\/gt\/producto\/sensor-de-contacto-2pack-smart-wi-fi-nexxt\/","og_site_name":"Mivoot","article_publisher":"https:\/\/www.facebook.com\/mivootgt","article_modified_time":"2022-05-03T02:55:58+00:00","og_image":[{"width":800,"height":576,"url":"https:\/\/mivoot.com\/gt\/wp-content\/uploads\/2021\/03\/AHBSNMA4U1-BIG-35.jpg","type":"image\/jpeg"}],"twitter_card":"summary_large_image","twitter_misc":{"Est. reading time":"1 minuto"},"schema":{"@context":"https:\/\/schema.org","@graph":[{"@type":"WebPage","@id":"https:\/\/mivoot.com\/gt\/producto\/sensor-de-contacto-2pack-smart-wi-fi-nexxt\/","url":"https:\/\/mivoot.com\/gt\/producto\/sensor-de-contacto-2pack-smart-wi-fi-nexxt\/","name":"Sensor de Contacto 2Pack Smart Wi-Fi Nexxt - Mivoot","isPartOf":{"@id":"https:\/\/mivoot.com\/gt\/#website"},"primaryImageOfPage":{"@id":"https:\/\/mivoot.com\/gt\/producto\/sensor-de-contacto-2pack-smart-wi-fi-nexxt\/#primaryimage"},"image":{"@id":"https:\/\/mivoot.com\/gt\/producto\/sensor-de-contacto-2pack-smart-wi-fi-nexxt\/#primaryimage"},"thumbnailUrl":"https:\/\/mivoot.com\/gt\/wp-content\/uploads\/2021\/03\/AHBSNMA4U1-BIG-35.jpg","datePublished":"2021-03-15T17:44:50+00:00","dateModified":"2022-05-03T02:55:58+00:00","breadcrumb":{"@id":"https:\/\/mivoot.com\/gt\/producto\/sensor-de-contacto-2pack-smart-wi-fi-nexxt\/#breadcrumb"},"inLanguage":"es","potentialAction":[{"@type":"ReadAction","target":["https:\/\/mivoot.com\/gt\/producto\/sensor-de-contacto-2pack-smart-wi-fi-nexxt\/"]}]},{"@type":"ImageObject","inLanguage":"es","@id":"https:\/\/mivoot.com\/gt\/producto\/sensor-de-contacto-2pack-smart-wi-fi-nexxt\/#primaryimage","url":"https:\/\/mivoot.com\/gt\/wp-content\/uploads\/2021\/03\/AHBSNMA4U1-BIG-35.jpg","contentUrl":"https:\/\/mivoot.com\/gt\/wp-content\/uploads\/2021\/03\/AHBSNMA4U1-BIG-35.jpg","width":800,"height":576},{"@type":"BreadcrumbList","@id":"https:\/\/mivoot.com\/gt\/producto\/sensor-de-contacto-2pack-smart-wi-fi-nexxt\/#breadcrumb","itemListElement":[{"@type":"ListItem","position":1,"name":"Inicio","item":"https:\/\/mivoot.com\/gt\/"},{"@type":"ListItem","position":2,"name":"Productos","item":"https:\/\/mivoot.com\/gt\/producto\/"},{"@type":"ListItem","position":3,"name":"Nexxt","item":"https:\/\/mivoot.com\/gt\/marca\/nexxt\/"},{"@type":"ListItem","position":4,"name":"Sensor de Contacto 2Pack Smart Wi-Fi Nexxt"}]},{"@type":"WebSite","@id":"https:\/\/mivoot.com\/gt\/#website","url":"https:\/\/mivoot.com\/gt\/","name":"Mivoot","description":"Mivoot Guatemala | Tienda Online","publisher":{"@id":"https:\/\/mivoot.com\/gt\/#organization"},"alternateName":"mivoot","potentialAction":[{"@type":"SearchAction","target":{"@type":"EntryPoint","urlTemplate":"https:\/\/mivoot.com\/gt\/?s={search_term_string}"},"query-input":{"@type":"PropertyValueSpecification","valueRequired":true,"valueName":"search_term_string"}}],"inLanguage":"es"},{"@type":"Organization","@id":"https:\/\/mivoot.com\/gt\/#organization","name":"Mivoot Guatemala","alternateName":"mivoot.com","url":"https:\/\/mivoot.com\/gt\/","logo":{"@type":"ImageObject","inLanguage":"es","@id":"https:\/\/mivoot.com\/gt\/#\/schema\/logo\/image\/","url":"https:\/\/mivoot.com\/gt\/wp-content\/uploads\/2023\/03\/cropped-icon.png","contentUrl":"https:\/\/mivoot.com\/gt\/wp-content\/uploads\/2023\/03\/cropped-icon.png","width":512,"height":512,"caption":"Mivoot Guatemala"},"image":{"@id":"https:\/\/mivoot.com\/gt\/#\/schema\/logo\/image\/"},"sameAs":["https:\/\/www.facebook.com\/mivootgt","https:\/\/instagram.com\/mivoot"]}]}},"jetpack_publicize_connections":[],"jetpack_sharing_enabled":true,"brands":[{"id":72,"name":"Nexxt","slug":"nexxt"}],"_links":{"self":[{"href":"https:\/\/mivoot.com\/gt\/wp-json\/wp\/v2\/product\/571","targetHints":{"allow":["GET"]}}],"collection":[{"href":"https:\/\/mivoot.com\/gt\/wp-json\/wp\/v2\/product"}],"about":[{"href":"https:\/\/mivoot.com\/gt\/wp-json\/wp\/v2\/types\/product"}],"replies":[{"embeddable":true,"href":"https:\/\/mivoot.com\/gt\/wp-json\/wp\/v2\/comments?post=571"}],"version-history":[{"count":13,"href":"https:\/\/mivoot.com\/gt\/wp-json\/wp\/v2\/product\/571\/revisions"}],"predecessor-version":[{"id":957,"href":"https:\/\/mivoot.com\/gt\/wp-json\/wp\/v2\/product\/571\/revisions\/957"}],"wp:featuredmedia":[{"embeddable":true,"href":"https:\/\/mivoot.com\/gt\/wp-json\/wp\/v2\/media\/937"}],"wp:attachment":[{"href":"https:\/\/mivoot.com\/gt\/wp-json\/wp\/v2\/media?parent=571"}],"wp:term":[{"taxonomy":"pwb-brand","embeddable":true,"href":"https:\/\/mivoot.com\/gt\/wp-json\/wp\/v2\/pwb-brand?post=571"},{"taxonomy":"product_brand","embeddable":true,"href":"https:\/\/mivoot.com\/gt\/wp-json\/wp\/v2\/product_brand?post=571"},{"taxonomy":"product_cat","embeddable":true,"href":"https:\/\/mivoot.com\/gt\/wp-json\/wp\/v2\/product_cat?post=571"},{"taxonomy":"product_tag","embeddable":true,"href":"https:\/\/mivoot.com\/gt\/wp-json\/wp\/v2\/product_tag?post=571"}],"curies":[{"name":"wp","href":"https:\/\/api.w.org\/{rel}","templated":true}]}}