{"id":5758,"date":"2021-09-28T10:26:18","date_gmt":"2021-09-28T16:26:18","guid":{"rendered":"https:\/\/mivoot.com\/gt\/?post_type=product&#038;p=5758"},"modified":"2024-06-14T17:47:14","modified_gmt":"2024-06-14T23:47:14","slug":"impresora-termica-de-recibos-usb-serial-lr2000-bematech","status":"publish","type":"product","link":"https:\/\/mivoot.com\/gt\/producto\/impresora-termica-de-recibos-usb-serial-lr2000-bematech\/","title":{"rendered":"Impresora T\u00e9rmica de Recibos USB-Serial LR2000 Bematech Logic Controls"},"content":{"rendered":"<p style=\"font-weight: 400;\">La LR2000 optimiza el proceso de pago y ayuda a agilizar su negocio en el Punto de Venta.\u00a0Este nuevo modelo de impresora cuenta con dos interfaces est\u00e1ndar USB y RS232 adem\u00e1s de\u00a0 una interface opcional Ethernet,\u00a0 ideal para aplicaciones basadas en ambientes de red. La amplia gama\u00a0de herramientas de software favorece una r\u00e1pida y f\u00e1cil configuraci\u00f3n de las impresoras LR2000\u00a0en el entorno de aplicaci\u00f3n.<\/p>\n<h3><b><strong>IMPRESI\u00d3N<\/strong><\/b><\/h3>\n<p>M\u00e9todo de impresi\u00f3n: Impres\u00f3n t\u00e9rmica<br \/>\nResoluci\u00f3n: 180x180dpi (7 dots\/mm)<br \/>\nAncho de papel: 79.5 \u00b1 0.5mm<br \/>\nAncho de impresi\u00f3n: 72mm<br \/>\nFuente de caracteres: ASCII Font A: 12\u00d724<br \/>\nASCII Font A: 9\u00d724<br \/>\nDensidad de impresi\u00f3n: 512 dots\/line<br \/>\nVelocidad de impresi\u00f3n: 250 mm\/s<br \/>\nNV Bitmap Flash: 64Kb<br \/>\nBuffer: 8Kb<\/p>\n<h3><b><strong>VIDA UTIL<\/strong><\/b><\/h3>\n<p>Cabezal de impresi\u00f3n: 15,000,000 lines (100Km)<br \/>\nCorte autom\u00e1tico:\u00a01,000,000 cortes<br \/>\nMCBF:\u00a060,000,000 l\u00edneas<\/p>\n<h3><b><strong>EL\u00c9CTRICA<\/strong><\/b><\/h3>\n<p>Voltaje de entrada: AC 100 \u2013 240V, 50\/60Hz<br \/>\nVoltaje de salida: DC 24V, 2.5A<\/p>\n<h3><b><strong>INTERFACES DE COMUNICAC\u00cdON<\/strong><\/b><\/h3>\n<p>LR2000 USB &amp; Serial (RS232)<\/p>\n<h3><b><strong>CONECTORES<\/strong><\/b><\/h3>\n<p>USB: Standard USB tipo B<br \/>\nSerial: DB9<br \/>\nCaj\u00f3n de dinero: RJ11<br \/>\nFuente de Poder 3 \u2013 pin con interruptor<\/p>\n<h3><b><strong>MEC\u00c1NICA<\/strong><\/b><\/h3>\n<p>Peso:\u00a01.54Kg (3.4 lbs)<br \/>\nDimensiones: (An x Di x Al) 14.6cm x 19.7cm x 14.9cm (5.75in x 7.75in x 5.88in)<\/p>\n<h3><b><strong>AMBIENTE<\/strong><\/b><\/h3>\n<p>Temperatura Operativa: 0\u00b0C a 45\u00b0C (32\u00b0F a 113\u00b0F)<br \/>\nHumedad Relativa: 10% to 80%, sin condensaci\u00f3n<br \/>\nTemperaturade almacenamiento: 10\u00b0C to 50\u00b0C<br \/>\nHumedad Relativa: 10% to 90%, sin condensaci\u00f3n<\/p>\n","protected":false},"excerpt":{"rendered":"<p>&#8211; LR2000 USB &amp; Serial (RS232)<br \/>\n&#8211; Resoluci\u00f3n m\u00e1xima: 180 x 180 DPI<br \/>\n&#8211; Tecnolog\u00eda de impresi\u00f3n: T\u00e9rmico<br \/>\n&#8211; Peso: 1.54 kg<\/p>\n","protected":false},"featured_media":5759,"comment_status":"open","ping_status":"closed","template":"","meta":{"jetpack_publicize_message":"","jetpack_publicize_feature_enabled":true,"jetpack_social_post_already_shared":false,"jetpack_social_options":{"image_generator_settings":{"template":"highway","default_image_id":0,"font":"","enabled":false},"version":2}},"pwb-brand":[93,207],"product_brand":[],"product_cat":[174,305],"product_tag":[],"class_list":{"0":"post-5758","1":"product","2":"type-product","3":"status-publish","4":"has-post-thumbnail","6":"pwb-brand-bematech","7":"pwb-brand-logic-controls","8":"product_cat-imptermica","9":"product_cat-impresoratermicarecibos","11":"first","12":"instock","13":"taxable","14":"shipping-taxable","15":"purchasable","16":"product-type-simple"},"yoast_head":"<!-- This site is optimized with the Yoast SEO Premium plugin v25.7.1 (Yoast SEO v26.8) - https:\/\/yoast.com\/product\/yoast-seo-premium-wordpress\/ -->\n<title>Impresora T\u00e9rmica de Recibos USB-Serial LR2000 Bematech Logic Controls - Mivoot<\/title>\n<meta name=\"robots\" content=\"index, follow, max-snippet:-1, max-image-preview:large, max-video-preview:-1\" \/>\n<link rel=\"canonical\" href=\"https:\/\/mivoot.com\/gt\/producto\/impresora-termica-de-recibos-usb-serial-lr2000-bematech\/\" \/>\n<meta property=\"og:locale\" content=\"es_ES\" \/>\n<meta property=\"og:type\" content=\"article\" \/>\n<meta property=\"og:title\" content=\"Impresora T\u00e9rmica de Recibos USB-Serial LR2000 Bematech Logic Controls\" \/>\n<meta property=\"og:description\" content=\"- LR2000 USB &amp; Serial (RS232) - Resoluci\u00f3n m\u00e1xima: 180 x 180 DPI - Tecnolog\u00eda de impresi\u00f3n: T\u00e9rmico - Peso: 1.54 kg\" \/>\n<meta property=\"og:url\" content=\"https:\/\/mivoot.com\/gt\/producto\/impresora-termica-de-recibos-usb-serial-lr2000-bematech\/\" \/>\n<meta property=\"og:site_name\" content=\"Mivoot\" \/>\n<meta property=\"article:publisher\" content=\"https:\/\/www.facebook.com\/mivootgt\" \/>\n<meta property=\"article:modified_time\" content=\"2024-06-14T23:47:14+00:00\" \/>\n<meta property=\"og:image\" content=\"https:\/\/mivoot.com\/gt\/wp-content\/uploads\/2021\/09\/BEMATECH_LR2000.jpg\" \/>\n\t<meta property=\"og:image:width\" content=\"565\" \/>\n\t<meta property=\"og:image:height\" content=\"500\" \/>\n\t<meta property=\"og:image:type\" content=\"image\/jpeg\" \/>\n<meta name=\"twitter:card\" content=\"summary_large_image\" \/>\n<meta name=\"twitter:label1\" content=\"Est. reading time\" \/>\n\t<meta name=\"twitter:data1\" content=\"1 minuto\" \/>\n<script type=\"application\/ld+json\" class=\"yoast-schema-graph\">{\"@context\":\"https:\/\/schema.org\",\"@graph\":[{\"@type\":\"WebPage\",\"@id\":\"https:\/\/mivoot.com\/gt\/producto\/impresora-termica-de-recibos-usb-serial-lr2000-bematech\/\",\"url\":\"https:\/\/mivoot.com\/gt\/producto\/impresora-termica-de-recibos-usb-serial-lr2000-bematech\/\",\"name\":\"Impresora T\u00e9rmica de Recibos USB-Serial LR2000 Bematech Logic Controls - Mivoot\",\"isPartOf\":{\"@id\":\"https:\/\/mivoot.com\/gt\/#website\"},\"primaryImageOfPage\":{\"@id\":\"https:\/\/mivoot.com\/gt\/producto\/impresora-termica-de-recibos-usb-serial-lr2000-bematech\/#primaryimage\"},\"image\":{\"@id\":\"https:\/\/mivoot.com\/gt\/producto\/impresora-termica-de-recibos-usb-serial-lr2000-bematech\/#primaryimage\"},\"thumbnailUrl\":\"https:\/\/mivoot.com\/gt\/wp-content\/uploads\/2021\/09\/BEMATECH_LR2000.jpg\",\"datePublished\":\"2021-09-28T16:26:18+00:00\",\"dateModified\":\"2024-06-14T23:47:14+00:00\",\"breadcrumb\":{\"@id\":\"https:\/\/mivoot.com\/gt\/producto\/impresora-termica-de-recibos-usb-serial-lr2000-bematech\/#breadcrumb\"},\"inLanguage\":\"es\",\"potentialAction\":[{\"@type\":\"ReadAction\",\"target\":[\"https:\/\/mivoot.com\/gt\/producto\/impresora-termica-de-recibos-usb-serial-lr2000-bematech\/\"]}]},{\"@type\":\"ImageObject\",\"inLanguage\":\"es\",\"@id\":\"https:\/\/mivoot.com\/gt\/producto\/impresora-termica-de-recibos-usb-serial-lr2000-bematech\/#primaryimage\",\"url\":\"https:\/\/mivoot.com\/gt\/wp-content\/uploads\/2021\/09\/BEMATECH_LR2000.jpg\",\"contentUrl\":\"https:\/\/mivoot.com\/gt\/wp-content\/uploads\/2021\/09\/BEMATECH_LR2000.jpg\",\"width\":565,\"height\":500},{\"@type\":\"BreadcrumbList\",\"@id\":\"https:\/\/mivoot.com\/gt\/producto\/impresora-termica-de-recibos-usb-serial-lr2000-bematech\/#breadcrumb\",\"itemListElement\":[{\"@type\":\"ListItem\",\"position\":1,\"name\":\"Inicio\",\"item\":\"https:\/\/mivoot.com\/gt\/\"},{\"@type\":\"ListItem\",\"position\":2,\"name\":\"Productos\",\"item\":\"https:\/\/mivoot.com\/gt\/producto\/\"},{\"@type\":\"ListItem\",\"position\":3,\"name\":\"Bematech\",\"item\":\"https:\/\/mivoot.com\/gt\/marca\/bematech\/\"},{\"@type\":\"ListItem\",\"position\":4,\"name\":\"Impresora T\u00e9rmica de Recibos USB-Serial LR2000 Bematech Logic Controls\"}]},{\"@type\":\"WebSite\",\"@id\":\"https:\/\/mivoot.com\/gt\/#website\",\"url\":\"https:\/\/mivoot.com\/gt\/\",\"name\":\"Mivoot\",\"description\":\"Mivoot Guatemala | Tienda Online\",\"publisher\":{\"@id\":\"https:\/\/mivoot.com\/gt\/#organization\"},\"alternateName\":\"mivoot\",\"potentialAction\":[{\"@type\":\"SearchAction\",\"target\":{\"@type\":\"EntryPoint\",\"urlTemplate\":\"https:\/\/mivoot.com\/gt\/?s={search_term_string}\"},\"query-input\":{\"@type\":\"PropertyValueSpecification\",\"valueRequired\":true,\"valueName\":\"search_term_string\"}}],\"inLanguage\":\"es\"},{\"@type\":\"Organization\",\"@id\":\"https:\/\/mivoot.com\/gt\/#organization\",\"name\":\"Mivoot Guatemala\",\"alternateName\":\"mivoot.com\",\"url\":\"https:\/\/mivoot.com\/gt\/\",\"logo\":{\"@type\":\"ImageObject\",\"inLanguage\":\"es\",\"@id\":\"https:\/\/mivoot.com\/gt\/#\/schema\/logo\/image\/\",\"url\":\"https:\/\/mivoot.com\/gt\/wp-content\/uploads\/2023\/03\/cropped-icon.png\",\"contentUrl\":\"https:\/\/mivoot.com\/gt\/wp-content\/uploads\/2023\/03\/cropped-icon.png\",\"width\":512,\"height\":512,\"caption\":\"Mivoot Guatemala\"},\"image\":{\"@id\":\"https:\/\/mivoot.com\/gt\/#\/schema\/logo\/image\/\"},\"sameAs\":[\"https:\/\/www.facebook.com\/mivootgt\",\"https:\/\/instagram.com\/mivoot\"]}]}<\/script>\n<!-- \/ Yoast SEO Premium plugin. -->","yoast_head_json":{"title":"Impresora T\u00e9rmica de Recibos USB-Serial LR2000 Bematech Logic Controls - Mivoot","robots":{"index":"index","follow":"follow","max-snippet":"max-snippet:-1","max-image-preview":"max-image-preview:large","max-video-preview":"max-video-preview:-1"},"canonical":"https:\/\/mivoot.com\/gt\/producto\/impresora-termica-de-recibos-usb-serial-lr2000-bematech\/","og_locale":"es_ES","og_type":"article","og_title":"Impresora T\u00e9rmica de Recibos USB-Serial LR2000 Bematech Logic Controls","og_description":"- LR2000 USB &amp; Serial (RS232) - Resoluci\u00f3n m\u00e1xima: 180 x 180 DPI - Tecnolog\u00eda de impresi\u00f3n: T\u00e9rmico - Peso: 1.54 kg","og_url":"https:\/\/mivoot.com\/gt\/producto\/impresora-termica-de-recibos-usb-serial-lr2000-bematech\/","og_site_name":"Mivoot","article_publisher":"https:\/\/www.facebook.com\/mivootgt","article_modified_time":"2024-06-14T23:47:14+00:00","og_image":[{"width":565,"height":500,"url":"https:\/\/mivoot.com\/gt\/wp-content\/uploads\/2021\/09\/BEMATECH_LR2000.jpg","type":"image\/jpeg"}],"twitter_card":"summary_large_image","twitter_misc":{"Est. reading time":"1 minuto"},"schema":{"@context":"https:\/\/schema.org","@graph":[{"@type":"WebPage","@id":"https:\/\/mivoot.com\/gt\/producto\/impresora-termica-de-recibos-usb-serial-lr2000-bematech\/","url":"https:\/\/mivoot.com\/gt\/producto\/impresora-termica-de-recibos-usb-serial-lr2000-bematech\/","name":"Impresora T\u00e9rmica de Recibos USB-Serial LR2000 Bematech Logic Controls - Mivoot","isPartOf":{"@id":"https:\/\/mivoot.com\/gt\/#website"},"primaryImageOfPage":{"@id":"https:\/\/mivoot.com\/gt\/producto\/impresora-termica-de-recibos-usb-serial-lr2000-bematech\/#primaryimage"},"image":{"@id":"https:\/\/mivoot.com\/gt\/producto\/impresora-termica-de-recibos-usb-serial-lr2000-bematech\/#primaryimage"},"thumbnailUrl":"https:\/\/mivoot.com\/gt\/wp-content\/uploads\/2021\/09\/BEMATECH_LR2000.jpg","datePublished":"2021-09-28T16:26:18+00:00","dateModified":"2024-06-14T23:47:14+00:00","breadcrumb":{"@id":"https:\/\/mivoot.com\/gt\/producto\/impresora-termica-de-recibos-usb-serial-lr2000-bematech\/#breadcrumb"},"inLanguage":"es","potentialAction":[{"@type":"ReadAction","target":["https:\/\/mivoot.com\/gt\/producto\/impresora-termica-de-recibos-usb-serial-lr2000-bematech\/"]}]},{"@type":"ImageObject","inLanguage":"es","@id":"https:\/\/mivoot.com\/gt\/producto\/impresora-termica-de-recibos-usb-serial-lr2000-bematech\/#primaryimage","url":"https:\/\/mivoot.com\/gt\/wp-content\/uploads\/2021\/09\/BEMATECH_LR2000.jpg","contentUrl":"https:\/\/mivoot.com\/gt\/wp-content\/uploads\/2021\/09\/BEMATECH_LR2000.jpg","width":565,"height":500},{"@type":"BreadcrumbList","@id":"https:\/\/mivoot.com\/gt\/producto\/impresora-termica-de-recibos-usb-serial-lr2000-bematech\/#breadcrumb","itemListElement":[{"@type":"ListItem","position":1,"name":"Inicio","item":"https:\/\/mivoot.com\/gt\/"},{"@type":"ListItem","position":2,"name":"Productos","item":"https:\/\/mivoot.com\/gt\/producto\/"},{"@type":"ListItem","position":3,"name":"Bematech","item":"https:\/\/mivoot.com\/gt\/marca\/bematech\/"},{"@type":"ListItem","position":4,"name":"Impresora T\u00e9rmica de Recibos USB-Serial LR2000 Bematech Logic Controls"}]},{"@type":"WebSite","@id":"https:\/\/mivoot.com\/gt\/#website","url":"https:\/\/mivoot.com\/gt\/","name":"Mivoot","description":"Mivoot Guatemala | Tienda Online","publisher":{"@id":"https:\/\/mivoot.com\/gt\/#organization"},"alternateName":"mivoot","potentialAction":[{"@type":"SearchAction","target":{"@type":"EntryPoint","urlTemplate":"https:\/\/mivoot.com\/gt\/?s={search_term_string}"},"query-input":{"@type":"PropertyValueSpecification","valueRequired":true,"valueName":"search_term_string"}}],"inLanguage":"es"},{"@type":"Organization","@id":"https:\/\/mivoot.com\/gt\/#organization","name":"Mivoot Guatemala","alternateName":"mivoot.com","url":"https:\/\/mivoot.com\/gt\/","logo":{"@type":"ImageObject","inLanguage":"es","@id":"https:\/\/mivoot.com\/gt\/#\/schema\/logo\/image\/","url":"https:\/\/mivoot.com\/gt\/wp-content\/uploads\/2023\/03\/cropped-icon.png","contentUrl":"https:\/\/mivoot.com\/gt\/wp-content\/uploads\/2023\/03\/cropped-icon.png","width":512,"height":512,"caption":"Mivoot Guatemala"},"image":{"@id":"https:\/\/mivoot.com\/gt\/#\/schema\/logo\/image\/"},"sameAs":["https:\/\/www.facebook.com\/mivootgt","https:\/\/instagram.com\/mivoot"]}]}},"jetpack_publicize_connections":[],"jetpack_sharing_enabled":true,"brands":[{"id":93,"name":"Bematech","slug":"bematech"},{"id":207,"name":"Logic Controls","slug":"logic-controls"}],"_links":{"self":[{"href":"https:\/\/mivoot.com\/gt\/wp-json\/wp\/v2\/product\/5758","targetHints":{"allow":["GET"]}}],"collection":[{"href":"https:\/\/mivoot.com\/gt\/wp-json\/wp\/v2\/product"}],"about":[{"href":"https:\/\/mivoot.com\/gt\/wp-json\/wp\/v2\/types\/product"}],"replies":[{"embeddable":true,"href":"https:\/\/mivoot.com\/gt\/wp-json\/wp\/v2\/comments?post=5758"}],"version-history":[{"count":4,"href":"https:\/\/mivoot.com\/gt\/wp-json\/wp\/v2\/product\/5758\/revisions"}],"predecessor-version":[{"id":19802,"href":"https:\/\/mivoot.com\/gt\/wp-json\/wp\/v2\/product\/5758\/revisions\/19802"}],"wp:featuredmedia":[{"embeddable":true,"href":"https:\/\/mivoot.com\/gt\/wp-json\/wp\/v2\/media\/5759"}],"wp:attachment":[{"href":"https:\/\/mivoot.com\/gt\/wp-json\/wp\/v2\/media?parent=5758"}],"wp:term":[{"taxonomy":"pwb-brand","embeddable":true,"href":"https:\/\/mivoot.com\/gt\/wp-json\/wp\/v2\/pwb-brand?post=5758"},{"taxonomy":"product_brand","embeddable":true,"href":"https:\/\/mivoot.com\/gt\/wp-json\/wp\/v2\/product_brand?post=5758"},{"taxonomy":"product_cat","embeddable":true,"href":"https:\/\/mivoot.com\/gt\/wp-json\/wp\/v2\/product_cat?post=5758"},{"taxonomy":"product_tag","embeddable":true,"href":"https:\/\/mivoot.com\/gt\/wp-json\/wp\/v2\/product_tag?post=5758"}],"curies":[{"name":"wp","href":"https:\/\/api.w.org\/{rel}","templated":true}]}}