{"id":5767,"date":"2021-09-29T15:51:34","date_gmt":"2021-09-29T21:51:34","guid":{"rendered":"https:\/\/mivoot.com\/gt\/?post_type=product&#038;p=5767"},"modified":"2021-09-29T16:06:11","modified_gmt":"2021-09-29T22:06:11","slug":"case-gaming-darkblader-x5-vidrio-templado-media-torre-blanco-cougar","status":"publish","type":"product","link":"https:\/\/mivoot.com\/gt\/producto\/case-gaming-darkblader-x5-vidrio-templado-media-torre-blanco-cougar\/","title":{"rendered":"Case Gaming DarkBlader X5 Vidrio Templado Media Torre Blanco Cougar"},"content":{"rendered":"<section class=\"elementor-section elementor-top-section elementor-element elementor-element-b7c07ce elementor-section-stretched elementor-section-full_width elementor-section-height-default elementor-section-height-default\" data-id=\"b7c07ce\" data-element_type=\"section\" data-settings=\"{&quot;stretch_section&quot;:&quot;section-stretched&quot;,&quot;background_background&quot;:&quot;classic&quot;}\">\n<div class=\"elementor-container elementor-column-gap-default\">\n<div class=\"elementor-row\">\n<div class=\"elementor-column elementor-col-100 elementor-top-column elementor-element elementor-element-68de54f\" data-id=\"68de54f\" data-element_type=\"column\">\n<div class=\"elementor-column-wrap elementor-element-populated\">\n<div class=\"elementor-widget-wrap\">\n<div class=\"elementor-element elementor-element-99b3e48 elementor-widget elementor-widget-heading\" data-id=\"99b3e48\" data-element_type=\"widget\" data-widget_type=\"heading.default\">\n<h2 class=\"elementor-widget-container\">Specifications<\/h2>\n<\/div>\n<\/div>\n<\/div>\n<\/div>\n<\/div>\n<\/div>\n<\/section>\n<section class=\"elementor-section elementor-top-section elementor-element elementor-element-385f197 elementor-section-boxed elementor-section-height-default elementor-section-height-default\" data-id=\"385f197\" data-element_type=\"section\">\n<div class=\"elementor-container elementor-column-gap-no\">\n<div class=\"elementor-row\">\n<div class=\"elementor-column elementor-col-100 elementor-top-column elementor-element elementor-element-ceb013d\" data-id=\"ceb013d\" data-element_type=\"column\">\n<div class=\"elementor-column-wrap elementor-element-populated\">\n<div class=\"elementor-widget-wrap\">\n<div class=\"elementor-element elementor-element-a8122eb elementor-widget elementor-widget-html\" data-id=\"a8122eb\" data-element_type=\"widget\" data-widget_type=\"html.default\">\n<div class=\"elementor-widget-container\">\n<div class=\"table-scrollbar\">\n<table class=\"table table-bordered width767\">\n<tbody class=\"vertical\">\n<tr>\n<th colspan=\"2\">Product Name<\/th>\n<td>DarkBlader X5 ( Translucent Black \/ White )<\/td>\n<\/tr>\n<tr>\n<th colspan=\"2\">Case Form Factor<\/th>\n<td>Mid Tower<\/td>\n<\/tr>\n<tr>\n<th colspan=\"2\">Motherboard Type<\/th>\n<td>Mini ITX \/ Micro ATX \/ ATX \/ CEB \/ E-ATX<\/td>\n<\/tr>\n<tr>\n<th colspan=\"2\">Dimensions (WxHxD)<\/th>\n<td>220 x 486 x 468 (mm)<br \/>\n8.7 x 19.1 x 18.4 (in)<\/td>\n<\/tr>\n<tr>\n<th colspan=\"2\">I\/O Panel<\/th>\n<td>USB 3.0 x 1, USB 2.0 x 2, Mic x 1 \/ Audio x 1, Reset Button<\/td>\n<\/tr>\n<tr>\n<th colspan=\"2\">3.5&#8243; Drive Bay<\/th>\n<td>2<\/td>\n<\/tr>\n<tr>\n<th colspan=\"2\">2.5&#8243; Drive Bay<\/th>\n<td>2+2 (converted from 3.5&#8243; drive bays) \/ (2 SSD trays included)<\/td>\n<\/tr>\n<tr>\n<th colspan=\"2\">Expansion Slots<\/th>\n<td>7+2<\/td>\n<\/tr>\n<tr>\n<th rowspan=\"3\">Cooling Fan Support<\/th>\n<th>Front<\/th>\n<td>* 120mm x 3 \/ 140mm x 3<\/td>\n<\/tr>\n<tr>\n<th>Top<\/th>\n<td>120mm x 3 \/ 140mm x 2<\/td>\n<\/tr>\n<tr>\n<th>Rear<\/th>\n<td>120mm ( pre-installed )<\/td>\n<\/tr>\n<tr>\n<th colspan=\"2\">Maximun Number of Fans<\/th>\n<td>7 Max.<\/td>\n<\/tr>\n<tr>\n<th rowspan=\"3\">Water Cooling Support<\/th>\n<th>Front<\/th>\n<td>*360mm \/ 280mm \/ 240mm \/ 140mm \/ 120mm<\/td>\n<\/tr>\n<tr>\n<th>Top<\/th>\n<td>*360mm \/ 280mm \/ 240mm \/ 140mm \/ 120mm<\/td>\n<\/tr>\n<tr>\n<th>Rear<\/th>\n<td>120mm<\/td>\n<\/tr>\n<tr>\n<th colspan=\"2\">Transparent Left Panel<\/th>\n<td>4mm Tempered Glass<\/td>\n<\/tr>\n<tr>\n<th colspan=\"2\">Max. Graphics Card Length<\/th>\n<td>400 (mm) \/ 15.7 (in)<br \/>\n(Horizontal graphics card slots are compatible with RTX 3090\/3080\/3070.)<\/td>\n<\/tr>\n<tr>\n<th colspan=\"2\">Max. CPU Cooler Height<\/th>\n<td>170 (mm) \/ 6.7 (in)<\/td>\n<\/tr>\n<tr>\n<th colspan=\"2\">Max. PSU length<\/th>\n<td>180 (mm) \/ 7.1 (in)<\/td>\n<\/tr>\n<\/tbody>\n<\/table>\n<p><img decoding=\"async\" src=\"http:\/\/discosdurosymas.net\/productos2\/GAB-COUGAR-DARKBLADER-X5-WHITE-385UM30.0002\/GAB-COUGAR-DARKBLADER-X5-WHITE-385UM30.0002.jpg\" \/><\/p>\n<\/div>\n<\/div>\n<\/div>\n<\/div>\n<\/div>\n<\/div>\n<\/div>\n<\/div>\n<\/section>\n","protected":false},"excerpt":{"rendered":"<p>&#8211; Tama\u00f1o Media Torre<br \/>\n&#8211; Mini ITX \/ Micro ATX \/ ATX \/ CEB \/ E-ATX<br \/>\n&#8211; 2 x USB 3.0<br \/>\n&#8211; 1 x Jack Micr\u00f3fono<br \/>\n&#8211; 1 x Jack Audio<br \/>\n&#8211; Bot\u00f3n de reinicio<br \/>\n&#8211; Vidrio Templado 4mm<br \/>\n&#8211; 2 x Bah\u00edas de unidad de 3.5 &#8221;<br \/>\n&#8211; 2 x Bah\u00edas de unidad de 2.5 &#8221;<br \/>\n&#8211; 7 x Ranuras de expansi\u00f3n<br \/>\n&#8211; Alto M\u00e1ximo enfriador CPU 170mm<br \/>\n&#8211; Ancho M\u00e1ximo de tarjeta gr\u00e1fica 400mm<br \/>\n&#8211; Ancho M\u00e1ximo de fuente PSU 180mm<\/p>\n","protected":false},"featured_media":5788,"comment_status":"open","ping_status":"closed","template":"","meta":{"jetpack_publicize_message":"","jetpack_publicize_feature_enabled":true,"jetpack_social_post_already_shared":false,"jetpack_social_options":{"image_generator_settings":{"template":"highway","default_image_id":0,"font":"","enabled":false},"version":2}},"pwb-brand":[85],"product_brand":[],"product_cat":[52],"product_tag":[],"class_list":{"0":"post-5767","1":"product","2":"type-product","3":"status-publish","4":"has-post-thumbnail","6":"pwb-brand-cougar","7":"product_cat-cases-computadoras","9":"first","10":"instock","11":"taxable","12":"shipping-taxable","13":"purchasable","14":"product-type-simple"},"yoast_head":"<!-- This site is optimized with the Yoast SEO Premium plugin v25.7.1 (Yoast SEO v26.8) - https:\/\/yoast.com\/product\/yoast-seo-premium-wordpress\/ -->\n<title>Case Gaming DarkBlader X5 Vidrio Templado Media Torre Blanco Cougar - Mivoot<\/title>\n<meta name=\"robots\" content=\"index, follow, max-snippet:-1, max-image-preview:large, max-video-preview:-1\" \/>\n<link rel=\"canonical\" href=\"https:\/\/mivoot.com\/gt\/producto\/case-gaming-darkblader-x5-vidrio-templado-media-torre-blanco-cougar\/\" \/>\n<meta property=\"og:locale\" content=\"es_ES\" \/>\n<meta property=\"og:type\" content=\"article\" \/>\n<meta property=\"og:title\" content=\"Case Gaming DarkBlader X5 Vidrio Templado Media Torre Blanco Cougar\" \/>\n<meta property=\"og:description\" content=\"- Tama\u00f1o Media Torre - Mini ITX \/ Micro ATX \/ ATX \/ CEB \/ E-ATX - 2 x USB 3.0 - 1 x Jack Micr\u00f3fono - 1 x Jack Audio - Bot\u00f3n de reinicio - Vidrio Templado 4mm - 2 x Bah\u00edas de unidad de 3.5 &quot; - 2 x Bah\u00edas de unidad de 2.5 &quot; - 7 x Ranuras de expansi\u00f3n - Alto M\u00e1ximo enfriador CPU 170mm - Ancho M\u00e1ximo de tarjeta gr\u00e1fica 400mm - Ancho M\u00e1ximo de fuente PSU 180mm\" \/>\n<meta property=\"og:url\" content=\"https:\/\/mivoot.com\/gt\/producto\/case-gaming-darkblader-x5-vidrio-templado-media-torre-blanco-cougar\/\" \/>\n<meta property=\"og:site_name\" content=\"Mivoot\" \/>\n<meta property=\"article:publisher\" content=\"https:\/\/www.facebook.com\/mivootgt\" \/>\n<meta property=\"article:modified_time\" content=\"2021-09-29T22:06:11+00:00\" \/>\n<meta property=\"og:image\" content=\"https:\/\/mivoot.com\/gt\/wp-content\/uploads\/2021\/09\/portada-blanco.png\" \/>\n\t<meta property=\"og:image:width\" content=\"1000\" \/>\n\t<meta property=\"og:image:height\" content=\"800\" \/>\n\t<meta property=\"og:image:type\" content=\"image\/png\" \/>\n<meta name=\"twitter:card\" content=\"summary_large_image\" \/>\n<meta name=\"twitter:label1\" content=\"Est. reading time\" \/>\n\t<meta name=\"twitter:data1\" content=\"1 minuto\" \/>\n<script type=\"application\/ld+json\" class=\"yoast-schema-graph\">{\"@context\":\"https:\/\/schema.org\",\"@graph\":[{\"@type\":\"WebPage\",\"@id\":\"https:\/\/mivoot.com\/gt\/producto\/case-gaming-darkblader-x5-vidrio-templado-media-torre-blanco-cougar\/\",\"url\":\"https:\/\/mivoot.com\/gt\/producto\/case-gaming-darkblader-x5-vidrio-templado-media-torre-blanco-cougar\/\",\"name\":\"Case Gaming DarkBlader X5 Vidrio Templado Media Torre Blanco Cougar - Mivoot\",\"isPartOf\":{\"@id\":\"https:\/\/mivoot.com\/gt\/#website\"},\"primaryImageOfPage\":{\"@id\":\"https:\/\/mivoot.com\/gt\/producto\/case-gaming-darkblader-x5-vidrio-templado-media-torre-blanco-cougar\/#primaryimage\"},\"image\":{\"@id\":\"https:\/\/mivoot.com\/gt\/producto\/case-gaming-darkblader-x5-vidrio-templado-media-torre-blanco-cougar\/#primaryimage\"},\"thumbnailUrl\":\"https:\/\/mivoot.com\/gt\/wp-content\/uploads\/2021\/09\/portada-blanco.png\",\"datePublished\":\"2021-09-29T21:51:34+00:00\",\"dateModified\":\"2021-09-29T22:06:11+00:00\",\"breadcrumb\":{\"@id\":\"https:\/\/mivoot.com\/gt\/producto\/case-gaming-darkblader-x5-vidrio-templado-media-torre-blanco-cougar\/#breadcrumb\"},\"inLanguage\":\"es\",\"potentialAction\":[{\"@type\":\"ReadAction\",\"target\":[\"https:\/\/mivoot.com\/gt\/producto\/case-gaming-darkblader-x5-vidrio-templado-media-torre-blanco-cougar\/\"]}]},{\"@type\":\"ImageObject\",\"inLanguage\":\"es\",\"@id\":\"https:\/\/mivoot.com\/gt\/producto\/case-gaming-darkblader-x5-vidrio-templado-media-torre-blanco-cougar\/#primaryimage\",\"url\":\"https:\/\/mivoot.com\/gt\/wp-content\/uploads\/2021\/09\/portada-blanco.png\",\"contentUrl\":\"https:\/\/mivoot.com\/gt\/wp-content\/uploads\/2021\/09\/portada-blanco.png\",\"width\":1000,\"height\":800},{\"@type\":\"BreadcrumbList\",\"@id\":\"https:\/\/mivoot.com\/gt\/producto\/case-gaming-darkblader-x5-vidrio-templado-media-torre-blanco-cougar\/#breadcrumb\",\"itemListElement\":[{\"@type\":\"ListItem\",\"position\":1,\"name\":\"Inicio\",\"item\":\"https:\/\/mivoot.com\/gt\/\"},{\"@type\":\"ListItem\",\"position\":2,\"name\":\"Productos\",\"item\":\"https:\/\/mivoot.com\/gt\/producto\/\"},{\"@type\":\"ListItem\",\"position\":3,\"name\":\"Cougar\",\"item\":\"https:\/\/mivoot.com\/gt\/marca\/cougar\/\"},{\"@type\":\"ListItem\",\"position\":4,\"name\":\"Case Gaming DarkBlader X5 Vidrio Templado Media Torre Blanco Cougar\"}]},{\"@type\":\"WebSite\",\"@id\":\"https:\/\/mivoot.com\/gt\/#website\",\"url\":\"https:\/\/mivoot.com\/gt\/\",\"name\":\"Mivoot\",\"description\":\"Mivoot Guatemala | Tienda Online\",\"publisher\":{\"@id\":\"https:\/\/mivoot.com\/gt\/#organization\"},\"alternateName\":\"mivoot\",\"potentialAction\":[{\"@type\":\"SearchAction\",\"target\":{\"@type\":\"EntryPoint\",\"urlTemplate\":\"https:\/\/mivoot.com\/gt\/?s={search_term_string}\"},\"query-input\":{\"@type\":\"PropertyValueSpecification\",\"valueRequired\":true,\"valueName\":\"search_term_string\"}}],\"inLanguage\":\"es\"},{\"@type\":\"Organization\",\"@id\":\"https:\/\/mivoot.com\/gt\/#organization\",\"name\":\"Mivoot Guatemala\",\"alternateName\":\"mivoot.com\",\"url\":\"https:\/\/mivoot.com\/gt\/\",\"logo\":{\"@type\":\"ImageObject\",\"inLanguage\":\"es\",\"@id\":\"https:\/\/mivoot.com\/gt\/#\/schema\/logo\/image\/\",\"url\":\"https:\/\/mivoot.com\/gt\/wp-content\/uploads\/2023\/03\/cropped-icon.png\",\"contentUrl\":\"https:\/\/mivoot.com\/gt\/wp-content\/uploads\/2023\/03\/cropped-icon.png\",\"width\":512,\"height\":512,\"caption\":\"Mivoot Guatemala\"},\"image\":{\"@id\":\"https:\/\/mivoot.com\/gt\/#\/schema\/logo\/image\/\"},\"sameAs\":[\"https:\/\/www.facebook.com\/mivootgt\",\"https:\/\/instagram.com\/mivoot\"]}]}<\/script>\n<!-- \/ Yoast SEO Premium plugin. -->","yoast_head_json":{"title":"Case Gaming DarkBlader X5 Vidrio Templado Media Torre Blanco Cougar - Mivoot","robots":{"index":"index","follow":"follow","max-snippet":"max-snippet:-1","max-image-preview":"max-image-preview:large","max-video-preview":"max-video-preview:-1"},"canonical":"https:\/\/mivoot.com\/gt\/producto\/case-gaming-darkblader-x5-vidrio-templado-media-torre-blanco-cougar\/","og_locale":"es_ES","og_type":"article","og_title":"Case Gaming DarkBlader X5 Vidrio Templado Media Torre Blanco Cougar","og_description":"- Tama\u00f1o Media Torre - Mini ITX \/ Micro ATX \/ ATX \/ CEB \/ E-ATX - 2 x USB 3.0 - 1 x Jack Micr\u00f3fono - 1 x Jack Audio - Bot\u00f3n de reinicio - Vidrio Templado 4mm - 2 x Bah\u00edas de unidad de 3.5 \" - 2 x Bah\u00edas de unidad de 2.5 \" - 7 x Ranuras de expansi\u00f3n - Alto M\u00e1ximo enfriador CPU 170mm - Ancho M\u00e1ximo de tarjeta gr\u00e1fica 400mm - Ancho M\u00e1ximo de fuente PSU 180mm","og_url":"https:\/\/mivoot.com\/gt\/producto\/case-gaming-darkblader-x5-vidrio-templado-media-torre-blanco-cougar\/","og_site_name":"Mivoot","article_publisher":"https:\/\/www.facebook.com\/mivootgt","article_modified_time":"2021-09-29T22:06:11+00:00","og_image":[{"width":1000,"height":800,"url":"https:\/\/mivoot.com\/gt\/wp-content\/uploads\/2021\/09\/portada-blanco.png","type":"image\/png"}],"twitter_card":"summary_large_image","twitter_misc":{"Est. reading time":"1 minuto"},"schema":{"@context":"https:\/\/schema.org","@graph":[{"@type":"WebPage","@id":"https:\/\/mivoot.com\/gt\/producto\/case-gaming-darkblader-x5-vidrio-templado-media-torre-blanco-cougar\/","url":"https:\/\/mivoot.com\/gt\/producto\/case-gaming-darkblader-x5-vidrio-templado-media-torre-blanco-cougar\/","name":"Case Gaming DarkBlader X5 Vidrio Templado Media Torre Blanco Cougar - Mivoot","isPartOf":{"@id":"https:\/\/mivoot.com\/gt\/#website"},"primaryImageOfPage":{"@id":"https:\/\/mivoot.com\/gt\/producto\/case-gaming-darkblader-x5-vidrio-templado-media-torre-blanco-cougar\/#primaryimage"},"image":{"@id":"https:\/\/mivoot.com\/gt\/producto\/case-gaming-darkblader-x5-vidrio-templado-media-torre-blanco-cougar\/#primaryimage"},"thumbnailUrl":"https:\/\/mivoot.com\/gt\/wp-content\/uploads\/2021\/09\/portada-blanco.png","datePublished":"2021-09-29T21:51:34+00:00","dateModified":"2021-09-29T22:06:11+00:00","breadcrumb":{"@id":"https:\/\/mivoot.com\/gt\/producto\/case-gaming-darkblader-x5-vidrio-templado-media-torre-blanco-cougar\/#breadcrumb"},"inLanguage":"es","potentialAction":[{"@type":"ReadAction","target":["https:\/\/mivoot.com\/gt\/producto\/case-gaming-darkblader-x5-vidrio-templado-media-torre-blanco-cougar\/"]}]},{"@type":"ImageObject","inLanguage":"es","@id":"https:\/\/mivoot.com\/gt\/producto\/case-gaming-darkblader-x5-vidrio-templado-media-torre-blanco-cougar\/#primaryimage","url":"https:\/\/mivoot.com\/gt\/wp-content\/uploads\/2021\/09\/portada-blanco.png","contentUrl":"https:\/\/mivoot.com\/gt\/wp-content\/uploads\/2021\/09\/portada-blanco.png","width":1000,"height":800},{"@type":"BreadcrumbList","@id":"https:\/\/mivoot.com\/gt\/producto\/case-gaming-darkblader-x5-vidrio-templado-media-torre-blanco-cougar\/#breadcrumb","itemListElement":[{"@type":"ListItem","position":1,"name":"Inicio","item":"https:\/\/mivoot.com\/gt\/"},{"@type":"ListItem","position":2,"name":"Productos","item":"https:\/\/mivoot.com\/gt\/producto\/"},{"@type":"ListItem","position":3,"name":"Cougar","item":"https:\/\/mivoot.com\/gt\/marca\/cougar\/"},{"@type":"ListItem","position":4,"name":"Case Gaming DarkBlader X5 Vidrio Templado Media Torre Blanco Cougar"}]},{"@type":"WebSite","@id":"https:\/\/mivoot.com\/gt\/#website","url":"https:\/\/mivoot.com\/gt\/","name":"Mivoot","description":"Mivoot Guatemala | Tienda Online","publisher":{"@id":"https:\/\/mivoot.com\/gt\/#organization"},"alternateName":"mivoot","potentialAction":[{"@type":"SearchAction","target":{"@type":"EntryPoint","urlTemplate":"https:\/\/mivoot.com\/gt\/?s={search_term_string}"},"query-input":{"@type":"PropertyValueSpecification","valueRequired":true,"valueName":"search_term_string"}}],"inLanguage":"es"},{"@type":"Organization","@id":"https:\/\/mivoot.com\/gt\/#organization","name":"Mivoot Guatemala","alternateName":"mivoot.com","url":"https:\/\/mivoot.com\/gt\/","logo":{"@type":"ImageObject","inLanguage":"es","@id":"https:\/\/mivoot.com\/gt\/#\/schema\/logo\/image\/","url":"https:\/\/mivoot.com\/gt\/wp-content\/uploads\/2023\/03\/cropped-icon.png","contentUrl":"https:\/\/mivoot.com\/gt\/wp-content\/uploads\/2023\/03\/cropped-icon.png","width":512,"height":512,"caption":"Mivoot Guatemala"},"image":{"@id":"https:\/\/mivoot.com\/gt\/#\/schema\/logo\/image\/"},"sameAs":["https:\/\/www.facebook.com\/mivootgt","https:\/\/instagram.com\/mivoot"]}]}},"jetpack_publicize_connections":[],"jetpack_sharing_enabled":true,"brands":[{"id":85,"name":"Cougar","slug":"cougar"}],"_links":{"self":[{"href":"https:\/\/mivoot.com\/gt\/wp-json\/wp\/v2\/product\/5767","targetHints":{"allow":["GET"]}}],"collection":[{"href":"https:\/\/mivoot.com\/gt\/wp-json\/wp\/v2\/product"}],"about":[{"href":"https:\/\/mivoot.com\/gt\/wp-json\/wp\/v2\/types\/product"}],"replies":[{"embeddable":true,"href":"https:\/\/mivoot.com\/gt\/wp-json\/wp\/v2\/comments?post=5767"}],"version-history":[{"count":2,"href":"https:\/\/mivoot.com\/gt\/wp-json\/wp\/v2\/product\/5767\/revisions"}],"predecessor-version":[{"id":5787,"href":"https:\/\/mivoot.com\/gt\/wp-json\/wp\/v2\/product\/5767\/revisions\/5787"}],"wp:featuredmedia":[{"embeddable":true,"href":"https:\/\/mivoot.com\/gt\/wp-json\/wp\/v2\/media\/5788"}],"wp:attachment":[{"href":"https:\/\/mivoot.com\/gt\/wp-json\/wp\/v2\/media?parent=5767"}],"wp:term":[{"taxonomy":"pwb-brand","embeddable":true,"href":"https:\/\/mivoot.com\/gt\/wp-json\/wp\/v2\/pwb-brand?post=5767"},{"taxonomy":"product_brand","embeddable":true,"href":"https:\/\/mivoot.com\/gt\/wp-json\/wp\/v2\/product_brand?post=5767"},{"taxonomy":"product_cat","embeddable":true,"href":"https:\/\/mivoot.com\/gt\/wp-json\/wp\/v2\/product_cat?post=5767"},{"taxonomy":"product_tag","embeddable":true,"href":"https:\/\/mivoot.com\/gt\/wp-json\/wp\/v2\/product_tag?post=5767"}],"curies":[{"name":"wp","href":"https:\/\/api.w.org\/{rel}","templated":true}]}}