{"id":5855,"date":"2021-09-29T19:07:08","date_gmt":"2021-09-30T01:07:08","guid":{"rendered":"https:\/\/mivoot.com\/gt\/?post_type=product&#038;p=5855"},"modified":"2021-09-29T19:08:46","modified_gmt":"2021-09-30T01:08:46","slug":"case-gaming-atx-media-torre-vidrio-templado-blaze-231-azza","status":"publish","type":"product","link":"https:\/\/mivoot.com\/gt\/producto\/case-gaming-atx-media-torre-vidrio-templado-blaze-231-azza\/","title":{"rendered":"Case Gaming ATX Media Torre Vidrio Templado Blaze 231 AZZA"},"content":{"rendered":"<h2 style=\"text-align: center;\">AZZA CASE GAMING MID ATX BLAZE PRISMA RGB MID CSAZ-231G<\/h2>\n<p>AZZA CASE GAMING MID ATX BLAZE PRISMA RGB MID CSAZ-231G<\/p>\n<p><img fetchpriority=\"high\" decoding=\"async\" class=\"alignnone size-full wp-image-5862\" src=\"https:\/\/mivoot.com\/gt\/wp-content\/uploads\/2021\/09\/0.jpg\" alt=\"\" width=\"2560\" height=\"1080\" srcset=\"https:\/\/mivoot.com\/gt\/wp-content\/uploads\/2021\/09\/0.jpg 2560w, https:\/\/mivoot.com\/gt\/wp-content\/uploads\/2021\/09\/0-410x173.jpg 410w, https:\/\/mivoot.com\/gt\/wp-content\/uploads\/2021\/09\/0-64x27.jpg 64w, https:\/\/mivoot.com\/gt\/wp-content\/uploads\/2021\/09\/0-300x127.jpg 300w, https:\/\/mivoot.com\/gt\/wp-content\/uploads\/2021\/09\/0-2024x854.jpg 2024w, https:\/\/mivoot.com\/gt\/wp-content\/uploads\/2021\/09\/0-768x324.jpg 768w, https:\/\/mivoot.com\/gt\/wp-content\/uploads\/2021\/09\/0-1536x648.jpg 1536w, https:\/\/mivoot.com\/gt\/wp-content\/uploads\/2021\/09\/0-2048x864.jpg 2048w\" sizes=\"(max-width: 2560px) 100vw, 2560px\" \/><\/p>\n<p>Los dise\u00f1os minimalistas est\u00e1n de moda. El Blaze 231 es un estuche minimalista y proporciona todas las caracter\u00edsticas necesarias para una plataforma de juegos incre\u00edble.<br \/>\n\u00a1Con un panel lateral transparente, puede lucir su plataforma con orgullo!\u00a0Con soporte de refrigeraci\u00f3n por agua y una gesti\u00f3n de cables excepcional, el Blaze 231 ofrece un gran flujo de aire para ayudar a mantener su plataforma fresca para esas intensas sesiones de juego.<br \/>\nCompatible con algunas de las tarjetas de video m\u00e1s largas del mercado con 370 mm, as\u00ed como compatibilidad con varios tama\u00f1os de placa base, la Blaze 231 es lo suficientemente diversa como para adaptarse a una variedad de configuraciones diferentes.<br \/>\nSe incluyen varios ventiladores LED rojos, que mejoran a\u00fan m\u00e1s el flujo de aire y le dan a la carcasa un aspecto personalizado.\u00a0Si bien es posible que no tenga todas las comodidades, viene con todo lo que necesita para crear una configuraci\u00f3n de juego incre\u00edble.\u00a0A veces, \u00a1cuanto m\u00e1s simple, mejor!<\/p>\n<ul>\n<li>\u25aa Admite tarjetas de video de hasta 340 mm de largo.<\/li>\n<li>\u25aa Panel lateral izquierdo:<\/li>\n<li>Acr\u00edlico transparente para CSAZ-231, vidrio templado para CSAZ-231G<\/li>\n<li>Puertos de ventilador disponibles:<\/li>\n<li>2 puertos de ventilador de 120 mm en la parte superior<\/li>\n<li>Puertos de ventilador de 2\u00d7120 mm o 2\u00d7140 mm en la parte delantera<\/li>\n<li>(Ventilador PRISMA-RGB de 2\u00d7120 mm incluido)<\/li>\n<li>1x120mm puerto de ventilador en la parte trasera<\/li>\n<li>\u25aa Admite radiadores de refrigeraci\u00f3n por agua de hasta 240 mm.<\/li>\n<\/ul>\n<p><img decoding=\"async\" class=\"alignnone size-full wp-image-5864\" src=\"https:\/\/mivoot.com\/gt\/wp-content\/uploads\/2021\/09\/1.jpg\" alt=\"\" width=\"2560\" height=\"1080\" srcset=\"https:\/\/mivoot.com\/gt\/wp-content\/uploads\/2021\/09\/1.jpg 2560w, https:\/\/mivoot.com\/gt\/wp-content\/uploads\/2021\/09\/1-410x173.jpg 410w, https:\/\/mivoot.com\/gt\/wp-content\/uploads\/2021\/09\/1-64x27.jpg 64w, https:\/\/mivoot.com\/gt\/wp-content\/uploads\/2021\/09\/1-300x127.jpg 300w, https:\/\/mivoot.com\/gt\/wp-content\/uploads\/2021\/09\/1-2024x854.jpg 2024w, https:\/\/mivoot.com\/gt\/wp-content\/uploads\/2021\/09\/1-768x324.jpg 768w, https:\/\/mivoot.com\/gt\/wp-content\/uploads\/2021\/09\/1-1536x648.jpg 1536w, https:\/\/mivoot.com\/gt\/wp-content\/uploads\/2021\/09\/1-2048x864.jpg 2048w\" sizes=\"(max-width: 2560px) 100vw, 2560px\" \/><\/p>\n<table class=\"table product-form\">\n<thead>\n<tr>\n<th>Modelo<\/th>\n<th><\/th>\n<\/tr>\n<\/thead>\n<tbody>\n<tr>\n<td>Nombre del modelo<\/td>\n<td>Blaze 231<\/td>\n<\/tr>\n<tr>\n<td>N\u00famero de modelo<\/td>\n<td>CSAZ-231 \/ CSAZ-231G<\/td>\n<\/tr>\n<tr>\n<th>Especificaciones<\/th>\n<th><\/th>\n<\/tr>\n<tr>\n<td>Tipo<\/td>\n<td>ATX Mid-Tower<\/td>\n<\/tr>\n<tr>\n<td>Color<\/td>\n<td>Negro (exterior) \/ Negro (interior)<\/td>\n<\/tr>\n<tr>\n<td>Ventana del panel lateral: CSAZ-231<\/td>\n<td>Acr\u00edlico transparente con soportes de goma.<\/td>\n<\/tr>\n<tr>\n<td>Ventana del panel lateral: CSAZ-231G<\/td>\n<td>Vidrio transparente con soportes de goma<\/td>\n<\/tr>\n<tr>\n<td>Altura m\u00e1xima del enfriador de la CPU<\/td>\n<td>Hasta 155 mm<\/td>\n<\/tr>\n<tr>\n<td>Longitud m\u00e1xima de la tarjeta VGA<\/td>\n<td>Tarjeta de video de hasta 340 mm de largo<\/td>\n<\/tr>\n<tr>\n<td>Fuente de alimentaci\u00f3n<\/td>\n<td>No incluido<\/td>\n<\/tr>\n<tr>\n<td>Compatibilidad con la placa base<\/td>\n<td>ATX, Micro ATX<\/td>\n<\/tr>\n<tr>\n<th>Expansi\u00f3n<\/th>\n<th><\/th>\n<\/tr>\n<tr>\n<td>Bah\u00edas de unidades externas de 5.25 \u00ab:<\/td>\n<td>0 0<\/td>\n<\/tr>\n<tr>\n<td>Bah\u00edas de unidad internas de 2.5 \u00ab<\/td>\n<td>Hasta 3<\/td>\n<\/tr>\n<tr>\n<td>Bah\u00edas de unidad internas de 3.5 \u00ab<\/td>\n<td>Hasta 3<\/td>\n<\/tr>\n<tr>\n<td>Ranuras de expansi\u00f3n<\/td>\n<td>7 7<\/td>\n<\/tr>\n<tr>\n<td>Puertos superiores<\/td>\n<td>1 x USB 3.0, 1 x USB 2.0, audio HD<\/td>\n<\/tr>\n<tr>\n<th>Especificaciones f\u00edsicas<\/th>\n<th><\/th>\n<\/tr>\n<tr>\n<td>Dimensiones (HxWxD)<\/td>\n<td>480mmx197mmx427mm \/ 18.9 x7.8 x 16.8 pulgadas<\/td>\n<\/tr>\n<tr>\n<td>Peso: CSAZ-231<\/td>\n<td>3.75Kg \/ 8.3 lbs<\/td>\n<\/tr>\n<tr>\n<td>Peso: CSAZ-231G<\/td>\n<td>4.8Kg \/10.6lbs<\/td>\n<\/tr>\n<tr>\n<th>Caracteristicas<\/th>\n<th><\/th>\n<\/tr>\n<tr>\n<td>Efectos de luz RGB<\/td>\n<td>Luz RGB en el frente. Todos los dispositivos de luz RGB controlados por la placa base<\/td>\n<\/tr>\n<tr>\n<td>Panel lateral izquierdo<\/td>\n<td>Acr\u00edlico transparente para CSAZ-231, vidrio templado para CSAZ-231G<\/td>\n<\/tr>\n<tr>\n<td>Puertos de ventilador disponibles<\/td>\n<td>2 puertos de 120 mm en la parte superior<\/td>\n<\/tr>\n<tr>\n<td><\/td>\n<td>Puertos de 2\u00d7120 mm o 2\u00d7140 mm en el frente<\/td>\n<\/tr>\n<tr>\n<td><\/td>\n<td>(Ventilador PRISMA-RGB de 2\u00d7120 mm incluido)<\/td>\n<\/tr>\n<tr>\n<td><\/td>\n<td>1x120mm puerto de ventilador en la parte trasera<\/td>\n<\/tr>\n<tr>\n<td>Filtros de polvo<\/td>\n<td>Red de PVC a prueba de polvo extra\u00edble (magn\u00e9tica) en la parte inferior del chasis<\/td>\n<\/tr>\n<tr>\n<td>Refrigeraci\u00f3n por agua<\/td>\n<td>Admite radiadores de hasta 240 mm por delante<\/td>\n<\/tr>\n<tr>\n<td>C\u00e1mara aislada<\/td>\n<td>La fuente de alimentaci\u00f3n est\u00e1 alojada dentro de su propia c\u00e1mara aislada, evitando que su calor afecte a otros componentes<\/td>\n<\/tr>\n<tr>\n<td>Enfriador de instalaci\u00f3n f\u00e1cil<\/td>\n<td>Un orificio precortado para una f\u00e1cil instalaci\u00f3n de CPU Cooler, eliminando la necesidad de quitar la placa base<\/td>\n<\/tr>\n<\/tbody>\n<\/table>\n<p><img decoding=\"async\" class=\"alignnone size-full wp-image-5857\" src=\"https:\/\/mivoot.com\/gt\/wp-content\/uploads\/2021\/09\/2.jpg\" alt=\"\" width=\"2560\" height=\"1080\" srcset=\"https:\/\/mivoot.com\/gt\/wp-content\/uploads\/2021\/09\/2.jpg 2560w, https:\/\/mivoot.com\/gt\/wp-content\/uploads\/2021\/09\/2-410x173.jpg 410w, https:\/\/mivoot.com\/gt\/wp-content\/uploads\/2021\/09\/2-64x27.jpg 64w, https:\/\/mivoot.com\/gt\/wp-content\/uploads\/2021\/09\/2-300x127.jpg 300w, https:\/\/mivoot.com\/gt\/wp-content\/uploads\/2021\/09\/2-2024x854.jpg 2024w, https:\/\/mivoot.com\/gt\/wp-content\/uploads\/2021\/09\/2-768x324.jpg 768w, https:\/\/mivoot.com\/gt\/wp-content\/uploads\/2021\/09\/2-1536x648.jpg 1536w, https:\/\/mivoot.com\/gt\/wp-content\/uploads\/2021\/09\/2-2048x864.jpg 2048w\" sizes=\"(max-width: 2560px) 100vw, 2560px\" \/><\/p>\n","protected":false},"excerpt":{"rendered":"<p>\u25aa Admite tarjetas de video de hasta 340 mm de largo.<br \/>\n\u25aa Panel lateral izquierdo:<br \/>\n\u25aa Acr\u00edlico transparente para CSAZ-231, vidrio templado para CSAZ-231G<br \/>\n\u25aa Puertos de ventilador disponibles:<br \/>\n\u25aa Puertos de ventilador de 2&#215;120 mm en la parte superior<br \/>\n\u25aa Puertos de ventilador de 2&#215;120 mm o 2&#215;140 mm en la parte delantera<br \/>\n(Ventilador PRISMA-RGB de 2&#215;120 mm incluido)<br \/>\n\u25aa Puerto de ventilador de 1&#215;120 mm en la parte trasera<br \/>\n\u25aa Admite radiadores de refrigeraci\u00f3n por agua de hasta 240 mm.<\/p>\n","protected":false},"featured_media":5863,"comment_status":"open","ping_status":"closed","template":"","meta":{"jetpack_publicize_message":"","jetpack_publicize_feature_enabled":true,"jetpack_social_post_already_shared":false,"jetpack_social_options":{"image_generator_settings":{"template":"highway","default_image_id":0,"font":"","enabled":false},"version":2}},"pwb-brand":[208],"product_brand":[],"product_cat":[52],"product_tag":[],"class_list":{"0":"post-5855","1":"product","2":"type-product","3":"status-publish","4":"has-post-thumbnail","6":"pwb-brand-azza","7":"product_cat-cases-computadoras","9":"first","10":"instock","11":"taxable","12":"shipping-taxable","13":"purchasable","14":"product-type-simple"},"yoast_head":"<!-- This site is optimized with the Yoast SEO Premium plugin v25.7.1 (Yoast SEO v26.8) - https:\/\/yoast.com\/product\/yoast-seo-premium-wordpress\/ -->\n<title>Case Gaming ATX Media Torre Vidrio Templado Blaze 231 AZZA - Mivoot<\/title>\n<meta name=\"robots\" content=\"index, follow, max-snippet:-1, max-image-preview:large, max-video-preview:-1\" \/>\n<link rel=\"canonical\" href=\"https:\/\/mivoot.com\/gt\/producto\/case-gaming-atx-media-torre-vidrio-templado-blaze-231-azza\/\" \/>\n<meta property=\"og:locale\" content=\"es_ES\" \/>\n<meta property=\"og:type\" content=\"article\" \/>\n<meta property=\"og:title\" content=\"Case Gaming ATX Media Torre Vidrio Templado Blaze 231 AZZA\" \/>\n<meta property=\"og:description\" content=\"\u25aa Admite tarjetas de video de hasta 340 mm de largo. \u25aa Panel lateral izquierdo: \u25aa Acr\u00edlico transparente para CSAZ-231, vidrio templado para CSAZ-231G \u25aa Puertos de ventilador disponibles: \u25aa Puertos de ventilador de 2x120 mm en la parte superior \u25aa Puertos de ventilador de 2x120 mm o 2x140 mm en la parte delantera (Ventilador PRISMA-RGB de 2x120 mm incluido) \u25aa Puerto de ventilador de 1x120 mm en la parte trasera \u25aa Admite radiadores de refrigeraci\u00f3n por agua de hasta 240 mm.\" \/>\n<meta property=\"og:url\" content=\"https:\/\/mivoot.com\/gt\/producto\/case-gaming-atx-media-torre-vidrio-templado-blaze-231-azza\/\" \/>\n<meta property=\"og:site_name\" content=\"Mivoot\" \/>\n<meta property=\"article:publisher\" content=\"https:\/\/www.facebook.com\/mivootgt\" \/>\n<meta property=\"article:modified_time\" content=\"2021-09-30T01:08:46+00:00\" \/>\n<meta property=\"og:image\" content=\"https:\/\/mivoot.com\/gt\/wp-content\/uploads\/2021\/09\/0-1.png\" \/>\n\t<meta property=\"og:image:width\" content=\"1000\" \/>\n\t<meta property=\"og:image:height\" content=\"1000\" \/>\n\t<meta property=\"og:image:type\" content=\"image\/png\" \/>\n<meta name=\"twitter:card\" content=\"summary_large_image\" \/>\n<meta name=\"twitter:label1\" content=\"Est. reading time\" \/>\n\t<meta name=\"twitter:data1\" content=\"3 minutos\" \/>\n<script type=\"application\/ld+json\" class=\"yoast-schema-graph\">{\"@context\":\"https:\/\/schema.org\",\"@graph\":[{\"@type\":\"WebPage\",\"@id\":\"https:\/\/mivoot.com\/gt\/producto\/case-gaming-atx-media-torre-vidrio-templado-blaze-231-azza\/\",\"url\":\"https:\/\/mivoot.com\/gt\/producto\/case-gaming-atx-media-torre-vidrio-templado-blaze-231-azza\/\",\"name\":\"Case Gaming ATX Media Torre Vidrio Templado Blaze 231 AZZA - Mivoot\",\"isPartOf\":{\"@id\":\"https:\/\/mivoot.com\/gt\/#website\"},\"primaryImageOfPage\":{\"@id\":\"https:\/\/mivoot.com\/gt\/producto\/case-gaming-atx-media-torre-vidrio-templado-blaze-231-azza\/#primaryimage\"},\"image\":{\"@id\":\"https:\/\/mivoot.com\/gt\/producto\/case-gaming-atx-media-torre-vidrio-templado-blaze-231-azza\/#primaryimage\"},\"thumbnailUrl\":\"https:\/\/mivoot.com\/gt\/wp-content\/uploads\/2021\/09\/0-1.png\",\"datePublished\":\"2021-09-30T01:07:08+00:00\",\"dateModified\":\"2021-09-30T01:08:46+00:00\",\"breadcrumb\":{\"@id\":\"https:\/\/mivoot.com\/gt\/producto\/case-gaming-atx-media-torre-vidrio-templado-blaze-231-azza\/#breadcrumb\"},\"inLanguage\":\"es\",\"potentialAction\":[{\"@type\":\"ReadAction\",\"target\":[\"https:\/\/mivoot.com\/gt\/producto\/case-gaming-atx-media-torre-vidrio-templado-blaze-231-azza\/\"]}]},{\"@type\":\"ImageObject\",\"inLanguage\":\"es\",\"@id\":\"https:\/\/mivoot.com\/gt\/producto\/case-gaming-atx-media-torre-vidrio-templado-blaze-231-azza\/#primaryimage\",\"url\":\"https:\/\/mivoot.com\/gt\/wp-content\/uploads\/2021\/09\/0-1.png\",\"contentUrl\":\"https:\/\/mivoot.com\/gt\/wp-content\/uploads\/2021\/09\/0-1.png\",\"width\":1000,\"height\":1000},{\"@type\":\"BreadcrumbList\",\"@id\":\"https:\/\/mivoot.com\/gt\/producto\/case-gaming-atx-media-torre-vidrio-templado-blaze-231-azza\/#breadcrumb\",\"itemListElement\":[{\"@type\":\"ListItem\",\"position\":1,\"name\":\"Inicio\",\"item\":\"https:\/\/mivoot.com\/gt\/\"},{\"@type\":\"ListItem\",\"position\":2,\"name\":\"Productos\",\"item\":\"https:\/\/mivoot.com\/gt\/producto\/\"},{\"@type\":\"ListItem\",\"position\":3,\"name\":\"AZZA\",\"item\":\"https:\/\/mivoot.com\/gt\/marca\/azza\/\"},{\"@type\":\"ListItem\",\"position\":4,\"name\":\"Case Gaming ATX Media Torre Vidrio Templado Blaze 231 AZZA\"}]},{\"@type\":\"WebSite\",\"@id\":\"https:\/\/mivoot.com\/gt\/#website\",\"url\":\"https:\/\/mivoot.com\/gt\/\",\"name\":\"Mivoot\",\"description\":\"Mivoot Guatemala | Tienda Online\",\"publisher\":{\"@id\":\"https:\/\/mivoot.com\/gt\/#organization\"},\"alternateName\":\"mivoot\",\"potentialAction\":[{\"@type\":\"SearchAction\",\"target\":{\"@type\":\"EntryPoint\",\"urlTemplate\":\"https:\/\/mivoot.com\/gt\/?s={search_term_string}\"},\"query-input\":{\"@type\":\"PropertyValueSpecification\",\"valueRequired\":true,\"valueName\":\"search_term_string\"}}],\"inLanguage\":\"es\"},{\"@type\":\"Organization\",\"@id\":\"https:\/\/mivoot.com\/gt\/#organization\",\"name\":\"Mivoot Guatemala\",\"alternateName\":\"mivoot.com\",\"url\":\"https:\/\/mivoot.com\/gt\/\",\"logo\":{\"@type\":\"ImageObject\",\"inLanguage\":\"es\",\"@id\":\"https:\/\/mivoot.com\/gt\/#\/schema\/logo\/image\/\",\"url\":\"https:\/\/mivoot.com\/gt\/wp-content\/uploads\/2023\/03\/cropped-icon.png\",\"contentUrl\":\"https:\/\/mivoot.com\/gt\/wp-content\/uploads\/2023\/03\/cropped-icon.png\",\"width\":512,\"height\":512,\"caption\":\"Mivoot Guatemala\"},\"image\":{\"@id\":\"https:\/\/mivoot.com\/gt\/#\/schema\/logo\/image\/\"},\"sameAs\":[\"https:\/\/www.facebook.com\/mivootgt\",\"https:\/\/instagram.com\/mivoot\"]}]}<\/script>\n<!-- \/ Yoast SEO Premium plugin. -->","yoast_head_json":{"title":"Case Gaming ATX Media Torre Vidrio Templado Blaze 231 AZZA - Mivoot","robots":{"index":"index","follow":"follow","max-snippet":"max-snippet:-1","max-image-preview":"max-image-preview:large","max-video-preview":"max-video-preview:-1"},"canonical":"https:\/\/mivoot.com\/gt\/producto\/case-gaming-atx-media-torre-vidrio-templado-blaze-231-azza\/","og_locale":"es_ES","og_type":"article","og_title":"Case Gaming ATX Media Torre Vidrio Templado Blaze 231 AZZA","og_description":"\u25aa Admite tarjetas de video de hasta 340 mm de largo. \u25aa Panel lateral izquierdo: \u25aa Acr\u00edlico transparente para CSAZ-231, vidrio templado para CSAZ-231G \u25aa Puertos de ventilador disponibles: \u25aa Puertos de ventilador de 2x120 mm en la parte superior \u25aa Puertos de ventilador de 2x120 mm o 2x140 mm en la parte delantera (Ventilador PRISMA-RGB de 2x120 mm incluido) \u25aa Puerto de ventilador de 1x120 mm en la parte trasera \u25aa Admite radiadores de refrigeraci\u00f3n por agua de hasta 240 mm.","og_url":"https:\/\/mivoot.com\/gt\/producto\/case-gaming-atx-media-torre-vidrio-templado-blaze-231-azza\/","og_site_name":"Mivoot","article_publisher":"https:\/\/www.facebook.com\/mivootgt","article_modified_time":"2021-09-30T01:08:46+00:00","og_image":[{"width":1000,"height":1000,"url":"https:\/\/mivoot.com\/gt\/wp-content\/uploads\/2021\/09\/0-1.png","type":"image\/png"}],"twitter_card":"summary_large_image","twitter_misc":{"Est. reading time":"3 minutos"},"schema":{"@context":"https:\/\/schema.org","@graph":[{"@type":"WebPage","@id":"https:\/\/mivoot.com\/gt\/producto\/case-gaming-atx-media-torre-vidrio-templado-blaze-231-azza\/","url":"https:\/\/mivoot.com\/gt\/producto\/case-gaming-atx-media-torre-vidrio-templado-blaze-231-azza\/","name":"Case Gaming ATX Media Torre Vidrio Templado Blaze 231 AZZA - Mivoot","isPartOf":{"@id":"https:\/\/mivoot.com\/gt\/#website"},"primaryImageOfPage":{"@id":"https:\/\/mivoot.com\/gt\/producto\/case-gaming-atx-media-torre-vidrio-templado-blaze-231-azza\/#primaryimage"},"image":{"@id":"https:\/\/mivoot.com\/gt\/producto\/case-gaming-atx-media-torre-vidrio-templado-blaze-231-azza\/#primaryimage"},"thumbnailUrl":"https:\/\/mivoot.com\/gt\/wp-content\/uploads\/2021\/09\/0-1.png","datePublished":"2021-09-30T01:07:08+00:00","dateModified":"2021-09-30T01:08:46+00:00","breadcrumb":{"@id":"https:\/\/mivoot.com\/gt\/producto\/case-gaming-atx-media-torre-vidrio-templado-blaze-231-azza\/#breadcrumb"},"inLanguage":"es","potentialAction":[{"@type":"ReadAction","target":["https:\/\/mivoot.com\/gt\/producto\/case-gaming-atx-media-torre-vidrio-templado-blaze-231-azza\/"]}]},{"@type":"ImageObject","inLanguage":"es","@id":"https:\/\/mivoot.com\/gt\/producto\/case-gaming-atx-media-torre-vidrio-templado-blaze-231-azza\/#primaryimage","url":"https:\/\/mivoot.com\/gt\/wp-content\/uploads\/2021\/09\/0-1.png","contentUrl":"https:\/\/mivoot.com\/gt\/wp-content\/uploads\/2021\/09\/0-1.png","width":1000,"height":1000},{"@type":"BreadcrumbList","@id":"https:\/\/mivoot.com\/gt\/producto\/case-gaming-atx-media-torre-vidrio-templado-blaze-231-azza\/#breadcrumb","itemListElement":[{"@type":"ListItem","position":1,"name":"Inicio","item":"https:\/\/mivoot.com\/gt\/"},{"@type":"ListItem","position":2,"name":"Productos","item":"https:\/\/mivoot.com\/gt\/producto\/"},{"@type":"ListItem","position":3,"name":"AZZA","item":"https:\/\/mivoot.com\/gt\/marca\/azza\/"},{"@type":"ListItem","position":4,"name":"Case Gaming ATX Media Torre Vidrio Templado Blaze 231 AZZA"}]},{"@type":"WebSite","@id":"https:\/\/mivoot.com\/gt\/#website","url":"https:\/\/mivoot.com\/gt\/","name":"Mivoot","description":"Mivoot Guatemala | Tienda Online","publisher":{"@id":"https:\/\/mivoot.com\/gt\/#organization"},"alternateName":"mivoot","potentialAction":[{"@type":"SearchAction","target":{"@type":"EntryPoint","urlTemplate":"https:\/\/mivoot.com\/gt\/?s={search_term_string}"},"query-input":{"@type":"PropertyValueSpecification","valueRequired":true,"valueName":"search_term_string"}}],"inLanguage":"es"},{"@type":"Organization","@id":"https:\/\/mivoot.com\/gt\/#organization","name":"Mivoot Guatemala","alternateName":"mivoot.com","url":"https:\/\/mivoot.com\/gt\/","logo":{"@type":"ImageObject","inLanguage":"es","@id":"https:\/\/mivoot.com\/gt\/#\/schema\/logo\/image\/","url":"https:\/\/mivoot.com\/gt\/wp-content\/uploads\/2023\/03\/cropped-icon.png","contentUrl":"https:\/\/mivoot.com\/gt\/wp-content\/uploads\/2023\/03\/cropped-icon.png","width":512,"height":512,"caption":"Mivoot Guatemala"},"image":{"@id":"https:\/\/mivoot.com\/gt\/#\/schema\/logo\/image\/"},"sameAs":["https:\/\/www.facebook.com\/mivootgt","https:\/\/instagram.com\/mivoot"]}]}},"jetpack_publicize_connections":[],"jetpack_sharing_enabled":true,"brands":[{"id":208,"name":"AZZA","slug":"azza"}],"_links":{"self":[{"href":"https:\/\/mivoot.com\/gt\/wp-json\/wp\/v2\/product\/5855","targetHints":{"allow":["GET"]}}],"collection":[{"href":"https:\/\/mivoot.com\/gt\/wp-json\/wp\/v2\/product"}],"about":[{"href":"https:\/\/mivoot.com\/gt\/wp-json\/wp\/v2\/types\/product"}],"replies":[{"embeddable":true,"href":"https:\/\/mivoot.com\/gt\/wp-json\/wp\/v2\/comments?post=5855"}],"version-history":[{"count":3,"href":"https:\/\/mivoot.com\/gt\/wp-json\/wp\/v2\/product\/5855\/revisions"}],"predecessor-version":[{"id":5867,"href":"https:\/\/mivoot.com\/gt\/wp-json\/wp\/v2\/product\/5855\/revisions\/5867"}],"wp:featuredmedia":[{"embeddable":true,"href":"https:\/\/mivoot.com\/gt\/wp-json\/wp\/v2\/media\/5863"}],"wp:attachment":[{"href":"https:\/\/mivoot.com\/gt\/wp-json\/wp\/v2\/media?parent=5855"}],"wp:term":[{"taxonomy":"pwb-brand","embeddable":true,"href":"https:\/\/mivoot.com\/gt\/wp-json\/wp\/v2\/pwb-brand?post=5855"},{"taxonomy":"product_brand","embeddable":true,"href":"https:\/\/mivoot.com\/gt\/wp-json\/wp\/v2\/product_brand?post=5855"},{"taxonomy":"product_cat","embeddable":true,"href":"https:\/\/mivoot.com\/gt\/wp-json\/wp\/v2\/product_cat?post=5855"},{"taxonomy":"product_tag","embeddable":true,"href":"https:\/\/mivoot.com\/gt\/wp-json\/wp\/v2\/product_tag?post=5855"}],"curies":[{"name":"wp","href":"https:\/\/api.w.org\/{rel}","templated":true}]}}